{"id":9546,"date":"2025-02-26T14:04:15","date_gmt":"2025-02-26T13:04:15","guid":{"rendered":"https:\/\/lions-pharmacy.com\/?post_type=product&#038;p=9546"},"modified":"2025-03-12T07:15:12","modified_gmt":"2025-03-12T06:15:12","slug":"wobecare-cbd-active-cream-16818814","status":"publish","type":"product","link":"https:\/\/loewentestneu.metafex.io\/de\/produkt\/wobecare-cbd-active-cream-16818814","title":{"rendered":"Wobecare CBD Aktiv Creme (100 ml)"},"content":{"rendered":"<h3 class=\"mb-2.5 flex-1 break-words text-xl font-medium mobile:text-2xl tablet:mb-0\" data-qa-id=\"product-title\">Wobecare CBD Aktiv Creme<\/h3>\n<p>Wobecare CBD Active Cream ist eine einzigartige Mischung aus hochdosiertem CBD (500 mg pro Tube) und den ausgew\u00e4hlten pflanzlichen Inhaltsstoffen Arnika, Beinwell, Menthol, Kampfer, Wintergr\u00fcn, Aloe Vera und Brokkoli\u00f6l. Dank seiner innovativen Formulierung sorgt es f\u00fcr einen sofortigen Beruhigungseffekt und ein k\u00fchlendes Gef\u00fchl, das der Haut Komfort und Erleichterung bringt.<\/p>\n<p>CBD &#8211; seine positive Kraft hat eine lange Tradition<br \/>\nProdukte, die CBD (Cannabidiol) enthalten, erfreuen sich derzeit gro\u00dfer Beliebtheit. Kein Wunder, denn der bekannte Inhaltsstoff aus der Hanfpflanze wird f\u00fcr seine vielen positiven Eigenschaften und vielf\u00e4ltigen Anwendungen gesch\u00e4tzt. Es ist weder berauschend noch s\u00fcchtig machend (0,0% THC).<\/p>\n<p>Packungsbeilage\/Gebrauchsanweisung\/Artikeldatenblatt: \u2013 (PDF-Reader)<\/p>\n<p>Andere Produkte von: <a href=\"https:\/\/loewentestneu.metafex.io\/product-tag\/vitamins-supplements\">Vitamine &amp; Nahrungserg\u00e4nzung Produkte<\/a><\/p>\n<p>Weitere Einzelheiten zum Produkt finden Sie beim Hersteller: <a href=\"https:\/\/www.wobenzym.de\/wobecare\" target=\"_blank\" rel=\"noopener\">Mucos &#8211; Wobenzym<\/a><\/p>\n<p>Informationen auf dieser Website werden ausschlie\u00dflich f\u00fcr informative Zwecke zur Verf\u00fcgung gestellt. Sie ersetzen keinesfalls die Untersuchung und Behandlung durch einen Arzt. Bitte beachten Sie, dass hierdurch weder Diagnosen gestellt noch Therapien eingeleitet werden k\u00f6nnen.<\/p>\n<p>Zu Risiken und Nebenwirkungen lesen Sie die Packungsbeilage und fragen Sie Ihren Arzt oder Apotheker.<\/p>\n<p>&nbsp;<\/p>\n<h3>Verschreibung | E-Rezept erh\u00e4ltlich?<\/h3>\n<p>Reichen Sie jetzt Ihr E-Rezept ein. Nutzen Sie unsere <a href=\"https:\/\/e-rezept-app.de\/shop-rezept\" target=\"_blank\" rel=\"noopener\">E-Rezept-App<\/a> . Und wir schenken Ihnen die Versandkosten in Deutschland!<\/p>\n","protected":false},"excerpt":{"rendered":"<h2 class=\"mb-2.5 flex-1 break-words text-xl font-medium mobile:text-2xl tablet:mb-0\" data-qa-id=\"product-title\">Wobecare CBD Aktiv Creme<\/h2>\n<p>Active Cream &#8211; Beruhigende Pflege mit CBD f\u00fcr gestresste Haut<\/p>\n<p>&nbsp;<\/p>\n<p><strong>PZN<\/strong>: 16818814<\/p>\n<p><strong>Darreichungsform<\/strong>: Creme<\/p>\n<p><strong>Packungsgr\u00f6\u00dfe<\/strong>: 100 ml<\/p>\n<p><strong>Verschreibungsart:<\/strong> ohne Rezept<\/p>\n<p><strong>Marke<\/strong>: &#8211;<\/p>\n<p><strong>Hersteller<\/strong>: MUCOS, Deutschland<\/p>\n","protected":false},"featured_media":9551,"comment_status":"closed","ping_status":"closed","template":"","meta":[],"product_brand":[],"product_cat":[367,368,566],"product_tag":[434,433,381,472,429,432],"class_list":{"0":"post-9546","1":"product","2":"type-product","3":"status-publish","4":"has-post-thumbnail","6":"product_cat-sale-de","7":"product_cat-shop-de","8":"product_cat-vorteilsangebote","9":"product_tag-gewicht-und-fitness","10":"product_tag-gewichtsmanagement","11":"product_tag-homoopathie","12":"product_tag-naturliche-heilmittel","13":"product_tag-vitamine-und-nahrungserganzungsmittel","14":"product_tag-wellness-de","15":"ts_product_brand-alle","17":"first","18":"instock","19":"sale","20":"taxable","21":"shipping-taxable","22":"purchasable","23":"product-type-simple"},"yoast_head":"<!-- This site is optimized with the Yoast SEO plugin v26.5 - https:\/\/yoast.com\/wordpress\/plugins\/seo\/ -->\n<title>Wobecare CBD Aktiv Creme (100 ml) &#187; bestelle bei L\u00f6wen Apotheke<\/title>\n<meta name=\"description\" content=\"Eine registrierte deutsche Online-Apotheke. Wir bieten: Produkte f\u00fcr die Haustierpflege, schnellen Versand weltweit und Top-Service. MUCOS: Wobecare CBD Aktiv Creme (100 ml)\" \/>\n<meta name=\"robots\" content=\"noindex, follow, max-snippet:-1, max-image-preview:large, max-video-preview:-1\" \/>\n<meta property=\"og:locale\" content=\"de_DE\" \/>\n<meta property=\"og:type\" content=\"article\" \/>\n<meta property=\"og:title\" content=\"Wobecare CBD Aktiv Creme (100 ml) &#187; bestelle bei L\u00f6wen Apotheke\" \/>\n<meta property=\"og:description\" content=\"Eine registrierte deutsche Online-Apotheke. Wir bieten: Produkte f\u00fcr die Haustierpflege, schnellen Versand weltweit und Top-Service. MUCOS: Wobecare CBD Aktiv Creme (100 ml)\" \/>\n<meta property=\"og:url\" content=\"https:\/\/loewentestneu.metafex.io\/de\/produkt\/wobecare-cbd-active-cream-16818814\" \/>\n<meta property=\"og:site_name\" content=\"L\u00f6wen Apotheke\" \/>\n<meta property=\"article:modified_time\" content=\"2025-03-12T06:15:12+00:00\" \/>\n<meta property=\"og:image\" content=\"https:\/\/loewentestneu.metafex.io\/wp-content\/uploads\/2025\/02\/Wobecare-CBD-Active-Cream-100ml-Lions-Pharmacy.webp\" \/>\n\t<meta property=\"og:image:width\" content=\"600\" \/>\n\t<meta property=\"og:image:height\" content=\"600\" \/>\n\t<meta property=\"og:image:type\" content=\"image\/webp\" \/>\n<meta name=\"twitter:card\" content=\"summary_large_image\" \/>\n<meta name=\"twitter:label1\" content=\"Gesch\u00e4tzte Lesezeit\" \/>\n\t<meta name=\"twitter:data1\" content=\"1\u00a0Minute\" \/>\n<script type=\"application\/ld+json\" class=\"yoast-schema-graph\">{\"@context\":\"https:\/\/schema.org\",\"@graph\":[{\"@type\":\"WebPage\",\"@id\":\"https:\/\/loewentestneu.metafex.io\/de\/produkt\/wobecare-cbd-active-cream-16818814\",\"url\":\"https:\/\/loewentestneu.metafex.io\/de\/produkt\/wobecare-cbd-active-cream-16818814\",\"name\":\"Wobecare CBD Aktiv Creme (100 ml) &#187; bestelle bei L\u00f6wen Apotheke\",\"isPartOf\":{\"@id\":\"https:\/\/loewentestneu.metafex.io\/de#website\"},\"primaryImageOfPage\":{\"@id\":\"https:\/\/loewentestneu.metafex.io\/de\/produkt\/wobecare-cbd-active-cream-16818814#primaryimage\"},\"image\":{\"@id\":\"https:\/\/loewentestneu.metafex.io\/de\/produkt\/wobecare-cbd-active-cream-16818814#primaryimage\"},\"thumbnailUrl\":\"https:\/\/loewentestneu.metafex.io\/wp-content\/uploads\/2025\/02\/Wobecare-CBD-Active-Cream-100ml-Lions-Pharmacy.webp\",\"datePublished\":\"2025-02-26T13:04:15+00:00\",\"dateModified\":\"2025-03-12T06:15:12+00:00\",\"description\":\"Eine registrierte deutsche Online-Apotheke. Wir bieten: Produkte f\u00fcr die Haustierpflege, schnellen Versand weltweit und Top-Service. MUCOS: Wobecare CBD Aktiv Creme (100 ml)\",\"breadcrumb\":{\"@id\":\"https:\/\/loewentestneu.metafex.io\/de\/produkt\/wobecare-cbd-active-cream-16818814#breadcrumb\"},\"inLanguage\":\"de\",\"potentialAction\":[{\"@type\":\"ReadAction\",\"target\":[\"https:\/\/loewentestneu.metafex.io\/de\/produkt\/wobecare-cbd-active-cream-16818814\"]}]},{\"@type\":\"ImageObject\",\"inLanguage\":\"de\",\"@id\":\"https:\/\/loewentestneu.metafex.io\/de\/produkt\/wobecare-cbd-active-cream-16818814#primaryimage\",\"url\":\"https:\/\/loewentestneu.metafex.io\/wp-content\/uploads\/2025\/02\/Wobecare-CBD-Active-Cream-100ml-Lions-Pharmacy.webp\",\"contentUrl\":\"https:\/\/loewentestneu.metafex.io\/wp-content\/uploads\/2025\/02\/Wobecare-CBD-Active-Cream-100ml-Lions-Pharmacy.webp\",\"width\":600,\"height\":600,\"caption\":\"Wobecare CBD Aktiv Creme in der Tube mit 100 ml, pr\u00e4sentiert von Lions Pharmacy\"},{\"@type\":\"BreadcrumbList\",\"@id\":\"https:\/\/loewentestneu.metafex.io\/de\/produkt\/wobecare-cbd-active-cream-16818814#breadcrumb\",\"itemListElement\":[{\"@type\":\"ListItem\",\"position\":1,\"name\":\"Home\",\"item\":\"https:\/\/loewentestneu.metafex.io\/de\/homepage-lion-pharmacy\"},{\"@type\":\"ListItem\",\"position\":2,\"name\":\"Shop\",\"item\":\"https:\/\/loewentestneu.metafex.io\/de\/shop-2\"},{\"@type\":\"ListItem\",\"position\":3,\"name\":\"Wobecare CBD Aktiv Creme (100 ml)\"}]},{\"@type\":\"WebSite\",\"@id\":\"https:\/\/loewentestneu.metafex.io\/de#website\",\"url\":\"https:\/\/loewentestneu.metafex.io\/de\",\"name\":\"Lions Pharmacy\",\"description\":\"Ihr Spezialist f\u00fcr Naturheilkunde aus Baden-Baden, Germany\",\"publisher\":{\"@id\":\"https:\/\/loewentestneu.metafex.io\/de#organization\"},\"alternateName\":\"Lion Pharmacy\",\"potentialAction\":[{\"@type\":\"SearchAction\",\"target\":{\"@type\":\"EntryPoint\",\"urlTemplate\":\"https:\/\/loewentestneu.metafex.io\/de?s={search_term_string}\"},\"query-input\":{\"@type\":\"PropertyValueSpecification\",\"valueRequired\":true,\"valueName\":\"search_term_string\"}}],\"inLanguage\":\"de\"},{\"@type\":\"Organization\",\"@id\":\"https:\/\/loewentestneu.metafex.io\/de#organization\",\"name\":\"Lions Pharmacy\",\"alternateName\":\"Lions Pharmacy24\",\"url\":\"https:\/\/loewentestneu.metafex.io\/de\",\"logo\":{\"@type\":\"ImageObject\",\"inLanguage\":\"de\",\"@id\":\"https:\/\/loewentestneu.metafex.io\/de#\/schema\/logo\/image\/\",\"url\":\"https:\/\/loewentestneu.metafex.io\/wp-content\/uploads\/2022\/12\/Logo-Lion-Pharmacy-c-o-Loewen-Apotheke-smal.jpg\",\"contentUrl\":\"https:\/\/loewentestneu.metafex.io\/wp-content\/uploads\/2022\/12\/Logo-Lion-Pharmacy-c-o-Loewen-Apotheke-smal.jpg\",\"width\":298,\"height\":99,\"caption\":\"Lions Pharmacy\"},\"image\":{\"@id\":\"https:\/\/loewentestneu.metafex.io\/de#\/schema\/logo\/image\/\"}}]}<\/script>\n<!-- \/ Yoast SEO plugin. -->","yoast_head_json":{"title":"Wobecare CBD Aktiv Creme (100 ml) &#187; bestelle bei L\u00f6wen Apotheke","description":"Eine registrierte deutsche Online-Apotheke. Wir bieten: Produkte f\u00fcr die Haustierpflege, schnellen Versand weltweit und Top-Service. MUCOS: Wobecare CBD Aktiv Creme (100 ml)","robots":{"index":"noindex","follow":"follow","max-snippet":"max-snippet:-1","max-image-preview":"max-image-preview:large","max-video-preview":"max-video-preview:-1"},"og_locale":"de_DE","og_type":"article","og_title":"Wobecare CBD Aktiv Creme (100 ml) &#187; bestelle bei L\u00f6wen Apotheke","og_description":"Eine registrierte deutsche Online-Apotheke. Wir bieten: Produkte f\u00fcr die Haustierpflege, schnellen Versand weltweit und Top-Service. MUCOS: Wobecare CBD Aktiv Creme (100 ml)","og_url":"https:\/\/loewentestneu.metafex.io\/de\/produkt\/wobecare-cbd-active-cream-16818814","og_site_name":"L\u00f6wen Apotheke","article_modified_time":"2025-03-12T06:15:12+00:00","og_image":[{"width":600,"height":600,"url":"https:\/\/loewentestneu.metafex.io\/wp-content\/uploads\/2025\/02\/Wobecare-CBD-Active-Cream-100ml-Lions-Pharmacy.webp","type":"image\/webp"}],"twitter_card":"summary_large_image","twitter_misc":{"Gesch\u00e4tzte Lesezeit":"1\u00a0Minute"},"schema":{"@context":"https:\/\/schema.org","@graph":[{"@type":"WebPage","@id":"https:\/\/loewentestneu.metafex.io\/de\/produkt\/wobecare-cbd-active-cream-16818814","url":"https:\/\/loewentestneu.metafex.io\/de\/produkt\/wobecare-cbd-active-cream-16818814","name":"Wobecare CBD Aktiv Creme (100 ml) &#187; bestelle bei L\u00f6wen Apotheke","isPartOf":{"@id":"https:\/\/loewentestneu.metafex.io\/de#website"},"primaryImageOfPage":{"@id":"https:\/\/loewentestneu.metafex.io\/de\/produkt\/wobecare-cbd-active-cream-16818814#primaryimage"},"image":{"@id":"https:\/\/loewentestneu.metafex.io\/de\/produkt\/wobecare-cbd-active-cream-16818814#primaryimage"},"thumbnailUrl":"https:\/\/loewentestneu.metafex.io\/wp-content\/uploads\/2025\/02\/Wobecare-CBD-Active-Cream-100ml-Lions-Pharmacy.webp","datePublished":"2025-02-26T13:04:15+00:00","dateModified":"2025-03-12T06:15:12+00:00","description":"Eine registrierte deutsche Online-Apotheke. Wir bieten: Produkte f\u00fcr die Haustierpflege, schnellen Versand weltweit und Top-Service. MUCOS: Wobecare CBD Aktiv Creme (100 ml)","breadcrumb":{"@id":"https:\/\/loewentestneu.metafex.io\/de\/produkt\/wobecare-cbd-active-cream-16818814#breadcrumb"},"inLanguage":"de","potentialAction":[{"@type":"ReadAction","target":["https:\/\/loewentestneu.metafex.io\/de\/produkt\/wobecare-cbd-active-cream-16818814"]}]},{"@type":"ImageObject","inLanguage":"de","@id":"https:\/\/loewentestneu.metafex.io\/de\/produkt\/wobecare-cbd-active-cream-16818814#primaryimage","url":"https:\/\/loewentestneu.metafex.io\/wp-content\/uploads\/2025\/02\/Wobecare-CBD-Active-Cream-100ml-Lions-Pharmacy.webp","contentUrl":"https:\/\/loewentestneu.metafex.io\/wp-content\/uploads\/2025\/02\/Wobecare-CBD-Active-Cream-100ml-Lions-Pharmacy.webp","width":600,"height":600,"caption":"Wobecare CBD Aktiv Creme in der Tube mit 100 ml, pr\u00e4sentiert von Lions Pharmacy"},{"@type":"BreadcrumbList","@id":"https:\/\/loewentestneu.metafex.io\/de\/produkt\/wobecare-cbd-active-cream-16818814#breadcrumb","itemListElement":[{"@type":"ListItem","position":1,"name":"Home","item":"https:\/\/loewentestneu.metafex.io\/de\/homepage-lion-pharmacy"},{"@type":"ListItem","position":2,"name":"Shop","item":"https:\/\/loewentestneu.metafex.io\/de\/shop-2"},{"@type":"ListItem","position":3,"name":"Wobecare CBD Aktiv Creme (100 ml)"}]},{"@type":"WebSite","@id":"https:\/\/loewentestneu.metafex.io\/de#website","url":"https:\/\/loewentestneu.metafex.io\/de","name":"Lions Pharmacy","description":"Ihr Spezialist f\u00fcr Naturheilkunde aus Baden-Baden, Germany","publisher":{"@id":"https:\/\/loewentestneu.metafex.io\/de#organization"},"alternateName":"Lion Pharmacy","potentialAction":[{"@type":"SearchAction","target":{"@type":"EntryPoint","urlTemplate":"https:\/\/loewentestneu.metafex.io\/de?s={search_term_string}"},"query-input":{"@type":"PropertyValueSpecification","valueRequired":true,"valueName":"search_term_string"}}],"inLanguage":"de"},{"@type":"Organization","@id":"https:\/\/loewentestneu.metafex.io\/de#organization","name":"Lions Pharmacy","alternateName":"Lions Pharmacy24","url":"https:\/\/loewentestneu.metafex.io\/de","logo":{"@type":"ImageObject","inLanguage":"de","@id":"https:\/\/loewentestneu.metafex.io\/de#\/schema\/logo\/image\/","url":"https:\/\/loewentestneu.metafex.io\/wp-content\/uploads\/2022\/12\/Logo-Lion-Pharmacy-c-o-Loewen-Apotheke-smal.jpg","contentUrl":"https:\/\/loewentestneu.metafex.io\/wp-content\/uploads\/2022\/12\/Logo-Lion-Pharmacy-c-o-Loewen-Apotheke-smal.jpg","width":298,"height":99,"caption":"Lions Pharmacy"},"image":{"@id":"https:\/\/loewentestneu.metafex.io\/de#\/schema\/logo\/image\/"}}]}},"_links":{"self":[{"href":"https:\/\/loewentestneu.metafex.io\/de\/wp-json\/wp\/v2\/product\/9546","targetHints":{"allow":["GET"]}}],"collection":[{"href":"https:\/\/loewentestneu.metafex.io\/de\/wp-json\/wp\/v2\/product"}],"about":[{"href":"https:\/\/loewentestneu.metafex.io\/de\/wp-json\/wp\/v2\/types\/product"}],"replies":[{"embeddable":true,"href":"https:\/\/loewentestneu.metafex.io\/de\/wp-json\/wp\/v2\/comments?post=9546"}],"wp:featuredmedia":[{"embeddable":true,"href":"https:\/\/loewentestneu.metafex.io\/de\/wp-json\/wp\/v2\/media\/9551"}],"wp:attachment":[{"href":"https:\/\/loewentestneu.metafex.io\/de\/wp-json\/wp\/v2\/media?parent=9546"}],"wp:term":[{"taxonomy":"product_brand","embeddable":true,"href":"https:\/\/loewentestneu.metafex.io\/de\/wp-json\/wp\/v2\/product_brand?post=9546"},{"taxonomy":"product_cat","embeddable":true,"href":"https:\/\/loewentestneu.metafex.io\/de\/wp-json\/wp\/v2\/product_cat?post=9546"},{"taxonomy":"product_tag","embeddable":true,"href":"https:\/\/loewentestneu.metafex.io\/de\/wp-json\/wp\/v2\/product_tag?post=9546"}],"curies":[{"name":"wp","href":"https:\/\/api.w.org\/{rel}","templated":true}]}}