{"id":9781,"date":"2025-03-06T10:05:35","date_gmt":"2025-03-06T09:05:35","guid":{"rendered":"https:\/\/lions-pharmacy.com\/?post_type=product&#038;p=9781"},"modified":"2025-03-12T07:12:44","modified_gmt":"2025-03-12T06:12:44","slug":"orthomol-femin-capsules-90-pc-03927298","status":"publish","type":"product","link":"https:\/\/loewentestneu.metafex.io\/de\/produkt\/orthomol-femin-capsules-90-pc-03927298","title":{"rendered":"Orthomol femin (90 St\u00fcck)"},"content":{"rendered":"<h3>Orthomol femin Kapseln<\/h3>\n<p>Orthomol femin wichtige N\u00e4hrstoffe f\u00fcr Frauen in den Wechseljahren, die die Hormonaktivit\u00e4t durch Phyto\u00f6strogene mit Zink, Selen und Biotin f\u00fcr Haare, Haut und N\u00e4gel regulieren.<\/p>\n<p>Orthomol femin enth\u00e4lt wichtige Mikron\u00e4hrstoffe f\u00fcr Frauen in den Wechseljahren mit Vitamin B6 zur Regulierung der Hormont\u00e4tigkeit. Biotin, Zink und Selen tragen zur Erhaltung normaler Haut, Haare und N\u00e4gel bei. Vitamin C tr\u00e4gt zur normalen Kollagenbildung f\u00fcr eine normale Haut- und Knochenfunktion bei. Vitamin D und Zink tragen zur Erhaltung normaler Knochen bei.<\/p>\n<p>Mit Isoflavonen aus Soja, Lignanen aus Leinsamen, Fetts\u00e4uren aus Leinsamen\u00f6l, Fisch\u00f6l und Nachtkerzen\u00f6l sowie Coenzym Q10. Nahrungserg\u00e4nzungsmittel sind kein Ersatz f\u00fcr eine ausgewogene und abwechslungsreiche Ern\u00e4hrung und eine gesunde Lebensweise.<\/p>\n<p>Produkte von Orthomol: Pioniere der orthomolekularen Ern\u00e4hrungsmedizin in Deutschland. Das Unternehmen entwickelt und vertreibt seit \u00fcber 30 Jahren ausgewogen dosierte Mikron\u00e4hrstoffkombinationen f\u00fcr verschiedene Anwendungsbereiche. Dabei handelt es sich um Mikron\u00e4hrstoffkombinationen, die auf der orthomolekularen Medizin basieren.<\/p>\n<p>Packungsbeilage\/Gebrauchsanweisung\/Artikeldatenblatt: &#8211; (PDF-Reader) und Lebensmittelinformationen: &#8211; (PDF-Reader).<\/p>\n<p>Andere Produkte f\u00fcr diese Anwendung: <a href=\"https:\/\/loewentestneu.metafex.io\/product-tag\/vitamins-supplements\">Vitamine &amp; Nahrungserg\u00e4nzungsmittel<\/a> | <a href=\"https:\/\/loewentestneu.metafex.io\/product-tag\/natural-remedies\" rel=\"tag\">Naturheilmittel<\/a> | <a href=\"https:\/\/loewentestneu.metafex.io\/product-tag\/wellness\" rel=\"tag\">Wellness<\/a><\/p>\n<p>Erfahren Sie mehr \u00fcber den Hersteller und dieses Produkt: <a href=\"https:\/\/www.orthomol.com\/de-de\/produkte\/\" target=\"_blank\" rel=\"noopener\">orthomol<\/a> (Link zu externer Website)<\/p>\n<p>Informationen auf dieser Website werden ausschlie\u00dflich f\u00fcr informative Zwecke zur Verf\u00fcgung gestellt. Sie ersetzen keinesfalls die Untersuchung und Behandlung durch einen Arzt. Bitte beachten Sie, dass hierdurch weder Diagnosen gestellt noch Therapien eingeleitet werden k\u00f6nnen.<\/p>\n<p>Zu Risiken und Nebenwirkungen lesen Sie die Packungsbeilage und fragen Sie Ihren Arzt oder Apotheker.<\/p>\n","protected":false},"excerpt":{"rendered":"<h2>Orthomol femin<\/h2>\n<p>Orthomol femin wichtige N\u00e4hrstoffe f\u00fcr Frauen in den Wechseljahren reguliert die Hormonaktivit\u00e4t durch Phyto\u00f6strogene mit Zink, Selen und Biotin f\u00fcr Haare, Haut und N\u00e4gel.<\/p>\n<p>&nbsp;<\/p>\n<p><strong>PZN<\/strong>: 03927298<\/p>\n<p><strong>Darreichungsform<\/strong>: Kapseln, 90 Tagesportionen, (90 x 2)<\/p>\n<p><strong>Verschreibungsart<\/strong>: verschreibungsfrei<\/p>\n<p><strong>Marke<\/strong>: orthomol<\/p>\n<p><strong>Hersteller<\/strong>: orthomol Arzneimittel GmbH, Deutschland<\/p>\n","protected":false},"featured_media":9784,"comment_status":"closed","ping_status":"closed","template":"","meta":[],"product_brand":[],"product_cat":[757,368],"product_tag":[434,474,429,432],"class_list":{"0":"post-9781","1":"product","2":"type-product","3":"status-publish","4":"has-post-thumbnail","6":"product_cat-orthomol-de","7":"product_cat-shop-de","8":"product_tag-gewicht-und-fitness","9":"product_tag-pflanzlicher-wirkstoff","10":"product_tag-vitamine-und-nahrungserganzungsmittel","11":"product_tag-wellness-de","12":"ts_product_brand-alle","13":"ts_product_brand-orthomol-de","15":"first","16":"instock","17":"sale","18":"taxable","19":"shipping-taxable","20":"purchasable","21":"product-type-simple"},"yoast_head":"<!-- This site is optimized with the Yoast SEO plugin v26.5 - https:\/\/yoast.com\/wordpress\/plugins\/seo\/ -->\n<title>Orthomol femin (90 St\u00fcck) &#187; Mehr erfahren<\/title>\n<meta name=\"description\" content=\"Hersteller: Orthomol. Erfahren Sie mehr \u00fcber die Menopause und Orthomol femin (90 St\u00fcck). Wir bieten: schnellen internationalen Versand und sicheres Online-Shopping.\" \/>\n<meta name=\"robots\" content=\"noindex, follow, max-snippet:-1, max-image-preview:large, max-video-preview:-1\" \/>\n<meta property=\"og:locale\" content=\"de_DE\" \/>\n<meta property=\"og:type\" content=\"article\" \/>\n<meta property=\"og:title\" content=\"Orthomol femin (90 St\u00fcck) &#187; Mehr erfahren\" \/>\n<meta property=\"og:description\" content=\"Hersteller: Orthomol. Erfahren Sie mehr \u00fcber die Menopause und Orthomol femin (90 St\u00fcck). Wir bieten: schnellen internationalen Versand und sicheres Online-Shopping.\" \/>\n<meta property=\"og:url\" content=\"https:\/\/loewentestneu.metafex.io\/de\/produkt\/orthomol-femin-capsules-90-pc-03927298\" \/>\n<meta property=\"og:site_name\" content=\"L\u00f6wen Apotheke\" \/>\n<meta property=\"article:modified_time\" content=\"2025-03-12T06:12:44+00:00\" \/>\n<meta property=\"og:image\" content=\"https:\/\/loewentestneu.metafex.io\/wp-content\/uploads\/2025\/03\/Orthomol-femin-PZN-03927298-Orthomol-Lions-Pharmacy.webp\" \/>\n\t<meta property=\"og:image:width\" content=\"600\" \/>\n\t<meta property=\"og:image:height\" content=\"600\" \/>\n\t<meta property=\"og:image:type\" content=\"image\/webp\" \/>\n<meta name=\"twitter:card\" content=\"summary_large_image\" \/>\n<meta name=\"twitter:label1\" content=\"Gesch\u00e4tzte Lesezeit\" \/>\n\t<meta name=\"twitter:data1\" content=\"1\u00a0Minute\" \/>\n<script type=\"application\/ld+json\" class=\"yoast-schema-graph\">{\"@context\":\"https:\/\/schema.org\",\"@graph\":[{\"@type\":\"WebPage\",\"@id\":\"https:\/\/loewentestneu.metafex.io\/de\/produkt\/orthomol-femin-capsules-90-pc-03927298\",\"url\":\"https:\/\/loewentestneu.metafex.io\/de\/produkt\/orthomol-femin-capsules-90-pc-03927298\",\"name\":\"Orthomol femin (90 St\u00fcck) &#187; Mehr erfahren\",\"isPartOf\":{\"@id\":\"https:\/\/loewentestneu.metafex.io\/de#website\"},\"primaryImageOfPage\":{\"@id\":\"https:\/\/loewentestneu.metafex.io\/de\/produkt\/orthomol-femin-capsules-90-pc-03927298#primaryimage\"},\"image\":{\"@id\":\"https:\/\/loewentestneu.metafex.io\/de\/produkt\/orthomol-femin-capsules-90-pc-03927298#primaryimage\"},\"thumbnailUrl\":\"https:\/\/loewentestneu.metafex.io\/wp-content\/uploads\/2025\/03\/Orthomol-femin-PZN-03927298-Orthomol-Lions-Pharmacy.webp\",\"datePublished\":\"2025-03-06T09:05:35+00:00\",\"dateModified\":\"2025-03-12T06:12:44+00:00\",\"description\":\"Hersteller: Orthomol. Erfahren Sie mehr \u00fcber die Menopause und Orthomol femin (90 St\u00fcck). Wir bieten: schnellen internationalen Versand und sicheres Online-Shopping.\",\"breadcrumb\":{\"@id\":\"https:\/\/loewentestneu.metafex.io\/de\/produkt\/orthomol-femin-capsules-90-pc-03927298#breadcrumb\"},\"inLanguage\":\"de\",\"potentialAction\":[{\"@type\":\"ReadAction\",\"target\":[\"https:\/\/loewentestneu.metafex.io\/de\/produkt\/orthomol-femin-capsules-90-pc-03927298\"]}]},{\"@type\":\"ImageObject\",\"inLanguage\":\"de\",\"@id\":\"https:\/\/loewentestneu.metafex.io\/de\/produkt\/orthomol-femin-capsules-90-pc-03927298#primaryimage\",\"url\":\"https:\/\/loewentestneu.metafex.io\/wp-content\/uploads\/2025\/03\/Orthomol-femin-PZN-03927298-Orthomol-Lions-Pharmacy.webp\",\"contentUrl\":\"https:\/\/loewentestneu.metafex.io\/wp-content\/uploads\/2025\/03\/Orthomol-femin-PZN-03927298-Orthomol-Lions-Pharmacy.webp\",\"width\":600,\"height\":600,\"caption\":\"Eine Packung Orthomol femin mit PZN 03927298, Hersteller Orthomol pr\u00e4sentiert von Lions Pharmacy\"},{\"@type\":\"BreadcrumbList\",\"@id\":\"https:\/\/loewentestneu.metafex.io\/de\/produkt\/orthomol-femin-capsules-90-pc-03927298#breadcrumb\",\"itemListElement\":[{\"@type\":\"ListItem\",\"position\":1,\"name\":\"Home\",\"item\":\"https:\/\/loewentestneu.metafex.io\/de\/homepage-lion-pharmacy\"},{\"@type\":\"ListItem\",\"position\":2,\"name\":\"Shop\",\"item\":\"https:\/\/loewentestneu.metafex.io\/de\/shop-2\"},{\"@type\":\"ListItem\",\"position\":3,\"name\":\"Orthomol femin (90 St\u00fcck)\"}]},{\"@type\":\"WebSite\",\"@id\":\"https:\/\/loewentestneu.metafex.io\/de#website\",\"url\":\"https:\/\/loewentestneu.metafex.io\/de\",\"name\":\"Lions Pharmacy\",\"description\":\"Ihr Spezialist f\u00fcr Naturheilkunde aus Baden-Baden, Germany\",\"publisher\":{\"@id\":\"https:\/\/loewentestneu.metafex.io\/de#organization\"},\"alternateName\":\"Lion Pharmacy\",\"potentialAction\":[{\"@type\":\"SearchAction\",\"target\":{\"@type\":\"EntryPoint\",\"urlTemplate\":\"https:\/\/loewentestneu.metafex.io\/de?s={search_term_string}\"},\"query-input\":{\"@type\":\"PropertyValueSpecification\",\"valueRequired\":true,\"valueName\":\"search_term_string\"}}],\"inLanguage\":\"de\"},{\"@type\":\"Organization\",\"@id\":\"https:\/\/loewentestneu.metafex.io\/de#organization\",\"name\":\"Lions Pharmacy\",\"alternateName\":\"Lions Pharmacy24\",\"url\":\"https:\/\/loewentestneu.metafex.io\/de\",\"logo\":{\"@type\":\"ImageObject\",\"inLanguage\":\"de\",\"@id\":\"https:\/\/loewentestneu.metafex.io\/de#\/schema\/logo\/image\/\",\"url\":\"https:\/\/loewentestneu.metafex.io\/wp-content\/uploads\/2022\/12\/Logo-Lion-Pharmacy-c-o-Loewen-Apotheke-smal.jpg\",\"contentUrl\":\"https:\/\/loewentestneu.metafex.io\/wp-content\/uploads\/2022\/12\/Logo-Lion-Pharmacy-c-o-Loewen-Apotheke-smal.jpg\",\"width\":298,\"height\":99,\"caption\":\"Lions Pharmacy\"},\"image\":{\"@id\":\"https:\/\/loewentestneu.metafex.io\/de#\/schema\/logo\/image\/\"}}]}<\/script>\n<!-- \/ Yoast SEO plugin. -->","yoast_head_json":{"title":"Orthomol femin (90 St\u00fcck) &#187; Mehr erfahren","description":"Hersteller: Orthomol. Erfahren Sie mehr \u00fcber die Menopause und Orthomol femin (90 St\u00fcck). Wir bieten: schnellen internationalen Versand und sicheres Online-Shopping.","robots":{"index":"noindex","follow":"follow","max-snippet":"max-snippet:-1","max-image-preview":"max-image-preview:large","max-video-preview":"max-video-preview:-1"},"og_locale":"de_DE","og_type":"article","og_title":"Orthomol femin (90 St\u00fcck) &#187; Mehr erfahren","og_description":"Hersteller: Orthomol. Erfahren Sie mehr \u00fcber die Menopause und Orthomol femin (90 St\u00fcck). Wir bieten: schnellen internationalen Versand und sicheres Online-Shopping.","og_url":"https:\/\/loewentestneu.metafex.io\/de\/produkt\/orthomol-femin-capsules-90-pc-03927298","og_site_name":"L\u00f6wen Apotheke","article_modified_time":"2025-03-12T06:12:44+00:00","og_image":[{"width":600,"height":600,"url":"https:\/\/loewentestneu.metafex.io\/wp-content\/uploads\/2025\/03\/Orthomol-femin-PZN-03927298-Orthomol-Lions-Pharmacy.webp","type":"image\/webp"}],"twitter_card":"summary_large_image","twitter_misc":{"Gesch\u00e4tzte Lesezeit":"1\u00a0Minute"},"schema":{"@context":"https:\/\/schema.org","@graph":[{"@type":"WebPage","@id":"https:\/\/loewentestneu.metafex.io\/de\/produkt\/orthomol-femin-capsules-90-pc-03927298","url":"https:\/\/loewentestneu.metafex.io\/de\/produkt\/orthomol-femin-capsules-90-pc-03927298","name":"Orthomol femin (90 St\u00fcck) &#187; Mehr erfahren","isPartOf":{"@id":"https:\/\/loewentestneu.metafex.io\/de#website"},"primaryImageOfPage":{"@id":"https:\/\/loewentestneu.metafex.io\/de\/produkt\/orthomol-femin-capsules-90-pc-03927298#primaryimage"},"image":{"@id":"https:\/\/loewentestneu.metafex.io\/de\/produkt\/orthomol-femin-capsules-90-pc-03927298#primaryimage"},"thumbnailUrl":"https:\/\/loewentestneu.metafex.io\/wp-content\/uploads\/2025\/03\/Orthomol-femin-PZN-03927298-Orthomol-Lions-Pharmacy.webp","datePublished":"2025-03-06T09:05:35+00:00","dateModified":"2025-03-12T06:12:44+00:00","description":"Hersteller: Orthomol. Erfahren Sie mehr \u00fcber die Menopause und Orthomol femin (90 St\u00fcck). Wir bieten: schnellen internationalen Versand und sicheres Online-Shopping.","breadcrumb":{"@id":"https:\/\/loewentestneu.metafex.io\/de\/produkt\/orthomol-femin-capsules-90-pc-03927298#breadcrumb"},"inLanguage":"de","potentialAction":[{"@type":"ReadAction","target":["https:\/\/loewentestneu.metafex.io\/de\/produkt\/orthomol-femin-capsules-90-pc-03927298"]}]},{"@type":"ImageObject","inLanguage":"de","@id":"https:\/\/loewentestneu.metafex.io\/de\/produkt\/orthomol-femin-capsules-90-pc-03927298#primaryimage","url":"https:\/\/loewentestneu.metafex.io\/wp-content\/uploads\/2025\/03\/Orthomol-femin-PZN-03927298-Orthomol-Lions-Pharmacy.webp","contentUrl":"https:\/\/loewentestneu.metafex.io\/wp-content\/uploads\/2025\/03\/Orthomol-femin-PZN-03927298-Orthomol-Lions-Pharmacy.webp","width":600,"height":600,"caption":"Eine Packung Orthomol femin mit PZN 03927298, Hersteller Orthomol pr\u00e4sentiert von Lions Pharmacy"},{"@type":"BreadcrumbList","@id":"https:\/\/loewentestneu.metafex.io\/de\/produkt\/orthomol-femin-capsules-90-pc-03927298#breadcrumb","itemListElement":[{"@type":"ListItem","position":1,"name":"Home","item":"https:\/\/loewentestneu.metafex.io\/de\/homepage-lion-pharmacy"},{"@type":"ListItem","position":2,"name":"Shop","item":"https:\/\/loewentestneu.metafex.io\/de\/shop-2"},{"@type":"ListItem","position":3,"name":"Orthomol femin (90 St\u00fcck)"}]},{"@type":"WebSite","@id":"https:\/\/loewentestneu.metafex.io\/de#website","url":"https:\/\/loewentestneu.metafex.io\/de","name":"Lions Pharmacy","description":"Ihr Spezialist f\u00fcr Naturheilkunde aus Baden-Baden, Germany","publisher":{"@id":"https:\/\/loewentestneu.metafex.io\/de#organization"},"alternateName":"Lion Pharmacy","potentialAction":[{"@type":"SearchAction","target":{"@type":"EntryPoint","urlTemplate":"https:\/\/loewentestneu.metafex.io\/de?s={search_term_string}"},"query-input":{"@type":"PropertyValueSpecification","valueRequired":true,"valueName":"search_term_string"}}],"inLanguage":"de"},{"@type":"Organization","@id":"https:\/\/loewentestneu.metafex.io\/de#organization","name":"Lions Pharmacy","alternateName":"Lions Pharmacy24","url":"https:\/\/loewentestneu.metafex.io\/de","logo":{"@type":"ImageObject","inLanguage":"de","@id":"https:\/\/loewentestneu.metafex.io\/de#\/schema\/logo\/image\/","url":"https:\/\/loewentestneu.metafex.io\/wp-content\/uploads\/2022\/12\/Logo-Lion-Pharmacy-c-o-Loewen-Apotheke-smal.jpg","contentUrl":"https:\/\/loewentestneu.metafex.io\/wp-content\/uploads\/2022\/12\/Logo-Lion-Pharmacy-c-o-Loewen-Apotheke-smal.jpg","width":298,"height":99,"caption":"Lions Pharmacy"},"image":{"@id":"https:\/\/loewentestneu.metafex.io\/de#\/schema\/logo\/image\/"}}]}},"_links":{"self":[{"href":"https:\/\/loewentestneu.metafex.io\/de\/wp-json\/wp\/v2\/product\/9781","targetHints":{"allow":["GET"]}}],"collection":[{"href":"https:\/\/loewentestneu.metafex.io\/de\/wp-json\/wp\/v2\/product"}],"about":[{"href":"https:\/\/loewentestneu.metafex.io\/de\/wp-json\/wp\/v2\/types\/product"}],"replies":[{"embeddable":true,"href":"https:\/\/loewentestneu.metafex.io\/de\/wp-json\/wp\/v2\/comments?post=9781"}],"wp:featuredmedia":[{"embeddable":true,"href":"https:\/\/loewentestneu.metafex.io\/de\/wp-json\/wp\/v2\/media\/9784"}],"wp:attachment":[{"href":"https:\/\/loewentestneu.metafex.io\/de\/wp-json\/wp\/v2\/media?parent=9781"}],"wp:term":[{"taxonomy":"product_brand","embeddable":true,"href":"https:\/\/loewentestneu.metafex.io\/de\/wp-json\/wp\/v2\/product_brand?post=9781"},{"taxonomy":"product_cat","embeddable":true,"href":"https:\/\/loewentestneu.metafex.io\/de\/wp-json\/wp\/v2\/product_cat?post=9781"},{"taxonomy":"product_tag","embeddable":true,"href":"https:\/\/loewentestneu.metafex.io\/de\/wp-json\/wp\/v2\/product_tag?post=9781"}],"curies":[{"name":"wp","href":"https:\/\/api.w.org\/{rel}","templated":true}]}}