{"id":9977,"date":"2025-03-12T11:29:38","date_gmt":"2025-03-12T10:29:38","guid":{"rendered":"https:\/\/lions-pharmacy.com\/?post_type=product&#038;p=9977"},"modified":"2025-03-20T16:07:14","modified_gmt":"2025-03-20T15:07:14","slug":"horvi-enzyme-serpalgin-ointment-100-ml-5017100","status":"publish","type":"product","link":"https:\/\/loewentestneu.metafex.io\/de\/produkt\/horvi-enzyme-serpalgin-ointment-100-ml-5017100","title":{"rendered":"Horvi Enzym-Serpalgin-Salbe (100 ml)"},"content":{"rendered":"<h3>Horvi Enzym Serpalgin-Salbe<\/h3>\n<p>Horvi Enzym Serpalgin-Salbe 100 ml ein Enzympr\u00e4parat.<\/p>\n<p>Die Lions-Apotheke importiert auf Ihren Wunsch hin Horvi-Produkte.<\/p>\n<p>Horvi-Enzympr\u00e4parate stehen f\u00fcr bahnbrechende Erkenntnisse und Erfolge f\u00fcr Mensch und Tier. Die Enzympr\u00e4parate werden nach ihrer Rezeptur und dem weltweit einzigartigen Herstellungsverfahren vermarktet. Horvi-EnzyMed versteht sich als Partner f\u00fcr alle, die ihre Gesundheit auf nat\u00fcrliche Weise erhalten oder f\u00f6rdern wollen. Der Fokus liegt ganzheitlich auf dem Patienten. Der verantwortungsvolle Umgang mit traditionellen Naturpr\u00e4paraten und neuen wissenschaftlichen Erkenntnissen steht im Mittelpunkt unseres Handelns &#8211; zum Wohle von Mensch und Tier.<\/p>\n<p>Packungsbeilage\/Gebrauchsanweisung\/Artikeldatenblatt: &#8211; (PDF-Reader).<\/p>\n<p>Andere Produkte f\u00fcr die Anwendung: <a href=\"https:\/\/loewentestneu.metafex.io\/product-tag\/cold-flu\">Infektionen<\/a> | <a href=\"https:\/\/loewentestneu.metafex.io\/product-tag\/natural-remedies\" rel=\"tag\">Naturheilmittel<\/a><\/p>\n<p>Erfahren Sie mehr \u00fcber den Hersteller und dieses Produkt: Horvi (Link zu externer Website)<\/p>\n<p>Informationen auf dieser Website werden ausschlie\u00dflich f\u00fcr informative Zwecke zur Verf\u00fcgung gestellt. Sie ersetzen keinesfalls die Untersuchung und Behandlung durch einen Arzt. Bitte beachten Sie, dass hierdurch weder Diagnosen gestellt noch Therapien eingeleitet werden k\u00f6nnen. Einzelimport &#8211; Wir importieren dieses Medikament f\u00fcr Sie. Dies f\u00fchrt zu einer l\u00e4ngeren Lieferzeit. R\u00fcckgaben f\u00fcr einzelne Importe sind ausgeschlossen.<\/p>\n<p>Zu Risiken und Nebenwirkungen lesen Sie die Packungsbeilage und fragen Sie Ihren Arzt oder Apotheker.<\/p>\n<h3 style=\"text-align: left;\">Verschreibung | E-Rezept erh\u00e4ltlich?<\/h3>\n<p>Reichen Sie jetzt Ihr E-Rezept ein. Nutzen Sie unsere <a href=\"https:\/\/e-rezept-app.de\/shop-rezept\" target=\"_blank\" rel=\"noopener\">E-Rezept-App<\/a> . Und wir schenken Ihnen die Versandkosten in Deutschland!<\/p>\n","protected":false},"excerpt":{"rendered":"<h2>Horvi Enzym Serpalgin-Salbe<\/h2>\n<p>Horvi Enzym Serpalgin-Salbe 100 ml ein Enzympr\u00e4parat.<\/p>\n<p>Horvi Nr. 5017100<\/p>\n<p><strong>PZN<\/strong>: &#8211;<\/p>\n<p><strong>Darreichungsform<\/strong>: Salbe<\/p>\n<p><strong>Verschreibungspflichtig<\/strong>: rezeptfrei, Einzelimport auf Anfrage<\/p>\n<p><strong>Marke<\/strong>: Horvi<\/p>\n<p><strong>Hersteller<\/strong>: Horvi EnzyMed B.V, Niederlande<\/p>\n","protected":false},"featured_media":9031,"comment_status":"closed","ping_status":"closed","template":"","meta":[],"product_brand":[],"product_cat":[775,368],"product_tag":[784,381,472,474,603],"class_list":{"0":"post-9977","1":"product","2":"type-product","3":"status-publish","4":"has-post-thumbnail","6":"product_cat-horvi-enzymed-de","7":"product_cat-shop-de","8":"product_tag-einzelimport-keine-rucknahme","9":"product_tag-homoopathie","10":"product_tag-naturliche-heilmittel","11":"product_tag-pflanzlicher-wirkstoff","12":"product_tag-tiermedizin","13":"ts_product_brand-alle","14":"ts_product_brand-horvi-de","16":"first","17":"instock","18":"taxable","19":"shipping-taxable","20":"purchasable","21":"product-type-simple"},"yoast_head":"<!-- This site is optimized with the Yoast SEO plugin v26.5 - https:\/\/yoast.com\/wordpress\/plugins\/seo\/ -->\n<title>Horvi Enzym-Serpalgin-Salbe (100 ml) &#187; Mehr erfahren<\/title>\n<meta name=\"description\" content=\"Hersteller: Horvi Enyzmed. Erfahren Sie mehr \u00fcber Horvi Enzym-Serpalgin-Salbe (100 ml). Wir bieten: schnellen internationalen Versand und sicheres Online-Shopping.\" \/>\n<meta name=\"robots\" content=\"noindex, follow, max-snippet:-1, max-image-preview:large, max-video-preview:-1\" \/>\n<meta property=\"og:locale\" content=\"de_DE\" \/>\n<meta property=\"og:type\" content=\"article\" \/>\n<meta property=\"og:title\" content=\"Horvi Enzym-Serpalgin-Salbe (100 ml) &#187; Mehr erfahren\" \/>\n<meta property=\"og:description\" content=\"Hersteller: Horvi Enyzmed. Erfahren Sie mehr \u00fcber Horvi Enzym-Serpalgin-Salbe (100 ml). Wir bieten: schnellen internationalen Versand und sicheres Online-Shopping.\" \/>\n<meta property=\"og:url\" content=\"https:\/\/loewentestneu.metafex.io\/de\/produkt\/horvi-enzyme-serpalgin-ointment-100-ml-5017100\" \/>\n<meta property=\"og:site_name\" content=\"L\u00f6wen Apotheke\" \/>\n<meta property=\"article:modified_time\" content=\"2025-03-20T15:07:14+00:00\" \/>\n<meta property=\"og:image\" content=\"https:\/\/loewentestneu.metafex.io\/wp-content\/uploads\/2025\/02\/Horvi-Enzym_Cream_Lions_Pharmacy_Transparent.webp\" \/>\n\t<meta property=\"og:image:width\" content=\"600\" \/>\n\t<meta property=\"og:image:height\" content=\"600\" \/>\n\t<meta property=\"og:image:type\" content=\"image\/webp\" \/>\n<meta name=\"twitter:card\" content=\"summary_large_image\" \/>\n<meta name=\"twitter:label1\" content=\"Gesch\u00e4tzte Lesezeit\" \/>\n\t<meta name=\"twitter:data1\" content=\"1\u00a0Minute\" \/>\n<script type=\"application\/ld+json\" class=\"yoast-schema-graph\">{\"@context\":\"https:\/\/schema.org\",\"@graph\":[{\"@type\":\"WebPage\",\"@id\":\"https:\/\/loewentestneu.metafex.io\/de\/produkt\/horvi-enzyme-serpalgin-ointment-100-ml-5017100\",\"url\":\"https:\/\/loewentestneu.metafex.io\/de\/produkt\/horvi-enzyme-serpalgin-ointment-100-ml-5017100\",\"name\":\"Horvi Enzym-Serpalgin-Salbe (100 ml) &#187; Mehr erfahren\",\"isPartOf\":{\"@id\":\"https:\/\/loewentestneu.metafex.io\/de#website\"},\"primaryImageOfPage\":{\"@id\":\"https:\/\/loewentestneu.metafex.io\/de\/produkt\/horvi-enzyme-serpalgin-ointment-100-ml-5017100#primaryimage\"},\"image\":{\"@id\":\"https:\/\/loewentestneu.metafex.io\/de\/produkt\/horvi-enzyme-serpalgin-ointment-100-ml-5017100#primaryimage\"},\"thumbnailUrl\":\"https:\/\/loewentestneu.metafex.io\/wp-content\/uploads\/2025\/02\/Horvi-Enzym_Cream_Lions_Pharmacy_Transparent.webp\",\"datePublished\":\"2025-03-12T10:29:38+00:00\",\"dateModified\":\"2025-03-20T15:07:14+00:00\",\"description\":\"Hersteller: Horvi Enyzmed. Erfahren Sie mehr \u00fcber Horvi Enzym-Serpalgin-Salbe (100 ml). Wir bieten: schnellen internationalen Versand und sicheres Online-Shopping.\",\"breadcrumb\":{\"@id\":\"https:\/\/loewentestneu.metafex.io\/de\/produkt\/horvi-enzyme-serpalgin-ointment-100-ml-5017100#breadcrumb\"},\"inLanguage\":\"de\",\"potentialAction\":[{\"@type\":\"ReadAction\",\"target\":[\"https:\/\/loewentestneu.metafex.io\/de\/produkt\/horvi-enzyme-serpalgin-ointment-100-ml-5017100\"]}]},{\"@type\":\"ImageObject\",\"inLanguage\":\"de\",\"@id\":\"https:\/\/loewentestneu.metafex.io\/de\/produkt\/horvi-enzyme-serpalgin-ointment-100-ml-5017100#primaryimage\",\"url\":\"https:\/\/loewentestneu.metafex.io\/wp-content\/uploads\/2025\/02\/Horvi-Enzym_Cream_Lions_Pharmacy_Transparent.webp\",\"contentUrl\":\"https:\/\/loewentestneu.metafex.io\/wp-content\/uploads\/2025\/02\/Horvi-Enzym_Cream_Lions_Pharmacy_Transparent.webp\",\"width\":600,\"height\":600,\"caption\":\"Produkt Packshot, Allgemeiner Karton f\u00fcr alle Produkte, Horvi-Enzym Creme Lions Pharmacy\"},{\"@type\":\"BreadcrumbList\",\"@id\":\"https:\/\/loewentestneu.metafex.io\/de\/produkt\/horvi-enzyme-serpalgin-ointment-100-ml-5017100#breadcrumb\",\"itemListElement\":[{\"@type\":\"ListItem\",\"position\":1,\"name\":\"Home\",\"item\":\"https:\/\/loewentestneu.metafex.io\/de\/homepage-lion-pharmacy\"},{\"@type\":\"ListItem\",\"position\":2,\"name\":\"Shop\",\"item\":\"https:\/\/loewentestneu.metafex.io\/de\/shop-2\"},{\"@type\":\"ListItem\",\"position\":3,\"name\":\"Horvi Enzym-Serpalgin-Salbe (100 ml)\"}]},{\"@type\":\"WebSite\",\"@id\":\"https:\/\/loewentestneu.metafex.io\/de#website\",\"url\":\"https:\/\/loewentestneu.metafex.io\/de\",\"name\":\"Lions Pharmacy\",\"description\":\"Ihr Spezialist f\u00fcr Naturheilkunde aus Baden-Baden, Germany\",\"publisher\":{\"@id\":\"https:\/\/loewentestneu.metafex.io\/de#organization\"},\"alternateName\":\"Lion Pharmacy\",\"potentialAction\":[{\"@type\":\"SearchAction\",\"target\":{\"@type\":\"EntryPoint\",\"urlTemplate\":\"https:\/\/loewentestneu.metafex.io\/de?s={search_term_string}\"},\"query-input\":{\"@type\":\"PropertyValueSpecification\",\"valueRequired\":true,\"valueName\":\"search_term_string\"}}],\"inLanguage\":\"de\"},{\"@type\":\"Organization\",\"@id\":\"https:\/\/loewentestneu.metafex.io\/de#organization\",\"name\":\"Lions Pharmacy\",\"alternateName\":\"Lions Pharmacy24\",\"url\":\"https:\/\/loewentestneu.metafex.io\/de\",\"logo\":{\"@type\":\"ImageObject\",\"inLanguage\":\"de\",\"@id\":\"https:\/\/loewentestneu.metafex.io\/de#\/schema\/logo\/image\/\",\"url\":\"https:\/\/loewentestneu.metafex.io\/wp-content\/uploads\/2022\/12\/Logo-Lion-Pharmacy-c-o-Loewen-Apotheke-smal.jpg\",\"contentUrl\":\"https:\/\/loewentestneu.metafex.io\/wp-content\/uploads\/2022\/12\/Logo-Lion-Pharmacy-c-o-Loewen-Apotheke-smal.jpg\",\"width\":298,\"height\":99,\"caption\":\"Lions Pharmacy\"},\"image\":{\"@id\":\"https:\/\/loewentestneu.metafex.io\/de#\/schema\/logo\/image\/\"}}]}<\/script>\n<!-- \/ Yoast SEO plugin. -->","yoast_head_json":{"title":"Horvi Enzym-Serpalgin-Salbe (100 ml) &#187; Mehr erfahren","description":"Hersteller: Horvi Enyzmed. Erfahren Sie mehr \u00fcber Horvi Enzym-Serpalgin-Salbe (100 ml). Wir bieten: schnellen internationalen Versand und sicheres Online-Shopping.","robots":{"index":"noindex","follow":"follow","max-snippet":"max-snippet:-1","max-image-preview":"max-image-preview:large","max-video-preview":"max-video-preview:-1"},"og_locale":"de_DE","og_type":"article","og_title":"Horvi Enzym-Serpalgin-Salbe (100 ml) &#187; Mehr erfahren","og_description":"Hersteller: Horvi Enyzmed. Erfahren Sie mehr \u00fcber Horvi Enzym-Serpalgin-Salbe (100 ml). Wir bieten: schnellen internationalen Versand und sicheres Online-Shopping.","og_url":"https:\/\/loewentestneu.metafex.io\/de\/produkt\/horvi-enzyme-serpalgin-ointment-100-ml-5017100","og_site_name":"L\u00f6wen Apotheke","article_modified_time":"2025-03-20T15:07:14+00:00","og_image":[{"width":600,"height":600,"url":"https:\/\/loewentestneu.metafex.io\/wp-content\/uploads\/2025\/02\/Horvi-Enzym_Cream_Lions_Pharmacy_Transparent.webp","type":"image\/webp"}],"twitter_card":"summary_large_image","twitter_misc":{"Gesch\u00e4tzte Lesezeit":"1\u00a0Minute"},"schema":{"@context":"https:\/\/schema.org","@graph":[{"@type":"WebPage","@id":"https:\/\/loewentestneu.metafex.io\/de\/produkt\/horvi-enzyme-serpalgin-ointment-100-ml-5017100","url":"https:\/\/loewentestneu.metafex.io\/de\/produkt\/horvi-enzyme-serpalgin-ointment-100-ml-5017100","name":"Horvi Enzym-Serpalgin-Salbe (100 ml) &#187; Mehr erfahren","isPartOf":{"@id":"https:\/\/loewentestneu.metafex.io\/de#website"},"primaryImageOfPage":{"@id":"https:\/\/loewentestneu.metafex.io\/de\/produkt\/horvi-enzyme-serpalgin-ointment-100-ml-5017100#primaryimage"},"image":{"@id":"https:\/\/loewentestneu.metafex.io\/de\/produkt\/horvi-enzyme-serpalgin-ointment-100-ml-5017100#primaryimage"},"thumbnailUrl":"https:\/\/loewentestneu.metafex.io\/wp-content\/uploads\/2025\/02\/Horvi-Enzym_Cream_Lions_Pharmacy_Transparent.webp","datePublished":"2025-03-12T10:29:38+00:00","dateModified":"2025-03-20T15:07:14+00:00","description":"Hersteller: Horvi Enyzmed. Erfahren Sie mehr \u00fcber Horvi Enzym-Serpalgin-Salbe (100 ml). Wir bieten: schnellen internationalen Versand und sicheres Online-Shopping.","breadcrumb":{"@id":"https:\/\/loewentestneu.metafex.io\/de\/produkt\/horvi-enzyme-serpalgin-ointment-100-ml-5017100#breadcrumb"},"inLanguage":"de","potentialAction":[{"@type":"ReadAction","target":["https:\/\/loewentestneu.metafex.io\/de\/produkt\/horvi-enzyme-serpalgin-ointment-100-ml-5017100"]}]},{"@type":"ImageObject","inLanguage":"de","@id":"https:\/\/loewentestneu.metafex.io\/de\/produkt\/horvi-enzyme-serpalgin-ointment-100-ml-5017100#primaryimage","url":"https:\/\/loewentestneu.metafex.io\/wp-content\/uploads\/2025\/02\/Horvi-Enzym_Cream_Lions_Pharmacy_Transparent.webp","contentUrl":"https:\/\/loewentestneu.metafex.io\/wp-content\/uploads\/2025\/02\/Horvi-Enzym_Cream_Lions_Pharmacy_Transparent.webp","width":600,"height":600,"caption":"Produkt Packshot, Allgemeiner Karton f\u00fcr alle Produkte, Horvi-Enzym Creme Lions Pharmacy"},{"@type":"BreadcrumbList","@id":"https:\/\/loewentestneu.metafex.io\/de\/produkt\/horvi-enzyme-serpalgin-ointment-100-ml-5017100#breadcrumb","itemListElement":[{"@type":"ListItem","position":1,"name":"Home","item":"https:\/\/loewentestneu.metafex.io\/de\/homepage-lion-pharmacy"},{"@type":"ListItem","position":2,"name":"Shop","item":"https:\/\/loewentestneu.metafex.io\/de\/shop-2"},{"@type":"ListItem","position":3,"name":"Horvi Enzym-Serpalgin-Salbe (100 ml)"}]},{"@type":"WebSite","@id":"https:\/\/loewentestneu.metafex.io\/de#website","url":"https:\/\/loewentestneu.metafex.io\/de","name":"Lions Pharmacy","description":"Ihr Spezialist f\u00fcr Naturheilkunde aus Baden-Baden, Germany","publisher":{"@id":"https:\/\/loewentestneu.metafex.io\/de#organization"},"alternateName":"Lion Pharmacy","potentialAction":[{"@type":"SearchAction","target":{"@type":"EntryPoint","urlTemplate":"https:\/\/loewentestneu.metafex.io\/de?s={search_term_string}"},"query-input":{"@type":"PropertyValueSpecification","valueRequired":true,"valueName":"search_term_string"}}],"inLanguage":"de"},{"@type":"Organization","@id":"https:\/\/loewentestneu.metafex.io\/de#organization","name":"Lions Pharmacy","alternateName":"Lions Pharmacy24","url":"https:\/\/loewentestneu.metafex.io\/de","logo":{"@type":"ImageObject","inLanguage":"de","@id":"https:\/\/loewentestneu.metafex.io\/de#\/schema\/logo\/image\/","url":"https:\/\/loewentestneu.metafex.io\/wp-content\/uploads\/2022\/12\/Logo-Lion-Pharmacy-c-o-Loewen-Apotheke-smal.jpg","contentUrl":"https:\/\/loewentestneu.metafex.io\/wp-content\/uploads\/2022\/12\/Logo-Lion-Pharmacy-c-o-Loewen-Apotheke-smal.jpg","width":298,"height":99,"caption":"Lions Pharmacy"},"image":{"@id":"https:\/\/loewentestneu.metafex.io\/de#\/schema\/logo\/image\/"}}]}},"_links":{"self":[{"href":"https:\/\/loewentestneu.metafex.io\/de\/wp-json\/wp\/v2\/product\/9977","targetHints":{"allow":["GET"]}}],"collection":[{"href":"https:\/\/loewentestneu.metafex.io\/de\/wp-json\/wp\/v2\/product"}],"about":[{"href":"https:\/\/loewentestneu.metafex.io\/de\/wp-json\/wp\/v2\/types\/product"}],"replies":[{"embeddable":true,"href":"https:\/\/loewentestneu.metafex.io\/de\/wp-json\/wp\/v2\/comments?post=9977"}],"wp:featuredmedia":[{"embeddable":true,"href":"https:\/\/loewentestneu.metafex.io\/de\/wp-json\/wp\/v2\/media\/9031"}],"wp:attachment":[{"href":"https:\/\/loewentestneu.metafex.io\/de\/wp-json\/wp\/v2\/media?parent=9977"}],"wp:term":[{"taxonomy":"product_brand","embeddable":true,"href":"https:\/\/loewentestneu.metafex.io\/de\/wp-json\/wp\/v2\/product_brand?post=9977"},{"taxonomy":"product_cat","embeddable":true,"href":"https:\/\/loewentestneu.metafex.io\/de\/wp-json\/wp\/v2\/product_cat?post=9977"},{"taxonomy":"product_tag","embeddable":true,"href":"https:\/\/loewentestneu.metafex.io\/de\/wp-json\/wp\/v2\/product_tag?post=9977"}],"curies":[{"name":"wp","href":"https:\/\/api.w.org\/{rel}","templated":true}]}}