{"id":10190,"date":"2025-03-18T21:41:24","date_gmt":"2025-03-18T20:41:24","guid":{"rendered":"https:\/\/lions-pharmacy.com\/?post_type=product&#038;p=10190"},"modified":"2025-03-26T11:13:40","modified_gmt":"2025-03-26T10:13:40","slug":"bio-h-tin-hair-essentials-men-forte-90-pcs-19451716","status":"publish","type":"product","link":"https:\/\/loewentestneu.metafex.io\/es\/producto\/bio-h-tin-hair-essentials-men-forte-90-pcs-19451716","title":{"rendered":"BIO-H-TIN Esenciales Capilares Men Forte (90 uds.)"},"content":{"rendered":"<h3>BIO-H-TIN Esenciales Capilares Men Forte<\/h3>\n<p>BIO-H-TIN Hair Essentials Men Forte especialmente desarrollado para el cabello masculino con biotina, zinc y selenio. BIO-H-TIN Hair Essentials Men Forte ayuda a los hombres a mantener su cabello natural.<\/p>\n<p>Suplementos diet\u00e9ticos para hombres.<\/p>\n<p>La innovadora f\u00f3rmula con biotina, zinc y selenio contribuye al mantenimiento de un cabello normal. El ingrediente adicional taurina completa la f\u00f3rmula. S\u00f3lo una c\u00e1psula al d\u00eda ayuda a suministrar micronutrientes importantes a tu cabello, para que tenga m\u00e1s vitalidad y un aspecto m\u00e1s seguro.<\/p>\n<p>Prospecto\/instrucciones de uso\/ficha t\u00e9cnica del art\u00edculo: \u2013 (Lector de PDF)<\/p>\n<p>Otros productos para la aplicaci\u00f3n: <a href=\"https:\/\/loewentestneu.metafex.io\/product-tag\/homeopathy\" rel=\"tag\">Homeopat\u00eda<\/a> | <a href=\"https:\/\/loewentestneu.metafex.io\/product-tag\/vitamins-supplements\">Vitaminas y complementos Productos<\/a><\/p>\n<p>M\u00e1s informaci\u00f3n sobre el fabricante y este producto: <a href=\"https:\/\/www.biohtin.de\/produkte\/hair-essentials-men-forte\" target=\"_blank\" rel=\"noopener\">Biothin<\/a> (enlace a un sitio web externo) Dr. Pfleger Arzneimittel.<\/p>\n<p>Los complementos alimenticios no sustituyen a una dieta equilibrada y variada ni a un estilo de vida saludable. No superes la ingesta diaria recomendada. Mantener fuera del alcance de los ni\u00f1os peque\u00f1os.<\/p>\n<p>La informaci\u00f3n contenida en este sitio web se facilita \u00fanicamente con fines informativos. En ning\u00fan caso sustituyen al examen y tratamiento por un m\u00e9dico. Tenga en cuenta que esto significa que no se pueden hacer diagn\u00f3sticos ni iniciar terapias.<\/p>\n<p>Para conocer los riesgos y efectos secundarios, lea el prospecto y consulte a su m\u00e9dico o farmac\u00e9utico.<\/p>\n<p>&nbsp;<\/p>\n<h3>Prescripci\u00f3n | \u00bfReceta electr\u00f3nica disponible?<\/h3>\n<p>Env\u00ede su receta electr\u00f3nica ahora. Utilice nuestra aplicaci\u00f3n <a href=\"https:\/\/e-rezept-app.de\/shop-rezept\" target=\"_blank\" rel=\"noopener\">de recetas electr\u00f3nicas<\/a> . \u00a1Y te damos los gastos de env\u00edo gratis en Alemania!<\/p>\n","protected":false},"excerpt":{"rendered":"<h2>Esenciales capilares BIO-H-TIN<\/h2>\n<p>especialmente desarrollado para el cabello masculino con biotina, zinc y selenio.<\/p>\n<p>&nbsp;<\/p>\n<p><strong>PZN<\/strong>: 19451716<\/p>\n<p><strong>Forma farmac\u00e9utica<\/strong>: C\u00e1psulas<\/p>\n<p><strong>Tama\u00f1o del paquete<\/strong>: 90 piezas.<\/p>\n<p><strong>Tipo de receta:<\/strong> sin receta<\/p>\n<p><strong>Marca<\/strong>: BIO-H-TIN<\/p>\n<p><strong>Fabricante<\/strong>: Dr. Pfleger Arzneimittel GmbH, Alemania<\/p>\n","protected":false},"featured_media":10195,"comment_status":"closed","ping_status":"closed","template":"","meta":[],"product_brand":[],"product_cat":[125,116],"product_tag":[274,299,273,308,490,275,488,272],"class_list":{"0":"post-10190","1":"product","2":"type-product","3":"status-publish","4":"has-post-thumbnail","6":"product_cat-sale-es","7":"product_cat-sin-categorizar","8":"product_tag-bienestar","9":"product_tag-concentracion-y-estres","10":"product_tag-control-de-peso","11":"product_tag-homeopatia","12":"product_tag-ingrediente-activo-a-base-de-hierbas","13":"product_tag-peso-y-forma-fisica","14":"product_tag-remedios-naturales","15":"product_tag-vitaminas-y-suplementos","16":"ts_product_brand-all-es","17":"ts_product_brand-bio-h-tin-es","19":"first","20":"instock","21":"sale","22":"taxable","23":"shipping-taxable","24":"purchasable","25":"product-type-simple"},"yoast_head":"<!-- This site is optimized with the Yoast SEO plugin v26.5 - https:\/\/yoast.com\/wordpress\/plugins\/seo\/ -->\n<title>BIO-H-TIN Esenciales Capilares Men Forte (90 uds.) &#187; Descubre m\u00e1s<\/title>\n<meta name=\"description\" content=\"Farmacia alemana registrada. Ofrecemos: env\u00edo r\u00e1pido a todo el mundo y servicio de primera. M\u00e1s informaci\u00f3n BIO-H-TIN Esenciales Capilares Men Forte (90 uds.)\" \/>\n<meta name=\"robots\" content=\"noindex, follow, max-snippet:-1, max-image-preview:large, max-video-preview:-1\" \/>\n<meta property=\"og:locale\" content=\"es_ES\" \/>\n<meta property=\"og:type\" content=\"article\" \/>\n<meta property=\"og:title\" content=\"BIO-H-TIN Esenciales Capilares Men Forte (90 uds.) &#187; Descubre m\u00e1s\" \/>\n<meta property=\"og:description\" content=\"Farmacia alemana registrada. Ofrecemos: env\u00edo r\u00e1pido a todo el mundo y servicio de primera. M\u00e1s informaci\u00f3n BIO-H-TIN Esenciales Capilares Men Forte (90 uds.)\" \/>\n<meta property=\"og:url\" content=\"https:\/\/loewentestneu.metafex.io\/es\/producto\/bio-h-tin-hair-essentials-men-forte-90-pcs-19451716\" \/>\n<meta property=\"og:site_name\" content=\"Lion Pharmacy\" \/>\n<meta property=\"article:modified_time\" content=\"2025-03-26T10:13:40+00:00\" \/>\n<meta property=\"og:image\" content=\"https:\/\/loewentestneu.metafex.io\/wp-content\/uploads\/2025\/03\/BIO-H-TIN-Hair-Essentials-Men-Forte-Capsoules-PZN-19451716-on-Lions-Pharmacy.webp\" \/>\n\t<meta property=\"og:image:width\" content=\"600\" \/>\n\t<meta property=\"og:image:height\" content=\"600\" \/>\n\t<meta property=\"og:image:type\" content=\"image\/webp\" \/>\n<meta name=\"twitter:card\" content=\"summary_large_image\" \/>\n<meta name=\"twitter:label1\" content=\"Tiempo de lectura\" \/>\n\t<meta name=\"twitter:data1\" content=\"1 minuto\" \/>\n<script type=\"application\/ld+json\" class=\"yoast-schema-graph\">{\"@context\":\"https:\/\/schema.org\",\"@graph\":[{\"@type\":\"WebPage\",\"@id\":\"https:\/\/loewentestneu.metafex.io\/es\/producto\/bio-h-tin-hair-essentials-men-forte-90-pcs-19451716\",\"url\":\"https:\/\/loewentestneu.metafex.io\/es\/producto\/bio-h-tin-hair-essentials-men-forte-90-pcs-19451716\",\"name\":\"BIO-H-TIN Esenciales Capilares Men Forte (90 uds.) &#187; Descubre m\u00e1s\",\"isPartOf\":{\"@id\":\"https:\/\/loewentestneu.metafex.io\/es#website\"},\"primaryImageOfPage\":{\"@id\":\"https:\/\/loewentestneu.metafex.io\/es\/producto\/bio-h-tin-hair-essentials-men-forte-90-pcs-19451716#primaryimage\"},\"image\":{\"@id\":\"https:\/\/loewentestneu.metafex.io\/es\/producto\/bio-h-tin-hair-essentials-men-forte-90-pcs-19451716#primaryimage\"},\"thumbnailUrl\":\"https:\/\/loewentestneu.metafex.io\/wp-content\/uploads\/2025\/03\/BIO-H-TIN-Hair-Essentials-Men-Forte-Capsoules-PZN-19451716-on-Lions-Pharmacy.webp\",\"datePublished\":\"2025-03-18T20:41:24+00:00\",\"dateModified\":\"2025-03-26T10:13:40+00:00\",\"description\":\"Farmacia alemana registrada. Ofrecemos: env\u00edo r\u00e1pido a todo el mundo y servicio de primera. M\u00e1s informaci\u00f3n BIO-H-TIN Esenciales Capilares Men Forte (90 uds.)\",\"breadcrumb\":{\"@id\":\"https:\/\/loewentestneu.metafex.io\/es\/producto\/bio-h-tin-hair-essentials-men-forte-90-pcs-19451716#breadcrumb\"},\"inLanguage\":\"es\",\"potentialAction\":[{\"@type\":\"ReadAction\",\"target\":[\"https:\/\/loewentestneu.metafex.io\/es\/producto\/bio-h-tin-hair-essentials-men-forte-90-pcs-19451716\"]}]},{\"@type\":\"ImageObject\",\"inLanguage\":\"es\",\"@id\":\"https:\/\/loewentestneu.metafex.io\/es\/producto\/bio-h-tin-hair-essentials-men-forte-90-pcs-19451716#primaryimage\",\"url\":\"https:\/\/loewentestneu.metafex.io\/wp-content\/uploads\/2025\/03\/BIO-H-TIN-Hair-Essentials-Men-Forte-Capsoules-PZN-19451716-on-Lions-Pharmacy.webp\",\"contentUrl\":\"https:\/\/loewentestneu.metafex.io\/wp-content\/uploads\/2025\/03\/BIO-H-TIN-Hair-Essentials-Men-Forte-Capsoules-PZN-19451716-on-Lions-Pharmacy.webp\",\"width\":600,\"height\":600,\"caption\":\"Una caja BIO-H-TIN Hair Essentials Men Forte Capsoules, PZN 19451716 en Lions-Pharmacy\"},{\"@type\":\"BreadcrumbList\",\"@id\":\"https:\/\/loewentestneu.metafex.io\/es\/producto\/bio-h-tin-hair-essentials-men-forte-90-pcs-19451716#breadcrumb\",\"itemListElement\":[{\"@type\":\"ListItem\",\"position\":1,\"name\":\"Home\",\"item\":\"https:\/\/loewentestneu.metafex.io\/es\/homepage-lion-pharmacy\"},{\"@type\":\"ListItem\",\"position\":2,\"name\":\"Shop\",\"item\":\"https:\/\/loewentestneu.metafex.io\/es\/tienda\"},{\"@type\":\"ListItem\",\"position\":3,\"name\":\"BIO-H-TIN Esenciales Capilares Men Forte (90 uds.)\"}]},{\"@type\":\"WebSite\",\"@id\":\"https:\/\/loewentestneu.metafex.io\/es#website\",\"url\":\"https:\/\/loewentestneu.metafex.io\/es\",\"name\":\"Lions Pharmacy\",\"description\":\"Farmacia especializada en naturopat\u00eda de Baden-Baden, Alemania\",\"publisher\":{\"@id\":\"https:\/\/loewentestneu.metafex.io\/es#organization\"},\"alternateName\":\"Lion Pharmacy\",\"potentialAction\":[{\"@type\":\"SearchAction\",\"target\":{\"@type\":\"EntryPoint\",\"urlTemplate\":\"https:\/\/loewentestneu.metafex.io\/es?s={search_term_string}\"},\"query-input\":{\"@type\":\"PropertyValueSpecification\",\"valueRequired\":true,\"valueName\":\"search_term_string\"}}],\"inLanguage\":\"es\"},{\"@type\":\"Organization\",\"@id\":\"https:\/\/loewentestneu.metafex.io\/es#organization\",\"name\":\"Lions Pharmacy\",\"alternateName\":\"Lions Pharmacy24\",\"url\":\"https:\/\/loewentestneu.metafex.io\/es\",\"logo\":{\"@type\":\"ImageObject\",\"inLanguage\":\"es\",\"@id\":\"https:\/\/loewentestneu.metafex.io\/es#\/schema\/logo\/image\/\",\"url\":\"https:\/\/loewentestneu.metafex.io\/wp-content\/uploads\/2022\/12\/Logo-Lion-Pharmacy-c-o-Loewen-Apotheke-smal.jpg\",\"contentUrl\":\"https:\/\/loewentestneu.metafex.io\/wp-content\/uploads\/2022\/12\/Logo-Lion-Pharmacy-c-o-Loewen-Apotheke-smal.jpg\",\"width\":298,\"height\":99,\"caption\":\"Lions Pharmacy\"},\"image\":{\"@id\":\"https:\/\/loewentestneu.metafex.io\/es#\/schema\/logo\/image\/\"}}]}<\/script>\n<!-- \/ Yoast SEO plugin. -->","yoast_head_json":{"title":"BIO-H-TIN Esenciales Capilares Men Forte (90 uds.) &#187; Descubre m\u00e1s","description":"Farmacia alemana registrada. Ofrecemos: env\u00edo r\u00e1pido a todo el mundo y servicio de primera. M\u00e1s informaci\u00f3n BIO-H-TIN Esenciales Capilares Men Forte (90 uds.)","robots":{"index":"noindex","follow":"follow","max-snippet":"max-snippet:-1","max-image-preview":"max-image-preview:large","max-video-preview":"max-video-preview:-1"},"og_locale":"es_ES","og_type":"article","og_title":"BIO-H-TIN Esenciales Capilares Men Forte (90 uds.) &#187; Descubre m\u00e1s","og_description":"Farmacia alemana registrada. Ofrecemos: env\u00edo r\u00e1pido a todo el mundo y servicio de primera. M\u00e1s informaci\u00f3n BIO-H-TIN Esenciales Capilares Men Forte (90 uds.)","og_url":"https:\/\/loewentestneu.metafex.io\/es\/producto\/bio-h-tin-hair-essentials-men-forte-90-pcs-19451716","og_site_name":"Lion Pharmacy","article_modified_time":"2025-03-26T10:13:40+00:00","og_image":[{"width":600,"height":600,"url":"https:\/\/loewentestneu.metafex.io\/wp-content\/uploads\/2025\/03\/BIO-H-TIN-Hair-Essentials-Men-Forte-Capsoules-PZN-19451716-on-Lions-Pharmacy.webp","type":"image\/webp"}],"twitter_card":"summary_large_image","twitter_misc":{"Tiempo de lectura":"1 minuto"},"schema":{"@context":"https:\/\/schema.org","@graph":[{"@type":"WebPage","@id":"https:\/\/loewentestneu.metafex.io\/es\/producto\/bio-h-tin-hair-essentials-men-forte-90-pcs-19451716","url":"https:\/\/loewentestneu.metafex.io\/es\/producto\/bio-h-tin-hair-essentials-men-forte-90-pcs-19451716","name":"BIO-H-TIN Esenciales Capilares Men Forte (90 uds.) &#187; Descubre m\u00e1s","isPartOf":{"@id":"https:\/\/loewentestneu.metafex.io\/es#website"},"primaryImageOfPage":{"@id":"https:\/\/loewentestneu.metafex.io\/es\/producto\/bio-h-tin-hair-essentials-men-forte-90-pcs-19451716#primaryimage"},"image":{"@id":"https:\/\/loewentestneu.metafex.io\/es\/producto\/bio-h-tin-hair-essentials-men-forte-90-pcs-19451716#primaryimage"},"thumbnailUrl":"https:\/\/loewentestneu.metafex.io\/wp-content\/uploads\/2025\/03\/BIO-H-TIN-Hair-Essentials-Men-Forte-Capsoules-PZN-19451716-on-Lions-Pharmacy.webp","datePublished":"2025-03-18T20:41:24+00:00","dateModified":"2025-03-26T10:13:40+00:00","description":"Farmacia alemana registrada. Ofrecemos: env\u00edo r\u00e1pido a todo el mundo y servicio de primera. M\u00e1s informaci\u00f3n BIO-H-TIN Esenciales Capilares Men Forte (90 uds.)","breadcrumb":{"@id":"https:\/\/loewentestneu.metafex.io\/es\/producto\/bio-h-tin-hair-essentials-men-forte-90-pcs-19451716#breadcrumb"},"inLanguage":"es","potentialAction":[{"@type":"ReadAction","target":["https:\/\/loewentestneu.metafex.io\/es\/producto\/bio-h-tin-hair-essentials-men-forte-90-pcs-19451716"]}]},{"@type":"ImageObject","inLanguage":"es","@id":"https:\/\/loewentestneu.metafex.io\/es\/producto\/bio-h-tin-hair-essentials-men-forte-90-pcs-19451716#primaryimage","url":"https:\/\/loewentestneu.metafex.io\/wp-content\/uploads\/2025\/03\/BIO-H-TIN-Hair-Essentials-Men-Forte-Capsoules-PZN-19451716-on-Lions-Pharmacy.webp","contentUrl":"https:\/\/loewentestneu.metafex.io\/wp-content\/uploads\/2025\/03\/BIO-H-TIN-Hair-Essentials-Men-Forte-Capsoules-PZN-19451716-on-Lions-Pharmacy.webp","width":600,"height":600,"caption":"Una caja BIO-H-TIN Hair Essentials Men Forte Capsoules, PZN 19451716 en Lions-Pharmacy"},{"@type":"BreadcrumbList","@id":"https:\/\/loewentestneu.metafex.io\/es\/producto\/bio-h-tin-hair-essentials-men-forte-90-pcs-19451716#breadcrumb","itemListElement":[{"@type":"ListItem","position":1,"name":"Home","item":"https:\/\/loewentestneu.metafex.io\/es\/homepage-lion-pharmacy"},{"@type":"ListItem","position":2,"name":"Shop","item":"https:\/\/loewentestneu.metafex.io\/es\/tienda"},{"@type":"ListItem","position":3,"name":"BIO-H-TIN Esenciales Capilares Men Forte (90 uds.)"}]},{"@type":"WebSite","@id":"https:\/\/loewentestneu.metafex.io\/es#website","url":"https:\/\/loewentestneu.metafex.io\/es","name":"Lions Pharmacy","description":"Farmacia especializada en naturopat\u00eda de Baden-Baden, Alemania","publisher":{"@id":"https:\/\/loewentestneu.metafex.io\/es#organization"},"alternateName":"Lion Pharmacy","potentialAction":[{"@type":"SearchAction","target":{"@type":"EntryPoint","urlTemplate":"https:\/\/loewentestneu.metafex.io\/es?s={search_term_string}"},"query-input":{"@type":"PropertyValueSpecification","valueRequired":true,"valueName":"search_term_string"}}],"inLanguage":"es"},{"@type":"Organization","@id":"https:\/\/loewentestneu.metafex.io\/es#organization","name":"Lions Pharmacy","alternateName":"Lions Pharmacy24","url":"https:\/\/loewentestneu.metafex.io\/es","logo":{"@type":"ImageObject","inLanguage":"es","@id":"https:\/\/loewentestneu.metafex.io\/es#\/schema\/logo\/image\/","url":"https:\/\/loewentestneu.metafex.io\/wp-content\/uploads\/2022\/12\/Logo-Lion-Pharmacy-c-o-Loewen-Apotheke-smal.jpg","contentUrl":"https:\/\/loewentestneu.metafex.io\/wp-content\/uploads\/2022\/12\/Logo-Lion-Pharmacy-c-o-Loewen-Apotheke-smal.jpg","width":298,"height":99,"caption":"Lions Pharmacy"},"image":{"@id":"https:\/\/loewentestneu.metafex.io\/es#\/schema\/logo\/image\/"}}]}},"_links":{"self":[{"href":"https:\/\/loewentestneu.metafex.io\/es\/wp-json\/wp\/v2\/product\/10190","targetHints":{"allow":["GET"]}}],"collection":[{"href":"https:\/\/loewentestneu.metafex.io\/es\/wp-json\/wp\/v2\/product"}],"about":[{"href":"https:\/\/loewentestneu.metafex.io\/es\/wp-json\/wp\/v2\/types\/product"}],"replies":[{"embeddable":true,"href":"https:\/\/loewentestneu.metafex.io\/es\/wp-json\/wp\/v2\/comments?post=10190"}],"wp:featuredmedia":[{"embeddable":true,"href":"https:\/\/loewentestneu.metafex.io\/es\/wp-json\/wp\/v2\/media\/10195"}],"wp:attachment":[{"href":"https:\/\/loewentestneu.metafex.io\/es\/wp-json\/wp\/v2\/media?parent=10190"}],"wp:term":[{"taxonomy":"product_brand","embeddable":true,"href":"https:\/\/loewentestneu.metafex.io\/es\/wp-json\/wp\/v2\/product_brand?post=10190"},{"taxonomy":"product_cat","embeddable":true,"href":"https:\/\/loewentestneu.metafex.io\/es\/wp-json\/wp\/v2\/product_cat?post=10190"},{"taxonomy":"product_tag","embeddable":true,"href":"https:\/\/loewentestneu.metafex.io\/es\/wp-json\/wp\/v2\/product_tag?post=10190"}],"curies":[{"name":"wp","href":"https:\/\/api.w.org\/{rel}","templated":true}]}}