{"id":10608,"date":"2025-03-31T06:00:40","date_gmt":"2025-03-31T05:00:40","guid":{"rendered":"https:\/\/lions-pharmacy.com\/?post_type=product&#038;p=10608"},"modified":"2025-03-31T09:27:43","modified_gmt":"2025-03-31T08:27:43","slug":"omni-biotic-sr-9-28x-3g-15198255","status":"publish","type":"product","link":"https:\/\/loewentestneu.metafex.io\/es\/producto\/omni-biotic-sr-9-28x-3g-15198255","title":{"rendered":"OMNi BiOTiC SR-9 (28x 3g)"},"content":{"rendered":"<h3>OMNi BiOTiC SR-9 (28x 3g)<\/h3>\n<p>OMNi BiOTiC SR-9 es un producto de calidad de la gama OMNi BiOTiC\u00ae. El desarrollo de este producto se basa en el hecho de que el intestino y el cerebro est\u00e1n funcionalmente estrechamente vinculados. Nuestros intestinos est\u00e1n poblados por billones de simbiontes intestinales de una variedad de cepas bacterianas. Un alto nivel de diversidad en el intestino es de gran importancia, porque las diferentes cepas tambi\u00e9n realizan diferentes tareas en el intestino.<\/p>\n<p>Prospecto\/instrucciones de uso\/ficha t\u00e9cnica del art\u00edculo: OMNi-BiOTiC SR-9 (lector de PDF)<\/p>\n<p>Otros productos para la aplicaci\u00f3n: Ca\u00edda del cabello &#8211; <a href=\"https:\/\/loewentestneu.metafex.io\/product-tag\/coronavirus\">Coronavirus<\/a> | <a href=\"https:\/\/loewentestneu.metafex.io\/product-tag\/vitamins-supplements\">Productos de vitaminas y suplementos<\/a><\/p>\n<p>Obtenga m\u00e1s informaci\u00f3n sobre manufactorer y este producto: <a href=\"https:\/\/www.allergosan.com\/de\/unsere-produkte\/omni-biotic\/\" target=\"_blank\" rel=\"noopener\">Omni-Biotic<\/a> (enlace a un sitio web externo)<\/p>\n<p>La informaci\u00f3n contenida en este sitio web se facilita \u00fanicamente con fines informativos. En ning\u00fan caso sustituyen al examen y tratamiento por un m\u00e9dico. Tenga en cuenta que esto significa que no se pueden hacer diagn\u00f3sticos ni iniciar terapias.<\/p>\n<p>Para conocer los riesgos y efectos secundarios, lea el prospecto y consulte a su m\u00e9dico o farmac\u00e9utico.<\/p>\n<h3>Prescripci\u00f3n | \u00bfReceta electr\u00f3nica disponible?<\/h3>\n<p>Env\u00ede su receta electr\u00f3nica ahora. Utilice nuestra aplicaci\u00f3n <a href=\"https:\/\/e-rezept-app.de\/shop-rezept\" target=\"_blank\" rel=\"noopener\">de recetas electr\u00f3nicas<\/a> . \u00a1Y te damos los gastos de env\u00edo gratis en Alemania!<\/p>\n","protected":false},"excerpt":{"rendered":"<h2>OMNi BiOTiC SR-9 (28x 3g)<\/h2>\n<p>Complemento alimenticio con simbiontes intestinales muy activos para reforzar las defensas del organismo.<\/p>\n<p>&nbsp;<\/p>\n<p><strong>PZN<\/strong>: 15198255 (N\u00famero central de farmacia)<\/p>\n<p><strong>Forma de dosificaci\u00f3n<\/strong>: polvo<\/p>\n<p><strong>Tipo de receta<\/strong>: sin receta<\/p>\n<p><strong>Marca<\/strong>: OMNI BiOTiC<\/p>\n<p><strong>Fabricante<\/strong>: INSTITUT ALLERGOSAN Deutschland GmbH<\/p>\n<p><strong>Tama\u00f1o del envase<\/strong>: 28 sobres de 3 g cada uno<\/p>\n","protected":false},"featured_media":10614,"comment_status":"closed","ping_status":"closed","template":"","meta":[],"product_brand":[],"product_cat":[614,125,116],"product_tag":[299,273,308,275,311,272],"class_list":{"0":"post-10608","1":"product","2":"type-product","3":"status-publish","4":"has-post-thumbnail","6":"product_cat-omni-biotico-es","7":"product_cat-sale-es","8":"product_cat-sin-categorizar","9":"product_tag-concentracion-y-estres","10":"product_tag-control-de-peso","11":"product_tag-homeopatia","12":"product_tag-peso-y-forma-fisica","13":"product_tag-venta-mensual","14":"product_tag-vitaminas-y-suplementos","15":"ts_product_brand-all-es","16":"ts_product_brand-allergosan-es","18":"first","19":"instock","20":"sale","21":"taxable","22":"shipping-taxable","23":"purchasable","24":"product-type-simple"},"yoast_head":"<!-- This site is optimized with the Yoast SEO plugin v26.5 - https:\/\/yoast.com\/wordpress\/plugins\/seo\/ -->\n<title>OMNi BiOTiC SR-9 (28x 3g) &#187; Orden en Lion Pharmacy<\/title>\n<meta name=\"description\" content=\"Lion Pharmacy | Farmacia en l\u00ednea registrada | Env\u00edo internacional r\u00e1pido | Compras seguras en l\u00ednea | Apoyo al sistema inmunol\u00f3gico &gt; OMNi BiOTiC SR-9 (28x 3g)\" \/>\n<meta name=\"robots\" content=\"noindex, follow, max-snippet:-1, max-image-preview:large, max-video-preview:-1\" \/>\n<meta property=\"og:locale\" content=\"es_ES\" \/>\n<meta property=\"og:type\" content=\"article\" \/>\n<meta property=\"og:title\" content=\"OMNi BiOTiC SR-9 (28x 3g) &#187; Orden en Lion Pharmacy\" \/>\n<meta property=\"og:description\" content=\"Lion Pharmacy | Farmacia en l\u00ednea registrada | Env\u00edo internacional r\u00e1pido | Compras seguras en l\u00ednea | Apoyo al sistema inmunol\u00f3gico &gt; OMNi BiOTiC SR-9 (28x 3g)\" \/>\n<meta property=\"og:url\" content=\"https:\/\/loewentestneu.metafex.io\/es\/producto\/omni-biotic-sr-9-28x-3g-15198255\" \/>\n<meta property=\"og:site_name\" content=\"Lion Pharmacy\" \/>\n<meta property=\"article:modified_time\" content=\"2025-03-31T08:27:43+00:00\" \/>\n<meta property=\"og:image\" content=\"https:\/\/loewentestneu.metafex.io\/wp-content\/uploads\/2025\/03\/Institut-Allergosan-Omni-Biotic-SR-9-28-pc-PZN-15198255-by-Lions-Pharmacy.webp\" \/>\n\t<meta property=\"og:image:width\" content=\"600\" \/>\n\t<meta property=\"og:image:height\" content=\"600\" \/>\n\t<meta property=\"og:image:type\" content=\"image\/webp\" \/>\n<meta name=\"twitter:card\" content=\"summary_large_image\" \/>\n<meta name=\"twitter:label1\" content=\"Tiempo de lectura\" \/>\n\t<meta name=\"twitter:data1\" content=\"1 minuto\" \/>\n<script type=\"application\/ld+json\" class=\"yoast-schema-graph\">{\"@context\":\"https:\/\/schema.org\",\"@graph\":[{\"@type\":\"WebPage\",\"@id\":\"https:\/\/loewentestneu.metafex.io\/es\/producto\/omni-biotic-sr-9-28x-3g-15198255\",\"url\":\"https:\/\/loewentestneu.metafex.io\/es\/producto\/omni-biotic-sr-9-28x-3g-15198255\",\"name\":\"OMNi BiOTiC SR-9 (28x 3g) &#187; Orden en Lion Pharmacy\",\"isPartOf\":{\"@id\":\"https:\/\/loewentestneu.metafex.io\/es#website\"},\"primaryImageOfPage\":{\"@id\":\"https:\/\/loewentestneu.metafex.io\/es\/producto\/omni-biotic-sr-9-28x-3g-15198255#primaryimage\"},\"image\":{\"@id\":\"https:\/\/loewentestneu.metafex.io\/es\/producto\/omni-biotic-sr-9-28x-3g-15198255#primaryimage\"},\"thumbnailUrl\":\"https:\/\/loewentestneu.metafex.io\/wp-content\/uploads\/2025\/03\/Institut-Allergosan-Omni-Biotic-SR-9-28-pc-PZN-15198255-by-Lions-Pharmacy.webp\",\"datePublished\":\"2025-03-31T05:00:40+00:00\",\"dateModified\":\"2025-03-31T08:27:43+00:00\",\"description\":\"Lion Pharmacy | Farmacia en l\u00ednea registrada | Env\u00edo internacional r\u00e1pido | Compras seguras en l\u00ednea | Apoyo al sistema inmunol\u00f3gico > OMNi BiOTiC SR-9 (28x 3g)\",\"breadcrumb\":{\"@id\":\"https:\/\/loewentestneu.metafex.io\/es\/producto\/omni-biotic-sr-9-28x-3g-15198255#breadcrumb\"},\"inLanguage\":\"es\",\"potentialAction\":[{\"@type\":\"ReadAction\",\"target\":[\"https:\/\/loewentestneu.metafex.io\/es\/producto\/omni-biotic-sr-9-28x-3g-15198255\"]}]},{\"@type\":\"ImageObject\",\"inLanguage\":\"es\",\"@id\":\"https:\/\/loewentestneu.metafex.io\/es\/producto\/omni-biotic-sr-9-28x-3g-15198255#primaryimage\",\"url\":\"https:\/\/loewentestneu.metafex.io\/wp-content\/uploads\/2025\/03\/Institut-Allergosan-Omni-Biotic-SR-9-28-pc-PZN-15198255-by-Lions-Pharmacy.webp\",\"contentUrl\":\"https:\/\/loewentestneu.metafex.io\/wp-content\/uploads\/2025\/03\/Institut-Allergosan-Omni-Biotic-SR-9-28-pc-PZN-15198255-by-Lions-Pharmacy.webp\",\"width\":600,\"height\":600,\"caption\":\"Institut Allergosan Omni Biotic SR-9 28 uds, PZN-15198255, de Lions-Pharmacy\"},{\"@type\":\"BreadcrumbList\",\"@id\":\"https:\/\/loewentestneu.metafex.io\/es\/producto\/omni-biotic-sr-9-28x-3g-15198255#breadcrumb\",\"itemListElement\":[{\"@type\":\"ListItem\",\"position\":1,\"name\":\"Home\",\"item\":\"https:\/\/loewentestneu.metafex.io\/es\/homepage-lion-pharmacy\"},{\"@type\":\"ListItem\",\"position\":2,\"name\":\"Shop\",\"item\":\"https:\/\/loewentestneu.metafex.io\/es\/tienda\"},{\"@type\":\"ListItem\",\"position\":3,\"name\":\"OMNi BiOTiC SR-9 (28x 3g)\"}]},{\"@type\":\"WebSite\",\"@id\":\"https:\/\/loewentestneu.metafex.io\/es#website\",\"url\":\"https:\/\/loewentestneu.metafex.io\/es\",\"name\":\"Lions Pharmacy\",\"description\":\"Farmacia especializada en naturopat\u00eda de Baden-Baden, Alemania\",\"publisher\":{\"@id\":\"https:\/\/loewentestneu.metafex.io\/es#organization\"},\"alternateName\":\"Lion Pharmacy\",\"potentialAction\":[{\"@type\":\"SearchAction\",\"target\":{\"@type\":\"EntryPoint\",\"urlTemplate\":\"https:\/\/loewentestneu.metafex.io\/es?s={search_term_string}\"},\"query-input\":{\"@type\":\"PropertyValueSpecification\",\"valueRequired\":true,\"valueName\":\"search_term_string\"}}],\"inLanguage\":\"es\"},{\"@type\":\"Organization\",\"@id\":\"https:\/\/loewentestneu.metafex.io\/es#organization\",\"name\":\"Lions Pharmacy\",\"alternateName\":\"Lions Pharmacy24\",\"url\":\"https:\/\/loewentestneu.metafex.io\/es\",\"logo\":{\"@type\":\"ImageObject\",\"inLanguage\":\"es\",\"@id\":\"https:\/\/loewentestneu.metafex.io\/es#\/schema\/logo\/image\/\",\"url\":\"https:\/\/loewentestneu.metafex.io\/wp-content\/uploads\/2022\/12\/Logo-Lion-Pharmacy-c-o-Loewen-Apotheke-smal.jpg\",\"contentUrl\":\"https:\/\/loewentestneu.metafex.io\/wp-content\/uploads\/2022\/12\/Logo-Lion-Pharmacy-c-o-Loewen-Apotheke-smal.jpg\",\"width\":298,\"height\":99,\"caption\":\"Lions Pharmacy\"},\"image\":{\"@id\":\"https:\/\/loewentestneu.metafex.io\/es#\/schema\/logo\/image\/\"}}]}<\/script>\n<!-- \/ Yoast SEO plugin. -->","yoast_head_json":{"title":"OMNi BiOTiC SR-9 (28x 3g) &#187; Orden en Lion Pharmacy","description":"Lion Pharmacy | Farmacia en l\u00ednea registrada | Env\u00edo internacional r\u00e1pido | Compras seguras en l\u00ednea | Apoyo al sistema inmunol\u00f3gico > OMNi BiOTiC SR-9 (28x 3g)","robots":{"index":"noindex","follow":"follow","max-snippet":"max-snippet:-1","max-image-preview":"max-image-preview:large","max-video-preview":"max-video-preview:-1"},"og_locale":"es_ES","og_type":"article","og_title":"OMNi BiOTiC SR-9 (28x 3g) &#187; Orden en Lion Pharmacy","og_description":"Lion Pharmacy | Farmacia en l\u00ednea registrada | Env\u00edo internacional r\u00e1pido | Compras seguras en l\u00ednea | Apoyo al sistema inmunol\u00f3gico > OMNi BiOTiC SR-9 (28x 3g)","og_url":"https:\/\/loewentestneu.metafex.io\/es\/producto\/omni-biotic-sr-9-28x-3g-15198255","og_site_name":"Lion Pharmacy","article_modified_time":"2025-03-31T08:27:43+00:00","og_image":[{"width":600,"height":600,"url":"https:\/\/loewentestneu.metafex.io\/wp-content\/uploads\/2025\/03\/Institut-Allergosan-Omni-Biotic-SR-9-28-pc-PZN-15198255-by-Lions-Pharmacy.webp","type":"image\/webp"}],"twitter_card":"summary_large_image","twitter_misc":{"Tiempo de lectura":"1 minuto"},"schema":{"@context":"https:\/\/schema.org","@graph":[{"@type":"WebPage","@id":"https:\/\/loewentestneu.metafex.io\/es\/producto\/omni-biotic-sr-9-28x-3g-15198255","url":"https:\/\/loewentestneu.metafex.io\/es\/producto\/omni-biotic-sr-9-28x-3g-15198255","name":"OMNi BiOTiC SR-9 (28x 3g) &#187; Orden en Lion Pharmacy","isPartOf":{"@id":"https:\/\/loewentestneu.metafex.io\/es#website"},"primaryImageOfPage":{"@id":"https:\/\/loewentestneu.metafex.io\/es\/producto\/omni-biotic-sr-9-28x-3g-15198255#primaryimage"},"image":{"@id":"https:\/\/loewentestneu.metafex.io\/es\/producto\/omni-biotic-sr-9-28x-3g-15198255#primaryimage"},"thumbnailUrl":"https:\/\/loewentestneu.metafex.io\/wp-content\/uploads\/2025\/03\/Institut-Allergosan-Omni-Biotic-SR-9-28-pc-PZN-15198255-by-Lions-Pharmacy.webp","datePublished":"2025-03-31T05:00:40+00:00","dateModified":"2025-03-31T08:27:43+00:00","description":"Lion Pharmacy | Farmacia en l\u00ednea registrada | Env\u00edo internacional r\u00e1pido | Compras seguras en l\u00ednea | Apoyo al sistema inmunol\u00f3gico > OMNi BiOTiC SR-9 (28x 3g)","breadcrumb":{"@id":"https:\/\/loewentestneu.metafex.io\/es\/producto\/omni-biotic-sr-9-28x-3g-15198255#breadcrumb"},"inLanguage":"es","potentialAction":[{"@type":"ReadAction","target":["https:\/\/loewentestneu.metafex.io\/es\/producto\/omni-biotic-sr-9-28x-3g-15198255"]}]},{"@type":"ImageObject","inLanguage":"es","@id":"https:\/\/loewentestneu.metafex.io\/es\/producto\/omni-biotic-sr-9-28x-3g-15198255#primaryimage","url":"https:\/\/loewentestneu.metafex.io\/wp-content\/uploads\/2025\/03\/Institut-Allergosan-Omni-Biotic-SR-9-28-pc-PZN-15198255-by-Lions-Pharmacy.webp","contentUrl":"https:\/\/loewentestneu.metafex.io\/wp-content\/uploads\/2025\/03\/Institut-Allergosan-Omni-Biotic-SR-9-28-pc-PZN-15198255-by-Lions-Pharmacy.webp","width":600,"height":600,"caption":"Institut Allergosan Omni Biotic SR-9 28 uds, PZN-15198255, de Lions-Pharmacy"},{"@type":"BreadcrumbList","@id":"https:\/\/loewentestneu.metafex.io\/es\/producto\/omni-biotic-sr-9-28x-3g-15198255#breadcrumb","itemListElement":[{"@type":"ListItem","position":1,"name":"Home","item":"https:\/\/loewentestneu.metafex.io\/es\/homepage-lion-pharmacy"},{"@type":"ListItem","position":2,"name":"Shop","item":"https:\/\/loewentestneu.metafex.io\/es\/tienda"},{"@type":"ListItem","position":3,"name":"OMNi BiOTiC SR-9 (28x 3g)"}]},{"@type":"WebSite","@id":"https:\/\/loewentestneu.metafex.io\/es#website","url":"https:\/\/loewentestneu.metafex.io\/es","name":"Lions Pharmacy","description":"Farmacia especializada en naturopat\u00eda de Baden-Baden, Alemania","publisher":{"@id":"https:\/\/loewentestneu.metafex.io\/es#organization"},"alternateName":"Lion Pharmacy","potentialAction":[{"@type":"SearchAction","target":{"@type":"EntryPoint","urlTemplate":"https:\/\/loewentestneu.metafex.io\/es?s={search_term_string}"},"query-input":{"@type":"PropertyValueSpecification","valueRequired":true,"valueName":"search_term_string"}}],"inLanguage":"es"},{"@type":"Organization","@id":"https:\/\/loewentestneu.metafex.io\/es#organization","name":"Lions Pharmacy","alternateName":"Lions Pharmacy24","url":"https:\/\/loewentestneu.metafex.io\/es","logo":{"@type":"ImageObject","inLanguage":"es","@id":"https:\/\/loewentestneu.metafex.io\/es#\/schema\/logo\/image\/","url":"https:\/\/loewentestneu.metafex.io\/wp-content\/uploads\/2022\/12\/Logo-Lion-Pharmacy-c-o-Loewen-Apotheke-smal.jpg","contentUrl":"https:\/\/loewentestneu.metafex.io\/wp-content\/uploads\/2022\/12\/Logo-Lion-Pharmacy-c-o-Loewen-Apotheke-smal.jpg","width":298,"height":99,"caption":"Lions Pharmacy"},"image":{"@id":"https:\/\/loewentestneu.metafex.io\/es#\/schema\/logo\/image\/"}}]}},"_links":{"self":[{"href":"https:\/\/loewentestneu.metafex.io\/es\/wp-json\/wp\/v2\/product\/10608","targetHints":{"allow":["GET"]}}],"collection":[{"href":"https:\/\/loewentestneu.metafex.io\/es\/wp-json\/wp\/v2\/product"}],"about":[{"href":"https:\/\/loewentestneu.metafex.io\/es\/wp-json\/wp\/v2\/types\/product"}],"replies":[{"embeddable":true,"href":"https:\/\/loewentestneu.metafex.io\/es\/wp-json\/wp\/v2\/comments?post=10608"}],"wp:featuredmedia":[{"embeddable":true,"href":"https:\/\/loewentestneu.metafex.io\/es\/wp-json\/wp\/v2\/media\/10614"}],"wp:attachment":[{"href":"https:\/\/loewentestneu.metafex.io\/es\/wp-json\/wp\/v2\/media?parent=10608"}],"wp:term":[{"taxonomy":"product_brand","embeddable":true,"href":"https:\/\/loewentestneu.metafex.io\/es\/wp-json\/wp\/v2\/product_brand?post=10608"},{"taxonomy":"product_cat","embeddable":true,"href":"https:\/\/loewentestneu.metafex.io\/es\/wp-json\/wp\/v2\/product_cat?post=10608"},{"taxonomy":"product_tag","embeddable":true,"href":"https:\/\/loewentestneu.metafex.io\/es\/wp-json\/wp\/v2\/product_tag?post=10608"}],"curies":[{"name":"wp","href":"https:\/\/api.w.org\/{rel}","templated":true}]}}