{"id":10633,"date":"2025-03-31T07:15:38","date_gmt":"2025-03-31T06:15:38","guid":{"rendered":"https:\/\/lions-pharmacy.com\/?post_type=product&#038;p=10633"},"modified":"2025-03-31T09:38:06","modified_gmt":"2025-03-31T08:38:06","slug":"omni-biotic-6-60x-3g-10064811","status":"publish","type":"product","link":"https:\/\/loewentestneu.metafex.io\/es\/producto\/omni-biotic-6-60x-3g-10064811","title":{"rendered":"OMNi-BiOTiC 6 Bolsitas (60x 3g)"},"content":{"rendered":"<h3>OMNi-BiOTiC 6<\/h3>\n<p>OMNi-BiOTiC 6 contiene seis cepas de g\u00e9rmenes l\u00edderes importantes y altamente activos que colonizan el intestino de arriba a abajo. Para molestias gastrointestinales actuales y cr\u00f3nicas<br \/>\nPrincipio activo combinado de probi\u00f3ticos y prebi\u00f3ticos y complemento alimenticio para la flora intestinal.<\/p>\n<p>Las bacterias intestinales tienen que hacer mucho para poder cumplir con tareas vitales. Son responsables de construir la barrera intestinal contra g\u00e9rmenes extra\u00f1os y tambi\u00e9n de eliminar sustancias nocivas y t\u00f3xicas, as\u00ed como de absorber y producir sustancias vitales.<\/p>\n<p>Sin embargo, el n\u00famero de bacterias puede cambiar y su funci\u00f3n puede verse afectada por h\u00e1bitos poco saludables. Esto suele ser el resultado del estr\u00e9s, de una dieta poco saludable o de la toma de medicamentos. Omnibiotic 6 ayuda a restablecer el equilibrio de las bacterias para que las sustancias nocivas y t\u00f3xicas se eliminen y los nutrientes puedan volver a absorberse. De este modo, el intestino puede volver a funcionar de forma fiable y recuperar el equilibrio.<\/p>\n<p>Prospecto\/instrucciones de uso\/ficha t\u00e9cnica del art\u00edculo: OMNi-BiOTiC 6 (lector de PDF)<\/p>\n<p>Otros productos para la aplicaci\u00f3n: <a href=\"https:\/\/loewentestneu.metafex.io\/product-tag\/homeopathy\">Homeopat\u00eda<\/a> | <a href=\"https:\/\/loewentestneu.metafex.io\/product-tag\/vitamins-supplements\">Vitaminas y complementos Productos<\/a><\/p>\n<p>M\u00e1s informaci\u00f3n sobre el fabricante y el producto: <a href=\"https:\/\/www.allergosan.com\/de\/unsere-produkte\/omni-biotic\/\" target=\"_blank\" rel=\"noopener\">Omni-Biotic<\/a> (enlace a la p\u00e1gina web externa)<\/p>\n<p>La informaci\u00f3n contenida en este sitio web se facilita \u00fanicamente con fines informativos. En ning\u00fan caso sustituyen al examen y tratamiento por un m\u00e9dico. Tenga en cuenta que esto significa que no se pueden hacer diagn\u00f3sticos ni iniciar terapias. Los suplementos diet\u00e9ticos no son un sustituto de una dieta equilibrada y variada y un estilo de vida saludable. No se debe exceder la cantidad de consumo diario recomendada indicada. Guarde el producto fuera del alcance de los ni\u00f1os peque\u00f1os.<\/p>\n<p>Para conocer los riesgos y efectos secundarios, lea el prospecto y consulte a su m\u00e9dico o farmac\u00e9utico.<\/p>\n","protected":false},"excerpt":{"rendered":"<h2>OMNi-BiOTiC 6<\/h2>\n<p>OMNi-BiOTiC\u00ae 6 contiene seis cepas de g\u00e9rmenes l\u00edderes importantes y altamente activos que colonizan el intestino de arriba a abajo. Para molestias gastrointestinales actuales y cr\u00f3nicas.<\/p>\n<p>&nbsp;<\/p>\n<p><strong>PZN<\/strong>: 10064811 (N\u00famero central de farmacia)<\/p>\n<p><strong>Forma de dosificaci\u00f3n<\/strong>: polvo<\/p>\n<p><strong>Tipo de receta<\/strong>: sin receta<\/p>\n<p><strong>Marca<\/strong>: OMNI BiOTiC<\/p>\n<p><strong>Fabricante<\/strong>: INSTITUT ALLERGOSAN Deutschland GmbH<\/p>\n<p><strong>Presentaci\u00f3n<\/strong>: 60 sobres de 3 g cada uno<\/p>\n","protected":false},"featured_media":10639,"comment_status":"closed","ping_status":"closed","template":"","meta":[],"product_brand":[],"product_cat":[614,116],"product_tag":[299,273,308,275,311,272],"class_list":{"0":"post-10633","1":"product","2":"type-product","3":"status-publish","4":"has-post-thumbnail","6":"product_cat-omni-biotico-es","7":"product_cat-sin-categorizar","8":"product_tag-concentracion-y-estres","9":"product_tag-control-de-peso","10":"product_tag-homeopatia","11":"product_tag-peso-y-forma-fisica","12":"product_tag-venta-mensual","13":"product_tag-vitaminas-y-suplementos","14":"ts_product_brand-all-es","15":"ts_product_brand-allergosan-es","17":"first","18":"instock","19":"sale","20":"taxable","21":"shipping-taxable","22":"purchasable","23":"product-type-simple"},"yoast_head":"<!-- This site is optimized with the Yoast SEO plugin v26.5 - https:\/\/yoast.com\/wordpress\/plugins\/seo\/ -->\n<title>OMNi-BiOTiC 6 Bolsitas (60x 3g) &#187; Orden en Lion Pharmacy<\/title>\n<meta name=\"description\" content=\"Una farmacia en l\u00ednea registrada. Ofrecemos: Env\u00edo internacional r\u00e1pido con DHL. Para el apoyo del sistema inmunol\u00f3gico &gt; OMNi-BiOTiC 6 Bolsitas (60x 3g)\" \/>\n<meta name=\"robots\" content=\"noindex, follow, max-snippet:-1, max-image-preview:large, max-video-preview:-1\" \/>\n<meta property=\"og:locale\" content=\"es_ES\" \/>\n<meta property=\"og:type\" content=\"article\" \/>\n<meta property=\"og:title\" content=\"OMNi-BiOTiC 6 Bolsitas (60x 3g) &#187; Orden en Lion Pharmacy\" \/>\n<meta property=\"og:description\" content=\"Una farmacia en l\u00ednea registrada. Ofrecemos: Env\u00edo internacional r\u00e1pido con DHL. Para el apoyo del sistema inmunol\u00f3gico &gt; OMNi-BiOTiC 6 Bolsitas (60x 3g)\" \/>\n<meta property=\"og:url\" content=\"https:\/\/loewentestneu.metafex.io\/es\/producto\/omni-biotic-6-60x-3g-10064811\" \/>\n<meta property=\"og:site_name\" content=\"Lion Pharmacy\" \/>\n<meta property=\"article:modified_time\" content=\"2025-03-31T08:38:06+00:00\" \/>\n<meta property=\"og:image\" content=\"https:\/\/loewentestneu.metafex.io\/wp-content\/uploads\/2025\/03\/Omni-biotic-6-from-Allergosan-PZN-10064811-on-Lions-Pharmacy.webp\" \/>\n\t<meta property=\"og:image:width\" content=\"600\" \/>\n\t<meta property=\"og:image:height\" content=\"600\" \/>\n\t<meta property=\"og:image:type\" content=\"image\/webp\" \/>\n<meta name=\"twitter:card\" content=\"summary_large_image\" \/>\n<meta name=\"twitter:label1\" content=\"Tiempo de lectura\" \/>\n\t<meta name=\"twitter:data1\" content=\"2 minutos\" \/>\n<script type=\"application\/ld+json\" class=\"yoast-schema-graph\">{\"@context\":\"https:\/\/schema.org\",\"@graph\":[{\"@type\":\"WebPage\",\"@id\":\"https:\/\/loewentestneu.metafex.io\/es\/producto\/omni-biotic-6-60x-3g-10064811\",\"url\":\"https:\/\/loewentestneu.metafex.io\/es\/producto\/omni-biotic-6-60x-3g-10064811\",\"name\":\"OMNi-BiOTiC 6 Bolsitas (60x 3g) &#187; Orden en Lion Pharmacy\",\"isPartOf\":{\"@id\":\"https:\/\/loewentestneu.metafex.io\/es#website\"},\"primaryImageOfPage\":{\"@id\":\"https:\/\/loewentestneu.metafex.io\/es\/producto\/omni-biotic-6-60x-3g-10064811#primaryimage\"},\"image\":{\"@id\":\"https:\/\/loewentestneu.metafex.io\/es\/producto\/omni-biotic-6-60x-3g-10064811#primaryimage\"},\"thumbnailUrl\":\"https:\/\/loewentestneu.metafex.io\/wp-content\/uploads\/2025\/03\/Omni-biotic-6-from-Allergosan-PZN-10064811-on-Lions-Pharmacy.webp\",\"datePublished\":\"2025-03-31T06:15:38+00:00\",\"dateModified\":\"2025-03-31T08:38:06+00:00\",\"description\":\"Una farmacia en l\u00ednea registrada. Ofrecemos: Env\u00edo internacional r\u00e1pido con DHL. Para el apoyo del sistema inmunol\u00f3gico > OMNi-BiOTiC 6 Bolsitas (60x 3g)\",\"breadcrumb\":{\"@id\":\"https:\/\/loewentestneu.metafex.io\/es\/producto\/omni-biotic-6-60x-3g-10064811#breadcrumb\"},\"inLanguage\":\"es\",\"potentialAction\":[{\"@type\":\"ReadAction\",\"target\":[\"https:\/\/loewentestneu.metafex.io\/es\/producto\/omni-biotic-6-60x-3g-10064811\"]}]},{\"@type\":\"ImageObject\",\"inLanguage\":\"es\",\"@id\":\"https:\/\/loewentestneu.metafex.io\/es\/producto\/omni-biotic-6-60x-3g-10064811#primaryimage\",\"url\":\"https:\/\/loewentestneu.metafex.io\/wp-content\/uploads\/2025\/03\/Omni-biotic-6-from-Allergosan-PZN-10064811-on-Lions-Pharmacy.webp\",\"contentUrl\":\"https:\/\/loewentestneu.metafex.io\/wp-content\/uploads\/2025\/03\/Omni-biotic-6-from-Allergosan-PZN-10064811-on-Lions-Pharmacy.webp\",\"width\":600,\"height\":600,\"caption\":\"Omni biotic 6 de Allergosan, PZN-10064811, en Lions-Pharmacy\"},{\"@type\":\"BreadcrumbList\",\"@id\":\"https:\/\/loewentestneu.metafex.io\/es\/producto\/omni-biotic-6-60x-3g-10064811#breadcrumb\",\"itemListElement\":[{\"@type\":\"ListItem\",\"position\":1,\"name\":\"Home\",\"item\":\"https:\/\/loewentestneu.metafex.io\/es\/homepage-lion-pharmacy\"},{\"@type\":\"ListItem\",\"position\":2,\"name\":\"Shop\",\"item\":\"https:\/\/loewentestneu.metafex.io\/es\/tienda\"},{\"@type\":\"ListItem\",\"position\":3,\"name\":\"OMNi-BiOTiC 6 Bolsitas (60x 3g)\"}]},{\"@type\":\"WebSite\",\"@id\":\"https:\/\/loewentestneu.metafex.io\/es#website\",\"url\":\"https:\/\/loewentestneu.metafex.io\/es\",\"name\":\"Lions Pharmacy\",\"description\":\"Farmacia especializada en naturopat\u00eda de Baden-Baden, Alemania\",\"publisher\":{\"@id\":\"https:\/\/loewentestneu.metafex.io\/es#organization\"},\"alternateName\":\"Lion Pharmacy\",\"potentialAction\":[{\"@type\":\"SearchAction\",\"target\":{\"@type\":\"EntryPoint\",\"urlTemplate\":\"https:\/\/loewentestneu.metafex.io\/es?s={search_term_string}\"},\"query-input\":{\"@type\":\"PropertyValueSpecification\",\"valueRequired\":true,\"valueName\":\"search_term_string\"}}],\"inLanguage\":\"es\"},{\"@type\":\"Organization\",\"@id\":\"https:\/\/loewentestneu.metafex.io\/es#organization\",\"name\":\"Lions Pharmacy\",\"alternateName\":\"Lions Pharmacy24\",\"url\":\"https:\/\/loewentestneu.metafex.io\/es\",\"logo\":{\"@type\":\"ImageObject\",\"inLanguage\":\"es\",\"@id\":\"https:\/\/loewentestneu.metafex.io\/es#\/schema\/logo\/image\/\",\"url\":\"https:\/\/loewentestneu.metafex.io\/wp-content\/uploads\/2022\/12\/Logo-Lion-Pharmacy-c-o-Loewen-Apotheke-smal.jpg\",\"contentUrl\":\"https:\/\/loewentestneu.metafex.io\/wp-content\/uploads\/2022\/12\/Logo-Lion-Pharmacy-c-o-Loewen-Apotheke-smal.jpg\",\"width\":298,\"height\":99,\"caption\":\"Lions Pharmacy\"},\"image\":{\"@id\":\"https:\/\/loewentestneu.metafex.io\/es#\/schema\/logo\/image\/\"}}]}<\/script>\n<!-- \/ Yoast SEO plugin. -->","yoast_head_json":{"title":"OMNi-BiOTiC 6 Bolsitas (60x 3g) &#187; Orden en Lion Pharmacy","description":"Una farmacia en l\u00ednea registrada. Ofrecemos: Env\u00edo internacional r\u00e1pido con DHL. Para el apoyo del sistema inmunol\u00f3gico > OMNi-BiOTiC 6 Bolsitas (60x 3g)","robots":{"index":"noindex","follow":"follow","max-snippet":"max-snippet:-1","max-image-preview":"max-image-preview:large","max-video-preview":"max-video-preview:-1"},"og_locale":"es_ES","og_type":"article","og_title":"OMNi-BiOTiC 6 Bolsitas (60x 3g) &#187; Orden en Lion Pharmacy","og_description":"Una farmacia en l\u00ednea registrada. Ofrecemos: Env\u00edo internacional r\u00e1pido con DHL. Para el apoyo del sistema inmunol\u00f3gico > OMNi-BiOTiC 6 Bolsitas (60x 3g)","og_url":"https:\/\/loewentestneu.metafex.io\/es\/producto\/omni-biotic-6-60x-3g-10064811","og_site_name":"Lion Pharmacy","article_modified_time":"2025-03-31T08:38:06+00:00","og_image":[{"width":600,"height":600,"url":"https:\/\/loewentestneu.metafex.io\/wp-content\/uploads\/2025\/03\/Omni-biotic-6-from-Allergosan-PZN-10064811-on-Lions-Pharmacy.webp","type":"image\/webp"}],"twitter_card":"summary_large_image","twitter_misc":{"Tiempo de lectura":"2 minutos"},"schema":{"@context":"https:\/\/schema.org","@graph":[{"@type":"WebPage","@id":"https:\/\/loewentestneu.metafex.io\/es\/producto\/omni-biotic-6-60x-3g-10064811","url":"https:\/\/loewentestneu.metafex.io\/es\/producto\/omni-biotic-6-60x-3g-10064811","name":"OMNi-BiOTiC 6 Bolsitas (60x 3g) &#187; Orden en Lion Pharmacy","isPartOf":{"@id":"https:\/\/loewentestneu.metafex.io\/es#website"},"primaryImageOfPage":{"@id":"https:\/\/loewentestneu.metafex.io\/es\/producto\/omni-biotic-6-60x-3g-10064811#primaryimage"},"image":{"@id":"https:\/\/loewentestneu.metafex.io\/es\/producto\/omni-biotic-6-60x-3g-10064811#primaryimage"},"thumbnailUrl":"https:\/\/loewentestneu.metafex.io\/wp-content\/uploads\/2025\/03\/Omni-biotic-6-from-Allergosan-PZN-10064811-on-Lions-Pharmacy.webp","datePublished":"2025-03-31T06:15:38+00:00","dateModified":"2025-03-31T08:38:06+00:00","description":"Una farmacia en l\u00ednea registrada. Ofrecemos: Env\u00edo internacional r\u00e1pido con DHL. Para el apoyo del sistema inmunol\u00f3gico > OMNi-BiOTiC 6 Bolsitas (60x 3g)","breadcrumb":{"@id":"https:\/\/loewentestneu.metafex.io\/es\/producto\/omni-biotic-6-60x-3g-10064811#breadcrumb"},"inLanguage":"es","potentialAction":[{"@type":"ReadAction","target":["https:\/\/loewentestneu.metafex.io\/es\/producto\/omni-biotic-6-60x-3g-10064811"]}]},{"@type":"ImageObject","inLanguage":"es","@id":"https:\/\/loewentestneu.metafex.io\/es\/producto\/omni-biotic-6-60x-3g-10064811#primaryimage","url":"https:\/\/loewentestneu.metafex.io\/wp-content\/uploads\/2025\/03\/Omni-biotic-6-from-Allergosan-PZN-10064811-on-Lions-Pharmacy.webp","contentUrl":"https:\/\/loewentestneu.metafex.io\/wp-content\/uploads\/2025\/03\/Omni-biotic-6-from-Allergosan-PZN-10064811-on-Lions-Pharmacy.webp","width":600,"height":600,"caption":"Omni biotic 6 de Allergosan, PZN-10064811, en Lions-Pharmacy"},{"@type":"BreadcrumbList","@id":"https:\/\/loewentestneu.metafex.io\/es\/producto\/omni-biotic-6-60x-3g-10064811#breadcrumb","itemListElement":[{"@type":"ListItem","position":1,"name":"Home","item":"https:\/\/loewentestneu.metafex.io\/es\/homepage-lion-pharmacy"},{"@type":"ListItem","position":2,"name":"Shop","item":"https:\/\/loewentestneu.metafex.io\/es\/tienda"},{"@type":"ListItem","position":3,"name":"OMNi-BiOTiC 6 Bolsitas (60x 3g)"}]},{"@type":"WebSite","@id":"https:\/\/loewentestneu.metafex.io\/es#website","url":"https:\/\/loewentestneu.metafex.io\/es","name":"Lions Pharmacy","description":"Farmacia especializada en naturopat\u00eda de Baden-Baden, Alemania","publisher":{"@id":"https:\/\/loewentestneu.metafex.io\/es#organization"},"alternateName":"Lion Pharmacy","potentialAction":[{"@type":"SearchAction","target":{"@type":"EntryPoint","urlTemplate":"https:\/\/loewentestneu.metafex.io\/es?s={search_term_string}"},"query-input":{"@type":"PropertyValueSpecification","valueRequired":true,"valueName":"search_term_string"}}],"inLanguage":"es"},{"@type":"Organization","@id":"https:\/\/loewentestneu.metafex.io\/es#organization","name":"Lions Pharmacy","alternateName":"Lions Pharmacy24","url":"https:\/\/loewentestneu.metafex.io\/es","logo":{"@type":"ImageObject","inLanguage":"es","@id":"https:\/\/loewentestneu.metafex.io\/es#\/schema\/logo\/image\/","url":"https:\/\/loewentestneu.metafex.io\/wp-content\/uploads\/2022\/12\/Logo-Lion-Pharmacy-c-o-Loewen-Apotheke-smal.jpg","contentUrl":"https:\/\/loewentestneu.metafex.io\/wp-content\/uploads\/2022\/12\/Logo-Lion-Pharmacy-c-o-Loewen-Apotheke-smal.jpg","width":298,"height":99,"caption":"Lions Pharmacy"},"image":{"@id":"https:\/\/loewentestneu.metafex.io\/es#\/schema\/logo\/image\/"}}]}},"_links":{"self":[{"href":"https:\/\/loewentestneu.metafex.io\/es\/wp-json\/wp\/v2\/product\/10633","targetHints":{"allow":["GET"]}}],"collection":[{"href":"https:\/\/loewentestneu.metafex.io\/es\/wp-json\/wp\/v2\/product"}],"about":[{"href":"https:\/\/loewentestneu.metafex.io\/es\/wp-json\/wp\/v2\/types\/product"}],"replies":[{"embeddable":true,"href":"https:\/\/loewentestneu.metafex.io\/es\/wp-json\/wp\/v2\/comments?post=10633"}],"wp:featuredmedia":[{"embeddable":true,"href":"https:\/\/loewentestneu.metafex.io\/es\/wp-json\/wp\/v2\/media\/10639"}],"wp:attachment":[{"href":"https:\/\/loewentestneu.metafex.io\/es\/wp-json\/wp\/v2\/media?parent=10633"}],"wp:term":[{"taxonomy":"product_brand","embeddable":true,"href":"https:\/\/loewentestneu.metafex.io\/es\/wp-json\/wp\/v2\/product_brand?post=10633"},{"taxonomy":"product_cat","embeddable":true,"href":"https:\/\/loewentestneu.metafex.io\/es\/wp-json\/wp\/v2\/product_cat?post=10633"},{"taxonomy":"product_tag","embeddable":true,"href":"https:\/\/loewentestneu.metafex.io\/es\/wp-json\/wp\/v2\/product_tag?post=10633"}],"curies":[{"name":"wp","href":"https:\/\/api.w.org\/{rel}","templated":true}]}}