{"id":11959,"date":"2025-05-18T07:11:14","date_gmt":"2025-05-18T06:11:14","guid":{"rendered":"https:\/\/lions-pharmacy.com\/?post_type=product&#038;p=11959"},"modified":"2025-05-19T19:49:33","modified_gmt":"2025-05-19T18:49:33","slug":"lymphomyosot-tablets-100-pcs-06979663","status":"publish","type":"product","link":"https:\/\/loewentestneu.metafex.io\/es\/producto\/lymphomyosot-tablets-100-pcs-06979663","title":{"rendered":"Comprimidos linfomiosotr\u00f3picos (100 uds.)"},"content":{"rendered":"<h3>Comprimidos linfomiosotr\u00f3picos<\/h3>\n<p>Los comprimidos Lymphomyosot son un medicamento homeop\u00e1tico registrado, por lo que no tienen indicaci\u00f3n terap\u00e9utica.<\/p>\n<p>Prospecto\/instrucciones de uso\/ficha t\u00e9cnica del art\u00edculo: \u2013 (Lector de PDF)<\/p>\n<p>Otros productos de: <a href=\"https:\/\/loewentestneu.metafex.io\/product-tag\/homeopathy\" rel=\"tag\">Homeopat\u00eda<\/a> | <a href=\"https:\/\/loewentestneu.metafex.io\/product-tag\/vitamins-supplements\">Vitaminas y complementos Productos<\/a><\/p>\n<p>Puedes encontrar m\u00e1s detalles sobre el producto en el fabricante: <a href=\"https:\/\/www.heel.de\/de\/produktsuche.html\" target=\"_blank\" rel=\"noopener\">Biologische <\/a><a href=\"https:\/\/www.heel.de\/de\/produktsuche.html\">Heilmittel<\/a> <a href=\"https:\/\/www.heel.de\/de\/produktsuche.html\" target=\"_blank\" rel=\"noopener\">Heel GmbH<\/a><\/p>\n<p>La informaci\u00f3n contenida en este sitio web se facilita \u00fanicamente con fines informativos. En ning\u00fan caso sustituyen al examen y tratamiento por un m\u00e9dico. Tenga en cuenta que esto significa que no se pueden hacer diagn\u00f3sticos ni iniciar terapias.<\/p>\n<p>Para conocer los riesgos y efectos secundarios, lea el prospecto y consulte a su m\u00e9dico o farmac\u00e9utico.<\/p>\n<p>&nbsp;<\/p>\n<h3>Prescripci\u00f3n | \u00bfReceta electr\u00f3nica disponible?<\/h3>\n<p>Env\u00ede su receta electr\u00f3nica ahora. Utilice nuestra aplicaci\u00f3n <a href=\"https:\/\/e-rezept-app.de\/shop-rezept\" target=\"_blank\" rel=\"noopener\">de recetas electr\u00f3nicas<\/a> . \u00a1Y te damos los gastos de env\u00edo gratis en Alemania!<\/p>\n","protected":false},"excerpt":{"rendered":"<h2>Comprimidos linfomiosotr\u00f3picos<\/h2>\n<p>Medicamento homeop\u00e1tico registrado.<\/p>\n<p>&nbsp;<\/p>\n<p><strong>PZN<\/strong>: 06979663<\/p>\n<p><strong>Forma de dosificaci\u00f3n<\/strong>: ampollas<\/p>\n<p><strong>Tama\u00f1o del paquete<\/strong>: 100 uds.<\/p>\n<p><strong>Tipo de prescripci\u00f3n:<\/strong> sin receta<\/p>\n<p><strong>Marca<\/strong>: &#8211;<\/p>\n<p><strong>Fabricante<\/strong>: Biologische Heel, Alemania<\/p>\n","protected":false},"featured_media":11964,"comment_status":"closed","ping_status":"closed","template":"","meta":[],"product_brand":[],"product_cat":[348,116],"product_tag":[308,490,516,488],"class_list":{"0":"post-11959","1":"product","2":"type-product","3":"status-publish","4":"has-post-thumbnail","6":"product_cat-talon-es","7":"product_cat-sin-categorizar","8":"product_tag-homeopatia","9":"product_tag-ingrediente-activo-a-base-de-hierbas","10":"product_tag-ingrediente-activo-de-origen-vegetal","11":"product_tag-remedios-naturales","12":"ts_product_brand-all-es","13":"ts_product_brand-heel-es","15":"first","16":"instock","17":"sale","18":"taxable","19":"shipping-taxable","20":"purchasable","21":"product-type-simple"},"yoast_head":"<!-- This site is optimized with the Yoast SEO plugin v26.5 - https:\/\/yoast.com\/wordpress\/plugins\/seo\/ -->\n<title>Comprimidos linfomiosotr\u00f3picos (100 uds.) &#187; comprar en Lion Pharmacy<\/title>\n<meta name=\"description\" content=\"De Biologische Heel. Comprimidos linfomiosotr\u00f3picos (100 uds.). Haz tu pedido aqu\u00ed, en una farmacia online alemana registrada. Env\u00edo r\u00e1pido a todo el mundo.\" \/>\n<meta name=\"robots\" content=\"noindex, follow, max-snippet:-1, max-image-preview:large, max-video-preview:-1\" \/>\n<meta property=\"og:locale\" content=\"es_ES\" \/>\n<meta property=\"og:type\" content=\"article\" \/>\n<meta property=\"og:title\" content=\"Comprimidos linfomiosotr\u00f3picos (100 uds.) &#187; comprar en Lion Pharmacy\" \/>\n<meta property=\"og:description\" content=\"De Biologische Heel. Comprimidos linfomiosotr\u00f3picos (100 uds.). Haz tu pedido aqu\u00ed, en una farmacia online alemana registrada. Env\u00edo r\u00e1pido a todo el mundo.\" \/>\n<meta property=\"og:url\" content=\"https:\/\/loewentestneu.metafex.io\/es\/producto\/lymphomyosot-tablets-100-pcs-06979663\" \/>\n<meta property=\"og:site_name\" content=\"Lion Pharmacy\" \/>\n<meta property=\"article:modified_time\" content=\"2025-05-19T18:49:33+00:00\" \/>\n<meta property=\"og:image\" content=\"https:\/\/loewentestneu.metafex.io\/wp-content\/uploads\/2025\/05\/Lymphomyosot-tablets-100-from-biologische-Heel-PZN-06979663-Lions-Pharmacy.webp\" \/>\n\t<meta property=\"og:image:width\" content=\"600\" \/>\n\t<meta property=\"og:image:height\" content=\"600\" \/>\n\t<meta property=\"og:image:type\" content=\"image\/webp\" \/>\n<meta name=\"twitter:card\" content=\"summary_large_image\" \/>\n<meta name=\"twitter:label1\" content=\"Tiempo de lectura\" \/>\n\t<meta name=\"twitter:data1\" content=\"1 minuto\" \/>\n<script type=\"application\/ld+json\" class=\"yoast-schema-graph\">{\"@context\":\"https:\/\/schema.org\",\"@graph\":[{\"@type\":\"WebPage\",\"@id\":\"https:\/\/loewentestneu.metafex.io\/es\/producto\/lymphomyosot-tablets-100-pcs-06979663\",\"url\":\"https:\/\/loewentestneu.metafex.io\/es\/producto\/lymphomyosot-tablets-100-pcs-06979663\",\"name\":\"Comprimidos linfomiosotr\u00f3picos (100 uds.) &#187; comprar en Lion Pharmacy\",\"isPartOf\":{\"@id\":\"https:\/\/loewentestneu.metafex.io\/es#website\"},\"primaryImageOfPage\":{\"@id\":\"https:\/\/loewentestneu.metafex.io\/es\/producto\/lymphomyosot-tablets-100-pcs-06979663#primaryimage\"},\"image\":{\"@id\":\"https:\/\/loewentestneu.metafex.io\/es\/producto\/lymphomyosot-tablets-100-pcs-06979663#primaryimage\"},\"thumbnailUrl\":\"https:\/\/loewentestneu.metafex.io\/wp-content\/uploads\/2025\/05\/Lymphomyosot-tablets-100-from-biologische-Heel-PZN-06979663-Lions-Pharmacy.webp\",\"datePublished\":\"2025-05-18T06:11:14+00:00\",\"dateModified\":\"2025-05-19T18:49:33+00:00\",\"description\":\"De Biologische Heel. Comprimidos linfomiosotr\u00f3picos (100 uds.). Haz tu pedido aqu\u00ed, en una farmacia online alemana registrada. Env\u00edo r\u00e1pido a todo el mundo.\",\"breadcrumb\":{\"@id\":\"https:\/\/loewentestneu.metafex.io\/es\/producto\/lymphomyosot-tablets-100-pcs-06979663#breadcrumb\"},\"inLanguage\":\"es\",\"potentialAction\":[{\"@type\":\"ReadAction\",\"target\":[\"https:\/\/loewentestneu.metafex.io\/es\/producto\/lymphomyosot-tablets-100-pcs-06979663\"]}]},{\"@type\":\"ImageObject\",\"inLanguage\":\"es\",\"@id\":\"https:\/\/loewentestneu.metafex.io\/es\/producto\/lymphomyosot-tablets-100-pcs-06979663#primaryimage\",\"url\":\"https:\/\/loewentestneu.metafex.io\/wp-content\/uploads\/2025\/05\/Lymphomyosot-tablets-100-from-biologische-Heel-PZN-06979663-Lions-Pharmacy.webp\",\"contentUrl\":\"https:\/\/loewentestneu.metafex.io\/wp-content\/uploads\/2025\/05\/Lymphomyosot-tablets-100-from-biologische-Heel-PZN-06979663-Lions-Pharmacy.webp\",\"width\":600,\"height\":600,\"caption\":\"Linfomiosot comprimidos 100 de biologische Heel, PZN-06979663, Farmacia de los Leones\"},{\"@type\":\"BreadcrumbList\",\"@id\":\"https:\/\/loewentestneu.metafex.io\/es\/producto\/lymphomyosot-tablets-100-pcs-06979663#breadcrumb\",\"itemListElement\":[{\"@type\":\"ListItem\",\"position\":1,\"name\":\"Home\",\"item\":\"https:\/\/loewentestneu.metafex.io\/es\/homepage-lion-pharmacy\"},{\"@type\":\"ListItem\",\"position\":2,\"name\":\"Shop\",\"item\":\"https:\/\/loewentestneu.metafex.io\/es\/tienda\"},{\"@type\":\"ListItem\",\"position\":3,\"name\":\"Comprimidos linfomiosotr\u00f3picos (100 uds.)\"}]},{\"@type\":\"WebSite\",\"@id\":\"https:\/\/loewentestneu.metafex.io\/es#website\",\"url\":\"https:\/\/loewentestneu.metafex.io\/es\",\"name\":\"Lions Pharmacy\",\"description\":\"Farmacia especializada en naturopat\u00eda de Baden-Baden, Alemania\",\"publisher\":{\"@id\":\"https:\/\/loewentestneu.metafex.io\/es#organization\"},\"alternateName\":\"Lion Pharmacy\",\"potentialAction\":[{\"@type\":\"SearchAction\",\"target\":{\"@type\":\"EntryPoint\",\"urlTemplate\":\"https:\/\/loewentestneu.metafex.io\/es?s={search_term_string}\"},\"query-input\":{\"@type\":\"PropertyValueSpecification\",\"valueRequired\":true,\"valueName\":\"search_term_string\"}}],\"inLanguage\":\"es\"},{\"@type\":\"Organization\",\"@id\":\"https:\/\/loewentestneu.metafex.io\/es#organization\",\"name\":\"Lions Pharmacy\",\"alternateName\":\"Lions Pharmacy24\",\"url\":\"https:\/\/loewentestneu.metafex.io\/es\",\"logo\":{\"@type\":\"ImageObject\",\"inLanguage\":\"es\",\"@id\":\"https:\/\/loewentestneu.metafex.io\/es#\/schema\/logo\/image\/\",\"url\":\"https:\/\/loewentestneu.metafex.io\/wp-content\/uploads\/2022\/12\/Logo-Lion-Pharmacy-c-o-Loewen-Apotheke-smal.jpg\",\"contentUrl\":\"https:\/\/loewentestneu.metafex.io\/wp-content\/uploads\/2022\/12\/Logo-Lion-Pharmacy-c-o-Loewen-Apotheke-smal.jpg\",\"width\":298,\"height\":99,\"caption\":\"Lions Pharmacy\"},\"image\":{\"@id\":\"https:\/\/loewentestneu.metafex.io\/es#\/schema\/logo\/image\/\"}}]}<\/script>\n<!-- \/ Yoast SEO plugin. -->","yoast_head_json":{"title":"Comprimidos linfomiosotr\u00f3picos (100 uds.) &#187; comprar en Lion Pharmacy","description":"De Biologische Heel. Comprimidos linfomiosotr\u00f3picos (100 uds.). Haz tu pedido aqu\u00ed, en una farmacia online alemana registrada. Env\u00edo r\u00e1pido a todo el mundo.","robots":{"index":"noindex","follow":"follow","max-snippet":"max-snippet:-1","max-image-preview":"max-image-preview:large","max-video-preview":"max-video-preview:-1"},"og_locale":"es_ES","og_type":"article","og_title":"Comprimidos linfomiosotr\u00f3picos (100 uds.) &#187; comprar en Lion Pharmacy","og_description":"De Biologische Heel. Comprimidos linfomiosotr\u00f3picos (100 uds.). Haz tu pedido aqu\u00ed, en una farmacia online alemana registrada. Env\u00edo r\u00e1pido a todo el mundo.","og_url":"https:\/\/loewentestneu.metafex.io\/es\/producto\/lymphomyosot-tablets-100-pcs-06979663","og_site_name":"Lion Pharmacy","article_modified_time":"2025-05-19T18:49:33+00:00","og_image":[{"width":600,"height":600,"url":"https:\/\/loewentestneu.metafex.io\/wp-content\/uploads\/2025\/05\/Lymphomyosot-tablets-100-from-biologische-Heel-PZN-06979663-Lions-Pharmacy.webp","type":"image\/webp"}],"twitter_card":"summary_large_image","twitter_misc":{"Tiempo de lectura":"1 minuto"},"schema":{"@context":"https:\/\/schema.org","@graph":[{"@type":"WebPage","@id":"https:\/\/loewentestneu.metafex.io\/es\/producto\/lymphomyosot-tablets-100-pcs-06979663","url":"https:\/\/loewentestneu.metafex.io\/es\/producto\/lymphomyosot-tablets-100-pcs-06979663","name":"Comprimidos linfomiosotr\u00f3picos (100 uds.) &#187; comprar en Lion Pharmacy","isPartOf":{"@id":"https:\/\/loewentestneu.metafex.io\/es#website"},"primaryImageOfPage":{"@id":"https:\/\/loewentestneu.metafex.io\/es\/producto\/lymphomyosot-tablets-100-pcs-06979663#primaryimage"},"image":{"@id":"https:\/\/loewentestneu.metafex.io\/es\/producto\/lymphomyosot-tablets-100-pcs-06979663#primaryimage"},"thumbnailUrl":"https:\/\/loewentestneu.metafex.io\/wp-content\/uploads\/2025\/05\/Lymphomyosot-tablets-100-from-biologische-Heel-PZN-06979663-Lions-Pharmacy.webp","datePublished":"2025-05-18T06:11:14+00:00","dateModified":"2025-05-19T18:49:33+00:00","description":"De Biologische Heel. Comprimidos linfomiosotr\u00f3picos (100 uds.). Haz tu pedido aqu\u00ed, en una farmacia online alemana registrada. Env\u00edo r\u00e1pido a todo el mundo.","breadcrumb":{"@id":"https:\/\/loewentestneu.metafex.io\/es\/producto\/lymphomyosot-tablets-100-pcs-06979663#breadcrumb"},"inLanguage":"es","potentialAction":[{"@type":"ReadAction","target":["https:\/\/loewentestneu.metafex.io\/es\/producto\/lymphomyosot-tablets-100-pcs-06979663"]}]},{"@type":"ImageObject","inLanguage":"es","@id":"https:\/\/loewentestneu.metafex.io\/es\/producto\/lymphomyosot-tablets-100-pcs-06979663#primaryimage","url":"https:\/\/loewentestneu.metafex.io\/wp-content\/uploads\/2025\/05\/Lymphomyosot-tablets-100-from-biologische-Heel-PZN-06979663-Lions-Pharmacy.webp","contentUrl":"https:\/\/loewentestneu.metafex.io\/wp-content\/uploads\/2025\/05\/Lymphomyosot-tablets-100-from-biologische-Heel-PZN-06979663-Lions-Pharmacy.webp","width":600,"height":600,"caption":"Linfomiosot comprimidos 100 de biologische Heel, PZN-06979663, Farmacia de los Leones"},{"@type":"BreadcrumbList","@id":"https:\/\/loewentestneu.metafex.io\/es\/producto\/lymphomyosot-tablets-100-pcs-06979663#breadcrumb","itemListElement":[{"@type":"ListItem","position":1,"name":"Home","item":"https:\/\/loewentestneu.metafex.io\/es\/homepage-lion-pharmacy"},{"@type":"ListItem","position":2,"name":"Shop","item":"https:\/\/loewentestneu.metafex.io\/es\/tienda"},{"@type":"ListItem","position":3,"name":"Comprimidos linfomiosotr\u00f3picos (100 uds.)"}]},{"@type":"WebSite","@id":"https:\/\/loewentestneu.metafex.io\/es#website","url":"https:\/\/loewentestneu.metafex.io\/es","name":"Lions Pharmacy","description":"Farmacia especializada en naturopat\u00eda de Baden-Baden, Alemania","publisher":{"@id":"https:\/\/loewentestneu.metafex.io\/es#organization"},"alternateName":"Lion Pharmacy","potentialAction":[{"@type":"SearchAction","target":{"@type":"EntryPoint","urlTemplate":"https:\/\/loewentestneu.metafex.io\/es?s={search_term_string}"},"query-input":{"@type":"PropertyValueSpecification","valueRequired":true,"valueName":"search_term_string"}}],"inLanguage":"es"},{"@type":"Organization","@id":"https:\/\/loewentestneu.metafex.io\/es#organization","name":"Lions Pharmacy","alternateName":"Lions Pharmacy24","url":"https:\/\/loewentestneu.metafex.io\/es","logo":{"@type":"ImageObject","inLanguage":"es","@id":"https:\/\/loewentestneu.metafex.io\/es#\/schema\/logo\/image\/","url":"https:\/\/loewentestneu.metafex.io\/wp-content\/uploads\/2022\/12\/Logo-Lion-Pharmacy-c-o-Loewen-Apotheke-smal.jpg","contentUrl":"https:\/\/loewentestneu.metafex.io\/wp-content\/uploads\/2022\/12\/Logo-Lion-Pharmacy-c-o-Loewen-Apotheke-smal.jpg","width":298,"height":99,"caption":"Lions Pharmacy"},"image":{"@id":"https:\/\/loewentestneu.metafex.io\/es#\/schema\/logo\/image\/"}}]}},"_links":{"self":[{"href":"https:\/\/loewentestneu.metafex.io\/es\/wp-json\/wp\/v2\/product\/11959","targetHints":{"allow":["GET"]}}],"collection":[{"href":"https:\/\/loewentestneu.metafex.io\/es\/wp-json\/wp\/v2\/product"}],"about":[{"href":"https:\/\/loewentestneu.metafex.io\/es\/wp-json\/wp\/v2\/types\/product"}],"replies":[{"embeddable":true,"href":"https:\/\/loewentestneu.metafex.io\/es\/wp-json\/wp\/v2\/comments?post=11959"}],"wp:featuredmedia":[{"embeddable":true,"href":"https:\/\/loewentestneu.metafex.io\/es\/wp-json\/wp\/v2\/media\/11964"}],"wp:attachment":[{"href":"https:\/\/loewentestneu.metafex.io\/es\/wp-json\/wp\/v2\/media?parent=11959"}],"wp:term":[{"taxonomy":"product_brand","embeddable":true,"href":"https:\/\/loewentestneu.metafex.io\/es\/wp-json\/wp\/v2\/product_brand?post=11959"},{"taxonomy":"product_cat","embeddable":true,"href":"https:\/\/loewentestneu.metafex.io\/es\/wp-json\/wp\/v2\/product_cat?post=11959"},{"taxonomy":"product_tag","embeddable":true,"href":"https:\/\/loewentestneu.metafex.io\/es\/wp-json\/wp\/v2\/product_tag?post=11959"}],"curies":[{"name":"wp","href":"https:\/\/api.w.org\/{rel}","templated":true}]}}