{"id":13849,"date":"2025-07-30T18:11:42","date_gmt":"2025-07-30T17:11:42","guid":{"rendered":"https:\/\/lions-pharmacy.com\/?post_type=product&#038;p=13849"},"modified":"2025-12-02T08:20:17","modified_gmt":"2025-12-02T07:20:17","slug":"ciclopoli-nail-polish-against-nail-fungus-6-6ml-with-application-aid-02247667","status":"publish","type":"product","link":"https:\/\/loewentestneu.metafex.io\/es\/producto\/ciclopoli-nail-polish-against-nail-fungus-6-6ml-with-application-aid-02247667","title":{"rendered":"Esmalte Ciclopoli contra los hongos de las u\u00f1as (6,6 ml) con ayuda para la aplicaci\u00f3n"},"content":{"rendered":"<h3>Esmalte Ciclopoli contra los hongos de las u\u00f1as (6,6 ml) con ayuda para la aplicaci\u00f3n<\/h3>\n<p>Ciclopoli esmalte contra los hongos de las u\u00f1as el esmalte contra los hongos de las u\u00f1as. El preparado es un f\u00e1rmaco antif\u00fangico de amplia acci\u00f3n (antif\u00fangico de amplio espectro). Se utiliza para tratar enfermedades f\u00fangicas de las u\u00f1as (onicomicosis) causadas por hongos filamentosos y\/u otros hongos que pueden tratarse con ciclopirox. El principio activo ciclopirox impide el crecimiento de los hongos y los mata. Esto mejorar\u00e1 el aspecto de tus u\u00f1as.<\/p>\n<h3>Detalles del producto e informaci\u00f3n obligatoria<\/h3>\n<p>Prospecto: &#8211; (lector de PDF) e Informaci\u00f3n alimentaria.<\/p>\n<p>Ingrediente activo: Ciclopirox<\/p>\n<p>M\u00e1s informaci\u00f3n sobre el fabricante y este producto: Almirall Hermal GmbH (enlace a un sitio web externo)<\/p>\n<p>La informaci\u00f3n contenida en este sitio web se facilita \u00fanicamente con fines informativos. En ning\u00fan caso sustituyen al examen y tratamiento por un m\u00e9dico. Tenga en cuenta que esto significa que no se pueden hacer diagn\u00f3sticos ni iniciar terapias. Importaci\u00f3n \u00fanica &#8211; Importamos este medicamento por ti. El resultado es un plazo de entrega m\u00e1s largo. Se excluyen las devoluciones de importaciones individuales.<\/p>\n<p>Para conocer los riesgos y efectos secundarios, lea el prospecto y consulte a su m\u00e9dico o farmac\u00e9utico.<\/p>\n<h4><\/h4>\n<h3>Consejo experto de la farmacia:<\/h3>\n<p>Nuestro farmac\u00e9utico recomienda lo siguiente para la concentraci\u00f3n y el estr\u00e9s: <a href=\"https:\/\/loewentestneu.metafex.io\/es\/producto\/neurapas-balance-100-uds-4150014981430\">Neurapas equilibrio<\/a> &#8211; de eficacia probada y espec\u00edfica.<\/p>\n<p>Otros productos para la aplicaci\u00f3n: <a href=\"https:\/\/loewentestneu.metafex.io\/es\/etiqueta-producto\/vitaminas-y-suplementos\">Vitaminas y complementos<\/a> | <a href=\"https:\/\/loewentestneu.metafex.io\/es\/etiqueta-producto\/remedios-naturales\" rel=\"tag\">Remedios naturales<\/a> | <a href=\"https:\/\/loewentestneu.metafex.io\/es\/etiqueta-producto\/bienestar\" rel=\"tag\">Bienestar<\/a><\/p>\n<h3>\u00bfPreguntas sobre el producto? \u00a1Estamos a tu disposici\u00f3n!<\/h3>\n<p>Nuestra farmac\u00e9utica responsable, la Dra. Sandra Hoff, y su equipo estar\u00e1n encantados de asesorarte personalmente, por tel\u00e9fono o correo electr\u00f3nico. Como aut\u00e9ntica farmacia local y farmacia autorizada de venta por correspondencia, te ofrecemos un apoyo competente, especialmente en los \u00e1mbitos de <a href=\"https:\/\/loewentestneu.metafex.io\/es\/etiqueta-producto\/remedios-naturales\">la naturopat\u00eda<\/a> y <a href=\"https:\/\/loewentestneu.metafex.io\/es\/etiqueta-producto\/vitaminas-y-suplementos\">los complementos diet\u00e9ticos<\/a>, aqu\u00ed los medicamentos de <a href=\"https:\/\/loewentestneu.metafex.io\/es\/product-brand\/vitorgan-es\">vitOrgan<\/a> y <a href=\"https:\/\/loewentestneu.metafex.io\/es\/product-category\/labo-life-es\">Labo Life<\/a>.<br \/>\nPuedes encontrar nuestra autorizaci\u00f3n como entrada en el <a href=\"https:\/\/versandhandel.dimdi.de\/websearch\/servlet\/Gate;jsessionid=0D29D15655BE1174E9178A340E8FE6BC?accessid=dimdi_var&amp;term=3c387956690121ccc8763184f052b93f\" target=\"_blank\" rel=\"noopener\">registro de pedidos por correo<\/a>.<\/p>\n<h3>Canjear una receta o receta electr\u00f3nica:<\/h3>\n<p>\u00bfTienes receta o receta electr\u00f3nica? Env\u00edala c\u00f3modamente a trav\u00e9s de nuestra aplicaci\u00f3n <a href=\"https:\/\/e-rezept-app.de\/shop-rezept\" target=\"_blank\" rel=\"noopener\">de receta electr\u00f3nica<\/a>; tambi\u00e9n son posibles las recetas privadas para aut\u00f3nomos. R\u00e1pido, seguro y f\u00e1cil.<\/p>\n","protected":false},"excerpt":{"rendered":"<h2>Esmalte Ciclopoli contra los hongos de las u\u00f1as<\/h2>\n<p>Esmalte de u\u00f1as con ciclopirox, principio activo de eficacia probada contra los hongos de las u\u00f1as.<\/p>\n<p>&nbsp;<\/p>\n<p><strong>PZN<\/strong>: 02247667<\/p>\n<p><strong>Forma farmac\u00e9utica<\/strong>: gel<\/p>\n<p><strong>Tipo de receta<\/strong>: sin receta<\/p>\n<p><strong>Marca<\/strong>: Ciclopoli<\/p>\n<p><strong>Fabricante<\/strong>: Almirall Hermal GmbH, 21465 Reinbek, Alemania<\/p>\n","protected":false},"featured_media":13863,"comment_status":"closed","ping_status":"closed","template":"","meta":[],"product_brand":[],"product_cat":[125,116],"product_tag":[273,275,272],"class_list":{"0":"post-13849","1":"product","2":"type-product","3":"status-publish","4":"has-post-thumbnail","6":"product_cat-sale-es","7":"product_cat-sin-categorizar","8":"product_tag-control-de-peso","9":"product_tag-peso-y-forma-fisica","10":"product_tag-vitaminas-y-suplementos","11":"ts_product_brand-all-es","13":"first","14":"instock","15":"sale","16":"featured","17":"taxable","18":"shipping-taxable","19":"purchasable","20":"product-type-simple"},"yoast_head":"<!-- This site is optimized with the Yoast SEO plugin v26.5 - https:\/\/yoast.com\/wordpress\/plugins\/seo\/ -->\n<title>Esmalte Ciclopoli contra los hongos de las u\u00f1as (6,6 ml) con ayuda para la aplicaci\u00f3n<\/title>\n<meta name=\"description\" content=\"Producto para los hongos de las u\u00f1as. M\u00e1s informaci\u00f3n sobre Esmalte Ciclopoli contra los hongos de las u\u00f1as (6,6 ml) con ayuda para la aplicaci\u00f3n. Te ofrecemos: Env\u00edo r\u00e1pido y compra segura en l\u00ednea\" \/>\n<meta name=\"robots\" content=\"noindex, follow, max-snippet:-1, max-image-preview:large, max-video-preview:-1\" \/>\n<meta property=\"og:locale\" content=\"es_ES\" \/>\n<meta property=\"og:type\" content=\"article\" \/>\n<meta property=\"og:title\" content=\"Esmalte Ciclopoli contra los hongos de las u\u00f1as (6,6 ml) con ayuda para la aplicaci\u00f3n\" \/>\n<meta property=\"og:description\" content=\"Producto para los hongos de las u\u00f1as. M\u00e1s informaci\u00f3n sobre Esmalte Ciclopoli contra los hongos de las u\u00f1as (6,6 ml) con ayuda para la aplicaci\u00f3n. Te ofrecemos: Env\u00edo r\u00e1pido y compra segura en l\u00ednea\" \/>\n<meta property=\"og:url\" content=\"https:\/\/loewentestneu.metafex.io\/es\/producto\/ciclopoli-nail-polish-against-nail-fungus-6-6ml-with-application-aid-02247667\" \/>\n<meta property=\"og:site_name\" content=\"Lion Pharmacy\" \/>\n<meta property=\"article:modified_time\" content=\"2025-12-02T07:20:17+00:00\" \/>\n<meta property=\"og:image\" content=\"https:\/\/loewentestneu.metafex.io\/wp-content\/uploads\/2025\/07\/Ciclopoli-nail-polish-against-nail-fungus-6.6ml-with-application-aid-Lions-pharmcy-Deutschland.webp\" \/>\n\t<meta property=\"og:image:width\" content=\"600\" \/>\n\t<meta property=\"og:image:height\" content=\"600\" \/>\n\t<meta property=\"og:image:type\" content=\"image\/webp\" \/>\n<meta name=\"twitter:card\" content=\"summary_large_image\" \/>\n<meta name=\"twitter:label1\" content=\"Tiempo de lectura\" \/>\n\t<meta name=\"twitter:data1\" content=\"2 minutos\" \/>\n<script type=\"application\/ld+json\" class=\"yoast-schema-graph\">{\"@context\":\"https:\/\/schema.org\",\"@graph\":[{\"@type\":\"WebPage\",\"@id\":\"https:\/\/loewentestneu.metafex.io\/es\/producto\/ciclopoli-nail-polish-against-nail-fungus-6-6ml-with-application-aid-02247667\",\"url\":\"https:\/\/loewentestneu.metafex.io\/es\/producto\/ciclopoli-nail-polish-against-nail-fungus-6-6ml-with-application-aid-02247667\",\"name\":\"Esmalte Ciclopoli contra los hongos de las u\u00f1as (6,6 ml) con ayuda para la aplicaci\u00f3n\",\"isPartOf\":{\"@id\":\"https:\/\/loewentestneu.metafex.io\/es#website\"},\"primaryImageOfPage\":{\"@id\":\"https:\/\/loewentestneu.metafex.io\/es\/producto\/ciclopoli-nail-polish-against-nail-fungus-6-6ml-with-application-aid-02247667#primaryimage\"},\"image\":{\"@id\":\"https:\/\/loewentestneu.metafex.io\/es\/producto\/ciclopoli-nail-polish-against-nail-fungus-6-6ml-with-application-aid-02247667#primaryimage\"},\"thumbnailUrl\":\"https:\/\/loewentestneu.metafex.io\/wp-content\/uploads\/2025\/07\/Ciclopoli-nail-polish-against-nail-fungus-6.6ml-with-application-aid-Lions-pharmcy-Deutschland.webp\",\"datePublished\":\"2025-07-30T17:11:42+00:00\",\"dateModified\":\"2025-12-02T07:20:17+00:00\",\"description\":\"Producto para los hongos de las u\u00f1as. M\u00e1s informaci\u00f3n sobre Esmalte Ciclopoli contra los hongos de las u\u00f1as (6,6 ml) con ayuda para la aplicaci\u00f3n. Te ofrecemos: Env\u00edo r\u00e1pido y compra segura en l\u00ednea\",\"breadcrumb\":{\"@id\":\"https:\/\/loewentestneu.metafex.io\/es\/producto\/ciclopoli-nail-polish-against-nail-fungus-6-6ml-with-application-aid-02247667#breadcrumb\"},\"inLanguage\":\"es\",\"potentialAction\":[{\"@type\":\"ReadAction\",\"target\":[\"https:\/\/loewentestneu.metafex.io\/es\/producto\/ciclopoli-nail-polish-against-nail-fungus-6-6ml-with-application-aid-02247667\"]}]},{\"@type\":\"ImageObject\",\"inLanguage\":\"es\",\"@id\":\"https:\/\/loewentestneu.metafex.io\/es\/producto\/ciclopoli-nail-polish-against-nail-fungus-6-6ml-with-application-aid-02247667#primaryimage\",\"url\":\"https:\/\/loewentestneu.metafex.io\/wp-content\/uploads\/2025\/07\/Ciclopoli-nail-polish-against-nail-fungus-6.6ml-with-application-aid-Lions-pharmcy-Deutschland.webp\",\"contentUrl\":\"https:\/\/loewentestneu.metafex.io\/wp-content\/uploads\/2025\/07\/Ciclopoli-nail-polish-against-nail-fungus-6.6ml-with-application-aid-Lions-pharmcy-Deutschland.webp\",\"width\":600,\"height\":600,\"caption\":\"Esmalte Ciclopoli contra los hongos de las u\u00f1as (6,6 ml) con ayuda para la aplicaci\u00f3n, Lions pharmcy, Deutschland\"},{\"@type\":\"BreadcrumbList\",\"@id\":\"https:\/\/loewentestneu.metafex.io\/es\/producto\/ciclopoli-nail-polish-against-nail-fungus-6-6ml-with-application-aid-02247667#breadcrumb\",\"itemListElement\":[{\"@type\":\"ListItem\",\"position\":1,\"name\":\"Home\",\"item\":\"https:\/\/loewentestneu.metafex.io\/es\/homepage-lion-pharmacy\"},{\"@type\":\"ListItem\",\"position\":2,\"name\":\"Shop\",\"item\":\"https:\/\/loewentestneu.metafex.io\/es\/tienda\"},{\"@type\":\"ListItem\",\"position\":3,\"name\":\"Esmalte Ciclopoli contra los hongos de las u\u00f1as (6,6 ml) con ayuda para la aplicaci\u00f3n\"}]},{\"@type\":\"WebSite\",\"@id\":\"https:\/\/loewentestneu.metafex.io\/es#website\",\"url\":\"https:\/\/loewentestneu.metafex.io\/es\",\"name\":\"Lions Pharmacy\",\"description\":\"Farmacia especializada en naturopat\u00eda de Baden-Baden, Alemania\",\"publisher\":{\"@id\":\"https:\/\/loewentestneu.metafex.io\/es#organization\"},\"alternateName\":\"Lion Pharmacy\",\"potentialAction\":[{\"@type\":\"SearchAction\",\"target\":{\"@type\":\"EntryPoint\",\"urlTemplate\":\"https:\/\/loewentestneu.metafex.io\/es?s={search_term_string}\"},\"query-input\":{\"@type\":\"PropertyValueSpecification\",\"valueRequired\":true,\"valueName\":\"search_term_string\"}}],\"inLanguage\":\"es\"},{\"@type\":\"Organization\",\"@id\":\"https:\/\/loewentestneu.metafex.io\/es#organization\",\"name\":\"Lions Pharmacy\",\"alternateName\":\"Lions Pharmacy24\",\"url\":\"https:\/\/loewentestneu.metafex.io\/es\",\"logo\":{\"@type\":\"ImageObject\",\"inLanguage\":\"es\",\"@id\":\"https:\/\/loewentestneu.metafex.io\/es#\/schema\/logo\/image\/\",\"url\":\"https:\/\/loewentestneu.metafex.io\/wp-content\/uploads\/2022\/12\/Logo-Lion-Pharmacy-c-o-Loewen-Apotheke-smal.jpg\",\"contentUrl\":\"https:\/\/loewentestneu.metafex.io\/wp-content\/uploads\/2022\/12\/Logo-Lion-Pharmacy-c-o-Loewen-Apotheke-smal.jpg\",\"width\":298,\"height\":99,\"caption\":\"Lions Pharmacy\"},\"image\":{\"@id\":\"https:\/\/loewentestneu.metafex.io\/es#\/schema\/logo\/image\/\"}}]}<\/script>\n<!-- \/ Yoast SEO plugin. -->","yoast_head_json":{"title":"Esmalte Ciclopoli contra los hongos de las u\u00f1as (6,6 ml) con ayuda para la aplicaci\u00f3n","description":"Producto para los hongos de las u\u00f1as. M\u00e1s informaci\u00f3n sobre Esmalte Ciclopoli contra los hongos de las u\u00f1as (6,6 ml) con ayuda para la aplicaci\u00f3n. Te ofrecemos: Env\u00edo r\u00e1pido y compra segura en l\u00ednea","robots":{"index":"noindex","follow":"follow","max-snippet":"max-snippet:-1","max-image-preview":"max-image-preview:large","max-video-preview":"max-video-preview:-1"},"og_locale":"es_ES","og_type":"article","og_title":"Esmalte Ciclopoli contra los hongos de las u\u00f1as (6,6 ml) con ayuda para la aplicaci\u00f3n","og_description":"Producto para los hongos de las u\u00f1as. M\u00e1s informaci\u00f3n sobre Esmalte Ciclopoli contra los hongos de las u\u00f1as (6,6 ml) con ayuda para la aplicaci\u00f3n. Te ofrecemos: Env\u00edo r\u00e1pido y compra segura en l\u00ednea","og_url":"https:\/\/loewentestneu.metafex.io\/es\/producto\/ciclopoli-nail-polish-against-nail-fungus-6-6ml-with-application-aid-02247667","og_site_name":"Lion Pharmacy","article_modified_time":"2025-12-02T07:20:17+00:00","og_image":[{"width":600,"height":600,"url":"https:\/\/loewentestneu.metafex.io\/wp-content\/uploads\/2025\/07\/Ciclopoli-nail-polish-against-nail-fungus-6.6ml-with-application-aid-Lions-pharmcy-Deutschland.webp","type":"image\/webp"}],"twitter_card":"summary_large_image","twitter_misc":{"Tiempo de lectura":"2 minutos"},"schema":{"@context":"https:\/\/schema.org","@graph":[{"@type":"WebPage","@id":"https:\/\/loewentestneu.metafex.io\/es\/producto\/ciclopoli-nail-polish-against-nail-fungus-6-6ml-with-application-aid-02247667","url":"https:\/\/loewentestneu.metafex.io\/es\/producto\/ciclopoli-nail-polish-against-nail-fungus-6-6ml-with-application-aid-02247667","name":"Esmalte Ciclopoli contra los hongos de las u\u00f1as (6,6 ml) con ayuda para la aplicaci\u00f3n","isPartOf":{"@id":"https:\/\/loewentestneu.metafex.io\/es#website"},"primaryImageOfPage":{"@id":"https:\/\/loewentestneu.metafex.io\/es\/producto\/ciclopoli-nail-polish-against-nail-fungus-6-6ml-with-application-aid-02247667#primaryimage"},"image":{"@id":"https:\/\/loewentestneu.metafex.io\/es\/producto\/ciclopoli-nail-polish-against-nail-fungus-6-6ml-with-application-aid-02247667#primaryimage"},"thumbnailUrl":"https:\/\/loewentestneu.metafex.io\/wp-content\/uploads\/2025\/07\/Ciclopoli-nail-polish-against-nail-fungus-6.6ml-with-application-aid-Lions-pharmcy-Deutschland.webp","datePublished":"2025-07-30T17:11:42+00:00","dateModified":"2025-12-02T07:20:17+00:00","description":"Producto para los hongos de las u\u00f1as. M\u00e1s informaci\u00f3n sobre Esmalte Ciclopoli contra los hongos de las u\u00f1as (6,6 ml) con ayuda para la aplicaci\u00f3n. Te ofrecemos: Env\u00edo r\u00e1pido y compra segura en l\u00ednea","breadcrumb":{"@id":"https:\/\/loewentestneu.metafex.io\/es\/producto\/ciclopoli-nail-polish-against-nail-fungus-6-6ml-with-application-aid-02247667#breadcrumb"},"inLanguage":"es","potentialAction":[{"@type":"ReadAction","target":["https:\/\/loewentestneu.metafex.io\/es\/producto\/ciclopoli-nail-polish-against-nail-fungus-6-6ml-with-application-aid-02247667"]}]},{"@type":"ImageObject","inLanguage":"es","@id":"https:\/\/loewentestneu.metafex.io\/es\/producto\/ciclopoli-nail-polish-against-nail-fungus-6-6ml-with-application-aid-02247667#primaryimage","url":"https:\/\/loewentestneu.metafex.io\/wp-content\/uploads\/2025\/07\/Ciclopoli-nail-polish-against-nail-fungus-6.6ml-with-application-aid-Lions-pharmcy-Deutschland.webp","contentUrl":"https:\/\/loewentestneu.metafex.io\/wp-content\/uploads\/2025\/07\/Ciclopoli-nail-polish-against-nail-fungus-6.6ml-with-application-aid-Lions-pharmcy-Deutschland.webp","width":600,"height":600,"caption":"Esmalte Ciclopoli contra los hongos de las u\u00f1as (6,6 ml) con ayuda para la aplicaci\u00f3n, Lions pharmcy, Deutschland"},{"@type":"BreadcrumbList","@id":"https:\/\/loewentestneu.metafex.io\/es\/producto\/ciclopoli-nail-polish-against-nail-fungus-6-6ml-with-application-aid-02247667#breadcrumb","itemListElement":[{"@type":"ListItem","position":1,"name":"Home","item":"https:\/\/loewentestneu.metafex.io\/es\/homepage-lion-pharmacy"},{"@type":"ListItem","position":2,"name":"Shop","item":"https:\/\/loewentestneu.metafex.io\/es\/tienda"},{"@type":"ListItem","position":3,"name":"Esmalte Ciclopoli contra los hongos de las u\u00f1as (6,6 ml) con ayuda para la aplicaci\u00f3n"}]},{"@type":"WebSite","@id":"https:\/\/loewentestneu.metafex.io\/es#website","url":"https:\/\/loewentestneu.metafex.io\/es","name":"Lions Pharmacy","description":"Farmacia especializada en naturopat\u00eda de Baden-Baden, Alemania","publisher":{"@id":"https:\/\/loewentestneu.metafex.io\/es#organization"},"alternateName":"Lion Pharmacy","potentialAction":[{"@type":"SearchAction","target":{"@type":"EntryPoint","urlTemplate":"https:\/\/loewentestneu.metafex.io\/es?s={search_term_string}"},"query-input":{"@type":"PropertyValueSpecification","valueRequired":true,"valueName":"search_term_string"}}],"inLanguage":"es"},{"@type":"Organization","@id":"https:\/\/loewentestneu.metafex.io\/es#organization","name":"Lions Pharmacy","alternateName":"Lions Pharmacy24","url":"https:\/\/loewentestneu.metafex.io\/es","logo":{"@type":"ImageObject","inLanguage":"es","@id":"https:\/\/loewentestneu.metafex.io\/es#\/schema\/logo\/image\/","url":"https:\/\/loewentestneu.metafex.io\/wp-content\/uploads\/2022\/12\/Logo-Lion-Pharmacy-c-o-Loewen-Apotheke-smal.jpg","contentUrl":"https:\/\/loewentestneu.metafex.io\/wp-content\/uploads\/2022\/12\/Logo-Lion-Pharmacy-c-o-Loewen-Apotheke-smal.jpg","width":298,"height":99,"caption":"Lions Pharmacy"},"image":{"@id":"https:\/\/loewentestneu.metafex.io\/es#\/schema\/logo\/image\/"}}]}},"_links":{"self":[{"href":"https:\/\/loewentestneu.metafex.io\/es\/wp-json\/wp\/v2\/product\/13849","targetHints":{"allow":["GET"]}}],"collection":[{"href":"https:\/\/loewentestneu.metafex.io\/es\/wp-json\/wp\/v2\/product"}],"about":[{"href":"https:\/\/loewentestneu.metafex.io\/es\/wp-json\/wp\/v2\/types\/product"}],"replies":[{"embeddable":true,"href":"https:\/\/loewentestneu.metafex.io\/es\/wp-json\/wp\/v2\/comments?post=13849"}],"wp:featuredmedia":[{"embeddable":true,"href":"https:\/\/loewentestneu.metafex.io\/es\/wp-json\/wp\/v2\/media\/13863"}],"wp:attachment":[{"href":"https:\/\/loewentestneu.metafex.io\/es\/wp-json\/wp\/v2\/media?parent=13849"}],"wp:term":[{"taxonomy":"product_brand","embeddable":true,"href":"https:\/\/loewentestneu.metafex.io\/es\/wp-json\/wp\/v2\/product_brand?post=13849"},{"taxonomy":"product_cat","embeddable":true,"href":"https:\/\/loewentestneu.metafex.io\/es\/wp-json\/wp\/v2\/product_cat?post=13849"},{"taxonomy":"product_tag","embeddable":true,"href":"https:\/\/loewentestneu.metafex.io\/es\/wp-json\/wp\/v2\/product_tag?post=13849"}],"curies":[{"name":"wp","href":"https:\/\/api.w.org\/{rel}","templated":true}]}}