{"id":15300,"date":"2025-09-24T21:20:41","date_gmt":"2025-09-24T20:20:41","guid":{"rendered":"https:\/\/lions-pharmacy.com\/?post_type=product&#038;p=15300"},"modified":"2025-09-24T21:51:29","modified_gmt":"2025-09-24T20:51:29","slug":"pure-encapsulations-magnesium-glycinate-capsules-90-pcs-05852191","status":"publish","type":"product","link":"https:\/\/loewentestneu.metafex.io\/es\/producto\/pure-encapsulations-magnesium-glycinate-capsules-90-pcs-05852191","title":{"rendered":"C\u00e1psulas de glicinato de magnesio Pure Encapsulations (90 uds.)"},"content":{"rendered":"<h3>C\u00e1psulas de glicinato de magnesio de Pure Encapsulations<\/h3>\n<p>C\u00e1psulas de glicinato de magnesio Pure Encapsulations un mineral para el metabolismo energ\u00e9tico. El magnesio no s\u00f3lo contribuye a una funci\u00f3n muscular sana y al metabolismo energ\u00e9tico, sino que tambi\u00e9n desempe\u00f1a un papel importante para los nervios y la psique. Por eso puede recomendarse como suplemento nutricional en \u00e9pocas de estr\u00e9s. Contiene Magnesioglicinato.<\/p>\n<p>Prospecto\/instrucciones de uso\/ficha t\u00e9cnica del envase: <a href=\"https:\/\/loewentestneu.metafex.io\/wp-content\/uploads\/2025\/02\/05132634-Leavelet.pdf\">ficha de datos<\/a> <a href=\"https:\/\/loewentestneu.metafex.io\/wp-content\/uploads\/2025\/02\/05132634.pdf\">del producto<\/a> (lector de PDF)<\/p>\n<p>M\u00e1s informaci\u00f3n sobre el fabricante y este producto: <a href=\"https:\/\/www.promedico.de\/\" target=\"_blank\" rel=\"noopener\">Promediko<\/a> (enlace a un sitio web externo)<\/p>\n<p>La informaci\u00f3n contenida en este sitio web se facilita \u00fanicamente con fines informativos. En ning\u00fan caso sustituyen al examen y tratamiento por un m\u00e9dico. Tenga en cuenta que esto significa que no se pueden hacer diagn\u00f3sticos ni iniciar terapias. Importaci\u00f3n \u00fanica &#8211; Importamos este medicamento por ti. El resultado es un plazo de entrega m\u00e1s largo. Se excluyen las devoluciones de importaciones individuales.<\/p>\n<p>Para conocer los riesgos y efectos secundarios, lea el prospecto y consulte a su m\u00e9dico o farmac\u00e9utico.<\/p>\n<p>&nbsp;<\/p>\n<h3>Consejo experto de la farmacia:<\/h3>\n<p>Nuestro farmac\u00e9utico recomienda lo siguiente para las infecciones v\u00edricas: <a href=\"https:\/\/loewentestneu.metafex.io\/es\/producto\/omni-biotic-colonize-powder-56x-3g\">Omni Biotic Colonize Polvo<\/a> &#8211; de eficacia probada y espec\u00edfica.<\/p>\n<p>Otros productos para la aplicaci\u00f3n: <a href=\"https:\/\/loewentestneu.metafex.io\/es\/etiqueta-producto\/vitaminas-y-suplementos\">Vitaminas y complementos<\/a> | <a href=\"https:\/\/loewentestneu.metafex.io\/es\/etiqueta-producto\/remedios-naturales\" rel=\"tag\">Remedios naturales<\/a> | <a href=\"https:\/\/loewentestneu.metafex.io\/es\/etiqueta-producto\/bienestar\" rel=\"tag\">Bienestar<\/a><\/p>\n<h3>\u00bfPreguntas sobre el producto? \u00a1Estamos a tu disposici\u00f3n!<\/h3>\n<p>Nuestra farmac\u00e9utica responsable, la Dra. Sandra Hoff, y su equipo estar\u00e1n encantados de asesorarte personalmente, por tel\u00e9fono o correo electr\u00f3nico. Como aut\u00e9ntica farmacia local y farmacia autorizada de venta por correspondencia, te ofrecemos un apoyo competente, especialmente en los \u00e1mbitos de <a href=\"https:\/\/loewentestneu.metafex.io\/es\/etiqueta-producto\/remedios-naturales\">la naturopat\u00eda<\/a> y <a href=\"https:\/\/loewentestneu.metafex.io\/es\/etiqueta-producto\/vitaminas-y-suplementos\">los complementos diet\u00e9ticos<\/a>, aqu\u00ed los medicamentos de <a href=\"https:\/\/loewentestneu.metafex.io\/es\/product-brand\/vitorgan-es\">vitOrgan<\/a> y <a href=\"https:\/\/loewentestneu.metafex.io\/es\/product-category\/labo-life-es\">Labo Life<\/a>.<br \/>\nPuedes encontrar nuestra autorizaci\u00f3n como entrada en el <a href=\"https:\/\/versandhandel.dimdi.de\/websearch\/servlet\/Gate;jsessionid=0D29D15655BE1174E9178A340E8FE6BC?accessid=dimdi_var&amp;term=3c387956690121ccc8763184f052b93f\" target=\"_blank\" rel=\"noopener\">registro de pedidos por correo<\/a>.<\/p>\n<h3>Canjear una receta o receta electr\u00f3nica:<\/h3>\n<p>\u00bfTienes receta o receta electr\u00f3nica? Env\u00edala c\u00f3modamente a trav\u00e9s de nuestra aplicaci\u00f3n <a href=\"https:\/\/e-rezept-app.de\/shop-rezept\" target=\"_blank\" rel=\"noopener\">de receta electr\u00f3nica<\/a>; tambi\u00e9n son posibles las recetas privadas para aut\u00f3nomos. R\u00e1pido, seguro y f\u00e1cil.<\/p>\n","protected":false},"excerpt":{"rendered":"<h2>C\u00e1psulas de glicinato de magnesio de Pure Encapsulations<\/h2>\n<p>El magnesio contribuye a una funci\u00f3n muscular sana y al metabolismo energ\u00e9tico.<\/p>\n<p>&nbsp;<\/p>\n<p><strong>PZN<\/strong>: 05852191<\/p>\n<p><strong>Forma farmac\u00e9utica<\/strong>: C\u00e1psulas<\/p>\n<p><strong>Tama\u00f1o del paquete<\/strong>: 90 piezas.<\/p>\n<p><strong>Tipo de receta:<\/strong> sin receta<\/p>\n<p><strong>Marca<\/strong>: Pure Encapsulations<\/p>\n<p><strong>Fabricante<\/strong>: Pro Medico GmbH, Alemania<\/p>\n","protected":false},"featured_media":15288,"comment_status":"closed","ping_status":"closed","template":"","meta":[],"product_brand":[],"product_cat":[125,116],"product_tag":[274,273,308,490,275,488,272],"class_list":{"0":"post-15300","1":"product","2":"type-product","3":"status-publish","4":"has-post-thumbnail","6":"product_cat-sale-es","7":"product_cat-sin-categorizar","8":"product_tag-bienestar","9":"product_tag-control-de-peso","10":"product_tag-homeopatia","11":"product_tag-ingrediente-activo-a-base-de-hierbas","12":"product_tag-peso-y-forma-fisica","13":"product_tag-remedios-naturales","14":"product_tag-vitaminas-y-suplementos","15":"ts_product_brand-all-es","16":"ts_product_brand-pure-encapsulations-es","18":"first","19":"instock","20":"sale","21":"taxable","22":"shipping-taxable","23":"purchasable","24":"product-type-simple"},"yoast_head":"<!-- This site is optimized with the Yoast SEO plugin v26.5 - https:\/\/yoast.com\/wordpress\/plugins\/seo\/ -->\n<title>C\u00e1psulas de glicinato de magnesio Pure Encapsulations (90 uds.)<\/title>\n<meta name=\"description\" content=\"Farmacia en l\u00ednea alemana registrada. Ofrecemos: env\u00edo r\u00e1pido a todo el mundo y servicio de primera. C\u00e1psulas de glicinato de magnesio Pure Encapsulations (90 uds.)\" \/>\n<meta name=\"robots\" content=\"noindex, follow, max-snippet:-1, max-image-preview:large, max-video-preview:-1\" \/>\n<meta property=\"og:locale\" content=\"es_ES\" \/>\n<meta property=\"og:type\" content=\"article\" \/>\n<meta property=\"og:title\" content=\"C\u00e1psulas de glicinato de magnesio Pure Encapsulations (90 uds.)\" \/>\n<meta property=\"og:description\" content=\"Farmacia en l\u00ednea alemana registrada. Ofrecemos: env\u00edo r\u00e1pido a todo el mundo y servicio de primera. C\u00e1psulas de glicinato de magnesio Pure Encapsulations (90 uds.)\" \/>\n<meta property=\"og:url\" content=\"https:\/\/loewentestneu.metafex.io\/es\/producto\/pure-encapsulations-magnesium-glycinate-capsules-90-pcs-05852191\" \/>\n<meta property=\"og:site_name\" content=\"Lion Pharmacy\" \/>\n<meta property=\"article:modified_time\" content=\"2025-09-24T20:51:29+00:00\" \/>\n<meta property=\"og:image\" content=\"https:\/\/loewentestneu.metafex.io\/wp-content\/uploads\/2025\/09\/Pure-encapsulations-magnesium-glycinat-Lions-Pharmacy.webp\" \/>\n\t<meta property=\"og:image:width\" content=\"600\" \/>\n\t<meta property=\"og:image:height\" content=\"600\" \/>\n\t<meta property=\"og:image:type\" content=\"image\/webp\" \/>\n<meta name=\"twitter:card\" content=\"summary_large_image\" \/>\n<meta name=\"twitter:label1\" content=\"Tiempo de lectura\" \/>\n\t<meta name=\"twitter:data1\" content=\"2 minutos\" \/>\n<script type=\"application\/ld+json\" class=\"yoast-schema-graph\">{\"@context\":\"https:\/\/schema.org\",\"@graph\":[{\"@type\":\"WebPage\",\"@id\":\"https:\/\/loewentestneu.metafex.io\/es\/producto\/pure-encapsulations-magnesium-glycinate-capsules-90-pcs-05852191\",\"url\":\"https:\/\/loewentestneu.metafex.io\/es\/producto\/pure-encapsulations-magnesium-glycinate-capsules-90-pcs-05852191\",\"name\":\"C\u00e1psulas de glicinato de magnesio Pure Encapsulations (90 uds.)\",\"isPartOf\":{\"@id\":\"https:\/\/loewentestneu.metafex.io\/es#website\"},\"primaryImageOfPage\":{\"@id\":\"https:\/\/loewentestneu.metafex.io\/es\/producto\/pure-encapsulations-magnesium-glycinate-capsules-90-pcs-05852191#primaryimage\"},\"image\":{\"@id\":\"https:\/\/loewentestneu.metafex.io\/es\/producto\/pure-encapsulations-magnesium-glycinate-capsules-90-pcs-05852191#primaryimage\"},\"thumbnailUrl\":\"https:\/\/loewentestneu.metafex.io\/wp-content\/uploads\/2025\/09\/Pure-encapsulations-magnesium-glycinat-Lions-Pharmacy.webp\",\"datePublished\":\"2025-09-24T20:20:41+00:00\",\"dateModified\":\"2025-09-24T20:51:29+00:00\",\"description\":\"Farmacia en l\u00ednea alemana registrada. Ofrecemos: env\u00edo r\u00e1pido a todo el mundo y servicio de primera. C\u00e1psulas de glicinato de magnesio Pure Encapsulations (90 uds.)\",\"breadcrumb\":{\"@id\":\"https:\/\/loewentestneu.metafex.io\/es\/producto\/pure-encapsulations-magnesium-glycinate-capsules-90-pcs-05852191#breadcrumb\"},\"inLanguage\":\"es\",\"potentialAction\":[{\"@type\":\"ReadAction\",\"target\":[\"https:\/\/loewentestneu.metafex.io\/es\/producto\/pure-encapsulations-magnesium-glycinate-capsules-90-pcs-05852191\"]}]},{\"@type\":\"ImageObject\",\"inLanguage\":\"es\",\"@id\":\"https:\/\/loewentestneu.metafex.io\/es\/producto\/pure-encapsulations-magnesium-glycinate-capsules-90-pcs-05852191#primaryimage\",\"url\":\"https:\/\/loewentestneu.metafex.io\/wp-content\/uploads\/2025\/09\/Pure-encapsulations-magnesium-glycinat-Lions-Pharmacy.webp\",\"contentUrl\":\"https:\/\/loewentestneu.metafex.io\/wp-content\/uploads\/2025\/09\/Pure-encapsulations-magnesium-glycinat-Lions-Pharmacy.webp\",\"width\":600,\"height\":600,\"caption\":\"Packshot C\u00e1psula de magnesio glicinato de Pure encapsulations, presentada por Lions Pharmacy\"},{\"@type\":\"BreadcrumbList\",\"@id\":\"https:\/\/loewentestneu.metafex.io\/es\/producto\/pure-encapsulations-magnesium-glycinate-capsules-90-pcs-05852191#breadcrumb\",\"itemListElement\":[{\"@type\":\"ListItem\",\"position\":1,\"name\":\"Home\",\"item\":\"https:\/\/loewentestneu.metafex.io\/es\/homepage-lion-pharmacy\"},{\"@type\":\"ListItem\",\"position\":2,\"name\":\"Shop\",\"item\":\"https:\/\/loewentestneu.metafex.io\/es\/tienda\"},{\"@type\":\"ListItem\",\"position\":3,\"name\":\"C\u00e1psulas de glicinato de magnesio Pure Encapsulations (90 uds.)\"}]},{\"@type\":\"WebSite\",\"@id\":\"https:\/\/loewentestneu.metafex.io\/es#website\",\"url\":\"https:\/\/loewentestneu.metafex.io\/es\",\"name\":\"Lions Pharmacy\",\"description\":\"Farmacia especializada en naturopat\u00eda de Baden-Baden, Alemania\",\"publisher\":{\"@id\":\"https:\/\/loewentestneu.metafex.io\/es#organization\"},\"alternateName\":\"Lion Pharmacy\",\"potentialAction\":[{\"@type\":\"SearchAction\",\"target\":{\"@type\":\"EntryPoint\",\"urlTemplate\":\"https:\/\/loewentestneu.metafex.io\/es?s={search_term_string}\"},\"query-input\":{\"@type\":\"PropertyValueSpecification\",\"valueRequired\":true,\"valueName\":\"search_term_string\"}}],\"inLanguage\":\"es\"},{\"@type\":\"Organization\",\"@id\":\"https:\/\/loewentestneu.metafex.io\/es#organization\",\"name\":\"Lions Pharmacy\",\"alternateName\":\"Lions Pharmacy24\",\"url\":\"https:\/\/loewentestneu.metafex.io\/es\",\"logo\":{\"@type\":\"ImageObject\",\"inLanguage\":\"es\",\"@id\":\"https:\/\/loewentestneu.metafex.io\/es#\/schema\/logo\/image\/\",\"url\":\"https:\/\/loewentestneu.metafex.io\/wp-content\/uploads\/2022\/12\/Logo-Lion-Pharmacy-c-o-Loewen-Apotheke-smal.jpg\",\"contentUrl\":\"https:\/\/loewentestneu.metafex.io\/wp-content\/uploads\/2022\/12\/Logo-Lion-Pharmacy-c-o-Loewen-Apotheke-smal.jpg\",\"width\":298,\"height\":99,\"caption\":\"Lions Pharmacy\"},\"image\":{\"@id\":\"https:\/\/loewentestneu.metafex.io\/es#\/schema\/logo\/image\/\"}}]}<\/script>\n<!-- \/ Yoast SEO plugin. -->","yoast_head_json":{"title":"C\u00e1psulas de glicinato de magnesio Pure Encapsulations (90 uds.)","description":"Farmacia en l\u00ednea alemana registrada. Ofrecemos: env\u00edo r\u00e1pido a todo el mundo y servicio de primera. C\u00e1psulas de glicinato de magnesio Pure Encapsulations (90 uds.)","robots":{"index":"noindex","follow":"follow","max-snippet":"max-snippet:-1","max-image-preview":"max-image-preview:large","max-video-preview":"max-video-preview:-1"},"og_locale":"es_ES","og_type":"article","og_title":"C\u00e1psulas de glicinato de magnesio Pure Encapsulations (90 uds.)","og_description":"Farmacia en l\u00ednea alemana registrada. Ofrecemos: env\u00edo r\u00e1pido a todo el mundo y servicio de primera. C\u00e1psulas de glicinato de magnesio Pure Encapsulations (90 uds.)","og_url":"https:\/\/loewentestneu.metafex.io\/es\/producto\/pure-encapsulations-magnesium-glycinate-capsules-90-pcs-05852191","og_site_name":"Lion Pharmacy","article_modified_time":"2025-09-24T20:51:29+00:00","og_image":[{"width":600,"height":600,"url":"https:\/\/loewentestneu.metafex.io\/wp-content\/uploads\/2025\/09\/Pure-encapsulations-magnesium-glycinat-Lions-Pharmacy.webp","type":"image\/webp"}],"twitter_card":"summary_large_image","twitter_misc":{"Tiempo de lectura":"2 minutos"},"schema":{"@context":"https:\/\/schema.org","@graph":[{"@type":"WebPage","@id":"https:\/\/loewentestneu.metafex.io\/es\/producto\/pure-encapsulations-magnesium-glycinate-capsules-90-pcs-05852191","url":"https:\/\/loewentestneu.metafex.io\/es\/producto\/pure-encapsulations-magnesium-glycinate-capsules-90-pcs-05852191","name":"C\u00e1psulas de glicinato de magnesio Pure Encapsulations (90 uds.)","isPartOf":{"@id":"https:\/\/loewentestneu.metafex.io\/es#website"},"primaryImageOfPage":{"@id":"https:\/\/loewentestneu.metafex.io\/es\/producto\/pure-encapsulations-magnesium-glycinate-capsules-90-pcs-05852191#primaryimage"},"image":{"@id":"https:\/\/loewentestneu.metafex.io\/es\/producto\/pure-encapsulations-magnesium-glycinate-capsules-90-pcs-05852191#primaryimage"},"thumbnailUrl":"https:\/\/loewentestneu.metafex.io\/wp-content\/uploads\/2025\/09\/Pure-encapsulations-magnesium-glycinat-Lions-Pharmacy.webp","datePublished":"2025-09-24T20:20:41+00:00","dateModified":"2025-09-24T20:51:29+00:00","description":"Farmacia en l\u00ednea alemana registrada. Ofrecemos: env\u00edo r\u00e1pido a todo el mundo y servicio de primera. C\u00e1psulas de glicinato de magnesio Pure Encapsulations (90 uds.)","breadcrumb":{"@id":"https:\/\/loewentestneu.metafex.io\/es\/producto\/pure-encapsulations-magnesium-glycinate-capsules-90-pcs-05852191#breadcrumb"},"inLanguage":"es","potentialAction":[{"@type":"ReadAction","target":["https:\/\/loewentestneu.metafex.io\/es\/producto\/pure-encapsulations-magnesium-glycinate-capsules-90-pcs-05852191"]}]},{"@type":"ImageObject","inLanguage":"es","@id":"https:\/\/loewentestneu.metafex.io\/es\/producto\/pure-encapsulations-magnesium-glycinate-capsules-90-pcs-05852191#primaryimage","url":"https:\/\/loewentestneu.metafex.io\/wp-content\/uploads\/2025\/09\/Pure-encapsulations-magnesium-glycinat-Lions-Pharmacy.webp","contentUrl":"https:\/\/loewentestneu.metafex.io\/wp-content\/uploads\/2025\/09\/Pure-encapsulations-magnesium-glycinat-Lions-Pharmacy.webp","width":600,"height":600,"caption":"Packshot C\u00e1psula de magnesio glicinato de Pure encapsulations, presentada por Lions Pharmacy"},{"@type":"BreadcrumbList","@id":"https:\/\/loewentestneu.metafex.io\/es\/producto\/pure-encapsulations-magnesium-glycinate-capsules-90-pcs-05852191#breadcrumb","itemListElement":[{"@type":"ListItem","position":1,"name":"Home","item":"https:\/\/loewentestneu.metafex.io\/es\/homepage-lion-pharmacy"},{"@type":"ListItem","position":2,"name":"Shop","item":"https:\/\/loewentestneu.metafex.io\/es\/tienda"},{"@type":"ListItem","position":3,"name":"C\u00e1psulas de glicinato de magnesio Pure Encapsulations (90 uds.)"}]},{"@type":"WebSite","@id":"https:\/\/loewentestneu.metafex.io\/es#website","url":"https:\/\/loewentestneu.metafex.io\/es","name":"Lions Pharmacy","description":"Farmacia especializada en naturopat\u00eda de Baden-Baden, Alemania","publisher":{"@id":"https:\/\/loewentestneu.metafex.io\/es#organization"},"alternateName":"Lion Pharmacy","potentialAction":[{"@type":"SearchAction","target":{"@type":"EntryPoint","urlTemplate":"https:\/\/loewentestneu.metafex.io\/es?s={search_term_string}"},"query-input":{"@type":"PropertyValueSpecification","valueRequired":true,"valueName":"search_term_string"}}],"inLanguage":"es"},{"@type":"Organization","@id":"https:\/\/loewentestneu.metafex.io\/es#organization","name":"Lions Pharmacy","alternateName":"Lions Pharmacy24","url":"https:\/\/loewentestneu.metafex.io\/es","logo":{"@type":"ImageObject","inLanguage":"es","@id":"https:\/\/loewentestneu.metafex.io\/es#\/schema\/logo\/image\/","url":"https:\/\/loewentestneu.metafex.io\/wp-content\/uploads\/2022\/12\/Logo-Lion-Pharmacy-c-o-Loewen-Apotheke-smal.jpg","contentUrl":"https:\/\/loewentestneu.metafex.io\/wp-content\/uploads\/2022\/12\/Logo-Lion-Pharmacy-c-o-Loewen-Apotheke-smal.jpg","width":298,"height":99,"caption":"Lions Pharmacy"},"image":{"@id":"https:\/\/loewentestneu.metafex.io\/es#\/schema\/logo\/image\/"}}]}},"_links":{"self":[{"href":"https:\/\/loewentestneu.metafex.io\/es\/wp-json\/wp\/v2\/product\/15300","targetHints":{"allow":["GET"]}}],"collection":[{"href":"https:\/\/loewentestneu.metafex.io\/es\/wp-json\/wp\/v2\/product"}],"about":[{"href":"https:\/\/loewentestneu.metafex.io\/es\/wp-json\/wp\/v2\/types\/product"}],"replies":[{"embeddable":true,"href":"https:\/\/loewentestneu.metafex.io\/es\/wp-json\/wp\/v2\/comments?post=15300"}],"wp:featuredmedia":[{"embeddable":true,"href":"https:\/\/loewentestneu.metafex.io\/es\/wp-json\/wp\/v2\/media\/15288"}],"wp:attachment":[{"href":"https:\/\/loewentestneu.metafex.io\/es\/wp-json\/wp\/v2\/media?parent=15300"}],"wp:term":[{"taxonomy":"product_brand","embeddable":true,"href":"https:\/\/loewentestneu.metafex.io\/es\/wp-json\/wp\/v2\/product_brand?post=15300"},{"taxonomy":"product_cat","embeddable":true,"href":"https:\/\/loewentestneu.metafex.io\/es\/wp-json\/wp\/v2\/product_cat?post=15300"},{"taxonomy":"product_tag","embeddable":true,"href":"https:\/\/loewentestneu.metafex.io\/es\/wp-json\/wp\/v2\/product_tag?post=15300"}],"curies":[{"name":"wp","href":"https:\/\/api.w.org\/{rel}","templated":true}]}}