{"id":16684,"date":"2025-11-12T08:15:25","date_gmt":"2025-11-12T07:15:25","guid":{"rendered":"https:\/\/lions-pharmacy.com\/?post_type=product&#038;p=16684"},"modified":"2025-11-30T12:59:11","modified_gmt":"2025-11-30T11:59:11","slug":"belladonna-homaccord-drops-30-ml-00113514","status":"publish","type":"product","link":"https:\/\/loewentestneu.metafex.io\/es\/producto\/belladonna-homaccord-drops-30-ml-00113514","title":{"rendered":"Gotas de Belladona Homaccord (30 ml)"},"content":{"rendered":"<h3>Gotas de Belladona Homaccord<\/h3>\n<p>Las gotas de Belladona Homaccord de Biologische Heilmittel Heel GmbH son un medicamento homeop\u00e1tico.<\/p>\n<p>Como parte de nuestro enfoque terap\u00e9utico centrado en el paciente, los medicamentos Heel se centran en la capacidad del cuerpo para autorregularse. Apoyan la activaci\u00f3n de los propios mecanismos del cuerpo para promover la recuperaci\u00f3n en lugar de simplemente suprimir los s\u00edntomas de la enfermedad. Los medicamentos para el tal\u00f3n basados en ingredientes activos naturales estimulan y fortalecen este proceso, y los pacientes se benefician del enfoque terap\u00e9utico seguro y sostenible.<\/p>\n<p>Prospecto (Lector PDF): <a href=\"https:\/\/loewentestneu.metafex.io\/wp-content\/uploads\/2025\/11\/Belladonna-Homaccord_Misch_BPZ.pdf\">Belladona-Homacord<\/a><\/p>\n<p>Otros productos para la aplicaci\u00f3n: <a href=\"https:\/\/loewentestneu.metafex.io\/es\/etiqueta-producto\/homeopatia\" rel=\"tag\">Homeopat\u00eda<\/a> | <a href=\"https:\/\/loewentestneu.metafex.io\/es\/etiqueta-producto\/vitaminas-y-suplementos\">Vitaminas y complementos Productos<\/a><br \/>\nM\u00e1s informaci\u00f3n sobre el fabricante y este producto Gastricumeel comprimidos 50 : <a href=\"https:\/\/www.heel.de\/de\/produktsuche.html\" target=\"_blank\" rel=\"noopener\">Biologische Heilmittel Heel GmbH<\/a> (enlace externo)<\/p>\n<p>La informaci\u00f3n contenida en este sitio web se facilita \u00fanicamente con fines informativos. En ning\u00fan caso sustituyen al examen y tratamiento por un m\u00e9dico. Tenga en cuenta que esto significa que no se pueden hacer diagn\u00f3sticos ni iniciar terapias.<\/p>\n<p>Para conocer los riesgos y efectos secundarios, lea el prospecto y consulte a su m\u00e9dico o farmac\u00e9utico.<\/p>\n","protected":false},"excerpt":{"rendered":"<h2>Gotas de Belladona Homaccord<\/h2>\n<p>un medicamento homeop\u00e1tico.<\/p>\n<p>&nbsp;<\/p>\n<p>PZN: 00113514 (N\u00famero Central Farmac\u00e9utico)<\/p>\n<p>Forma de la dosis: gotas<\/p>\n<p>Tipo de prescripci\u00f3n: sin receta<\/p>\n<p>Marca:-<\/p>\n<p>Fabricante: Biologische Heilmittel Heel GmbH<\/p>\n<p>Presentaci\u00f3n: 30 ml<\/p>\n","protected":false},"featured_media":16690,"comment_status":"closed","ping_status":"closed","template":"","meta":[],"product_brand":[],"product_cat":[348,116],"product_tag":[308,490,516],"class_list":{"0":"post-16684","1":"product","2":"type-product","3":"status-publish","4":"has-post-thumbnail","6":"product_cat-talon-es","7":"product_cat-sin-categorizar","8":"product_tag-homeopatia","9":"product_tag-ingrediente-activo-a-base-de-hierbas","10":"product_tag-ingrediente-activo-de-origen-vegetal","11":"ts_product_brand-all-es","12":"ts_product_brand-heel-es","14":"first","15":"instock","16":"taxable","17":"shipping-taxable","18":"purchasable","19":"product-type-simple"},"yoast_head":"<!-- This site is optimized with the Yoast SEO plugin v26.5 - https:\/\/yoast.com\/wordpress\/plugins\/seo\/ -->\n<title>Gotas de Belladona Homaccord (30 ml) &#187; Lion Pharmacy &#187; ordene aqu\u00ed<\/title>\n<meta name=\"description\" content=\"Farmacia en l\u00ednea alemana registrada. Env\u00edo internacional r\u00e1pido y compras seguras en l\u00ednea. Medicamentos para el tal\u00f3n: Gotas de Belladona Homaccord (30 ml) &gt; pedir aqu\u00ed\" \/>\n<meta name=\"robots\" content=\"noindex, follow, max-snippet:-1, max-image-preview:large, max-video-preview:-1\" \/>\n<meta property=\"og:locale\" content=\"es_ES\" \/>\n<meta property=\"og:type\" content=\"article\" \/>\n<meta property=\"og:title\" content=\"Gotas de Belladona Homaccord (30 ml) &#187; Lion Pharmacy &#187; ordene aqu\u00ed\" \/>\n<meta property=\"og:description\" content=\"Farmacia en l\u00ednea alemana registrada. Env\u00edo internacional r\u00e1pido y compras seguras en l\u00ednea. Medicamentos para el tal\u00f3n: Gotas de Belladona Homaccord (30 ml) &gt; pedir aqu\u00ed\" \/>\n<meta property=\"og:url\" content=\"https:\/\/loewentestneu.metafex.io\/es\/producto\/belladonna-homaccord-drops-30-ml-00113514\" \/>\n<meta property=\"og:site_name\" content=\"Lion Pharmacy\" \/>\n<meta property=\"article:modified_time\" content=\"2025-11-30T11:59:11+00:00\" \/>\n<meta property=\"og:image\" content=\"https:\/\/loewentestneu.metafex.io\/wp-content\/uploads\/2025\/11\/Belladonna-Homaccord-drops-30-ml-from-biologische-Heel-Lions-Pharmacy.webp\" \/>\n\t<meta property=\"og:image:width\" content=\"600\" \/>\n\t<meta property=\"og:image:height\" content=\"600\" \/>\n\t<meta property=\"og:image:type\" content=\"image\/webp\" \/>\n<meta name=\"twitter:card\" content=\"summary_large_image\" \/>\n<meta name=\"twitter:label1\" content=\"Tiempo de lectura\" \/>\n\t<meta name=\"twitter:data1\" content=\"1 minuto\" \/>\n<script type=\"application\/ld+json\" class=\"yoast-schema-graph\">{\"@context\":\"https:\/\/schema.org\",\"@graph\":[{\"@type\":\"WebPage\",\"@id\":\"https:\/\/loewentestneu.metafex.io\/es\/producto\/belladonna-homaccord-drops-30-ml-00113514\",\"url\":\"https:\/\/loewentestneu.metafex.io\/es\/producto\/belladonna-homaccord-drops-30-ml-00113514\",\"name\":\"Gotas de Belladona Homaccord (30 ml) &#187; Lion Pharmacy &#187; ordene aqu\u00ed\",\"isPartOf\":{\"@id\":\"https:\/\/loewentestneu.metafex.io\/es#website\"},\"primaryImageOfPage\":{\"@id\":\"https:\/\/loewentestneu.metafex.io\/es\/producto\/belladonna-homaccord-drops-30-ml-00113514#primaryimage\"},\"image\":{\"@id\":\"https:\/\/loewentestneu.metafex.io\/es\/producto\/belladonna-homaccord-drops-30-ml-00113514#primaryimage\"},\"thumbnailUrl\":\"https:\/\/loewentestneu.metafex.io\/wp-content\/uploads\/2025\/11\/Belladonna-Homaccord-drops-30-ml-from-biologische-Heel-Lions-Pharmacy.webp\",\"datePublished\":\"2025-11-12T07:15:25+00:00\",\"dateModified\":\"2025-11-30T11:59:11+00:00\",\"description\":\"Farmacia en l\u00ednea alemana registrada. Env\u00edo internacional r\u00e1pido y compras seguras en l\u00ednea. Medicamentos para el tal\u00f3n: Gotas de Belladona Homaccord (30 ml) > pedir aqu\u00ed\",\"breadcrumb\":{\"@id\":\"https:\/\/loewentestneu.metafex.io\/es\/producto\/belladonna-homaccord-drops-30-ml-00113514#breadcrumb\"},\"inLanguage\":\"es\",\"potentialAction\":[{\"@type\":\"ReadAction\",\"target\":[\"https:\/\/loewentestneu.metafex.io\/es\/producto\/belladonna-homaccord-drops-30-ml-00113514\"]}]},{\"@type\":\"ImageObject\",\"inLanguage\":\"es\",\"@id\":\"https:\/\/loewentestneu.metafex.io\/es\/producto\/belladonna-homaccord-drops-30-ml-00113514#primaryimage\",\"url\":\"https:\/\/loewentestneu.metafex.io\/wp-content\/uploads\/2025\/11\/Belladonna-Homaccord-drops-30-ml-from-biologische-Heel-Lions-Pharmacy.webp\",\"contentUrl\":\"https:\/\/loewentestneu.metafex.io\/wp-content\/uploads\/2025\/11\/Belladonna-Homaccord-drops-30-ml-from-biologische-Heel-Lions-Pharmacy.webp\",\"width\":600,\"height\":600,\"caption\":\"Belladona Homaccord gotas 30 ml de biologische Heel, Lions-Pharmacy\"},{\"@type\":\"BreadcrumbList\",\"@id\":\"https:\/\/loewentestneu.metafex.io\/es\/producto\/belladonna-homaccord-drops-30-ml-00113514#breadcrumb\",\"itemListElement\":[{\"@type\":\"ListItem\",\"position\":1,\"name\":\"Home\",\"item\":\"https:\/\/loewentestneu.metafex.io\/es\/homepage-lion-pharmacy\"},{\"@type\":\"ListItem\",\"position\":2,\"name\":\"Shop\",\"item\":\"https:\/\/loewentestneu.metafex.io\/es\/tienda\"},{\"@type\":\"ListItem\",\"position\":3,\"name\":\"Gotas de Belladona Homaccord (30 ml)\"}]},{\"@type\":\"WebSite\",\"@id\":\"https:\/\/loewentestneu.metafex.io\/es#website\",\"url\":\"https:\/\/loewentestneu.metafex.io\/es\",\"name\":\"Lions Pharmacy\",\"description\":\"Farmacia especializada en naturopat\u00eda de Baden-Baden, Alemania\",\"publisher\":{\"@id\":\"https:\/\/loewentestneu.metafex.io\/es#organization\"},\"alternateName\":\"Lion Pharmacy\",\"potentialAction\":[{\"@type\":\"SearchAction\",\"target\":{\"@type\":\"EntryPoint\",\"urlTemplate\":\"https:\/\/loewentestneu.metafex.io\/es?s={search_term_string}\"},\"query-input\":{\"@type\":\"PropertyValueSpecification\",\"valueRequired\":true,\"valueName\":\"search_term_string\"}}],\"inLanguage\":\"es\"},{\"@type\":\"Organization\",\"@id\":\"https:\/\/loewentestneu.metafex.io\/es#organization\",\"name\":\"Lions Pharmacy\",\"alternateName\":\"Lions Pharmacy24\",\"url\":\"https:\/\/loewentestneu.metafex.io\/es\",\"logo\":{\"@type\":\"ImageObject\",\"inLanguage\":\"es\",\"@id\":\"https:\/\/loewentestneu.metafex.io\/es#\/schema\/logo\/image\/\",\"url\":\"https:\/\/loewentestneu.metafex.io\/wp-content\/uploads\/2022\/12\/Logo-Lion-Pharmacy-c-o-Loewen-Apotheke-smal.jpg\",\"contentUrl\":\"https:\/\/loewentestneu.metafex.io\/wp-content\/uploads\/2022\/12\/Logo-Lion-Pharmacy-c-o-Loewen-Apotheke-smal.jpg\",\"width\":298,\"height\":99,\"caption\":\"Lions Pharmacy\"},\"image\":{\"@id\":\"https:\/\/loewentestneu.metafex.io\/es#\/schema\/logo\/image\/\"}}]}<\/script>\n<!-- \/ Yoast SEO plugin. -->","yoast_head_json":{"title":"Gotas de Belladona Homaccord (30 ml) &#187; Lion Pharmacy &#187; ordene aqu\u00ed","description":"Farmacia en l\u00ednea alemana registrada. Env\u00edo internacional r\u00e1pido y compras seguras en l\u00ednea. Medicamentos para el tal\u00f3n: Gotas de Belladona Homaccord (30 ml) > pedir aqu\u00ed","robots":{"index":"noindex","follow":"follow","max-snippet":"max-snippet:-1","max-image-preview":"max-image-preview:large","max-video-preview":"max-video-preview:-1"},"og_locale":"es_ES","og_type":"article","og_title":"Gotas de Belladona Homaccord (30 ml) &#187; Lion Pharmacy &#187; ordene aqu\u00ed","og_description":"Farmacia en l\u00ednea alemana registrada. Env\u00edo internacional r\u00e1pido y compras seguras en l\u00ednea. Medicamentos para el tal\u00f3n: Gotas de Belladona Homaccord (30 ml) > pedir aqu\u00ed","og_url":"https:\/\/loewentestneu.metafex.io\/es\/producto\/belladonna-homaccord-drops-30-ml-00113514","og_site_name":"Lion Pharmacy","article_modified_time":"2025-11-30T11:59:11+00:00","og_image":[{"width":600,"height":600,"url":"https:\/\/loewentestneu.metafex.io\/wp-content\/uploads\/2025\/11\/Belladonna-Homaccord-drops-30-ml-from-biologische-Heel-Lions-Pharmacy.webp","type":"image\/webp"}],"twitter_card":"summary_large_image","twitter_misc":{"Tiempo de lectura":"1 minuto"},"schema":{"@context":"https:\/\/schema.org","@graph":[{"@type":"WebPage","@id":"https:\/\/loewentestneu.metafex.io\/es\/producto\/belladonna-homaccord-drops-30-ml-00113514","url":"https:\/\/loewentestneu.metafex.io\/es\/producto\/belladonna-homaccord-drops-30-ml-00113514","name":"Gotas de Belladona Homaccord (30 ml) &#187; Lion Pharmacy &#187; ordene aqu\u00ed","isPartOf":{"@id":"https:\/\/loewentestneu.metafex.io\/es#website"},"primaryImageOfPage":{"@id":"https:\/\/loewentestneu.metafex.io\/es\/producto\/belladonna-homaccord-drops-30-ml-00113514#primaryimage"},"image":{"@id":"https:\/\/loewentestneu.metafex.io\/es\/producto\/belladonna-homaccord-drops-30-ml-00113514#primaryimage"},"thumbnailUrl":"https:\/\/loewentestneu.metafex.io\/wp-content\/uploads\/2025\/11\/Belladonna-Homaccord-drops-30-ml-from-biologische-Heel-Lions-Pharmacy.webp","datePublished":"2025-11-12T07:15:25+00:00","dateModified":"2025-11-30T11:59:11+00:00","description":"Farmacia en l\u00ednea alemana registrada. Env\u00edo internacional r\u00e1pido y compras seguras en l\u00ednea. Medicamentos para el tal\u00f3n: Gotas de Belladona Homaccord (30 ml) > pedir aqu\u00ed","breadcrumb":{"@id":"https:\/\/loewentestneu.metafex.io\/es\/producto\/belladonna-homaccord-drops-30-ml-00113514#breadcrumb"},"inLanguage":"es","potentialAction":[{"@type":"ReadAction","target":["https:\/\/loewentestneu.metafex.io\/es\/producto\/belladonna-homaccord-drops-30-ml-00113514"]}]},{"@type":"ImageObject","inLanguage":"es","@id":"https:\/\/loewentestneu.metafex.io\/es\/producto\/belladonna-homaccord-drops-30-ml-00113514#primaryimage","url":"https:\/\/loewentestneu.metafex.io\/wp-content\/uploads\/2025\/11\/Belladonna-Homaccord-drops-30-ml-from-biologische-Heel-Lions-Pharmacy.webp","contentUrl":"https:\/\/loewentestneu.metafex.io\/wp-content\/uploads\/2025\/11\/Belladonna-Homaccord-drops-30-ml-from-biologische-Heel-Lions-Pharmacy.webp","width":600,"height":600,"caption":"Belladona Homaccord gotas 30 ml de biologische Heel, Lions-Pharmacy"},{"@type":"BreadcrumbList","@id":"https:\/\/loewentestneu.metafex.io\/es\/producto\/belladonna-homaccord-drops-30-ml-00113514#breadcrumb","itemListElement":[{"@type":"ListItem","position":1,"name":"Home","item":"https:\/\/loewentestneu.metafex.io\/es\/homepage-lion-pharmacy"},{"@type":"ListItem","position":2,"name":"Shop","item":"https:\/\/loewentestneu.metafex.io\/es\/tienda"},{"@type":"ListItem","position":3,"name":"Gotas de Belladona Homaccord (30 ml)"}]},{"@type":"WebSite","@id":"https:\/\/loewentestneu.metafex.io\/es#website","url":"https:\/\/loewentestneu.metafex.io\/es","name":"Lions Pharmacy","description":"Farmacia especializada en naturopat\u00eda de Baden-Baden, Alemania","publisher":{"@id":"https:\/\/loewentestneu.metafex.io\/es#organization"},"alternateName":"Lion Pharmacy","potentialAction":[{"@type":"SearchAction","target":{"@type":"EntryPoint","urlTemplate":"https:\/\/loewentestneu.metafex.io\/es?s={search_term_string}"},"query-input":{"@type":"PropertyValueSpecification","valueRequired":true,"valueName":"search_term_string"}}],"inLanguage":"es"},{"@type":"Organization","@id":"https:\/\/loewentestneu.metafex.io\/es#organization","name":"Lions Pharmacy","alternateName":"Lions Pharmacy24","url":"https:\/\/loewentestneu.metafex.io\/es","logo":{"@type":"ImageObject","inLanguage":"es","@id":"https:\/\/loewentestneu.metafex.io\/es#\/schema\/logo\/image\/","url":"https:\/\/loewentestneu.metafex.io\/wp-content\/uploads\/2022\/12\/Logo-Lion-Pharmacy-c-o-Loewen-Apotheke-smal.jpg","contentUrl":"https:\/\/loewentestneu.metafex.io\/wp-content\/uploads\/2022\/12\/Logo-Lion-Pharmacy-c-o-Loewen-Apotheke-smal.jpg","width":298,"height":99,"caption":"Lions Pharmacy"},"image":{"@id":"https:\/\/loewentestneu.metafex.io\/es#\/schema\/logo\/image\/"}}]}},"_links":{"self":[{"href":"https:\/\/loewentestneu.metafex.io\/es\/wp-json\/wp\/v2\/product\/16684","targetHints":{"allow":["GET"]}}],"collection":[{"href":"https:\/\/loewentestneu.metafex.io\/es\/wp-json\/wp\/v2\/product"}],"about":[{"href":"https:\/\/loewentestneu.metafex.io\/es\/wp-json\/wp\/v2\/types\/product"}],"replies":[{"embeddable":true,"href":"https:\/\/loewentestneu.metafex.io\/es\/wp-json\/wp\/v2\/comments?post=16684"}],"wp:featuredmedia":[{"embeddable":true,"href":"https:\/\/loewentestneu.metafex.io\/es\/wp-json\/wp\/v2\/media\/16690"}],"wp:attachment":[{"href":"https:\/\/loewentestneu.metafex.io\/es\/wp-json\/wp\/v2\/media?parent=16684"}],"wp:term":[{"taxonomy":"product_brand","embeddable":true,"href":"https:\/\/loewentestneu.metafex.io\/es\/wp-json\/wp\/v2\/product_brand?post=16684"},{"taxonomy":"product_cat","embeddable":true,"href":"https:\/\/loewentestneu.metafex.io\/es\/wp-json\/wp\/v2\/product_cat?post=16684"},{"taxonomy":"product_tag","embeddable":true,"href":"https:\/\/loewentestneu.metafex.io\/es\/wp-json\/wp\/v2\/product_tag?post=16684"}],"curies":[{"name":"wp","href":"https:\/\/api.w.org\/{rel}","templated":true}]}}