{"id":17034,"date":"2025-11-22T07:51:53","date_gmt":"2025-11-22T06:51:53","guid":{"rendered":"https:\/\/lions-pharmacy.com\/?post_type=product&#038;p=17034"},"modified":"2025-11-22T09:08:40","modified_gmt":"2025-11-22T08:08:40","slug":"minoxidil-doppelherzpharma-50-mg-ml-liquid-3x-60ml-hair-loss-17268563","status":"publish","type":"product","link":"https:\/\/loewentestneu.metafex.io\/es\/producto\/minoxidil-doppelherzpharma-50-mg-ml-liquid-3x-60ml-hair-loss-17268563","title":{"rendered":"MINOXIDIL DoppelherzPharma 50 mg\/ml L\u00edquido (3x 60ml)"},"content":{"rendered":"<h3>MINOXIDIL DoppelherzPharma 50 mg\/ml L\u00edquido<\/h3>\n<p>La soluci\u00f3n de Minoxidil para hombres DoppelherzPharma para el tratamiento de la ca\u00edda del cabello hereditaria en hombres estimula el crecimiento del cabello y estabiliza el curso en la zona tonsurada del cuero cabelludo de 3-10 cm de di\u00e1metro en hombres adultos de entre 18 y 49 a\u00f1os. Puede contrarrestar la progresi\u00f3n de la ca\u00edda del cabello.<\/p>\n<p>El minoxidil est\u00e1 indicado para uso externo en el cuero cabelludo seco. Utiliza Minoxidil DoppelherzPharma s\u00f3lo en un cuero cabelludo sano y sin lesiones, y sigue siempre exactamente las instrucciones que se indican a continuaci\u00f3n. No apliques Minoxidil DoppelherzPharma en otras partes del cuerpo que no sean el cuero cabelludo.<\/p>\n<p>La dosis recomendada es: A menos que el m\u00e9dico prescriba otra cosa, el Minoxidil debe utilizarse de la siguiente manera: Aplica 1 ml de Minoxidil DoppelherzPharma 2 veces al d\u00eda (ma\u00f1ana y noche) en las zonas afectadas del cuero cabelludo.<\/p>\n<p>Doppelherz es una de las marcas de salud m\u00e1s conocidas de Alemania. Durante m\u00e1s de 100 a\u00f1os se han desarrollado productos sanitarios de alta calidad, que s\u00f3lo contienen ingredientes probados y de gran calidad. Hoy, Doppelherz es sin\u00f3nimo de preservaci\u00f3n del bienestar saludable de toda la familia y, por tanto, tambi\u00e9n de perros y gatos.<\/p>\n<p>El producto contiene Minoxidil. 1 ml de soluci\u00f3n contiene 50 mg de minoxidil. Los dem\u00e1s ingredientes son: propilenglicol y etanol 96%.<\/p>\n<p>Prospecto\/instrucciones de uso\/ficha t\u00e9cnica del art\u00edculo: &#8211; (lector de PDF)<\/p>\n<p>Otros productos para la aplicaci\u00f3n: Ca\u00edda del cabello | <a href=\"https:\/\/loewentestneu.metafex.io\/es\/etiqueta-producto\/vitaminas-y-suplementos\">Vitaminas y suplementos Productos<\/a><\/p>\n<p>M\u00e1s informaci\u00f3n sobre el fabricante y este producto: fabricante <a href=\"https:\/\/www.doppelherz.de\/produkte\/doppelherzpharma-minoxidil-doppelherzpharma-50-mg\/ml-loesung?utm_campaign=Display_Haarausfall_AlwaysOn_25&amp;utm_medium=display&amp;utm_content=Haarausfall_300x600&amp;utm_source=RTB_DV_Prospecting_Sitelist&amp;dclid=CLrWttKOhZEDFUOZJwIdJEM3Wg&amp;gad_source=7&amp;gclid=EAIaIQobChMI5vPgk46FkQMVE4-DBx3uOg0REAEYASAAEgLvm_D_BwE\" target=\"_blank\" rel=\"noopener\">Queisser Pharma GmbH &amp; Co. KG sobre DoppelherzPharma Minoxidil 50mg\/ml Soluci\u00f3n<\/a> (enlace externo)<\/p>\n<p>La informaci\u00f3n contenida en este sitio web se facilita \u00fanicamente con fines informativos. En ning\u00fan caso sustituyen al examen y tratamiento por un m\u00e9dico. Tenga en cuenta que esto significa que no se pueden hacer diagn\u00f3sticos ni iniciar terapias.<\/p>\n<p>Para conocer los riesgos y efectos secundarios, lea el prospecto y consulte a su m\u00e9dico o farmac\u00e9utico.<\/p>\n<h3 class=\"TypographyPresentation TypographyPresentation--medium RichText3-paragraph--withVSpacingNormal RichText3-paragraph HighlightSol HighlightSol--buildingBlock\" style=\"text-align: left;\">\u00bfPreguntas sobre el producto? \u00a1Estamos a tu disposici\u00f3n!<\/h3>\n<p class=\"TypographyPresentation TypographyPresentation--medium RichText3-paragraph--withVSpacingNormal RichText3-paragraph HighlightSol HighlightSol--buildingBlock\">Nuestra farmac\u00e9utica responsable, <strong>la Dra. Sandra Hoff<\/strong>, y su equipo estar\u00e1n encantados de asesorarte personalmente, por tel\u00e9fono o correo electr\u00f3nico. Como <strong>aut\u00e9ntica farmacia local<\/strong> y <strong>farmacia de venta por correspondencia autorizada<\/strong>, te ofrecemos un apoyo competente, especialmente en los \u00e1mbitos de <a href=\"https:\/\/www.loewen-apotheke24.com\/en\/product_tag\/natural-remedies\/\">la naturopat\u00eda<\/a> y <a href=\"https:\/\/www.loewen-apotheke24.com\/en\/product_tag\/vitamins-minerals-nutritional-supplement\/\">los complementos diet\u00e9ticos<\/a>. Puedes encontrar nuestro permiso como <a href=\"https:\/\/versandhandel.dimdi.de\/websearch\/servlet\/Gate;jsessionid=0D29D15655BE1174E9178A340E8FE6BC?accessid=dimdi_var&amp;term=3c387956690121ccc8763184f052b93f\" target=\"_blank\" rel=\"noopener\">una entrada en el registro de pedidos por correo.<\/a><\/p>\n","protected":false},"excerpt":{"rendered":"<h2>MINOXIDIL DoppelherzPharma 50 mg\/ml L\u00edquido<\/h2>\n<p>Soluci\u00f3n para uso cut\u00e1neo (cuero cabelludo). Para hombres.<\/p>\n<p>&nbsp;<\/p>\n<p><strong>PZN<\/strong>: 17268563 (N\u00famero central de farmacia)<\/p>\n<p><strong>Forma farmac\u00e9utica<\/strong>: l\u00edquido<\/p>\n<p><strong>Tipo de receta<\/strong>: sin receta<\/p>\n<p><strong>Marca<\/strong>: Doppelherz<\/p>\n<p><strong>Fabricante<\/strong>: Queisser Pharma GmbH &amp; Co. KG, Flensburg, Alemania<\/p>\n<p><strong>Tama\u00f1o del envase<\/strong>: (3x 60ml)<\/p>\n","protected":false},"featured_media":17029,"comment_status":"closed","ping_status":"closed","template":"","meta":[],"product_brand":[],"product_cat":[125,116],"product_tag":[899,311,272],"class_list":{"0":"post-17034","1":"product","2":"type-product","3":"status-publish","4":"has-post-thumbnail","6":"product_cat-sale-es","7":"product_cat-sin-categorizar","8":"product_tag-pelo","9":"product_tag-venta-mensual","10":"product_tag-vitaminas-y-suplementos","11":"ts_product_brand-all-es","13":"first","14":"instock","15":"featured","16":"taxable","17":"shipping-taxable","18":"purchasable","19":"product-type-simple"},"yoast_head":"<!-- This site is optimized with the Yoast SEO plugin v26.5 - https:\/\/yoast.com\/wordpress\/plugins\/seo\/ -->\n<title>MINOXIDIL DoppelherzPharma 50 mg\/ml L\u00edquido (3x 60ml) &#187; Lion Pharmacy<\/title>\n<meta name=\"description\" content=\"farmacia online alemana registrada | Env\u00edo internacional r\u00e1pido | compra segura online | Ca\u00edda del cabello &gt; MINOXIDIL DoppelherzPharma 50 mg\/ml L\u00edquido (3x 60ml)\" \/>\n<meta name=\"robots\" content=\"noindex, follow, max-snippet:-1, max-image-preview:large, max-video-preview:-1\" \/>\n<meta property=\"og:locale\" content=\"es_ES\" \/>\n<meta property=\"og:type\" content=\"article\" \/>\n<meta property=\"og:title\" content=\"MINOXIDIL DoppelherzPharma 50 mg\/ml L\u00edquido (3x 60ml) &#187; Lion Pharmacy\" \/>\n<meta property=\"og:description\" content=\"farmacia online alemana registrada | Env\u00edo internacional r\u00e1pido | compra segura online | Ca\u00edda del cabello &gt; MINOXIDIL DoppelherzPharma 50 mg\/ml L\u00edquido (3x 60ml)\" \/>\n<meta property=\"og:url\" content=\"https:\/\/loewentestneu.metafex.io\/es\/producto\/minoxidil-doppelherzpharma-50-mg-ml-liquid-3x-60ml-hair-loss-17268563\" \/>\n<meta property=\"og:site_name\" content=\"Lion Pharmacy\" \/>\n<meta property=\"article:modified_time\" content=\"2025-11-22T08:08:40+00:00\" \/>\n<meta property=\"og:image\" content=\"https:\/\/loewentestneu.metafex.io\/wp-content\/uploads\/2025\/11\/17268563_Doppelherz_Minoxidil_50_mg_ml_Loesung_zur_Anwendung_auf_der_Kopfhaut.webp\" \/>\n\t<meta property=\"og:image:width\" content=\"600\" \/>\n\t<meta property=\"og:image:height\" content=\"600\" \/>\n\t<meta property=\"og:image:type\" content=\"image\/webp\" \/>\n<meta name=\"twitter:card\" content=\"summary_large_image\" \/>\n<meta name=\"twitter:label1\" content=\"Tiempo de lectura\" \/>\n\t<meta name=\"twitter:data1\" content=\"2 minutos\" \/>\n<script type=\"application\/ld+json\" class=\"yoast-schema-graph\">{\"@context\":\"https:\/\/schema.org\",\"@graph\":[{\"@type\":\"WebPage\",\"@id\":\"https:\/\/loewentestneu.metafex.io\/es\/producto\/minoxidil-doppelherzpharma-50-mg-ml-liquid-3x-60ml-hair-loss-17268563\",\"url\":\"https:\/\/loewentestneu.metafex.io\/es\/producto\/minoxidil-doppelherzpharma-50-mg-ml-liquid-3x-60ml-hair-loss-17268563\",\"name\":\"MINOXIDIL DoppelherzPharma 50 mg\/ml L\u00edquido (3x 60ml) &#187; Lion Pharmacy\",\"isPartOf\":{\"@id\":\"https:\/\/loewentestneu.metafex.io\/es#website\"},\"primaryImageOfPage\":{\"@id\":\"https:\/\/loewentestneu.metafex.io\/es\/producto\/minoxidil-doppelherzpharma-50-mg-ml-liquid-3x-60ml-hair-loss-17268563#primaryimage\"},\"image\":{\"@id\":\"https:\/\/loewentestneu.metafex.io\/es\/producto\/minoxidil-doppelherzpharma-50-mg-ml-liquid-3x-60ml-hair-loss-17268563#primaryimage\"},\"thumbnailUrl\":\"https:\/\/loewentestneu.metafex.io\/wp-content\/uploads\/2025\/11\/17268563_Doppelherz_Minoxidil_50_mg_ml_Loesung_zur_Anwendung_auf_der_Kopfhaut.webp\",\"datePublished\":\"2025-11-22T06:51:53+00:00\",\"dateModified\":\"2025-11-22T08:08:40+00:00\",\"description\":\"farmacia online alemana registrada | Env\u00edo internacional r\u00e1pido | compra segura online | Ca\u00edda del cabello > MINOXIDIL DoppelherzPharma 50 mg\/ml L\u00edquido (3x 60ml)\",\"breadcrumb\":{\"@id\":\"https:\/\/loewentestneu.metafex.io\/es\/producto\/minoxidil-doppelherzpharma-50-mg-ml-liquid-3x-60ml-hair-loss-17268563#breadcrumb\"},\"inLanguage\":\"es\",\"potentialAction\":[{\"@type\":\"ReadAction\",\"target\":[\"https:\/\/loewentestneu.metafex.io\/es\/producto\/minoxidil-doppelherzpharma-50-mg-ml-liquid-3x-60ml-hair-loss-17268563\"]}]},{\"@type\":\"ImageObject\",\"inLanguage\":\"es\",\"@id\":\"https:\/\/loewentestneu.metafex.io\/es\/producto\/minoxidil-doppelherzpharma-50-mg-ml-liquid-3x-60ml-hair-loss-17268563#primaryimage\",\"url\":\"https:\/\/loewentestneu.metafex.io\/wp-content\/uploads\/2025\/11\/17268563_Doppelherz_Minoxidil_50_mg_ml_Loesung_zur_Anwendung_auf_der_Kopfhaut.webp\",\"contentUrl\":\"https:\/\/loewentestneu.metafex.io\/wp-content\/uploads\/2025\/11\/17268563_Doppelherz_Minoxidil_50_mg_ml_Loesung_zur_Anwendung_auf_der_Kopfhaut.webp\",\"width\":600,\"height\":600,\"caption\":\"Packshot DoppelherzPharma Minoxidil 50 mg\/ml L\u00edquido para la ca\u00edda del cabello\"},{\"@type\":\"BreadcrumbList\",\"@id\":\"https:\/\/loewentestneu.metafex.io\/es\/producto\/minoxidil-doppelherzpharma-50-mg-ml-liquid-3x-60ml-hair-loss-17268563#breadcrumb\",\"itemListElement\":[{\"@type\":\"ListItem\",\"position\":1,\"name\":\"Home\",\"item\":\"https:\/\/loewentestneu.metafex.io\/es\/homepage-lion-pharmacy\"},{\"@type\":\"ListItem\",\"position\":2,\"name\":\"Shop\",\"item\":\"https:\/\/loewentestneu.metafex.io\/es\/tienda\"},{\"@type\":\"ListItem\",\"position\":3,\"name\":\"MINOXIDIL DoppelherzPharma 50 mg\/ml L\u00edquido (3x 60ml)\"}]},{\"@type\":\"WebSite\",\"@id\":\"https:\/\/loewentestneu.metafex.io\/es#website\",\"url\":\"https:\/\/loewentestneu.metafex.io\/es\",\"name\":\"Lions Pharmacy\",\"description\":\"Farmacia especializada en naturopat\u00eda de Baden-Baden, Alemania\",\"publisher\":{\"@id\":\"https:\/\/loewentestneu.metafex.io\/es#organization\"},\"alternateName\":\"Lion Pharmacy\",\"potentialAction\":[{\"@type\":\"SearchAction\",\"target\":{\"@type\":\"EntryPoint\",\"urlTemplate\":\"https:\/\/loewentestneu.metafex.io\/es?s={search_term_string}\"},\"query-input\":{\"@type\":\"PropertyValueSpecification\",\"valueRequired\":true,\"valueName\":\"search_term_string\"}}],\"inLanguage\":\"es\"},{\"@type\":\"Organization\",\"@id\":\"https:\/\/loewentestneu.metafex.io\/es#organization\",\"name\":\"Lions Pharmacy\",\"alternateName\":\"Lions Pharmacy24\",\"url\":\"https:\/\/loewentestneu.metafex.io\/es\",\"logo\":{\"@type\":\"ImageObject\",\"inLanguage\":\"es\",\"@id\":\"https:\/\/loewentestneu.metafex.io\/es#\/schema\/logo\/image\/\",\"url\":\"https:\/\/loewentestneu.metafex.io\/wp-content\/uploads\/2022\/12\/Logo-Lion-Pharmacy-c-o-Loewen-Apotheke-smal.jpg\",\"contentUrl\":\"https:\/\/loewentestneu.metafex.io\/wp-content\/uploads\/2022\/12\/Logo-Lion-Pharmacy-c-o-Loewen-Apotheke-smal.jpg\",\"width\":298,\"height\":99,\"caption\":\"Lions Pharmacy\"},\"image\":{\"@id\":\"https:\/\/loewentestneu.metafex.io\/es#\/schema\/logo\/image\/\"}}]}<\/script>\n<!-- \/ Yoast SEO plugin. -->","yoast_head_json":{"title":"MINOXIDIL DoppelherzPharma 50 mg\/ml L\u00edquido (3x 60ml) &#187; Lion Pharmacy","description":"farmacia online alemana registrada | Env\u00edo internacional r\u00e1pido | compra segura online | Ca\u00edda del cabello > MINOXIDIL DoppelherzPharma 50 mg\/ml L\u00edquido (3x 60ml)","robots":{"index":"noindex","follow":"follow","max-snippet":"max-snippet:-1","max-image-preview":"max-image-preview:large","max-video-preview":"max-video-preview:-1"},"og_locale":"es_ES","og_type":"article","og_title":"MINOXIDIL DoppelherzPharma 50 mg\/ml L\u00edquido (3x 60ml) &#187; Lion Pharmacy","og_description":"farmacia online alemana registrada | Env\u00edo internacional r\u00e1pido | compra segura online | Ca\u00edda del cabello > MINOXIDIL DoppelherzPharma 50 mg\/ml L\u00edquido (3x 60ml)","og_url":"https:\/\/loewentestneu.metafex.io\/es\/producto\/minoxidil-doppelherzpharma-50-mg-ml-liquid-3x-60ml-hair-loss-17268563","og_site_name":"Lion Pharmacy","article_modified_time":"2025-11-22T08:08:40+00:00","og_image":[{"width":600,"height":600,"url":"https:\/\/loewentestneu.metafex.io\/wp-content\/uploads\/2025\/11\/17268563_Doppelherz_Minoxidil_50_mg_ml_Loesung_zur_Anwendung_auf_der_Kopfhaut.webp","type":"image\/webp"}],"twitter_card":"summary_large_image","twitter_misc":{"Tiempo de lectura":"2 minutos"},"schema":{"@context":"https:\/\/schema.org","@graph":[{"@type":"WebPage","@id":"https:\/\/loewentestneu.metafex.io\/es\/producto\/minoxidil-doppelherzpharma-50-mg-ml-liquid-3x-60ml-hair-loss-17268563","url":"https:\/\/loewentestneu.metafex.io\/es\/producto\/minoxidil-doppelherzpharma-50-mg-ml-liquid-3x-60ml-hair-loss-17268563","name":"MINOXIDIL DoppelherzPharma 50 mg\/ml L\u00edquido (3x 60ml) &#187; Lion Pharmacy","isPartOf":{"@id":"https:\/\/loewentestneu.metafex.io\/es#website"},"primaryImageOfPage":{"@id":"https:\/\/loewentestneu.metafex.io\/es\/producto\/minoxidil-doppelherzpharma-50-mg-ml-liquid-3x-60ml-hair-loss-17268563#primaryimage"},"image":{"@id":"https:\/\/loewentestneu.metafex.io\/es\/producto\/minoxidil-doppelherzpharma-50-mg-ml-liquid-3x-60ml-hair-loss-17268563#primaryimage"},"thumbnailUrl":"https:\/\/loewentestneu.metafex.io\/wp-content\/uploads\/2025\/11\/17268563_Doppelherz_Minoxidil_50_mg_ml_Loesung_zur_Anwendung_auf_der_Kopfhaut.webp","datePublished":"2025-11-22T06:51:53+00:00","dateModified":"2025-11-22T08:08:40+00:00","description":"farmacia online alemana registrada | Env\u00edo internacional r\u00e1pido | compra segura online | Ca\u00edda del cabello > MINOXIDIL DoppelherzPharma 50 mg\/ml L\u00edquido (3x 60ml)","breadcrumb":{"@id":"https:\/\/loewentestneu.metafex.io\/es\/producto\/minoxidil-doppelherzpharma-50-mg-ml-liquid-3x-60ml-hair-loss-17268563#breadcrumb"},"inLanguage":"es","potentialAction":[{"@type":"ReadAction","target":["https:\/\/loewentestneu.metafex.io\/es\/producto\/minoxidil-doppelherzpharma-50-mg-ml-liquid-3x-60ml-hair-loss-17268563"]}]},{"@type":"ImageObject","inLanguage":"es","@id":"https:\/\/loewentestneu.metafex.io\/es\/producto\/minoxidil-doppelherzpharma-50-mg-ml-liquid-3x-60ml-hair-loss-17268563#primaryimage","url":"https:\/\/loewentestneu.metafex.io\/wp-content\/uploads\/2025\/11\/17268563_Doppelherz_Minoxidil_50_mg_ml_Loesung_zur_Anwendung_auf_der_Kopfhaut.webp","contentUrl":"https:\/\/loewentestneu.metafex.io\/wp-content\/uploads\/2025\/11\/17268563_Doppelherz_Minoxidil_50_mg_ml_Loesung_zur_Anwendung_auf_der_Kopfhaut.webp","width":600,"height":600,"caption":"Packshot DoppelherzPharma Minoxidil 50 mg\/ml L\u00edquido para la ca\u00edda del cabello"},{"@type":"BreadcrumbList","@id":"https:\/\/loewentestneu.metafex.io\/es\/producto\/minoxidil-doppelherzpharma-50-mg-ml-liquid-3x-60ml-hair-loss-17268563#breadcrumb","itemListElement":[{"@type":"ListItem","position":1,"name":"Home","item":"https:\/\/loewentestneu.metafex.io\/es\/homepage-lion-pharmacy"},{"@type":"ListItem","position":2,"name":"Shop","item":"https:\/\/loewentestneu.metafex.io\/es\/tienda"},{"@type":"ListItem","position":3,"name":"MINOXIDIL DoppelherzPharma 50 mg\/ml L\u00edquido (3x 60ml)"}]},{"@type":"WebSite","@id":"https:\/\/loewentestneu.metafex.io\/es#website","url":"https:\/\/loewentestneu.metafex.io\/es","name":"Lions Pharmacy","description":"Farmacia especializada en naturopat\u00eda de Baden-Baden, Alemania","publisher":{"@id":"https:\/\/loewentestneu.metafex.io\/es#organization"},"alternateName":"Lion Pharmacy","potentialAction":[{"@type":"SearchAction","target":{"@type":"EntryPoint","urlTemplate":"https:\/\/loewentestneu.metafex.io\/es?s={search_term_string}"},"query-input":{"@type":"PropertyValueSpecification","valueRequired":true,"valueName":"search_term_string"}}],"inLanguage":"es"},{"@type":"Organization","@id":"https:\/\/loewentestneu.metafex.io\/es#organization","name":"Lions Pharmacy","alternateName":"Lions Pharmacy24","url":"https:\/\/loewentestneu.metafex.io\/es","logo":{"@type":"ImageObject","inLanguage":"es","@id":"https:\/\/loewentestneu.metafex.io\/es#\/schema\/logo\/image\/","url":"https:\/\/loewentestneu.metafex.io\/wp-content\/uploads\/2022\/12\/Logo-Lion-Pharmacy-c-o-Loewen-Apotheke-smal.jpg","contentUrl":"https:\/\/loewentestneu.metafex.io\/wp-content\/uploads\/2022\/12\/Logo-Lion-Pharmacy-c-o-Loewen-Apotheke-smal.jpg","width":298,"height":99,"caption":"Lions Pharmacy"},"image":{"@id":"https:\/\/loewentestneu.metafex.io\/es#\/schema\/logo\/image\/"}}]}},"_links":{"self":[{"href":"https:\/\/loewentestneu.metafex.io\/es\/wp-json\/wp\/v2\/product\/17034","targetHints":{"allow":["GET"]}}],"collection":[{"href":"https:\/\/loewentestneu.metafex.io\/es\/wp-json\/wp\/v2\/product"}],"about":[{"href":"https:\/\/loewentestneu.metafex.io\/es\/wp-json\/wp\/v2\/types\/product"}],"replies":[{"embeddable":true,"href":"https:\/\/loewentestneu.metafex.io\/es\/wp-json\/wp\/v2\/comments?post=17034"}],"wp:featuredmedia":[{"embeddable":true,"href":"https:\/\/loewentestneu.metafex.io\/es\/wp-json\/wp\/v2\/media\/17029"}],"wp:attachment":[{"href":"https:\/\/loewentestneu.metafex.io\/es\/wp-json\/wp\/v2\/media?parent=17034"}],"wp:term":[{"taxonomy":"product_brand","embeddable":true,"href":"https:\/\/loewentestneu.metafex.io\/es\/wp-json\/wp\/v2\/product_brand?post=17034"},{"taxonomy":"product_cat","embeddable":true,"href":"https:\/\/loewentestneu.metafex.io\/es\/wp-json\/wp\/v2\/product_cat?post=17034"},{"taxonomy":"product_tag","embeddable":true,"href":"https:\/\/loewentestneu.metafex.io\/es\/wp-json\/wp\/v2\/product_tag?post=17034"}],"curies":[{"name":"wp","href":"https:\/\/api.w.org\/{rel}","templated":true}]}}