{"id":1728,"date":"2022-12-29T21:07:14","date_gmt":"2022-12-29T20:07:14","guid":{"rendered":"https:\/\/lions-pharmacy.com\/product\/pascorbin-inyeccion-75g-5x-50ml"},"modified":"2025-12-14T07:03:05","modified_gmt":"2025-12-14T06:03:05","slug":"pascorbin-inyeccion-75g-5x50ml","status":"publish","type":"product","link":"https:\/\/loewentestneu.metafex.io\/es\/producto\/pascorbin-inyeccion-75g-5x50ml","title":{"rendered":"PASCORBIN Inyecci\u00f3n 7,5g 5x 50ml"},"content":{"rendered":"<h2>PASCORBIN inyecci\u00f3n 7,5g<\/h2>\n<p>PASCORBIN inyectable: esta \u00fanica infusi\u00f3n de dosis altas de vitamina C aprobada en Alemania y otros pa\u00edses europeos. Nombre alternativo del producto Vitamina C Injectopas 7,5 g. Pascorbin entra directamente en el torrente sangu\u00edneo e inmediatamente suministra vitamina C<br \/>\nPara la terapia de las deficiencias cl\u00ednicas de vitamina C que no pueden corregirse con nutrici\u00f3n o sustituirse por v\u00eda oral.<\/p>\n<p>Sustancia activa: \u00e1cido asc\u00f3rbico 150 mg por ml soluci\u00f3n inyectable.<\/p>\n<p>La cartera de Pascoe incluye alrededor de 200 productos. Estos incluyen hierbas medicinales, preparaciones vitam\u00ednicas en dosis altas, remedios complejos homeop\u00e1ticos y suplementos diet\u00e9ticos. La variedad de medicamentos tiene en cuenta los complejos requisitos de los productos sanitarios. Nuestro \u00e9xito tambi\u00e9n nos da la raz\u00f3n a nivel internacional: nuestros productos se exportan a m\u00e1s de 30 pa\u00edses de todo el mundo, y la tendencia va en aumento.<\/p>\n<p>Otros productos para la aplicaci\u00f3n: <a href=\"https:\/\/loewentestneu.metafex.io\/es\/etiqueta-producto\/vitaminas-y-suplementos\">Vitaminas <\/a> <\/p>\n<p>Obtenga m\u00e1s informaci\u00f3n sobre manufactorer y este producto: <a href=\"https:\/\/www.pascoe.de\/\" target=\"_blank\" rel=\"noopener\">Pascoe pharmazeutische Pr\u00e4parate GmbH<\/a> (enlace al sitio web externo)<\/p>\n<p>La informaci\u00f3n contenida en este sitio web se facilita \u00fanicamente con fines informativos. En ning\u00fan caso sustituyen al examen y tratamiento por un m\u00e9dico. Tenga en cuenta que esto significa que no se pueden hacer diagn\u00f3sticos ni iniciar terapias.<\/p>\n<p>Para conocer los riesgos y efectos secundarios, lea el prospecto y consulte a su m\u00e9dico o farmac\u00e9utico.<\/p>\n","protected":false},"excerpt":{"rendered":"<h2>PASCORBIN inyecci\u00f3n 7,5g 5x 50ml<\/h2>\n<p>\u00c1cido asc\u00f3rbico para inyecci\u00f3n &#8211; Para uso en adultos y ni\u00f1os. (Vitamina C Injectopas 7,5 g)<\/p>\n<p>&nbsp;<\/p>\n<p><strong>PZN: 00581310<\/strong> (N\u00famero central de la farmacia)<\/p>\n<p><strong>Forma farmac\u00e9utica<\/strong>: Soluci\u00f3n inyectable<\/p>\n<p><strong>Tipo de receta<\/strong>: sin receta<\/p>\n<p><strong>Marca<\/strong>: PASCORBIN<\/p>\n<p><strong>Fabricante<\/strong>: Pascoe pharmazeutische Pr\u00e4parate GmbH<\/p>\n<p><strong>Tama\u00f1o del embalaje<\/strong>: 5 piezas 50ml<\/p>\n","protected":false},"featured_media":4720,"comment_status":"closed","ping_status":"closed","template":"","meta":[],"product_brand":[],"product_cat":[601,125,116],"product_tag":[274,273,275,272],"class_list":{"0":"post-1728","1":"product","2":"type-product","3":"status-publish","4":"has-post-thumbnail","6":"product_cat-pascoe-es","7":"product_cat-sale-es","8":"product_cat-sin-categorizar","9":"product_tag-bienestar","10":"product_tag-control-de-peso","11":"product_tag-peso-y-forma-fisica","12":"product_tag-vitaminas-y-suplementos","13":"ts_product_brand-all-es","14":"ts_product_brand-pascoe-es","16":"first","17":"instock","18":"sale","19":"featured","20":"taxable","21":"shipping-taxable","22":"purchasable","23":"product-type-simple"},"yoast_head":"<!-- This site is optimized with the Yoast SEO plugin v26.5 - https:\/\/yoast.com\/wordpress\/plugins\/seo\/ -->\n<title>PASCORBIN Inyecci\u00f3n 7,5g 5x 50ml &#187; Lion Pharmacy<\/title>\n<meta name=\"description\" content=\"Lion Pharmacy | farmacia en l\u00ednea alemana registrada | Env\u00edo internacional r\u00e1pido | Obtenga m\u00e1s informaci\u00f3n sobre la vitamina C | PASCORBIN Inyecci\u00f3n 7,5g 5x 50ml\" \/>\n<meta name=\"robots\" content=\"noindex, follow, max-snippet:-1, max-image-preview:large, max-video-preview:-1\" \/>\n<meta property=\"og:locale\" content=\"es_ES\" \/>\n<meta property=\"og:type\" content=\"article\" \/>\n<meta property=\"og:title\" content=\"PASCORBIN Inyecci\u00f3n 7,5g 5x 50ml &#187; Lion Pharmacy\" \/>\n<meta property=\"og:description\" content=\"Lion Pharmacy | farmacia en l\u00ednea alemana registrada | Env\u00edo internacional r\u00e1pido | Obtenga m\u00e1s informaci\u00f3n sobre la vitamina C | PASCORBIN Inyecci\u00f3n 7,5g 5x 50ml\" \/>\n<meta property=\"og:url\" content=\"https:\/\/loewentestneu.metafex.io\/es\/producto\/pascorbin-inyeccion-75g-5x50ml\" \/>\n<meta property=\"og:site_name\" content=\"Lion Pharmacy\" \/>\n<meta property=\"article:modified_time\" content=\"2025-12-14T06:03:05+00:00\" \/>\n<meta property=\"og:image\" content=\"https:\/\/loewentestneu.metafex.io\/wp-content\/uploads\/2022\/12\/PASCORBIN-Injection-liquid-75g-20x-50ml-00581310-Pascoe-pharmazeutische-Preparate-GmbH-Lions-Pharmacy.webp\" \/>\n\t<meta property=\"og:image:width\" content=\"600\" \/>\n\t<meta property=\"og:image:height\" content=\"600\" \/>\n\t<meta property=\"og:image:type\" content=\"image\/webp\" \/>\n<meta name=\"twitter:card\" content=\"summary_large_image\" \/>\n<meta name=\"twitter:label1\" content=\"Tiempo de lectura\" \/>\n\t<meta name=\"twitter:data1\" content=\"1 minuto\" \/>\n<script type=\"application\/ld+json\" class=\"yoast-schema-graph\">{\"@context\":\"https:\/\/schema.org\",\"@graph\":[{\"@type\":\"WebPage\",\"@id\":\"https:\/\/loewentestneu.metafex.io\/es\/producto\/pascorbin-inyeccion-75g-5x50ml\",\"url\":\"https:\/\/loewentestneu.metafex.io\/es\/producto\/pascorbin-inyeccion-75g-5x50ml\",\"name\":\"PASCORBIN Inyecci\u00f3n 7,5g 5x 50ml &#187; Lion Pharmacy\",\"isPartOf\":{\"@id\":\"https:\/\/loewentestneu.metafex.io\/es#website\"},\"primaryImageOfPage\":{\"@id\":\"https:\/\/loewentestneu.metafex.io\/es\/producto\/pascorbin-inyeccion-75g-5x50ml#primaryimage\"},\"image\":{\"@id\":\"https:\/\/loewentestneu.metafex.io\/es\/producto\/pascorbin-inyeccion-75g-5x50ml#primaryimage\"},\"thumbnailUrl\":\"https:\/\/loewentestneu.metafex.io\/wp-content\/uploads\/2022\/12\/PASCORBIN-Injection-liquid-75g-20x-50ml-00581310-Pascoe-pharmazeutische-Preparate-GmbH-Lions-Pharmacy.webp\",\"datePublished\":\"2022-12-29T20:07:14+00:00\",\"dateModified\":\"2025-12-14T06:03:05+00:00\",\"description\":\"Lion Pharmacy | farmacia en l\u00ednea alemana registrada | Env\u00edo internacional r\u00e1pido | Obtenga m\u00e1s informaci\u00f3n sobre la vitamina C | PASCORBIN Inyecci\u00f3n 7,5g 5x 50ml\",\"breadcrumb\":{\"@id\":\"https:\/\/loewentestneu.metafex.io\/es\/producto\/pascorbin-inyeccion-75g-5x50ml#breadcrumb\"},\"inLanguage\":\"es\",\"potentialAction\":[{\"@type\":\"ReadAction\",\"target\":[\"https:\/\/loewentestneu.metafex.io\/es\/producto\/pascorbin-inyeccion-75g-5x50ml\"]}]},{\"@type\":\"ImageObject\",\"inLanguage\":\"es\",\"@id\":\"https:\/\/loewentestneu.metafex.io\/es\/producto\/pascorbin-inyeccion-75g-5x50ml#primaryimage\",\"url\":\"https:\/\/loewentestneu.metafex.io\/wp-content\/uploads\/2022\/12\/PASCORBIN-Injection-liquid-75g-20x-50ml-00581310-Pascoe-pharmazeutische-Preparate-GmbH-Lions-Pharmacy.webp\",\"contentUrl\":\"https:\/\/loewentestneu.metafex.io\/wp-content\/uploads\/2022\/12\/PASCORBIN-Injection-liquid-75g-20x-50ml-00581310-Pascoe-pharmazeutische-Preparate-GmbH-Lions-Pharmacy.webp\",\"width\":600,\"height\":600,\"caption\":\"PASCORBIN L\u00edquido inyectable 75g 20x 50ml 00581310 Pascoe pharma preparations GmbH-Lions Pharmacy\"},{\"@type\":\"BreadcrumbList\",\"@id\":\"https:\/\/loewentestneu.metafex.io\/es\/producto\/pascorbin-inyeccion-75g-5x50ml#breadcrumb\",\"itemListElement\":[{\"@type\":\"ListItem\",\"position\":1,\"name\":\"Home\",\"item\":\"https:\/\/loewentestneu.metafex.io\/es\/homepage-lion-pharmacy\"},{\"@type\":\"ListItem\",\"position\":2,\"name\":\"Shop\",\"item\":\"https:\/\/loewentestneu.metafex.io\/es\/tienda\"},{\"@type\":\"ListItem\",\"position\":3,\"name\":\"PASCORBIN Inyecci\u00f3n 7,5g 5x 50ml\"}]},{\"@type\":\"WebSite\",\"@id\":\"https:\/\/loewentestneu.metafex.io\/es#website\",\"url\":\"https:\/\/loewentestneu.metafex.io\/es\",\"name\":\"Lions Pharmacy\",\"description\":\"Farmacia especializada en naturopat\u00eda de Baden-Baden, Alemania\",\"publisher\":{\"@id\":\"https:\/\/loewentestneu.metafex.io\/es#organization\"},\"alternateName\":\"Lion Pharmacy\",\"potentialAction\":[{\"@type\":\"SearchAction\",\"target\":{\"@type\":\"EntryPoint\",\"urlTemplate\":\"https:\/\/loewentestneu.metafex.io\/es?s={search_term_string}\"},\"query-input\":{\"@type\":\"PropertyValueSpecification\",\"valueRequired\":true,\"valueName\":\"search_term_string\"}}],\"inLanguage\":\"es\"},{\"@type\":\"Organization\",\"@id\":\"https:\/\/loewentestneu.metafex.io\/es#organization\",\"name\":\"Lions Pharmacy\",\"alternateName\":\"Lions Pharmacy24\",\"url\":\"https:\/\/loewentestneu.metafex.io\/es\",\"logo\":{\"@type\":\"ImageObject\",\"inLanguage\":\"es\",\"@id\":\"https:\/\/loewentestneu.metafex.io\/es#\/schema\/logo\/image\/\",\"url\":\"https:\/\/loewentestneu.metafex.io\/wp-content\/uploads\/2022\/12\/Logo-Lion-Pharmacy-c-o-Loewen-Apotheke-smal.jpg\",\"contentUrl\":\"https:\/\/loewentestneu.metafex.io\/wp-content\/uploads\/2022\/12\/Logo-Lion-Pharmacy-c-o-Loewen-Apotheke-smal.jpg\",\"width\":298,\"height\":99,\"caption\":\"Lions Pharmacy\"},\"image\":{\"@id\":\"https:\/\/loewentestneu.metafex.io\/es#\/schema\/logo\/image\/\"}}]}<\/script>\n<!-- \/ Yoast SEO plugin. -->","yoast_head_json":{"title":"PASCORBIN Inyecci\u00f3n 7,5g 5x 50ml &#187; Lion Pharmacy","description":"Lion Pharmacy | farmacia en l\u00ednea alemana registrada | Env\u00edo internacional r\u00e1pido | Obtenga m\u00e1s informaci\u00f3n sobre la vitamina C | PASCORBIN Inyecci\u00f3n 7,5g 5x 50ml","robots":{"index":"noindex","follow":"follow","max-snippet":"max-snippet:-1","max-image-preview":"max-image-preview:large","max-video-preview":"max-video-preview:-1"},"og_locale":"es_ES","og_type":"article","og_title":"PASCORBIN Inyecci\u00f3n 7,5g 5x 50ml &#187; Lion Pharmacy","og_description":"Lion Pharmacy | farmacia en l\u00ednea alemana registrada | Env\u00edo internacional r\u00e1pido | Obtenga m\u00e1s informaci\u00f3n sobre la vitamina C | PASCORBIN Inyecci\u00f3n 7,5g 5x 50ml","og_url":"https:\/\/loewentestneu.metafex.io\/es\/producto\/pascorbin-inyeccion-75g-5x50ml","og_site_name":"Lion Pharmacy","article_modified_time":"2025-12-14T06:03:05+00:00","og_image":[{"width":600,"height":600,"url":"https:\/\/loewentestneu.metafex.io\/wp-content\/uploads\/2022\/12\/PASCORBIN-Injection-liquid-75g-20x-50ml-00581310-Pascoe-pharmazeutische-Preparate-GmbH-Lions-Pharmacy.webp","type":"image\/webp"}],"twitter_card":"summary_large_image","twitter_misc":{"Tiempo de lectura":"1 minuto"},"schema":{"@context":"https:\/\/schema.org","@graph":[{"@type":"WebPage","@id":"https:\/\/loewentestneu.metafex.io\/es\/producto\/pascorbin-inyeccion-75g-5x50ml","url":"https:\/\/loewentestneu.metafex.io\/es\/producto\/pascorbin-inyeccion-75g-5x50ml","name":"PASCORBIN Inyecci\u00f3n 7,5g 5x 50ml &#187; Lion Pharmacy","isPartOf":{"@id":"https:\/\/loewentestneu.metafex.io\/es#website"},"primaryImageOfPage":{"@id":"https:\/\/loewentestneu.metafex.io\/es\/producto\/pascorbin-inyeccion-75g-5x50ml#primaryimage"},"image":{"@id":"https:\/\/loewentestneu.metafex.io\/es\/producto\/pascorbin-inyeccion-75g-5x50ml#primaryimage"},"thumbnailUrl":"https:\/\/loewentestneu.metafex.io\/wp-content\/uploads\/2022\/12\/PASCORBIN-Injection-liquid-75g-20x-50ml-00581310-Pascoe-pharmazeutische-Preparate-GmbH-Lions-Pharmacy.webp","datePublished":"2022-12-29T20:07:14+00:00","dateModified":"2025-12-14T06:03:05+00:00","description":"Lion Pharmacy | farmacia en l\u00ednea alemana registrada | Env\u00edo internacional r\u00e1pido | Obtenga m\u00e1s informaci\u00f3n sobre la vitamina C | PASCORBIN Inyecci\u00f3n 7,5g 5x 50ml","breadcrumb":{"@id":"https:\/\/loewentestneu.metafex.io\/es\/producto\/pascorbin-inyeccion-75g-5x50ml#breadcrumb"},"inLanguage":"es","potentialAction":[{"@type":"ReadAction","target":["https:\/\/loewentestneu.metafex.io\/es\/producto\/pascorbin-inyeccion-75g-5x50ml"]}]},{"@type":"ImageObject","inLanguage":"es","@id":"https:\/\/loewentestneu.metafex.io\/es\/producto\/pascorbin-inyeccion-75g-5x50ml#primaryimage","url":"https:\/\/loewentestneu.metafex.io\/wp-content\/uploads\/2022\/12\/PASCORBIN-Injection-liquid-75g-20x-50ml-00581310-Pascoe-pharmazeutische-Preparate-GmbH-Lions-Pharmacy.webp","contentUrl":"https:\/\/loewentestneu.metafex.io\/wp-content\/uploads\/2022\/12\/PASCORBIN-Injection-liquid-75g-20x-50ml-00581310-Pascoe-pharmazeutische-Preparate-GmbH-Lions-Pharmacy.webp","width":600,"height":600,"caption":"PASCORBIN L\u00edquido inyectable 75g 20x 50ml 00581310 Pascoe pharma preparations GmbH-Lions Pharmacy"},{"@type":"BreadcrumbList","@id":"https:\/\/loewentestneu.metafex.io\/es\/producto\/pascorbin-inyeccion-75g-5x50ml#breadcrumb","itemListElement":[{"@type":"ListItem","position":1,"name":"Home","item":"https:\/\/loewentestneu.metafex.io\/es\/homepage-lion-pharmacy"},{"@type":"ListItem","position":2,"name":"Shop","item":"https:\/\/loewentestneu.metafex.io\/es\/tienda"},{"@type":"ListItem","position":3,"name":"PASCORBIN Inyecci\u00f3n 7,5g 5x 50ml"}]},{"@type":"WebSite","@id":"https:\/\/loewentestneu.metafex.io\/es#website","url":"https:\/\/loewentestneu.metafex.io\/es","name":"Lions Pharmacy","description":"Farmacia especializada en naturopat\u00eda de Baden-Baden, Alemania","publisher":{"@id":"https:\/\/loewentestneu.metafex.io\/es#organization"},"alternateName":"Lion Pharmacy","potentialAction":[{"@type":"SearchAction","target":{"@type":"EntryPoint","urlTemplate":"https:\/\/loewentestneu.metafex.io\/es?s={search_term_string}"},"query-input":{"@type":"PropertyValueSpecification","valueRequired":true,"valueName":"search_term_string"}}],"inLanguage":"es"},{"@type":"Organization","@id":"https:\/\/loewentestneu.metafex.io\/es#organization","name":"Lions Pharmacy","alternateName":"Lions Pharmacy24","url":"https:\/\/loewentestneu.metafex.io\/es","logo":{"@type":"ImageObject","inLanguage":"es","@id":"https:\/\/loewentestneu.metafex.io\/es#\/schema\/logo\/image\/","url":"https:\/\/loewentestneu.metafex.io\/wp-content\/uploads\/2022\/12\/Logo-Lion-Pharmacy-c-o-Loewen-Apotheke-smal.jpg","contentUrl":"https:\/\/loewentestneu.metafex.io\/wp-content\/uploads\/2022\/12\/Logo-Lion-Pharmacy-c-o-Loewen-Apotheke-smal.jpg","width":298,"height":99,"caption":"Lions Pharmacy"},"image":{"@id":"https:\/\/loewentestneu.metafex.io\/es#\/schema\/logo\/image\/"}}]}},"_links":{"self":[{"href":"https:\/\/loewentestneu.metafex.io\/es\/wp-json\/wp\/v2\/product\/1728","targetHints":{"allow":["GET"]}}],"collection":[{"href":"https:\/\/loewentestneu.metafex.io\/es\/wp-json\/wp\/v2\/product"}],"about":[{"href":"https:\/\/loewentestneu.metafex.io\/es\/wp-json\/wp\/v2\/types\/product"}],"replies":[{"embeddable":true,"href":"https:\/\/loewentestneu.metafex.io\/es\/wp-json\/wp\/v2\/comments?post=1728"}],"wp:featuredmedia":[{"embeddable":true,"href":"https:\/\/loewentestneu.metafex.io\/es\/wp-json\/wp\/v2\/media\/4720"}],"wp:attachment":[{"href":"https:\/\/loewentestneu.metafex.io\/es\/wp-json\/wp\/v2\/media?parent=1728"}],"wp:term":[{"taxonomy":"product_brand","embeddable":true,"href":"https:\/\/loewentestneu.metafex.io\/es\/wp-json\/wp\/v2\/product_brand?post=1728"},{"taxonomy":"product_cat","embeddable":true,"href":"https:\/\/loewentestneu.metafex.io\/es\/wp-json\/wp\/v2\/product_cat?post=1728"},{"taxonomy":"product_tag","embeddable":true,"href":"https:\/\/loewentestneu.metafex.io\/es\/wp-json\/wp\/v2\/product_tag?post=1728"}],"curies":[{"name":"wp","href":"https:\/\/api.w.org\/{rel}","templated":true}]}}