{"id":1767,"date":"2023-02-10T16:05:25","date_gmt":"2023-02-10T15:05:25","guid":{"rendered":"https:\/\/lions-pharmacy.com\/product\/labo-life-rantes-27ch"},"modified":"2025-11-29T23:37:31","modified_gmt":"2025-11-29T22:37:31","slug":"labo-life-2lrantes-27ch","status":"publish","type":"product","link":"https:\/\/loewentestneu.metafex.io\/es\/producto\/labo-life-2lrantes-27ch","title":{"rendered":"Labo Life RANTES 27CH"},"content":{"rendered":"<h2>Labo Life RANTES 27CH<\/h2>\n<p>Lion Pharmacy importa c\u00e1psulas Labo Life RANTES 27CH para usted, as\u00ed como todas las preparaciones de Labo Life B\u00e9lgica a su solicitud.<\/p>\n<p>Folleto del envase\/instrucciones de uso\/ficha t\u00e9cnica: <a href=\"https:\/\/loewentestneu.metafex.io\/wp-content\/uploads\/2023\/01\/EN_patient_info.pdf\" target=\"_blank\" rel=\"noopener\">EN<\/a> | <a href=\"https:\/\/loewentestneu.metafex.io\/wp-content\/uploads\/2023\/01\/FR_info_patient.pdf\" target=\"_blank\" rel=\"noopener\">FR<\/a> | <a href=\"https:\/\/loewentestneu.metafex.io\/wp-content\/uploads\/2023\/01\/ES_info_paciente.pdf\">ES<\/a> | <a href=\"https:\/\/loewentestneu.metafex.io\/wp-content\/uploads\/2022\/12\/labolife-Patientenflyer-lobo-life-customer-information-lion-pharmacy-lowen-apotheke.pdf\" target=\"_blank\" rel=\"noopener\">DE<\/a> (lector de PDF)<\/p>\n<p>Nombre alternativo del producto: Labo Life RANTES 27CH<\/p>\n<p>Otros productos para la aplicaci\u00f3n: &#8211;<\/p>\n<p>M\u00e1s informaci\u00f3n sobre el fabricante y este producto: <a href=\"https:\/\/www.labolife.com\/en\" target=\"_blank\" rel=\"noopener\">Labo Life<\/a> (enlace externo)<\/p>\n<p>Para conocer los riesgos y efectos secundarios, lea el prospecto y consulte a su m\u00e9dico o farmac\u00e9utico.<\/p>\n<p>La informaci\u00f3n contenida en este sitio web se facilita \u00fanicamente con fines informativos. En ning\u00fan caso sustituyen al examen y tratamiento por un m\u00e9dico. Tenga en cuenta que esto significa que no se pueden hacer diagn\u00f3sticos ni iniciar terapias.<\/p>\n<h3>\u00bfQu\u00e9 es la microinmunoterapia?<\/h3>\n<p>La microinmunoterapia es una terapia de inmunomodulaci\u00f3n que utiliza los mismos mensajeros que el sistema inmunitario (por ejemplo, citoquinas, hormonas, factores de crecimiento, \u00e1cidos nucleicos) para transmitir informaci\u00f3n al organismo y &#8220;reajustar&#8221; la respuesta inmunitaria. En otras palabras, su objetivo es restablecer la correcta comunicaci\u00f3n entre las c\u00e9lulas del sistema inmunitario para ayudarlas a recuperar su capacidad innata de defendernos de los agresores o limitar su respuesta cuando es exagerada. <\/p>\n<p>A diferencia de la inmunoterapia cl\u00e1sica, las f\u00f3rmulas de <a href=\"https:\/\/loewentestneu.metafex.io\/es\/etiqueta-producto\/microinmunoterapia\">microinmunoterapia<\/a> utilizan una amplia gama de sustancias inmunitarias (los llamados &#8220;mensajeros&#8221;). Se preparan en bajas concentraciones (bajas dosis) mediante un proceso de diluci\u00f3n-dinamizaci\u00f3n, garantizando as\u00ed una alta tolerancia. Adem\u00e1s, dependiendo de si se desea la estimulaci\u00f3n, modulaci\u00f3n o inhibici\u00f3n sobre el organismo, los niveles de concentraci\u00f3n utilizados pueden variar dentro de la misma f\u00f3rmula.  Al igual que ocurre de forma natural en el organismo, las sustancias se administran siguiendo una secuencia espec\u00edfica, un orden preciso.<\/p>\n<p>La microinmunoterapia puede ser un fiel aliado en el tratamiento de enfermedades derivadas de un desequilibrio del sistema inmunitario, tanto agudas como cr\u00f3nicas. Las patolog\u00edas infecciosas y oncol\u00f3gicas, o las enfermedades autoinmunes est\u00e1n incluidas en ellas. La microinmunoterapia no sustituye al sistema inmunitario, ni lo fuerza ni lo bloquea, sino que informa sutilmente a la inmunidad, por lo que es compatible con otros tratamientos.<\/p>\n<p>M\u00e1s informaci\u00f3n sobre <a href=\"https:\/\/www.labolife.com\/de\" target=\"_blank\" rel=\"noopener noreferrer\">Labo&#8217;Life<\/a> y la microinmunoterapia en la p\u00e1gina web de los fabricantes.<\/p>\n<p>De nuevo, para conocer los riesgos y efectos secundarios, lea el prospecto y consulte a su m\u00e9dico o farmac\u00e9utico.<\/p>\n","protected":false},"excerpt":{"rendered":"<h2>Labo Life RANTES 27CH<\/h2>\n<p>La Farmacia Lion puede suministrarle todos los preparados Labo Life Belgium que solicite.<\/p>\n<p>&nbsp;<\/p>\n<p>PZN: &#8211; (Pharmazentralnummer)<\/p>\n<p>Forma farmac\u00e9utica: C\u00e1psulas<\/p>\n<p>Tipo de prescripci\u00f3n: sin receta<\/p>\n<p><a href=\"https:\/\/loewentestneu.metafex.io\/es\/product-brand\/labo-life-es\">Marca<\/a>: Labo Life<\/p>\n<p>Fabricante: Labo&#8217;Life Belgium, Rue Camille Hubert 11, 5032 Gembloux.<\/p>\n<p>Tama\u00f1o del envase: 30 pza.<\/p>\n","protected":false},"featured_media":1595,"comment_status":"closed","ping_status":"closed","template":"","meta":[],"product_brand":[],"product_cat":[119,116],"product_tag":[236,786],"class_list":{"0":"post-1767","1":"product","2":"type-product","3":"status-publish","4":"has-post-thumbnail","6":"product_cat-labo-life-es","7":"product_cat-sin-categorizar","8":"product_tag-microinmunoterapia","9":"product_tag-producto-individual-de-importacion-sin-retorno","10":"ts_product_brand-all-es","11":"ts_product_brand-labo-life-es","13":"first","14":"instock","15":"taxable","16":"shipping-taxable","17":"purchasable","18":"product-type-simple"},"yoast_head":"<!-- This site is optimized with the Yoast SEO plugin v26.5 - https:\/\/yoast.com\/wordpress\/plugins\/seo\/ -->\n<title>Labo Life RANTES 27CH &#187; Lion Pharmacy<\/title>\n<meta name=\"description\" content=\"Lion Pharmacy | Farmacia en l\u00ednea alemana registrada | Env\u00edo internacional r\u00e1pido | Producto para microinmunoterapia: Labo Life RANTES 27CH.\" \/>\n<meta name=\"robots\" content=\"noindex, follow, max-snippet:-1, max-image-preview:large, max-video-preview:-1\" \/>\n<meta property=\"og:locale\" content=\"es_ES\" \/>\n<meta property=\"og:type\" content=\"article\" \/>\n<meta property=\"og:title\" content=\"Labo Life RANTES 27CH &#187; Lion Pharmacy\" \/>\n<meta property=\"og:description\" content=\"Lion Pharmacy | Farmacia en l\u00ednea alemana registrada | Env\u00edo internacional r\u00e1pido | Producto para microinmunoterapia: Labo Life RANTES 27CH.\" \/>\n<meta property=\"og:url\" content=\"https:\/\/loewentestneu.metafex.io\/es\/producto\/labo-life-2lrantes-27ch\" \/>\n<meta property=\"og:site_name\" content=\"Lion Pharmacy\" \/>\n<meta property=\"article:modified_time\" content=\"2025-11-29T22:37:31+00:00\" \/>\n<meta property=\"og:image\" content=\"https:\/\/loewentestneu.metafex.io\/wp-content\/uploads\/2023\/02\/labo-Life-2lrantes-27ch-2L-rantes-30pc-package-Lion-Pharmacy.jpg\" \/>\n\t<meta property=\"og:image:width\" content=\"600\" \/>\n\t<meta property=\"og:image:height\" content=\"600\" \/>\n\t<meta property=\"og:image:type\" content=\"image\/jpeg\" \/>\n<meta name=\"twitter:card\" content=\"summary_large_image\" \/>\n<meta name=\"twitter:label1\" content=\"Tiempo de lectura\" \/>\n\t<meta name=\"twitter:data1\" content=\"2 minutos\" \/>\n<script type=\"application\/ld+json\" class=\"yoast-schema-graph\">{\"@context\":\"https:\/\/schema.org\",\"@graph\":[{\"@type\":\"WebPage\",\"@id\":\"https:\/\/loewentestneu.metafex.io\/es\/producto\/labo-life-2lrantes-27ch\",\"url\":\"https:\/\/loewentestneu.metafex.io\/es\/producto\/labo-life-2lrantes-27ch\",\"name\":\"Labo Life RANTES 27CH &#187; Lion Pharmacy\",\"isPartOf\":{\"@id\":\"https:\/\/loewentestneu.metafex.io\/es#website\"},\"primaryImageOfPage\":{\"@id\":\"https:\/\/loewentestneu.metafex.io\/es\/producto\/labo-life-2lrantes-27ch#primaryimage\"},\"image\":{\"@id\":\"https:\/\/loewentestneu.metafex.io\/es\/producto\/labo-life-2lrantes-27ch#primaryimage\"},\"thumbnailUrl\":\"https:\/\/loewentestneu.metafex.io\/wp-content\/uploads\/2023\/02\/labo-Life-2lrantes-27ch-2L-rantes-30pc-package-Lion-Pharmacy.jpg\",\"datePublished\":\"2023-02-10T15:05:25+00:00\",\"dateModified\":\"2025-11-29T22:37:31+00:00\",\"description\":\"Lion Pharmacy | Farmacia en l\u00ednea alemana registrada | Env\u00edo internacional r\u00e1pido | Producto para microinmunoterapia: Labo Life RANTES 27CH.\",\"breadcrumb\":{\"@id\":\"https:\/\/loewentestneu.metafex.io\/es\/producto\/labo-life-2lrantes-27ch#breadcrumb\"},\"inLanguage\":\"es\",\"potentialAction\":[{\"@type\":\"ReadAction\",\"target\":[\"https:\/\/loewentestneu.metafex.io\/es\/producto\/labo-life-2lrantes-27ch\"]}]},{\"@type\":\"ImageObject\",\"inLanguage\":\"es\",\"@id\":\"https:\/\/loewentestneu.metafex.io\/es\/producto\/labo-life-2lrantes-27ch#primaryimage\",\"url\":\"https:\/\/loewentestneu.metafex.io\/wp-content\/uploads\/2023\/02\/labo-Life-2lrantes-27ch-2L-rantes-30pc-package-Lion-Pharmacy.jpg\",\"contentUrl\":\"https:\/\/loewentestneu.metafex.io\/wp-content\/uploads\/2023\/02\/labo-Life-2lrantes-27ch-2L-rantes-30pc-package-Lion-Pharmacy.jpg\",\"width\":600,\"height\":600,\"caption\":\"Packshop de labo Life 2lrantes 27ch, 2L -rantes, 30pc-package Lion Pharmacy\"},{\"@type\":\"BreadcrumbList\",\"@id\":\"https:\/\/loewentestneu.metafex.io\/es\/producto\/labo-life-2lrantes-27ch#breadcrumb\",\"itemListElement\":[{\"@type\":\"ListItem\",\"position\":1,\"name\":\"Home\",\"item\":\"https:\/\/loewentestneu.metafex.io\/es\/homepage-lion-pharmacy\"},{\"@type\":\"ListItem\",\"position\":2,\"name\":\"Shop\",\"item\":\"https:\/\/loewentestneu.metafex.io\/es\/tienda\"},{\"@type\":\"ListItem\",\"position\":3,\"name\":\"Labo Life RANTES 27CH\"}]},{\"@type\":\"WebSite\",\"@id\":\"https:\/\/loewentestneu.metafex.io\/es#website\",\"url\":\"https:\/\/loewentestneu.metafex.io\/es\",\"name\":\"Lions Pharmacy\",\"description\":\"Farmacia especializada en naturopat\u00eda de Baden-Baden, Alemania\",\"publisher\":{\"@id\":\"https:\/\/loewentestneu.metafex.io\/es#organization\"},\"alternateName\":\"Lion Pharmacy\",\"potentialAction\":[{\"@type\":\"SearchAction\",\"target\":{\"@type\":\"EntryPoint\",\"urlTemplate\":\"https:\/\/loewentestneu.metafex.io\/es?s={search_term_string}\"},\"query-input\":{\"@type\":\"PropertyValueSpecification\",\"valueRequired\":true,\"valueName\":\"search_term_string\"}}],\"inLanguage\":\"es\"},{\"@type\":\"Organization\",\"@id\":\"https:\/\/loewentestneu.metafex.io\/es#organization\",\"name\":\"Lions Pharmacy\",\"alternateName\":\"Lions Pharmacy24\",\"url\":\"https:\/\/loewentestneu.metafex.io\/es\",\"logo\":{\"@type\":\"ImageObject\",\"inLanguage\":\"es\",\"@id\":\"https:\/\/loewentestneu.metafex.io\/es#\/schema\/logo\/image\/\",\"url\":\"https:\/\/loewentestneu.metafex.io\/wp-content\/uploads\/2022\/12\/Logo-Lion-Pharmacy-c-o-Loewen-Apotheke-smal.jpg\",\"contentUrl\":\"https:\/\/loewentestneu.metafex.io\/wp-content\/uploads\/2022\/12\/Logo-Lion-Pharmacy-c-o-Loewen-Apotheke-smal.jpg\",\"width\":298,\"height\":99,\"caption\":\"Lions Pharmacy\"},\"image\":{\"@id\":\"https:\/\/loewentestneu.metafex.io\/es#\/schema\/logo\/image\/\"}}]}<\/script>\n<!-- \/ Yoast SEO plugin. -->","yoast_head_json":{"title":"Labo Life RANTES 27CH &#187; Lion Pharmacy","description":"Lion Pharmacy | Farmacia en l\u00ednea alemana registrada | Env\u00edo internacional r\u00e1pido | Producto para microinmunoterapia: Labo Life RANTES 27CH.","robots":{"index":"noindex","follow":"follow","max-snippet":"max-snippet:-1","max-image-preview":"max-image-preview:large","max-video-preview":"max-video-preview:-1"},"og_locale":"es_ES","og_type":"article","og_title":"Labo Life RANTES 27CH &#187; Lion Pharmacy","og_description":"Lion Pharmacy | Farmacia en l\u00ednea alemana registrada | Env\u00edo internacional r\u00e1pido | Producto para microinmunoterapia: Labo Life RANTES 27CH.","og_url":"https:\/\/loewentestneu.metafex.io\/es\/producto\/labo-life-2lrantes-27ch","og_site_name":"Lion Pharmacy","article_modified_time":"2025-11-29T22:37:31+00:00","og_image":[{"width":600,"height":600,"url":"https:\/\/loewentestneu.metafex.io\/wp-content\/uploads\/2023\/02\/labo-Life-2lrantes-27ch-2L-rantes-30pc-package-Lion-Pharmacy.jpg","type":"image\/jpeg"}],"twitter_card":"summary_large_image","twitter_misc":{"Tiempo de lectura":"2 minutos"},"schema":{"@context":"https:\/\/schema.org","@graph":[{"@type":"WebPage","@id":"https:\/\/loewentestneu.metafex.io\/es\/producto\/labo-life-2lrantes-27ch","url":"https:\/\/loewentestneu.metafex.io\/es\/producto\/labo-life-2lrantes-27ch","name":"Labo Life RANTES 27CH &#187; Lion Pharmacy","isPartOf":{"@id":"https:\/\/loewentestneu.metafex.io\/es#website"},"primaryImageOfPage":{"@id":"https:\/\/loewentestneu.metafex.io\/es\/producto\/labo-life-2lrantes-27ch#primaryimage"},"image":{"@id":"https:\/\/loewentestneu.metafex.io\/es\/producto\/labo-life-2lrantes-27ch#primaryimage"},"thumbnailUrl":"https:\/\/loewentestneu.metafex.io\/wp-content\/uploads\/2023\/02\/labo-Life-2lrantes-27ch-2L-rantes-30pc-package-Lion-Pharmacy.jpg","datePublished":"2023-02-10T15:05:25+00:00","dateModified":"2025-11-29T22:37:31+00:00","description":"Lion Pharmacy | Farmacia en l\u00ednea alemana registrada | Env\u00edo internacional r\u00e1pido | Producto para microinmunoterapia: Labo Life RANTES 27CH.","breadcrumb":{"@id":"https:\/\/loewentestneu.metafex.io\/es\/producto\/labo-life-2lrantes-27ch#breadcrumb"},"inLanguage":"es","potentialAction":[{"@type":"ReadAction","target":["https:\/\/loewentestneu.metafex.io\/es\/producto\/labo-life-2lrantes-27ch"]}]},{"@type":"ImageObject","inLanguage":"es","@id":"https:\/\/loewentestneu.metafex.io\/es\/producto\/labo-life-2lrantes-27ch#primaryimage","url":"https:\/\/loewentestneu.metafex.io\/wp-content\/uploads\/2023\/02\/labo-Life-2lrantes-27ch-2L-rantes-30pc-package-Lion-Pharmacy.jpg","contentUrl":"https:\/\/loewentestneu.metafex.io\/wp-content\/uploads\/2023\/02\/labo-Life-2lrantes-27ch-2L-rantes-30pc-package-Lion-Pharmacy.jpg","width":600,"height":600,"caption":"Packshop de labo Life 2lrantes 27ch, 2L -rantes, 30pc-package Lion Pharmacy"},{"@type":"BreadcrumbList","@id":"https:\/\/loewentestneu.metafex.io\/es\/producto\/labo-life-2lrantes-27ch#breadcrumb","itemListElement":[{"@type":"ListItem","position":1,"name":"Home","item":"https:\/\/loewentestneu.metafex.io\/es\/homepage-lion-pharmacy"},{"@type":"ListItem","position":2,"name":"Shop","item":"https:\/\/loewentestneu.metafex.io\/es\/tienda"},{"@type":"ListItem","position":3,"name":"Labo Life RANTES 27CH"}]},{"@type":"WebSite","@id":"https:\/\/loewentestneu.metafex.io\/es#website","url":"https:\/\/loewentestneu.metafex.io\/es","name":"Lions Pharmacy","description":"Farmacia especializada en naturopat\u00eda de Baden-Baden, Alemania","publisher":{"@id":"https:\/\/loewentestneu.metafex.io\/es#organization"},"alternateName":"Lion Pharmacy","potentialAction":[{"@type":"SearchAction","target":{"@type":"EntryPoint","urlTemplate":"https:\/\/loewentestneu.metafex.io\/es?s={search_term_string}"},"query-input":{"@type":"PropertyValueSpecification","valueRequired":true,"valueName":"search_term_string"}}],"inLanguage":"es"},{"@type":"Organization","@id":"https:\/\/loewentestneu.metafex.io\/es#organization","name":"Lions Pharmacy","alternateName":"Lions Pharmacy24","url":"https:\/\/loewentestneu.metafex.io\/es","logo":{"@type":"ImageObject","inLanguage":"es","@id":"https:\/\/loewentestneu.metafex.io\/es#\/schema\/logo\/image\/","url":"https:\/\/loewentestneu.metafex.io\/wp-content\/uploads\/2022\/12\/Logo-Lion-Pharmacy-c-o-Loewen-Apotheke-smal.jpg","contentUrl":"https:\/\/loewentestneu.metafex.io\/wp-content\/uploads\/2022\/12\/Logo-Lion-Pharmacy-c-o-Loewen-Apotheke-smal.jpg","width":298,"height":99,"caption":"Lions Pharmacy"},"image":{"@id":"https:\/\/loewentestneu.metafex.io\/es#\/schema\/logo\/image\/"}}]}},"_links":{"self":[{"href":"https:\/\/loewentestneu.metafex.io\/es\/wp-json\/wp\/v2\/product\/1767","targetHints":{"allow":["GET"]}}],"collection":[{"href":"https:\/\/loewentestneu.metafex.io\/es\/wp-json\/wp\/v2\/product"}],"about":[{"href":"https:\/\/loewentestneu.metafex.io\/es\/wp-json\/wp\/v2\/types\/product"}],"replies":[{"embeddable":true,"href":"https:\/\/loewentestneu.metafex.io\/es\/wp-json\/wp\/v2\/comments?post=1767"}],"wp:featuredmedia":[{"embeddable":true,"href":"https:\/\/loewentestneu.metafex.io\/es\/wp-json\/wp\/v2\/media\/1595"}],"wp:attachment":[{"href":"https:\/\/loewentestneu.metafex.io\/es\/wp-json\/wp\/v2\/media?parent=1767"}],"wp:term":[{"taxonomy":"product_brand","embeddable":true,"href":"https:\/\/loewentestneu.metafex.io\/es\/wp-json\/wp\/v2\/product_brand?post=1767"},{"taxonomy":"product_cat","embeddable":true,"href":"https:\/\/loewentestneu.metafex.io\/es\/wp-json\/wp\/v2\/product_cat?post=1767"},{"taxonomy":"product_tag","embeddable":true,"href":"https:\/\/loewentestneu.metafex.io\/es\/wp-json\/wp\/v2\/product_tag?post=1767"}],"curies":[{"name":"wp","href":"https:\/\/api.w.org\/{rel}","templated":true}]}}