{"id":18090,"date":"2025-12-02T13:22:33","date_gmt":"2025-12-02T12:22:33","guid":{"rendered":"https:\/\/lions-pharmacy.com\/?post_type=product&#038;p=18090"},"modified":"2025-12-13T20:19:59","modified_gmt":"2025-12-13T19:19:59","slug":"bepanthen-wound-and-healing-ointment-50-g","status":"publish","type":"product","link":"https:\/\/loewentestneu.metafex.io\/es\/producto\/bepanthen-wound-and-healing-ointment-50-g","title":{"rendered":"Bepanthen pomada cicatrizante 50 g"},"content":{"rendered":"<h3>Bepanthen ung\u00fcento cicatrizante y para heridas<\/h3>\n<p>Bepanthen pomada cicatrizante 50 g (50 mg\/g) para adultos y ni\u00f1os a partir de 1 a\u00f1o. A menudo ocurren peque\u00f1as lesiones en la vida cotidiana que se pueden tratar bien con Bepanthen. Caerse mientras juega o cortarse en la cocina. Para los primeros auxilios, un ap\u00f3sito y un ung\u00fcento para heridas como Bepanthen son suficientes.<\/p>\n<p>C\u00f3mo tratar mejor la herida: Limpie la herida con agua limpia o deje que la zona afectada sangre sin aplicar presi\u00f3n. Desinfecte el \u00e1rea afectada con un spray desinfectante. A continuaci\u00f3n, trate la herida con un ap\u00f3sito transpirable y un ung\u00fcento Bepanthen. El ingrediente activo dexpantenol, que contiene Bepanthen, apoya las c\u00e9lulas de la piel en la cicatrizaci\u00f3n y mejora el entorno de la herida.<\/p>\n<p>Aqu\u00ed puede encontrar m\u00e1s informaci\u00f3n sobre el producto y el fabricante: <a href=\"https:\/\/www.bepanthen.de\/augen-und-nasensalbe\" target=\"_blank\" rel=\"noopener\">Bayer AG \u2013 Bepanthen<\/a>.<\/p>\n<p>Otros productos para la aplicaci\u00f3n: <a href=\"https:\/\/loewentestneu.metafex.io\/es\/etiqueta-producto\/peso-y-forma-fisica\">Viajes y deporte, Bienestar<\/a> | <a href=\"https:\/\/loewentestneu.metafex.io\/es\/etiqueta-producto\/vitaminas-y-suplementos\">Vitaminas y suplementos Productos<\/a><\/p>\n<section><\/section>\n<section class=\"text-dark-primary-max\">La informaci\u00f3n contenida en este sitio web se facilita \u00fanicamente con fines informativos. En ning\u00fan caso sustituyen al examen y tratamiento por un m\u00e9dico. Tenga en cuenta que esto significa que no se pueden hacer diagn\u00f3sticos ni iniciar terapias.  <\/section>\n<section><\/section>\n<section><\/section>\n<p>Para conocer los riesgos y efectos secundarios, lea el prospecto y consulte a su m\u00e9dico o farmac\u00e9utico.<\/p>\n<p>&nbsp;<\/p>\n<h3 style=\"text-align: left;\">Prescripci\u00f3n | \u00bfReceta electr\u00f3nica disponible?<\/h3>\n<p>Env\u00ede su receta electr\u00f3nica ahora. Utilice nuestra aplicaci\u00f3n <a href=\"https:\/\/e-rezept-app.de\/shop-rezept\" target=\"_blank\" rel=\"noopener\">de recetas electr\u00f3nicas<\/a> . \u00a1Y te damos los gastos de env\u00edo gratis en Alemania!<\/p>\n","protected":false},"excerpt":{"rendered":"<h2>Bepanthen ung\u00fcento cicatrizante y para heridas<\/h2>\n<p>Bepanthen pomada cicatrizante 50 g para adultos y ni\u00f1os a partir de 1 a\u00f1o.<\/p>\n<p>&nbsp;<\/p>\n<div class=\"rating__wrap\">\n<p><strong>PZN<\/strong>: <span data-qa-id=\"product-attribute-pzn\">01578818<\/span> (N\u00famero central de farmacia)<\/p>\n<p><strong>Forma farmac\u00e9utica<\/strong>: Pomada &#8211; 50 g<\/p>\n<p><strong>Tipo de regulaci\u00f3n:<\/strong> Sin receta<\/p>\n<p><strong>Marca<\/strong>: Bepanthen<\/p>\n<p><strong>Fabricante: <\/strong>Bayer Vital GmbH<\/p>\n<\/div>\n","protected":false},"featured_media":18189,"comment_status":"closed","ping_status":"closed","template":"","meta":[],"product_brand":[],"product_cat":[125,116],"product_tag":[274,273,275,311,272],"class_list":{"0":"post-18090","1":"product","2":"type-product","3":"status-publish","4":"has-post-thumbnail","6":"product_cat-sale-es","7":"product_cat-sin-categorizar","8":"product_tag-bienestar","9":"product_tag-control-de-peso","10":"product_tag-peso-y-forma-fisica","11":"product_tag-venta-mensual","12":"product_tag-vitaminas-y-suplementos","13":"ts_product_brand-all-es","15":"first","16":"instock","17":"featured","18":"taxable","19":"shipping-taxable","20":"purchasable","21":"product-type-simple"},"yoast_head":"<!-- This site is optimized with the Yoast SEO plugin v26.5 - https:\/\/yoast.com\/wordpress\/plugins\/seo\/ -->\n<title>Bepanthen pomada cicatrizante 50 g &#187; Ordene aqu\u00ed<\/title>\n<meta name=\"description\" content=\"Bepanthen pomada cicatrizante 50 g para adultos y ni\u00f1os. Entregado desde su farmacia en l\u00ednea alemana. Env\u00edo r\u00e1pido. Servicio de primera.\" \/>\n<meta name=\"robots\" content=\"noindex, follow, max-snippet:-1, max-image-preview:large, max-video-preview:-1\" \/>\n<meta property=\"og:locale\" content=\"es_ES\" \/>\n<meta property=\"og:type\" content=\"article\" \/>\n<meta property=\"og:title\" content=\"Bepanthen pomada cicatrizante 50 g &#187; Ordene aqu\u00ed\" \/>\n<meta property=\"og:description\" content=\"Bepanthen pomada cicatrizante 50 g para adultos y ni\u00f1os. Entregado desde su farmacia en l\u00ednea alemana. Env\u00edo r\u00e1pido. Servicio de primera.\" \/>\n<meta property=\"og:url\" content=\"https:\/\/loewentestneu.metafex.io\/es\/producto\/bepanthen-wound-and-healing-ointment-50-g\" \/>\n<meta property=\"og:site_name\" content=\"Lion Pharmacy\" \/>\n<meta property=\"article:modified_time\" content=\"2025-12-13T19:19:59+00:00\" \/>\n<meta property=\"og:image\" content=\"https:\/\/loewentestneu.metafex.io\/wp-content\/uploads\/2025\/12\/Bepanthen50-e1764936141128.webp\" \/>\n\t<meta property=\"og:image:width\" content=\"650\" \/>\n\t<meta property=\"og:image:height\" content=\"650\" \/>\n\t<meta property=\"og:image:type\" content=\"image\/webp\" \/>\n<meta name=\"twitter:card\" content=\"summary_large_image\" \/>\n<meta name=\"twitter:label1\" content=\"Tiempo de lectura\" \/>\n\t<meta name=\"twitter:data1\" content=\"2 minutos\" \/>\n<script type=\"application\/ld+json\" class=\"yoast-schema-graph\">{\"@context\":\"https:\/\/schema.org\",\"@graph\":[{\"@type\":\"WebPage\",\"@id\":\"https:\/\/loewentestneu.metafex.io\/es\/producto\/bepanthen-wound-and-healing-ointment-50-g\",\"url\":\"https:\/\/loewentestneu.metafex.io\/es\/producto\/bepanthen-wound-and-healing-ointment-50-g\",\"name\":\"Bepanthen pomada cicatrizante 50 g &#187; Ordene aqu\u00ed\",\"isPartOf\":{\"@id\":\"https:\/\/loewentestneu.metafex.io\/es#website\"},\"primaryImageOfPage\":{\"@id\":\"https:\/\/loewentestneu.metafex.io\/es\/producto\/bepanthen-wound-and-healing-ointment-50-g#primaryimage\"},\"image\":{\"@id\":\"https:\/\/loewentestneu.metafex.io\/es\/producto\/bepanthen-wound-and-healing-ointment-50-g#primaryimage\"},\"thumbnailUrl\":\"https:\/\/loewentestneu.metafex.io\/wp-content\/uploads\/2025\/12\/Bepanthen50-e1764936141128.webp\",\"datePublished\":\"2025-12-02T12:22:33+00:00\",\"dateModified\":\"2025-12-13T19:19:59+00:00\",\"description\":\"Bepanthen pomada cicatrizante 50 g para adultos y ni\u00f1os. Entregado desde su farmacia en l\u00ednea alemana. Env\u00edo r\u00e1pido. Servicio de primera.\",\"breadcrumb\":{\"@id\":\"https:\/\/loewentestneu.metafex.io\/es\/producto\/bepanthen-wound-and-healing-ointment-50-g#breadcrumb\"},\"inLanguage\":\"es\",\"potentialAction\":[{\"@type\":\"ReadAction\",\"target\":[\"https:\/\/loewentestneu.metafex.io\/es\/producto\/bepanthen-wound-and-healing-ointment-50-g\"]}]},{\"@type\":\"ImageObject\",\"inLanguage\":\"es\",\"@id\":\"https:\/\/loewentestneu.metafex.io\/es\/producto\/bepanthen-wound-and-healing-ointment-50-g#primaryimage\",\"url\":\"https:\/\/loewentestneu.metafex.io\/wp-content\/uploads\/2025\/12\/Bepanthen50-e1764936141128.webp\",\"contentUrl\":\"https:\/\/loewentestneu.metafex.io\/wp-content\/uploads\/2025\/12\/Bepanthen50-e1764936141128.webp\",\"width\":650,\"height\":650,\"caption\":\"Bepanthen pomada cicatrizante PZN 01578818 Farmacia de los Leones\"},{\"@type\":\"BreadcrumbList\",\"@id\":\"https:\/\/loewentestneu.metafex.io\/es\/producto\/bepanthen-wound-and-healing-ointment-50-g#breadcrumb\",\"itemListElement\":[{\"@type\":\"ListItem\",\"position\":1,\"name\":\"Home\",\"item\":\"https:\/\/loewentestneu.metafex.io\/es\/homepage-lion-pharmacy\"},{\"@type\":\"ListItem\",\"position\":2,\"name\":\"Shop\",\"item\":\"https:\/\/loewentestneu.metafex.io\/es\/tienda\"},{\"@type\":\"ListItem\",\"position\":3,\"name\":\"Bepanthen pomada cicatrizante 50 g\"}]},{\"@type\":\"WebSite\",\"@id\":\"https:\/\/loewentestneu.metafex.io\/es#website\",\"url\":\"https:\/\/loewentestneu.metafex.io\/es\",\"name\":\"Lions Pharmacy\",\"description\":\"Farmacia especializada en naturopat\u00eda de Baden-Baden, Alemania\",\"publisher\":{\"@id\":\"https:\/\/loewentestneu.metafex.io\/es#organization\"},\"alternateName\":\"Lion Pharmacy\",\"potentialAction\":[{\"@type\":\"SearchAction\",\"target\":{\"@type\":\"EntryPoint\",\"urlTemplate\":\"https:\/\/loewentestneu.metafex.io\/es?s={search_term_string}\"},\"query-input\":{\"@type\":\"PropertyValueSpecification\",\"valueRequired\":true,\"valueName\":\"search_term_string\"}}],\"inLanguage\":\"es\"},{\"@type\":\"Organization\",\"@id\":\"https:\/\/loewentestneu.metafex.io\/es#organization\",\"name\":\"Lions Pharmacy\",\"alternateName\":\"Lions Pharmacy24\",\"url\":\"https:\/\/loewentestneu.metafex.io\/es\",\"logo\":{\"@type\":\"ImageObject\",\"inLanguage\":\"es\",\"@id\":\"https:\/\/loewentestneu.metafex.io\/es#\/schema\/logo\/image\/\",\"url\":\"https:\/\/loewentestneu.metafex.io\/wp-content\/uploads\/2022\/12\/Logo-Lion-Pharmacy-c-o-Loewen-Apotheke-smal.jpg\",\"contentUrl\":\"https:\/\/loewentestneu.metafex.io\/wp-content\/uploads\/2022\/12\/Logo-Lion-Pharmacy-c-o-Loewen-Apotheke-smal.jpg\",\"width\":298,\"height\":99,\"caption\":\"Lions Pharmacy\"},\"image\":{\"@id\":\"https:\/\/loewentestneu.metafex.io\/es#\/schema\/logo\/image\/\"}}]}<\/script>\n<!-- \/ Yoast SEO plugin. -->","yoast_head_json":{"title":"Bepanthen pomada cicatrizante 50 g &#187; Ordene aqu\u00ed","description":"Bepanthen pomada cicatrizante 50 g para adultos y ni\u00f1os. Entregado desde su farmacia en l\u00ednea alemana. Env\u00edo r\u00e1pido. Servicio de primera.","robots":{"index":"noindex","follow":"follow","max-snippet":"max-snippet:-1","max-image-preview":"max-image-preview:large","max-video-preview":"max-video-preview:-1"},"og_locale":"es_ES","og_type":"article","og_title":"Bepanthen pomada cicatrizante 50 g &#187; Ordene aqu\u00ed","og_description":"Bepanthen pomada cicatrizante 50 g para adultos y ni\u00f1os. Entregado desde su farmacia en l\u00ednea alemana. Env\u00edo r\u00e1pido. Servicio de primera.","og_url":"https:\/\/loewentestneu.metafex.io\/es\/producto\/bepanthen-wound-and-healing-ointment-50-g","og_site_name":"Lion Pharmacy","article_modified_time":"2025-12-13T19:19:59+00:00","og_image":[{"width":650,"height":650,"url":"https:\/\/loewentestneu.metafex.io\/wp-content\/uploads\/2025\/12\/Bepanthen50-e1764936141128.webp","type":"image\/webp"}],"twitter_card":"summary_large_image","twitter_misc":{"Tiempo de lectura":"2 minutos"},"schema":{"@context":"https:\/\/schema.org","@graph":[{"@type":"WebPage","@id":"https:\/\/loewentestneu.metafex.io\/es\/producto\/bepanthen-wound-and-healing-ointment-50-g","url":"https:\/\/loewentestneu.metafex.io\/es\/producto\/bepanthen-wound-and-healing-ointment-50-g","name":"Bepanthen pomada cicatrizante 50 g &#187; Ordene aqu\u00ed","isPartOf":{"@id":"https:\/\/loewentestneu.metafex.io\/es#website"},"primaryImageOfPage":{"@id":"https:\/\/loewentestneu.metafex.io\/es\/producto\/bepanthen-wound-and-healing-ointment-50-g#primaryimage"},"image":{"@id":"https:\/\/loewentestneu.metafex.io\/es\/producto\/bepanthen-wound-and-healing-ointment-50-g#primaryimage"},"thumbnailUrl":"https:\/\/loewentestneu.metafex.io\/wp-content\/uploads\/2025\/12\/Bepanthen50-e1764936141128.webp","datePublished":"2025-12-02T12:22:33+00:00","dateModified":"2025-12-13T19:19:59+00:00","description":"Bepanthen pomada cicatrizante 50 g para adultos y ni\u00f1os. Entregado desde su farmacia en l\u00ednea alemana. Env\u00edo r\u00e1pido. Servicio de primera.","breadcrumb":{"@id":"https:\/\/loewentestneu.metafex.io\/es\/producto\/bepanthen-wound-and-healing-ointment-50-g#breadcrumb"},"inLanguage":"es","potentialAction":[{"@type":"ReadAction","target":["https:\/\/loewentestneu.metafex.io\/es\/producto\/bepanthen-wound-and-healing-ointment-50-g"]}]},{"@type":"ImageObject","inLanguage":"es","@id":"https:\/\/loewentestneu.metafex.io\/es\/producto\/bepanthen-wound-and-healing-ointment-50-g#primaryimage","url":"https:\/\/loewentestneu.metafex.io\/wp-content\/uploads\/2025\/12\/Bepanthen50-e1764936141128.webp","contentUrl":"https:\/\/loewentestneu.metafex.io\/wp-content\/uploads\/2025\/12\/Bepanthen50-e1764936141128.webp","width":650,"height":650,"caption":"Bepanthen pomada cicatrizante PZN 01578818 Farmacia de los Leones"},{"@type":"BreadcrumbList","@id":"https:\/\/loewentestneu.metafex.io\/es\/producto\/bepanthen-wound-and-healing-ointment-50-g#breadcrumb","itemListElement":[{"@type":"ListItem","position":1,"name":"Home","item":"https:\/\/loewentestneu.metafex.io\/es\/homepage-lion-pharmacy"},{"@type":"ListItem","position":2,"name":"Shop","item":"https:\/\/loewentestneu.metafex.io\/es\/tienda"},{"@type":"ListItem","position":3,"name":"Bepanthen pomada cicatrizante 50 g"}]},{"@type":"WebSite","@id":"https:\/\/loewentestneu.metafex.io\/es#website","url":"https:\/\/loewentestneu.metafex.io\/es","name":"Lions Pharmacy","description":"Farmacia especializada en naturopat\u00eda de Baden-Baden, Alemania","publisher":{"@id":"https:\/\/loewentestneu.metafex.io\/es#organization"},"alternateName":"Lion Pharmacy","potentialAction":[{"@type":"SearchAction","target":{"@type":"EntryPoint","urlTemplate":"https:\/\/loewentestneu.metafex.io\/es?s={search_term_string}"},"query-input":{"@type":"PropertyValueSpecification","valueRequired":true,"valueName":"search_term_string"}}],"inLanguage":"es"},{"@type":"Organization","@id":"https:\/\/loewentestneu.metafex.io\/es#organization","name":"Lions Pharmacy","alternateName":"Lions Pharmacy24","url":"https:\/\/loewentestneu.metafex.io\/es","logo":{"@type":"ImageObject","inLanguage":"es","@id":"https:\/\/loewentestneu.metafex.io\/es#\/schema\/logo\/image\/","url":"https:\/\/loewentestneu.metafex.io\/wp-content\/uploads\/2022\/12\/Logo-Lion-Pharmacy-c-o-Loewen-Apotheke-smal.jpg","contentUrl":"https:\/\/loewentestneu.metafex.io\/wp-content\/uploads\/2022\/12\/Logo-Lion-Pharmacy-c-o-Loewen-Apotheke-smal.jpg","width":298,"height":99,"caption":"Lions Pharmacy"},"image":{"@id":"https:\/\/loewentestneu.metafex.io\/es#\/schema\/logo\/image\/"}}]}},"_links":{"self":[{"href":"https:\/\/loewentestneu.metafex.io\/es\/wp-json\/wp\/v2\/product\/18090","targetHints":{"allow":["GET"]}}],"collection":[{"href":"https:\/\/loewentestneu.metafex.io\/es\/wp-json\/wp\/v2\/product"}],"about":[{"href":"https:\/\/loewentestneu.metafex.io\/es\/wp-json\/wp\/v2\/types\/product"}],"replies":[{"embeddable":true,"href":"https:\/\/loewentestneu.metafex.io\/es\/wp-json\/wp\/v2\/comments?post=18090"}],"wp:featuredmedia":[{"embeddable":true,"href":"https:\/\/loewentestneu.metafex.io\/es\/wp-json\/wp\/v2\/media\/18189"}],"wp:attachment":[{"href":"https:\/\/loewentestneu.metafex.io\/es\/wp-json\/wp\/v2\/media?parent=18090"}],"wp:term":[{"taxonomy":"product_brand","embeddable":true,"href":"https:\/\/loewentestneu.metafex.io\/es\/wp-json\/wp\/v2\/product_brand?post=18090"},{"taxonomy":"product_cat","embeddable":true,"href":"https:\/\/loewentestneu.metafex.io\/es\/wp-json\/wp\/v2\/product_cat?post=18090"},{"taxonomy":"product_tag","embeddable":true,"href":"https:\/\/loewentestneu.metafex.io\/es\/wp-json\/wp\/v2\/product_tag?post=18090"}],"curies":[{"name":"wp","href":"https:\/\/api.w.org\/{rel}","templated":true}]}}