{"id":1872,"date":"2023-01-14T06:58:08","date_gmt":"2023-01-14T05:58:08","guid":{"rendered":"https:\/\/lions-pharmacy.com\/product\/neyfoc-nr-69-pack-hospital-ampollas-d7-50x-2ml"},"modified":"2025-01-26T19:53:20","modified_gmt":"2025-01-26T18:53:20","slug":"neyfoc-nr-69-ampollas-10x-5x-2ml","status":"publish","type":"product","link":"https:\/\/loewentestneu.metafex.io\/es\/producto\/neyfoc-nr-69-ampollas-10x-5x-2ml","title":{"rendered":"Neyfoc Nr.69 Pack hospital ampollas D7 50x 2ml"},"content":{"rendered":"<h2>Neyfoc Nr.69 Ampollas D7<\/h2>\n<p>Neyfoc Nr.69 D7 &#8211; &#8220;Dienc\u00e9falo, Cerebelo, Cortex cerebri., M\u00e9dula sinal., Hepar, P\u00e1ncreas, Lien, Gl\u00e1ndula. thyreoidea, timo, placenta, mucosa misc&#8221;.<\/p>\n<p>Los preparados homeop\u00e1ticos para \u00f3rganos que ofrece vitOrgan para la terapia biomolecular utilizan sustancias org\u00e1nicas naturales con efecto regulador y metab\u00f3lico para normalizar fisiol\u00f3gicamente los procesos que se han desequilibrado. La vitOrganoterapia biomolecular es una terapia de gran \u00e9xito desde hace 60 a\u00f1os. Constituye un puente entre los llamados campos de la medicina ortodoxa y la naturopat\u00eda. Utiliza sustancias naturales, reguladoras y metab\u00f3licamente funcionales, que est\u00e1n disponibles tanto en humanos como en animales, para normalizar las enfermedades modificando los procesos fisiol\u00f3gicos que ya no est\u00e1n en equilibrio y, con ello, tratar al paciente no s\u00f3lo sintom\u00e1ticamente, sino tambi\u00e9n causalmente. Seg\u00fan el principio &#8220;el coraz\u00f3n cura al coraz\u00f3n, el ri\u00f1\u00f3n cura al ri\u00f1\u00f3n, el \u00f3rgano cura al \u00f3rgano&#8221;, es importante despertar el poder de las c\u00e9lulas debilitadas mediante una regulaci\u00f3n espec\u00edfica.<\/p>\n<p>Prospecto\/instrucciones de uso\/ficha de art\u00edculo: Ampollas Neyfoc Nr. 69 D7 (lector PDF)<\/p>\n<p>Nombre alternativo del producto: Neyfoc Nr. 69 D7<\/p>\n<p>Otros productos para la aplicaci\u00f3n: <a href=\"https:\/\/loewentestneu.metafex.io\/produkt-kategorie\/vitorgan\">vitOrgan<\/a><\/p>\n<p>M\u00e1s informaci\u00f3n sobre el fabricante y este producto: <a href=\"https:\/\/vitorgan.de\/en\/products\/\" target=\"_blank\" rel=\"noopener\">vitOrgan<\/a> (enlace externo)<\/p>\n<p>La informaci\u00f3n contenida en este sitio web se facilita \u00fanicamente con fines informativos. En ning\u00fan caso sustituyen al examen y tratamiento por un m\u00e9dico. Tenga en cuenta que esto significa que no se pueden hacer diagn\u00f3sticos ni iniciar terapias.<\/p>\n<p>Para conocer los riesgos y efectos secundarios, lea el prospecto y consulte a su m\u00e9dico o farmac\u00e9utico.<\/p>\n","protected":false},"excerpt":{"rendered":"<h2>Neyfoc Nr.69 Ampollas D7<\/h2>\n<p>&#8220;Dienc\u00e9falo, Cerebelo, Cortex cerebri., M\u00e9dula sinal., Hepar, P\u00e1ncreas, Lien, Gl\u00e1ndula. thyreoidea, timo, placenta, mucosa misc.&#8221;. Paquete hospitalario &#8211; paquete de volumen con<br \/>\n50 ud.<\/p>\n<p>&nbsp;<\/p>\n<p>PZN: 6487316 (Pharmazentralnummer)<\/p>\n<p>Forma farmac\u00e9utica: ampollas<\/p>\n<p>Tipo de prescripci\u00f3n: sin receta<\/p>\n<p>Marca: vitOrgan<\/p>\n<p>Fabricante: vitOrgan GmbH &amp; Co.KG, Ostfildern, Alemania<\/p>\n<p>Tama\u00f1o del embalaje: 10&#215;5 piezas a 2ml<\/p>\n","protected":false},"featured_media":4742,"comment_status":"closed","ping_status":"closed","template":"","meta":[],"product_brand":[],"product_cat":[564,125,131],"product_tag":[232],"class_list":{"0":"post-1872","1":"product","2":"type-product","3":"status-publish","4":"has-post-thumbnail","6":"product_cat-ofertas-exclusivas","7":"product_cat-sale-es","8":"product_cat-vitorgan-es","9":"product_tag-neydil-es","10":"ts_product_brand-all-es","11":"ts_product_brand-vitorgan-es","13":"first","14":"instock","15":"sale","16":"taxable","17":"shipping-taxable","18":"purchasable","19":"product-type-simple"},"yoast_head":"<!-- This site is optimized with the Yoast SEO plugin v26.5 - https:\/\/yoast.com\/wordpress\/plugins\/seo\/ -->\n<title>Neyfoc Nr.69 Pack hospital ampollas D7 50x 2ml &#187;<\/title>\n<meta name=\"description\" content=\"Lion Pharmacy | Farmacia en l\u00ednea alemana registrada | Env\u00edo internacional r\u00e1pido | Paymanet seguro | Neyfoc Nr.69 Pack hospital ampollas D7 50x 2ml.\" \/>\n<meta name=\"robots\" content=\"noindex, follow, max-snippet:-1, max-image-preview:large, max-video-preview:-1\" \/>\n<meta property=\"og:locale\" content=\"es_ES\" \/>\n<meta property=\"og:type\" content=\"article\" \/>\n<meta property=\"og:title\" content=\"Neyfoc Nr.69 Pack hospital ampollas D7 50x 2ml &#187;\" \/>\n<meta property=\"og:description\" content=\"Lion Pharmacy | Farmacia en l\u00ednea alemana registrada | Env\u00edo internacional r\u00e1pido | Paymanet seguro | Neyfoc Nr.69 Pack hospital ampollas D7 50x 2ml.\" \/>\n<meta property=\"og:url\" content=\"https:\/\/loewentestneu.metafex.io\/es\/producto\/neyfoc-nr-69-ampollas-10x-5x-2ml\" \/>\n<meta property=\"og:site_name\" content=\"Lion Pharmacy\" \/>\n<meta property=\"article:modified_time\" content=\"2025-01-26T18:53:20+00:00\" \/>\n<meta property=\"og:image\" content=\"https:\/\/loewentestneu.metafex.io\/wp-content\/uploads\/2022\/12\/NeyFoc-Nr.69-D7-vitOrgan-Arzneimittel-Lions-Pharmacy.webp\" \/>\n\t<meta property=\"og:image:width\" content=\"600\" \/>\n\t<meta property=\"og:image:height\" content=\"600\" \/>\n\t<meta property=\"og:image:type\" content=\"image\/webp\" \/>\n<meta name=\"twitter:card\" content=\"summary_large_image\" \/>\n<meta name=\"twitter:label1\" content=\"Tiempo de lectura\" \/>\n\t<meta name=\"twitter:data1\" content=\"1 minuto\" \/>\n<script type=\"application\/ld+json\" class=\"yoast-schema-graph\">{\"@context\":\"https:\/\/schema.org\",\"@graph\":[{\"@type\":\"WebPage\",\"@id\":\"https:\/\/loewentestneu.metafex.io\/es\/producto\/neyfoc-nr-69-ampollas-10x-5x-2ml\",\"url\":\"https:\/\/loewentestneu.metafex.io\/es\/producto\/neyfoc-nr-69-ampollas-10x-5x-2ml\",\"name\":\"Neyfoc Nr.69 Pack hospital ampollas D7 50x 2ml &#187;\",\"isPartOf\":{\"@id\":\"https:\/\/loewentestneu.metafex.io\/es#website\"},\"primaryImageOfPage\":{\"@id\":\"https:\/\/loewentestneu.metafex.io\/es\/producto\/neyfoc-nr-69-ampollas-10x-5x-2ml#primaryimage\"},\"image\":{\"@id\":\"https:\/\/loewentestneu.metafex.io\/es\/producto\/neyfoc-nr-69-ampollas-10x-5x-2ml#primaryimage\"},\"thumbnailUrl\":\"https:\/\/loewentestneu.metafex.io\/wp-content\/uploads\/2022\/12\/NeyFoc-Nr.69-D7-vitOrgan-Arzneimittel-Lions-Pharmacy.webp\",\"datePublished\":\"2023-01-14T05:58:08+00:00\",\"dateModified\":\"2025-01-26T18:53:20+00:00\",\"description\":\"Lion Pharmacy | Farmacia en l\u00ednea alemana registrada | Env\u00edo internacional r\u00e1pido | Paymanet seguro | Neyfoc Nr.69 Pack hospital ampollas D7 50x 2ml.\",\"breadcrumb\":{\"@id\":\"https:\/\/loewentestneu.metafex.io\/es\/producto\/neyfoc-nr-69-ampollas-10x-5x-2ml#breadcrumb\"},\"inLanguage\":\"es\",\"potentialAction\":[{\"@type\":\"ReadAction\",\"target\":[\"https:\/\/loewentestneu.metafex.io\/es\/producto\/neyfoc-nr-69-ampollas-10x-5x-2ml\"]}]},{\"@type\":\"ImageObject\",\"inLanguage\":\"es\",\"@id\":\"https:\/\/loewentestneu.metafex.io\/es\/producto\/neyfoc-nr-69-ampollas-10x-5x-2ml#primaryimage\",\"url\":\"https:\/\/loewentestneu.metafex.io\/wp-content\/uploads\/2022\/12\/NeyFoc-Nr.69-D7-vitOrgan-Arzneimittel-Lions-Pharmacy.webp\",\"contentUrl\":\"https:\/\/loewentestneu.metafex.io\/wp-content\/uploads\/2022\/12\/NeyFoc-Nr.69-D7-vitOrgan-Arzneimittel-Lions-Pharmacy.webp\",\"width\":600,\"height\":600,\"caption\":\"NeyFoc n\u00ba 69 D7 vitOrgan Arzneimittel Lions Pharmacy\"},{\"@type\":\"BreadcrumbList\",\"@id\":\"https:\/\/loewentestneu.metafex.io\/es\/producto\/neyfoc-nr-69-ampollas-10x-5x-2ml#breadcrumb\",\"itemListElement\":[{\"@type\":\"ListItem\",\"position\":1,\"name\":\"Home\",\"item\":\"https:\/\/loewentestneu.metafex.io\/es\/homepage-lion-pharmacy\"},{\"@type\":\"ListItem\",\"position\":2,\"name\":\"Shop\",\"item\":\"https:\/\/loewentestneu.metafex.io\/es\/tienda\"},{\"@type\":\"ListItem\",\"position\":3,\"name\":\"Neyfoc Nr.69 Pack hospital ampollas D7 50x 2ml\"}]},{\"@type\":\"WebSite\",\"@id\":\"https:\/\/loewentestneu.metafex.io\/es#website\",\"url\":\"https:\/\/loewentestneu.metafex.io\/es\",\"name\":\"Lions Pharmacy\",\"description\":\"Farmacia especializada en naturopat\u00eda de Baden-Baden, Alemania\",\"publisher\":{\"@id\":\"https:\/\/loewentestneu.metafex.io\/es#organization\"},\"alternateName\":\"Lion Pharmacy\",\"potentialAction\":[{\"@type\":\"SearchAction\",\"target\":{\"@type\":\"EntryPoint\",\"urlTemplate\":\"https:\/\/loewentestneu.metafex.io\/es?s={search_term_string}\"},\"query-input\":{\"@type\":\"PropertyValueSpecification\",\"valueRequired\":true,\"valueName\":\"search_term_string\"}}],\"inLanguage\":\"es\"},{\"@type\":\"Organization\",\"@id\":\"https:\/\/loewentestneu.metafex.io\/es#organization\",\"name\":\"Lions Pharmacy\",\"alternateName\":\"Lions Pharmacy24\",\"url\":\"https:\/\/loewentestneu.metafex.io\/es\",\"logo\":{\"@type\":\"ImageObject\",\"inLanguage\":\"es\",\"@id\":\"https:\/\/loewentestneu.metafex.io\/es#\/schema\/logo\/image\/\",\"url\":\"https:\/\/loewentestneu.metafex.io\/wp-content\/uploads\/2022\/12\/Logo-Lion-Pharmacy-c-o-Loewen-Apotheke-smal.jpg\",\"contentUrl\":\"https:\/\/loewentestneu.metafex.io\/wp-content\/uploads\/2022\/12\/Logo-Lion-Pharmacy-c-o-Loewen-Apotheke-smal.jpg\",\"width\":298,\"height\":99,\"caption\":\"Lions Pharmacy\"},\"image\":{\"@id\":\"https:\/\/loewentestneu.metafex.io\/es#\/schema\/logo\/image\/\"}}]}<\/script>\n<!-- \/ Yoast SEO plugin. -->","yoast_head_json":{"title":"Neyfoc Nr.69 Pack hospital ampollas D7 50x 2ml &#187;","description":"Lion Pharmacy | Farmacia en l\u00ednea alemana registrada | Env\u00edo internacional r\u00e1pido | Paymanet seguro | Neyfoc Nr.69 Pack hospital ampollas D7 50x 2ml.","robots":{"index":"noindex","follow":"follow","max-snippet":"max-snippet:-1","max-image-preview":"max-image-preview:large","max-video-preview":"max-video-preview:-1"},"og_locale":"es_ES","og_type":"article","og_title":"Neyfoc Nr.69 Pack hospital ampollas D7 50x 2ml &#187;","og_description":"Lion Pharmacy | Farmacia en l\u00ednea alemana registrada | Env\u00edo internacional r\u00e1pido | Paymanet seguro | Neyfoc Nr.69 Pack hospital ampollas D7 50x 2ml.","og_url":"https:\/\/loewentestneu.metafex.io\/es\/producto\/neyfoc-nr-69-ampollas-10x-5x-2ml","og_site_name":"Lion Pharmacy","article_modified_time":"2025-01-26T18:53:20+00:00","og_image":[{"width":600,"height":600,"url":"https:\/\/loewentestneu.metafex.io\/wp-content\/uploads\/2022\/12\/NeyFoc-Nr.69-D7-vitOrgan-Arzneimittel-Lions-Pharmacy.webp","type":"image\/webp"}],"twitter_card":"summary_large_image","twitter_misc":{"Tiempo de lectura":"1 minuto"},"schema":{"@context":"https:\/\/schema.org","@graph":[{"@type":"WebPage","@id":"https:\/\/loewentestneu.metafex.io\/es\/producto\/neyfoc-nr-69-ampollas-10x-5x-2ml","url":"https:\/\/loewentestneu.metafex.io\/es\/producto\/neyfoc-nr-69-ampollas-10x-5x-2ml","name":"Neyfoc Nr.69 Pack hospital ampollas D7 50x 2ml &#187;","isPartOf":{"@id":"https:\/\/loewentestneu.metafex.io\/es#website"},"primaryImageOfPage":{"@id":"https:\/\/loewentestneu.metafex.io\/es\/producto\/neyfoc-nr-69-ampollas-10x-5x-2ml#primaryimage"},"image":{"@id":"https:\/\/loewentestneu.metafex.io\/es\/producto\/neyfoc-nr-69-ampollas-10x-5x-2ml#primaryimage"},"thumbnailUrl":"https:\/\/loewentestneu.metafex.io\/wp-content\/uploads\/2022\/12\/NeyFoc-Nr.69-D7-vitOrgan-Arzneimittel-Lions-Pharmacy.webp","datePublished":"2023-01-14T05:58:08+00:00","dateModified":"2025-01-26T18:53:20+00:00","description":"Lion Pharmacy | Farmacia en l\u00ednea alemana registrada | Env\u00edo internacional r\u00e1pido | Paymanet seguro | Neyfoc Nr.69 Pack hospital ampollas D7 50x 2ml.","breadcrumb":{"@id":"https:\/\/loewentestneu.metafex.io\/es\/producto\/neyfoc-nr-69-ampollas-10x-5x-2ml#breadcrumb"},"inLanguage":"es","potentialAction":[{"@type":"ReadAction","target":["https:\/\/loewentestneu.metafex.io\/es\/producto\/neyfoc-nr-69-ampollas-10x-5x-2ml"]}]},{"@type":"ImageObject","inLanguage":"es","@id":"https:\/\/loewentestneu.metafex.io\/es\/producto\/neyfoc-nr-69-ampollas-10x-5x-2ml#primaryimage","url":"https:\/\/loewentestneu.metafex.io\/wp-content\/uploads\/2022\/12\/NeyFoc-Nr.69-D7-vitOrgan-Arzneimittel-Lions-Pharmacy.webp","contentUrl":"https:\/\/loewentestneu.metafex.io\/wp-content\/uploads\/2022\/12\/NeyFoc-Nr.69-D7-vitOrgan-Arzneimittel-Lions-Pharmacy.webp","width":600,"height":600,"caption":"NeyFoc n\u00ba 69 D7 vitOrgan Arzneimittel Lions Pharmacy"},{"@type":"BreadcrumbList","@id":"https:\/\/loewentestneu.metafex.io\/es\/producto\/neyfoc-nr-69-ampollas-10x-5x-2ml#breadcrumb","itemListElement":[{"@type":"ListItem","position":1,"name":"Home","item":"https:\/\/loewentestneu.metafex.io\/es\/homepage-lion-pharmacy"},{"@type":"ListItem","position":2,"name":"Shop","item":"https:\/\/loewentestneu.metafex.io\/es\/tienda"},{"@type":"ListItem","position":3,"name":"Neyfoc Nr.69 Pack hospital ampollas D7 50x 2ml"}]},{"@type":"WebSite","@id":"https:\/\/loewentestneu.metafex.io\/es#website","url":"https:\/\/loewentestneu.metafex.io\/es","name":"Lions Pharmacy","description":"Farmacia especializada en naturopat\u00eda de Baden-Baden, Alemania","publisher":{"@id":"https:\/\/loewentestneu.metafex.io\/es#organization"},"alternateName":"Lion Pharmacy","potentialAction":[{"@type":"SearchAction","target":{"@type":"EntryPoint","urlTemplate":"https:\/\/loewentestneu.metafex.io\/es?s={search_term_string}"},"query-input":{"@type":"PropertyValueSpecification","valueRequired":true,"valueName":"search_term_string"}}],"inLanguage":"es"},{"@type":"Organization","@id":"https:\/\/loewentestneu.metafex.io\/es#organization","name":"Lions Pharmacy","alternateName":"Lions Pharmacy24","url":"https:\/\/loewentestneu.metafex.io\/es","logo":{"@type":"ImageObject","inLanguage":"es","@id":"https:\/\/loewentestneu.metafex.io\/es#\/schema\/logo\/image\/","url":"https:\/\/loewentestneu.metafex.io\/wp-content\/uploads\/2022\/12\/Logo-Lion-Pharmacy-c-o-Loewen-Apotheke-smal.jpg","contentUrl":"https:\/\/loewentestneu.metafex.io\/wp-content\/uploads\/2022\/12\/Logo-Lion-Pharmacy-c-o-Loewen-Apotheke-smal.jpg","width":298,"height":99,"caption":"Lions Pharmacy"},"image":{"@id":"https:\/\/loewentestneu.metafex.io\/es#\/schema\/logo\/image\/"}}]}},"_links":{"self":[{"href":"https:\/\/loewentestneu.metafex.io\/es\/wp-json\/wp\/v2\/product\/1872","targetHints":{"allow":["GET"]}}],"collection":[{"href":"https:\/\/loewentestneu.metafex.io\/es\/wp-json\/wp\/v2\/product"}],"about":[{"href":"https:\/\/loewentestneu.metafex.io\/es\/wp-json\/wp\/v2\/types\/product"}],"replies":[{"embeddable":true,"href":"https:\/\/loewentestneu.metafex.io\/es\/wp-json\/wp\/v2\/comments?post=1872"}],"wp:featuredmedia":[{"embeddable":true,"href":"https:\/\/loewentestneu.metafex.io\/es\/wp-json\/wp\/v2\/media\/4742"}],"wp:attachment":[{"href":"https:\/\/loewentestneu.metafex.io\/es\/wp-json\/wp\/v2\/media?parent=1872"}],"wp:term":[{"taxonomy":"product_brand","embeddable":true,"href":"https:\/\/loewentestneu.metafex.io\/es\/wp-json\/wp\/v2\/product_brand?post=1872"},{"taxonomy":"product_cat","embeddable":true,"href":"https:\/\/loewentestneu.metafex.io\/es\/wp-json\/wp\/v2\/product_cat?post=1872"},{"taxonomy":"product_tag","embeddable":true,"href":"https:\/\/loewentestneu.metafex.io\/es\/wp-json\/wp\/v2\/product_tag?post=1872"}],"curies":[{"name":"wp","href":"https:\/\/api.w.org\/{rel}","templated":true}]}}