{"id":1884,"date":"2023-01-13T16:31:48","date_gmt":"2023-01-13T15:31:48","guid":{"rendered":"https:\/\/lions-pharmacy.com\/product\/tebonin-intense-120-mg-comprimidos-recubiertos-con-pelicula"},"modified":"2025-01-24T18:11:02","modified_gmt":"2025-01-24T17:11:02","slug":"tebonin-intense-120-mg-film-coated-tablets-60-pc-07682356","status":"publish","type":"product","link":"https:\/\/loewentestneu.metafex.io\/es\/producto\/tebonin-intense-120-mg-film-coated-tablets-60-pc-07682356","title":{"rendered":"Tebonin intense 120 mg comprimidos recubiertos con pel\u00edcula"},"content":{"rendered":"<h3>Tebonin intense 120 mg comprimidos recubiertos con pel\u00edcula<\/h3>\n<p>Tebonin intense 120 mg comprimidos recubiertos con pel\u00edcula es una medicina herbal de alta calidad que se utiliza para tratar el olvido y la falta de concentraci\u00f3n en la vejez, ciertas formas de mareos, zumbido en los o\u00eddos y tinnitus.<\/p>\n<p>Prospecto\/instrucciones de uso\/ficha t\u00e9cnica del art\u00edculo: &#8211; (lector de PDF)<\/p>\n<p>Otros productos para la aplicaci\u00f3n: <a href=\"https:\/\/loewentestneu.metafex.io\/product-tag\/vitamins-supplements\">Vitaminas y suplementos Productos<\/a><\/p>\n<p>Obtenga m\u00e1s informaci\u00f3n sobre manufactorer y este producto: <a href=\"https:\/\/tebonin.de\/ueber-tebonin.html\" target=\"_blank\" rel=\"noopener\">Tebonin<\/a> (enlace al sitio web externo)<\/p>\n<p>La informaci\u00f3n contenida en este sitio web se facilita \u00fanicamente con fines informativos. En ning\u00fan caso sustituyen al examen y tratamiento por un m\u00e9dico. Tenga en cuenta que esto significa que no se pueden hacer diagn\u00f3sticos ni iniciar terapias.<\/p>\n<p>Para conocer los riesgos y efectos secundarios, lea el prospecto y consulte a su m\u00e9dico o farmac\u00e9utico.<\/p>\n","protected":false},"excerpt":{"rendered":"<h2>Tebonin intense 120 mg comprimidos recubiertos con pel\u00edcula<\/h2>\n<p>Hierbas medicinales de alta calidad que se utilizan para tratar el olvido y la falta de concentraci\u00f3n en la vejez, ciertas formas de mareos, zumbido en los o\u00eddos y tinnitus.<\/p>\n<p>&nbsp;<\/p>\n<p>PZN: 07682356 (Pharmazentralnummer)<\/p>\n<p>Forma de la dosis: tabletas recubiertas con pel\u00edcula<\/p>\n<p>Tipo de prescripci\u00f3n: sin receta<\/p>\n<p>Marca: Tebonin<\/p>\n<p>Fabricante: Dr.Willmar Schwabe GmbH &amp; Co.KG, Alemania<\/p>\n<p>Tama\u00f1o del embalaje: 60 pc.<\/p>\n","protected":false},"featured_media":1535,"comment_status":"closed","ping_status":"closed","template":"","meta":[],"product_brand":[],"product_cat":[463,125,116],"product_tag":[317,320,311],"class_list":{"0":"post-1884","1":"product","2":"type-product","3":"status-publish","4":"has-post-thumbnail","6":"product_cat-dr-schwabe-es","7":"product_cat-sale-es","8":"product_cat-sin-categorizar","9":"product_tag-olvido","10":"product_tag-tinnitus-es","11":"product_tag-venta-mensual","12":"ts_product_brand-all-es","13":"ts_product_brand-dr-schwabe-es","15":"first","16":"instock","17":"sale","18":"taxable","19":"shipping-taxable","20":"purchasable","21":"product-type-simple"},"yoast_head":"<!-- This site is optimized with the Yoast SEO plugin v26.5 - https:\/\/yoast.com\/wordpress\/plugins\/seo\/ -->\n<title>Tebonin intense 120 mg comprimidos recubiertos con pel\u00edcula &#187; Lion Pharmacy<\/title>\n<meta name=\"description\" content=\"Farmacia Lions | farmacia online alemana registrada | tratar el olvido y la falta de concentraci\u00f3n: Tebonin intense 120 mg comprimidos recubiertos con pel\u00edcula\" \/>\n<meta name=\"robots\" content=\"noindex, follow, max-snippet:-1, max-image-preview:large, max-video-preview:-1\" \/>\n<meta property=\"og:locale\" content=\"es_ES\" \/>\n<meta property=\"og:type\" content=\"article\" \/>\n<meta property=\"og:title\" content=\"Tebonin intense 120 mg comprimidos recubiertos con pel\u00edcula &#187; Lion Pharmacy\" \/>\n<meta property=\"og:description\" content=\"Farmacia Lions | farmacia online alemana registrada | tratar el olvido y la falta de concentraci\u00f3n: Tebonin intense 120 mg comprimidos recubiertos con pel\u00edcula\" \/>\n<meta property=\"og:url\" content=\"https:\/\/loewentestneu.metafex.io\/es\/producto\/tebonin-intense-120-mg-film-coated-tablets-60-pc-07682356\" \/>\n<meta property=\"og:site_name\" content=\"Lion Pharmacy\" \/>\n<meta property=\"article:modified_time\" content=\"2025-01-24T17:11:02+00:00\" \/>\n<meta property=\"og:image\" content=\"https:\/\/loewentestneu.metafex.io\/wp-content\/uploads\/2023\/01\/tebonin-intens-120-mg-60-stueck-dr.-schwabe-lion-pharmacy-loewen-apotheke.jpg\" \/>\n\t<meta property=\"og:image:width\" content=\"600\" \/>\n\t<meta property=\"og:image:height\" content=\"600\" \/>\n\t<meta property=\"og:image:type\" content=\"image\/jpeg\" \/>\n<meta name=\"twitter:card\" content=\"summary_large_image\" \/>\n<meta name=\"twitter:label1\" content=\"Tiempo de lectura\" \/>\n\t<meta name=\"twitter:data1\" content=\"1 minuto\" \/>\n<script type=\"application\/ld+json\" class=\"yoast-schema-graph\">{\"@context\":\"https:\/\/schema.org\",\"@graph\":[{\"@type\":\"WebPage\",\"@id\":\"https:\/\/loewentestneu.metafex.io\/es\/producto\/tebonin-intense-120-mg-film-coated-tablets-60-pc-07682356\",\"url\":\"https:\/\/loewentestneu.metafex.io\/es\/producto\/tebonin-intense-120-mg-film-coated-tablets-60-pc-07682356\",\"name\":\"Tebonin intense 120 mg comprimidos recubiertos con pel\u00edcula &#187; Lion Pharmacy\",\"isPartOf\":{\"@id\":\"https:\/\/loewentestneu.metafex.io\/es#website\"},\"primaryImageOfPage\":{\"@id\":\"https:\/\/loewentestneu.metafex.io\/es\/producto\/tebonin-intense-120-mg-film-coated-tablets-60-pc-07682356#primaryimage\"},\"image\":{\"@id\":\"https:\/\/loewentestneu.metafex.io\/es\/producto\/tebonin-intense-120-mg-film-coated-tablets-60-pc-07682356#primaryimage\"},\"thumbnailUrl\":\"https:\/\/loewentestneu.metafex.io\/wp-content\/uploads\/2023\/01\/tebonin-intens-120-mg-60-stueck-dr.-schwabe-lion-pharmacy-loewen-apotheke.jpg\",\"datePublished\":\"2023-01-13T15:31:48+00:00\",\"dateModified\":\"2025-01-24T17:11:02+00:00\",\"description\":\"Farmacia Lions | farmacia online alemana registrada | tratar el olvido y la falta de concentraci\u00f3n: Tebonin intense 120 mg comprimidos recubiertos con pel\u00edcula\",\"breadcrumb\":{\"@id\":\"https:\/\/loewentestneu.metafex.io\/es\/producto\/tebonin-intense-120-mg-film-coated-tablets-60-pc-07682356#breadcrumb\"},\"inLanguage\":\"es\",\"potentialAction\":[{\"@type\":\"ReadAction\",\"target\":[\"https:\/\/loewentestneu.metafex.io\/es\/producto\/tebonin-intense-120-mg-film-coated-tablets-60-pc-07682356\"]}]},{\"@type\":\"ImageObject\",\"inLanguage\":\"es\",\"@id\":\"https:\/\/loewentestneu.metafex.io\/es\/producto\/tebonin-intense-120-mg-film-coated-tablets-60-pc-07682356#primaryimage\",\"url\":\"https:\/\/loewentestneu.metafex.io\/wp-content\/uploads\/2023\/01\/tebonin-intens-120-mg-60-stueck-dr.-schwabe-lion-pharmacy-loewen-apotheke.jpg\",\"contentUrl\":\"https:\/\/loewentestneu.metafex.io\/wp-content\/uploads\/2023\/01\/tebonin-intens-120-mg-60-stueck-dr.-schwabe-lion-pharmacy-loewen-apotheke.jpg\",\"width\":600,\"height\":600,\"caption\":\"Tebonin Intens 120-mg, un producto producido por el Dr. Schwabe. Farmacia del le\u00f3n Loewen-Apotheke. para tratar el olvido y la falta de concentraci\u00f3n mareos\"},{\"@type\":\"BreadcrumbList\",\"@id\":\"https:\/\/loewentestneu.metafex.io\/es\/producto\/tebonin-intense-120-mg-film-coated-tablets-60-pc-07682356#breadcrumb\",\"itemListElement\":[{\"@type\":\"ListItem\",\"position\":1,\"name\":\"Home\",\"item\":\"https:\/\/loewentestneu.metafex.io\/es\/homepage-lion-pharmacy\"},{\"@type\":\"ListItem\",\"position\":2,\"name\":\"Shop\",\"item\":\"https:\/\/loewentestneu.metafex.io\/es\/tienda\"},{\"@type\":\"ListItem\",\"position\":3,\"name\":\"Tebonin intense 120 mg comprimidos recubiertos con pel\u00edcula\"}]},{\"@type\":\"WebSite\",\"@id\":\"https:\/\/loewentestneu.metafex.io\/es#website\",\"url\":\"https:\/\/loewentestneu.metafex.io\/es\",\"name\":\"Lions Pharmacy\",\"description\":\"Farmacia especializada en naturopat\u00eda de Baden-Baden, Alemania\",\"publisher\":{\"@id\":\"https:\/\/loewentestneu.metafex.io\/es#organization\"},\"alternateName\":\"Lion Pharmacy\",\"potentialAction\":[{\"@type\":\"SearchAction\",\"target\":{\"@type\":\"EntryPoint\",\"urlTemplate\":\"https:\/\/loewentestneu.metafex.io\/es?s={search_term_string}\"},\"query-input\":{\"@type\":\"PropertyValueSpecification\",\"valueRequired\":true,\"valueName\":\"search_term_string\"}}],\"inLanguage\":\"es\"},{\"@type\":\"Organization\",\"@id\":\"https:\/\/loewentestneu.metafex.io\/es#organization\",\"name\":\"Lions Pharmacy\",\"alternateName\":\"Lions Pharmacy24\",\"url\":\"https:\/\/loewentestneu.metafex.io\/es\",\"logo\":{\"@type\":\"ImageObject\",\"inLanguage\":\"es\",\"@id\":\"https:\/\/loewentestneu.metafex.io\/es#\/schema\/logo\/image\/\",\"url\":\"https:\/\/loewentestneu.metafex.io\/wp-content\/uploads\/2022\/12\/Logo-Lion-Pharmacy-c-o-Loewen-Apotheke-smal.jpg\",\"contentUrl\":\"https:\/\/loewentestneu.metafex.io\/wp-content\/uploads\/2022\/12\/Logo-Lion-Pharmacy-c-o-Loewen-Apotheke-smal.jpg\",\"width\":298,\"height\":99,\"caption\":\"Lions Pharmacy\"},\"image\":{\"@id\":\"https:\/\/loewentestneu.metafex.io\/es#\/schema\/logo\/image\/\"}}]}<\/script>\n<!-- \/ Yoast SEO plugin. -->","yoast_head_json":{"title":"Tebonin intense 120 mg comprimidos recubiertos con pel\u00edcula &#187; Lion Pharmacy","description":"Farmacia Lions | farmacia online alemana registrada | tratar el olvido y la falta de concentraci\u00f3n: Tebonin intense 120 mg comprimidos recubiertos con pel\u00edcula","robots":{"index":"noindex","follow":"follow","max-snippet":"max-snippet:-1","max-image-preview":"max-image-preview:large","max-video-preview":"max-video-preview:-1"},"og_locale":"es_ES","og_type":"article","og_title":"Tebonin intense 120 mg comprimidos recubiertos con pel\u00edcula &#187; Lion Pharmacy","og_description":"Farmacia Lions | farmacia online alemana registrada | tratar el olvido y la falta de concentraci\u00f3n: Tebonin intense 120 mg comprimidos recubiertos con pel\u00edcula","og_url":"https:\/\/loewentestneu.metafex.io\/es\/producto\/tebonin-intense-120-mg-film-coated-tablets-60-pc-07682356","og_site_name":"Lion Pharmacy","article_modified_time":"2025-01-24T17:11:02+00:00","og_image":[{"width":600,"height":600,"url":"https:\/\/loewentestneu.metafex.io\/wp-content\/uploads\/2023\/01\/tebonin-intens-120-mg-60-stueck-dr.-schwabe-lion-pharmacy-loewen-apotheke.jpg","type":"image\/jpeg"}],"twitter_card":"summary_large_image","twitter_misc":{"Tiempo de lectura":"1 minuto"},"schema":{"@context":"https:\/\/schema.org","@graph":[{"@type":"WebPage","@id":"https:\/\/loewentestneu.metafex.io\/es\/producto\/tebonin-intense-120-mg-film-coated-tablets-60-pc-07682356","url":"https:\/\/loewentestneu.metafex.io\/es\/producto\/tebonin-intense-120-mg-film-coated-tablets-60-pc-07682356","name":"Tebonin intense 120 mg comprimidos recubiertos con pel\u00edcula &#187; Lion Pharmacy","isPartOf":{"@id":"https:\/\/loewentestneu.metafex.io\/es#website"},"primaryImageOfPage":{"@id":"https:\/\/loewentestneu.metafex.io\/es\/producto\/tebonin-intense-120-mg-film-coated-tablets-60-pc-07682356#primaryimage"},"image":{"@id":"https:\/\/loewentestneu.metafex.io\/es\/producto\/tebonin-intense-120-mg-film-coated-tablets-60-pc-07682356#primaryimage"},"thumbnailUrl":"https:\/\/loewentestneu.metafex.io\/wp-content\/uploads\/2023\/01\/tebonin-intens-120-mg-60-stueck-dr.-schwabe-lion-pharmacy-loewen-apotheke.jpg","datePublished":"2023-01-13T15:31:48+00:00","dateModified":"2025-01-24T17:11:02+00:00","description":"Farmacia Lions | farmacia online alemana registrada | tratar el olvido y la falta de concentraci\u00f3n: Tebonin intense 120 mg comprimidos recubiertos con pel\u00edcula","breadcrumb":{"@id":"https:\/\/loewentestneu.metafex.io\/es\/producto\/tebonin-intense-120-mg-film-coated-tablets-60-pc-07682356#breadcrumb"},"inLanguage":"es","potentialAction":[{"@type":"ReadAction","target":["https:\/\/loewentestneu.metafex.io\/es\/producto\/tebonin-intense-120-mg-film-coated-tablets-60-pc-07682356"]}]},{"@type":"ImageObject","inLanguage":"es","@id":"https:\/\/loewentestneu.metafex.io\/es\/producto\/tebonin-intense-120-mg-film-coated-tablets-60-pc-07682356#primaryimage","url":"https:\/\/loewentestneu.metafex.io\/wp-content\/uploads\/2023\/01\/tebonin-intens-120-mg-60-stueck-dr.-schwabe-lion-pharmacy-loewen-apotheke.jpg","contentUrl":"https:\/\/loewentestneu.metafex.io\/wp-content\/uploads\/2023\/01\/tebonin-intens-120-mg-60-stueck-dr.-schwabe-lion-pharmacy-loewen-apotheke.jpg","width":600,"height":600,"caption":"Tebonin Intens 120-mg, un producto producido por el Dr. Schwabe. Farmacia del le\u00f3n Loewen-Apotheke. para tratar el olvido y la falta de concentraci\u00f3n mareos"},{"@type":"BreadcrumbList","@id":"https:\/\/loewentestneu.metafex.io\/es\/producto\/tebonin-intense-120-mg-film-coated-tablets-60-pc-07682356#breadcrumb","itemListElement":[{"@type":"ListItem","position":1,"name":"Home","item":"https:\/\/loewentestneu.metafex.io\/es\/homepage-lion-pharmacy"},{"@type":"ListItem","position":2,"name":"Shop","item":"https:\/\/loewentestneu.metafex.io\/es\/tienda"},{"@type":"ListItem","position":3,"name":"Tebonin intense 120 mg comprimidos recubiertos con pel\u00edcula"}]},{"@type":"WebSite","@id":"https:\/\/loewentestneu.metafex.io\/es#website","url":"https:\/\/loewentestneu.metafex.io\/es","name":"Lions Pharmacy","description":"Farmacia especializada en naturopat\u00eda de Baden-Baden, Alemania","publisher":{"@id":"https:\/\/loewentestneu.metafex.io\/es#organization"},"alternateName":"Lion Pharmacy","potentialAction":[{"@type":"SearchAction","target":{"@type":"EntryPoint","urlTemplate":"https:\/\/loewentestneu.metafex.io\/es?s={search_term_string}"},"query-input":{"@type":"PropertyValueSpecification","valueRequired":true,"valueName":"search_term_string"}}],"inLanguage":"es"},{"@type":"Organization","@id":"https:\/\/loewentestneu.metafex.io\/es#organization","name":"Lions Pharmacy","alternateName":"Lions Pharmacy24","url":"https:\/\/loewentestneu.metafex.io\/es","logo":{"@type":"ImageObject","inLanguage":"es","@id":"https:\/\/loewentestneu.metafex.io\/es#\/schema\/logo\/image\/","url":"https:\/\/loewentestneu.metafex.io\/wp-content\/uploads\/2022\/12\/Logo-Lion-Pharmacy-c-o-Loewen-Apotheke-smal.jpg","contentUrl":"https:\/\/loewentestneu.metafex.io\/wp-content\/uploads\/2022\/12\/Logo-Lion-Pharmacy-c-o-Loewen-Apotheke-smal.jpg","width":298,"height":99,"caption":"Lions Pharmacy"},"image":{"@id":"https:\/\/loewentestneu.metafex.io\/es#\/schema\/logo\/image\/"}}]}},"_links":{"self":[{"href":"https:\/\/loewentestneu.metafex.io\/es\/wp-json\/wp\/v2\/product\/1884","targetHints":{"allow":["GET"]}}],"collection":[{"href":"https:\/\/loewentestneu.metafex.io\/es\/wp-json\/wp\/v2\/product"}],"about":[{"href":"https:\/\/loewentestneu.metafex.io\/es\/wp-json\/wp\/v2\/types\/product"}],"replies":[{"embeddable":true,"href":"https:\/\/loewentestneu.metafex.io\/es\/wp-json\/wp\/v2\/comments?post=1884"}],"wp:featuredmedia":[{"embeddable":true,"href":"https:\/\/loewentestneu.metafex.io\/es\/wp-json\/wp\/v2\/media\/1535"}],"wp:attachment":[{"href":"https:\/\/loewentestneu.metafex.io\/es\/wp-json\/wp\/v2\/media?parent=1884"}],"wp:term":[{"taxonomy":"product_brand","embeddable":true,"href":"https:\/\/loewentestneu.metafex.io\/es\/wp-json\/wp\/v2\/product_brand?post=1884"},{"taxonomy":"product_cat","embeddable":true,"href":"https:\/\/loewentestneu.metafex.io\/es\/wp-json\/wp\/v2\/product_cat?post=1884"},{"taxonomy":"product_tag","embeddable":true,"href":"https:\/\/loewentestneu.metafex.io\/es\/wp-json\/wp\/v2\/product_tag?post=1884"}],"curies":[{"name":"wp","href":"https:\/\/api.w.org\/{rel}","templated":true}]}}