{"id":1893,"date":"2022-12-30T11:27:28","date_gmt":"2022-12-30T10:27:28","guid":{"rendered":"https:\/\/lions-pharmacy.com\/product\/elixir-amargo-180ml"},"modified":"2025-01-25T12:50:45","modified_gmt":"2025-01-25T11:50:45","slug":"elixir-amargo-180ml-1119022","status":"publish","type":"product","link":"https:\/\/loewentestneu.metafex.io\/es\/producto\/elixir-amargo-180ml-1119022","title":{"rendered":"Elixir amargo 180ml"},"content":{"rendered":"<h3>Elixir amargo<\/h3>\n<p>Elixir amargo \u2013 Sustancias activas antropos\u00f3ficas de plantas medicinales, en todas las fases de la vida y para numerosas dolencias.<\/p>\n<p>Sustancias activas antropos\u00f3ficas de plantas medicinales, en todas las fases de la vida y para numerosas dolencias.<\/p>\n<p>Medicamentos antropos\u00f3ficos que puede obtener en farmacias sin receta. La selecci\u00f3n de un medicamento debe basarse en un diagn\u00f3stico confirmado m\u00e9dicamente. Consulte a su m\u00e9dico o farmac\u00e9utico. Tambi\u00e9n le recomendamos que no deje de tomar los medicamentos recetados por un m\u00e9dico sin consultar a su m\u00e9dico.<\/p>\n<p>Prospecto\/instrucciones de uso\/ficha t\u00e9cnica del art\u00edculo: &#8211; (lector de PDF)<\/p>\n<p>Otros productos para la aplicaci\u00f3n: <a href=\"https:\/\/loewentestneu.metafex.io\/es\/product-tag\/asthma-allergies\">Alergias<\/a> | <a href=\"https:\/\/loewentestneu.metafex.io\/product-tag\/vitamins-supplements\">Productos de vitaminas y suplementos<\/a><\/p>\n<p>Obtenga m\u00e1s informaci\u00f3n sobre manufactorer y este producto: <a href=\"https:\/\/www.walaarzneimittel.de\/de\/\" target=\"_blank\" rel=\"noopener\">WALA Arzneimittel <\/a> (enlace al sitio web externo)<\/p>\n<p>La informaci\u00f3n contenida en este sitio web se facilita \u00fanicamente con fines informativos. En ning\u00fan caso sustituyen al examen y tratamiento por un m\u00e9dico. Tenga en cuenta que esto significa que no se pueden hacer diagn\u00f3sticos ni iniciar terapias.<\/p>\n<p>Para conocer los riesgos y efectos secundarios, lea el prospecto y consulte a su m\u00e9dico o farmac\u00e9utico.<\/p>\n","protected":false},"excerpt":{"rendered":"<h2>Elixir amargo 180ml<\/h2>\n<p>Sustancias activas antropos\u00f3ficas de plantas medicinales, en todas las fases de la vida y para numerosas dolencias.<\/p>\n<p>&nbsp;<\/p>\n<p><strong>PZN<\/strong>: 01119022 (N\u00famero Central Farmac\u00e9utico)<\/p>\n<p><strong>Forma de dosificaci\u00f3n<\/strong>: gotas<\/p>\n<p><strong>Tipo de receta<\/strong>: sin receta<\/p>\n<p><strong>Marca<\/strong>: &#8211;<\/p>\n<p><strong>Fabricante<\/strong>: WALA Arzneimittel GmbH, Alemania<\/p>\n<p><strong>Tama\u00f1o del envase<\/strong>: 180 ml<\/p>\n","protected":false},"featured_media":4731,"comment_status":"closed","ping_status":"closed","template":"","meta":[],"product_brand":[],"product_cat":[125,116,128],"product_tag":[262,311,272],"class_list":{"0":"post-1893","1":"product","2":"type-product","3":"status-publish","4":"has-post-thumbnail","6":"product_cat-sale-es","7":"product_cat-sin-categorizar","8":"product_cat-wala-arzneimittel-es","9":"product_tag-asma-y-alergias","10":"product_tag-venta-mensual","11":"product_tag-vitaminas-y-suplementos","12":"ts_product_brand-all-es","13":"ts_product_brand-wala-es","15":"first","16":"instock","17":"taxable","18":"shipping-taxable","19":"purchasable","20":"product-type-simple"},"yoast_head":"<!-- This site is optimized with the Yoast SEO plugin v26.5 - https:\/\/yoast.com\/wordpress\/plugins\/seo\/ -->\n<title>Elixir amargo 180ml &#187; Lion Pharmacy<\/title>\n<meta name=\"description\" content=\"Lion Pharmacy | farmacia en l\u00ednea alemana registrada | Env\u00edo internacional r\u00e1pido | Compras seguras en l\u00ednea | numerosas dolencias &gt; Elixir amargo 180ml\" \/>\n<meta name=\"robots\" content=\"noindex, follow, max-snippet:-1, max-image-preview:large, max-video-preview:-1\" \/>\n<meta property=\"og:locale\" content=\"es_ES\" \/>\n<meta property=\"og:type\" content=\"article\" \/>\n<meta property=\"og:title\" content=\"Elixir amargo 180ml &#187; Lion Pharmacy\" \/>\n<meta property=\"og:description\" content=\"Lion Pharmacy | farmacia en l\u00ednea alemana registrada | Env\u00edo internacional r\u00e1pido | Compras seguras en l\u00ednea | numerosas dolencias &gt; Elixir amargo 180ml\" \/>\n<meta property=\"og:url\" content=\"https:\/\/loewentestneu.metafex.io\/es\/producto\/elixir-amargo-180ml-1119022\" \/>\n<meta property=\"og:site_name\" content=\"Lion Pharmacy\" \/>\n<meta property=\"article:modified_time\" content=\"2025-01-25T11:50:45+00:00\" \/>\n<meta property=\"og:image\" content=\"https:\/\/loewentestneu.metafex.io\/wp-content\/uploads\/2022\/12\/Bitter-elixir-180ml-wala-arzneimittel-product-therapy-Lions-Pharmacy.webp\" \/>\n\t<meta property=\"og:image:width\" content=\"600\" \/>\n\t<meta property=\"og:image:height\" content=\"600\" \/>\n\t<meta property=\"og:image:type\" content=\"image\/webp\" \/>\n<meta name=\"twitter:card\" content=\"summary_large_image\" \/>\n<meta name=\"twitter:label1\" content=\"Tiempo de lectura\" \/>\n\t<meta name=\"twitter:data1\" content=\"1 minuto\" \/>\n<script type=\"application\/ld+json\" class=\"yoast-schema-graph\">{\"@context\":\"https:\/\/schema.org\",\"@graph\":[{\"@type\":\"WebPage\",\"@id\":\"https:\/\/loewentestneu.metafex.io\/es\/producto\/elixir-amargo-180ml-1119022\",\"url\":\"https:\/\/loewentestneu.metafex.io\/es\/producto\/elixir-amargo-180ml-1119022\",\"name\":\"Elixir amargo 180ml &#187; Lion Pharmacy\",\"isPartOf\":{\"@id\":\"https:\/\/loewentestneu.metafex.io\/es#website\"},\"primaryImageOfPage\":{\"@id\":\"https:\/\/loewentestneu.metafex.io\/es\/producto\/elixir-amargo-180ml-1119022#primaryimage\"},\"image\":{\"@id\":\"https:\/\/loewentestneu.metafex.io\/es\/producto\/elixir-amargo-180ml-1119022#primaryimage\"},\"thumbnailUrl\":\"https:\/\/loewentestneu.metafex.io\/wp-content\/uploads\/2022\/12\/Bitter-elixir-180ml-wala-arzneimittel-product-therapy-Lions-Pharmacy.webp\",\"datePublished\":\"2022-12-30T10:27:28+00:00\",\"dateModified\":\"2025-01-25T11:50:45+00:00\",\"description\":\"Lion Pharmacy | farmacia en l\u00ednea alemana registrada | Env\u00edo internacional r\u00e1pido | Compras seguras en l\u00ednea | numerosas dolencias > Elixir amargo 180ml\",\"breadcrumb\":{\"@id\":\"https:\/\/loewentestneu.metafex.io\/es\/producto\/elixir-amargo-180ml-1119022#breadcrumb\"},\"inLanguage\":\"es\",\"potentialAction\":[{\"@type\":\"ReadAction\",\"target\":[\"https:\/\/loewentestneu.metafex.io\/es\/producto\/elixir-amargo-180ml-1119022\"]}]},{\"@type\":\"ImageObject\",\"inLanguage\":\"es\",\"@id\":\"https:\/\/loewentestneu.metafex.io\/es\/producto\/elixir-amargo-180ml-1119022#primaryimage\",\"url\":\"https:\/\/loewentestneu.metafex.io\/wp-content\/uploads\/2022\/12\/Bitter-elixir-180ml-wala-arzneimittel-product-therapy-Lions-Pharmacy.webp\",\"contentUrl\":\"https:\/\/loewentestneu.metafex.io\/wp-content\/uploads\/2022\/12\/Bitter-elixir-180ml-wala-arzneimittel-product-therapy-Lions-Pharmacy.webp\",\"width\":600,\"height\":600,\"caption\":\"Elixir amargo 180ml wala arzneimittel producto terapia Farmacia Lions\"},{\"@type\":\"BreadcrumbList\",\"@id\":\"https:\/\/loewentestneu.metafex.io\/es\/producto\/elixir-amargo-180ml-1119022#breadcrumb\",\"itemListElement\":[{\"@type\":\"ListItem\",\"position\":1,\"name\":\"Home\",\"item\":\"https:\/\/loewentestneu.metafex.io\/es\/homepage-lion-pharmacy\"},{\"@type\":\"ListItem\",\"position\":2,\"name\":\"Shop\",\"item\":\"https:\/\/loewentestneu.metafex.io\/es\/tienda\"},{\"@type\":\"ListItem\",\"position\":3,\"name\":\"Elixir amargo 180ml\"}]},{\"@type\":\"WebSite\",\"@id\":\"https:\/\/loewentestneu.metafex.io\/es#website\",\"url\":\"https:\/\/loewentestneu.metafex.io\/es\",\"name\":\"Lions Pharmacy\",\"description\":\"Farmacia especializada en naturopat\u00eda de Baden-Baden, Alemania\",\"publisher\":{\"@id\":\"https:\/\/loewentestneu.metafex.io\/es#organization\"},\"alternateName\":\"Lion Pharmacy\",\"potentialAction\":[{\"@type\":\"SearchAction\",\"target\":{\"@type\":\"EntryPoint\",\"urlTemplate\":\"https:\/\/loewentestneu.metafex.io\/es?s={search_term_string}\"},\"query-input\":{\"@type\":\"PropertyValueSpecification\",\"valueRequired\":true,\"valueName\":\"search_term_string\"}}],\"inLanguage\":\"es\"},{\"@type\":\"Organization\",\"@id\":\"https:\/\/loewentestneu.metafex.io\/es#organization\",\"name\":\"Lions Pharmacy\",\"alternateName\":\"Lions Pharmacy24\",\"url\":\"https:\/\/loewentestneu.metafex.io\/es\",\"logo\":{\"@type\":\"ImageObject\",\"inLanguage\":\"es\",\"@id\":\"https:\/\/loewentestneu.metafex.io\/es#\/schema\/logo\/image\/\",\"url\":\"https:\/\/loewentestneu.metafex.io\/wp-content\/uploads\/2022\/12\/Logo-Lion-Pharmacy-c-o-Loewen-Apotheke-smal.jpg\",\"contentUrl\":\"https:\/\/loewentestneu.metafex.io\/wp-content\/uploads\/2022\/12\/Logo-Lion-Pharmacy-c-o-Loewen-Apotheke-smal.jpg\",\"width\":298,\"height\":99,\"caption\":\"Lions Pharmacy\"},\"image\":{\"@id\":\"https:\/\/loewentestneu.metafex.io\/es#\/schema\/logo\/image\/\"}}]}<\/script>\n<!-- \/ Yoast SEO plugin. -->","yoast_head_json":{"title":"Elixir amargo 180ml &#187; Lion Pharmacy","description":"Lion Pharmacy | farmacia en l\u00ednea alemana registrada | Env\u00edo internacional r\u00e1pido | Compras seguras en l\u00ednea | numerosas dolencias > Elixir amargo 180ml","robots":{"index":"noindex","follow":"follow","max-snippet":"max-snippet:-1","max-image-preview":"max-image-preview:large","max-video-preview":"max-video-preview:-1"},"og_locale":"es_ES","og_type":"article","og_title":"Elixir amargo 180ml &#187; Lion Pharmacy","og_description":"Lion Pharmacy | farmacia en l\u00ednea alemana registrada | Env\u00edo internacional r\u00e1pido | Compras seguras en l\u00ednea | numerosas dolencias > Elixir amargo 180ml","og_url":"https:\/\/loewentestneu.metafex.io\/es\/producto\/elixir-amargo-180ml-1119022","og_site_name":"Lion Pharmacy","article_modified_time":"2025-01-25T11:50:45+00:00","og_image":[{"width":600,"height":600,"url":"https:\/\/loewentestneu.metafex.io\/wp-content\/uploads\/2022\/12\/Bitter-elixir-180ml-wala-arzneimittel-product-therapy-Lions-Pharmacy.webp","type":"image\/webp"}],"twitter_card":"summary_large_image","twitter_misc":{"Tiempo de lectura":"1 minuto"},"schema":{"@context":"https:\/\/schema.org","@graph":[{"@type":"WebPage","@id":"https:\/\/loewentestneu.metafex.io\/es\/producto\/elixir-amargo-180ml-1119022","url":"https:\/\/loewentestneu.metafex.io\/es\/producto\/elixir-amargo-180ml-1119022","name":"Elixir amargo 180ml &#187; Lion Pharmacy","isPartOf":{"@id":"https:\/\/loewentestneu.metafex.io\/es#website"},"primaryImageOfPage":{"@id":"https:\/\/loewentestneu.metafex.io\/es\/producto\/elixir-amargo-180ml-1119022#primaryimage"},"image":{"@id":"https:\/\/loewentestneu.metafex.io\/es\/producto\/elixir-amargo-180ml-1119022#primaryimage"},"thumbnailUrl":"https:\/\/loewentestneu.metafex.io\/wp-content\/uploads\/2022\/12\/Bitter-elixir-180ml-wala-arzneimittel-product-therapy-Lions-Pharmacy.webp","datePublished":"2022-12-30T10:27:28+00:00","dateModified":"2025-01-25T11:50:45+00:00","description":"Lion Pharmacy | farmacia en l\u00ednea alemana registrada | Env\u00edo internacional r\u00e1pido | Compras seguras en l\u00ednea | numerosas dolencias > Elixir amargo 180ml","breadcrumb":{"@id":"https:\/\/loewentestneu.metafex.io\/es\/producto\/elixir-amargo-180ml-1119022#breadcrumb"},"inLanguage":"es","potentialAction":[{"@type":"ReadAction","target":["https:\/\/loewentestneu.metafex.io\/es\/producto\/elixir-amargo-180ml-1119022"]}]},{"@type":"ImageObject","inLanguage":"es","@id":"https:\/\/loewentestneu.metafex.io\/es\/producto\/elixir-amargo-180ml-1119022#primaryimage","url":"https:\/\/loewentestneu.metafex.io\/wp-content\/uploads\/2022\/12\/Bitter-elixir-180ml-wala-arzneimittel-product-therapy-Lions-Pharmacy.webp","contentUrl":"https:\/\/loewentestneu.metafex.io\/wp-content\/uploads\/2022\/12\/Bitter-elixir-180ml-wala-arzneimittel-product-therapy-Lions-Pharmacy.webp","width":600,"height":600,"caption":"Elixir amargo 180ml wala arzneimittel producto terapia Farmacia Lions"},{"@type":"BreadcrumbList","@id":"https:\/\/loewentestneu.metafex.io\/es\/producto\/elixir-amargo-180ml-1119022#breadcrumb","itemListElement":[{"@type":"ListItem","position":1,"name":"Home","item":"https:\/\/loewentestneu.metafex.io\/es\/homepage-lion-pharmacy"},{"@type":"ListItem","position":2,"name":"Shop","item":"https:\/\/loewentestneu.metafex.io\/es\/tienda"},{"@type":"ListItem","position":3,"name":"Elixir amargo 180ml"}]},{"@type":"WebSite","@id":"https:\/\/loewentestneu.metafex.io\/es#website","url":"https:\/\/loewentestneu.metafex.io\/es","name":"Lions Pharmacy","description":"Farmacia especializada en naturopat\u00eda de Baden-Baden, Alemania","publisher":{"@id":"https:\/\/loewentestneu.metafex.io\/es#organization"},"alternateName":"Lion Pharmacy","potentialAction":[{"@type":"SearchAction","target":{"@type":"EntryPoint","urlTemplate":"https:\/\/loewentestneu.metafex.io\/es?s={search_term_string}"},"query-input":{"@type":"PropertyValueSpecification","valueRequired":true,"valueName":"search_term_string"}}],"inLanguage":"es"},{"@type":"Organization","@id":"https:\/\/loewentestneu.metafex.io\/es#organization","name":"Lions Pharmacy","alternateName":"Lions Pharmacy24","url":"https:\/\/loewentestneu.metafex.io\/es","logo":{"@type":"ImageObject","inLanguage":"es","@id":"https:\/\/loewentestneu.metafex.io\/es#\/schema\/logo\/image\/","url":"https:\/\/loewentestneu.metafex.io\/wp-content\/uploads\/2022\/12\/Logo-Lion-Pharmacy-c-o-Loewen-Apotheke-smal.jpg","contentUrl":"https:\/\/loewentestneu.metafex.io\/wp-content\/uploads\/2022\/12\/Logo-Lion-Pharmacy-c-o-Loewen-Apotheke-smal.jpg","width":298,"height":99,"caption":"Lions Pharmacy"},"image":{"@id":"https:\/\/loewentestneu.metafex.io\/es#\/schema\/logo\/image\/"}}]}},"_links":{"self":[{"href":"https:\/\/loewentestneu.metafex.io\/es\/wp-json\/wp\/v2\/product\/1893","targetHints":{"allow":["GET"]}}],"collection":[{"href":"https:\/\/loewentestneu.metafex.io\/es\/wp-json\/wp\/v2\/product"}],"about":[{"href":"https:\/\/loewentestneu.metafex.io\/es\/wp-json\/wp\/v2\/types\/product"}],"replies":[{"embeddable":true,"href":"https:\/\/loewentestneu.metafex.io\/es\/wp-json\/wp\/v2\/comments?post=1893"}],"wp:featuredmedia":[{"embeddable":true,"href":"https:\/\/loewentestneu.metafex.io\/es\/wp-json\/wp\/v2\/media\/4731"}],"wp:attachment":[{"href":"https:\/\/loewentestneu.metafex.io\/es\/wp-json\/wp\/v2\/media?parent=1893"}],"wp:term":[{"taxonomy":"product_brand","embeddable":true,"href":"https:\/\/loewentestneu.metafex.io\/es\/wp-json\/wp\/v2\/product_brand?post=1893"},{"taxonomy":"product_cat","embeddable":true,"href":"https:\/\/loewentestneu.metafex.io\/es\/wp-json\/wp\/v2\/product_cat?post=1893"},{"taxonomy":"product_tag","embeddable":true,"href":"https:\/\/loewentestneu.metafex.io\/es\/wp-json\/wp\/v2\/product_tag?post=1893"}],"curies":[{"name":"wp","href":"https:\/\/api.w.org\/{rel}","templated":true}]}}