{"id":18977,"date":"2026-01-04T20:01:20","date_gmt":"2026-01-04T19:01:20","guid":{"rendered":"https:\/\/lions-pharmacy.com\/?post_type=product&#038;p=18977"},"modified":"2026-01-06T17:00:20","modified_gmt":"2026-01-06T16:00:20","slug":"otriven-for-colds-0-1-10ml-08444541","status":"publish","type":"product","link":"https:\/\/loewentestneu.metafex.io\/es\/producto\/otriven-for-colds-0-1-10ml-08444541","title":{"rendered":"Otriven para resfriados Spray nasal al 0,1% (10 ml)"},"content":{"rendered":"<h3>Otriven para los resfriados 0,1<\/h3>\n<p>Otriven para los resfriados y para descongestionar la mucosa nasal en casos de rinitis aguda. Otriven 0,1% spray nasal (spray dosificador) para resfriados, sin conservantes.<\/p>\n<p>En general, no debes utilizar el aerosol dosificador durante m\u00e1s de 7 d\u00edas.<\/p>\n<section class=\"text-dark-primary-max\">Otros productos para la aplicaci\u00f3n: <a href=\"https:\/\/loewentestneu.metafex.io\/es\/etiqueta-producto\/resfriado\">Resfriado y gripe<\/a><\/section>\n<section><\/section>\n<section><\/section>\n<section><\/section>\n<section class=\"text-dark-primary-max\">La informaci\u00f3n contenida en este sitio web se facilita \u00fanicamente con fines informativos. En ning\u00fan caso sustituyen al examen y tratamiento por un m\u00e9dico. Tenga en cuenta que esto significa que no se pueden hacer diagn\u00f3sticos ni iniciar terapias.<\/section>\n<p>Para conocer los riesgos y efectos secundarios, lea el prospecto y consulte a su m\u00e9dico o farmac\u00e9utico.<\/p>\n<p>&nbsp;<\/p>\n<h3 style=\"text-align: left;\">Prescripci\u00f3n | \u00bfReceta electr\u00f3nica disponible?<\/h3>\n<p>Env\u00ede su receta electr\u00f3nica ahora. Utilice nuestra aplicaci\u00f3n <a href=\"https:\/\/e-rezept-app.de\/shop-rezept\" target=\"_blank\" rel=\"noopener\">de recetas electr\u00f3nicas<\/a> . \u00a1Y te damos los gastos de env\u00edo gratis en Alemania!<\/p>\n","protected":false},"excerpt":{"rendered":"<h2>Otriven para los resfriados 0,1<\/h2>\n<p>Para descongestionar la mucosa nasal en caso de rinitis aguda<\/p>\n<p>&nbsp;<\/p>\n<div class=\"rating__wrap\">\n<p><strong>PZN<\/strong>: 08444541 (N\u00famero central de farmacia)<\/p>\n<p><strong>Forma farmac\u00e9utica<\/strong>: aerosol<\/p>\n<p><strong>Tipo de regulaci\u00f3n:<\/strong> Sin receta<\/p>\n<p><strong>Marca<\/strong>: Otriven<\/p>\n<p><strong>Fabricante: <\/strong>Haleon Germany GmbH, Alemania<\/p>\n<\/div>\n","protected":false},"featured_media":18982,"comment_status":"closed","ping_status":"closed","template":"","meta":[],"product_brand":[],"product_cat":[125,116],"product_tag":[492,237,296],"class_list":{"0":"post-18977","1":"product","2":"type-product","3":"status-publish","4":"has-post-thumbnail","6":"product_cat-sale-es","7":"product_cat-sin-categorizar","8":"product_tag-gripe-y-resfriado","9":"product_tag-infeccion-virica","10":"product_tag-resfriado","11":"ts_product_brand-all-es","13":"first","14":"instock","15":"taxable","16":"shipping-taxable","17":"purchasable","18":"product-type-simple"},"yoast_head":"<!-- This site is optimized with the Yoast SEO plugin v26.5 - https:\/\/yoast.com\/wordpress\/plugins\/seo\/ -->\n<title>Otriven para resfriados Spray nasal al 0,1% (10 ml) &#187; Ordene aqu\u00ed<\/title>\n<meta name=\"description\" content=\"Otriven para resfriados Spray nasal al 0,1% (10 ml) para aliviar los s\u00edntomas del resfriado. Entregado desde su farmacia en l\u00ednea alemana. Env\u00edo r\u00e1pido. Servicio de primera.\" \/>\n<meta name=\"robots\" content=\"noindex, follow, max-snippet:-1, max-image-preview:large, max-video-preview:-1\" \/>\n<meta property=\"og:locale\" content=\"es_ES\" \/>\n<meta property=\"og:type\" content=\"article\" \/>\n<meta property=\"og:title\" content=\"Otriven para resfriados Spray nasal al 0,1% (10 ml) &#187; Ordene aqu\u00ed\" \/>\n<meta property=\"og:description\" content=\"Otriven para resfriados Spray nasal al 0,1% (10 ml) para aliviar los s\u00edntomas del resfriado. Entregado desde su farmacia en l\u00ednea alemana. Env\u00edo r\u00e1pido. Servicio de primera.\" \/>\n<meta property=\"og:url\" content=\"https:\/\/loewentestneu.metafex.io\/es\/producto\/otriven-for-colds-0-1-10ml-08444541\" \/>\n<meta property=\"og:site_name\" content=\"Lion Pharmacy\" \/>\n<meta property=\"article:modified_time\" content=\"2026-01-06T16:00:20+00:00\" \/>\n<meta property=\"og:image\" content=\"https:\/\/loewentestneu.metafex.io\/wp-content\/uploads\/2026\/01\/Otriven-01-nasal-spray-metered-dose-spray-for-colds-preservative-free.webp\" \/>\n\t<meta property=\"og:image:width\" content=\"600\" \/>\n\t<meta property=\"og:image:height\" content=\"600\" \/>\n\t<meta property=\"og:image:type\" content=\"image\/webp\" \/>\n<meta name=\"twitter:card\" content=\"summary_large_image\" \/>\n<meta name=\"twitter:label1\" content=\"Tiempo de lectura\" \/>\n\t<meta name=\"twitter:data1\" content=\"1 minuto\" \/>\n<script type=\"application\/ld+json\" class=\"yoast-schema-graph\">{\"@context\":\"https:\/\/schema.org\",\"@graph\":[{\"@type\":\"WebPage\",\"@id\":\"https:\/\/loewentestneu.metafex.io\/es\/producto\/otriven-for-colds-0-1-10ml-08444541\",\"url\":\"https:\/\/loewentestneu.metafex.io\/es\/producto\/otriven-for-colds-0-1-10ml-08444541\",\"name\":\"Otriven para resfriados Spray nasal al 0,1% (10 ml) &#187; Ordene aqu\u00ed\",\"isPartOf\":{\"@id\":\"https:\/\/loewentestneu.metafex.io\/es#website\"},\"primaryImageOfPage\":{\"@id\":\"https:\/\/loewentestneu.metafex.io\/es\/producto\/otriven-for-colds-0-1-10ml-08444541#primaryimage\"},\"image\":{\"@id\":\"https:\/\/loewentestneu.metafex.io\/es\/producto\/otriven-for-colds-0-1-10ml-08444541#primaryimage\"},\"thumbnailUrl\":\"https:\/\/loewentestneu.metafex.io\/wp-content\/uploads\/2026\/01\/Otriven-01-nasal-spray-metered-dose-spray-for-colds-preservative-free.webp\",\"datePublished\":\"2026-01-04T19:01:20+00:00\",\"dateModified\":\"2026-01-06T16:00:20+00:00\",\"description\":\"Otriven para resfriados Spray nasal al 0,1% (10 ml) para aliviar los s\u00edntomas del resfriado. Entregado desde su farmacia en l\u00ednea alemana. Env\u00edo r\u00e1pido. Servicio de primera.\",\"breadcrumb\":{\"@id\":\"https:\/\/loewentestneu.metafex.io\/es\/producto\/otriven-for-colds-0-1-10ml-08444541#breadcrumb\"},\"inLanguage\":\"es\",\"potentialAction\":[{\"@type\":\"ReadAction\",\"target\":[\"https:\/\/loewentestneu.metafex.io\/es\/producto\/otriven-for-colds-0-1-10ml-08444541\"]}]},{\"@type\":\"ImageObject\",\"inLanguage\":\"es\",\"@id\":\"https:\/\/loewentestneu.metafex.io\/es\/producto\/otriven-for-colds-0-1-10ml-08444541#primaryimage\",\"url\":\"https:\/\/loewentestneu.metafex.io\/wp-content\/uploads\/2026\/01\/Otriven-01-nasal-spray-metered-dose-spray-for-colds-preservative-free.webp\",\"contentUrl\":\"https:\/\/loewentestneu.metafex.io\/wp-content\/uploads\/2026\/01\/Otriven-01-nasal-spray-metered-dose-spray-for-colds-preservative-free.webp\",\"width\":600,\"height\":600,\"caption\":\"Otriven 0,1% spray nasal (spray dosificador) para resfriados, sin conservantes\"},{\"@type\":\"BreadcrumbList\",\"@id\":\"https:\/\/loewentestneu.metafex.io\/es\/producto\/otriven-for-colds-0-1-10ml-08444541#breadcrumb\",\"itemListElement\":[{\"@type\":\"ListItem\",\"position\":1,\"name\":\"Home\",\"item\":\"https:\/\/loewentestneu.metafex.io\/es\/homepage-lion-pharmacy\"},{\"@type\":\"ListItem\",\"position\":2,\"name\":\"Shop\",\"item\":\"https:\/\/loewentestneu.metafex.io\/es\/tienda\"},{\"@type\":\"ListItem\",\"position\":3,\"name\":\"Otriven para resfriados Spray nasal al 0,1% (10 ml)\"}]},{\"@type\":\"WebSite\",\"@id\":\"https:\/\/loewentestneu.metafex.io\/es#website\",\"url\":\"https:\/\/loewentestneu.metafex.io\/es\",\"name\":\"Lions Pharmacy\",\"description\":\"Farmacia especializada en naturopat\u00eda de Baden-Baden, Alemania\",\"publisher\":{\"@id\":\"https:\/\/loewentestneu.metafex.io\/es#organization\"},\"alternateName\":\"Lion Pharmacy\",\"potentialAction\":[{\"@type\":\"SearchAction\",\"target\":{\"@type\":\"EntryPoint\",\"urlTemplate\":\"https:\/\/loewentestneu.metafex.io\/es?s={search_term_string}\"},\"query-input\":{\"@type\":\"PropertyValueSpecification\",\"valueRequired\":true,\"valueName\":\"search_term_string\"}}],\"inLanguage\":\"es\"},{\"@type\":\"Organization\",\"@id\":\"https:\/\/loewentestneu.metafex.io\/es#organization\",\"name\":\"Lions Pharmacy\",\"alternateName\":\"Lions Pharmacy24\",\"url\":\"https:\/\/loewentestneu.metafex.io\/es\",\"logo\":{\"@type\":\"ImageObject\",\"inLanguage\":\"es\",\"@id\":\"https:\/\/loewentestneu.metafex.io\/es#\/schema\/logo\/image\/\",\"url\":\"https:\/\/loewentestneu.metafex.io\/wp-content\/uploads\/2022\/12\/Logo-Lion-Pharmacy-c-o-Loewen-Apotheke-smal.jpg\",\"contentUrl\":\"https:\/\/loewentestneu.metafex.io\/wp-content\/uploads\/2022\/12\/Logo-Lion-Pharmacy-c-o-Loewen-Apotheke-smal.jpg\",\"width\":298,\"height\":99,\"caption\":\"Lions Pharmacy\"},\"image\":{\"@id\":\"https:\/\/loewentestneu.metafex.io\/es#\/schema\/logo\/image\/\"}}]}<\/script>\n<!-- \/ Yoast SEO plugin. -->","yoast_head_json":{"title":"Otriven para resfriados Spray nasal al 0,1% (10 ml) &#187; Ordene aqu\u00ed","description":"Otriven para resfriados Spray nasal al 0,1% (10 ml) para aliviar los s\u00edntomas del resfriado. Entregado desde su farmacia en l\u00ednea alemana. Env\u00edo r\u00e1pido. Servicio de primera.","robots":{"index":"noindex","follow":"follow","max-snippet":"max-snippet:-1","max-image-preview":"max-image-preview:large","max-video-preview":"max-video-preview:-1"},"og_locale":"es_ES","og_type":"article","og_title":"Otriven para resfriados Spray nasal al 0,1% (10 ml) &#187; Ordene aqu\u00ed","og_description":"Otriven para resfriados Spray nasal al 0,1% (10 ml) para aliviar los s\u00edntomas del resfriado. Entregado desde su farmacia en l\u00ednea alemana. Env\u00edo r\u00e1pido. Servicio de primera.","og_url":"https:\/\/loewentestneu.metafex.io\/es\/producto\/otriven-for-colds-0-1-10ml-08444541","og_site_name":"Lion Pharmacy","article_modified_time":"2026-01-06T16:00:20+00:00","og_image":[{"width":600,"height":600,"url":"https:\/\/loewentestneu.metafex.io\/wp-content\/uploads\/2026\/01\/Otriven-01-nasal-spray-metered-dose-spray-for-colds-preservative-free.webp","type":"image\/webp"}],"twitter_card":"summary_large_image","twitter_misc":{"Tiempo de lectura":"1 minuto"},"schema":{"@context":"https:\/\/schema.org","@graph":[{"@type":"WebPage","@id":"https:\/\/loewentestneu.metafex.io\/es\/producto\/otriven-for-colds-0-1-10ml-08444541","url":"https:\/\/loewentestneu.metafex.io\/es\/producto\/otriven-for-colds-0-1-10ml-08444541","name":"Otriven para resfriados Spray nasal al 0,1% (10 ml) &#187; Ordene aqu\u00ed","isPartOf":{"@id":"https:\/\/loewentestneu.metafex.io\/es#website"},"primaryImageOfPage":{"@id":"https:\/\/loewentestneu.metafex.io\/es\/producto\/otriven-for-colds-0-1-10ml-08444541#primaryimage"},"image":{"@id":"https:\/\/loewentestneu.metafex.io\/es\/producto\/otriven-for-colds-0-1-10ml-08444541#primaryimage"},"thumbnailUrl":"https:\/\/loewentestneu.metafex.io\/wp-content\/uploads\/2026\/01\/Otriven-01-nasal-spray-metered-dose-spray-for-colds-preservative-free.webp","datePublished":"2026-01-04T19:01:20+00:00","dateModified":"2026-01-06T16:00:20+00:00","description":"Otriven para resfriados Spray nasal al 0,1% (10 ml) para aliviar los s\u00edntomas del resfriado. Entregado desde su farmacia en l\u00ednea alemana. Env\u00edo r\u00e1pido. Servicio de primera.","breadcrumb":{"@id":"https:\/\/loewentestneu.metafex.io\/es\/producto\/otriven-for-colds-0-1-10ml-08444541#breadcrumb"},"inLanguage":"es","potentialAction":[{"@type":"ReadAction","target":["https:\/\/loewentestneu.metafex.io\/es\/producto\/otriven-for-colds-0-1-10ml-08444541"]}]},{"@type":"ImageObject","inLanguage":"es","@id":"https:\/\/loewentestneu.metafex.io\/es\/producto\/otriven-for-colds-0-1-10ml-08444541#primaryimage","url":"https:\/\/loewentestneu.metafex.io\/wp-content\/uploads\/2026\/01\/Otriven-01-nasal-spray-metered-dose-spray-for-colds-preservative-free.webp","contentUrl":"https:\/\/loewentestneu.metafex.io\/wp-content\/uploads\/2026\/01\/Otriven-01-nasal-spray-metered-dose-spray-for-colds-preservative-free.webp","width":600,"height":600,"caption":"Otriven 0,1% spray nasal (spray dosificador) para resfriados, sin conservantes"},{"@type":"BreadcrumbList","@id":"https:\/\/loewentestneu.metafex.io\/es\/producto\/otriven-for-colds-0-1-10ml-08444541#breadcrumb","itemListElement":[{"@type":"ListItem","position":1,"name":"Home","item":"https:\/\/loewentestneu.metafex.io\/es\/homepage-lion-pharmacy"},{"@type":"ListItem","position":2,"name":"Shop","item":"https:\/\/loewentestneu.metafex.io\/es\/tienda"},{"@type":"ListItem","position":3,"name":"Otriven para resfriados Spray nasal al 0,1% (10 ml)"}]},{"@type":"WebSite","@id":"https:\/\/loewentestneu.metafex.io\/es#website","url":"https:\/\/loewentestneu.metafex.io\/es","name":"Lions Pharmacy","description":"Farmacia especializada en naturopat\u00eda de Baden-Baden, Alemania","publisher":{"@id":"https:\/\/loewentestneu.metafex.io\/es#organization"},"alternateName":"Lion Pharmacy","potentialAction":[{"@type":"SearchAction","target":{"@type":"EntryPoint","urlTemplate":"https:\/\/loewentestneu.metafex.io\/es?s={search_term_string}"},"query-input":{"@type":"PropertyValueSpecification","valueRequired":true,"valueName":"search_term_string"}}],"inLanguage":"es"},{"@type":"Organization","@id":"https:\/\/loewentestneu.metafex.io\/es#organization","name":"Lions Pharmacy","alternateName":"Lions Pharmacy24","url":"https:\/\/loewentestneu.metafex.io\/es","logo":{"@type":"ImageObject","inLanguage":"es","@id":"https:\/\/loewentestneu.metafex.io\/es#\/schema\/logo\/image\/","url":"https:\/\/loewentestneu.metafex.io\/wp-content\/uploads\/2022\/12\/Logo-Lion-Pharmacy-c-o-Loewen-Apotheke-smal.jpg","contentUrl":"https:\/\/loewentestneu.metafex.io\/wp-content\/uploads\/2022\/12\/Logo-Lion-Pharmacy-c-o-Loewen-Apotheke-smal.jpg","width":298,"height":99,"caption":"Lions Pharmacy"},"image":{"@id":"https:\/\/loewentestneu.metafex.io\/es#\/schema\/logo\/image\/"}}]}},"_links":{"self":[{"href":"https:\/\/loewentestneu.metafex.io\/es\/wp-json\/wp\/v2\/product\/18977","targetHints":{"allow":["GET"]}}],"collection":[{"href":"https:\/\/loewentestneu.metafex.io\/es\/wp-json\/wp\/v2\/product"}],"about":[{"href":"https:\/\/loewentestneu.metafex.io\/es\/wp-json\/wp\/v2\/types\/product"}],"replies":[{"embeddable":true,"href":"https:\/\/loewentestneu.metafex.io\/es\/wp-json\/wp\/v2\/comments?post=18977"}],"wp:featuredmedia":[{"embeddable":true,"href":"https:\/\/loewentestneu.metafex.io\/es\/wp-json\/wp\/v2\/media\/18982"}],"wp:attachment":[{"href":"https:\/\/loewentestneu.metafex.io\/es\/wp-json\/wp\/v2\/media?parent=18977"}],"wp:term":[{"taxonomy":"product_brand","embeddable":true,"href":"https:\/\/loewentestneu.metafex.io\/es\/wp-json\/wp\/v2\/product_brand?post=18977"},{"taxonomy":"product_cat","embeddable":true,"href":"https:\/\/loewentestneu.metafex.io\/es\/wp-json\/wp\/v2\/product_cat?post=18977"},{"taxonomy":"product_tag","embeddable":true,"href":"https:\/\/loewentestneu.metafex.io\/es\/wp-json\/wp\/v2\/product_tag?post=18977"}],"curies":[{"name":"wp","href":"https:\/\/api.w.org\/{rel}","templated":true}]}}