{"id":1902,"date":"2023-01-16T06:48:00","date_gmt":"2023-01-16T05:48:00","guid":{"rendered":"https:\/\/lions-pharmacy.com\/product\/allegra-alergia-tabletas-20mg-20-pc"},"modified":"2023-01-16T06:48:00","modified_gmt":"2023-01-16T05:48:00","slug":"allegra-alergia-tabletas-20mg-20-pc-18113489","status":"publish","type":"product","link":"https:\/\/loewentestneu.metafex.io\/es\/producto\/allegra-alergia-tabletas-20mg-20-pc-18113489","title":{"rendered":"Allegra alergia tabletas 20mg 20 pc"},"content":{"rendered":"<h2>Allegra tabletas de alergia 20mg<\/h2>\n<p>Allegra Allergy Tablets 20mg &#8211; para aliviar los s\u00edntomas que ocurren con la fiebre del heno (la llamada &#8220;rinitis al\u00e9rgica estacional&#8221;). Uso en adultos y adolescentes a partir de 12 a\u00f1os de edad. Estos s\u00edntomas incluyen estornudos, picaz\u00f3n, secreci\u00f3n nasal o nariz tapada y picaz\u00f3n, ojos rojos y llorosos.<\/p>\n<p>El ingrediente activo ayuda con las alergias y calma la picaz\u00f3n. Suprime el efecto de la propia sustancia del cuerpo histamni al desplazarlo de sus sitios de uni\u00f3n. Como hormona tisular y tipo de mensajero, la histamina juega un papel importante en el desarrollo de inflamaci\u00f3n y reacciones al\u00e9rgicas. El bloqueo de sus sitios de uni\u00f3n interrumpe el curso de la reacci\u00f3n al\u00e9rgica.<\/p>\n<p>\u00c1reas de aplicaci\u00f3n: Resfriados al\u00e9rgicos con aparici\u00f3n simult\u00e1nea de conjuntivitis, por ejemplo, fiebre del heno, alergia al polvo dom\u00e9stico. urticaria<\/p>\n<p>Allegra tabletas de alergia 20mg &#8211; ingredientes activos: bilastina<\/p>\n<p>Bilastina (Bitosen\u00ae) es otro antihistam\u00ednico no sedante, de acci\u00f3n prolongada con afinidad antagonista selectiva por el receptor H1 perif\u00e9rico indicado para el tratamiento sintom\u00e1tico de la rinoconjuntivitis al\u00e9rgica (estacional y perenne) y la urticaria.<\/p>\n<p>Folleto del envase\/instrucciones de uso\/ficha t\u00e9cnica: <a href=\"https:\/\/loewentestneu.metafex.io\/wp-content\/uploads\/2023\/01\/Produktinformation_18113489.pdf\">EN | FR | ES | DE (lector de PDF)<\/a><\/p>\n<p>Nombre alternativo del producto: Allegra Allergietabletten 20mg (versi\u00f3n alemana)<\/p>\n<p>Otros productos para la aplicaci\u00f3n: <a href=\"https:\/\/loewentestneu.metafex.io\/produkt-schlagwort\/asthma-allergies\">Asma y alergias<\/a><\/p>\n<p>Obtenga m\u00e1s informaci\u00f3n sobre manufactorer y este producto: <a href=\"https:\/\/www.apotheken-umschau.de\/medikamente\/beipackzettel\/allegra-allergietabletten-20-mg-tabletten-18113489.html\" target=\"_blank\" rel=\"noopener\">Allegra<\/a> Informaci\u00f3n del producto (enlace a un sitio web externo)<\/p>\n<p>Para conocer los riesgos y efectos secundarios, lea el prospecto y consulte a su m\u00e9dico o farmac\u00e9utico.<\/p>\n","protected":false},"excerpt":{"rendered":"<h2>Allegra tabletas de alergia 20mg<\/h2>\n<p>Para aliviar los s\u00edntomas asociados con la fiebre del heno (la llamada &#8220;rinitis al\u00e9rgica estacional&#8221;).<\/p>\n<p>&nbsp;<\/p>\n<p>PZN: 18113489 (Pharmazentralnummer)<\/p>\n<p>Forma de la dosis: tabletas<\/p>\n<p>Tipo de prescripci\u00f3n: sin receta<\/p>\n<p>Marca: Allegra<\/p>\n<p>Fabricante: Sanofi-Aventis GmbH, A. Nattermann &amp; Cie GmbH, Fr\u00e1ncfort del Meno<\/p>\n<p>Tama\u00f1o del embalaje: 20 pc.<\/p>\n<p><span style=\"color: #ff0000;\">Nueva versi\u00f3n alemana disponible a partir de febrero de 2023.<\/span><\/p>\n","protected":false},"featured_media":4759,"comment_status":"closed","ping_status":"closed","template":"","meta":[],"product_brand":[],"product_cat":[125,116],"product_tag":[262,263,311],"class_list":{"0":"post-1902","1":"product","2":"type-product","3":"status-publish","4":"has-post-thumbnail","6":"product_cat-sale-es","7":"product_cat-sin-categorizar","8":"product_tag-asma-y-alergias","9":"product_tag-fiebre-del-heno","10":"product_tag-venta-mensual","11":"ts_product_brand-all-es","13":"first","14":"instock","15":"taxable","16":"shipping-taxable","17":"purchasable","18":"product-type-simple"},"yoast_head":"<!-- This site is optimized with the Yoast SEO plugin v26.5 - https:\/\/yoast.com\/wordpress\/plugins\/seo\/ -->\n<title>Allegra alergia tabletas 20mg 20 pc &#187; Lion Pharmacy<\/title>\n<meta name=\"description\" content=\"Lion Pharmacy | Farmacia online alemana | Env\u00edo internacional r\u00e1pido | Compra online c\u00f3moda y segura | Allegra alergia tabletas 20mg 20 pc.\" \/>\n<meta name=\"robots\" content=\"noindex, follow, max-snippet:-1, max-image-preview:large, max-video-preview:-1\" \/>\n<meta property=\"og:locale\" content=\"es_ES\" \/>\n<meta property=\"og:type\" content=\"article\" \/>\n<meta property=\"og:title\" content=\"Allegra alergia tabletas 20mg 20 pc &#187; Lion Pharmacy\" \/>\n<meta property=\"og:description\" content=\"Lion Pharmacy | Farmacia online alemana | Env\u00edo internacional r\u00e1pido | Compra online c\u00f3moda y segura | Allegra alergia tabletas 20mg 20 pc.\" \/>\n<meta property=\"og:url\" content=\"https:\/\/loewentestneu.metafex.io\/es\/producto\/allegra-alergia-tabletas-20mg-20-pc-18113489\" \/>\n<meta property=\"og:site_name\" content=\"Lion Pharmacy\" \/>\n<meta property=\"og:image\" content=\"https:\/\/loewentestneu.metafex.io\/wp-content\/uploads\/2023\/01\/allergra-allergy-tabs-6-pc-loewen_apotheke-flu-lions-pharmacy.jpg\" \/>\n\t<meta property=\"og:image:width\" content=\"600\" \/>\n\t<meta property=\"og:image:height\" content=\"600\" \/>\n\t<meta property=\"og:image:type\" content=\"image\/jpeg\" \/>\n<meta name=\"twitter:card\" content=\"summary_large_image\" \/>\n<meta name=\"twitter:label1\" content=\"Tiempo de lectura\" \/>\n\t<meta name=\"twitter:data1\" content=\"1 minuto\" \/>\n<script type=\"application\/ld+json\" class=\"yoast-schema-graph\">{\"@context\":\"https:\/\/schema.org\",\"@graph\":[{\"@type\":\"WebPage\",\"@id\":\"https:\/\/loewentestneu.metafex.io\/es\/producto\/allegra-alergia-tabletas-20mg-20-pc-18113489\",\"url\":\"https:\/\/loewentestneu.metafex.io\/es\/producto\/allegra-alergia-tabletas-20mg-20-pc-18113489\",\"name\":\"Allegra alergia tabletas 20mg 20 pc &#187; Lion Pharmacy\",\"isPartOf\":{\"@id\":\"https:\/\/loewentestneu.metafex.io\/es#website\"},\"primaryImageOfPage\":{\"@id\":\"https:\/\/loewentestneu.metafex.io\/es\/producto\/allegra-alergia-tabletas-20mg-20-pc-18113489#primaryimage\"},\"image\":{\"@id\":\"https:\/\/loewentestneu.metafex.io\/es\/producto\/allegra-alergia-tabletas-20mg-20-pc-18113489#primaryimage\"},\"thumbnailUrl\":\"https:\/\/loewentestneu.metafex.io\/wp-content\/uploads\/2023\/01\/allergra-allergy-tabs-lions-pharmacy.webp\",\"datePublished\":\"2023-01-16T05:48:00+00:00\",\"description\":\"Lion Pharmacy | Farmacia online alemana | Env\u00edo internacional r\u00e1pido | Compra online c\u00f3moda y segura | Allegra alergia tabletas 20mg 20 pc.\",\"breadcrumb\":{\"@id\":\"https:\/\/loewentestneu.metafex.io\/es\/producto\/allegra-alergia-tabletas-20mg-20-pc-18113489#breadcrumb\"},\"inLanguage\":\"es\",\"potentialAction\":[{\"@type\":\"ReadAction\",\"target\":[\"https:\/\/loewentestneu.metafex.io\/es\/producto\/allegra-alergia-tabletas-20mg-20-pc-18113489\"]}]},{\"@type\":\"ImageObject\",\"inLanguage\":\"es\",\"@id\":\"https:\/\/loewentestneu.metafex.io\/es\/producto\/allegra-alergia-tabletas-20mg-20-pc-18113489#primaryimage\",\"url\":\"https:\/\/loewentestneu.metafex.io\/wp-content\/uploads\/2023\/01\/allergra-allergy-tabs-lions-pharmacy.webp\",\"contentUrl\":\"https:\/\/loewentestneu.metafex.io\/wp-content\/uploads\/2023\/01\/allergra-allergy-tabs-lions-pharmacy.webp\",\"width\":600,\"height\":600,\"caption\":\"allegra allergy tabs lions pharmacy\"},{\"@type\":\"BreadcrumbList\",\"@id\":\"https:\/\/loewentestneu.metafex.io\/es\/producto\/allegra-alergia-tabletas-20mg-20-pc-18113489#breadcrumb\",\"itemListElement\":[{\"@type\":\"ListItem\",\"position\":1,\"name\":\"Home\",\"item\":\"https:\/\/loewentestneu.metafex.io\/es\/homepage-lion-pharmacy\"},{\"@type\":\"ListItem\",\"position\":2,\"name\":\"Shop\",\"item\":\"https:\/\/loewentestneu.metafex.io\/es\/tienda\"},{\"@type\":\"ListItem\",\"position\":3,\"name\":\"Allegra alergia tabletas 20mg 20 pc\"}]},{\"@type\":\"WebSite\",\"@id\":\"https:\/\/loewentestneu.metafex.io\/es#website\",\"url\":\"https:\/\/loewentestneu.metafex.io\/es\",\"name\":\"Lions Pharmacy\",\"description\":\"Farmacia especializada en naturopat\u00eda de Baden-Baden, Alemania\",\"publisher\":{\"@id\":\"https:\/\/loewentestneu.metafex.io\/es#organization\"},\"alternateName\":\"Lion Pharmacy\",\"potentialAction\":[{\"@type\":\"SearchAction\",\"target\":{\"@type\":\"EntryPoint\",\"urlTemplate\":\"https:\/\/loewentestneu.metafex.io\/es?s={search_term_string}\"},\"query-input\":{\"@type\":\"PropertyValueSpecification\",\"valueRequired\":true,\"valueName\":\"search_term_string\"}}],\"inLanguage\":\"es\"},{\"@type\":\"Organization\",\"@id\":\"https:\/\/loewentestneu.metafex.io\/es#organization\",\"name\":\"Lions Pharmacy\",\"alternateName\":\"Lions Pharmacy24\",\"url\":\"https:\/\/loewentestneu.metafex.io\/es\",\"logo\":{\"@type\":\"ImageObject\",\"inLanguage\":\"es\",\"@id\":\"https:\/\/loewentestneu.metafex.io\/es#\/schema\/logo\/image\/\",\"url\":\"https:\/\/loewentestneu.metafex.io\/wp-content\/uploads\/2022\/12\/Logo-Lion-Pharmacy-c-o-Loewen-Apotheke-smal.jpg\",\"contentUrl\":\"https:\/\/loewentestneu.metafex.io\/wp-content\/uploads\/2022\/12\/Logo-Lion-Pharmacy-c-o-Loewen-Apotheke-smal.jpg\",\"width\":298,\"height\":99,\"caption\":\"Lions Pharmacy\"},\"image\":{\"@id\":\"https:\/\/loewentestneu.metafex.io\/es#\/schema\/logo\/image\/\"}}]}<\/script>\n<!-- \/ Yoast SEO plugin. -->","yoast_head_json":{"title":"Allegra alergia tabletas 20mg 20 pc &#187; Lion Pharmacy","description":"Lion Pharmacy | Farmacia online alemana | Env\u00edo internacional r\u00e1pido | Compra online c\u00f3moda y segura | Allegra alergia tabletas 20mg 20 pc.","robots":{"index":"noindex","follow":"follow","max-snippet":"max-snippet:-1","max-image-preview":"max-image-preview:large","max-video-preview":"max-video-preview:-1"},"og_locale":"es_ES","og_type":"article","og_title":"Allegra alergia tabletas 20mg 20 pc &#187; Lion Pharmacy","og_description":"Lion Pharmacy | Farmacia online alemana | Env\u00edo internacional r\u00e1pido | Compra online c\u00f3moda y segura | Allegra alergia tabletas 20mg 20 pc.","og_url":"https:\/\/loewentestneu.metafex.io\/es\/producto\/allegra-alergia-tabletas-20mg-20-pc-18113489","og_site_name":"Lion Pharmacy","og_image":[{"width":600,"height":600,"url":"https:\/\/loewentestneu.metafex.io\/wp-content\/uploads\/2023\/01\/allergra-allergy-tabs-6-pc-loewen_apotheke-flu-lions-pharmacy.jpg","type":"image\/jpeg"}],"twitter_card":"summary_large_image","twitter_misc":{"Tiempo de lectura":"1 minuto"},"schema":{"@context":"https:\/\/schema.org","@graph":[{"@type":"WebPage","@id":"https:\/\/loewentestneu.metafex.io\/es\/producto\/allegra-alergia-tabletas-20mg-20-pc-18113489","url":"https:\/\/loewentestneu.metafex.io\/es\/producto\/allegra-alergia-tabletas-20mg-20-pc-18113489","name":"Allegra alergia tabletas 20mg 20 pc &#187; Lion Pharmacy","isPartOf":{"@id":"https:\/\/loewentestneu.metafex.io\/es#website"},"primaryImageOfPage":{"@id":"https:\/\/loewentestneu.metafex.io\/es\/producto\/allegra-alergia-tabletas-20mg-20-pc-18113489#primaryimage"},"image":{"@id":"https:\/\/loewentestneu.metafex.io\/es\/producto\/allegra-alergia-tabletas-20mg-20-pc-18113489#primaryimage"},"thumbnailUrl":"https:\/\/loewentestneu.metafex.io\/wp-content\/uploads\/2023\/01\/allergra-allergy-tabs-lions-pharmacy.webp","datePublished":"2023-01-16T05:48:00+00:00","description":"Lion Pharmacy | Farmacia online alemana | Env\u00edo internacional r\u00e1pido | Compra online c\u00f3moda y segura | Allegra alergia tabletas 20mg 20 pc.","breadcrumb":{"@id":"https:\/\/loewentestneu.metafex.io\/es\/producto\/allegra-alergia-tabletas-20mg-20-pc-18113489#breadcrumb"},"inLanguage":"es","potentialAction":[{"@type":"ReadAction","target":["https:\/\/loewentestneu.metafex.io\/es\/producto\/allegra-alergia-tabletas-20mg-20-pc-18113489"]}]},{"@type":"ImageObject","inLanguage":"es","@id":"https:\/\/loewentestneu.metafex.io\/es\/producto\/allegra-alergia-tabletas-20mg-20-pc-18113489#primaryimage","url":"https:\/\/loewentestneu.metafex.io\/wp-content\/uploads\/2023\/01\/allergra-allergy-tabs-lions-pharmacy.webp","contentUrl":"https:\/\/loewentestneu.metafex.io\/wp-content\/uploads\/2023\/01\/allergra-allergy-tabs-lions-pharmacy.webp","width":600,"height":600,"caption":"allegra allergy tabs lions pharmacy"},{"@type":"BreadcrumbList","@id":"https:\/\/loewentestneu.metafex.io\/es\/producto\/allegra-alergia-tabletas-20mg-20-pc-18113489#breadcrumb","itemListElement":[{"@type":"ListItem","position":1,"name":"Home","item":"https:\/\/loewentestneu.metafex.io\/es\/homepage-lion-pharmacy"},{"@type":"ListItem","position":2,"name":"Shop","item":"https:\/\/loewentestneu.metafex.io\/es\/tienda"},{"@type":"ListItem","position":3,"name":"Allegra alergia tabletas 20mg 20 pc"}]},{"@type":"WebSite","@id":"https:\/\/loewentestneu.metafex.io\/es#website","url":"https:\/\/loewentestneu.metafex.io\/es","name":"Lions Pharmacy","description":"Farmacia especializada en naturopat\u00eda de Baden-Baden, Alemania","publisher":{"@id":"https:\/\/loewentestneu.metafex.io\/es#organization"},"alternateName":"Lion Pharmacy","potentialAction":[{"@type":"SearchAction","target":{"@type":"EntryPoint","urlTemplate":"https:\/\/loewentestneu.metafex.io\/es?s={search_term_string}"},"query-input":{"@type":"PropertyValueSpecification","valueRequired":true,"valueName":"search_term_string"}}],"inLanguage":"es"},{"@type":"Organization","@id":"https:\/\/loewentestneu.metafex.io\/es#organization","name":"Lions Pharmacy","alternateName":"Lions Pharmacy24","url":"https:\/\/loewentestneu.metafex.io\/es","logo":{"@type":"ImageObject","inLanguage":"es","@id":"https:\/\/loewentestneu.metafex.io\/es#\/schema\/logo\/image\/","url":"https:\/\/loewentestneu.metafex.io\/wp-content\/uploads\/2022\/12\/Logo-Lion-Pharmacy-c-o-Loewen-Apotheke-smal.jpg","contentUrl":"https:\/\/loewentestneu.metafex.io\/wp-content\/uploads\/2022\/12\/Logo-Lion-Pharmacy-c-o-Loewen-Apotheke-smal.jpg","width":298,"height":99,"caption":"Lions Pharmacy"},"image":{"@id":"https:\/\/loewentestneu.metafex.io\/es#\/schema\/logo\/image\/"}}]}},"_links":{"self":[{"href":"https:\/\/loewentestneu.metafex.io\/es\/wp-json\/wp\/v2\/product\/1902","targetHints":{"allow":["GET"]}}],"collection":[{"href":"https:\/\/loewentestneu.metafex.io\/es\/wp-json\/wp\/v2\/product"}],"about":[{"href":"https:\/\/loewentestneu.metafex.io\/es\/wp-json\/wp\/v2\/types\/product"}],"replies":[{"embeddable":true,"href":"https:\/\/loewentestneu.metafex.io\/es\/wp-json\/wp\/v2\/comments?post=1902"}],"wp:featuredmedia":[{"embeddable":true,"href":"https:\/\/loewentestneu.metafex.io\/es\/wp-json\/wp\/v2\/media\/4759"}],"wp:attachment":[{"href":"https:\/\/loewentestneu.metafex.io\/es\/wp-json\/wp\/v2\/media?parent=1902"}],"wp:term":[{"taxonomy":"product_brand","embeddable":true,"href":"https:\/\/loewentestneu.metafex.io\/es\/wp-json\/wp\/v2\/product_brand?post=1902"},{"taxonomy":"product_cat","embeddable":true,"href":"https:\/\/loewentestneu.metafex.io\/es\/wp-json\/wp\/v2\/product_cat?post=1902"},{"taxonomy":"product_tag","embeddable":true,"href":"https:\/\/loewentestneu.metafex.io\/es\/wp-json\/wp\/v2\/product_tag?post=1902"}],"curies":[{"name":"wp","href":"https:\/\/api.w.org\/{rel}","templated":true}]}}