{"id":19244,"date":"2026-01-10T18:02:09","date_gmt":"2026-01-10T17:02:09","guid":{"rendered":"https:\/\/lions-pharmacy.com\/?post_type=product&#038;p=19244"},"modified":"2026-01-15T14:02:52","modified_gmt":"2026-01-15T13:02:52","slug":"traumeel-t-ad-us-vet-ampoules-5x-5ml","status":"publish","type":"product","link":"https:\/\/loewentestneu.metafex.io\/es\/producto\/traumeel-t-ad-us-vet-ampoules-5x-5ml","title":{"rendered":"Traumeel T ad us. veterinario. ampollas (5x 5ml)"},"content":{"rendered":"<h3>Traumeel T ad us. veterinario. Ampollas<\/h3>\n<p>Traumeel T ad us. veterinario. las pastillas favorecen los procesos curativos del propio organismo. Traumeel ad us. veterinario. es un medicamento que tiene efectos antiinflamatorios, analg\u00e9sicos y descongestionantes. Traumeel ad us. veterinario. (coloquialmente conocido como Traumeel\u00ae Vet) es adecuado para perros, gatos, caballos y otros animales de compa\u00f1\u00eda. El efecto se debe a los diversos ingredientes naturales, por lo que es un preparado denominado combinado. Adem\u00e1s de regular la inflamaci\u00f3n y aliviar el dolor, Traumeel Vet tambi\u00e9n est\u00e1 destinado a favorecer la cicatrizaci\u00f3n de las heridas.<\/p>\n<p>Medicamento homeop\u00e1tico registrado, por tanto sin indicaci\u00f3n de uso terap\u00e9utico. Si los s\u00edntomas persisten, debe buscarse consejo m\u00e9dico.<\/p>\n<p>Prospecto\/instrucciones de uso\/ficha t\u00e9cnica del art\u00edculo: \u2013 (Lector de PDF)<\/p>\n<p>Otros productos de: <a href=\"https:\/\/loewentestneu.metafex.io\/es\/etiqueta-producto\/medicina-veterinaria-es\">Cuidado de mascotas y veterinaria Productos<\/a> | <a href=\"https:\/\/loewentestneu.metafex.io\/es\/etiqueta-producto\/vitaminas-y-suplementos\">Vitaminas y suplementos Productos<\/a><\/p>\n<p>Puedes encontrar m\u00e1s detalles sobre el producto en el fabricante: <a href=\"https:\/\/www.heel.de\/de\/produktsuche.html\" target=\"_blank\" rel=\"noopener\">Biologische <\/a><a href=\"https:\/\/www.heel.de\/de\/produktsuche.html\">Heilmittel<\/a> <a href=\"https:\/\/www.heel.de\/de\/produktsuche.html\" target=\"_blank\" rel=\"noopener\">Heel GmbH<\/a><\/p>\n<p>La informaci\u00f3n contenida en este sitio web se facilita \u00fanicamente con fines informativos. En ning\u00fan caso sustituyen al examen y tratamiento por un m\u00e9dico. Tenga en cuenta que esto significa que no se pueden hacer diagn\u00f3sticos ni iniciar terapias.<\/p>\n<p>Para conocer los riesgos y efectos secundarios, lea el prospecto y consulte a su m\u00e9dico o farmac\u00e9utico.<\/p>\n<p>&nbsp;<\/p>\n<h3>Prescripci\u00f3n | \u00bfReceta electr\u00f3nica disponible?<\/h3>\n<p>Env\u00ede su receta electr\u00f3nica ahora. Utilice nuestra aplicaci\u00f3n <a href=\"https:\/\/e-rezept-app.de\/shop-rezept\" target=\"_blank\" rel=\"noopener\">de recetas electr\u00f3nicas<\/a> . \u00a1Y te damos los gastos de env\u00edo gratis en Alemania!<\/p>\n","protected":false},"excerpt":{"rendered":"<h2>Traumeel T ad us. veterinario.<\/h2>\n<p>Medicina homeop\u00e1tica &#8211; Favorece los procesos curativos del propio cuerpo<\/p>\n<p>&nbsp;<\/p>\n<p><strong>PZN<\/strong>: 11240641<\/p>\n<p><strong>Forma de dosificaci\u00f3n<\/strong>: ampollas<\/p>\n<p><strong>Tama\u00f1o del paquete<\/strong>: 5 uds. x 5 ml<\/p>\n<p><strong>Tipo de prescripci\u00f3n:<\/strong> sin receta<\/p>\n<p><strong>Marca<\/strong>: Traumeel<\/p>\n<p><strong>Fabricante<\/strong>: Biologische Heel, Baden-Baden, Alemania<\/p>\n","protected":false},"featured_media":19406,"comment_status":"closed","ping_status":"closed","template":"","meta":[],"product_brand":[],"product_cat":[348,125,116],"product_tag":[308,605,232,488],"class_list":{"0":"post-19244","1":"product","2":"type-product","3":"status-publish","4":"has-post-thumbnail","6":"product_cat-talon-es","7":"product_cat-sale-es","8":"product_cat-sin-categorizar","9":"product_tag-homeopatia","10":"product_tag-medicina-veterinaria-es","11":"product_tag-neydil-es","12":"product_tag-remedios-naturales","13":"ts_product_brand-all-es","14":"ts_product_brand-heel-es","16":"first","17":"instock","18":"taxable","19":"shipping-taxable","20":"purchasable","21":"product-type-simple"},"yoast_head":"<!-- This site is optimized with the Yoast SEO plugin v26.5 - https:\/\/yoast.com\/wordpress\/plugins\/seo\/ -->\n<title>Traumeel T ad us. veterinario. ampollas (5x 5ml) &#187; explora los productos para mascotas en Lion Pharmacy<\/title>\n<meta name=\"description\" content=\"Visita nuestro sitio web para consultar los productos de medicina veterinaria y salud Heel. M\u00e1s informaci\u00f3n sobre productos naturales como Traumeel T ad us. veterinario. ampollas (5x 5ml)\" \/>\n<meta name=\"robots\" content=\"noindex, follow, max-snippet:-1, max-image-preview:large, max-video-preview:-1\" \/>\n<meta property=\"og:locale\" content=\"es_ES\" \/>\n<meta property=\"og:type\" content=\"article\" \/>\n<meta property=\"og:title\" content=\"Traumeel T ad us. veterinario. ampollas (5x 5ml) &#187; explora los productos para mascotas en Lion Pharmacy\" \/>\n<meta property=\"og:description\" content=\"Visita nuestro sitio web para consultar los productos de medicina veterinaria y salud Heel. M\u00e1s informaci\u00f3n sobre productos naturales como Traumeel T ad us. veterinario. ampollas (5x 5ml)\" \/>\n<meta property=\"og:url\" content=\"https:\/\/loewentestneu.metafex.io\/es\/producto\/traumeel-t-ad-us-vet-ampoules-5x-5ml\" \/>\n<meta property=\"og:site_name\" content=\"Lion Pharmacy\" \/>\n<meta property=\"article:modified_time\" content=\"2026-01-15T13:02:52+00:00\" \/>\n<meta property=\"og:image\" content=\"https:\/\/loewentestneu.metafex.io\/wp-content\/uploads\/2026\/01\/Traumeel-LT-ad-us.-vet.webp\" \/>\n\t<meta property=\"og:image:width\" content=\"600\" \/>\n\t<meta property=\"og:image:height\" content=\"600\" \/>\n\t<meta property=\"og:image:type\" content=\"image\/webp\" \/>\n<meta name=\"twitter:card\" content=\"summary_large_image\" \/>\n<meta name=\"twitter:label1\" content=\"Tiempo de lectura\" \/>\n\t<meta name=\"twitter:data1\" content=\"1 minuto\" \/>\n<script type=\"application\/ld+json\" class=\"yoast-schema-graph\">{\"@context\":\"https:\/\/schema.org\",\"@graph\":[{\"@type\":\"WebPage\",\"@id\":\"https:\/\/loewentestneu.metafex.io\/es\/producto\/traumeel-t-ad-us-vet-ampoules-5x-5ml\",\"url\":\"https:\/\/loewentestneu.metafex.io\/es\/producto\/traumeel-t-ad-us-vet-ampoules-5x-5ml\",\"name\":\"Traumeel T ad us. veterinario. ampollas (5x 5ml) &#187; explora los productos para mascotas en Lion Pharmacy\",\"isPartOf\":{\"@id\":\"https:\/\/loewentestneu.metafex.io\/es#website\"},\"primaryImageOfPage\":{\"@id\":\"https:\/\/loewentestneu.metafex.io\/es\/producto\/traumeel-t-ad-us-vet-ampoules-5x-5ml#primaryimage\"},\"image\":{\"@id\":\"https:\/\/loewentestneu.metafex.io\/es\/producto\/traumeel-t-ad-us-vet-ampoules-5x-5ml#primaryimage\"},\"thumbnailUrl\":\"https:\/\/loewentestneu.metafex.io\/wp-content\/uploads\/2026\/01\/Traumeel-LT-ad-us.-vet.webp\",\"datePublished\":\"2026-01-10T17:02:09+00:00\",\"dateModified\":\"2026-01-15T13:02:52+00:00\",\"description\":\"Visita nuestro sitio web para consultar los productos de medicina veterinaria y salud Heel. M\u00e1s informaci\u00f3n sobre productos naturales como Traumeel T ad us. veterinario. ampollas (5x 5ml)\",\"breadcrumb\":{\"@id\":\"https:\/\/loewentestneu.metafex.io\/es\/producto\/traumeel-t-ad-us-vet-ampoules-5x-5ml#breadcrumb\"},\"inLanguage\":\"es\",\"potentialAction\":[{\"@type\":\"ReadAction\",\"target\":[\"https:\/\/loewentestneu.metafex.io\/es\/producto\/traumeel-t-ad-us-vet-ampoules-5x-5ml\"]}]},{\"@type\":\"ImageObject\",\"inLanguage\":\"es\",\"@id\":\"https:\/\/loewentestneu.metafex.io\/es\/producto\/traumeel-t-ad-us-vet-ampoules-5x-5ml#primaryimage\",\"url\":\"https:\/\/loewentestneu.metafex.io\/wp-content\/uploads\/2026\/01\/Traumeel-LT-ad-us.-vet.webp\",\"contentUrl\":\"https:\/\/loewentestneu.metafex.io\/wp-content\/uploads\/2026\/01\/Traumeel-LT-ad-us.-vet.webp\",\"width\":600,\"height\":600,\"caption\":\"Traumeel LT ad us. veterinario.\"},{\"@type\":\"BreadcrumbList\",\"@id\":\"https:\/\/loewentestneu.metafex.io\/es\/producto\/traumeel-t-ad-us-vet-ampoules-5x-5ml#breadcrumb\",\"itemListElement\":[{\"@type\":\"ListItem\",\"position\":1,\"name\":\"Home\",\"item\":\"https:\/\/loewentestneu.metafex.io\/es\/homepage-lion-pharmacy\"},{\"@type\":\"ListItem\",\"position\":2,\"name\":\"Shop\",\"item\":\"https:\/\/loewentestneu.metafex.io\/es\/tienda\"},{\"@type\":\"ListItem\",\"position\":3,\"name\":\"Traumeel T ad us. veterinario. ampollas (5x 5ml)\"}]},{\"@type\":\"WebSite\",\"@id\":\"https:\/\/loewentestneu.metafex.io\/es#website\",\"url\":\"https:\/\/loewentestneu.metafex.io\/es\",\"name\":\"Lions Pharmacy\",\"description\":\"Farmacia especializada en naturopat\u00eda de Baden-Baden, Alemania\",\"publisher\":{\"@id\":\"https:\/\/loewentestneu.metafex.io\/es#organization\"},\"alternateName\":\"Lion Pharmacy\",\"potentialAction\":[{\"@type\":\"SearchAction\",\"target\":{\"@type\":\"EntryPoint\",\"urlTemplate\":\"https:\/\/loewentestneu.metafex.io\/es?s={search_term_string}\"},\"query-input\":{\"@type\":\"PropertyValueSpecification\",\"valueRequired\":true,\"valueName\":\"search_term_string\"}}],\"inLanguage\":\"es\"},{\"@type\":\"Organization\",\"@id\":\"https:\/\/loewentestneu.metafex.io\/es#organization\",\"name\":\"Lions Pharmacy\",\"alternateName\":\"Lions Pharmacy24\",\"url\":\"https:\/\/loewentestneu.metafex.io\/es\",\"logo\":{\"@type\":\"ImageObject\",\"inLanguage\":\"es\",\"@id\":\"https:\/\/loewentestneu.metafex.io\/es#\/schema\/logo\/image\/\",\"url\":\"https:\/\/loewentestneu.metafex.io\/wp-content\/uploads\/2022\/12\/Logo-Lion-Pharmacy-c-o-Loewen-Apotheke-smal.jpg\",\"contentUrl\":\"https:\/\/loewentestneu.metafex.io\/wp-content\/uploads\/2022\/12\/Logo-Lion-Pharmacy-c-o-Loewen-Apotheke-smal.jpg\",\"width\":298,\"height\":99,\"caption\":\"Lions Pharmacy\"},\"image\":{\"@id\":\"https:\/\/loewentestneu.metafex.io\/es#\/schema\/logo\/image\/\"}}]}<\/script>\n<!-- \/ Yoast SEO plugin. -->","yoast_head_json":{"title":"Traumeel T ad us. veterinario. ampollas (5x 5ml) &#187; explora los productos para mascotas en Lion Pharmacy","description":"Visita nuestro sitio web para consultar los productos de medicina veterinaria y salud Heel. M\u00e1s informaci\u00f3n sobre productos naturales como Traumeel T ad us. veterinario. ampollas (5x 5ml)","robots":{"index":"noindex","follow":"follow","max-snippet":"max-snippet:-1","max-image-preview":"max-image-preview:large","max-video-preview":"max-video-preview:-1"},"og_locale":"es_ES","og_type":"article","og_title":"Traumeel T ad us. veterinario. ampollas (5x 5ml) &#187; explora los productos para mascotas en Lion Pharmacy","og_description":"Visita nuestro sitio web para consultar los productos de medicina veterinaria y salud Heel. M\u00e1s informaci\u00f3n sobre productos naturales como Traumeel T ad us. veterinario. ampollas (5x 5ml)","og_url":"https:\/\/loewentestneu.metafex.io\/es\/producto\/traumeel-t-ad-us-vet-ampoules-5x-5ml","og_site_name":"Lion Pharmacy","article_modified_time":"2026-01-15T13:02:52+00:00","og_image":[{"width":600,"height":600,"url":"https:\/\/loewentestneu.metafex.io\/wp-content\/uploads\/2026\/01\/Traumeel-LT-ad-us.-vet.webp","type":"image\/webp"}],"twitter_card":"summary_large_image","twitter_misc":{"Tiempo de lectura":"1 minuto"},"schema":{"@context":"https:\/\/schema.org","@graph":[{"@type":"WebPage","@id":"https:\/\/loewentestneu.metafex.io\/es\/producto\/traumeel-t-ad-us-vet-ampoules-5x-5ml","url":"https:\/\/loewentestneu.metafex.io\/es\/producto\/traumeel-t-ad-us-vet-ampoules-5x-5ml","name":"Traumeel T ad us. veterinario. ampollas (5x 5ml) &#187; explora los productos para mascotas en Lion Pharmacy","isPartOf":{"@id":"https:\/\/loewentestneu.metafex.io\/es#website"},"primaryImageOfPage":{"@id":"https:\/\/loewentestneu.metafex.io\/es\/producto\/traumeel-t-ad-us-vet-ampoules-5x-5ml#primaryimage"},"image":{"@id":"https:\/\/loewentestneu.metafex.io\/es\/producto\/traumeel-t-ad-us-vet-ampoules-5x-5ml#primaryimage"},"thumbnailUrl":"https:\/\/loewentestneu.metafex.io\/wp-content\/uploads\/2026\/01\/Traumeel-LT-ad-us.-vet.webp","datePublished":"2026-01-10T17:02:09+00:00","dateModified":"2026-01-15T13:02:52+00:00","description":"Visita nuestro sitio web para consultar los productos de medicina veterinaria y salud Heel. M\u00e1s informaci\u00f3n sobre productos naturales como Traumeel T ad us. veterinario. ampollas (5x 5ml)","breadcrumb":{"@id":"https:\/\/loewentestneu.metafex.io\/es\/producto\/traumeel-t-ad-us-vet-ampoules-5x-5ml#breadcrumb"},"inLanguage":"es","potentialAction":[{"@type":"ReadAction","target":["https:\/\/loewentestneu.metafex.io\/es\/producto\/traumeel-t-ad-us-vet-ampoules-5x-5ml"]}]},{"@type":"ImageObject","inLanguage":"es","@id":"https:\/\/loewentestneu.metafex.io\/es\/producto\/traumeel-t-ad-us-vet-ampoules-5x-5ml#primaryimage","url":"https:\/\/loewentestneu.metafex.io\/wp-content\/uploads\/2026\/01\/Traumeel-LT-ad-us.-vet.webp","contentUrl":"https:\/\/loewentestneu.metafex.io\/wp-content\/uploads\/2026\/01\/Traumeel-LT-ad-us.-vet.webp","width":600,"height":600,"caption":"Traumeel LT ad us. veterinario."},{"@type":"BreadcrumbList","@id":"https:\/\/loewentestneu.metafex.io\/es\/producto\/traumeel-t-ad-us-vet-ampoules-5x-5ml#breadcrumb","itemListElement":[{"@type":"ListItem","position":1,"name":"Home","item":"https:\/\/loewentestneu.metafex.io\/es\/homepage-lion-pharmacy"},{"@type":"ListItem","position":2,"name":"Shop","item":"https:\/\/loewentestneu.metafex.io\/es\/tienda"},{"@type":"ListItem","position":3,"name":"Traumeel T ad us. veterinario. ampollas (5x 5ml)"}]},{"@type":"WebSite","@id":"https:\/\/loewentestneu.metafex.io\/es#website","url":"https:\/\/loewentestneu.metafex.io\/es","name":"Lions Pharmacy","description":"Farmacia especializada en naturopat\u00eda de Baden-Baden, Alemania","publisher":{"@id":"https:\/\/loewentestneu.metafex.io\/es#organization"},"alternateName":"Lion Pharmacy","potentialAction":[{"@type":"SearchAction","target":{"@type":"EntryPoint","urlTemplate":"https:\/\/loewentestneu.metafex.io\/es?s={search_term_string}"},"query-input":{"@type":"PropertyValueSpecification","valueRequired":true,"valueName":"search_term_string"}}],"inLanguage":"es"},{"@type":"Organization","@id":"https:\/\/loewentestneu.metafex.io\/es#organization","name":"Lions Pharmacy","alternateName":"Lions Pharmacy24","url":"https:\/\/loewentestneu.metafex.io\/es","logo":{"@type":"ImageObject","inLanguage":"es","@id":"https:\/\/loewentestneu.metafex.io\/es#\/schema\/logo\/image\/","url":"https:\/\/loewentestneu.metafex.io\/wp-content\/uploads\/2022\/12\/Logo-Lion-Pharmacy-c-o-Loewen-Apotheke-smal.jpg","contentUrl":"https:\/\/loewentestneu.metafex.io\/wp-content\/uploads\/2022\/12\/Logo-Lion-Pharmacy-c-o-Loewen-Apotheke-smal.jpg","width":298,"height":99,"caption":"Lions Pharmacy"},"image":{"@id":"https:\/\/loewentestneu.metafex.io\/es#\/schema\/logo\/image\/"}}]}},"_links":{"self":[{"href":"https:\/\/loewentestneu.metafex.io\/es\/wp-json\/wp\/v2\/product\/19244","targetHints":{"allow":["GET"]}}],"collection":[{"href":"https:\/\/loewentestneu.metafex.io\/es\/wp-json\/wp\/v2\/product"}],"about":[{"href":"https:\/\/loewentestneu.metafex.io\/es\/wp-json\/wp\/v2\/types\/product"}],"replies":[{"embeddable":true,"href":"https:\/\/loewentestneu.metafex.io\/es\/wp-json\/wp\/v2\/comments?post=19244"}],"wp:featuredmedia":[{"embeddable":true,"href":"https:\/\/loewentestneu.metafex.io\/es\/wp-json\/wp\/v2\/media\/19406"}],"wp:attachment":[{"href":"https:\/\/loewentestneu.metafex.io\/es\/wp-json\/wp\/v2\/media?parent=19244"}],"wp:term":[{"taxonomy":"product_brand","embeddable":true,"href":"https:\/\/loewentestneu.metafex.io\/es\/wp-json\/wp\/v2\/product_brand?post=19244"},{"taxonomy":"product_cat","embeddable":true,"href":"https:\/\/loewentestneu.metafex.io\/es\/wp-json\/wp\/v2\/product_cat?post=19244"},{"taxonomy":"product_tag","embeddable":true,"href":"https:\/\/loewentestneu.metafex.io\/es\/wp-json\/wp\/v2\/product_tag?post=19244"}],"curies":[{"name":"wp","href":"https:\/\/api.w.org\/{rel}","templated":true}]}}