{"id":19458,"date":"2026-01-17T06:10:23","date_gmt":"2026-01-17T05:10:23","guid":{"rendered":"https:\/\/lions-pharmacy.com\/?post_type=product&#038;p=19458"},"modified":"2026-01-17T06:55:22","modified_gmt":"2026-01-17T05:55:22","slug":"gotas-linfaticas-100-ml-copy-copy","status":"publish","type":"product","link":"https:\/\/loewentestneu.metafex.io\/es\/producto\/gotas-linfaticas-100-ml-copy-copy","title":{"rendered":"PASCALLERG Comprimidos (100 uds.)"},"content":{"rendered":"<h2>PASCALLERG Comprimidos<\/h2>\n<p>PASCALLERG Comprimidos ayuda a aliviar la fiebre del heno y alivia las reacciones al\u00e9rgicas.<\/p>\n<p>Este preparado es un medicamento homeop\u00e1tico para el tratamiento de los trastornos de las v\u00edas respiratorias. Las indicaciones se derivan de los cuadros de medicamentos homeop\u00e1ticos. Entre ellos: fiebre del heno.<\/p>\n<p>La cartera de Pascoe incluye alrededor de 200 productos. Estos incluyen hierbas medicinales, preparaciones vitam\u00ednicas en dosis altas, remedios complejos homeop\u00e1ticos y suplementos diet\u00e9ticos. La variedad de medicamentos tiene en cuenta los complejos requisitos de los productos sanitarios. Nuestro \u00e9xito tambi\u00e9n nos da la raz\u00f3n a nivel internacional: nuestros productos se exportan a m\u00e1s de 30 pa\u00edses de todo el mundo, y la tendencia va en aumento.<\/p>\n<p>Otros productos para la aplicaci\u00f3n: <a href=\"https:\/\/loewentestneu.metafex.io\/es\/etiqueta-producto\/homeopatia\">Homeopat\u00eda<\/a> | <a href=\"https:\/\/loewentestneu.metafex.io\/es\/etiqueta-producto\/vitaminas-y-suplementos\">Vitaminas<\/a> | <a href=\"https:\/\/loewentestneu.metafex.io\/es\/etiqueta-producto\/asma-y-alergias\">Alergias<\/a><\/p>\n<p>Obtenga m\u00e1s informaci\u00f3n sobre manufactorer y este producto: <a href=\"https:\/\/www.pascoe.de\/\" target=\"_blank\" rel=\"noopener\">Pascoe pharmazeutische Pr\u00e4parate GmbH<\/a> (enlace al sitio web externo)<\/p>\n<p>La informaci\u00f3n contenida en este sitio web se facilita \u00fanicamente con fines informativos. En ning\u00fan caso sustituyen al examen y tratamiento por un m\u00e9dico. Tenga en cuenta que esto significa que no se pueden hacer diagn\u00f3sticos ni iniciar terapias.<\/p>\n<p>Para conocer los riesgos y efectos secundarios, lea el prospecto y consulte a su m\u00e9dico o farmac\u00e9utico.<\/p>\n","protected":false},"excerpt":{"rendered":"<h2>PASCALLERG<\/h2>\n<p>Alivia las reacciones al\u00e9rgicas, favorece el alivio de la fiebre del heno. Comprimidos homeop\u00e1ticos<\/p>\n<p>&nbsp;<\/p>\n<p><strong>PZN<\/strong>: 07703644 (N\u00famero Central de Farmacia)<\/p>\n<p><strong>Forma farmac\u00e9utica<\/strong>: comprimidos<\/p>\n<p><strong>Tipo de receta<\/strong>: sin receta<\/p>\n<p><strong>Fabricante<\/strong>: Pascoe pharmazeutische Pr\u00e4parate GmbH<\/p>\n<p><strong>Tama\u00f1o del paquete<\/strong>: 100 unidades<\/p>\n","protected":false},"featured_media":19463,"comment_status":"closed","ping_status":"closed","template":"","meta":[],"product_brand":[],"product_cat":[601,125,116],"product_tag":[262,308,272],"class_list":{"0":"post-19458","1":"product","2":"type-product","3":"status-publish","4":"has-post-thumbnail","6":"product_cat-pascoe-es","7":"product_cat-sale-es","8":"product_cat-sin-categorizar","9":"product_tag-asma-y-alergias","10":"product_tag-homeopatia","11":"product_tag-vitaminas-y-suplementos","12":"ts_product_brand-all-es","13":"ts_product_brand-pascoe-es","15":"first","16":"instock","17":"sale","18":"taxable","19":"shipping-taxable","20":"purchasable","21":"product-type-simple"},"yoast_head":"<!-- This site is optimized with the Yoast SEO plugin v26.5 - https:\/\/yoast.com\/wordpress\/plugins\/seo\/ -->\n<title>PASCALLERG Comprimidos (100 uds.) &#187; Orden en Lion Pharmacy<\/title>\n<meta name=\"description\" content=\"Lions Pharmacy, una farmacia alemana registrada. Env\u00edo internacional r\u00e1pido con DHL. M\u00e1s informaci\u00f3n sobre Alergias, fiebre del heno y PASCALLERG Comprimidos (100 uds.)\" \/>\n<meta name=\"robots\" content=\"noindex, follow, max-snippet:-1, max-image-preview:large, max-video-preview:-1\" \/>\n<meta property=\"og:locale\" content=\"es_ES\" \/>\n<meta property=\"og:type\" content=\"article\" \/>\n<meta property=\"og:title\" content=\"PASCALLERG Comprimidos (100 uds.) &#187; Orden en Lion Pharmacy\" \/>\n<meta property=\"og:description\" content=\"Lions Pharmacy, una farmacia alemana registrada. Env\u00edo internacional r\u00e1pido con DHL. M\u00e1s informaci\u00f3n sobre Alergias, fiebre del heno y PASCALLERG Comprimidos (100 uds.)\" \/>\n<meta property=\"og:url\" content=\"https:\/\/loewentestneu.metafex.io\/es\/producto\/gotas-linfaticas-100-ml-copy-copy\" \/>\n<meta property=\"og:site_name\" content=\"Lion Pharmacy\" \/>\n<meta property=\"article:modified_time\" content=\"2026-01-17T05:55:22+00:00\" \/>\n<meta property=\"og:image\" content=\"https:\/\/loewentestneu.metafex.io\/wp-content\/uploads\/2026\/01\/PASCALLERG-Pascoe-PZN-07703644-Lions-pharmacy.webp\" \/>\n\t<meta property=\"og:image:width\" content=\"600\" \/>\n\t<meta property=\"og:image:height\" content=\"600\" \/>\n\t<meta property=\"og:image:type\" content=\"image\/webp\" \/>\n<meta name=\"twitter:card\" content=\"summary_large_image\" \/>\n<meta name=\"twitter:label1\" content=\"Tiempo de lectura\" \/>\n\t<meta name=\"twitter:data1\" content=\"1 minuto\" \/>\n<script type=\"application\/ld+json\" class=\"yoast-schema-graph\">{\"@context\":\"https:\/\/schema.org\",\"@graph\":[{\"@type\":\"WebPage\",\"@id\":\"https:\/\/loewentestneu.metafex.io\/es\/producto\/gotas-linfaticas-100-ml-copy-copy\",\"url\":\"https:\/\/loewentestneu.metafex.io\/es\/producto\/gotas-linfaticas-100-ml-copy-copy\",\"name\":\"PASCALLERG Comprimidos (100 uds.) &#187; Orden en Lion Pharmacy\",\"isPartOf\":{\"@id\":\"https:\/\/loewentestneu.metafex.io\/es#website\"},\"primaryImageOfPage\":{\"@id\":\"https:\/\/loewentestneu.metafex.io\/es\/producto\/gotas-linfaticas-100-ml-copy-copy#primaryimage\"},\"image\":{\"@id\":\"https:\/\/loewentestneu.metafex.io\/es\/producto\/gotas-linfaticas-100-ml-copy-copy#primaryimage\"},\"thumbnailUrl\":\"https:\/\/loewentestneu.metafex.io\/wp-content\/uploads\/2026\/01\/PASCALLERG-Pascoe-PZN-07703644-Lions-pharmacy.webp\",\"datePublished\":\"2026-01-17T05:10:23+00:00\",\"dateModified\":\"2026-01-17T05:55:22+00:00\",\"description\":\"Lions Pharmacy, una farmacia alemana registrada. Env\u00edo internacional r\u00e1pido con DHL. M\u00e1s informaci\u00f3n sobre Alergias, fiebre del heno y PASCALLERG Comprimidos (100 uds.)\",\"breadcrumb\":{\"@id\":\"https:\/\/loewentestneu.metafex.io\/es\/producto\/gotas-linfaticas-100-ml-copy-copy#breadcrumb\"},\"inLanguage\":\"es\",\"potentialAction\":[{\"@type\":\"ReadAction\",\"target\":[\"https:\/\/loewentestneu.metafex.io\/es\/producto\/gotas-linfaticas-100-ml-copy-copy\"]}]},{\"@type\":\"ImageObject\",\"inLanguage\":\"es\",\"@id\":\"https:\/\/loewentestneu.metafex.io\/es\/producto\/gotas-linfaticas-100-ml-copy-copy#primaryimage\",\"url\":\"https:\/\/loewentestneu.metafex.io\/wp-content\/uploads\/2026\/01\/PASCALLERG-Pascoe-PZN-07703644-Lions-pharmacy.webp\",\"contentUrl\":\"https:\/\/loewentestneu.metafex.io\/wp-content\/uploads\/2026\/01\/PASCALLERG-Pascoe-PZN-07703644-Lions-pharmacy.webp\",\"width\":600,\"height\":600,\"caption\":\"La imagen muestra el envase de PASCALLERG de Pascoe, PZN-07703644, Lions-pharmacy\"},{\"@type\":\"BreadcrumbList\",\"@id\":\"https:\/\/loewentestneu.metafex.io\/es\/producto\/gotas-linfaticas-100-ml-copy-copy#breadcrumb\",\"itemListElement\":[{\"@type\":\"ListItem\",\"position\":1,\"name\":\"Home\",\"item\":\"https:\/\/loewentestneu.metafex.io\/es\/homepage-lion-pharmacy\"},{\"@type\":\"ListItem\",\"position\":2,\"name\":\"Shop\",\"item\":\"https:\/\/loewentestneu.metafex.io\/es\/tienda\"},{\"@type\":\"ListItem\",\"position\":3,\"name\":\"PASCALLERG Comprimidos (100 uds.)\"}]},{\"@type\":\"WebSite\",\"@id\":\"https:\/\/loewentestneu.metafex.io\/es#website\",\"url\":\"https:\/\/loewentestneu.metafex.io\/es\",\"name\":\"Lions Pharmacy\",\"description\":\"Farmacia especializada en naturopat\u00eda de Baden-Baden, Alemania\",\"publisher\":{\"@id\":\"https:\/\/loewentestneu.metafex.io\/es#organization\"},\"alternateName\":\"Lion Pharmacy\",\"potentialAction\":[{\"@type\":\"SearchAction\",\"target\":{\"@type\":\"EntryPoint\",\"urlTemplate\":\"https:\/\/loewentestneu.metafex.io\/es?s={search_term_string}\"},\"query-input\":{\"@type\":\"PropertyValueSpecification\",\"valueRequired\":true,\"valueName\":\"search_term_string\"}}],\"inLanguage\":\"es\"},{\"@type\":\"Organization\",\"@id\":\"https:\/\/loewentestneu.metafex.io\/es#organization\",\"name\":\"Lions Pharmacy\",\"alternateName\":\"Lions Pharmacy24\",\"url\":\"https:\/\/loewentestneu.metafex.io\/es\",\"logo\":{\"@type\":\"ImageObject\",\"inLanguage\":\"es\",\"@id\":\"https:\/\/loewentestneu.metafex.io\/es#\/schema\/logo\/image\/\",\"url\":\"https:\/\/loewentestneu.metafex.io\/wp-content\/uploads\/2022\/12\/Logo-Lion-Pharmacy-c-o-Loewen-Apotheke-smal.jpg\",\"contentUrl\":\"https:\/\/loewentestneu.metafex.io\/wp-content\/uploads\/2022\/12\/Logo-Lion-Pharmacy-c-o-Loewen-Apotheke-smal.jpg\",\"width\":298,\"height\":99,\"caption\":\"Lions Pharmacy\"},\"image\":{\"@id\":\"https:\/\/loewentestneu.metafex.io\/es#\/schema\/logo\/image\/\"}}]}<\/script>\n<!-- \/ Yoast SEO plugin. -->","yoast_head_json":{"title":"PASCALLERG Comprimidos (100 uds.) &#187; Orden en Lion Pharmacy","description":"Lions Pharmacy, una farmacia alemana registrada. Env\u00edo internacional r\u00e1pido con DHL. M\u00e1s informaci\u00f3n sobre Alergias, fiebre del heno y PASCALLERG Comprimidos (100 uds.)","robots":{"index":"noindex","follow":"follow","max-snippet":"max-snippet:-1","max-image-preview":"max-image-preview:large","max-video-preview":"max-video-preview:-1"},"og_locale":"es_ES","og_type":"article","og_title":"PASCALLERG Comprimidos (100 uds.) &#187; Orden en Lion Pharmacy","og_description":"Lions Pharmacy, una farmacia alemana registrada. Env\u00edo internacional r\u00e1pido con DHL. M\u00e1s informaci\u00f3n sobre Alergias, fiebre del heno y PASCALLERG Comprimidos (100 uds.)","og_url":"https:\/\/loewentestneu.metafex.io\/es\/producto\/gotas-linfaticas-100-ml-copy-copy","og_site_name":"Lion Pharmacy","article_modified_time":"2026-01-17T05:55:22+00:00","og_image":[{"width":600,"height":600,"url":"https:\/\/loewentestneu.metafex.io\/wp-content\/uploads\/2026\/01\/PASCALLERG-Pascoe-PZN-07703644-Lions-pharmacy.webp","type":"image\/webp"}],"twitter_card":"summary_large_image","twitter_misc":{"Tiempo de lectura":"1 minuto"},"schema":{"@context":"https:\/\/schema.org","@graph":[{"@type":"WebPage","@id":"https:\/\/loewentestneu.metafex.io\/es\/producto\/gotas-linfaticas-100-ml-copy-copy","url":"https:\/\/loewentestneu.metafex.io\/es\/producto\/gotas-linfaticas-100-ml-copy-copy","name":"PASCALLERG Comprimidos (100 uds.) &#187; Orden en Lion Pharmacy","isPartOf":{"@id":"https:\/\/loewentestneu.metafex.io\/es#website"},"primaryImageOfPage":{"@id":"https:\/\/loewentestneu.metafex.io\/es\/producto\/gotas-linfaticas-100-ml-copy-copy#primaryimage"},"image":{"@id":"https:\/\/loewentestneu.metafex.io\/es\/producto\/gotas-linfaticas-100-ml-copy-copy#primaryimage"},"thumbnailUrl":"https:\/\/loewentestneu.metafex.io\/wp-content\/uploads\/2026\/01\/PASCALLERG-Pascoe-PZN-07703644-Lions-pharmacy.webp","datePublished":"2026-01-17T05:10:23+00:00","dateModified":"2026-01-17T05:55:22+00:00","description":"Lions Pharmacy, una farmacia alemana registrada. Env\u00edo internacional r\u00e1pido con DHL. M\u00e1s informaci\u00f3n sobre Alergias, fiebre del heno y PASCALLERG Comprimidos (100 uds.)","breadcrumb":{"@id":"https:\/\/loewentestneu.metafex.io\/es\/producto\/gotas-linfaticas-100-ml-copy-copy#breadcrumb"},"inLanguage":"es","potentialAction":[{"@type":"ReadAction","target":["https:\/\/loewentestneu.metafex.io\/es\/producto\/gotas-linfaticas-100-ml-copy-copy"]}]},{"@type":"ImageObject","inLanguage":"es","@id":"https:\/\/loewentestneu.metafex.io\/es\/producto\/gotas-linfaticas-100-ml-copy-copy#primaryimage","url":"https:\/\/loewentestneu.metafex.io\/wp-content\/uploads\/2026\/01\/PASCALLERG-Pascoe-PZN-07703644-Lions-pharmacy.webp","contentUrl":"https:\/\/loewentestneu.metafex.io\/wp-content\/uploads\/2026\/01\/PASCALLERG-Pascoe-PZN-07703644-Lions-pharmacy.webp","width":600,"height":600,"caption":"La imagen muestra el envase de PASCALLERG de Pascoe, PZN-07703644, Lions-pharmacy"},{"@type":"BreadcrumbList","@id":"https:\/\/loewentestneu.metafex.io\/es\/producto\/gotas-linfaticas-100-ml-copy-copy#breadcrumb","itemListElement":[{"@type":"ListItem","position":1,"name":"Home","item":"https:\/\/loewentestneu.metafex.io\/es\/homepage-lion-pharmacy"},{"@type":"ListItem","position":2,"name":"Shop","item":"https:\/\/loewentestneu.metafex.io\/es\/tienda"},{"@type":"ListItem","position":3,"name":"PASCALLERG Comprimidos (100 uds.)"}]},{"@type":"WebSite","@id":"https:\/\/loewentestneu.metafex.io\/es#website","url":"https:\/\/loewentestneu.metafex.io\/es","name":"Lions Pharmacy","description":"Farmacia especializada en naturopat\u00eda de Baden-Baden, Alemania","publisher":{"@id":"https:\/\/loewentestneu.metafex.io\/es#organization"},"alternateName":"Lion Pharmacy","potentialAction":[{"@type":"SearchAction","target":{"@type":"EntryPoint","urlTemplate":"https:\/\/loewentestneu.metafex.io\/es?s={search_term_string}"},"query-input":{"@type":"PropertyValueSpecification","valueRequired":true,"valueName":"search_term_string"}}],"inLanguage":"es"},{"@type":"Organization","@id":"https:\/\/loewentestneu.metafex.io\/es#organization","name":"Lions Pharmacy","alternateName":"Lions Pharmacy24","url":"https:\/\/loewentestneu.metafex.io\/es","logo":{"@type":"ImageObject","inLanguage":"es","@id":"https:\/\/loewentestneu.metafex.io\/es#\/schema\/logo\/image\/","url":"https:\/\/loewentestneu.metafex.io\/wp-content\/uploads\/2022\/12\/Logo-Lion-Pharmacy-c-o-Loewen-Apotheke-smal.jpg","contentUrl":"https:\/\/loewentestneu.metafex.io\/wp-content\/uploads\/2022\/12\/Logo-Lion-Pharmacy-c-o-Loewen-Apotheke-smal.jpg","width":298,"height":99,"caption":"Lions Pharmacy"},"image":{"@id":"https:\/\/loewentestneu.metafex.io\/es#\/schema\/logo\/image\/"}}]}},"_links":{"self":[{"href":"https:\/\/loewentestneu.metafex.io\/es\/wp-json\/wp\/v2\/product\/19458","targetHints":{"allow":["GET"]}}],"collection":[{"href":"https:\/\/loewentestneu.metafex.io\/es\/wp-json\/wp\/v2\/product"}],"about":[{"href":"https:\/\/loewentestneu.metafex.io\/es\/wp-json\/wp\/v2\/types\/product"}],"replies":[{"embeddable":true,"href":"https:\/\/loewentestneu.metafex.io\/es\/wp-json\/wp\/v2\/comments?post=19458"}],"wp:featuredmedia":[{"embeddable":true,"href":"https:\/\/loewentestneu.metafex.io\/es\/wp-json\/wp\/v2\/media\/19463"}],"wp:attachment":[{"href":"https:\/\/loewentestneu.metafex.io\/es\/wp-json\/wp\/v2\/media?parent=19458"}],"wp:term":[{"taxonomy":"product_brand","embeddable":true,"href":"https:\/\/loewentestneu.metafex.io\/es\/wp-json\/wp\/v2\/product_brand?post=19458"},{"taxonomy":"product_cat","embeddable":true,"href":"https:\/\/loewentestneu.metafex.io\/es\/wp-json\/wp\/v2\/product_cat?post=19458"},{"taxonomy":"product_tag","embeddable":true,"href":"https:\/\/loewentestneu.metafex.io\/es\/wp-json\/wp\/v2\/product_tag?post=19458"}],"curies":[{"name":"wp","href":"https:\/\/api.w.org\/{rel}","templated":true}]}}