{"id":19469,"date":"2026-01-17T07:03:41","date_gmt":"2026-01-17T06:03:41","guid":{"rendered":"https:\/\/lions-pharmacy.com\/?post_type=product&#038;p=19469"},"modified":"2026-01-26T23:17:33","modified_gmt":"2026-01-26T22:17:33","slug":"kytta-pain-ointment-150g","status":"publish","type":"product","link":"https:\/\/loewentestneu.metafex.io\/es\/producto\/kytta-pain-ointment-150g","title":{"rendered":"Kytta Pomada Analg\u00e9sica (150 g)"},"content":{"rendered":"<h3>Kytta Pomada Analg\u00e9sica<\/h3>\n<p>Kytta Pomada Analg\u00e9sica: el poder de la naturaleza contra el dolor: Kytta alivia r\u00e1pidamente el dolor, reduce la inflamaci\u00f3n y la hinchaz\u00f3n, y acelera el proceso de curaci\u00f3n.<\/p>\n<p>Ingredientes y principios activos: 350 mg de extracto fluido de ra\u00edz de consuelda.<\/p>\n<p>Kytta es una pomada t\u00f3pica con un principio activo de origen vegetal para un alivio potente y r\u00e1pido del dolor. El exclusivo extracto de ra\u00edz de consuelda de Kytta alivia los dolores musculares, de rodilla y de espalda. Los estudios cient\u00edficos confirman el efecto potente y r\u00e1pido del extracto de ra\u00edz de consuelda.<\/p>\n<p>La informaci\u00f3n contenida en este sitio web se facilita \u00fanicamente con fines informativos. En ning\u00fan caso sustituyen al examen y tratamiento por un m\u00e9dico. Tenga en cuenta que esto significa que no se pueden hacer diagn\u00f3sticos ni iniciar terapias. Nota sobre el uso y la utilizaci\u00f3n: La informaci\u00f3n proporcionada en este sitio web es s\u00f3lo para informaci\u00f3n general y no sustituye al consejo, diagn\u00f3stico o tratamiento profesional de un m\u00e9dico. Los complementos alimenticios no sustituyen a una dieta equilibrada y variada ni a un estilo de vida sano.<\/p>\n<p>Para conocer los riesgos y efectos secundarios, lea el prospecto y consulte a su m\u00e9dico o farmac\u00e9utico.<\/p>\n<p>Otros clientes tambi\u00e9n estaban interesados en productos relacionados <a href=\"https:\/\/loewentestneu.metafex.io\/es\/etiqueta-producto\/vitaminas-y-suplementos\">Complementos alimenticios<\/a> | <a href=\"https:\/\/loewentestneu.metafex.io\/es\/etiqueta-producto\/peso-y-forma-fisica\" rel=\"tag\">Peso y forma f\u00edsica<\/a><\/p>\n<h3 style=\"text-align: left;\">Prescripci\u00f3n | \u00bfReceta electr\u00f3nica disponible?<\/h3>\n<p>Env\u00ede su receta electr\u00f3nica ahora. Utilice nuestra aplicaci\u00f3n <a href=\"https:\/\/e-rezept-app.de\/shop-rezept\" target=\"_blank\" rel=\"noopener\">de recetas electr\u00f3nicas<\/a> . \u00a1Y te damos los gastos de env\u00edo gratis en Alemania!<\/p>\n","protected":false},"excerpt":{"rendered":"<h2>Kytta Pomada Analg\u00e9sica<\/h2>\n<div class=\"rating__wrap\">\n<p>para dolores musculares, de rodilla y de espalda.<\/p>\n<p>&nbsp;<\/p>\n<p><strong>PZN: <\/strong>10832865 (N\u00famero central de farmacia)<\/p>\n<p><strong>Forma farmac\u00e9utica<\/strong>: crema<\/p>\n<p><strong>Tipo de regulaci\u00f3n:<\/strong> Sin receta<\/p>\n<p><strong>Marca<\/strong>: Kytta<\/p>\n<p><strong>Fabricante<\/strong>: WICK Pharma, 65824 Schwalbach am Taunus, Alemania<\/p>\n<\/div>\n","protected":false},"featured_media":19476,"comment_status":"closed","ping_status":"closed","template":"","meta":[],"product_brand":[],"product_cat":[125,116],"product_tag":[274,273,490,275,311,272],"class_list":{"0":"post-19469","1":"product","2":"type-product","3":"status-publish","4":"has-post-thumbnail","6":"product_cat-sale-es","7":"product_cat-sin-categorizar","8":"product_tag-bienestar","9":"product_tag-control-de-peso","10":"product_tag-ingrediente-activo-a-base-de-hierbas","11":"product_tag-peso-y-forma-fisica","12":"product_tag-venta-mensual","13":"product_tag-vitaminas-y-suplementos","14":"ts_product_brand-all-es","16":"first","17":"instock","18":"sale","19":"featured","20":"taxable","21":"shipping-taxable","22":"purchasable","23":"product-type-simple"},"yoast_head":"<!-- This site is optimized with the Yoast SEO plugin v26.5 - https:\/\/yoast.com\/wordpress\/plugins\/seo\/ -->\n<title>Kytta Pomada Analg\u00e9sica (150 g) &#187; Haz tu pedido aqu\u00ed.<\/title>\n<meta name=\"description\" content=\"Kytta Pomada Analg\u00e9sica (150 g). Fabricante: Wick. Entregado desde su farmacia en l\u00ednea alemana. Env\u00edo internacional r\u00e1pido. Servicio de primera.\" \/>\n<meta name=\"robots\" content=\"noindex, follow, max-snippet:-1, max-image-preview:large, max-video-preview:-1\" \/>\n<meta property=\"og:locale\" content=\"es_ES\" \/>\n<meta property=\"og:type\" content=\"article\" \/>\n<meta property=\"og:title\" content=\"Kytta Pomada Analg\u00e9sica (150 g) &#187; Haz tu pedido aqu\u00ed.\" \/>\n<meta property=\"og:description\" content=\"Kytta Pomada Analg\u00e9sica (150 g). Fabricante: Wick. Entregado desde su farmacia en l\u00ednea alemana. Env\u00edo internacional r\u00e1pido. Servicio de primera.\" \/>\n<meta property=\"og:url\" content=\"https:\/\/loewentestneu.metafex.io\/es\/producto\/kytta-pain-ointment-150g\" \/>\n<meta property=\"og:site_name\" content=\"Lion Pharmacy\" \/>\n<meta property=\"article:modified_time\" content=\"2026-01-26T22:17:33+00:00\" \/>\n<meta property=\"og:image\" content=\"https:\/\/loewentestneu.metafex.io\/wp-content\/uploads\/2026\/01\/Kytta-Schmerzsalbe-gegen-Muskel-Kniegelenk-und-Ruckenschmerzen-PZN-10832865.webp\" \/>\n\t<meta property=\"og:image:width\" content=\"600\" \/>\n\t<meta property=\"og:image:height\" content=\"600\" \/>\n\t<meta property=\"og:image:type\" content=\"image\/webp\" \/>\n<meta name=\"twitter:card\" content=\"summary_large_image\" \/>\n<meta name=\"twitter:label1\" content=\"Tiempo de lectura\" \/>\n\t<meta name=\"twitter:data1\" content=\"1 minuto\" \/>\n<script type=\"application\/ld+json\" class=\"yoast-schema-graph\">{\"@context\":\"https:\/\/schema.org\",\"@graph\":[{\"@type\":\"WebPage\",\"@id\":\"https:\/\/loewentestneu.metafex.io\/es\/producto\/kytta-pain-ointment-150g\",\"url\":\"https:\/\/loewentestneu.metafex.io\/es\/producto\/kytta-pain-ointment-150g\",\"name\":\"Kytta Pomada Analg\u00e9sica (150 g) &#187; Haz tu pedido aqu\u00ed.\",\"isPartOf\":{\"@id\":\"https:\/\/loewentestneu.metafex.io\/es#website\"},\"primaryImageOfPage\":{\"@id\":\"https:\/\/loewentestneu.metafex.io\/es\/producto\/kytta-pain-ointment-150g#primaryimage\"},\"image\":{\"@id\":\"https:\/\/loewentestneu.metafex.io\/es\/producto\/kytta-pain-ointment-150g#primaryimage\"},\"thumbnailUrl\":\"https:\/\/loewentestneu.metafex.io\/wp-content\/uploads\/2026\/01\/Kytta-Schmerzsalbe-gegen-Muskel-Kniegelenk-und-Ruckenschmerzen-PZN-10832865.webp\",\"datePublished\":\"2026-01-17T06:03:41+00:00\",\"dateModified\":\"2026-01-26T22:17:33+00:00\",\"description\":\"Kytta Pomada Analg\u00e9sica (150 g). Fabricante: Wick. Entregado desde su farmacia en l\u00ednea alemana. Env\u00edo internacional r\u00e1pido. Servicio de primera.\",\"breadcrumb\":{\"@id\":\"https:\/\/loewentestneu.metafex.io\/es\/producto\/kytta-pain-ointment-150g#breadcrumb\"},\"inLanguage\":\"es\",\"potentialAction\":[{\"@type\":\"ReadAction\",\"target\":[\"https:\/\/loewentestneu.metafex.io\/es\/producto\/kytta-pain-ointment-150g\"]}]},{\"@type\":\"ImageObject\",\"inLanguage\":\"es\",\"@id\":\"https:\/\/loewentestneu.metafex.io\/es\/producto\/kytta-pain-ointment-150g#primaryimage\",\"url\":\"https:\/\/loewentestneu.metafex.io\/wp-content\/uploads\/2026\/01\/Kytta-Schmerzsalbe-gegen-Muskel-Kniegelenk-und-Ruckenschmerzen-PZN-10832865.webp\",\"contentUrl\":\"https:\/\/loewentestneu.metafex.io\/wp-content\/uploads\/2026\/01\/Kytta-Schmerzsalbe-gegen-Muskel-Kniegelenk-und-Ruckenschmerzen-PZN-10832865.webp\",\"width\":600,\"height\":600,\"caption\":\"Kytta pomada analg\u00e9sica para dolores musculares, de rodilla y de espalda, PZN-10832865\"},{\"@type\":\"BreadcrumbList\",\"@id\":\"https:\/\/loewentestneu.metafex.io\/es\/producto\/kytta-pain-ointment-150g#breadcrumb\",\"itemListElement\":[{\"@type\":\"ListItem\",\"position\":1,\"name\":\"Home\",\"item\":\"https:\/\/loewentestneu.metafex.io\/es\/homepage-lion-pharmacy\"},{\"@type\":\"ListItem\",\"position\":2,\"name\":\"Shop\",\"item\":\"https:\/\/loewentestneu.metafex.io\/es\/tienda\"},{\"@type\":\"ListItem\",\"position\":3,\"name\":\"Kytta Pomada Analg\u00e9sica (150 g)\"}]},{\"@type\":\"WebSite\",\"@id\":\"https:\/\/loewentestneu.metafex.io\/es#website\",\"url\":\"https:\/\/loewentestneu.metafex.io\/es\",\"name\":\"Lions Pharmacy\",\"description\":\"Farmacia especializada en naturopat\u00eda de Baden-Baden, Alemania\",\"publisher\":{\"@id\":\"https:\/\/loewentestneu.metafex.io\/es#organization\"},\"alternateName\":\"Lion Pharmacy\",\"potentialAction\":[{\"@type\":\"SearchAction\",\"target\":{\"@type\":\"EntryPoint\",\"urlTemplate\":\"https:\/\/loewentestneu.metafex.io\/es?s={search_term_string}\"},\"query-input\":{\"@type\":\"PropertyValueSpecification\",\"valueRequired\":true,\"valueName\":\"search_term_string\"}}],\"inLanguage\":\"es\"},{\"@type\":\"Organization\",\"@id\":\"https:\/\/loewentestneu.metafex.io\/es#organization\",\"name\":\"Lions Pharmacy\",\"alternateName\":\"Lions Pharmacy24\",\"url\":\"https:\/\/loewentestneu.metafex.io\/es\",\"logo\":{\"@type\":\"ImageObject\",\"inLanguage\":\"es\",\"@id\":\"https:\/\/loewentestneu.metafex.io\/es#\/schema\/logo\/image\/\",\"url\":\"https:\/\/loewentestneu.metafex.io\/wp-content\/uploads\/2022\/12\/Logo-Lion-Pharmacy-c-o-Loewen-Apotheke-smal.jpg\",\"contentUrl\":\"https:\/\/loewentestneu.metafex.io\/wp-content\/uploads\/2022\/12\/Logo-Lion-Pharmacy-c-o-Loewen-Apotheke-smal.jpg\",\"width\":298,\"height\":99,\"caption\":\"Lions Pharmacy\"},\"image\":{\"@id\":\"https:\/\/loewentestneu.metafex.io\/es#\/schema\/logo\/image\/\"}}]}<\/script>\n<!-- \/ Yoast SEO plugin. -->","yoast_head_json":{"title":"Kytta Pomada Analg\u00e9sica (150 g) &#187; Haz tu pedido aqu\u00ed.","description":"Kytta Pomada Analg\u00e9sica (150 g). Fabricante: Wick. Entregado desde su farmacia en l\u00ednea alemana. Env\u00edo internacional r\u00e1pido. Servicio de primera.","robots":{"index":"noindex","follow":"follow","max-snippet":"max-snippet:-1","max-image-preview":"max-image-preview:large","max-video-preview":"max-video-preview:-1"},"og_locale":"es_ES","og_type":"article","og_title":"Kytta Pomada Analg\u00e9sica (150 g) &#187; Haz tu pedido aqu\u00ed.","og_description":"Kytta Pomada Analg\u00e9sica (150 g). Fabricante: Wick. Entregado desde su farmacia en l\u00ednea alemana. Env\u00edo internacional r\u00e1pido. Servicio de primera.","og_url":"https:\/\/loewentestneu.metafex.io\/es\/producto\/kytta-pain-ointment-150g","og_site_name":"Lion Pharmacy","article_modified_time":"2026-01-26T22:17:33+00:00","og_image":[{"width":600,"height":600,"url":"https:\/\/loewentestneu.metafex.io\/wp-content\/uploads\/2026\/01\/Kytta-Schmerzsalbe-gegen-Muskel-Kniegelenk-und-Ruckenschmerzen-PZN-10832865.webp","type":"image\/webp"}],"twitter_card":"summary_large_image","twitter_misc":{"Tiempo de lectura":"1 minuto"},"schema":{"@context":"https:\/\/schema.org","@graph":[{"@type":"WebPage","@id":"https:\/\/loewentestneu.metafex.io\/es\/producto\/kytta-pain-ointment-150g","url":"https:\/\/loewentestneu.metafex.io\/es\/producto\/kytta-pain-ointment-150g","name":"Kytta Pomada Analg\u00e9sica (150 g) &#187; Haz tu pedido aqu\u00ed.","isPartOf":{"@id":"https:\/\/loewentestneu.metafex.io\/es#website"},"primaryImageOfPage":{"@id":"https:\/\/loewentestneu.metafex.io\/es\/producto\/kytta-pain-ointment-150g#primaryimage"},"image":{"@id":"https:\/\/loewentestneu.metafex.io\/es\/producto\/kytta-pain-ointment-150g#primaryimage"},"thumbnailUrl":"https:\/\/loewentestneu.metafex.io\/wp-content\/uploads\/2026\/01\/Kytta-Schmerzsalbe-gegen-Muskel-Kniegelenk-und-Ruckenschmerzen-PZN-10832865.webp","datePublished":"2026-01-17T06:03:41+00:00","dateModified":"2026-01-26T22:17:33+00:00","description":"Kytta Pomada Analg\u00e9sica (150 g). Fabricante: Wick. Entregado desde su farmacia en l\u00ednea alemana. Env\u00edo internacional r\u00e1pido. Servicio de primera.","breadcrumb":{"@id":"https:\/\/loewentestneu.metafex.io\/es\/producto\/kytta-pain-ointment-150g#breadcrumb"},"inLanguage":"es","potentialAction":[{"@type":"ReadAction","target":["https:\/\/loewentestneu.metafex.io\/es\/producto\/kytta-pain-ointment-150g"]}]},{"@type":"ImageObject","inLanguage":"es","@id":"https:\/\/loewentestneu.metafex.io\/es\/producto\/kytta-pain-ointment-150g#primaryimage","url":"https:\/\/loewentestneu.metafex.io\/wp-content\/uploads\/2026\/01\/Kytta-Schmerzsalbe-gegen-Muskel-Kniegelenk-und-Ruckenschmerzen-PZN-10832865.webp","contentUrl":"https:\/\/loewentestneu.metafex.io\/wp-content\/uploads\/2026\/01\/Kytta-Schmerzsalbe-gegen-Muskel-Kniegelenk-und-Ruckenschmerzen-PZN-10832865.webp","width":600,"height":600,"caption":"Kytta pomada analg\u00e9sica para dolores musculares, de rodilla y de espalda, PZN-10832865"},{"@type":"BreadcrumbList","@id":"https:\/\/loewentestneu.metafex.io\/es\/producto\/kytta-pain-ointment-150g#breadcrumb","itemListElement":[{"@type":"ListItem","position":1,"name":"Home","item":"https:\/\/loewentestneu.metafex.io\/es\/homepage-lion-pharmacy"},{"@type":"ListItem","position":2,"name":"Shop","item":"https:\/\/loewentestneu.metafex.io\/es\/tienda"},{"@type":"ListItem","position":3,"name":"Kytta Pomada Analg\u00e9sica (150 g)"}]},{"@type":"WebSite","@id":"https:\/\/loewentestneu.metafex.io\/es#website","url":"https:\/\/loewentestneu.metafex.io\/es","name":"Lions Pharmacy","description":"Farmacia especializada en naturopat\u00eda de Baden-Baden, Alemania","publisher":{"@id":"https:\/\/loewentestneu.metafex.io\/es#organization"},"alternateName":"Lion Pharmacy","potentialAction":[{"@type":"SearchAction","target":{"@type":"EntryPoint","urlTemplate":"https:\/\/loewentestneu.metafex.io\/es?s={search_term_string}"},"query-input":{"@type":"PropertyValueSpecification","valueRequired":true,"valueName":"search_term_string"}}],"inLanguage":"es"},{"@type":"Organization","@id":"https:\/\/loewentestneu.metafex.io\/es#organization","name":"Lions Pharmacy","alternateName":"Lions Pharmacy24","url":"https:\/\/loewentestneu.metafex.io\/es","logo":{"@type":"ImageObject","inLanguage":"es","@id":"https:\/\/loewentestneu.metafex.io\/es#\/schema\/logo\/image\/","url":"https:\/\/loewentestneu.metafex.io\/wp-content\/uploads\/2022\/12\/Logo-Lion-Pharmacy-c-o-Loewen-Apotheke-smal.jpg","contentUrl":"https:\/\/loewentestneu.metafex.io\/wp-content\/uploads\/2022\/12\/Logo-Lion-Pharmacy-c-o-Loewen-Apotheke-smal.jpg","width":298,"height":99,"caption":"Lions Pharmacy"},"image":{"@id":"https:\/\/loewentestneu.metafex.io\/es#\/schema\/logo\/image\/"}}]}},"_links":{"self":[{"href":"https:\/\/loewentestneu.metafex.io\/es\/wp-json\/wp\/v2\/product\/19469","targetHints":{"allow":["GET"]}}],"collection":[{"href":"https:\/\/loewentestneu.metafex.io\/es\/wp-json\/wp\/v2\/product"}],"about":[{"href":"https:\/\/loewentestneu.metafex.io\/es\/wp-json\/wp\/v2\/types\/product"}],"replies":[{"embeddable":true,"href":"https:\/\/loewentestneu.metafex.io\/es\/wp-json\/wp\/v2\/comments?post=19469"}],"wp:featuredmedia":[{"embeddable":true,"href":"https:\/\/loewentestneu.metafex.io\/es\/wp-json\/wp\/v2\/media\/19476"}],"wp:attachment":[{"href":"https:\/\/loewentestneu.metafex.io\/es\/wp-json\/wp\/v2\/media?parent=19469"}],"wp:term":[{"taxonomy":"product_brand","embeddable":true,"href":"https:\/\/loewentestneu.metafex.io\/es\/wp-json\/wp\/v2\/product_brand?post=19469"},{"taxonomy":"product_cat","embeddable":true,"href":"https:\/\/loewentestneu.metafex.io\/es\/wp-json\/wp\/v2\/product_cat?post=19469"},{"taxonomy":"product_tag","embeddable":true,"href":"https:\/\/loewentestneu.metafex.io\/es\/wp-json\/wp\/v2\/product_tag?post=19469"}],"curies":[{"name":"wp","href":"https:\/\/api.w.org\/{rel}","templated":true}]}}