{"id":19510,"date":"2026-01-18T09:08:33","date_gmt":"2026-01-18T08:08:33","guid":{"rendered":"https:\/\/lions-pharmacy.com\/?post_type=product&#038;p=19510"},"modified":"2026-01-18T09:31:54","modified_gmt":"2026-01-18T08:31:54","slug":"neyhair-vital-hair-tonic-200-ml-14227612","status":"publish","type":"product","link":"https:\/\/loewentestneu.metafex.io\/es\/producto\/neyhair-vital-hair-tonic-200-ml-14227612","title":{"rendered":"NeyHair T\u00f3nico Capilar Vital (200 ml)"},"content":{"rendered":"<h3>NeyHair T\u00f3nico Capilar Vital<\/h3>\n<p>Como producto para el cuidado del cuero cabelludo y el cabello, el T\u00f3nico Capilar Vital NeyHair favorece la salud del cuero cabelludo, fortalece el cabello y puede mejorar su estructura.<br \/>\nCuidado especial para un crecimiento fuerte del cabello y una mayor densidad capilar. La ca\u00edda del cabello, las entradas y el adelgazamiento del pelo suelen representar una carga emocional importante. Lo sufren tanto las mujeres como los hombres. Las causas son variadas: estr\u00e9s f\u00edsico y psicol\u00f3gico, cambios hormonales como la menopausia, predisposici\u00f3n hereditaria, un estilo de vida poco saludable o sustancias qu\u00edmicas en los productos de peluquer\u00eda. Todo esto y m\u00e1s puede alterar la funci\u00f3n del cuero cabelludo y el ciclo de crecimiento del cabello. El resultado: una mayor ca\u00edda del cabello.<\/p>\n<p>Los complementos alimenticios no sustituyen a una dieta equilibrada y variada ni a un estilo de vida saludable. No se debe exceder la ingesta diaria recomendada. Guarda el producto fuera del alcance de los ni\u00f1os peque\u00f1os.<\/p>\n<p>Otros productos para la aplicaci\u00f3n: <a href=\"https:\/\/loewentestneu.metafex.io\/produkt-kategorie\/vitorgan\">vitOrgan<\/a> | <a href=\"https:\/\/loewentestneu.metafex.io\/es\/etiqueta-producto\/vitaminas-y-suplementos\">Vitaminas y suplementos Productos<\/a><br \/>\nM\u00e1s informaci\u00f3n sobre el fabricante y este producto: <a href=\"https:\/\/vitorgan.de\/en\/products\/\" target=\"_blank\" rel=\"noopener\">vitOrgan<\/a> (enlace externo)<\/p>\n<p>La informaci\u00f3n contenida en este sitio web se facilita \u00fanicamente con fines informativos. En ning\u00fan caso sustituyen al examen y tratamiento por un m\u00e9dico. Tenga en cuenta que esto significa que no se pueden hacer diagn\u00f3sticos ni iniciar terapias.<\/p>\n<p>Para conocer los riesgos y efectos secundarios, lea el prospecto y consulte a su m\u00e9dico o farmac\u00e9utico.<\/p>\n<p><strong>\u00bfPreguntas sobre el producto? \u00a1Estamos a tu disposici\u00f3n!<\/strong><\/p>\n<p>Nuestra farmac\u00e9utica responsable, la Dra. Sandra Hoff, y su equipo estar\u00e1n encantados de asesorarte personalmente, por tel\u00e9fono o correo electr\u00f3nico. Como aut\u00e9ntica farmacia local y farmacia autorizada de venta por correspondencia, te ofrecemos un apoyo competente, especialmente en los \u00e1mbitos de <a href=\"https:\/\/loewentestneu.metafex.io\/es\/etiqueta-producto\/remedios-naturales\">la naturopat\u00eda<\/a> y <a href=\"https:\/\/loewentestneu.metafex.io\/es\/etiqueta-producto\/vitaminas-y-suplementos\">los complementos diet\u00e9ticos<\/a>, aqu\u00ed los medicamentos de <a href=\"https:\/\/loewentestneu.metafex.io\/es\/product-brand\/vitorgan-es\">vitOrgan<\/a> y <a href=\"https:\/\/loewentestneu.metafex.io\/es\/product-category\/labo-life-es\">Labo Life<\/a>.<br \/>\nPuedes encontrar nuestra autorizaci\u00f3n como entrada en el <a href=\"https:\/\/versandhandel.dimdi.de\/websearch\/servlet\/Gate;jsessionid=0D29D15655BE1174E9178A340E8FE6BC?accessid=dimdi_var&amp;term=3c387956690121ccc8763184f052b93f\" target=\"_blank\" rel=\"noopener\">registro de pedidos por correo<\/a>.<\/p>\n","protected":false},"excerpt":{"rendered":"<h2>NeyHair T\u00f3nico Capilar Vital<\/h2>\n<p>favorece un cuero cabelludo sano, fortalece el cabello y puede mejorar su estructura.<\/p>\n<p>&nbsp;<\/p>\n<p>PZN: 14227612 (N\u00famero Central de Farmacia)<\/p>\n<p>Forma farmac\u00e9utica: agua t\u00f3nica<\/p>\n<p>Tipo de prescripci\u00f3n: sin receta<\/p>\n<p>Marca: Regena Ney<\/p>\n<p>Fabricante: vitOrgan GmbH &amp; Co.KG, Ostfildern, Alemania<\/p>\n<p>Tama\u00f1o del envase: 200 ml<\/p>\n","protected":false},"featured_media":19515,"comment_status":"closed","ping_status":"closed","template":"","meta":[],"product_brand":[],"product_cat":[116,131],"product_tag":[274,517,255,308,490,232,899,272],"class_list":{"0":"post-19510","1":"product","2":"type-product","3":"status-publish","4":"has-post-thumbnail","6":"product_cat-sin-categorizar","7":"product_cat-vitorgan-es","8":"product_tag-bienestar","9":"product_tag-corona-y-defensa-inmune","10":"product_tag-coronavirus-es","11":"product_tag-homeopatia","12":"product_tag-ingrediente-activo-a-base-de-hierbas","13":"product_tag-neydil-es","14":"product_tag-pelo","15":"product_tag-vitaminas-y-suplementos","16":"ts_product_brand-all-es","17":"ts_product_brand-vitorgan-es","19":"first","20":"instock","21":"sale","22":"taxable","23":"shipping-taxable","24":"purchasable","25":"product-type-simple"},"yoast_head":"<!-- This site is optimized with the Yoast SEO plugin v26.5 - https:\/\/yoast.com\/wordpress\/plugins\/seo\/ -->\n<title>NeyHair T\u00f3nico Capilar Vital (200 ml) &#187; Ordene aqu\u00ed<\/title>\n<meta name=\"description\" content=\"Farmacia online alemana registrada | Env\u00edo internacional r\u00e1pido | Producto fabricado por vitOrgan: NeyHair T\u00f3nico Capilar Vital (200 ml)\" \/>\n<meta name=\"robots\" content=\"noindex, follow, max-snippet:-1, max-image-preview:large, max-video-preview:-1\" \/>\n<meta property=\"og:locale\" content=\"es_ES\" \/>\n<meta property=\"og:type\" content=\"article\" \/>\n<meta property=\"og:title\" content=\"NeyHair T\u00f3nico Capilar Vital (200 ml) &#187; Ordene aqu\u00ed\" \/>\n<meta property=\"og:description\" content=\"Farmacia online alemana registrada | Env\u00edo internacional r\u00e1pido | Producto fabricado por vitOrgan: NeyHair T\u00f3nico Capilar Vital (200 ml)\" \/>\n<meta property=\"og:url\" content=\"https:\/\/loewentestneu.metafex.io\/es\/producto\/neyhair-vital-hair-tonic-200-ml-14227612\" \/>\n<meta property=\"og:site_name\" content=\"Lion Pharmacy\" \/>\n<meta property=\"article:modified_time\" content=\"2026-01-18T08:31:54+00:00\" \/>\n<meta property=\"og:image\" content=\"https:\/\/loewentestneu.metafex.io\/wp-content\/uploads\/2026\/01\/NeyHair-Vital-Tonic-Water-from-vitorgan.webp\" \/>\n\t<meta property=\"og:image:width\" content=\"600\" \/>\n\t<meta property=\"og:image:height\" content=\"600\" \/>\n\t<meta property=\"og:image:type\" content=\"image\/webp\" \/>\n<meta name=\"twitter:card\" content=\"summary_large_image\" \/>\n<meta name=\"twitter:label1\" content=\"Tiempo de lectura\" \/>\n\t<meta name=\"twitter:data1\" content=\"2 minutos\" \/>\n<script type=\"application\/ld+json\" class=\"yoast-schema-graph\">{\"@context\":\"https:\/\/schema.org\",\"@graph\":[{\"@type\":\"WebPage\",\"@id\":\"https:\/\/loewentestneu.metafex.io\/es\/producto\/neyhair-vital-hair-tonic-200-ml-14227612\",\"url\":\"https:\/\/loewentestneu.metafex.io\/es\/producto\/neyhair-vital-hair-tonic-200-ml-14227612\",\"name\":\"NeyHair T\u00f3nico Capilar Vital (200 ml) &#187; Ordene aqu\u00ed\",\"isPartOf\":{\"@id\":\"https:\/\/loewentestneu.metafex.io\/es#website\"},\"primaryImageOfPage\":{\"@id\":\"https:\/\/loewentestneu.metafex.io\/es\/producto\/neyhair-vital-hair-tonic-200-ml-14227612#primaryimage\"},\"image\":{\"@id\":\"https:\/\/loewentestneu.metafex.io\/es\/producto\/neyhair-vital-hair-tonic-200-ml-14227612#primaryimage\"},\"thumbnailUrl\":\"https:\/\/loewentestneu.metafex.io\/wp-content\/uploads\/2026\/01\/NeyHair-Vital-Tonic-Water-from-vitorgan.webp\",\"datePublished\":\"2026-01-18T08:08:33+00:00\",\"dateModified\":\"2026-01-18T08:31:54+00:00\",\"description\":\"Farmacia online alemana registrada | Env\u00edo internacional r\u00e1pido | Producto fabricado por vitOrgan: NeyHair T\u00f3nico Capilar Vital (200 ml)\",\"breadcrumb\":{\"@id\":\"https:\/\/loewentestneu.metafex.io\/es\/producto\/neyhair-vital-hair-tonic-200-ml-14227612#breadcrumb\"},\"inLanguage\":\"es\",\"potentialAction\":[{\"@type\":\"ReadAction\",\"target\":[\"https:\/\/loewentestneu.metafex.io\/es\/producto\/neyhair-vital-hair-tonic-200-ml-14227612\"]}]},{\"@type\":\"ImageObject\",\"inLanguage\":\"es\",\"@id\":\"https:\/\/loewentestneu.metafex.io\/es\/producto\/neyhair-vital-hair-tonic-200-ml-14227612#primaryimage\",\"url\":\"https:\/\/loewentestneu.metafex.io\/wp-content\/uploads\/2026\/01\/NeyHair-Vital-Tonic-Water-from-vitorgan.webp\",\"contentUrl\":\"https:\/\/loewentestneu.metafex.io\/wp-content\/uploads\/2026\/01\/NeyHair-Vital-Tonic-Water-from-vitorgan.webp\",\"width\":600,\"height\":600,\"caption\":\"NeyHair Agua T\u00f3nica Vital de vitorgan\"},{\"@type\":\"BreadcrumbList\",\"@id\":\"https:\/\/loewentestneu.metafex.io\/es\/producto\/neyhair-vital-hair-tonic-200-ml-14227612#breadcrumb\",\"itemListElement\":[{\"@type\":\"ListItem\",\"position\":1,\"name\":\"Home\",\"item\":\"https:\/\/loewentestneu.metafex.io\/es\/homepage-lion-pharmacy\"},{\"@type\":\"ListItem\",\"position\":2,\"name\":\"Shop\",\"item\":\"https:\/\/loewentestneu.metafex.io\/es\/tienda\"},{\"@type\":\"ListItem\",\"position\":3,\"name\":\"NeyHair T\u00f3nico Capilar Vital (200 ml)\"}]},{\"@type\":\"WebSite\",\"@id\":\"https:\/\/loewentestneu.metafex.io\/es#website\",\"url\":\"https:\/\/loewentestneu.metafex.io\/es\",\"name\":\"Lions Pharmacy\",\"description\":\"Farmacia especializada en naturopat\u00eda de Baden-Baden, Alemania\",\"publisher\":{\"@id\":\"https:\/\/loewentestneu.metafex.io\/es#organization\"},\"alternateName\":\"Lion Pharmacy\",\"potentialAction\":[{\"@type\":\"SearchAction\",\"target\":{\"@type\":\"EntryPoint\",\"urlTemplate\":\"https:\/\/loewentestneu.metafex.io\/es?s={search_term_string}\"},\"query-input\":{\"@type\":\"PropertyValueSpecification\",\"valueRequired\":true,\"valueName\":\"search_term_string\"}}],\"inLanguage\":\"es\"},{\"@type\":\"Organization\",\"@id\":\"https:\/\/loewentestneu.metafex.io\/es#organization\",\"name\":\"Lions Pharmacy\",\"alternateName\":\"Lions Pharmacy24\",\"url\":\"https:\/\/loewentestneu.metafex.io\/es\",\"logo\":{\"@type\":\"ImageObject\",\"inLanguage\":\"es\",\"@id\":\"https:\/\/loewentestneu.metafex.io\/es#\/schema\/logo\/image\/\",\"url\":\"https:\/\/loewentestneu.metafex.io\/wp-content\/uploads\/2022\/12\/Logo-Lion-Pharmacy-c-o-Loewen-Apotheke-smal.jpg\",\"contentUrl\":\"https:\/\/loewentestneu.metafex.io\/wp-content\/uploads\/2022\/12\/Logo-Lion-Pharmacy-c-o-Loewen-Apotheke-smal.jpg\",\"width\":298,\"height\":99,\"caption\":\"Lions Pharmacy\"},\"image\":{\"@id\":\"https:\/\/loewentestneu.metafex.io\/es#\/schema\/logo\/image\/\"}}]}<\/script>\n<!-- \/ Yoast SEO plugin. -->","yoast_head_json":{"title":"NeyHair T\u00f3nico Capilar Vital (200 ml) &#187; Ordene aqu\u00ed","description":"Farmacia online alemana registrada | Env\u00edo internacional r\u00e1pido | Producto fabricado por vitOrgan: NeyHair T\u00f3nico Capilar Vital (200 ml)","robots":{"index":"noindex","follow":"follow","max-snippet":"max-snippet:-1","max-image-preview":"max-image-preview:large","max-video-preview":"max-video-preview:-1"},"og_locale":"es_ES","og_type":"article","og_title":"NeyHair T\u00f3nico Capilar Vital (200 ml) &#187; Ordene aqu\u00ed","og_description":"Farmacia online alemana registrada | Env\u00edo internacional r\u00e1pido | Producto fabricado por vitOrgan: NeyHair T\u00f3nico Capilar Vital (200 ml)","og_url":"https:\/\/loewentestneu.metafex.io\/es\/producto\/neyhair-vital-hair-tonic-200-ml-14227612","og_site_name":"Lion Pharmacy","article_modified_time":"2026-01-18T08:31:54+00:00","og_image":[{"width":600,"height":600,"url":"https:\/\/loewentestneu.metafex.io\/wp-content\/uploads\/2026\/01\/NeyHair-Vital-Tonic-Water-from-vitorgan.webp","type":"image\/webp"}],"twitter_card":"summary_large_image","twitter_misc":{"Tiempo de lectura":"2 minutos"},"schema":{"@context":"https:\/\/schema.org","@graph":[{"@type":"WebPage","@id":"https:\/\/loewentestneu.metafex.io\/es\/producto\/neyhair-vital-hair-tonic-200-ml-14227612","url":"https:\/\/loewentestneu.metafex.io\/es\/producto\/neyhair-vital-hair-tonic-200-ml-14227612","name":"NeyHair T\u00f3nico Capilar Vital (200 ml) &#187; Ordene aqu\u00ed","isPartOf":{"@id":"https:\/\/loewentestneu.metafex.io\/es#website"},"primaryImageOfPage":{"@id":"https:\/\/loewentestneu.metafex.io\/es\/producto\/neyhair-vital-hair-tonic-200-ml-14227612#primaryimage"},"image":{"@id":"https:\/\/loewentestneu.metafex.io\/es\/producto\/neyhair-vital-hair-tonic-200-ml-14227612#primaryimage"},"thumbnailUrl":"https:\/\/loewentestneu.metafex.io\/wp-content\/uploads\/2026\/01\/NeyHair-Vital-Tonic-Water-from-vitorgan.webp","datePublished":"2026-01-18T08:08:33+00:00","dateModified":"2026-01-18T08:31:54+00:00","description":"Farmacia online alemana registrada | Env\u00edo internacional r\u00e1pido | Producto fabricado por vitOrgan: NeyHair T\u00f3nico Capilar Vital (200 ml)","breadcrumb":{"@id":"https:\/\/loewentestneu.metafex.io\/es\/producto\/neyhair-vital-hair-tonic-200-ml-14227612#breadcrumb"},"inLanguage":"es","potentialAction":[{"@type":"ReadAction","target":["https:\/\/loewentestneu.metafex.io\/es\/producto\/neyhair-vital-hair-tonic-200-ml-14227612"]}]},{"@type":"ImageObject","inLanguage":"es","@id":"https:\/\/loewentestneu.metafex.io\/es\/producto\/neyhair-vital-hair-tonic-200-ml-14227612#primaryimage","url":"https:\/\/loewentestneu.metafex.io\/wp-content\/uploads\/2026\/01\/NeyHair-Vital-Tonic-Water-from-vitorgan.webp","contentUrl":"https:\/\/loewentestneu.metafex.io\/wp-content\/uploads\/2026\/01\/NeyHair-Vital-Tonic-Water-from-vitorgan.webp","width":600,"height":600,"caption":"NeyHair Agua T\u00f3nica Vital de vitorgan"},{"@type":"BreadcrumbList","@id":"https:\/\/loewentestneu.metafex.io\/es\/producto\/neyhair-vital-hair-tonic-200-ml-14227612#breadcrumb","itemListElement":[{"@type":"ListItem","position":1,"name":"Home","item":"https:\/\/loewentestneu.metafex.io\/es\/homepage-lion-pharmacy"},{"@type":"ListItem","position":2,"name":"Shop","item":"https:\/\/loewentestneu.metafex.io\/es\/tienda"},{"@type":"ListItem","position":3,"name":"NeyHair T\u00f3nico Capilar Vital (200 ml)"}]},{"@type":"WebSite","@id":"https:\/\/loewentestneu.metafex.io\/es#website","url":"https:\/\/loewentestneu.metafex.io\/es","name":"Lions Pharmacy","description":"Farmacia especializada en naturopat\u00eda de Baden-Baden, Alemania","publisher":{"@id":"https:\/\/loewentestneu.metafex.io\/es#organization"},"alternateName":"Lion Pharmacy","potentialAction":[{"@type":"SearchAction","target":{"@type":"EntryPoint","urlTemplate":"https:\/\/loewentestneu.metafex.io\/es?s={search_term_string}"},"query-input":{"@type":"PropertyValueSpecification","valueRequired":true,"valueName":"search_term_string"}}],"inLanguage":"es"},{"@type":"Organization","@id":"https:\/\/loewentestneu.metafex.io\/es#organization","name":"Lions Pharmacy","alternateName":"Lions Pharmacy24","url":"https:\/\/loewentestneu.metafex.io\/es","logo":{"@type":"ImageObject","inLanguage":"es","@id":"https:\/\/loewentestneu.metafex.io\/es#\/schema\/logo\/image\/","url":"https:\/\/loewentestneu.metafex.io\/wp-content\/uploads\/2022\/12\/Logo-Lion-Pharmacy-c-o-Loewen-Apotheke-smal.jpg","contentUrl":"https:\/\/loewentestneu.metafex.io\/wp-content\/uploads\/2022\/12\/Logo-Lion-Pharmacy-c-o-Loewen-Apotheke-smal.jpg","width":298,"height":99,"caption":"Lions Pharmacy"},"image":{"@id":"https:\/\/loewentestneu.metafex.io\/es#\/schema\/logo\/image\/"}}]}},"_links":{"self":[{"href":"https:\/\/loewentestneu.metafex.io\/es\/wp-json\/wp\/v2\/product\/19510","targetHints":{"allow":["GET"]}}],"collection":[{"href":"https:\/\/loewentestneu.metafex.io\/es\/wp-json\/wp\/v2\/product"}],"about":[{"href":"https:\/\/loewentestneu.metafex.io\/es\/wp-json\/wp\/v2\/types\/product"}],"replies":[{"embeddable":true,"href":"https:\/\/loewentestneu.metafex.io\/es\/wp-json\/wp\/v2\/comments?post=19510"}],"wp:featuredmedia":[{"embeddable":true,"href":"https:\/\/loewentestneu.metafex.io\/es\/wp-json\/wp\/v2\/media\/19515"}],"wp:attachment":[{"href":"https:\/\/loewentestneu.metafex.io\/es\/wp-json\/wp\/v2\/media?parent=19510"}],"wp:term":[{"taxonomy":"product_brand","embeddable":true,"href":"https:\/\/loewentestneu.metafex.io\/es\/wp-json\/wp\/v2\/product_brand?post=19510"},{"taxonomy":"product_cat","embeddable":true,"href":"https:\/\/loewentestneu.metafex.io\/es\/wp-json\/wp\/v2\/product_cat?post=19510"},{"taxonomy":"product_tag","embeddable":true,"href":"https:\/\/loewentestneu.metafex.io\/es\/wp-json\/wp\/v2\/product_tag?post=19510"}],"curies":[{"name":"wp","href":"https:\/\/api.w.org\/{rel}","templated":true}]}}