{"id":19524,"date":"2026-01-18T18:29:45","date_gmt":"2026-01-18T17:29:45","guid":{"rendered":"https:\/\/lions-pharmacy.com\/?post_type=product&#038;p=19524"},"modified":"2026-01-26T23:04:47","modified_gmt":"2026-01-26T22:04:47","slug":"periotrap-microbiome-toothpaste-75-ml-20029589","status":"publish","type":"product","link":"https:\/\/loewentestneu.metafex.io\/es\/producto\/periotrap-microbiome-toothpaste-75-ml-20029589","title":{"rendered":"Pasta dent\u00edfrica microbioma PerioTrap (75 ml)"},"content":{"rendered":"<h3>Pasta dent\u00edfrica microbioma PerioTrap<\/h3>\n<p>Crema dental con microbioma PerioTrap. Tu protecci\u00f3n diaria para dientes y enc\u00edas. Ideal para personas con problemas de enc\u00edas: limpieza suave sin mentol ni tensioactivos altamente espumantes.<\/p>\n<p>Tecnolog\u00eda PerioTrap: Se dirige espec\u00edficamente a las bacterias causantes de la placa sin alterar el microbioma.<\/p>\n<p>Fl\u00faor (1450 ppm): Fortalece el esmalte dental y protege contra las caries.<\/p>\n<p>Contiene: Fluoruro s\u00f3dico (1450 ppm), S\u00f3lo para adultos.<\/p>\n<p>Ingredientes: Glicerina, Aqua, S\u00edlice hidratada, Goma de celulosa, Glic\u00f3sido de laurilo, Bisabolol, Fluoruro de sodio, Aceite de hoja de Menthae Arvensis, Acetato de guanidinoetilbenzilaminoimiddazopiridina.<\/p>\n<p>Prospecto\/instrucciones de uso\/ficha t\u00e9cnica del art\u00edculo: &#8211; (lector de PDF)<br \/>\nOtros productos para la aplicaci\u00f3n: <a href=\"https:\/\/loewentestneu.metafex.io\/es\/etiqueta-producto\/vitaminas-y-suplementos\" rel=\"tag\">Vitaminas y suplementos<\/a> | <a href=\"https:\/\/loewentestneu.metafex.io\/es\/etiqueta-producto\/peso-y-forma-fisica\" rel=\"tag\">Peso y forma f\u00edsica<\/a> | <a href=\"https:\/\/loewentestneu.metafex.io\/es\/etiqueta-producto\/control-de-peso\" rel=\"tag\">Control del peso<\/a> | <a href=\"https:\/\/loewentestneu.metafex.io\/es\/etiqueta-producto\/bienestar\" rel=\"tag\">Bienestar<\/a><br \/>\nM\u00e1s informaci\u00f3n sobre el fabricante y este producto: <a href=\"https:\/\/periotrap.com\/pages\/die-periotrap-technologie\" target=\"_blank\" rel=\"noopener\">PerioTrap<\/a> (enlace a un sitio web externo)<\/p>\n<p>La informaci\u00f3n contenida en este sitio web se facilita \u00fanicamente con fines informativos. En ning\u00fan caso sustituyen al examen y tratamiento por un m\u00e9dico. Tenga en cuenta que esto significa que no se pueden hacer diagn\u00f3sticos ni iniciar terapias.<\/p>\n<p>Para conocer los riesgos y efectos secundarios, lea el prospecto y consulte a su m\u00e9dico o farmac\u00e9utico.<\/p>\n<h3>\u00bfPreguntas sobre el producto? \u00a1Estamos a tu disposici\u00f3n!<\/h3>\n<p>Nuestra farmac\u00e9utica responsable, la Dra. Sandra Hoff, y su equipo estar\u00e1n encantados de asesorarte personalmente, por tel\u00e9fono o correo electr\u00f3nico. Como aut\u00e9ntica farmacia local y farmacia autorizada de venta por correspondencia, te ofrecemos un apoyo competente, especialmente en los \u00e1mbitos de <a href=\"https:\/\/loewentestneu.metafex.io\/es\/etiqueta-producto\/remedios-naturales\">la naturopat\u00eda<\/a> y <a href=\"https:\/\/loewentestneu.metafex.io\/es\/etiqueta-producto\/vitaminas-y-suplementos\">los complementos diet\u00e9ticos<\/a>. Puedes encontrar nuestra autorizaci\u00f3n como entrada en el <a href=\"https:\/\/versandhandel.dimdi.de\/websearch\/servlet\/Gate;jsessionid=0D29D15655BE1174E9178A340E8FE6BC?accessid=dimdi_var&amp;term=3c387956690121ccc8763184f052b93f\" target=\"_blank\" rel=\"noopener\">registro de pedidos por correo<\/a>.<\/p>\n<h3>Canjear una receta o receta electr\u00f3nica:<\/h3>\n<p>\u00bfTienes receta o receta electr\u00f3nica? Env\u00edala c\u00f3modamente a trav\u00e9s de nuestra aplicaci\u00f3n <a href=\"https:\/\/e-rezept-app.de\/shop-rezept\" target=\"_blank\" rel=\"noopener\">de receta electr\u00f3nica<\/a>; tambi\u00e9n son posibles las recetas privadas para aut\u00f3nomos. R\u00e1pido, seguro y f\u00e1cil.<\/p>\n","protected":false},"excerpt":{"rendered":"<h2>Pasta dent\u00edfrica microbioma PerioTrap<\/h2>\n<p>Crema dental &#8211; Protecci\u00f3n diaria para dientes y enc\u00edas<\/p>\n<p>&nbsp;<\/p>\n<p>PZN: 20029589<\/p>\n<p>Forma de dosificaci\u00f3n: crema<\/p>\n<p>Tipo de prescripci\u00f3n: sin receta<\/p>\n<p>Marca:-<\/p>\n<p>Fabricante: PerioTrap Pharmaceuticals GmbH, 06120 Halle (Saale), Alemania<\/p>\n<p>Presentaci\u00f3n: 75 ml<\/p>\n","protected":false},"featured_media":19529,"comment_status":"closed","ping_status":"closed","template":"","meta":[],"product_brand":[],"product_cat":[125,116],"product_tag":[274,273,490,275,272],"class_list":{"0":"post-19524","1":"product","2":"type-product","3":"status-publish","4":"has-post-thumbnail","6":"product_cat-sale-es","7":"product_cat-sin-categorizar","8":"product_tag-bienestar","9":"product_tag-control-de-peso","10":"product_tag-ingrediente-activo-a-base-de-hierbas","11":"product_tag-peso-y-forma-fisica","12":"product_tag-vitaminas-y-suplementos","13":"ts_product_brand-all-es","15":"first","16":"outofstock","17":"taxable","18":"shipping-taxable","19":"purchasable","20":"product-type-simple"},"yoast_head":"<!-- This site is optimized with the Yoast SEO plugin v26.5 - https:\/\/yoast.com\/wordpress\/plugins\/seo\/ -->\n<title>Pasta dent\u00edfrica microbioma PerioTrap (75 ml) &#187; - haz tu pedido aqu\u00ed<\/title>\n<meta name=\"description\" content=\"Farmacia en l\u00ednea alemana registrada. Ofrecemos: Env\u00edo internacional r\u00e1pido. Atenci\u00f3n dental: Pasta dent\u00edfrica microbioma PerioTrap (75 ml)\" \/>\n<meta name=\"robots\" content=\"noindex, follow, max-snippet:-1, max-image-preview:large, max-video-preview:-1\" \/>\n<meta property=\"og:locale\" content=\"es_ES\" \/>\n<meta property=\"og:type\" content=\"article\" \/>\n<meta property=\"og:title\" content=\"Pasta dent\u00edfrica microbioma PerioTrap (75 ml) &#187; - haz tu pedido aqu\u00ed\" \/>\n<meta property=\"og:description\" content=\"Farmacia en l\u00ednea alemana registrada. Ofrecemos: Env\u00edo internacional r\u00e1pido. Atenci\u00f3n dental: Pasta dent\u00edfrica microbioma PerioTrap (75 ml)\" \/>\n<meta property=\"og:url\" content=\"https:\/\/loewentestneu.metafex.io\/es\/producto\/periotrap-microbiome-toothpaste-75-ml-20029589\" \/>\n<meta property=\"og:site_name\" content=\"Lion Pharmacy\" \/>\n<meta property=\"article:modified_time\" content=\"2026-01-26T22:04:47+00:00\" \/>\n<meta property=\"og:image\" content=\"https:\/\/loewentestneu.metafex.io\/wp-content\/uploads\/2026\/01\/PerioTrap-Mikrobiom-Zahnpasta-75-ml-from-PerioTrap-Pharmaceuticals-GmbH-with-PZN-20029589.webp\" \/>\n\t<meta property=\"og:image:width\" content=\"600\" \/>\n\t<meta property=\"og:image:height\" content=\"600\" \/>\n\t<meta property=\"og:image:type\" content=\"image\/webp\" \/>\n<meta name=\"twitter:card\" content=\"summary_large_image\" \/>\n<meta name=\"twitter:label1\" content=\"Tiempo de lectura\" \/>\n\t<meta name=\"twitter:data1\" content=\"2 minutos\" \/>\n<script type=\"application\/ld+json\" class=\"yoast-schema-graph\">{\"@context\":\"https:\/\/schema.org\",\"@graph\":[{\"@type\":\"WebPage\",\"@id\":\"https:\/\/loewentestneu.metafex.io\/es\/producto\/periotrap-microbiome-toothpaste-75-ml-20029589\",\"url\":\"https:\/\/loewentestneu.metafex.io\/es\/producto\/periotrap-microbiome-toothpaste-75-ml-20029589\",\"name\":\"Pasta dent\u00edfrica microbioma PerioTrap (75 ml) &#187; - haz tu pedido aqu\u00ed\",\"isPartOf\":{\"@id\":\"https:\/\/loewentestneu.metafex.io\/es#website\"},\"primaryImageOfPage\":{\"@id\":\"https:\/\/loewentestneu.metafex.io\/es\/producto\/periotrap-microbiome-toothpaste-75-ml-20029589#primaryimage\"},\"image\":{\"@id\":\"https:\/\/loewentestneu.metafex.io\/es\/producto\/periotrap-microbiome-toothpaste-75-ml-20029589#primaryimage\"},\"thumbnailUrl\":\"https:\/\/loewentestneu.metafex.io\/wp-content\/uploads\/2026\/01\/PerioTrap-Mikrobiom-Zahnpasta-75-ml-from-PerioTrap-Pharmaceuticals-GmbH-with-PZN-20029589.webp\",\"datePublished\":\"2026-01-18T17:29:45+00:00\",\"dateModified\":\"2026-01-26T22:04:47+00:00\",\"description\":\"Farmacia en l\u00ednea alemana registrada. Ofrecemos: Env\u00edo internacional r\u00e1pido. Atenci\u00f3n dental: Pasta dent\u00edfrica microbioma PerioTrap (75 ml)\",\"breadcrumb\":{\"@id\":\"https:\/\/loewentestneu.metafex.io\/es\/producto\/periotrap-microbiome-toothpaste-75-ml-20029589#breadcrumb\"},\"inLanguage\":\"es\",\"potentialAction\":[{\"@type\":\"ReadAction\",\"target\":[\"https:\/\/loewentestneu.metafex.io\/es\/producto\/periotrap-microbiome-toothpaste-75-ml-20029589\"]}]},{\"@type\":\"ImageObject\",\"inLanguage\":\"es\",\"@id\":\"https:\/\/loewentestneu.metafex.io\/es\/producto\/periotrap-microbiome-toothpaste-75-ml-20029589#primaryimage\",\"url\":\"https:\/\/loewentestneu.metafex.io\/wp-content\/uploads\/2026\/01\/PerioTrap-Mikrobiom-Zahnpasta-75-ml-from-PerioTrap-Pharmaceuticals-GmbH-with-PZN-20029589.webp\",\"contentUrl\":\"https:\/\/loewentestneu.metafex.io\/wp-content\/uploads\/2026\/01\/PerioTrap-Mikrobiom-Zahnpasta-75-ml-from-PerioTrap-Pharmaceuticals-GmbH-with-PZN-20029589.webp\",\"width\":600,\"height\":600,\"caption\":\"Pasta de dientes para microbioma PerioTrap 75 ml de PerioTrap Pharmaceuticals GmbH con PZN-20029589\"},{\"@type\":\"BreadcrumbList\",\"@id\":\"https:\/\/loewentestneu.metafex.io\/es\/producto\/periotrap-microbiome-toothpaste-75-ml-20029589#breadcrumb\",\"itemListElement\":[{\"@type\":\"ListItem\",\"position\":1,\"name\":\"Home\",\"item\":\"https:\/\/loewentestneu.metafex.io\/es\/homepage-lion-pharmacy\"},{\"@type\":\"ListItem\",\"position\":2,\"name\":\"Shop\",\"item\":\"https:\/\/loewentestneu.metafex.io\/es\/tienda\"},{\"@type\":\"ListItem\",\"position\":3,\"name\":\"Pasta dent\u00edfrica microbioma PerioTrap (75 ml)\"}]},{\"@type\":\"WebSite\",\"@id\":\"https:\/\/loewentestneu.metafex.io\/es#website\",\"url\":\"https:\/\/loewentestneu.metafex.io\/es\",\"name\":\"Lions Pharmacy\",\"description\":\"Farmacia especializada en naturopat\u00eda de Baden-Baden, Alemania\",\"publisher\":{\"@id\":\"https:\/\/loewentestneu.metafex.io\/es#organization\"},\"alternateName\":\"Lion Pharmacy\",\"potentialAction\":[{\"@type\":\"SearchAction\",\"target\":{\"@type\":\"EntryPoint\",\"urlTemplate\":\"https:\/\/loewentestneu.metafex.io\/es?s={search_term_string}\"},\"query-input\":{\"@type\":\"PropertyValueSpecification\",\"valueRequired\":true,\"valueName\":\"search_term_string\"}}],\"inLanguage\":\"es\"},{\"@type\":\"Organization\",\"@id\":\"https:\/\/loewentestneu.metafex.io\/es#organization\",\"name\":\"Lions Pharmacy\",\"alternateName\":\"Lions Pharmacy24\",\"url\":\"https:\/\/loewentestneu.metafex.io\/es\",\"logo\":{\"@type\":\"ImageObject\",\"inLanguage\":\"es\",\"@id\":\"https:\/\/loewentestneu.metafex.io\/es#\/schema\/logo\/image\/\",\"url\":\"https:\/\/loewentestneu.metafex.io\/wp-content\/uploads\/2022\/12\/Logo-Lion-Pharmacy-c-o-Loewen-Apotheke-smal.jpg\",\"contentUrl\":\"https:\/\/loewentestneu.metafex.io\/wp-content\/uploads\/2022\/12\/Logo-Lion-Pharmacy-c-o-Loewen-Apotheke-smal.jpg\",\"width\":298,\"height\":99,\"caption\":\"Lions Pharmacy\"},\"image\":{\"@id\":\"https:\/\/loewentestneu.metafex.io\/es#\/schema\/logo\/image\/\"}}]}<\/script>\n<!-- \/ Yoast SEO plugin. -->","yoast_head_json":{"title":"Pasta dent\u00edfrica microbioma PerioTrap (75 ml) &#187; - haz tu pedido aqu\u00ed","description":"Farmacia en l\u00ednea alemana registrada. Ofrecemos: Env\u00edo internacional r\u00e1pido. Atenci\u00f3n dental: Pasta dent\u00edfrica microbioma PerioTrap (75 ml)","robots":{"index":"noindex","follow":"follow","max-snippet":"max-snippet:-1","max-image-preview":"max-image-preview:large","max-video-preview":"max-video-preview:-1"},"og_locale":"es_ES","og_type":"article","og_title":"Pasta dent\u00edfrica microbioma PerioTrap (75 ml) &#187; - haz tu pedido aqu\u00ed","og_description":"Farmacia en l\u00ednea alemana registrada. Ofrecemos: Env\u00edo internacional r\u00e1pido. Atenci\u00f3n dental: Pasta dent\u00edfrica microbioma PerioTrap (75 ml)","og_url":"https:\/\/loewentestneu.metafex.io\/es\/producto\/periotrap-microbiome-toothpaste-75-ml-20029589","og_site_name":"Lion Pharmacy","article_modified_time":"2026-01-26T22:04:47+00:00","og_image":[{"width":600,"height":600,"url":"https:\/\/loewentestneu.metafex.io\/wp-content\/uploads\/2026\/01\/PerioTrap-Mikrobiom-Zahnpasta-75-ml-from-PerioTrap-Pharmaceuticals-GmbH-with-PZN-20029589.webp","type":"image\/webp"}],"twitter_card":"summary_large_image","twitter_misc":{"Tiempo de lectura":"2 minutos"},"schema":{"@context":"https:\/\/schema.org","@graph":[{"@type":"WebPage","@id":"https:\/\/loewentestneu.metafex.io\/es\/producto\/periotrap-microbiome-toothpaste-75-ml-20029589","url":"https:\/\/loewentestneu.metafex.io\/es\/producto\/periotrap-microbiome-toothpaste-75-ml-20029589","name":"Pasta dent\u00edfrica microbioma PerioTrap (75 ml) &#187; - haz tu pedido aqu\u00ed","isPartOf":{"@id":"https:\/\/loewentestneu.metafex.io\/es#website"},"primaryImageOfPage":{"@id":"https:\/\/loewentestneu.metafex.io\/es\/producto\/periotrap-microbiome-toothpaste-75-ml-20029589#primaryimage"},"image":{"@id":"https:\/\/loewentestneu.metafex.io\/es\/producto\/periotrap-microbiome-toothpaste-75-ml-20029589#primaryimage"},"thumbnailUrl":"https:\/\/loewentestneu.metafex.io\/wp-content\/uploads\/2026\/01\/PerioTrap-Mikrobiom-Zahnpasta-75-ml-from-PerioTrap-Pharmaceuticals-GmbH-with-PZN-20029589.webp","datePublished":"2026-01-18T17:29:45+00:00","dateModified":"2026-01-26T22:04:47+00:00","description":"Farmacia en l\u00ednea alemana registrada. Ofrecemos: Env\u00edo internacional r\u00e1pido. Atenci\u00f3n dental: Pasta dent\u00edfrica microbioma PerioTrap (75 ml)","breadcrumb":{"@id":"https:\/\/loewentestneu.metafex.io\/es\/producto\/periotrap-microbiome-toothpaste-75-ml-20029589#breadcrumb"},"inLanguage":"es","potentialAction":[{"@type":"ReadAction","target":["https:\/\/loewentestneu.metafex.io\/es\/producto\/periotrap-microbiome-toothpaste-75-ml-20029589"]}]},{"@type":"ImageObject","inLanguage":"es","@id":"https:\/\/loewentestneu.metafex.io\/es\/producto\/periotrap-microbiome-toothpaste-75-ml-20029589#primaryimage","url":"https:\/\/loewentestneu.metafex.io\/wp-content\/uploads\/2026\/01\/PerioTrap-Mikrobiom-Zahnpasta-75-ml-from-PerioTrap-Pharmaceuticals-GmbH-with-PZN-20029589.webp","contentUrl":"https:\/\/loewentestneu.metafex.io\/wp-content\/uploads\/2026\/01\/PerioTrap-Mikrobiom-Zahnpasta-75-ml-from-PerioTrap-Pharmaceuticals-GmbH-with-PZN-20029589.webp","width":600,"height":600,"caption":"Pasta de dientes para microbioma PerioTrap 75 ml de PerioTrap Pharmaceuticals GmbH con PZN-20029589"},{"@type":"BreadcrumbList","@id":"https:\/\/loewentestneu.metafex.io\/es\/producto\/periotrap-microbiome-toothpaste-75-ml-20029589#breadcrumb","itemListElement":[{"@type":"ListItem","position":1,"name":"Home","item":"https:\/\/loewentestneu.metafex.io\/es\/homepage-lion-pharmacy"},{"@type":"ListItem","position":2,"name":"Shop","item":"https:\/\/loewentestneu.metafex.io\/es\/tienda"},{"@type":"ListItem","position":3,"name":"Pasta dent\u00edfrica microbioma PerioTrap (75 ml)"}]},{"@type":"WebSite","@id":"https:\/\/loewentestneu.metafex.io\/es#website","url":"https:\/\/loewentestneu.metafex.io\/es","name":"Lions Pharmacy","description":"Farmacia especializada en naturopat\u00eda de Baden-Baden, Alemania","publisher":{"@id":"https:\/\/loewentestneu.metafex.io\/es#organization"},"alternateName":"Lion Pharmacy","potentialAction":[{"@type":"SearchAction","target":{"@type":"EntryPoint","urlTemplate":"https:\/\/loewentestneu.metafex.io\/es?s={search_term_string}"},"query-input":{"@type":"PropertyValueSpecification","valueRequired":true,"valueName":"search_term_string"}}],"inLanguage":"es"},{"@type":"Organization","@id":"https:\/\/loewentestneu.metafex.io\/es#organization","name":"Lions Pharmacy","alternateName":"Lions Pharmacy24","url":"https:\/\/loewentestneu.metafex.io\/es","logo":{"@type":"ImageObject","inLanguage":"es","@id":"https:\/\/loewentestneu.metafex.io\/es#\/schema\/logo\/image\/","url":"https:\/\/loewentestneu.metafex.io\/wp-content\/uploads\/2022\/12\/Logo-Lion-Pharmacy-c-o-Loewen-Apotheke-smal.jpg","contentUrl":"https:\/\/loewentestneu.metafex.io\/wp-content\/uploads\/2022\/12\/Logo-Lion-Pharmacy-c-o-Loewen-Apotheke-smal.jpg","width":298,"height":99,"caption":"Lions Pharmacy"},"image":{"@id":"https:\/\/loewentestneu.metafex.io\/es#\/schema\/logo\/image\/"}}]}},"_links":{"self":[{"href":"https:\/\/loewentestneu.metafex.io\/es\/wp-json\/wp\/v2\/product\/19524","targetHints":{"allow":["GET"]}}],"collection":[{"href":"https:\/\/loewentestneu.metafex.io\/es\/wp-json\/wp\/v2\/product"}],"about":[{"href":"https:\/\/loewentestneu.metafex.io\/es\/wp-json\/wp\/v2\/types\/product"}],"replies":[{"embeddable":true,"href":"https:\/\/loewentestneu.metafex.io\/es\/wp-json\/wp\/v2\/comments?post=19524"}],"wp:featuredmedia":[{"embeddable":true,"href":"https:\/\/loewentestneu.metafex.io\/es\/wp-json\/wp\/v2\/media\/19529"}],"wp:attachment":[{"href":"https:\/\/loewentestneu.metafex.io\/es\/wp-json\/wp\/v2\/media?parent=19524"}],"wp:term":[{"taxonomy":"product_brand","embeddable":true,"href":"https:\/\/loewentestneu.metafex.io\/es\/wp-json\/wp\/v2\/product_brand?post=19524"},{"taxonomy":"product_cat","embeddable":true,"href":"https:\/\/loewentestneu.metafex.io\/es\/wp-json\/wp\/v2\/product_cat?post=19524"},{"taxonomy":"product_tag","embeddable":true,"href":"https:\/\/loewentestneu.metafex.io\/es\/wp-json\/wp\/v2\/product_tag?post=19524"}],"curies":[{"name":"wp","href":"https:\/\/api.w.org\/{rel}","templated":true}]}}