{"id":19757,"date":"2026-01-24T09:04:12","date_gmt":"2026-01-24T08:04:12","guid":{"rendered":"https:\/\/lions-pharmacy.com\/?post_type=product&#038;p=19757"},"modified":"2026-01-24T10:39:59","modified_gmt":"2026-01-24T09:39:59","slug":"restaxil-liquid-30-ml-12895108","status":"publish","type":"product","link":"https:\/\/loewentestneu.metafex.io\/es\/producto\/restaxil-liquid-30-ml-12895108","title":{"rendered":"Restaxil l\u00edquido (30 ml)"},"content":{"rendered":"<h3>Restaxil l\u00edquido<\/h3>\n<p>Restaxil l\u00edquido gotas bien toleradas para la neuralgia, \u00fatil para el dolor de espalda. Restaxil es un medicamento aprobado para el tratamiento de la neuralgia (dolor nervioso). Los tipos de dolor nervioso pueden incluir, por ejemplo, dolor de espalda irradiado, ardor en piernas y pies, o dolor muscular. Las gotas Restaxil\u00ae contienen un complejo especial de cinco principios activos que se han formulado seg\u00fan el principio de similitud para dirigirse al dolor nervioso espec\u00edfico que se est\u00e1 tratando.<\/p>\n<p>Contiene: Gelsemium sempervirens, Spigelia anthelmia, Iris versicolor, Cyclamen europaeum, Cimicifuga racemosa<\/p>\n<p>Prospecto\/instrucciones de uso\/ficha t\u00e9cnica del art\u00edculo: &#8211; (lector de PDF)<br \/>\nOtros productos para la aplicaci\u00f3n: <a href=\"https:\/\/loewentestneu.metafex.io\/es\/etiqueta-producto\/vitaminas-y-suplementos\" rel=\"tag\">Vitaminas y complementos<\/a> | <a href=\"https:\/\/loewentestneu.metafex.io\/es\/etiqueta-producto\/peso-y-forma-fisica\" rel=\"tag\">Peso y forma f\u00edsica<\/a><br \/>\nM\u00e1s informaci\u00f3n sobre el fabricante y este producto: <a href=\"https:\/\/pharmasgp.com\/\" target=\"_blank\" rel=\"noopener\">PharmaSGP GmbH<\/a> (enlace a un sitio web externo)<\/p>\n<p>La informaci\u00f3n contenida en este sitio web se facilita \u00fanicamente con fines informativos. En ning\u00fan caso sustituyen al examen y tratamiento por un m\u00e9dico. Tenga en cuenta que esto significa que no se pueden hacer diagn\u00f3sticos ni iniciar terapias.<\/p>\n<p>Para conocer los riesgos y efectos secundarios, lea el prospecto y consulte a su m\u00e9dico o farmac\u00e9utico.<\/p>\n<h3>\u00bfPreguntas sobre el producto? \u00a1Estamos a tu disposici\u00f3n!<\/h3>\n<p>Nuestra farmac\u00e9utica responsable, la Dra. Sandra Hoff, y su equipo estar\u00e1n encantados de asesorarte personalmente, por tel\u00e9fono o correo electr\u00f3nico. Como aut\u00e9ntica farmacia local y farmacia autorizada de venta por correspondencia, te ofrecemos un apoyo competente, especialmente en los \u00e1mbitos de <a href=\"https:\/\/loewentestneu.metafex.io\/es\/etiqueta-producto\/remedios-naturales\">la naturopat\u00eda<\/a> y <a href=\"https:\/\/loewentestneu.metafex.io\/es\/etiqueta-producto\/vitaminas-y-suplementos\">los complementos diet\u00e9ticos<\/a>. Puedes encontrar nuestra autorizaci\u00f3n como entrada en el <a href=\"https:\/\/versandhandel.dimdi.de\/websearch\/servlet\/Gate;jsessionid=0D29D15655BE1174E9178A340E8FE6BC?accessid=dimdi_var&amp;term=3c387956690121ccc8763184f052b93f\" target=\"_blank\" rel=\"noopener\">registro de pedidos por correo<\/a>.<\/p>\n<h3>Canjear una receta o receta electr\u00f3nica:<\/h3>\n<p>\u00bfTienes receta o receta electr\u00f3nica? Env\u00edala c\u00f3modamente a trav\u00e9s de nuestra aplicaci\u00f3n <a href=\"https:\/\/e-rezept-app.de\/shop-rezept\" target=\"_blank\" rel=\"noopener\">de receta electr\u00f3nica<\/a>; tambi\u00e9n son posibles las recetas privadas para aut\u00f3nomos. R\u00e1pido, seguro y f\u00e1cil.<\/p>\n","protected":false},"excerpt":{"rendered":"<h2>Restaxil l\u00edquido<\/h2>\n<p>Gotas bien toleradas para la neuralgia, \u00fatiles para el dolor de espalda<\/p>\n<p>&nbsp;<\/p>\n<p>PZN: 12895108<\/p>\n<p>Forma farmac\u00e9utica: l\u00edquido<\/p>\n<p>Tipo de prescripci\u00f3n: sin receta<\/p>\n<p>Marca:-<\/p>\n<p>Fabricante: PharmaSGP GmbH, 82166 Gr\u00e4felfing, Alemania<\/p>\n<p>Presentaci\u00f3n: 30 ml<\/p>\n","protected":false},"featured_media":19761,"comment_status":"closed","ping_status":"closed","template":"","meta":[],"product_brand":[],"product_cat":[125,116],"product_tag":[274,490,275,272],"class_list":{"0":"post-19757","1":"product","2":"type-product","3":"status-publish","4":"has-post-thumbnail","6":"product_cat-sale-es","7":"product_cat-sin-categorizar","8":"product_tag-bienestar","9":"product_tag-ingrediente-activo-a-base-de-hierbas","10":"product_tag-peso-y-forma-fisica","11":"product_tag-vitaminas-y-suplementos","12":"ts_product_brand-all-es","14":"first","15":"instock","16":"taxable","17":"shipping-taxable","18":"purchasable","19":"product-type-simple"},"yoast_head":"<!-- This site is optimized with the Yoast SEO plugin v26.5 - https:\/\/yoast.com\/wordpress\/plugins\/seo\/ -->\n<title>Restaxil l\u00edquido (30 ml) &#187; - haz tu pedido aqu\u00ed<\/title>\n<meta name=\"description\" content=\"Farmacia en l\u00ednea alemana registrada. Ofrecemos: Env\u00edo internacional r\u00e1pido. Apoyos por tipos de dolor nervioso: Restaxil l\u00edquido (30 ml).\" \/>\n<meta name=\"robots\" content=\"noindex, follow, max-snippet:-1, max-image-preview:large, max-video-preview:-1\" \/>\n<meta property=\"og:locale\" content=\"es_ES\" \/>\n<meta property=\"og:type\" content=\"article\" \/>\n<meta property=\"og:title\" content=\"Restaxil l\u00edquido (30 ml) &#187; - haz tu pedido aqu\u00ed\" \/>\n<meta property=\"og:description\" content=\"Farmacia en l\u00ednea alemana registrada. Ofrecemos: Env\u00edo internacional r\u00e1pido. Apoyos por tipos de dolor nervioso: Restaxil l\u00edquido (30 ml).\" \/>\n<meta property=\"og:url\" content=\"https:\/\/loewentestneu.metafex.io\/es\/producto\/restaxil-liquid-30-ml-12895108\" \/>\n<meta property=\"og:site_name\" content=\"Lion Pharmacy\" \/>\n<meta property=\"article:modified_time\" content=\"2026-01-24T09:39:59+00:00\" \/>\n<meta property=\"og:image\" content=\"https:\/\/loewentestneu.metafex.io\/wp-content\/uploads\/2026\/01\/RESTAXIL-Flussig-Mischung-100ml-PZN-19491302.webp\" \/>\n\t<meta property=\"og:image:width\" content=\"600\" \/>\n\t<meta property=\"og:image:height\" content=\"600\" \/>\n\t<meta property=\"og:image:type\" content=\"image\/webp\" \/>\n<meta name=\"twitter:card\" content=\"summary_large_image\" \/>\n<meta name=\"twitter:label1\" content=\"Tiempo de lectura\" \/>\n\t<meta name=\"twitter:data1\" content=\"2 minutos\" \/>\n<script type=\"application\/ld+json\" class=\"yoast-schema-graph\">{\"@context\":\"https:\/\/schema.org\",\"@graph\":[{\"@type\":\"WebPage\",\"@id\":\"https:\/\/loewentestneu.metafex.io\/es\/producto\/restaxil-liquid-30-ml-12895108\",\"url\":\"https:\/\/loewentestneu.metafex.io\/es\/producto\/restaxil-liquid-30-ml-12895108\",\"name\":\"Restaxil l\u00edquido (30 ml) &#187; - haz tu pedido aqu\u00ed\",\"isPartOf\":{\"@id\":\"https:\/\/loewentestneu.metafex.io\/es#website\"},\"primaryImageOfPage\":{\"@id\":\"https:\/\/loewentestneu.metafex.io\/es\/producto\/restaxil-liquid-30-ml-12895108#primaryimage\"},\"image\":{\"@id\":\"https:\/\/loewentestneu.metafex.io\/es\/producto\/restaxil-liquid-30-ml-12895108#primaryimage\"},\"thumbnailUrl\":\"https:\/\/loewentestneu.metafex.io\/wp-content\/uploads\/2026\/01\/RESTAXIL-Flussig-Mischung-100ml-PZN-19491302.webp\",\"datePublished\":\"2026-01-24T08:04:12+00:00\",\"dateModified\":\"2026-01-24T09:39:59+00:00\",\"description\":\"Farmacia en l\u00ednea alemana registrada. Ofrecemos: Env\u00edo internacional r\u00e1pido. Apoyos por tipos de dolor nervioso: Restaxil l\u00edquido (30 ml).\",\"breadcrumb\":{\"@id\":\"https:\/\/loewentestneu.metafex.io\/es\/producto\/restaxil-liquid-30-ml-12895108#breadcrumb\"},\"inLanguage\":\"es\",\"potentialAction\":[{\"@type\":\"ReadAction\",\"target\":[\"https:\/\/loewentestneu.metafex.io\/es\/producto\/restaxil-liquid-30-ml-12895108\"]}]},{\"@type\":\"ImageObject\",\"inLanguage\":\"es\",\"@id\":\"https:\/\/loewentestneu.metafex.io\/es\/producto\/restaxil-liquid-30-ml-12895108#primaryimage\",\"url\":\"https:\/\/loewentestneu.metafex.io\/wp-content\/uploads\/2026\/01\/RESTAXIL-Flussig-Mischung-100ml-PZN-19491302.webp\",\"contentUrl\":\"https:\/\/loewentestneu.metafex.io\/wp-content\/uploads\/2026\/01\/RESTAXIL-Flussig-Mischung-100ml-PZN-19491302.webp\",\"width\":600,\"height\":600,\"caption\":\"RESTAXIL Fl\u00fcssig Mischung 30ml\"},{\"@type\":\"BreadcrumbList\",\"@id\":\"https:\/\/loewentestneu.metafex.io\/es\/producto\/restaxil-liquid-30-ml-12895108#breadcrumb\",\"itemListElement\":[{\"@type\":\"ListItem\",\"position\":1,\"name\":\"Home\",\"item\":\"https:\/\/loewentestneu.metafex.io\/es\/homepage-lion-pharmacy\"},{\"@type\":\"ListItem\",\"position\":2,\"name\":\"Shop\",\"item\":\"https:\/\/loewentestneu.metafex.io\/es\/tienda\"},{\"@type\":\"ListItem\",\"position\":3,\"name\":\"Restaxil l\u00edquido (30 ml)\"}]},{\"@type\":\"WebSite\",\"@id\":\"https:\/\/loewentestneu.metafex.io\/es#website\",\"url\":\"https:\/\/loewentestneu.metafex.io\/es\",\"name\":\"Lions Pharmacy\",\"description\":\"Farmacia especializada en naturopat\u00eda de Baden-Baden, Alemania\",\"publisher\":{\"@id\":\"https:\/\/loewentestneu.metafex.io\/es#organization\"},\"alternateName\":\"Lion Pharmacy\",\"potentialAction\":[{\"@type\":\"SearchAction\",\"target\":{\"@type\":\"EntryPoint\",\"urlTemplate\":\"https:\/\/loewentestneu.metafex.io\/es?s={search_term_string}\"},\"query-input\":{\"@type\":\"PropertyValueSpecification\",\"valueRequired\":true,\"valueName\":\"search_term_string\"}}],\"inLanguage\":\"es\"},{\"@type\":\"Organization\",\"@id\":\"https:\/\/loewentestneu.metafex.io\/es#organization\",\"name\":\"Lions Pharmacy\",\"alternateName\":\"Lions Pharmacy24\",\"url\":\"https:\/\/loewentestneu.metafex.io\/es\",\"logo\":{\"@type\":\"ImageObject\",\"inLanguage\":\"es\",\"@id\":\"https:\/\/loewentestneu.metafex.io\/es#\/schema\/logo\/image\/\",\"url\":\"https:\/\/loewentestneu.metafex.io\/wp-content\/uploads\/2022\/12\/Logo-Lion-Pharmacy-c-o-Loewen-Apotheke-smal.jpg\",\"contentUrl\":\"https:\/\/loewentestneu.metafex.io\/wp-content\/uploads\/2022\/12\/Logo-Lion-Pharmacy-c-o-Loewen-Apotheke-smal.jpg\",\"width\":298,\"height\":99,\"caption\":\"Lions Pharmacy\"},\"image\":{\"@id\":\"https:\/\/loewentestneu.metafex.io\/es#\/schema\/logo\/image\/\"}}]}<\/script>\n<!-- \/ Yoast SEO plugin. -->","yoast_head_json":{"title":"Restaxil l\u00edquido (30 ml) &#187; - haz tu pedido aqu\u00ed","description":"Farmacia en l\u00ednea alemana registrada. Ofrecemos: Env\u00edo internacional r\u00e1pido. Apoyos por tipos de dolor nervioso: Restaxil l\u00edquido (30 ml).","robots":{"index":"noindex","follow":"follow","max-snippet":"max-snippet:-1","max-image-preview":"max-image-preview:large","max-video-preview":"max-video-preview:-1"},"og_locale":"es_ES","og_type":"article","og_title":"Restaxil l\u00edquido (30 ml) &#187; - haz tu pedido aqu\u00ed","og_description":"Farmacia en l\u00ednea alemana registrada. Ofrecemos: Env\u00edo internacional r\u00e1pido. Apoyos por tipos de dolor nervioso: Restaxil l\u00edquido (30 ml).","og_url":"https:\/\/loewentestneu.metafex.io\/es\/producto\/restaxil-liquid-30-ml-12895108","og_site_name":"Lion Pharmacy","article_modified_time":"2026-01-24T09:39:59+00:00","og_image":[{"width":600,"height":600,"url":"https:\/\/loewentestneu.metafex.io\/wp-content\/uploads\/2026\/01\/RESTAXIL-Flussig-Mischung-100ml-PZN-19491302.webp","type":"image\/webp"}],"twitter_card":"summary_large_image","twitter_misc":{"Tiempo de lectura":"2 minutos"},"schema":{"@context":"https:\/\/schema.org","@graph":[{"@type":"WebPage","@id":"https:\/\/loewentestneu.metafex.io\/es\/producto\/restaxil-liquid-30-ml-12895108","url":"https:\/\/loewentestneu.metafex.io\/es\/producto\/restaxil-liquid-30-ml-12895108","name":"Restaxil l\u00edquido (30 ml) &#187; - haz tu pedido aqu\u00ed","isPartOf":{"@id":"https:\/\/loewentestneu.metafex.io\/es#website"},"primaryImageOfPage":{"@id":"https:\/\/loewentestneu.metafex.io\/es\/producto\/restaxil-liquid-30-ml-12895108#primaryimage"},"image":{"@id":"https:\/\/loewentestneu.metafex.io\/es\/producto\/restaxil-liquid-30-ml-12895108#primaryimage"},"thumbnailUrl":"https:\/\/loewentestneu.metafex.io\/wp-content\/uploads\/2026\/01\/RESTAXIL-Flussig-Mischung-100ml-PZN-19491302.webp","datePublished":"2026-01-24T08:04:12+00:00","dateModified":"2026-01-24T09:39:59+00:00","description":"Farmacia en l\u00ednea alemana registrada. Ofrecemos: Env\u00edo internacional r\u00e1pido. Apoyos por tipos de dolor nervioso: Restaxil l\u00edquido (30 ml).","breadcrumb":{"@id":"https:\/\/loewentestneu.metafex.io\/es\/producto\/restaxil-liquid-30-ml-12895108#breadcrumb"},"inLanguage":"es","potentialAction":[{"@type":"ReadAction","target":["https:\/\/loewentestneu.metafex.io\/es\/producto\/restaxil-liquid-30-ml-12895108"]}]},{"@type":"ImageObject","inLanguage":"es","@id":"https:\/\/loewentestneu.metafex.io\/es\/producto\/restaxil-liquid-30-ml-12895108#primaryimage","url":"https:\/\/loewentestneu.metafex.io\/wp-content\/uploads\/2026\/01\/RESTAXIL-Flussig-Mischung-100ml-PZN-19491302.webp","contentUrl":"https:\/\/loewentestneu.metafex.io\/wp-content\/uploads\/2026\/01\/RESTAXIL-Flussig-Mischung-100ml-PZN-19491302.webp","width":600,"height":600,"caption":"RESTAXIL Fl\u00fcssig Mischung 30ml"},{"@type":"BreadcrumbList","@id":"https:\/\/loewentestneu.metafex.io\/es\/producto\/restaxil-liquid-30-ml-12895108#breadcrumb","itemListElement":[{"@type":"ListItem","position":1,"name":"Home","item":"https:\/\/loewentestneu.metafex.io\/es\/homepage-lion-pharmacy"},{"@type":"ListItem","position":2,"name":"Shop","item":"https:\/\/loewentestneu.metafex.io\/es\/tienda"},{"@type":"ListItem","position":3,"name":"Restaxil l\u00edquido (30 ml)"}]},{"@type":"WebSite","@id":"https:\/\/loewentestneu.metafex.io\/es#website","url":"https:\/\/loewentestneu.metafex.io\/es","name":"Lions Pharmacy","description":"Farmacia especializada en naturopat\u00eda de Baden-Baden, Alemania","publisher":{"@id":"https:\/\/loewentestneu.metafex.io\/es#organization"},"alternateName":"Lion Pharmacy","potentialAction":[{"@type":"SearchAction","target":{"@type":"EntryPoint","urlTemplate":"https:\/\/loewentestneu.metafex.io\/es?s={search_term_string}"},"query-input":{"@type":"PropertyValueSpecification","valueRequired":true,"valueName":"search_term_string"}}],"inLanguage":"es"},{"@type":"Organization","@id":"https:\/\/loewentestneu.metafex.io\/es#organization","name":"Lions Pharmacy","alternateName":"Lions Pharmacy24","url":"https:\/\/loewentestneu.metafex.io\/es","logo":{"@type":"ImageObject","inLanguage":"es","@id":"https:\/\/loewentestneu.metafex.io\/es#\/schema\/logo\/image\/","url":"https:\/\/loewentestneu.metafex.io\/wp-content\/uploads\/2022\/12\/Logo-Lion-Pharmacy-c-o-Loewen-Apotheke-smal.jpg","contentUrl":"https:\/\/loewentestneu.metafex.io\/wp-content\/uploads\/2022\/12\/Logo-Lion-Pharmacy-c-o-Loewen-Apotheke-smal.jpg","width":298,"height":99,"caption":"Lions Pharmacy"},"image":{"@id":"https:\/\/loewentestneu.metafex.io\/es#\/schema\/logo\/image\/"}}]}},"_links":{"self":[{"href":"https:\/\/loewentestneu.metafex.io\/es\/wp-json\/wp\/v2\/product\/19757","targetHints":{"allow":["GET"]}}],"collection":[{"href":"https:\/\/loewentestneu.metafex.io\/es\/wp-json\/wp\/v2\/product"}],"about":[{"href":"https:\/\/loewentestneu.metafex.io\/es\/wp-json\/wp\/v2\/types\/product"}],"replies":[{"embeddable":true,"href":"https:\/\/loewentestneu.metafex.io\/es\/wp-json\/wp\/v2\/comments?post=19757"}],"wp:featuredmedia":[{"embeddable":true,"href":"https:\/\/loewentestneu.metafex.io\/es\/wp-json\/wp\/v2\/media\/19761"}],"wp:attachment":[{"href":"https:\/\/loewentestneu.metafex.io\/es\/wp-json\/wp\/v2\/media?parent=19757"}],"wp:term":[{"taxonomy":"product_brand","embeddable":true,"href":"https:\/\/loewentestneu.metafex.io\/es\/wp-json\/wp\/v2\/product_brand?post=19757"},{"taxonomy":"product_cat","embeddable":true,"href":"https:\/\/loewentestneu.metafex.io\/es\/wp-json\/wp\/v2\/product_cat?post=19757"},{"taxonomy":"product_tag","embeddable":true,"href":"https:\/\/loewentestneu.metafex.io\/es\/wp-json\/wp\/v2\/product_tag?post=19757"}],"curies":[{"name":"wp","href":"https:\/\/api.w.org\/{rel}","templated":true}]}}