{"id":19829,"date":"2026-01-26T10:06:48","date_gmt":"2026-01-26T09:06:48","guid":{"rendered":"https:\/\/lions-pharmacy.com\/?post_type=product&#038;p=19829"},"modified":"2026-02-01T15:13:08","modified_gmt":"2026-02-01T14:13:08","slug":"dna-genome-performance-test-sport","status":"publish","type":"product","link":"https:\/\/loewentestneu.metafex.io\/es\/producto\/dna-genome-performance-test-sport","title":{"rendered":"Prueba de rendimiento del genoma del ADN (SP)"},"content":{"rendered":"<h3>Prueba de rendimiento del genoma del ADN (SP)<\/h3>\n<p>Prueba de Rendimiento del Genoma del ADN (SP) &#8211; El Sensor de Rendimiento analiza genes relevantes para la nutrici\u00f3n y muestra tendencias sobre qu\u00e9 alimentos son saludables para el individuo o deben evitarse. Adem\u00e1s, este an\u00e1lisis gen\u00e9tico permite determinar las necesidades individuales de micronutrientes de la persona analizada.<\/p>\n<p>Incluye informe de resultados impreso. Libro<\/p>\n<h4>\u00bfC\u00f3mo funciona?<\/h4>\n<ol>\n<li>Pide el kit de pruebas online aqu\u00ed, te lo enviaremos<\/li>\n<li>Realiza la prueba de forma independiente siguiendo las instrucciones y env\u00edala a la direcci\u00f3n del laboratorio. Todo lo que necesitas est\u00e1 en el kit de prueba.<\/li>\n<li>Reserva una consulta individual de 20 minutos por telemedicina con uno de nuestros expertos. S\u00f3lo tienes que enviarnos un correo electr\u00f3nico cuando tus resultados est\u00e9n listos.<\/li>\n<\/ol>\n<p>M\u00e1s informaci\u00f3n sobre el fabricante y este producto: <a href=\"https:\/\/www.progenom.com\/genetik\/\" target=\"_blank\" rel=\"noopener\">Progenom GmbH<\/a> (enlace a un sitio web externo)<\/p>\n<p>La informaci\u00f3n contenida en este sitio web se facilita \u00fanicamente con fines informativos. En ning\u00fan caso sustituyen al examen y tratamiento por un m\u00e9dico. Tenga en cuenta que esto significa que no se pueden hacer diagn\u00f3sticos ni iniciar terapias. Importaci\u00f3n \u00fanica &#8211; Importamos este medicamento por ti. El resultado es un plazo de entrega m\u00e1s largo. Se excluyen las devoluciones de importaciones individuales.<\/p>\n<p>Para conocer los riesgos y efectos secundarios, lea el prospecto y consulte a su m\u00e9dico o farmac\u00e9utico.<\/p>\n<p>&nbsp;<\/p>\n<h3>\u00bfPreguntas sobre el producto? \u00a1Estamos a tu disposici\u00f3n!<\/h3>\n<p>Nuestra farmac\u00e9utica responsable, la Dra. Sandra Hoff, y su equipo estar\u00e1n encantados de asesorarte personalmente, por tel\u00e9fono o correo electr\u00f3nico. Como aut\u00e9ntica farmacia local y farmacia autorizada de venta por correspondencia, te ofrecemos un apoyo competente, especialmente en los \u00e1mbitos de <a href=\"https:\/\/loewentestneu.metafex.io\/es\/etiqueta-producto\/remedios-naturales\">la naturopat\u00eda<\/a> y <a href=\"https:\/\/loewentestneu.metafex.io\/es\/etiqueta-producto\/vitaminas-y-suplementos\">los complementos diet\u00e9ticos<\/a>, aqu\u00ed los medicamentos de <a href=\"https:\/\/loewentestneu.metafex.io\/es\/product-brand\/vitorgan-es\">vitOrgan<\/a> y <a href=\"https:\/\/loewentestneu.metafex.io\/es\/product-category\/labo-life-es\">Labo Life<\/a>.<br \/>\nPuedes encontrar nuestra autorizaci\u00f3n como entrada en el <a href=\"https:\/\/versandhandel.dimdi.de\/websearch\/servlet\/Gate;jsessionid=0D29D15655BE1174E9178A340E8FE6BC?accessid=dimdi_var&amp;term=3c387956690121ccc8763184f052b93f\" target=\"_blank\" rel=\"noopener\">registro de pedidos por correo<\/a>.<\/p>\n<h3>Canjear una receta o receta electr\u00f3nica:<\/h3>\n<p>\u00bfTienes receta o receta electr\u00f3nica? Env\u00edala c\u00f3modamente a trav\u00e9s de nuestra aplicaci\u00f3n <a href=\"https:\/\/e-rezept-app.de\/shop-rezept\" target=\"_blank\" rel=\"noopener\">de receta electr\u00f3nica<\/a>; tambi\u00e9n son posibles las recetas privadas para aut\u00f3nomos. R\u00e1pido, seguro y f\u00e1cil.<\/p>\n","protected":false},"excerpt":{"rendered":"<h2>Prueba de rendimiento del genoma del ADN (SP)<\/h2>\n<p>El Sensor de Rendimiento analiza genes relevantes para la nutrici\u00f3n y muestra tendencias sobre qu\u00e9 alimentos son saludables. Incluye informe de resultados impreso. Libro.<\/p>\n<p>&nbsp;<\/p>\n<p><strong>PZN<\/strong>: 08000078<\/p>\n<p><strong>Forma farmac\u00e9utica<\/strong>: Kit de prueba de saliva &#8211; incluye informe de resultados impreso. Libro.<\/p>\n<p><strong>Tipo de receta<\/strong>: sin receta<\/p>\n<p><strong>Marca<\/strong>: ProVitalDNA<\/p>\n<p><strong>Fabricante<\/strong>: ProGenom, M\u00fcnster, Alemania<\/p>\n","protected":false},"featured_media":19839,"comment_status":"closed","ping_status":"closed","template":"","meta":[],"product_brand":[],"product_cat":[116],"product_tag":[273,275,272],"class_list":{"0":"post-19829","1":"product","2":"type-product","3":"status-publish","4":"has-post-thumbnail","6":"product_cat-sin-categorizar","7":"product_tag-control-de-peso","8":"product_tag-peso-y-forma-fisica","9":"product_tag-vitaminas-y-suplementos","10":"ts_product_brand-all-es","12":"first","13":"instock","14":"taxable","15":"shipping-taxable","16":"purchasable","17":"product-type-simple"},"yoast_head":"<!-- This site is optimized with the Yoast SEO plugin v26.5 - https:\/\/yoast.com\/wordpress\/plugins\/seo\/ -->\n<title>Prueba de rendimiento del genoma del ADN (SP) &#187; Ordene aqu\u00ed<\/title>\n<meta name=\"description\" content=\"Comprobaci\u00f3n del ADN del senor de rendimiento deportivo. M\u00e1s informaci\u00f3n sobre Prueba de rendimiento del genoma del ADN (SP). Te ofrecemos: Env\u00edo r\u00e1pido y compra segura en l\u00ednea.\" \/>\n<meta name=\"robots\" content=\"noindex, follow, max-snippet:-1, max-image-preview:large, max-video-preview:-1\" \/>\n<meta property=\"og:locale\" content=\"es_ES\" \/>\n<meta property=\"og:type\" content=\"article\" \/>\n<meta property=\"og:title\" content=\"Prueba de rendimiento del genoma del ADN (SP) &#187; Ordene aqu\u00ed\" \/>\n<meta property=\"og:description\" content=\"Comprobaci\u00f3n del ADN del senor de rendimiento deportivo. M\u00e1s informaci\u00f3n sobre Prueba de rendimiento del genoma del ADN (SP). Te ofrecemos: Env\u00edo r\u00e1pido y compra segura en l\u00ednea.\" \/>\n<meta property=\"og:url\" content=\"https:\/\/loewentestneu.metafex.io\/es\/producto\/dna-genome-performance-test-sport\" \/>\n<meta property=\"og:site_name\" content=\"Lion Pharmacy\" \/>\n<meta property=\"article:modified_time\" content=\"2026-02-01T14:13:08+00:00\" \/>\n<meta property=\"og:image\" content=\"https:\/\/loewentestneu.metafex.io\/wp-content\/uploads\/2026\/01\/DNA-Genom-Performance-Saliva-Test.webp\" \/>\n\t<meta property=\"og:image:width\" content=\"600\" \/>\n\t<meta property=\"og:image:height\" content=\"600\" \/>\n\t<meta property=\"og:image:type\" content=\"image\/webp\" \/>\n<meta name=\"twitter:card\" content=\"summary_large_image\" \/>\n<meta name=\"twitter:label1\" content=\"Tiempo de lectura\" \/>\n\t<meta name=\"twitter:data1\" content=\"2 minutos\" \/>\n<script type=\"application\/ld+json\" class=\"yoast-schema-graph\">{\"@context\":\"https:\/\/schema.org\",\"@graph\":[{\"@type\":\"WebPage\",\"@id\":\"https:\/\/loewentestneu.metafex.io\/es\/producto\/dna-genome-performance-test-sport\",\"url\":\"https:\/\/loewentestneu.metafex.io\/es\/producto\/dna-genome-performance-test-sport\",\"name\":\"Prueba de rendimiento del genoma del ADN (SP) &#187; Ordene aqu\u00ed\",\"isPartOf\":{\"@id\":\"https:\/\/loewentestneu.metafex.io\/es#website\"},\"primaryImageOfPage\":{\"@id\":\"https:\/\/loewentestneu.metafex.io\/es\/producto\/dna-genome-performance-test-sport#primaryimage\"},\"image\":{\"@id\":\"https:\/\/loewentestneu.metafex.io\/es\/producto\/dna-genome-performance-test-sport#primaryimage\"},\"thumbnailUrl\":\"https:\/\/loewentestneu.metafex.io\/wp-content\/uploads\/2026\/01\/DNA-Genom-Performance-Saliva-Test.webp\",\"datePublished\":\"2026-01-26T09:06:48+00:00\",\"dateModified\":\"2026-02-01T14:13:08+00:00\",\"description\":\"Comprobaci\u00f3n del ADN del senor de rendimiento deportivo. M\u00e1s informaci\u00f3n sobre Prueba de rendimiento del genoma del ADN (SP). Te ofrecemos: Env\u00edo r\u00e1pido y compra segura en l\u00ednea.\",\"breadcrumb\":{\"@id\":\"https:\/\/loewentestneu.metafex.io\/es\/producto\/dna-genome-performance-test-sport#breadcrumb\"},\"inLanguage\":\"es\",\"potentialAction\":[{\"@type\":\"ReadAction\",\"target\":[\"https:\/\/loewentestneu.metafex.io\/es\/producto\/dna-genome-performance-test-sport\"]}]},{\"@type\":\"ImageObject\",\"inLanguage\":\"es\",\"@id\":\"https:\/\/loewentestneu.metafex.io\/es\/producto\/dna-genome-performance-test-sport#primaryimage\",\"url\":\"https:\/\/loewentestneu.metafex.io\/wp-content\/uploads\/2026\/01\/DNA-Genom-Performance-Saliva-Test.webp\",\"contentUrl\":\"https:\/\/loewentestneu.metafex.io\/wp-content\/uploads\/2026\/01\/DNA-Genom-Performance-Saliva-Test.webp\",\"width\":600,\"height\":600,\"caption\":\"Prueba de Rendimiento del Genoma ADN\"},{\"@type\":\"BreadcrumbList\",\"@id\":\"https:\/\/loewentestneu.metafex.io\/es\/producto\/dna-genome-performance-test-sport#breadcrumb\",\"itemListElement\":[{\"@type\":\"ListItem\",\"position\":1,\"name\":\"Home\",\"item\":\"https:\/\/loewentestneu.metafex.io\/es\/homepage-lion-pharmacy\"},{\"@type\":\"ListItem\",\"position\":2,\"name\":\"Shop\",\"item\":\"https:\/\/loewentestneu.metafex.io\/es\/tienda\"},{\"@type\":\"ListItem\",\"position\":3,\"name\":\"Prueba de rendimiento del genoma del ADN (SP)\"}]},{\"@type\":\"WebSite\",\"@id\":\"https:\/\/loewentestneu.metafex.io\/es#website\",\"url\":\"https:\/\/loewentestneu.metafex.io\/es\",\"name\":\"Lions Pharmacy\",\"description\":\"Farmacia especializada en naturopat\u00eda de Baden-Baden, Alemania\",\"publisher\":{\"@id\":\"https:\/\/loewentestneu.metafex.io\/es#organization\"},\"alternateName\":\"Lion Pharmacy\",\"potentialAction\":[{\"@type\":\"SearchAction\",\"target\":{\"@type\":\"EntryPoint\",\"urlTemplate\":\"https:\/\/loewentestneu.metafex.io\/es?s={search_term_string}\"},\"query-input\":{\"@type\":\"PropertyValueSpecification\",\"valueRequired\":true,\"valueName\":\"search_term_string\"}}],\"inLanguage\":\"es\"},{\"@type\":\"Organization\",\"@id\":\"https:\/\/loewentestneu.metafex.io\/es#organization\",\"name\":\"Lions Pharmacy\",\"alternateName\":\"Lions Pharmacy24\",\"url\":\"https:\/\/loewentestneu.metafex.io\/es\",\"logo\":{\"@type\":\"ImageObject\",\"inLanguage\":\"es\",\"@id\":\"https:\/\/loewentestneu.metafex.io\/es#\/schema\/logo\/image\/\",\"url\":\"https:\/\/loewentestneu.metafex.io\/wp-content\/uploads\/2022\/12\/Logo-Lion-Pharmacy-c-o-Loewen-Apotheke-smal.jpg\",\"contentUrl\":\"https:\/\/loewentestneu.metafex.io\/wp-content\/uploads\/2022\/12\/Logo-Lion-Pharmacy-c-o-Loewen-Apotheke-smal.jpg\",\"width\":298,\"height\":99,\"caption\":\"Lions Pharmacy\"},\"image\":{\"@id\":\"https:\/\/loewentestneu.metafex.io\/es#\/schema\/logo\/image\/\"}}]}<\/script>\n<!-- \/ Yoast SEO plugin. -->","yoast_head_json":{"title":"Prueba de rendimiento del genoma del ADN (SP) &#187; Ordene aqu\u00ed","description":"Comprobaci\u00f3n del ADN del senor de rendimiento deportivo. M\u00e1s informaci\u00f3n sobre Prueba de rendimiento del genoma del ADN (SP). Te ofrecemos: Env\u00edo r\u00e1pido y compra segura en l\u00ednea.","robots":{"index":"noindex","follow":"follow","max-snippet":"max-snippet:-1","max-image-preview":"max-image-preview:large","max-video-preview":"max-video-preview:-1"},"og_locale":"es_ES","og_type":"article","og_title":"Prueba de rendimiento del genoma del ADN (SP) &#187; Ordene aqu\u00ed","og_description":"Comprobaci\u00f3n del ADN del senor de rendimiento deportivo. M\u00e1s informaci\u00f3n sobre Prueba de rendimiento del genoma del ADN (SP). Te ofrecemos: Env\u00edo r\u00e1pido y compra segura en l\u00ednea.","og_url":"https:\/\/loewentestneu.metafex.io\/es\/producto\/dna-genome-performance-test-sport","og_site_name":"Lion Pharmacy","article_modified_time":"2026-02-01T14:13:08+00:00","og_image":[{"width":600,"height":600,"url":"https:\/\/loewentestneu.metafex.io\/wp-content\/uploads\/2026\/01\/DNA-Genom-Performance-Saliva-Test.webp","type":"image\/webp"}],"twitter_card":"summary_large_image","twitter_misc":{"Tiempo de lectura":"2 minutos"},"schema":{"@context":"https:\/\/schema.org","@graph":[{"@type":"WebPage","@id":"https:\/\/loewentestneu.metafex.io\/es\/producto\/dna-genome-performance-test-sport","url":"https:\/\/loewentestneu.metafex.io\/es\/producto\/dna-genome-performance-test-sport","name":"Prueba de rendimiento del genoma del ADN (SP) &#187; Ordene aqu\u00ed","isPartOf":{"@id":"https:\/\/loewentestneu.metafex.io\/es#website"},"primaryImageOfPage":{"@id":"https:\/\/loewentestneu.metafex.io\/es\/producto\/dna-genome-performance-test-sport#primaryimage"},"image":{"@id":"https:\/\/loewentestneu.metafex.io\/es\/producto\/dna-genome-performance-test-sport#primaryimage"},"thumbnailUrl":"https:\/\/loewentestneu.metafex.io\/wp-content\/uploads\/2026\/01\/DNA-Genom-Performance-Saliva-Test.webp","datePublished":"2026-01-26T09:06:48+00:00","dateModified":"2026-02-01T14:13:08+00:00","description":"Comprobaci\u00f3n del ADN del senor de rendimiento deportivo. M\u00e1s informaci\u00f3n sobre Prueba de rendimiento del genoma del ADN (SP). Te ofrecemos: Env\u00edo r\u00e1pido y compra segura en l\u00ednea.","breadcrumb":{"@id":"https:\/\/loewentestneu.metafex.io\/es\/producto\/dna-genome-performance-test-sport#breadcrumb"},"inLanguage":"es","potentialAction":[{"@type":"ReadAction","target":["https:\/\/loewentestneu.metafex.io\/es\/producto\/dna-genome-performance-test-sport"]}]},{"@type":"ImageObject","inLanguage":"es","@id":"https:\/\/loewentestneu.metafex.io\/es\/producto\/dna-genome-performance-test-sport#primaryimage","url":"https:\/\/loewentestneu.metafex.io\/wp-content\/uploads\/2026\/01\/DNA-Genom-Performance-Saliva-Test.webp","contentUrl":"https:\/\/loewentestneu.metafex.io\/wp-content\/uploads\/2026\/01\/DNA-Genom-Performance-Saliva-Test.webp","width":600,"height":600,"caption":"Prueba de Rendimiento del Genoma ADN"},{"@type":"BreadcrumbList","@id":"https:\/\/loewentestneu.metafex.io\/es\/producto\/dna-genome-performance-test-sport#breadcrumb","itemListElement":[{"@type":"ListItem","position":1,"name":"Home","item":"https:\/\/loewentestneu.metafex.io\/es\/homepage-lion-pharmacy"},{"@type":"ListItem","position":2,"name":"Shop","item":"https:\/\/loewentestneu.metafex.io\/es\/tienda"},{"@type":"ListItem","position":3,"name":"Prueba de rendimiento del genoma del ADN (SP)"}]},{"@type":"WebSite","@id":"https:\/\/loewentestneu.metafex.io\/es#website","url":"https:\/\/loewentestneu.metafex.io\/es","name":"Lions Pharmacy","description":"Farmacia especializada en naturopat\u00eda de Baden-Baden, Alemania","publisher":{"@id":"https:\/\/loewentestneu.metafex.io\/es#organization"},"alternateName":"Lion Pharmacy","potentialAction":[{"@type":"SearchAction","target":{"@type":"EntryPoint","urlTemplate":"https:\/\/loewentestneu.metafex.io\/es?s={search_term_string}"},"query-input":{"@type":"PropertyValueSpecification","valueRequired":true,"valueName":"search_term_string"}}],"inLanguage":"es"},{"@type":"Organization","@id":"https:\/\/loewentestneu.metafex.io\/es#organization","name":"Lions Pharmacy","alternateName":"Lions Pharmacy24","url":"https:\/\/loewentestneu.metafex.io\/es","logo":{"@type":"ImageObject","inLanguage":"es","@id":"https:\/\/loewentestneu.metafex.io\/es#\/schema\/logo\/image\/","url":"https:\/\/loewentestneu.metafex.io\/wp-content\/uploads\/2022\/12\/Logo-Lion-Pharmacy-c-o-Loewen-Apotheke-smal.jpg","contentUrl":"https:\/\/loewentestneu.metafex.io\/wp-content\/uploads\/2022\/12\/Logo-Lion-Pharmacy-c-o-Loewen-Apotheke-smal.jpg","width":298,"height":99,"caption":"Lions Pharmacy"},"image":{"@id":"https:\/\/loewentestneu.metafex.io\/es#\/schema\/logo\/image\/"}}]}},"_links":{"self":[{"href":"https:\/\/loewentestneu.metafex.io\/es\/wp-json\/wp\/v2\/product\/19829","targetHints":{"allow":["GET"]}}],"collection":[{"href":"https:\/\/loewentestneu.metafex.io\/es\/wp-json\/wp\/v2\/product"}],"about":[{"href":"https:\/\/loewentestneu.metafex.io\/es\/wp-json\/wp\/v2\/types\/product"}],"replies":[{"embeddable":true,"href":"https:\/\/loewentestneu.metafex.io\/es\/wp-json\/wp\/v2\/comments?post=19829"}],"wp:featuredmedia":[{"embeddable":true,"href":"https:\/\/loewentestneu.metafex.io\/es\/wp-json\/wp\/v2\/media\/19839"}],"wp:attachment":[{"href":"https:\/\/loewentestneu.metafex.io\/es\/wp-json\/wp\/v2\/media?parent=19829"}],"wp:term":[{"taxonomy":"product_brand","embeddable":true,"href":"https:\/\/loewentestneu.metafex.io\/es\/wp-json\/wp\/v2\/product_brand?post=19829"},{"taxonomy":"product_cat","embeddable":true,"href":"https:\/\/loewentestneu.metafex.io\/es\/wp-json\/wp\/v2\/product_cat?post=19829"},{"taxonomy":"product_tag","embeddable":true,"href":"https:\/\/loewentestneu.metafex.io\/es\/wp-json\/wp\/v2\/product_tag?post=19829"}],"curies":[{"name":"wp","href":"https:\/\/api.w.org\/{rel}","templated":true}]}}