{"id":20001,"date":"2026-01-29T18:24:46","date_gmt":"2026-01-29T17:24:46","guid":{"rendered":"https:\/\/lions-pharmacy.com\/?post_type=product&#038;p=20001"},"modified":"2026-01-30T06:34:32","modified_gmt":"2026-01-30T05:34:32","slug":"vitapas-c-liposomal-1000-90-pcs-17514045","status":"publish","type":"product","link":"https:\/\/loewentestneu.metafex.io\/es\/producto\/vitapas-c-liposomal-1000-90-pcs-17514045","title":{"rendered":"Vitapas C liposomal 1.000 (90 uds.)"},"content":{"rendered":"<h2>Vitapas C liposomal 1.000<\/h2>\n<p>Vitapas C liposomal 1000 es un suplemento diet\u00e9tico que contiene 1000 mg de vitamina C. La vitamina C contribuye al funcionamiento normal del sistema inmunitario y puede proteger las c\u00e9lulas del estr\u00e9s oxidativo. Esto se consigue mediante una tecnolog\u00eda liposomal especial desarrollada por Pascoe en colaboraci\u00f3n con cient\u00edficos de la Universidad de Marburgo: los liposomas se forman cuando entran en contacto con l\u00edquidos.<\/p>\n<p>La cartera de Pascoe incluye alrededor de 200 productos. Estos incluyen hierbas medicinales, preparaciones vitam\u00ednicas en dosis altas, remedios complejos homeop\u00e1ticos y suplementos diet\u00e9ticos. La variedad de medicamentos tiene en cuenta los complejos requisitos de los productos sanitarios. Nuestro \u00e9xito tambi\u00e9n nos da la raz\u00f3n a nivel internacional: nuestros productos se exportan a m\u00e1s de 30 pa\u00edses de todo el mundo, y la tendencia va en aumento.<\/p>\n<p>Otros productos para la aplicaci\u00f3n: <a href=\"https:\/\/loewentestneu.metafex.io\/es\/etiqueta-producto\/homeopatia\">Homeopat\u00eda<\/a> | <a href=\"https:\/\/loewentestneu.metafex.io\/es\/etiqueta-producto\/vitaminas-y-suplementos\">Vitaminas<\/a> | <a href=\"https:\/\/loewentestneu.metafex.io\/es\/etiqueta-producto\/infeccion-virica\">Infecciones <\/a> <\/p>\n<p>Obtenga m\u00e1s informaci\u00f3n sobre manufactorer y este producto: <a href=\"https:\/\/www.pascoe.de\/\" target=\"_blank\" rel=\"noopener\">Pascoe pharmazeutische Pr\u00e4parate GmbH<\/a> (enlace al sitio web externo)<\/p>\n<p>La informaci\u00f3n contenida en este sitio web se facilita \u00fanicamente con fines informativos. En ning\u00fan caso sustituyen al examen y tratamiento por un m\u00e9dico. Tenga en cuenta que esto significa que no se pueden hacer diagn\u00f3sticos ni iniciar terapias.<\/p>\n<p>Para conocer los riesgos y efectos secundarios, lea el prospecto y consulte a su m\u00e9dico o farmac\u00e9utico.<\/p>\n","protected":false},"excerpt":{"rendered":"<h2>Vitapas C liposomal 1.000<\/h2>\n<p>Suplemento diet\u00e9tico con 1.000 mg de vitamina C.<\/p>\n<p>&nbsp;<\/p>\n<p><strong>PZN<\/strong>: 17514045 (N\u00famero central de farmacia)<\/p>\n<p><strong>Forma farmac\u00e9utica<\/strong>: c\u00e1psulas<\/p>\n<p><strong>Tipo de receta<\/strong>: sin receta<\/p>\n<p><strong>Fabricante<\/strong>: Pascoe pharmazeutische Pr\u00e4parate GmbH<\/p>\n<p><strong>Tama\u00f1o del embalaje<\/strong>: 90 piezas.<\/p>\n","protected":false},"featured_media":20010,"comment_status":"closed","ping_status":"closed","template":"","meta":[],"product_brand":[],"product_cat":[601,125,116],"product_tag":[274,517,308,296,272],"class_list":{"0":"post-20001","1":"product","2":"type-product","3":"status-publish","4":"has-post-thumbnail","6":"product_cat-pascoe-es","7":"product_cat-sale-es","8":"product_cat-sin-categorizar","9":"product_tag-bienestar","10":"product_tag-corona-y-defensa-inmune","11":"product_tag-homeopatia","12":"product_tag-resfriado","13":"product_tag-vitaminas-y-suplementos","14":"ts_product_brand-all-es","15":"ts_product_brand-pascoe-es","17":"first","18":"instock","19":"sale","20":"taxable","21":"shipping-taxable","22":"purchasable","23":"product-type-simple"},"yoast_head":"<!-- This site is optimized with the Yoast SEO plugin v26.5 - https:\/\/yoast.com\/wordpress\/plugins\/seo\/ -->\n<title>Vitapas C liposomal 1.000 (90 uds.) &#187; Orden en Lion Pharmacy<\/title>\n<meta name=\"description\" content=\"La Farmacia de los Leones es una farmacia alemana registrada. Env\u00edo internacional r\u00e1pido con DHL. M\u00e1s informaci\u00f3n sobre Pascoe y Vitapas C liposomal 1.000 (90 uds.)\" \/>\n<meta name=\"robots\" content=\"noindex, follow, max-snippet:-1, max-image-preview:large, max-video-preview:-1\" \/>\n<meta property=\"og:locale\" content=\"es_ES\" \/>\n<meta property=\"og:type\" content=\"article\" \/>\n<meta property=\"og:title\" content=\"Vitapas C liposomal 1.000 (90 uds.) &#187; Orden en Lion Pharmacy\" \/>\n<meta property=\"og:description\" content=\"La Farmacia de los Leones es una farmacia alemana registrada. Env\u00edo internacional r\u00e1pido con DHL. M\u00e1s informaci\u00f3n sobre Pascoe y Vitapas C liposomal 1.000 (90 uds.)\" \/>\n<meta property=\"og:url\" content=\"https:\/\/loewentestneu.metafex.io\/es\/producto\/vitapas-c-liposomal-1000-90-pcs-17514045\" \/>\n<meta property=\"og:site_name\" content=\"Lion Pharmacy\" \/>\n<meta property=\"article:modified_time\" content=\"2026-01-30T05:34:32+00:00\" \/>\n<meta property=\"og:image\" content=\"https:\/\/loewentestneu.metafex.io\/wp-content\/uploads\/2026\/01\/Vitapas-liposomal-1000-vitamin-c-kapseln-von-Pascoe-PZN-03898042-Lions-Pharmacy.webp\" \/>\n\t<meta property=\"og:image:width\" content=\"600\" \/>\n\t<meta property=\"og:image:height\" content=\"600\" \/>\n\t<meta property=\"og:image:type\" content=\"image\/webp\" \/>\n<meta name=\"twitter:card\" content=\"summary_large_image\" \/>\n<meta name=\"twitter:label1\" content=\"Tiempo de lectura\" \/>\n\t<meta name=\"twitter:data1\" content=\"1 minuto\" \/>\n<script type=\"application\/ld+json\" class=\"yoast-schema-graph\">{\"@context\":\"https:\/\/schema.org\",\"@graph\":[{\"@type\":\"WebPage\",\"@id\":\"https:\/\/loewentestneu.metafex.io\/es\/producto\/vitapas-c-liposomal-1000-90-pcs-17514045\",\"url\":\"https:\/\/loewentestneu.metafex.io\/es\/producto\/vitapas-c-liposomal-1000-90-pcs-17514045\",\"name\":\"Vitapas C liposomal 1.000 (90 uds.) &#187; Orden en Lion Pharmacy\",\"isPartOf\":{\"@id\":\"https:\/\/loewentestneu.metafex.io\/es#website\"},\"primaryImageOfPage\":{\"@id\":\"https:\/\/loewentestneu.metafex.io\/es\/producto\/vitapas-c-liposomal-1000-90-pcs-17514045#primaryimage\"},\"image\":{\"@id\":\"https:\/\/loewentestneu.metafex.io\/es\/producto\/vitapas-c-liposomal-1000-90-pcs-17514045#primaryimage\"},\"thumbnailUrl\":\"https:\/\/loewentestneu.metafex.io\/wp-content\/uploads\/2026\/01\/Vitapas-liposomal-1000-vitamin-c-kapseln-von-Pascoe-PZN-03898042-Lions-Pharmacy.webp\",\"datePublished\":\"2026-01-29T17:24:46+00:00\",\"dateModified\":\"2026-01-30T05:34:32+00:00\",\"description\":\"La Farmacia de los Leones es una farmacia alemana registrada. Env\u00edo internacional r\u00e1pido con DHL. M\u00e1s informaci\u00f3n sobre Pascoe y Vitapas C liposomal 1.000 (90 uds.)\",\"breadcrumb\":{\"@id\":\"https:\/\/loewentestneu.metafex.io\/es\/producto\/vitapas-c-liposomal-1000-90-pcs-17514045#breadcrumb\"},\"inLanguage\":\"es\",\"potentialAction\":[{\"@type\":\"ReadAction\",\"target\":[\"https:\/\/loewentestneu.metafex.io\/es\/producto\/vitapas-c-liposomal-1000-90-pcs-17514045\"]}]},{\"@type\":\"ImageObject\",\"inLanguage\":\"es\",\"@id\":\"https:\/\/loewentestneu.metafex.io\/es\/producto\/vitapas-c-liposomal-1000-90-pcs-17514045#primaryimage\",\"url\":\"https:\/\/loewentestneu.metafex.io\/wp-content\/uploads\/2026\/01\/Vitapas-liposomal-1000-vitamin-c-kapseln-von-Pascoe-PZN-03898042-Lions-Pharmacy.webp\",\"contentUrl\":\"https:\/\/loewentestneu.metafex.io\/wp-content\/uploads\/2026\/01\/Vitapas-liposomal-1000-vitamin-c-kapseln-von-Pascoe-PZN-03898042-Lions-Pharmacy.webp\",\"width\":600,\"height\":600,\"caption\":\"Vitapas c liposomal 1000 vitamina c kapseln von Pascoe, PZN-03898042, Lions-Pharmacy\"},{\"@type\":\"BreadcrumbList\",\"@id\":\"https:\/\/loewentestneu.metafex.io\/es\/producto\/vitapas-c-liposomal-1000-90-pcs-17514045#breadcrumb\",\"itemListElement\":[{\"@type\":\"ListItem\",\"position\":1,\"name\":\"Home\",\"item\":\"https:\/\/loewentestneu.metafex.io\/es\/homepage-lion-pharmacy\"},{\"@type\":\"ListItem\",\"position\":2,\"name\":\"Shop\",\"item\":\"https:\/\/loewentestneu.metafex.io\/es\/tienda\"},{\"@type\":\"ListItem\",\"position\":3,\"name\":\"Vitapas C liposomal 1.000 (90 uds.)\"}]},{\"@type\":\"WebSite\",\"@id\":\"https:\/\/loewentestneu.metafex.io\/es#website\",\"url\":\"https:\/\/loewentestneu.metafex.io\/es\",\"name\":\"Lions Pharmacy\",\"description\":\"Farmacia especializada en naturopat\u00eda de Baden-Baden, Alemania\",\"publisher\":{\"@id\":\"https:\/\/loewentestneu.metafex.io\/es#organization\"},\"alternateName\":\"Lion Pharmacy\",\"potentialAction\":[{\"@type\":\"SearchAction\",\"target\":{\"@type\":\"EntryPoint\",\"urlTemplate\":\"https:\/\/loewentestneu.metafex.io\/es?s={search_term_string}\"},\"query-input\":{\"@type\":\"PropertyValueSpecification\",\"valueRequired\":true,\"valueName\":\"search_term_string\"}}],\"inLanguage\":\"es\"},{\"@type\":\"Organization\",\"@id\":\"https:\/\/loewentestneu.metafex.io\/es#organization\",\"name\":\"Lions Pharmacy\",\"alternateName\":\"Lions Pharmacy24\",\"url\":\"https:\/\/loewentestneu.metafex.io\/es\",\"logo\":{\"@type\":\"ImageObject\",\"inLanguage\":\"es\",\"@id\":\"https:\/\/loewentestneu.metafex.io\/es#\/schema\/logo\/image\/\",\"url\":\"https:\/\/loewentestneu.metafex.io\/wp-content\/uploads\/2022\/12\/Logo-Lion-Pharmacy-c-o-Loewen-Apotheke-smal.jpg\",\"contentUrl\":\"https:\/\/loewentestneu.metafex.io\/wp-content\/uploads\/2022\/12\/Logo-Lion-Pharmacy-c-o-Loewen-Apotheke-smal.jpg\",\"width\":298,\"height\":99,\"caption\":\"Lions Pharmacy\"},\"image\":{\"@id\":\"https:\/\/loewentestneu.metafex.io\/es#\/schema\/logo\/image\/\"}}]}<\/script>\n<!-- \/ Yoast SEO plugin. -->","yoast_head_json":{"title":"Vitapas C liposomal 1.000 (90 uds.) &#187; Orden en Lion Pharmacy","description":"La Farmacia de los Leones es una farmacia alemana registrada. Env\u00edo internacional r\u00e1pido con DHL. M\u00e1s informaci\u00f3n sobre Pascoe y Vitapas C liposomal 1.000 (90 uds.)","robots":{"index":"noindex","follow":"follow","max-snippet":"max-snippet:-1","max-image-preview":"max-image-preview:large","max-video-preview":"max-video-preview:-1"},"og_locale":"es_ES","og_type":"article","og_title":"Vitapas C liposomal 1.000 (90 uds.) &#187; Orden en Lion Pharmacy","og_description":"La Farmacia de los Leones es una farmacia alemana registrada. Env\u00edo internacional r\u00e1pido con DHL. M\u00e1s informaci\u00f3n sobre Pascoe y Vitapas C liposomal 1.000 (90 uds.)","og_url":"https:\/\/loewentestneu.metafex.io\/es\/producto\/vitapas-c-liposomal-1000-90-pcs-17514045","og_site_name":"Lion Pharmacy","article_modified_time":"2026-01-30T05:34:32+00:00","og_image":[{"width":600,"height":600,"url":"https:\/\/loewentestneu.metafex.io\/wp-content\/uploads\/2026\/01\/Vitapas-liposomal-1000-vitamin-c-kapseln-von-Pascoe-PZN-03898042-Lions-Pharmacy.webp","type":"image\/webp"}],"twitter_card":"summary_large_image","twitter_misc":{"Tiempo de lectura":"1 minuto"},"schema":{"@context":"https:\/\/schema.org","@graph":[{"@type":"WebPage","@id":"https:\/\/loewentestneu.metafex.io\/es\/producto\/vitapas-c-liposomal-1000-90-pcs-17514045","url":"https:\/\/loewentestneu.metafex.io\/es\/producto\/vitapas-c-liposomal-1000-90-pcs-17514045","name":"Vitapas C liposomal 1.000 (90 uds.) &#187; Orden en Lion Pharmacy","isPartOf":{"@id":"https:\/\/loewentestneu.metafex.io\/es#website"},"primaryImageOfPage":{"@id":"https:\/\/loewentestneu.metafex.io\/es\/producto\/vitapas-c-liposomal-1000-90-pcs-17514045#primaryimage"},"image":{"@id":"https:\/\/loewentestneu.metafex.io\/es\/producto\/vitapas-c-liposomal-1000-90-pcs-17514045#primaryimage"},"thumbnailUrl":"https:\/\/loewentestneu.metafex.io\/wp-content\/uploads\/2026\/01\/Vitapas-liposomal-1000-vitamin-c-kapseln-von-Pascoe-PZN-03898042-Lions-Pharmacy.webp","datePublished":"2026-01-29T17:24:46+00:00","dateModified":"2026-01-30T05:34:32+00:00","description":"La Farmacia de los Leones es una farmacia alemana registrada. Env\u00edo internacional r\u00e1pido con DHL. M\u00e1s informaci\u00f3n sobre Pascoe y Vitapas C liposomal 1.000 (90 uds.)","breadcrumb":{"@id":"https:\/\/loewentestneu.metafex.io\/es\/producto\/vitapas-c-liposomal-1000-90-pcs-17514045#breadcrumb"},"inLanguage":"es","potentialAction":[{"@type":"ReadAction","target":["https:\/\/loewentestneu.metafex.io\/es\/producto\/vitapas-c-liposomal-1000-90-pcs-17514045"]}]},{"@type":"ImageObject","inLanguage":"es","@id":"https:\/\/loewentestneu.metafex.io\/es\/producto\/vitapas-c-liposomal-1000-90-pcs-17514045#primaryimage","url":"https:\/\/loewentestneu.metafex.io\/wp-content\/uploads\/2026\/01\/Vitapas-liposomal-1000-vitamin-c-kapseln-von-Pascoe-PZN-03898042-Lions-Pharmacy.webp","contentUrl":"https:\/\/loewentestneu.metafex.io\/wp-content\/uploads\/2026\/01\/Vitapas-liposomal-1000-vitamin-c-kapseln-von-Pascoe-PZN-03898042-Lions-Pharmacy.webp","width":600,"height":600,"caption":"Vitapas c liposomal 1000 vitamina c kapseln von Pascoe, PZN-03898042, Lions-Pharmacy"},{"@type":"BreadcrumbList","@id":"https:\/\/loewentestneu.metafex.io\/es\/producto\/vitapas-c-liposomal-1000-90-pcs-17514045#breadcrumb","itemListElement":[{"@type":"ListItem","position":1,"name":"Home","item":"https:\/\/loewentestneu.metafex.io\/es\/homepage-lion-pharmacy"},{"@type":"ListItem","position":2,"name":"Shop","item":"https:\/\/loewentestneu.metafex.io\/es\/tienda"},{"@type":"ListItem","position":3,"name":"Vitapas C liposomal 1.000 (90 uds.)"}]},{"@type":"WebSite","@id":"https:\/\/loewentestneu.metafex.io\/es#website","url":"https:\/\/loewentestneu.metafex.io\/es","name":"Lions Pharmacy","description":"Farmacia especializada en naturopat\u00eda de Baden-Baden, Alemania","publisher":{"@id":"https:\/\/loewentestneu.metafex.io\/es#organization"},"alternateName":"Lion Pharmacy","potentialAction":[{"@type":"SearchAction","target":{"@type":"EntryPoint","urlTemplate":"https:\/\/loewentestneu.metafex.io\/es?s={search_term_string}"},"query-input":{"@type":"PropertyValueSpecification","valueRequired":true,"valueName":"search_term_string"}}],"inLanguage":"es"},{"@type":"Organization","@id":"https:\/\/loewentestneu.metafex.io\/es#organization","name":"Lions Pharmacy","alternateName":"Lions Pharmacy24","url":"https:\/\/loewentestneu.metafex.io\/es","logo":{"@type":"ImageObject","inLanguage":"es","@id":"https:\/\/loewentestneu.metafex.io\/es#\/schema\/logo\/image\/","url":"https:\/\/loewentestneu.metafex.io\/wp-content\/uploads\/2022\/12\/Logo-Lion-Pharmacy-c-o-Loewen-Apotheke-smal.jpg","contentUrl":"https:\/\/loewentestneu.metafex.io\/wp-content\/uploads\/2022\/12\/Logo-Lion-Pharmacy-c-o-Loewen-Apotheke-smal.jpg","width":298,"height":99,"caption":"Lions Pharmacy"},"image":{"@id":"https:\/\/loewentestneu.metafex.io\/es#\/schema\/logo\/image\/"}}]}},"_links":{"self":[{"href":"https:\/\/loewentestneu.metafex.io\/es\/wp-json\/wp\/v2\/product\/20001","targetHints":{"allow":["GET"]}}],"collection":[{"href":"https:\/\/loewentestneu.metafex.io\/es\/wp-json\/wp\/v2\/product"}],"about":[{"href":"https:\/\/loewentestneu.metafex.io\/es\/wp-json\/wp\/v2\/types\/product"}],"replies":[{"embeddable":true,"href":"https:\/\/loewentestneu.metafex.io\/es\/wp-json\/wp\/v2\/comments?post=20001"}],"wp:featuredmedia":[{"embeddable":true,"href":"https:\/\/loewentestneu.metafex.io\/es\/wp-json\/wp\/v2\/media\/20010"}],"wp:attachment":[{"href":"https:\/\/loewentestneu.metafex.io\/es\/wp-json\/wp\/v2\/media?parent=20001"}],"wp:term":[{"taxonomy":"product_brand","embeddable":true,"href":"https:\/\/loewentestneu.metafex.io\/es\/wp-json\/wp\/v2\/product_brand?post=20001"},{"taxonomy":"product_cat","embeddable":true,"href":"https:\/\/loewentestneu.metafex.io\/es\/wp-json\/wp\/v2\/product_cat?post=20001"},{"taxonomy":"product_tag","embeddable":true,"href":"https:\/\/loewentestneu.metafex.io\/es\/wp-json\/wp\/v2\/product_tag?post=20001"}],"curies":[{"name":"wp","href":"https:\/\/api.w.org\/{rel}","templated":true}]}}