{"id":20039,"date":"2026-01-30T06:57:39","date_gmt":"2026-01-30T05:57:39","guid":{"rendered":"https:\/\/lions-pharmacy.com\/?post_type=product&#038;p=20039"},"modified":"2026-01-30T08:41:41","modified_gmt":"2026-01-30T07:41:41","slug":"allergy-injektopas-10-pcs-10933129","status":"publish","type":"product","link":"https:\/\/loewentestneu.metafex.io\/es\/producto\/allergy-injektopas-10-pcs-10933129","title":{"rendered":"Alergia Injektopas (10 uds.)"},"content":{"rendered":"<h2>Alergia Injektopas<\/h2>\n<p>Alergia Injektopas es un medicamento homeop\u00e1tico para las afecciones respiratorias. Alivia la tos espasm\u00f3dica, incluida la de origen al\u00e9rgico, con \u00e1cido f\u00f3rmico.<\/p>\n<p>El Injektopas Al\u00e9rgico es una diluci\u00f3n l\u00edquida inyectable.<\/p>\n<p>Las indicaciones se derivan de los perfiles de los medicamentos homeop\u00e1ticos. Entre ellas: alivio de los s\u00edntomas de la tos espasm\u00f3dica, incluida la de origen al\u00e9rgico.<\/p>\n<p>La cartera de Pascoe incluye alrededor de 200 productos. Estos incluyen hierbas medicinales, preparaciones vitam\u00ednicas en dosis altas, remedios complejos homeop\u00e1ticos y suplementos diet\u00e9ticos. La variedad de medicamentos tiene en cuenta los complejos requisitos de los productos sanitarios. Nuestro \u00e9xito tambi\u00e9n nos da la raz\u00f3n a nivel internacional: nuestros productos se exportan a m\u00e1s de 30 pa\u00edses de todo el mundo, y la tendencia va en aumento.<\/p>\n<p>Otros productos para la aplicaci\u00f3n: <a href=\"https:\/\/loewentestneu.metafex.io\/es\/etiqueta-producto\/homeopatia\">Homeopat\u00eda<\/a> | <a href=\"https:\/\/loewentestneu.metafex.io\/es\/etiqueta-producto\/vitaminas-y-suplementos\">Vitaminas<\/a> | <a href=\"https:\/\/loewentestneu.metafex.io\/es\/etiqueta-producto\/infeccion-virica\">Infecciones <\/a> <\/p>\n<p>Obtenga m\u00e1s informaci\u00f3n sobre manufactorer y este producto: <a href=\"https:\/\/www.pascoe.de\/\" target=\"_blank\" rel=\"noopener\">Pascoe pharmazeutische Pr\u00e4parate GmbH<\/a> (enlace al sitio web externo)<\/p>\n<p>La informaci\u00f3n contenida en este sitio web se facilita \u00fanicamente con fines informativos. En ning\u00fan caso sustituyen al examen y tratamiento por un m\u00e9dico. Tenga en cuenta que esto significa que no se pueden hacer diagn\u00f3sticos ni iniciar terapias.<\/p>\n<p>Los suplementos diet\u00e9ticos no son un sustituto de una dieta equilibrada y variada y un estilo de vida saludable.<\/p>\n<p>Para conocer los riesgos y efectos secundarios, lea el prospecto y consulte a su m\u00e9dico o farmac\u00e9utico.<\/p>\n<h3>Canjea la receta o la receta electr\u00f3nica:<\/h3>\n<p>\u00bfTienes receta o receta electr\u00f3nica? Env\u00edala c\u00f3modamente a trav\u00e9s de nuestra aplicaci\u00f3n <a class=\"ProsemirrorEditor-link\" href=\"https:\/\/e-rezept-app.de\/shop-rezept\">de receta electr\u00f3nica<\/a>; tambi\u00e9n son posibles las recetas privadas para aut\u00f3nomos. R\u00e1pido, seguro y f\u00e1cil.<\/p>\n<p class=\"TypographyPresentation TypographyPresentation--medium RichText3-paragraph--withVSpacingNormal RichText3-paragraph HighlightSol HighlightSol--buildingBlock\"><strong>\u00bfTienes preguntas? \u00a1Estamos a tu disposici\u00f3n!<\/strong><\/p>\n<p class=\"TypographyPresentation TypographyPresentation--medium RichText3-paragraph--withVSpacingNormal RichText3-paragraph HighlightSol HighlightSol--buildingBlock\">Nuestra farmac\u00e9utica responsable, <strong>la Dra. Sandra Hoff<\/strong>, y su equipo estar\u00e1n encantados de asesorarte personalmente, por tel\u00e9fono o correo electr\u00f3nico. Como <strong>aut\u00e9ntica farmacia local<\/strong> y <strong>farmacia autorizada<\/strong> de <strong>venta por<\/strong> correspondencia , te ofrecemos un apoyo competente, especialmente en los \u00e1mbitos de <strong>la naturopat\u00eda<\/strong> y los <strong>complementos diet\u00e9ticos<\/strong>, aqu\u00ed los productos de Pascoe pharmazeutische Pr\u00e4parate GmbH, vitOrgan Arzneimittel y Labo Life. <a href=\"https:\/\/versandhandel.dimdi.de\/websearch\/servlet\/Gate;jsessionid=0D29D15655BE1174E9178A340E8FE6BC?accessid=dimdi_var&amp;term=3c387956690121ccc8763184f052b93f\" target=\"_blank\" rel=\"noopener\">A la inscripci\u00f3n en el registro de pedidos por correo.<\/a><\/p>\n","protected":false},"excerpt":{"rendered":"<h2>Inyectables antial\u00e9rgicos<\/h2>\n<p>Medicina homeop\u00e1tica para las enfermedades respiratorias<\/p>\n<p>&nbsp;<\/p>\n<p><strong>PZN<\/strong>: 10933129 (N\u00famero central de farmacia)<\/p>\n<p><strong>Forma de dosificaci\u00f3n<\/strong>: ampollas<\/p>\n<p><strong>Tipo de receta<\/strong>: sin receta<\/p>\n<p><strong>Fabricante<\/strong>: Pascoe pharmazeutische Pr\u00e4parate GmbH<\/p>\n<p><strong>Tama\u00f1o del envase<\/strong>: 10x 2ml<\/p>\n","protected":false},"featured_media":20044,"comment_status":"closed","ping_status":"closed","template":"","meta":[],"product_brand":[],"product_cat":[601,125,116],"product_tag":[262,274,517,263,308,272],"class_list":{"0":"post-20039","1":"product","2":"type-product","3":"status-publish","4":"has-post-thumbnail","6":"product_cat-pascoe-es","7":"product_cat-sale-es","8":"product_cat-sin-categorizar","9":"product_tag-asma-y-alergias","10":"product_tag-bienestar","11":"product_tag-corona-y-defensa-inmune","12":"product_tag-fiebre-del-heno","13":"product_tag-homeopatia","14":"product_tag-vitaminas-y-suplementos","15":"ts_product_brand-all-es","16":"ts_product_brand-pascoe-es","18":"first","19":"instock","20":"sale","21":"taxable","22":"shipping-taxable","23":"purchasable","24":"product-type-simple"},"yoast_head":"<!-- This site is optimized with the Yoast SEO plugin v26.5 - https:\/\/yoast.com\/wordpress\/plugins\/seo\/ -->\n<title>Alergia Injektopas (10 uds.) &#187; Orden en Lion Pharmacy<\/title>\n<meta name=\"description\" content=\"La Farmacia de los Leones es una farmacia alemana registrada. Env\u00edo internacional r\u00e1pido con DHL. M\u00e1s informaci\u00f3n sobre Pascoe y Alergia Injektopas (10 uds.)\" \/>\n<meta name=\"robots\" content=\"noindex, follow, max-snippet:-1, max-image-preview:large, max-video-preview:-1\" \/>\n<meta property=\"og:locale\" content=\"es_ES\" \/>\n<meta property=\"og:type\" content=\"article\" \/>\n<meta property=\"og:title\" content=\"Alergia Injektopas (10 uds.) &#187; Orden en Lion Pharmacy\" \/>\n<meta property=\"og:description\" content=\"La Farmacia de los Leones es una farmacia alemana registrada. Env\u00edo internacional r\u00e1pido con DHL. M\u00e1s informaci\u00f3n sobre Pascoe y Alergia Injektopas (10 uds.)\" \/>\n<meta property=\"og:url\" content=\"https:\/\/loewentestneu.metafex.io\/es\/producto\/allergy-injektopas-10-pcs-10933129\" \/>\n<meta property=\"og:site_name\" content=\"Lion Pharmacy\" \/>\n<meta property=\"article:modified_time\" content=\"2026-01-30T07:41:41+00:00\" \/>\n<meta property=\"og:image\" content=\"https:\/\/loewentestneu.metafex.io\/wp-content\/uploads\/2026\/01\/Allergie-Injektopas-von-Pascoe-PZN-10933129-Lions-Pharmacy.webp\" \/>\n\t<meta property=\"og:image:width\" content=\"600\" \/>\n\t<meta property=\"og:image:height\" content=\"600\" \/>\n\t<meta property=\"og:image:type\" content=\"image\/webp\" \/>\n<meta name=\"twitter:card\" content=\"summary_large_image\" \/>\n<meta name=\"twitter:label1\" content=\"Tiempo de lectura\" \/>\n\t<meta name=\"twitter:data1\" content=\"2 minutos\" \/>\n<script type=\"application\/ld+json\" class=\"yoast-schema-graph\">{\"@context\":\"https:\/\/schema.org\",\"@graph\":[{\"@type\":\"WebPage\",\"@id\":\"https:\/\/loewentestneu.metafex.io\/es\/producto\/allergy-injektopas-10-pcs-10933129\",\"url\":\"https:\/\/loewentestneu.metafex.io\/es\/producto\/allergy-injektopas-10-pcs-10933129\",\"name\":\"Alergia Injektopas (10 uds.) &#187; Orden en Lion Pharmacy\",\"isPartOf\":{\"@id\":\"https:\/\/loewentestneu.metafex.io\/es#website\"},\"primaryImageOfPage\":{\"@id\":\"https:\/\/loewentestneu.metafex.io\/es\/producto\/allergy-injektopas-10-pcs-10933129#primaryimage\"},\"image\":{\"@id\":\"https:\/\/loewentestneu.metafex.io\/es\/producto\/allergy-injektopas-10-pcs-10933129#primaryimage\"},\"thumbnailUrl\":\"https:\/\/loewentestneu.metafex.io\/wp-content\/uploads\/2026\/01\/Allergie-Injektopas-von-Pascoe-PZN-10933129-Lions-Pharmacy.webp\",\"datePublished\":\"2026-01-30T05:57:39+00:00\",\"dateModified\":\"2026-01-30T07:41:41+00:00\",\"description\":\"La Farmacia de los Leones es una farmacia alemana registrada. Env\u00edo internacional r\u00e1pido con DHL. M\u00e1s informaci\u00f3n sobre Pascoe y Alergia Injektopas (10 uds.)\",\"breadcrumb\":{\"@id\":\"https:\/\/loewentestneu.metafex.io\/es\/producto\/allergy-injektopas-10-pcs-10933129#breadcrumb\"},\"inLanguage\":\"es\",\"potentialAction\":[{\"@type\":\"ReadAction\",\"target\":[\"https:\/\/loewentestneu.metafex.io\/es\/producto\/allergy-injektopas-10-pcs-10933129\"]}]},{\"@type\":\"ImageObject\",\"inLanguage\":\"es\",\"@id\":\"https:\/\/loewentestneu.metafex.io\/es\/producto\/allergy-injektopas-10-pcs-10933129#primaryimage\",\"url\":\"https:\/\/loewentestneu.metafex.io\/wp-content\/uploads\/2026\/01\/Allergie-Injektopas-von-Pascoe-PZN-10933129-Lions-Pharmacy.webp\",\"contentUrl\":\"https:\/\/loewentestneu.metafex.io\/wp-content\/uploads\/2026\/01\/Allergie-Injektopas-von-Pascoe-PZN-10933129-Lions-Pharmacy.webp\",\"width\":600,\"height\":600,\"caption\":\"Alergia Injektopas von Pascoe, PZN-10933129, Farmacia-Leones\"},{\"@type\":\"BreadcrumbList\",\"@id\":\"https:\/\/loewentestneu.metafex.io\/es\/producto\/allergy-injektopas-10-pcs-10933129#breadcrumb\",\"itemListElement\":[{\"@type\":\"ListItem\",\"position\":1,\"name\":\"Home\",\"item\":\"https:\/\/loewentestneu.metafex.io\/es\/homepage-lion-pharmacy\"},{\"@type\":\"ListItem\",\"position\":2,\"name\":\"Shop\",\"item\":\"https:\/\/loewentestneu.metafex.io\/es\/tienda\"},{\"@type\":\"ListItem\",\"position\":3,\"name\":\"Alergia Injektopas (10 uds.)\"}]},{\"@type\":\"WebSite\",\"@id\":\"https:\/\/loewentestneu.metafex.io\/es#website\",\"url\":\"https:\/\/loewentestneu.metafex.io\/es\",\"name\":\"Lions Pharmacy\",\"description\":\"Farmacia especializada en naturopat\u00eda de Baden-Baden, Alemania\",\"publisher\":{\"@id\":\"https:\/\/loewentestneu.metafex.io\/es#organization\"},\"alternateName\":\"Lion Pharmacy\",\"potentialAction\":[{\"@type\":\"SearchAction\",\"target\":{\"@type\":\"EntryPoint\",\"urlTemplate\":\"https:\/\/loewentestneu.metafex.io\/es?s={search_term_string}\"},\"query-input\":{\"@type\":\"PropertyValueSpecification\",\"valueRequired\":true,\"valueName\":\"search_term_string\"}}],\"inLanguage\":\"es\"},{\"@type\":\"Organization\",\"@id\":\"https:\/\/loewentestneu.metafex.io\/es#organization\",\"name\":\"Lions Pharmacy\",\"alternateName\":\"Lions Pharmacy24\",\"url\":\"https:\/\/loewentestneu.metafex.io\/es\",\"logo\":{\"@type\":\"ImageObject\",\"inLanguage\":\"es\",\"@id\":\"https:\/\/loewentestneu.metafex.io\/es#\/schema\/logo\/image\/\",\"url\":\"https:\/\/loewentestneu.metafex.io\/wp-content\/uploads\/2022\/12\/Logo-Lion-Pharmacy-c-o-Loewen-Apotheke-smal.jpg\",\"contentUrl\":\"https:\/\/loewentestneu.metafex.io\/wp-content\/uploads\/2022\/12\/Logo-Lion-Pharmacy-c-o-Loewen-Apotheke-smal.jpg\",\"width\":298,\"height\":99,\"caption\":\"Lions Pharmacy\"},\"image\":{\"@id\":\"https:\/\/loewentestneu.metafex.io\/es#\/schema\/logo\/image\/\"}}]}<\/script>\n<!-- \/ Yoast SEO plugin. -->","yoast_head_json":{"title":"Alergia Injektopas (10 uds.) &#187; Orden en Lion Pharmacy","description":"La Farmacia de los Leones es una farmacia alemana registrada. Env\u00edo internacional r\u00e1pido con DHL. M\u00e1s informaci\u00f3n sobre Pascoe y Alergia Injektopas (10 uds.)","robots":{"index":"noindex","follow":"follow","max-snippet":"max-snippet:-1","max-image-preview":"max-image-preview:large","max-video-preview":"max-video-preview:-1"},"og_locale":"es_ES","og_type":"article","og_title":"Alergia Injektopas (10 uds.) &#187; Orden en Lion Pharmacy","og_description":"La Farmacia de los Leones es una farmacia alemana registrada. Env\u00edo internacional r\u00e1pido con DHL. M\u00e1s informaci\u00f3n sobre Pascoe y Alergia Injektopas (10 uds.)","og_url":"https:\/\/loewentestneu.metafex.io\/es\/producto\/allergy-injektopas-10-pcs-10933129","og_site_name":"Lion Pharmacy","article_modified_time":"2026-01-30T07:41:41+00:00","og_image":[{"width":600,"height":600,"url":"https:\/\/loewentestneu.metafex.io\/wp-content\/uploads\/2026\/01\/Allergie-Injektopas-von-Pascoe-PZN-10933129-Lions-Pharmacy.webp","type":"image\/webp"}],"twitter_card":"summary_large_image","twitter_misc":{"Tiempo de lectura":"2 minutos"},"schema":{"@context":"https:\/\/schema.org","@graph":[{"@type":"WebPage","@id":"https:\/\/loewentestneu.metafex.io\/es\/producto\/allergy-injektopas-10-pcs-10933129","url":"https:\/\/loewentestneu.metafex.io\/es\/producto\/allergy-injektopas-10-pcs-10933129","name":"Alergia Injektopas (10 uds.) &#187; Orden en Lion Pharmacy","isPartOf":{"@id":"https:\/\/loewentestneu.metafex.io\/es#website"},"primaryImageOfPage":{"@id":"https:\/\/loewentestneu.metafex.io\/es\/producto\/allergy-injektopas-10-pcs-10933129#primaryimage"},"image":{"@id":"https:\/\/loewentestneu.metafex.io\/es\/producto\/allergy-injektopas-10-pcs-10933129#primaryimage"},"thumbnailUrl":"https:\/\/loewentestneu.metafex.io\/wp-content\/uploads\/2026\/01\/Allergie-Injektopas-von-Pascoe-PZN-10933129-Lions-Pharmacy.webp","datePublished":"2026-01-30T05:57:39+00:00","dateModified":"2026-01-30T07:41:41+00:00","description":"La Farmacia de los Leones es una farmacia alemana registrada. Env\u00edo internacional r\u00e1pido con DHL. M\u00e1s informaci\u00f3n sobre Pascoe y Alergia Injektopas (10 uds.)","breadcrumb":{"@id":"https:\/\/loewentestneu.metafex.io\/es\/producto\/allergy-injektopas-10-pcs-10933129#breadcrumb"},"inLanguage":"es","potentialAction":[{"@type":"ReadAction","target":["https:\/\/loewentestneu.metafex.io\/es\/producto\/allergy-injektopas-10-pcs-10933129"]}]},{"@type":"ImageObject","inLanguage":"es","@id":"https:\/\/loewentestneu.metafex.io\/es\/producto\/allergy-injektopas-10-pcs-10933129#primaryimage","url":"https:\/\/loewentestneu.metafex.io\/wp-content\/uploads\/2026\/01\/Allergie-Injektopas-von-Pascoe-PZN-10933129-Lions-Pharmacy.webp","contentUrl":"https:\/\/loewentestneu.metafex.io\/wp-content\/uploads\/2026\/01\/Allergie-Injektopas-von-Pascoe-PZN-10933129-Lions-Pharmacy.webp","width":600,"height":600,"caption":"Alergia Injektopas von Pascoe, PZN-10933129, Farmacia-Leones"},{"@type":"BreadcrumbList","@id":"https:\/\/loewentestneu.metafex.io\/es\/producto\/allergy-injektopas-10-pcs-10933129#breadcrumb","itemListElement":[{"@type":"ListItem","position":1,"name":"Home","item":"https:\/\/loewentestneu.metafex.io\/es\/homepage-lion-pharmacy"},{"@type":"ListItem","position":2,"name":"Shop","item":"https:\/\/loewentestneu.metafex.io\/es\/tienda"},{"@type":"ListItem","position":3,"name":"Alergia Injektopas (10 uds.)"}]},{"@type":"WebSite","@id":"https:\/\/loewentestneu.metafex.io\/es#website","url":"https:\/\/loewentestneu.metafex.io\/es","name":"Lions Pharmacy","description":"Farmacia especializada en naturopat\u00eda de Baden-Baden, Alemania","publisher":{"@id":"https:\/\/loewentestneu.metafex.io\/es#organization"},"alternateName":"Lion Pharmacy","potentialAction":[{"@type":"SearchAction","target":{"@type":"EntryPoint","urlTemplate":"https:\/\/loewentestneu.metafex.io\/es?s={search_term_string}"},"query-input":{"@type":"PropertyValueSpecification","valueRequired":true,"valueName":"search_term_string"}}],"inLanguage":"es"},{"@type":"Organization","@id":"https:\/\/loewentestneu.metafex.io\/es#organization","name":"Lions Pharmacy","alternateName":"Lions Pharmacy24","url":"https:\/\/loewentestneu.metafex.io\/es","logo":{"@type":"ImageObject","inLanguage":"es","@id":"https:\/\/loewentestneu.metafex.io\/es#\/schema\/logo\/image\/","url":"https:\/\/loewentestneu.metafex.io\/wp-content\/uploads\/2022\/12\/Logo-Lion-Pharmacy-c-o-Loewen-Apotheke-smal.jpg","contentUrl":"https:\/\/loewentestneu.metafex.io\/wp-content\/uploads\/2022\/12\/Logo-Lion-Pharmacy-c-o-Loewen-Apotheke-smal.jpg","width":298,"height":99,"caption":"Lions Pharmacy"},"image":{"@id":"https:\/\/loewentestneu.metafex.io\/es#\/schema\/logo\/image\/"}}]}},"_links":{"self":[{"href":"https:\/\/loewentestneu.metafex.io\/es\/wp-json\/wp\/v2\/product\/20039","targetHints":{"allow":["GET"]}}],"collection":[{"href":"https:\/\/loewentestneu.metafex.io\/es\/wp-json\/wp\/v2\/product"}],"about":[{"href":"https:\/\/loewentestneu.metafex.io\/es\/wp-json\/wp\/v2\/types\/product"}],"replies":[{"embeddable":true,"href":"https:\/\/loewentestneu.metafex.io\/es\/wp-json\/wp\/v2\/comments?post=20039"}],"wp:featuredmedia":[{"embeddable":true,"href":"https:\/\/loewentestneu.metafex.io\/es\/wp-json\/wp\/v2\/media\/20044"}],"wp:attachment":[{"href":"https:\/\/loewentestneu.metafex.io\/es\/wp-json\/wp\/v2\/media?parent=20039"}],"wp:term":[{"taxonomy":"product_brand","embeddable":true,"href":"https:\/\/loewentestneu.metafex.io\/es\/wp-json\/wp\/v2\/product_brand?post=20039"},{"taxonomy":"product_cat","embeddable":true,"href":"https:\/\/loewentestneu.metafex.io\/es\/wp-json\/wp\/v2\/product_cat?post=20039"},{"taxonomy":"product_tag","embeddable":true,"href":"https:\/\/loewentestneu.metafex.io\/es\/wp-json\/wp\/v2\/product_tag?post=20039"}],"curies":[{"name":"wp","href":"https:\/\/api.w.org\/{rel}","templated":true}]}}