{"id":2362,"date":"2023-09-18T16:20:23","date_gmt":"2023-09-18T15:20:23","guid":{"rendered":"https:\/\/lions-pharmacy.com\/?post_type=product&#038;p=2362"},"modified":"2025-01-24T20:35:29","modified_gmt":"2025-01-24T19:35:29","slug":"zeel-comp-n-tablets-250-pcs-02464175","status":"publish","type":"product","link":"https:\/\/loewentestneu.metafex.io\/es\/producto\/zeel-comp-n-tablets-250-pcs-02464175","title":{"rendered":"Zeel comp N tabletas 250 uds."},"content":{"rendered":"<h3>Zeel comp N comprimidos<\/h3>\n<p>Zeel comp N tabletas: Medicina homeop\u00e1tica para las quejas reum\u00e1ticas de las articulaciones. Medicina homeop\u00e1tica para enfermedades del sistema musculoesquel\u00e9tico.<br \/>\nLas indicaciones de uso se derivan de las im\u00e1genes de medicamentos homeop\u00e1ticos. Estos incluyen: Quejas reum\u00e1ticas de las articulaciones.<\/p>\n<p>Como parte de nuestro enfoque terap\u00e9utico centrado en el paciente, los medicamentos Heel se centran en la capacidad del cuerpo para autorregularse. Apoyan la activaci\u00f3n de los propios mecanismos del cuerpo para promover la recuperaci\u00f3n, en lugar de simplemente suprimir los s\u00edntomas de la enfermedad. Los medicamentos para el tal\u00f3n basados en ingredientes activos naturales estimulan y fortalecen este proceso, y los pacientes se benefician del enfoque terap\u00e9utico seguro y sostenible.<\/p>\n<p>Otros productos para la aplicaci\u00f3n: infecciones | <a href=\"https:\/\/loewentestneu.metafex.io\/product-tag\/vitamins-supplements\">Productos de vitaminas y suplementos<\/a><br \/>\nObtenga m\u00e1s informaci\u00f3n sobre manufactorer y este <a href=\"https:\/\/www.heel.de\/de\/zeel-comp-n.html\" target=\"_blank\" rel=\"noopener\">producto Zeel comp N tabletas<\/a> : o visite la p\u00e1gina de manufactorer: <a href=\"https:\/\/www.heel.de\/de\/produktsuche.html\" target=\"_blank\" rel=\"noopener\">Biologische <\/a><a href=\"https:\/\/www.heel.de\/de\/produktsuche.html\">Heilmittel Heel<\/a> <a href=\"https:\/\/www.heel.de\/de\/produktsuche.html\" target=\"_blank\" rel=\"noopener\">GmbH<\/a><\/p>\n<p>La informaci\u00f3n contenida en este sitio web se facilita \u00fanicamente con fines informativos. En ning\u00fan caso sustituyen al examen y tratamiento por un m\u00e9dico. Tenga en cuenta que esto significa que no se pueden hacer diagn\u00f3sticos ni iniciar terapias.<\/p>\n<p>Para conocer los riesgos y efectos secundarios, lea el prospecto y consulte a su m\u00e9dico o farmac\u00e9utico.<\/p>\n","protected":false},"excerpt":{"rendered":"<h2>Zeel comp N tabletas 250 uds.<\/h2>\n<p>Medicina homeop\u00e1tica para las afecciones articulares reum\u00e1ticas.<\/p>\n<p>&nbsp;<\/p>\n<p>PZN: 02464175 (N\u00famero Central Farmac\u00e9utico)<\/p>\n<p>Forma de la dosis: tabletas<\/p>\n<p>Tipo de prescripci\u00f3n: sin receta<\/p>\n<p>Marca: Zeel<\/p>\n<p>Fabricante: Biologische Heilmittel Heel GmbH<\/p>\n<p>Tama\u00f1o del embalaje: 250 piezas.<\/p>\n","protected":false},"featured_media":2366,"comment_status":"closed","ping_status":"closed","template":"","meta":[],"product_brand":[],"product_cat":[348,116],"product_tag":[],"class_list":{"0":"post-2362","1":"product","2":"type-product","3":"status-publish","4":"has-post-thumbnail","6":"product_cat-talon-es","7":"product_cat-sin-categorizar","8":"product_shipping_class-estandar","9":"ts_product_brand-all-es","10":"ts_product_brand-heel-es","12":"first","13":"instock","14":"sale","15":"taxable","16":"shipping-taxable","17":"purchasable","18":"product-type-simple"},"yoast_head":"<!-- This site is optimized with the Yoast SEO plugin v26.5 - https:\/\/yoast.com\/wordpress\/plugins\/seo\/ -->\n<title>Zeel comp N tabletas 250 uds. &#187; Lion Pharmacy &#187; ordene aqu\u00ed<\/title>\n<meta name=\"description\" content=\"Farmacia en l\u00ednea alemana registrada. Env\u00edo internacional r\u00e1pido y compras seguras en l\u00ednea. Medicamentos para el tal\u00f3n: Zeel comp N tabletas 250 uds. &gt; ordene directamente aqu\u00ed\" \/>\n<meta name=\"robots\" content=\"noindex, follow, max-snippet:-1, max-image-preview:large, max-video-preview:-1\" \/>\n<meta property=\"og:locale\" content=\"es_ES\" \/>\n<meta property=\"og:type\" content=\"article\" \/>\n<meta property=\"og:title\" content=\"Zeel comp N tabletas 250 uds. &#187; Lion Pharmacy &#187; ordene aqu\u00ed\" \/>\n<meta property=\"og:description\" content=\"Farmacia en l\u00ednea alemana registrada. Env\u00edo internacional r\u00e1pido y compras seguras en l\u00ednea. Medicamentos para el tal\u00f3n: Zeel comp N tabletas 250 uds. &gt; ordene directamente aqu\u00ed\" \/>\n<meta property=\"og:url\" content=\"https:\/\/loewentestneu.metafex.io\/es\/producto\/zeel-comp-n-tablets-250-pcs-02464175\" \/>\n<meta property=\"og:site_name\" content=\"Lion Pharmacy\" \/>\n<meta property=\"article:modified_time\" content=\"2025-01-24T19:35:29+00:00\" \/>\n<meta property=\"og:image\" content=\"https:\/\/loewentestneu.metafex.io\/wp-content\/uploads\/2023\/09\/Zeel-comp.-N-tablets-Heel-Lions-Pharmacy-loewen-apotheke24.webp\" \/>\n\t<meta property=\"og:image:width\" content=\"600\" \/>\n\t<meta property=\"og:image:height\" content=\"600\" \/>\n\t<meta property=\"og:image:type\" content=\"image\/webp\" \/>\n<meta name=\"twitter:card\" content=\"summary_large_image\" \/>\n<meta name=\"twitter:label1\" content=\"Tiempo de lectura\" \/>\n\t<meta name=\"twitter:data1\" content=\"1 minuto\" \/>\n<script type=\"application\/ld+json\" class=\"yoast-schema-graph\">{\"@context\":\"https:\/\/schema.org\",\"@graph\":[{\"@type\":\"WebPage\",\"@id\":\"https:\/\/loewentestneu.metafex.io\/es\/producto\/zeel-comp-n-tablets-250-pcs-02464175\",\"url\":\"https:\/\/loewentestneu.metafex.io\/es\/producto\/zeel-comp-n-tablets-250-pcs-02464175\",\"name\":\"Zeel comp N tabletas 250 uds. &#187; Lion Pharmacy &#187; ordene aqu\u00ed\",\"isPartOf\":{\"@id\":\"https:\/\/loewentestneu.metafex.io\/es#website\"},\"primaryImageOfPage\":{\"@id\":\"https:\/\/loewentestneu.metafex.io\/es\/producto\/zeel-comp-n-tablets-250-pcs-02464175#primaryimage\"},\"image\":{\"@id\":\"https:\/\/loewentestneu.metafex.io\/es\/producto\/zeel-comp-n-tablets-250-pcs-02464175#primaryimage\"},\"thumbnailUrl\":\"https:\/\/loewentestneu.metafex.io\/wp-content\/uploads\/2023\/09\/Zeel-comp.-N-tablets-Heel-Lions-Pharmacy-loewen-apotheke24.webp\",\"datePublished\":\"2023-09-18T15:20:23+00:00\",\"dateModified\":\"2025-01-24T19:35:29+00:00\",\"description\":\"Farmacia en l\u00ednea alemana registrada. Env\u00edo internacional r\u00e1pido y compras seguras en l\u00ednea. Medicamentos para el tal\u00f3n: Zeel comp N tabletas 250 uds. > ordene directamente aqu\u00ed\",\"breadcrumb\":{\"@id\":\"https:\/\/loewentestneu.metafex.io\/es\/producto\/zeel-comp-n-tablets-250-pcs-02464175#breadcrumb\"},\"inLanguage\":\"es\",\"potentialAction\":[{\"@type\":\"ReadAction\",\"target\":[\"https:\/\/loewentestneu.metafex.io\/es\/producto\/zeel-comp-n-tablets-250-pcs-02464175\"]}]},{\"@type\":\"ImageObject\",\"inLanguage\":\"es\",\"@id\":\"https:\/\/loewentestneu.metafex.io\/es\/producto\/zeel-comp-n-tablets-250-pcs-02464175#primaryimage\",\"url\":\"https:\/\/loewentestneu.metafex.io\/wp-content\/uploads\/2023\/09\/Zeel-comp.-N-tablets-Heel-Lions-Pharmacy-loewen-apotheke24.webp\",\"contentUrl\":\"https:\/\/loewentestneu.metafex.io\/wp-content\/uploads\/2023\/09\/Zeel-comp.-N-tablets-Heel-Lions-Pharmacy-loewen-apotheke24.webp\",\"width\":600,\"height\":600,\"caption\":\"Zeel comp. N comprimidos Heel Lions Farmacia loewen-apotheke24\"},{\"@type\":\"BreadcrumbList\",\"@id\":\"https:\/\/loewentestneu.metafex.io\/es\/producto\/zeel-comp-n-tablets-250-pcs-02464175#breadcrumb\",\"itemListElement\":[{\"@type\":\"ListItem\",\"position\":1,\"name\":\"Home\",\"item\":\"https:\/\/loewentestneu.metafex.io\/es\/homepage-lion-pharmacy\"},{\"@type\":\"ListItem\",\"position\":2,\"name\":\"Shop\",\"item\":\"https:\/\/loewentestneu.metafex.io\/es\/tienda\"},{\"@type\":\"ListItem\",\"position\":3,\"name\":\"Zeel comp N tabletas 250 uds.\"}]},{\"@type\":\"WebSite\",\"@id\":\"https:\/\/loewentestneu.metafex.io\/es#website\",\"url\":\"https:\/\/loewentestneu.metafex.io\/es\",\"name\":\"Lions Pharmacy\",\"description\":\"Farmacia especializada en naturopat\u00eda de Baden-Baden, Alemania\",\"publisher\":{\"@id\":\"https:\/\/loewentestneu.metafex.io\/es#organization\"},\"alternateName\":\"Lion Pharmacy\",\"potentialAction\":[{\"@type\":\"SearchAction\",\"target\":{\"@type\":\"EntryPoint\",\"urlTemplate\":\"https:\/\/loewentestneu.metafex.io\/es?s={search_term_string}\"},\"query-input\":{\"@type\":\"PropertyValueSpecification\",\"valueRequired\":true,\"valueName\":\"search_term_string\"}}],\"inLanguage\":\"es\"},{\"@type\":\"Organization\",\"@id\":\"https:\/\/loewentestneu.metafex.io\/es#organization\",\"name\":\"Lions Pharmacy\",\"alternateName\":\"Lions Pharmacy24\",\"url\":\"https:\/\/loewentestneu.metafex.io\/es\",\"logo\":{\"@type\":\"ImageObject\",\"inLanguage\":\"es\",\"@id\":\"https:\/\/loewentestneu.metafex.io\/es#\/schema\/logo\/image\/\",\"url\":\"https:\/\/loewentestneu.metafex.io\/wp-content\/uploads\/2022\/12\/Logo-Lion-Pharmacy-c-o-Loewen-Apotheke-smal.jpg\",\"contentUrl\":\"https:\/\/loewentestneu.metafex.io\/wp-content\/uploads\/2022\/12\/Logo-Lion-Pharmacy-c-o-Loewen-Apotheke-smal.jpg\",\"width\":298,\"height\":99,\"caption\":\"Lions Pharmacy\"},\"image\":{\"@id\":\"https:\/\/loewentestneu.metafex.io\/es#\/schema\/logo\/image\/\"}}]}<\/script>\n<!-- \/ Yoast SEO plugin. -->","yoast_head_json":{"title":"Zeel comp N tabletas 250 uds. &#187; Lion Pharmacy &#187; ordene aqu\u00ed","description":"Farmacia en l\u00ednea alemana registrada. Env\u00edo internacional r\u00e1pido y compras seguras en l\u00ednea. Medicamentos para el tal\u00f3n: Zeel comp N tabletas 250 uds. > ordene directamente aqu\u00ed","robots":{"index":"noindex","follow":"follow","max-snippet":"max-snippet:-1","max-image-preview":"max-image-preview:large","max-video-preview":"max-video-preview:-1"},"og_locale":"es_ES","og_type":"article","og_title":"Zeel comp N tabletas 250 uds. &#187; Lion Pharmacy &#187; ordene aqu\u00ed","og_description":"Farmacia en l\u00ednea alemana registrada. Env\u00edo internacional r\u00e1pido y compras seguras en l\u00ednea. Medicamentos para el tal\u00f3n: Zeel comp N tabletas 250 uds. > ordene directamente aqu\u00ed","og_url":"https:\/\/loewentestneu.metafex.io\/es\/producto\/zeel-comp-n-tablets-250-pcs-02464175","og_site_name":"Lion Pharmacy","article_modified_time":"2025-01-24T19:35:29+00:00","og_image":[{"width":600,"height":600,"url":"https:\/\/loewentestneu.metafex.io\/wp-content\/uploads\/2023\/09\/Zeel-comp.-N-tablets-Heel-Lions-Pharmacy-loewen-apotheke24.webp","type":"image\/webp"}],"twitter_card":"summary_large_image","twitter_misc":{"Tiempo de lectura":"1 minuto"},"schema":{"@context":"https:\/\/schema.org","@graph":[{"@type":"WebPage","@id":"https:\/\/loewentestneu.metafex.io\/es\/producto\/zeel-comp-n-tablets-250-pcs-02464175","url":"https:\/\/loewentestneu.metafex.io\/es\/producto\/zeel-comp-n-tablets-250-pcs-02464175","name":"Zeel comp N tabletas 250 uds. &#187; Lion Pharmacy &#187; ordene aqu\u00ed","isPartOf":{"@id":"https:\/\/loewentestneu.metafex.io\/es#website"},"primaryImageOfPage":{"@id":"https:\/\/loewentestneu.metafex.io\/es\/producto\/zeel-comp-n-tablets-250-pcs-02464175#primaryimage"},"image":{"@id":"https:\/\/loewentestneu.metafex.io\/es\/producto\/zeel-comp-n-tablets-250-pcs-02464175#primaryimage"},"thumbnailUrl":"https:\/\/loewentestneu.metafex.io\/wp-content\/uploads\/2023\/09\/Zeel-comp.-N-tablets-Heel-Lions-Pharmacy-loewen-apotheke24.webp","datePublished":"2023-09-18T15:20:23+00:00","dateModified":"2025-01-24T19:35:29+00:00","description":"Farmacia en l\u00ednea alemana registrada. Env\u00edo internacional r\u00e1pido y compras seguras en l\u00ednea. Medicamentos para el tal\u00f3n: Zeel comp N tabletas 250 uds. > ordene directamente aqu\u00ed","breadcrumb":{"@id":"https:\/\/loewentestneu.metafex.io\/es\/producto\/zeel-comp-n-tablets-250-pcs-02464175#breadcrumb"},"inLanguage":"es","potentialAction":[{"@type":"ReadAction","target":["https:\/\/loewentestneu.metafex.io\/es\/producto\/zeel-comp-n-tablets-250-pcs-02464175"]}]},{"@type":"ImageObject","inLanguage":"es","@id":"https:\/\/loewentestneu.metafex.io\/es\/producto\/zeel-comp-n-tablets-250-pcs-02464175#primaryimage","url":"https:\/\/loewentestneu.metafex.io\/wp-content\/uploads\/2023\/09\/Zeel-comp.-N-tablets-Heel-Lions-Pharmacy-loewen-apotheke24.webp","contentUrl":"https:\/\/loewentestneu.metafex.io\/wp-content\/uploads\/2023\/09\/Zeel-comp.-N-tablets-Heel-Lions-Pharmacy-loewen-apotheke24.webp","width":600,"height":600,"caption":"Zeel comp. N comprimidos Heel Lions Farmacia loewen-apotheke24"},{"@type":"BreadcrumbList","@id":"https:\/\/loewentestneu.metafex.io\/es\/producto\/zeel-comp-n-tablets-250-pcs-02464175#breadcrumb","itemListElement":[{"@type":"ListItem","position":1,"name":"Home","item":"https:\/\/loewentestneu.metafex.io\/es\/homepage-lion-pharmacy"},{"@type":"ListItem","position":2,"name":"Shop","item":"https:\/\/loewentestneu.metafex.io\/es\/tienda"},{"@type":"ListItem","position":3,"name":"Zeel comp N tabletas 250 uds."}]},{"@type":"WebSite","@id":"https:\/\/loewentestneu.metafex.io\/es#website","url":"https:\/\/loewentestneu.metafex.io\/es","name":"Lions Pharmacy","description":"Farmacia especializada en naturopat\u00eda de Baden-Baden, Alemania","publisher":{"@id":"https:\/\/loewentestneu.metafex.io\/es#organization"},"alternateName":"Lion Pharmacy","potentialAction":[{"@type":"SearchAction","target":{"@type":"EntryPoint","urlTemplate":"https:\/\/loewentestneu.metafex.io\/es?s={search_term_string}"},"query-input":{"@type":"PropertyValueSpecification","valueRequired":true,"valueName":"search_term_string"}}],"inLanguage":"es"},{"@type":"Organization","@id":"https:\/\/loewentestneu.metafex.io\/es#organization","name":"Lions Pharmacy","alternateName":"Lions Pharmacy24","url":"https:\/\/loewentestneu.metafex.io\/es","logo":{"@type":"ImageObject","inLanguage":"es","@id":"https:\/\/loewentestneu.metafex.io\/es#\/schema\/logo\/image\/","url":"https:\/\/loewentestneu.metafex.io\/wp-content\/uploads\/2022\/12\/Logo-Lion-Pharmacy-c-o-Loewen-Apotheke-smal.jpg","contentUrl":"https:\/\/loewentestneu.metafex.io\/wp-content\/uploads\/2022\/12\/Logo-Lion-Pharmacy-c-o-Loewen-Apotheke-smal.jpg","width":298,"height":99,"caption":"Lions Pharmacy"},"image":{"@id":"https:\/\/loewentestneu.metafex.io\/es#\/schema\/logo\/image\/"}}]}},"_links":{"self":[{"href":"https:\/\/loewentestneu.metafex.io\/es\/wp-json\/wp\/v2\/product\/2362","targetHints":{"allow":["GET"]}}],"collection":[{"href":"https:\/\/loewentestneu.metafex.io\/es\/wp-json\/wp\/v2\/product"}],"about":[{"href":"https:\/\/loewentestneu.metafex.io\/es\/wp-json\/wp\/v2\/types\/product"}],"replies":[{"embeddable":true,"href":"https:\/\/loewentestneu.metafex.io\/es\/wp-json\/wp\/v2\/comments?post=2362"}],"wp:featuredmedia":[{"embeddable":true,"href":"https:\/\/loewentestneu.metafex.io\/es\/wp-json\/wp\/v2\/media\/2366"}],"wp:attachment":[{"href":"https:\/\/loewentestneu.metafex.io\/es\/wp-json\/wp\/v2\/media?parent=2362"}],"wp:term":[{"taxonomy":"product_brand","embeddable":true,"href":"https:\/\/loewentestneu.metafex.io\/es\/wp-json\/wp\/v2\/product_brand?post=2362"},{"taxonomy":"product_cat","embeddable":true,"href":"https:\/\/loewentestneu.metafex.io\/es\/wp-json\/wp\/v2\/product_cat?post=2362"},{"taxonomy":"product_tag","embeddable":true,"href":"https:\/\/loewentestneu.metafex.io\/es\/wp-json\/wp\/v2\/product_tag?post=2362"}],"curies":[{"name":"wp","href":"https:\/\/api.w.org\/{rel}","templated":true}]}}