{"id":2992,"date":"2024-01-16T22:58:40","date_gmt":"2024-01-16T21:58:40","guid":{"rendered":"https:\/\/lions-pharmacy.com\/?post_type=product&#038;p=2992"},"modified":"2025-01-25T13:14:48","modified_gmt":"2025-01-25T12:14:48","slug":"somcupin-spag-peka-n-drops-03822234","status":"publish","type":"product","link":"https:\/\/loewentestneu.metafex.io\/es\/producto\/somcupin-spag-peka-n-drops-03822234","title":{"rendered":"Somcupin spag. Peka N gotas 100ml"},"content":{"rendered":"<h3>Somcupin spag. Gotas de Peka N<\/h3>\n<p>Somcupin spag. Peka N gotas: medicamento homeop\u00e1tico registrado, por lo tanto, sin indicaci\u00f3n terap\u00e9utica. Si los s\u00edntomas persisten durante el uso, consulte a un m\u00e9dico.<\/p>\n<p>PEKANA Naturheilmittel GmbH impone las m\u00e1s altas exigencias a sus productos, tanto en la selecci\u00f3n como en el procesamiento de materias primas. Productos de alta calidad sobre una base natural: en eso nos especializamos.<\/p>\n<p>\u2013 Estricta selecci\u00f3n de materias primas<\/p>\n<p>\u2013 M\u00e9todos de producci\u00f3n suaves y naturales<\/p>\n<p>\u2013 Renuncia completa a los ingredientes animales<\/p>\n<p>\u2013 Combinaci\u00f3n natural y equilibrada de las sustancias vegetales individuales<\/p>\n<p>Otros productos para la aplicaci\u00f3n: <a href=\"https:\/\/loewentestneu.metafex.io\/product-tag\/vitamins-supplements\">Vitaminas y suplementos Productos<\/a><br \/>\nObtenga m\u00e1s informaci\u00f3n sobre manufactorer y este producto: <a href=\"https:\/\/www.pekana.com\/en-EN\/\" target=\"_blank\" rel=\"noopener\">PEKANA Naturheilmittel GmbH<\/a> (enlace al sitio web externo)<\/p>\n<p>La informaci\u00f3n contenida en este sitio web se facilita \u00fanicamente con fines informativos. En ning\u00fan caso sustituyen al examen y tratamiento por un m\u00e9dico. Tenga en cuenta que esto significa que no se pueden hacer diagn\u00f3sticos ni iniciar terapias.<\/p>\n<p>Para conocer los riesgos y efectos secundarios, lea el prospecto y consulte a su m\u00e9dico o farmac\u00e9utico.<\/p>\n","protected":false},"excerpt":{"rendered":"<h2>Somcupin spag. Gotas de Peka N<\/h2>\n<p>medicamento homeop\u00e1tico registrado.<\/p>\n<p>&nbsp;<\/p>\n<p>PZN: 03822234 (N\u00famero de la Central Farmac\u00e9utica)<\/p>\n<p>Forma de la dosis: gotas<\/p>\n<p>Tipo de prescripci\u00f3n: sin receta<\/p>\n<p>Marca: Peka<\/p>\n<p>Fabricante: PEKANA Naturheilmittel GmbH<\/p>\n<p>Tama\u00f1o del embalaje: 100ml<\/p>\n","protected":false},"featured_media":2998,"comment_status":"closed","ping_status":"closed","template":"","meta":[],"product_brand":[],"product_cat":[344,125,116],"product_tag":[311],"class_list":{"0":"post-2992","1":"product","2":"type-product","3":"status-publish","4":"has-post-thumbnail","6":"product_cat-pekana-es","7":"product_cat-sale-es","8":"product_cat-sin-categorizar","9":"product_tag-venta-mensual","10":"ts_product_brand-all-es","11":"ts_product_brand-pekana-es","13":"first","14":"instock","15":"sale","16":"taxable","17":"shipping-taxable","18":"purchasable","19":"product-type-simple"},"yoast_head":"<!-- This site is optimized with the Yoast SEO plugin v26.5 - https:\/\/yoast.com\/wordpress\/plugins\/seo\/ -->\n<title>Somcupin spag. Peka N gotas 100ml &#187; Lion Pharmacy &#187; cuidado de la piel<\/title>\n<meta name=\"description\" content=\"Farmacia en l\u00ednea alemana registrada. Env\u00edo internacional r\u00e1pido y compras seguras en l\u00ednea. Medicamentos Pekana: Somcupin spag. Peka N gotas 100ml &gt; ordene aqu\u00ed\" \/>\n<meta name=\"robots\" content=\"noindex, follow, max-snippet:-1, max-image-preview:large, max-video-preview:-1\" \/>\n<meta property=\"og:locale\" content=\"es_ES\" \/>\n<meta property=\"og:type\" content=\"article\" \/>\n<meta property=\"og:title\" content=\"Somcupin spag. Peka N gotas 100ml &#187; Lion Pharmacy &#187; cuidado de la piel\" \/>\n<meta property=\"og:description\" content=\"Farmacia en l\u00ednea alemana registrada. Env\u00edo internacional r\u00e1pido y compras seguras en l\u00ednea. Medicamentos Pekana: Somcupin spag. Peka N gotas 100ml &gt; ordene aqu\u00ed\" \/>\n<meta property=\"og:url\" content=\"https:\/\/loewentestneu.metafex.io\/es\/producto\/somcupin-spag-peka-n-drops-03822234\" \/>\n<meta property=\"og:site_name\" content=\"Lion Pharmacy\" \/>\n<meta property=\"article:modified_time\" content=\"2025-01-25T12:14:48+00:00\" \/>\n<meta property=\"og:image\" content=\"https:\/\/loewentestneu.metafex.io\/wp-content\/uploads\/2024\/01\/Somcupin-spag.-Peka-N-Tropfen-100ml.png\" \/>\n\t<meta property=\"og:image:width\" content=\"600\" \/>\n\t<meta property=\"og:image:height\" content=\"600\" \/>\n\t<meta property=\"og:image:type\" content=\"image\/png\" \/>\n<meta name=\"twitter:card\" content=\"summary_large_image\" \/>\n<meta name=\"twitter:label1\" content=\"Tiempo de lectura\" \/>\n\t<meta name=\"twitter:data1\" content=\"1 minuto\" \/>\n<script type=\"application\/ld+json\" class=\"yoast-schema-graph\">{\"@context\":\"https:\/\/schema.org\",\"@graph\":[{\"@type\":\"WebPage\",\"@id\":\"https:\/\/loewentestneu.metafex.io\/es\/producto\/somcupin-spag-peka-n-drops-03822234\",\"url\":\"https:\/\/loewentestneu.metafex.io\/es\/producto\/somcupin-spag-peka-n-drops-03822234\",\"name\":\"Somcupin spag. Peka N gotas 100ml &#187; Lion Pharmacy &#187; cuidado de la piel\",\"isPartOf\":{\"@id\":\"https:\/\/loewentestneu.metafex.io\/es#website\"},\"primaryImageOfPage\":{\"@id\":\"https:\/\/loewentestneu.metafex.io\/es\/producto\/somcupin-spag-peka-n-drops-03822234#primaryimage\"},\"image\":{\"@id\":\"https:\/\/loewentestneu.metafex.io\/es\/producto\/somcupin-spag-peka-n-drops-03822234#primaryimage\"},\"thumbnailUrl\":\"https:\/\/loewentestneu.metafex.io\/wp-content\/uploads\/2024\/01\/Somcupin-spag.-Peka-N-Tropfen-100ml.png\",\"datePublished\":\"2024-01-16T21:58:40+00:00\",\"dateModified\":\"2025-01-25T12:14:48+00:00\",\"description\":\"Farmacia en l\u00ednea alemana registrada. Env\u00edo internacional r\u00e1pido y compras seguras en l\u00ednea. Medicamentos Pekana: Somcupin spag. Peka N gotas 100ml > ordene aqu\u00ed\",\"breadcrumb\":{\"@id\":\"https:\/\/loewentestneu.metafex.io\/es\/producto\/somcupin-spag-peka-n-drops-03822234#breadcrumb\"},\"inLanguage\":\"es\",\"potentialAction\":[{\"@type\":\"ReadAction\",\"target\":[\"https:\/\/loewentestneu.metafex.io\/es\/producto\/somcupin-spag-peka-n-drops-03822234\"]}]},{\"@type\":\"ImageObject\",\"inLanguage\":\"es\",\"@id\":\"https:\/\/loewentestneu.metafex.io\/es\/producto\/somcupin-spag-peka-n-drops-03822234#primaryimage\",\"url\":\"https:\/\/loewentestneu.metafex.io\/wp-content\/uploads\/2024\/01\/Somcupin-spag.-Peka-N-Tropfen-100ml.png\",\"contentUrl\":\"https:\/\/loewentestneu.metafex.io\/wp-content\/uploads\/2024\/01\/Somcupin-spag.-Peka-N-Tropfen-100ml.png\",\"width\":600,\"height\":600,\"caption\":\"Somcupin spag. Peka N Tropfen 100ml\"},{\"@type\":\"BreadcrumbList\",\"@id\":\"https:\/\/loewentestneu.metafex.io\/es\/producto\/somcupin-spag-peka-n-drops-03822234#breadcrumb\",\"itemListElement\":[{\"@type\":\"ListItem\",\"position\":1,\"name\":\"Home\",\"item\":\"https:\/\/loewentestneu.metafex.io\/es\/homepage-lion-pharmacy\"},{\"@type\":\"ListItem\",\"position\":2,\"name\":\"Shop\",\"item\":\"https:\/\/loewentestneu.metafex.io\/es\/tienda\"},{\"@type\":\"ListItem\",\"position\":3,\"name\":\"Somcupin spag. Peka N gotas 100ml\"}]},{\"@type\":\"WebSite\",\"@id\":\"https:\/\/loewentestneu.metafex.io\/es#website\",\"url\":\"https:\/\/loewentestneu.metafex.io\/es\",\"name\":\"Lions Pharmacy\",\"description\":\"Farmacia especializada en naturopat\u00eda de Baden-Baden, Alemania\",\"publisher\":{\"@id\":\"https:\/\/loewentestneu.metafex.io\/es#organization\"},\"alternateName\":\"Lion Pharmacy\",\"potentialAction\":[{\"@type\":\"SearchAction\",\"target\":{\"@type\":\"EntryPoint\",\"urlTemplate\":\"https:\/\/loewentestneu.metafex.io\/es?s={search_term_string}\"},\"query-input\":{\"@type\":\"PropertyValueSpecification\",\"valueRequired\":true,\"valueName\":\"search_term_string\"}}],\"inLanguage\":\"es\"},{\"@type\":\"Organization\",\"@id\":\"https:\/\/loewentestneu.metafex.io\/es#organization\",\"name\":\"Lions Pharmacy\",\"alternateName\":\"Lions Pharmacy24\",\"url\":\"https:\/\/loewentestneu.metafex.io\/es\",\"logo\":{\"@type\":\"ImageObject\",\"inLanguage\":\"es\",\"@id\":\"https:\/\/loewentestneu.metafex.io\/es#\/schema\/logo\/image\/\",\"url\":\"https:\/\/loewentestneu.metafex.io\/wp-content\/uploads\/2022\/12\/Logo-Lion-Pharmacy-c-o-Loewen-Apotheke-smal.jpg\",\"contentUrl\":\"https:\/\/loewentestneu.metafex.io\/wp-content\/uploads\/2022\/12\/Logo-Lion-Pharmacy-c-o-Loewen-Apotheke-smal.jpg\",\"width\":298,\"height\":99,\"caption\":\"Lions Pharmacy\"},\"image\":{\"@id\":\"https:\/\/loewentestneu.metafex.io\/es#\/schema\/logo\/image\/\"}}]}<\/script>\n<!-- \/ Yoast SEO plugin. -->","yoast_head_json":{"title":"Somcupin spag. Peka N gotas 100ml &#187; Lion Pharmacy &#187; cuidado de la piel","description":"Farmacia en l\u00ednea alemana registrada. Env\u00edo internacional r\u00e1pido y compras seguras en l\u00ednea. Medicamentos Pekana: Somcupin spag. Peka N gotas 100ml > ordene aqu\u00ed","robots":{"index":"noindex","follow":"follow","max-snippet":"max-snippet:-1","max-image-preview":"max-image-preview:large","max-video-preview":"max-video-preview:-1"},"og_locale":"es_ES","og_type":"article","og_title":"Somcupin spag. Peka N gotas 100ml &#187; Lion Pharmacy &#187; cuidado de la piel","og_description":"Farmacia en l\u00ednea alemana registrada. Env\u00edo internacional r\u00e1pido y compras seguras en l\u00ednea. Medicamentos Pekana: Somcupin spag. Peka N gotas 100ml > ordene aqu\u00ed","og_url":"https:\/\/loewentestneu.metafex.io\/es\/producto\/somcupin-spag-peka-n-drops-03822234","og_site_name":"Lion Pharmacy","article_modified_time":"2025-01-25T12:14:48+00:00","og_image":[{"width":600,"height":600,"url":"https:\/\/loewentestneu.metafex.io\/wp-content\/uploads\/2024\/01\/Somcupin-spag.-Peka-N-Tropfen-100ml.png","type":"image\/png"}],"twitter_card":"summary_large_image","twitter_misc":{"Tiempo de lectura":"1 minuto"},"schema":{"@context":"https:\/\/schema.org","@graph":[{"@type":"WebPage","@id":"https:\/\/loewentestneu.metafex.io\/es\/producto\/somcupin-spag-peka-n-drops-03822234","url":"https:\/\/loewentestneu.metafex.io\/es\/producto\/somcupin-spag-peka-n-drops-03822234","name":"Somcupin spag. Peka N gotas 100ml &#187; Lion Pharmacy &#187; cuidado de la piel","isPartOf":{"@id":"https:\/\/loewentestneu.metafex.io\/es#website"},"primaryImageOfPage":{"@id":"https:\/\/loewentestneu.metafex.io\/es\/producto\/somcupin-spag-peka-n-drops-03822234#primaryimage"},"image":{"@id":"https:\/\/loewentestneu.metafex.io\/es\/producto\/somcupin-spag-peka-n-drops-03822234#primaryimage"},"thumbnailUrl":"https:\/\/loewentestneu.metafex.io\/wp-content\/uploads\/2024\/01\/Somcupin-spag.-Peka-N-Tropfen-100ml.png","datePublished":"2024-01-16T21:58:40+00:00","dateModified":"2025-01-25T12:14:48+00:00","description":"Farmacia en l\u00ednea alemana registrada. Env\u00edo internacional r\u00e1pido y compras seguras en l\u00ednea. Medicamentos Pekana: Somcupin spag. Peka N gotas 100ml > ordene aqu\u00ed","breadcrumb":{"@id":"https:\/\/loewentestneu.metafex.io\/es\/producto\/somcupin-spag-peka-n-drops-03822234#breadcrumb"},"inLanguage":"es","potentialAction":[{"@type":"ReadAction","target":["https:\/\/loewentestneu.metafex.io\/es\/producto\/somcupin-spag-peka-n-drops-03822234"]}]},{"@type":"ImageObject","inLanguage":"es","@id":"https:\/\/loewentestneu.metafex.io\/es\/producto\/somcupin-spag-peka-n-drops-03822234#primaryimage","url":"https:\/\/loewentestneu.metafex.io\/wp-content\/uploads\/2024\/01\/Somcupin-spag.-Peka-N-Tropfen-100ml.png","contentUrl":"https:\/\/loewentestneu.metafex.io\/wp-content\/uploads\/2024\/01\/Somcupin-spag.-Peka-N-Tropfen-100ml.png","width":600,"height":600,"caption":"Somcupin spag. Peka N Tropfen 100ml"},{"@type":"BreadcrumbList","@id":"https:\/\/loewentestneu.metafex.io\/es\/producto\/somcupin-spag-peka-n-drops-03822234#breadcrumb","itemListElement":[{"@type":"ListItem","position":1,"name":"Home","item":"https:\/\/loewentestneu.metafex.io\/es\/homepage-lion-pharmacy"},{"@type":"ListItem","position":2,"name":"Shop","item":"https:\/\/loewentestneu.metafex.io\/es\/tienda"},{"@type":"ListItem","position":3,"name":"Somcupin spag. Peka N gotas 100ml"}]},{"@type":"WebSite","@id":"https:\/\/loewentestneu.metafex.io\/es#website","url":"https:\/\/loewentestneu.metafex.io\/es","name":"Lions Pharmacy","description":"Farmacia especializada en naturopat\u00eda de Baden-Baden, Alemania","publisher":{"@id":"https:\/\/loewentestneu.metafex.io\/es#organization"},"alternateName":"Lion Pharmacy","potentialAction":[{"@type":"SearchAction","target":{"@type":"EntryPoint","urlTemplate":"https:\/\/loewentestneu.metafex.io\/es?s={search_term_string}"},"query-input":{"@type":"PropertyValueSpecification","valueRequired":true,"valueName":"search_term_string"}}],"inLanguage":"es"},{"@type":"Organization","@id":"https:\/\/loewentestneu.metafex.io\/es#organization","name":"Lions Pharmacy","alternateName":"Lions Pharmacy24","url":"https:\/\/loewentestneu.metafex.io\/es","logo":{"@type":"ImageObject","inLanguage":"es","@id":"https:\/\/loewentestneu.metafex.io\/es#\/schema\/logo\/image\/","url":"https:\/\/loewentestneu.metafex.io\/wp-content\/uploads\/2022\/12\/Logo-Lion-Pharmacy-c-o-Loewen-Apotheke-smal.jpg","contentUrl":"https:\/\/loewentestneu.metafex.io\/wp-content\/uploads\/2022\/12\/Logo-Lion-Pharmacy-c-o-Loewen-Apotheke-smal.jpg","width":298,"height":99,"caption":"Lions Pharmacy"},"image":{"@id":"https:\/\/loewentestneu.metafex.io\/es#\/schema\/logo\/image\/"}}]}},"_links":{"self":[{"href":"https:\/\/loewentestneu.metafex.io\/es\/wp-json\/wp\/v2\/product\/2992","targetHints":{"allow":["GET"]}}],"collection":[{"href":"https:\/\/loewentestneu.metafex.io\/es\/wp-json\/wp\/v2\/product"}],"about":[{"href":"https:\/\/loewentestneu.metafex.io\/es\/wp-json\/wp\/v2\/types\/product"}],"replies":[{"embeddable":true,"href":"https:\/\/loewentestneu.metafex.io\/es\/wp-json\/wp\/v2\/comments?post=2992"}],"wp:featuredmedia":[{"embeddable":true,"href":"https:\/\/loewentestneu.metafex.io\/es\/wp-json\/wp\/v2\/media\/2998"}],"wp:attachment":[{"href":"https:\/\/loewentestneu.metafex.io\/es\/wp-json\/wp\/v2\/media?parent=2992"}],"wp:term":[{"taxonomy":"product_brand","embeddable":true,"href":"https:\/\/loewentestneu.metafex.io\/es\/wp-json\/wp\/v2\/product_brand?post=2992"},{"taxonomy":"product_cat","embeddable":true,"href":"https:\/\/loewentestneu.metafex.io\/es\/wp-json\/wp\/v2\/product_cat?post=2992"},{"taxonomy":"product_tag","embeddable":true,"href":"https:\/\/loewentestneu.metafex.io\/es\/wp-json\/wp\/v2\/product_tag?post=2992"}],"curies":[{"name":"wp","href":"https:\/\/api.w.org\/{rel}","templated":true}]}}