{"id":3071,"date":"2024-01-17T21:22:24","date_gmt":"2024-01-17T20:22:24","guid":{"rendered":"https:\/\/lions-pharmacy.com\/?post_type=product&#038;p=3071"},"modified":"2025-01-24T19:40:29","modified_gmt":"2025-01-24T18:40:29","slug":"traumeel-s-crema-100g","status":"publish","type":"product","link":"https:\/\/loewentestneu.metafex.io\/es\/producto\/traumeel-s-crema-100g","title":{"rendered":"Traumeel S crema 100g"},"content":{"rendered":"<h3>Crema Traumeel S<\/h3>\n<p>Traumeel S crema: un medicamento homeop\u00e1tico registrado, por lo tanto, sin indicaci\u00f3n terap\u00e9utica. Se debe buscar consejo m\u00e9dico si los s\u00edntomas persisten durante el uso.<\/p>\n<p>Como parte de nuestro enfoque terap\u00e9utico centrado en el paciente, los medicamentos Heel se centran en la capacidad del cuerpo para autorregularse. Apoyan la activaci\u00f3n de los propios mecanismos del cuerpo para promover la recuperaci\u00f3n en lugar de simplemente suprimir los s\u00edntomas de la enfermedad. Los medicamentos para el tal\u00f3n basados en ingredientes activos naturales estimulan y fortalecen este proceso, y los pacientes se benefician del enfoque terap\u00e9utico seguro y sostenible.<\/p>\n<p>Otros productos para la aplicaci\u00f3n: <a href=\"https:\/\/loewentestneu.metafex.io\/product-tag\/weight-fitness\">Fitness<\/a> | <a href=\"https:\/\/loewentestneu.metafex.io\/product-tag\/vitamins-supplements\">Vitaminas y suplementos Productos<\/a><br \/>\nObtenga m\u00e1s informaci\u00f3n sobre manufactorer y este producto: <a href=\"https:\/\/www.heel.de\/de\/produktsuche.html\" target=\"_blank\" rel=\"noopener\">Biologische Heilmittel Heel GmbH<\/a> (enlace al sitio web externo)<\/p>\n<p>La informaci\u00f3n contenida en este sitio web se facilita \u00fanicamente con fines informativos. En ning\u00fan caso sustituyen al examen y tratamiento por un m\u00e9dico. Tenga en cuenta que esto significa que no se pueden hacer diagn\u00f3sticos ni iniciar terapias.<\/p>\n<p>Para conocer los riesgos y efectos secundarios, lea el prospecto y consulte a su m\u00e9dico o farmac\u00e9utico.<\/p>\n","protected":false},"excerpt":{"rendered":"<h2>Traumeel S crema 100g<\/h2>\n<p>Traumeel S crema 100g: un medicamento homeop\u00e1tico registrado.<\/p>\n<p>&nbsp;<\/p>\n<p>PZN: 01292358 (N\u00famero Central de Farmacia)<\/p>\n<p>Forma de dosificaci\u00f3n: crema<\/p>\n<p>Tipo de prescripci\u00f3n: sin receta<\/p>\n<p>Marca: Traumeel<\/p>\n<p>Fabricante: Biologische Heilmittel Heel GmbH<\/p>\n<p>Tama\u00f1o del embalaje: 100g<\/p>\n","protected":false},"featured_media":2250,"comment_status":"closed","ping_status":"closed","template":"","meta":[],"product_brand":[],"product_cat":[348,125,116],"product_tag":[275],"class_list":{"0":"post-3071","1":"product","2":"type-product","3":"status-publish","4":"has-post-thumbnail","6":"product_cat-talon-es","7":"product_cat-sale-es","8":"product_cat-sin-categorizar","9":"product_tag-peso-y-forma-fisica","10":"ts_product_brand-all-es","11":"ts_product_brand-heel-es","13":"first","14":"instock","15":"sale","16":"taxable","17":"shipping-taxable","18":"purchasable","19":"product-type-simple"},"yoast_head":"<!-- This site is optimized with the Yoast SEO plugin v26.5 - https:\/\/yoast.com\/wordpress\/plugins\/seo\/ -->\n<title>Traumeel S crema 100g &#187; Lion Pharmacy &#187; ordene aqu\u00ed<\/title>\n<meta name=\"description\" content=\"Farmacia en l\u00ednea alemana registrada. Env\u00edo internacional r\u00e1pido y compras seguras en l\u00ednea. Medicamentos para el tal\u00f3n: Traumeel S crema 100g &gt; ordene directamente aqu\u00ed\" \/>\n<meta name=\"robots\" content=\"noindex, follow, max-snippet:-1, max-image-preview:large, max-video-preview:-1\" \/>\n<meta property=\"og:locale\" content=\"es_ES\" \/>\n<meta property=\"og:type\" content=\"article\" \/>\n<meta property=\"og:title\" content=\"Traumeel S crema 100g &#187; Lion Pharmacy &#187; ordene aqu\u00ed\" \/>\n<meta property=\"og:description\" content=\"Farmacia en l\u00ednea alemana registrada. Env\u00edo internacional r\u00e1pido y compras seguras en l\u00ednea. Medicamentos para el tal\u00f3n: Traumeel S crema 100g &gt; ordene directamente aqu\u00ed\" \/>\n<meta property=\"og:url\" content=\"https:\/\/loewentestneu.metafex.io\/es\/producto\/traumeel-s-crema-100g\" \/>\n<meta property=\"og:site_name\" content=\"Lion Pharmacy\" \/>\n<meta property=\"article:modified_time\" content=\"2025-01-24T18:40:29+00:00\" \/>\n<meta property=\"og:image\" content=\"https:\/\/loewentestneu.metafex.io\/wp-content\/uploads\/2023\/09\/Traumeel-S-Creme-Heel-Lowen-Apotheke-1.webp\" \/>\n\t<meta property=\"og:image:width\" content=\"600\" \/>\n\t<meta property=\"og:image:height\" content=\"600\" \/>\n\t<meta property=\"og:image:type\" content=\"image\/webp\" \/>\n<meta name=\"twitter:card\" content=\"summary_large_image\" \/>\n<meta name=\"twitter:label1\" content=\"Tiempo de lectura\" \/>\n\t<meta name=\"twitter:data1\" content=\"1 minuto\" \/>\n<script type=\"application\/ld+json\" class=\"yoast-schema-graph\">{\"@context\":\"https:\/\/schema.org\",\"@graph\":[{\"@type\":\"WebPage\",\"@id\":\"https:\/\/loewentestneu.metafex.io\/es\/producto\/traumeel-s-crema-100g\",\"url\":\"https:\/\/loewentestneu.metafex.io\/es\/producto\/traumeel-s-crema-100g\",\"name\":\"Traumeel S crema 100g &#187; Lion Pharmacy &#187; ordene aqu\u00ed\",\"isPartOf\":{\"@id\":\"https:\/\/loewentestneu.metafex.io\/es#website\"},\"primaryImageOfPage\":{\"@id\":\"https:\/\/loewentestneu.metafex.io\/es\/producto\/traumeel-s-crema-100g#primaryimage\"},\"image\":{\"@id\":\"https:\/\/loewentestneu.metafex.io\/es\/producto\/traumeel-s-crema-100g#primaryimage\"},\"thumbnailUrl\":\"https:\/\/loewentestneu.metafex.io\/wp-content\/uploads\/2023\/09\/Traumeel-S-Creme-Heel-Lowen-Apotheke-1.webp\",\"datePublished\":\"2024-01-17T20:22:24+00:00\",\"dateModified\":\"2025-01-24T18:40:29+00:00\",\"description\":\"Farmacia en l\u00ednea alemana registrada. Env\u00edo internacional r\u00e1pido y compras seguras en l\u00ednea. Medicamentos para el tal\u00f3n: Traumeel S crema 100g > ordene directamente aqu\u00ed\",\"breadcrumb\":{\"@id\":\"https:\/\/loewentestneu.metafex.io\/es\/producto\/traumeel-s-crema-100g#breadcrumb\"},\"inLanguage\":\"es\",\"potentialAction\":[{\"@type\":\"ReadAction\",\"target\":[\"https:\/\/loewentestneu.metafex.io\/es\/producto\/traumeel-s-crema-100g\"]}]},{\"@type\":\"ImageObject\",\"inLanguage\":\"es\",\"@id\":\"https:\/\/loewentestneu.metafex.io\/es\/producto\/traumeel-s-crema-100g#primaryimage\",\"url\":\"https:\/\/loewentestneu.metafex.io\/wp-content\/uploads\/2023\/09\/Traumeel-S-Creme-Heel-Lowen-Apotheke-1.webp\",\"contentUrl\":\"https:\/\/loewentestneu.metafex.io\/wp-content\/uploads\/2023\/09\/Traumeel-S-Creme-Heel-Lowen-Apotheke-1.webp\",\"width\":600,\"height\":600,\"caption\":\"Traumeel S crema Tac\u00f3n L\u00f6wen Apotheke\"},{\"@type\":\"BreadcrumbList\",\"@id\":\"https:\/\/loewentestneu.metafex.io\/es\/producto\/traumeel-s-crema-100g#breadcrumb\",\"itemListElement\":[{\"@type\":\"ListItem\",\"position\":1,\"name\":\"Home\",\"item\":\"https:\/\/loewentestneu.metafex.io\/es\/homepage-lion-pharmacy\"},{\"@type\":\"ListItem\",\"position\":2,\"name\":\"Shop\",\"item\":\"https:\/\/loewentestneu.metafex.io\/es\/tienda\"},{\"@type\":\"ListItem\",\"position\":3,\"name\":\"Traumeel S crema 100g\"}]},{\"@type\":\"WebSite\",\"@id\":\"https:\/\/loewentestneu.metafex.io\/es#website\",\"url\":\"https:\/\/loewentestneu.metafex.io\/es\",\"name\":\"Lions Pharmacy\",\"description\":\"Farmacia especializada en naturopat\u00eda de Baden-Baden, Alemania\",\"publisher\":{\"@id\":\"https:\/\/loewentestneu.metafex.io\/es#organization\"},\"alternateName\":\"Lion Pharmacy\",\"potentialAction\":[{\"@type\":\"SearchAction\",\"target\":{\"@type\":\"EntryPoint\",\"urlTemplate\":\"https:\/\/loewentestneu.metafex.io\/es?s={search_term_string}\"},\"query-input\":{\"@type\":\"PropertyValueSpecification\",\"valueRequired\":true,\"valueName\":\"search_term_string\"}}],\"inLanguage\":\"es\"},{\"@type\":\"Organization\",\"@id\":\"https:\/\/loewentestneu.metafex.io\/es#organization\",\"name\":\"Lions Pharmacy\",\"alternateName\":\"Lions Pharmacy24\",\"url\":\"https:\/\/loewentestneu.metafex.io\/es\",\"logo\":{\"@type\":\"ImageObject\",\"inLanguage\":\"es\",\"@id\":\"https:\/\/loewentestneu.metafex.io\/es#\/schema\/logo\/image\/\",\"url\":\"https:\/\/loewentestneu.metafex.io\/wp-content\/uploads\/2022\/12\/Logo-Lion-Pharmacy-c-o-Loewen-Apotheke-smal.jpg\",\"contentUrl\":\"https:\/\/loewentestneu.metafex.io\/wp-content\/uploads\/2022\/12\/Logo-Lion-Pharmacy-c-o-Loewen-Apotheke-smal.jpg\",\"width\":298,\"height\":99,\"caption\":\"Lions Pharmacy\"},\"image\":{\"@id\":\"https:\/\/loewentestneu.metafex.io\/es#\/schema\/logo\/image\/\"}}]}<\/script>\n<!-- \/ Yoast SEO plugin. -->","yoast_head_json":{"title":"Traumeel S crema 100g &#187; Lion Pharmacy &#187; ordene aqu\u00ed","description":"Farmacia en l\u00ednea alemana registrada. Env\u00edo internacional r\u00e1pido y compras seguras en l\u00ednea. Medicamentos para el tal\u00f3n: Traumeel S crema 100g > ordene directamente aqu\u00ed","robots":{"index":"noindex","follow":"follow","max-snippet":"max-snippet:-1","max-image-preview":"max-image-preview:large","max-video-preview":"max-video-preview:-1"},"og_locale":"es_ES","og_type":"article","og_title":"Traumeel S crema 100g &#187; Lion Pharmacy &#187; ordene aqu\u00ed","og_description":"Farmacia en l\u00ednea alemana registrada. Env\u00edo internacional r\u00e1pido y compras seguras en l\u00ednea. Medicamentos para el tal\u00f3n: Traumeel S crema 100g > ordene directamente aqu\u00ed","og_url":"https:\/\/loewentestneu.metafex.io\/es\/producto\/traumeel-s-crema-100g","og_site_name":"Lion Pharmacy","article_modified_time":"2025-01-24T18:40:29+00:00","og_image":[{"width":600,"height":600,"url":"https:\/\/loewentestneu.metafex.io\/wp-content\/uploads\/2023\/09\/Traumeel-S-Creme-Heel-Lowen-Apotheke-1.webp","type":"image\/webp"}],"twitter_card":"summary_large_image","twitter_misc":{"Tiempo de lectura":"1 minuto"},"schema":{"@context":"https:\/\/schema.org","@graph":[{"@type":"WebPage","@id":"https:\/\/loewentestneu.metafex.io\/es\/producto\/traumeel-s-crema-100g","url":"https:\/\/loewentestneu.metafex.io\/es\/producto\/traumeel-s-crema-100g","name":"Traumeel S crema 100g &#187; Lion Pharmacy &#187; ordene aqu\u00ed","isPartOf":{"@id":"https:\/\/loewentestneu.metafex.io\/es#website"},"primaryImageOfPage":{"@id":"https:\/\/loewentestneu.metafex.io\/es\/producto\/traumeel-s-crema-100g#primaryimage"},"image":{"@id":"https:\/\/loewentestneu.metafex.io\/es\/producto\/traumeel-s-crema-100g#primaryimage"},"thumbnailUrl":"https:\/\/loewentestneu.metafex.io\/wp-content\/uploads\/2023\/09\/Traumeel-S-Creme-Heel-Lowen-Apotheke-1.webp","datePublished":"2024-01-17T20:22:24+00:00","dateModified":"2025-01-24T18:40:29+00:00","description":"Farmacia en l\u00ednea alemana registrada. Env\u00edo internacional r\u00e1pido y compras seguras en l\u00ednea. Medicamentos para el tal\u00f3n: Traumeel S crema 100g > ordene directamente aqu\u00ed","breadcrumb":{"@id":"https:\/\/loewentestneu.metafex.io\/es\/producto\/traumeel-s-crema-100g#breadcrumb"},"inLanguage":"es","potentialAction":[{"@type":"ReadAction","target":["https:\/\/loewentestneu.metafex.io\/es\/producto\/traumeel-s-crema-100g"]}]},{"@type":"ImageObject","inLanguage":"es","@id":"https:\/\/loewentestneu.metafex.io\/es\/producto\/traumeel-s-crema-100g#primaryimage","url":"https:\/\/loewentestneu.metafex.io\/wp-content\/uploads\/2023\/09\/Traumeel-S-Creme-Heel-Lowen-Apotheke-1.webp","contentUrl":"https:\/\/loewentestneu.metafex.io\/wp-content\/uploads\/2023\/09\/Traumeel-S-Creme-Heel-Lowen-Apotheke-1.webp","width":600,"height":600,"caption":"Traumeel S crema Tac\u00f3n L\u00f6wen Apotheke"},{"@type":"BreadcrumbList","@id":"https:\/\/loewentestneu.metafex.io\/es\/producto\/traumeel-s-crema-100g#breadcrumb","itemListElement":[{"@type":"ListItem","position":1,"name":"Home","item":"https:\/\/loewentestneu.metafex.io\/es\/homepage-lion-pharmacy"},{"@type":"ListItem","position":2,"name":"Shop","item":"https:\/\/loewentestneu.metafex.io\/es\/tienda"},{"@type":"ListItem","position":3,"name":"Traumeel S crema 100g"}]},{"@type":"WebSite","@id":"https:\/\/loewentestneu.metafex.io\/es#website","url":"https:\/\/loewentestneu.metafex.io\/es","name":"Lions Pharmacy","description":"Farmacia especializada en naturopat\u00eda de Baden-Baden, Alemania","publisher":{"@id":"https:\/\/loewentestneu.metafex.io\/es#organization"},"alternateName":"Lion Pharmacy","potentialAction":[{"@type":"SearchAction","target":{"@type":"EntryPoint","urlTemplate":"https:\/\/loewentestneu.metafex.io\/es?s={search_term_string}"},"query-input":{"@type":"PropertyValueSpecification","valueRequired":true,"valueName":"search_term_string"}}],"inLanguage":"es"},{"@type":"Organization","@id":"https:\/\/loewentestneu.metafex.io\/es#organization","name":"Lions Pharmacy","alternateName":"Lions Pharmacy24","url":"https:\/\/loewentestneu.metafex.io\/es","logo":{"@type":"ImageObject","inLanguage":"es","@id":"https:\/\/loewentestneu.metafex.io\/es#\/schema\/logo\/image\/","url":"https:\/\/loewentestneu.metafex.io\/wp-content\/uploads\/2022\/12\/Logo-Lion-Pharmacy-c-o-Loewen-Apotheke-smal.jpg","contentUrl":"https:\/\/loewentestneu.metafex.io\/wp-content\/uploads\/2022\/12\/Logo-Lion-Pharmacy-c-o-Loewen-Apotheke-smal.jpg","width":298,"height":99,"caption":"Lions Pharmacy"},"image":{"@id":"https:\/\/loewentestneu.metafex.io\/es#\/schema\/logo\/image\/"}}]}},"_links":{"self":[{"href":"https:\/\/loewentestneu.metafex.io\/es\/wp-json\/wp\/v2\/product\/3071","targetHints":{"allow":["GET"]}}],"collection":[{"href":"https:\/\/loewentestneu.metafex.io\/es\/wp-json\/wp\/v2\/product"}],"about":[{"href":"https:\/\/loewentestneu.metafex.io\/es\/wp-json\/wp\/v2\/types\/product"}],"replies":[{"embeddable":true,"href":"https:\/\/loewentestneu.metafex.io\/es\/wp-json\/wp\/v2\/comments?post=3071"}],"wp:featuredmedia":[{"embeddable":true,"href":"https:\/\/loewentestneu.metafex.io\/es\/wp-json\/wp\/v2\/media\/2250"}],"wp:attachment":[{"href":"https:\/\/loewentestneu.metafex.io\/es\/wp-json\/wp\/v2\/media?parent=3071"}],"wp:term":[{"taxonomy":"product_brand","embeddable":true,"href":"https:\/\/loewentestneu.metafex.io\/es\/wp-json\/wp\/v2\/product_brand?post=3071"},{"taxonomy":"product_cat","embeddable":true,"href":"https:\/\/loewentestneu.metafex.io\/es\/wp-json\/wp\/v2\/product_cat?post=3071"},{"taxonomy":"product_tag","embeddable":true,"href":"https:\/\/loewentestneu.metafex.io\/es\/wp-json\/wp\/v2\/product_tag?post=3071"}],"curies":[{"name":"wp","href":"https:\/\/api.w.org\/{rel}","templated":true}]}}