{"id":3742,"date":"2024-04-26T13:14:01","date_gmt":"2024-04-26T12:14:01","guid":{"rendered":"https:\/\/lions-pharmacy.com\/?post_type=product&#038;p=3742"},"modified":"2024-04-26T13:32:54","modified_gmt":"2024-04-26T12:32:54","slug":"libro-de-practicas-de-micro-inmunoterapia","status":"publish","type":"product","link":"https:\/\/loewentestneu.metafex.io\/es\/producto\/libro-de-practicas-de-micro-inmunoterapia","title":{"rendered":"Libro de pr\u00e1cticas de microinmunoterapia (ingl\u00e9s)"},"content":{"rendered":"<h2>Libro de pr\u00e1cticas de microinmunoterapia<\/h2>\n<p>Libro de pr\u00e1cticas de microinmunoterapia para m\u00e9dicos, terapeutas y m\u00e9dicos<br \/>\nLibro pr\u00e1ctico de microinmunoterapia: Este libro les da ejemplos concretos de la aplicaci\u00f3n de la microinmunoterapia en la pr\u00e1ctica para el diagn\u00f3stico y uso en las enfermedades y pat\u00f3genos m\u00e1s comunes.<\/p>\n<p>La autora Corinne I. Heitz ha presentado las diversas posibilidades de aplicaci\u00f3n aqu\u00ed de forma exhaustiva a partir de sus muchos a\u00f1os de experiencia.<\/p>\n<p>Microinmunoterapia en aplicaci\u00f3n pr\u00e1ctica. Sobre la base de los fundamentos te\u00f3ricos de la &#8220;Microinmunoterapia&#8221; (Volumen 1), este libro de trabajo proporciona ejemplos concretos para su aplicaci\u00f3n en la pr\u00e1ctica diaria. La autora Corinne I. Heitz se basa en sus muchos a\u00f1os de pr\u00e1ctica para presentar de manera exhaustiva los campos de aplicaci\u00f3n del m\u00e9todo en una amplia variedad de cuadros cl\u00ednicos.<\/p>\n<p>Adem\u00e1s de una descripci\u00f3n de los pat\u00f3genos, el terapeuta encontrar\u00e1 el concepto diagn\u00f3stico y terap\u00e9utico adecuado, ordenado por enfermedades desde la alergia hasta la enfermedad cel\u00edaca. Un v\u00ednculo a la combinaci\u00f3n con otras terapias completa el trabajo.<\/p>\n<p>En este libro, los m\u00e9dicos y terapeutas alternativos aprenden la introducci\u00f3n pr\u00e1ctica a las posibilidades y el uso concreto de la microinmunoterapia.<\/p>\n<p>La edici\u00f3n alemana est\u00e1 disponible <a href=\"https:\/\/www.loewen-apotheke24.com\/de\/shop\/labo-life\/praxisbuch-der-mikroimmuntherapie\/\" target=\"_blank\" rel=\"noopener\">aqu\u00ed en L\u00f6wen Apotheke24<\/a>.<\/p>\n<p>Sobre el concepto y <a href=\"https:\/\/loewentestneu.metafex.io\/product-brand\/labo-life\">productos relacionados.<\/a><\/p>\n","protected":false},"excerpt":{"rendered":"<h2>Libro de pr\u00e1cticas de microinmunoterapia<\/h2>\n<p>LIBRO DE PR\u00c1CTICAS DE MICROINMUNOTERAPIA PARA M\u00c9DICOS, TERAPEUTAS Y M\u00c9DICOS<br \/>\nEste libro les da ejemplos concretos de la aplicaci\u00f3n de la microinmunoterapia en la pr\u00e1ctica para el diagn\u00f3stico y uso en las enfermedades y pat\u00f3genos m\u00e1s comunes.<\/p>\n<p>Ideal para profesionales alternativos, m\u00e9dicos y terapeutas.<\/p>\n<p>Edici\u00f3n: 2024<\/p>\n<p>Idioma: Ingl\u00e9s<\/p>\n<p>ISBN: 978-3-96474-732-7<\/p>\n<p>Autor: Corinne I Heitz<\/p>\n","protected":false},"featured_media":3748,"comment_status":"closed","ping_status":"closed","template":"","meta":[],"product_brand":[],"product_cat":[119,116],"product_tag":[236],"class_list":{"0":"post-3742","1":"product","2":"type-product","3":"status-publish","4":"has-post-thumbnail","6":"product_cat-labo-life-es","7":"product_cat-sin-categorizar","8":"product_tag-microinmunoterapia","9":"ts_product_brand-all-es","10":"ts_product_brand-labo-life-es","12":"first","13":"instock","14":"taxable","15":"shipping-taxable","16":"purchasable","17":"product-type-simple"},"yoast_head":"<!-- This site is optimized with the Yoast SEO plugin v26.5 - https:\/\/yoast.com\/wordpress\/plugins\/seo\/ -->\n<title>Libro de pr\u00e1cticas de microinmunoterapia (ingl\u00e9s) &#187; Lion Pharmacy &gt;&gt; ordene aqu\u00ed<\/title>\n<meta name=\"description\" content=\"Farmacia online alemana registrada | Pago seguro | M\u00e1s informaci\u00f3n sobre la microinmunoterapia | Libro de pr\u00e1cticas de microinmunoterapia (ingl\u00e9s)\" \/>\n<meta name=\"robots\" content=\"noindex, follow, max-snippet:-1, max-image-preview:large, max-video-preview:-1\" \/>\n<meta property=\"og:locale\" content=\"es_ES\" \/>\n<meta property=\"og:type\" content=\"article\" \/>\n<meta property=\"og:title\" content=\"Libro de pr\u00e1cticas de microinmunoterapia (ingl\u00e9s) &#187; Lion Pharmacy &gt;&gt; ordene aqu\u00ed\" \/>\n<meta property=\"og:description\" content=\"Farmacia online alemana registrada | Pago seguro | M\u00e1s informaci\u00f3n sobre la microinmunoterapia | Libro de pr\u00e1cticas de microinmunoterapia (ingl\u00e9s)\" \/>\n<meta property=\"og:url\" content=\"https:\/\/loewentestneu.metafex.io\/es\/producto\/libro-de-practicas-de-micro-inmunoterapia\" \/>\n<meta property=\"og:site_name\" content=\"Lion Pharmacy\" \/>\n<meta property=\"article:modified_time\" content=\"2024-04-26T12:32:54+00:00\" \/>\n<meta property=\"og:image\" content=\"https:\/\/loewentestneu.metafex.io\/wp-content\/uploads\/2024\/04\/Practice-book-of-micro-immunotherapy-Author-Corinne-I-Heitz.webp\" \/>\n\t<meta property=\"og:image:width\" content=\"600\" \/>\n\t<meta property=\"og:image:height\" content=\"600\" \/>\n\t<meta property=\"og:image:type\" content=\"image\/webp\" \/>\n<meta name=\"twitter:card\" content=\"summary_large_image\" \/>\n<meta name=\"twitter:label1\" content=\"Tiempo de lectura\" \/>\n\t<meta name=\"twitter:data1\" content=\"1 minuto\" \/>\n<script type=\"application\/ld+json\" class=\"yoast-schema-graph\">{\"@context\":\"https:\/\/schema.org\",\"@graph\":[{\"@type\":\"WebPage\",\"@id\":\"https:\/\/loewentestneu.metafex.io\/es\/producto\/libro-de-practicas-de-micro-inmunoterapia\",\"url\":\"https:\/\/loewentestneu.metafex.io\/es\/producto\/libro-de-practicas-de-micro-inmunoterapia\",\"name\":\"Libro de pr\u00e1cticas de microinmunoterapia (ingl\u00e9s) &#187; Lion Pharmacy >> ordene aqu\u00ed\",\"isPartOf\":{\"@id\":\"https:\/\/loewentestneu.metafex.io\/es#website\"},\"primaryImageOfPage\":{\"@id\":\"https:\/\/loewentestneu.metafex.io\/es\/producto\/libro-de-practicas-de-micro-inmunoterapia#primaryimage\"},\"image\":{\"@id\":\"https:\/\/loewentestneu.metafex.io\/es\/producto\/libro-de-practicas-de-micro-inmunoterapia#primaryimage\"},\"thumbnailUrl\":\"https:\/\/loewentestneu.metafex.io\/wp-content\/uploads\/2024\/04\/Practice-book-of-micro-immunotherapy-Author-Corinne-I-Heitz.webp\",\"datePublished\":\"2024-04-26T12:14:01+00:00\",\"dateModified\":\"2024-04-26T12:32:54+00:00\",\"description\":\"Farmacia online alemana registrada | Pago seguro | M\u00e1s informaci\u00f3n sobre la microinmunoterapia | Libro de pr\u00e1cticas de microinmunoterapia (ingl\u00e9s)\",\"breadcrumb\":{\"@id\":\"https:\/\/loewentestneu.metafex.io\/es\/producto\/libro-de-practicas-de-micro-inmunoterapia#breadcrumb\"},\"inLanguage\":\"es\",\"potentialAction\":[{\"@type\":\"ReadAction\",\"target\":[\"https:\/\/loewentestneu.metafex.io\/es\/producto\/libro-de-practicas-de-micro-inmunoterapia\"]}]},{\"@type\":\"ImageObject\",\"inLanguage\":\"es\",\"@id\":\"https:\/\/loewentestneu.metafex.io\/es\/producto\/libro-de-practicas-de-micro-inmunoterapia#primaryimage\",\"url\":\"https:\/\/loewentestneu.metafex.io\/wp-content\/uploads\/2024\/04\/Practice-book-of-micro-immunotherapy-Author-Corinne-I-Heitz.webp\",\"contentUrl\":\"https:\/\/loewentestneu.metafex.io\/wp-content\/uploads\/2024\/04\/Practice-book-of-micro-immunotherapy-Author-Corinne-I-Heitz.webp\",\"width\":600,\"height\":600,\"caption\":\"Libro de pr\u00e1ctica de microinmunoterapia Autor-Corinne-I-Heitz\"},{\"@type\":\"BreadcrumbList\",\"@id\":\"https:\/\/loewentestneu.metafex.io\/es\/producto\/libro-de-practicas-de-micro-inmunoterapia#breadcrumb\",\"itemListElement\":[{\"@type\":\"ListItem\",\"position\":1,\"name\":\"Home\",\"item\":\"https:\/\/loewentestneu.metafex.io\/es\/homepage-lion-pharmacy\"},{\"@type\":\"ListItem\",\"position\":2,\"name\":\"Shop\",\"item\":\"https:\/\/loewentestneu.metafex.io\/es\/tienda\"},{\"@type\":\"ListItem\",\"position\":3,\"name\":\"Libro de pr\u00e1cticas de microinmunoterapia (ingl\u00e9s)\"}]},{\"@type\":\"WebSite\",\"@id\":\"https:\/\/loewentestneu.metafex.io\/es#website\",\"url\":\"https:\/\/loewentestneu.metafex.io\/es\",\"name\":\"Lions Pharmacy\",\"description\":\"Farmacia especializada en naturopat\u00eda de Baden-Baden, Alemania\",\"publisher\":{\"@id\":\"https:\/\/loewentestneu.metafex.io\/es#organization\"},\"alternateName\":\"Lion Pharmacy\",\"potentialAction\":[{\"@type\":\"SearchAction\",\"target\":{\"@type\":\"EntryPoint\",\"urlTemplate\":\"https:\/\/loewentestneu.metafex.io\/es?s={search_term_string}\"},\"query-input\":{\"@type\":\"PropertyValueSpecification\",\"valueRequired\":true,\"valueName\":\"search_term_string\"}}],\"inLanguage\":\"es\"},{\"@type\":\"Organization\",\"@id\":\"https:\/\/loewentestneu.metafex.io\/es#organization\",\"name\":\"Lions Pharmacy\",\"alternateName\":\"Lions Pharmacy24\",\"url\":\"https:\/\/loewentestneu.metafex.io\/es\",\"logo\":{\"@type\":\"ImageObject\",\"inLanguage\":\"es\",\"@id\":\"https:\/\/loewentestneu.metafex.io\/es#\/schema\/logo\/image\/\",\"url\":\"https:\/\/loewentestneu.metafex.io\/wp-content\/uploads\/2022\/12\/Logo-Lion-Pharmacy-c-o-Loewen-Apotheke-smal.jpg\",\"contentUrl\":\"https:\/\/loewentestneu.metafex.io\/wp-content\/uploads\/2022\/12\/Logo-Lion-Pharmacy-c-o-Loewen-Apotheke-smal.jpg\",\"width\":298,\"height\":99,\"caption\":\"Lions Pharmacy\"},\"image\":{\"@id\":\"https:\/\/loewentestneu.metafex.io\/es#\/schema\/logo\/image\/\"}}]}<\/script>\n<!-- \/ Yoast SEO plugin. -->","yoast_head_json":{"title":"Libro de pr\u00e1cticas de microinmunoterapia (ingl\u00e9s) &#187; Lion Pharmacy >> ordene aqu\u00ed","description":"Farmacia online alemana registrada | Pago seguro | M\u00e1s informaci\u00f3n sobre la microinmunoterapia | Libro de pr\u00e1cticas de microinmunoterapia (ingl\u00e9s)","robots":{"index":"noindex","follow":"follow","max-snippet":"max-snippet:-1","max-image-preview":"max-image-preview:large","max-video-preview":"max-video-preview:-1"},"og_locale":"es_ES","og_type":"article","og_title":"Libro de pr\u00e1cticas de microinmunoterapia (ingl\u00e9s) &#187; Lion Pharmacy >> ordene aqu\u00ed","og_description":"Farmacia online alemana registrada | Pago seguro | M\u00e1s informaci\u00f3n sobre la microinmunoterapia | Libro de pr\u00e1cticas de microinmunoterapia (ingl\u00e9s)","og_url":"https:\/\/loewentestneu.metafex.io\/es\/producto\/libro-de-practicas-de-micro-inmunoterapia","og_site_name":"Lion Pharmacy","article_modified_time":"2024-04-26T12:32:54+00:00","og_image":[{"width":600,"height":600,"url":"https:\/\/loewentestneu.metafex.io\/wp-content\/uploads\/2024\/04\/Practice-book-of-micro-immunotherapy-Author-Corinne-I-Heitz.webp","type":"image\/webp"}],"twitter_card":"summary_large_image","twitter_misc":{"Tiempo de lectura":"1 minuto"},"schema":{"@context":"https:\/\/schema.org","@graph":[{"@type":"WebPage","@id":"https:\/\/loewentestneu.metafex.io\/es\/producto\/libro-de-practicas-de-micro-inmunoterapia","url":"https:\/\/loewentestneu.metafex.io\/es\/producto\/libro-de-practicas-de-micro-inmunoterapia","name":"Libro de pr\u00e1cticas de microinmunoterapia (ingl\u00e9s) &#187; Lion Pharmacy >> ordene aqu\u00ed","isPartOf":{"@id":"https:\/\/loewentestneu.metafex.io\/es#website"},"primaryImageOfPage":{"@id":"https:\/\/loewentestneu.metafex.io\/es\/producto\/libro-de-practicas-de-micro-inmunoterapia#primaryimage"},"image":{"@id":"https:\/\/loewentestneu.metafex.io\/es\/producto\/libro-de-practicas-de-micro-inmunoterapia#primaryimage"},"thumbnailUrl":"https:\/\/loewentestneu.metafex.io\/wp-content\/uploads\/2024\/04\/Practice-book-of-micro-immunotherapy-Author-Corinne-I-Heitz.webp","datePublished":"2024-04-26T12:14:01+00:00","dateModified":"2024-04-26T12:32:54+00:00","description":"Farmacia online alemana registrada | Pago seguro | M\u00e1s informaci\u00f3n sobre la microinmunoterapia | Libro de pr\u00e1cticas de microinmunoterapia (ingl\u00e9s)","breadcrumb":{"@id":"https:\/\/loewentestneu.metafex.io\/es\/producto\/libro-de-practicas-de-micro-inmunoterapia#breadcrumb"},"inLanguage":"es","potentialAction":[{"@type":"ReadAction","target":["https:\/\/loewentestneu.metafex.io\/es\/producto\/libro-de-practicas-de-micro-inmunoterapia"]}]},{"@type":"ImageObject","inLanguage":"es","@id":"https:\/\/loewentestneu.metafex.io\/es\/producto\/libro-de-practicas-de-micro-inmunoterapia#primaryimage","url":"https:\/\/loewentestneu.metafex.io\/wp-content\/uploads\/2024\/04\/Practice-book-of-micro-immunotherapy-Author-Corinne-I-Heitz.webp","contentUrl":"https:\/\/loewentestneu.metafex.io\/wp-content\/uploads\/2024\/04\/Practice-book-of-micro-immunotherapy-Author-Corinne-I-Heitz.webp","width":600,"height":600,"caption":"Libro de pr\u00e1ctica de microinmunoterapia Autor-Corinne-I-Heitz"},{"@type":"BreadcrumbList","@id":"https:\/\/loewentestneu.metafex.io\/es\/producto\/libro-de-practicas-de-micro-inmunoterapia#breadcrumb","itemListElement":[{"@type":"ListItem","position":1,"name":"Home","item":"https:\/\/loewentestneu.metafex.io\/es\/homepage-lion-pharmacy"},{"@type":"ListItem","position":2,"name":"Shop","item":"https:\/\/loewentestneu.metafex.io\/es\/tienda"},{"@type":"ListItem","position":3,"name":"Libro de pr\u00e1cticas de microinmunoterapia (ingl\u00e9s)"}]},{"@type":"WebSite","@id":"https:\/\/loewentestneu.metafex.io\/es#website","url":"https:\/\/loewentestneu.metafex.io\/es","name":"Lions Pharmacy","description":"Farmacia especializada en naturopat\u00eda de Baden-Baden, Alemania","publisher":{"@id":"https:\/\/loewentestneu.metafex.io\/es#organization"},"alternateName":"Lion Pharmacy","potentialAction":[{"@type":"SearchAction","target":{"@type":"EntryPoint","urlTemplate":"https:\/\/loewentestneu.metafex.io\/es?s={search_term_string}"},"query-input":{"@type":"PropertyValueSpecification","valueRequired":true,"valueName":"search_term_string"}}],"inLanguage":"es"},{"@type":"Organization","@id":"https:\/\/loewentestneu.metafex.io\/es#organization","name":"Lions Pharmacy","alternateName":"Lions Pharmacy24","url":"https:\/\/loewentestneu.metafex.io\/es","logo":{"@type":"ImageObject","inLanguage":"es","@id":"https:\/\/loewentestneu.metafex.io\/es#\/schema\/logo\/image\/","url":"https:\/\/loewentestneu.metafex.io\/wp-content\/uploads\/2022\/12\/Logo-Lion-Pharmacy-c-o-Loewen-Apotheke-smal.jpg","contentUrl":"https:\/\/loewentestneu.metafex.io\/wp-content\/uploads\/2022\/12\/Logo-Lion-Pharmacy-c-o-Loewen-Apotheke-smal.jpg","width":298,"height":99,"caption":"Lions Pharmacy"},"image":{"@id":"https:\/\/loewentestneu.metafex.io\/es#\/schema\/logo\/image\/"}}]}},"_links":{"self":[{"href":"https:\/\/loewentestneu.metafex.io\/es\/wp-json\/wp\/v2\/product\/3742","targetHints":{"allow":["GET"]}}],"collection":[{"href":"https:\/\/loewentestneu.metafex.io\/es\/wp-json\/wp\/v2\/product"}],"about":[{"href":"https:\/\/loewentestneu.metafex.io\/es\/wp-json\/wp\/v2\/types\/product"}],"replies":[{"embeddable":true,"href":"https:\/\/loewentestneu.metafex.io\/es\/wp-json\/wp\/v2\/comments?post=3742"}],"wp:featuredmedia":[{"embeddable":true,"href":"https:\/\/loewentestneu.metafex.io\/es\/wp-json\/wp\/v2\/media\/3748"}],"wp:attachment":[{"href":"https:\/\/loewentestneu.metafex.io\/es\/wp-json\/wp\/v2\/media?parent=3742"}],"wp:term":[{"taxonomy":"product_brand","embeddable":true,"href":"https:\/\/loewentestneu.metafex.io\/es\/wp-json\/wp\/v2\/product_brand?post=3742"},{"taxonomy":"product_cat","embeddable":true,"href":"https:\/\/loewentestneu.metafex.io\/es\/wp-json\/wp\/v2\/product_cat?post=3742"},{"taxonomy":"product_tag","embeddable":true,"href":"https:\/\/loewentestneu.metafex.io\/es\/wp-json\/wp\/v2\/product_tag?post=3742"}],"curies":[{"name":"wp","href":"https:\/\/api.w.org\/{rel}","templated":true}]}}