{"id":4390,"date":"2024-09-07T09:26:18","date_gmt":"2024-09-07T08:26:18","guid":{"rendered":"https:\/\/lions-pharmacy.com\/?post_type=product&#038;p=4390"},"modified":"2025-01-24T18:03:50","modified_gmt":"2025-01-24T17:03:50","slug":"umckaloabo-liquid-100-ml-00930673","status":"publish","type":"product","link":"https:\/\/loewentestneu.metafex.io\/es\/producto\/umckaloabo-liquid-100-ml-00930673","title":{"rendered":"Umckaloabo l\u00edquido 100 ml"},"content":{"rendered":"<h3 style=\"text-align: left;\">Umckaloabo l\u00edquido<\/h3>\n<p>Umckaloabo l\u00edquido: En el tratamiento de las infecciones de las v\u00edas respiratorias, como la bronquitis aguda con sus s\u00edntomas t\u00edpicos, es especialmente importante no tratar s\u00f3lo los s\u00edntomas, sino sobre todo combatir los pat\u00f3genos causantes con una medicaci\u00f3n adecuada. Aqu\u00ed es exactamente donde entra Umckaloabo. El principio activo especial EPs\u00ae 7630 del medicamento act\u00faa espec\u00edficamente contra la causa de la infecci\u00f3n. El antiinfeccioso a base de plantas para la bronquitis aguda.<\/p>\n<p>Incluso con un ligero picor de garganta inicial y un resfriado, el Umckaloabo tiene un efecto expectorante y refuerza el sistema inmunitario.<\/p>\n<ul style=\"list-style-type: square;\">\n<li>Umckaloabo\u00ae act\u00faa espec\u00edficamente contra la causa de la infecci\u00f3n.<\/li>\n<li>Combate los pat\u00f3genos, alivia los s\u00edntomas y acelera la curaci\u00f3n<\/li>\n<li>Puramente herbal y bien tolerado<\/li>\n<li>Para toda la familia (a partir de 1 a\u00f1o)<\/li>\n<\/ul>\n<p>Aqu\u00ed puedes encontrar m\u00e1s informaci\u00f3n sobre el producto Umckaloabo l\u00edquido y el <a href=\"https:\/\/www.umckaloabo.de\/de\/umckaloabo-produkte\/umckaloabo-tropfen\" target=\"_blank\" rel=\"noopener\">fabricante Dr. Schwabe<\/a><\/p>\n<p>Dr. Willmar Schwabe GmbH &amp; Co. KG es la empresa matriz del Grupo Schwabe y tambi\u00e9n se le conoce como Grupo de Empresas Schwabe o Grupo Schwabe. La compa\u00f1\u00eda farmac\u00e9utica fue fundada en Leipzig en 1865. La sede se traslad\u00f3 a Karlsruhe en 1946. El Grupo se centra en la industria sanitaria y farmac\u00e9utica, especializ\u00e1ndose en medicinas herbales y homeop\u00e1ticas, fitof\u00e1rmacos y homeop\u00e1ticos, suplementos nutricionales de origen de plantas medicinales y servicios adicionales para la atenci\u00f3n sanitaria hol\u00edstica y la autoayuda, como programas de formaci\u00f3n para la aptitud mental y f\u00edsica. Entre ellas se encuentran las marcas Tebonin, Umckaloabo.<\/p>\n<p>Otros productos de <a href=\"\/de?product_cat=schwabe\">Dr. Schwabe <\/a>de la gama Umckaloabo l\u00edquido.<\/p>\n<p>Para conocer los riesgos y efectos secundarios, lea el prospecto y consulte a su m\u00e9dico o farmac\u00e9utico.<\/p>\n<h3 style=\"text-align: left;\">Prescripci\u00f3n | \u00bfReceta electr\u00f3nica disponible?<\/h3>\n<p>Env\u00ede su receta electr\u00f3nica ahora. Utilice nuestra aplicaci\u00f3n <a href=\"https:\/\/e-rezept-app.de\/shop-rezept\" target=\"_blank\" rel=\"noopener\">de recetas electr\u00f3nicas<\/a> . \u00a1Y te damos los gastos de env\u00edo gratis en Alemania!<\/p>\n","protected":false},"excerpt":{"rendered":"<h2 style=\"text-align: left;\">Umckaloabo l\u00edquido<\/h2>\n<div class=\"rating__wrap\">\n<p>El antiinfeccioso a base de plantas para la bronquitis aguda.<\/p>\n<p>&nbsp;<\/p>\n<p><strong>PZN<\/strong>: 00930673 (N\u00famero Central de Farmacia)<\/p>\n<p><strong>Forma farmac\u00e9utica<\/strong>: gotas &#8211; 100ml<\/p>\n<p><strong>Tipo de receta<\/strong>: sin receta<\/p>\n<p><strong>Marca<\/strong>: <a href=\"https:\/\/www.umckaloabo.de\/de\" target=\"_blank\" rel=\"noopener\">Umckaloabo <\/a>\u00ae<\/p>\n<p><strong>Fabricante<\/strong>: <a href=\"https:\/\/www.loewen-apotheke24.com\/de\/product_cat\/schwabe\/\">Dr.Willmar Schwabe GmbH &amp; Co.KG<\/a><\/p>\n<\/div>\n","protected":false},"featured_media":4320,"comment_status":"closed","ping_status":"closed","template":"","meta":[],"product_brand":[],"product_cat":[463,125,116],"product_tag":[489,492,490,488],"class_list":{"0":"post-4390","1":"product","2":"type-product","3":"status-publish","4":"has-post-thumbnail","6":"product_cat-dr-schwabe-es","7":"product_cat-sale-es","8":"product_cat-sin-categorizar","9":"product_tag-dr-schwabe-es","10":"product_tag-gripe-y-resfriado","11":"product_tag-ingrediente-activo-a-base-de-hierbas","12":"product_tag-remedios-naturales","13":"ts_product_brand-all-es","14":"ts_product_brand-dr-schwabe-es","16":"first","17":"instock","18":"sale","19":"taxable","20":"shipping-taxable","21":"purchasable","22":"product-type-simple"},"yoast_head":"<!-- This site is optimized with the Yoast SEO plugin v26.5 - https:\/\/yoast.com\/wordpress\/plugins\/seo\/ -->\n<title>Umckaloabo l\u00edquido 100 ml &#187; Lion Pharmacy<\/title>\n<meta name=\"description\" content=\"Farmacia Leones | Farmacia en l\u00ednea alemana registrada | Env\u00edo internacional r\u00e1pido | Compras en l\u00ednea convenientes y seguras | Umckaloabo l\u00edquido 100 ml\" \/>\n<meta name=\"robots\" content=\"noindex, follow, max-snippet:-1, max-image-preview:large, max-video-preview:-1\" \/>\n<meta property=\"og:locale\" content=\"es_ES\" \/>\n<meta property=\"og:type\" content=\"article\" \/>\n<meta property=\"og:title\" content=\"Umckaloabo l\u00edquido 100 ml &#187; Lion Pharmacy\" \/>\n<meta property=\"og:description\" content=\"Farmacia Leones | Farmacia en l\u00ednea alemana registrada | Env\u00edo internacional r\u00e1pido | Compras en l\u00ednea convenientes y seguras | Umckaloabo l\u00edquido 100 ml\" \/>\n<meta property=\"og:url\" content=\"https:\/\/loewentestneu.metafex.io\/es\/producto\/umckaloabo-liquid-100-ml-00930673\" \/>\n<meta property=\"og:site_name\" content=\"Lion Pharmacy\" \/>\n<meta property=\"article:modified_time\" content=\"2025-01-24T17:03:50+00:00\" \/>\n<meta property=\"og:image\" content=\"https:\/\/loewentestneu.metafex.io\/wp-content\/uploads\/2024\/09\/umckaloabo.webp\" \/>\n\t<meta property=\"og:image:width\" content=\"600\" \/>\n\t<meta property=\"og:image:height\" content=\"600\" \/>\n\t<meta property=\"og:image:type\" content=\"image\/webp\" \/>\n<meta name=\"twitter:card\" content=\"summary_large_image\" \/>\n<meta name=\"twitter:label1\" content=\"Tiempo de lectura\" \/>\n\t<meta name=\"twitter:data1\" content=\"2 minutos\" \/>\n<script type=\"application\/ld+json\" class=\"yoast-schema-graph\">{\"@context\":\"https:\/\/schema.org\",\"@graph\":[{\"@type\":\"WebPage\",\"@id\":\"https:\/\/loewentestneu.metafex.io\/es\/producto\/umckaloabo-liquid-100-ml-00930673\",\"url\":\"https:\/\/loewentestneu.metafex.io\/es\/producto\/umckaloabo-liquid-100-ml-00930673\",\"name\":\"Umckaloabo l\u00edquido 100 ml &#187; Lion Pharmacy\",\"isPartOf\":{\"@id\":\"https:\/\/loewentestneu.metafex.io\/es#website\"},\"primaryImageOfPage\":{\"@id\":\"https:\/\/loewentestneu.metafex.io\/es\/producto\/umckaloabo-liquid-100-ml-00930673#primaryimage\"},\"image\":{\"@id\":\"https:\/\/loewentestneu.metafex.io\/es\/producto\/umckaloabo-liquid-100-ml-00930673#primaryimage\"},\"thumbnailUrl\":\"https:\/\/loewentestneu.metafex.io\/wp-content\/uploads\/2024\/09\/umckaloabo.webp\",\"datePublished\":\"2024-09-07T08:26:18+00:00\",\"dateModified\":\"2025-01-24T17:03:50+00:00\",\"description\":\"Farmacia Leones | Farmacia en l\u00ednea alemana registrada | Env\u00edo internacional r\u00e1pido | Compras en l\u00ednea convenientes y seguras | Umckaloabo l\u00edquido 100 ml\",\"breadcrumb\":{\"@id\":\"https:\/\/loewentestneu.metafex.io\/es\/producto\/umckaloabo-liquid-100-ml-00930673#breadcrumb\"},\"inLanguage\":\"es\",\"potentialAction\":[{\"@type\":\"ReadAction\",\"target\":[\"https:\/\/loewentestneu.metafex.io\/es\/producto\/umckaloabo-liquid-100-ml-00930673\"]}]},{\"@type\":\"ImageObject\",\"inLanguage\":\"es\",\"@id\":\"https:\/\/loewentestneu.metafex.io\/es\/producto\/umckaloabo-liquid-100-ml-00930673#primaryimage\",\"url\":\"https:\/\/loewentestneu.metafex.io\/wp-content\/uploads\/2024\/09\/umckaloabo.webp\",\"contentUrl\":\"https:\/\/loewentestneu.metafex.io\/wp-content\/uploads\/2024\/09\/umckaloabo.webp\",\"width\":600,\"height\":600,\"caption\":\"umckaloabo l\u00edquido 100ml, PZN 00930673, Dr. Schwabe, Farmacia de los Leones\"},{\"@type\":\"BreadcrumbList\",\"@id\":\"https:\/\/loewentestneu.metafex.io\/es\/producto\/umckaloabo-liquid-100-ml-00930673#breadcrumb\",\"itemListElement\":[{\"@type\":\"ListItem\",\"position\":1,\"name\":\"Home\",\"item\":\"https:\/\/loewentestneu.metafex.io\/es\/homepage-lion-pharmacy\"},{\"@type\":\"ListItem\",\"position\":2,\"name\":\"Shop\",\"item\":\"https:\/\/loewentestneu.metafex.io\/es\/tienda\"},{\"@type\":\"ListItem\",\"position\":3,\"name\":\"Umckaloabo l\u00edquido 100 ml\"}]},{\"@type\":\"WebSite\",\"@id\":\"https:\/\/loewentestneu.metafex.io\/es#website\",\"url\":\"https:\/\/loewentestneu.metafex.io\/es\",\"name\":\"Lions Pharmacy\",\"description\":\"Farmacia especializada en naturopat\u00eda de Baden-Baden, Alemania\",\"publisher\":{\"@id\":\"https:\/\/loewentestneu.metafex.io\/es#organization\"},\"alternateName\":\"Lion Pharmacy\",\"potentialAction\":[{\"@type\":\"SearchAction\",\"target\":{\"@type\":\"EntryPoint\",\"urlTemplate\":\"https:\/\/loewentestneu.metafex.io\/es?s={search_term_string}\"},\"query-input\":{\"@type\":\"PropertyValueSpecification\",\"valueRequired\":true,\"valueName\":\"search_term_string\"}}],\"inLanguage\":\"es\"},{\"@type\":\"Organization\",\"@id\":\"https:\/\/loewentestneu.metafex.io\/es#organization\",\"name\":\"Lions Pharmacy\",\"alternateName\":\"Lions Pharmacy24\",\"url\":\"https:\/\/loewentestneu.metafex.io\/es\",\"logo\":{\"@type\":\"ImageObject\",\"inLanguage\":\"es\",\"@id\":\"https:\/\/loewentestneu.metafex.io\/es#\/schema\/logo\/image\/\",\"url\":\"https:\/\/loewentestneu.metafex.io\/wp-content\/uploads\/2022\/12\/Logo-Lion-Pharmacy-c-o-Loewen-Apotheke-smal.jpg\",\"contentUrl\":\"https:\/\/loewentestneu.metafex.io\/wp-content\/uploads\/2022\/12\/Logo-Lion-Pharmacy-c-o-Loewen-Apotheke-smal.jpg\",\"width\":298,\"height\":99,\"caption\":\"Lions Pharmacy\"},\"image\":{\"@id\":\"https:\/\/loewentestneu.metafex.io\/es#\/schema\/logo\/image\/\"}}]}<\/script>\n<!-- \/ Yoast SEO plugin. -->","yoast_head_json":{"title":"Umckaloabo l\u00edquido 100 ml &#187; Lion Pharmacy","description":"Farmacia Leones | Farmacia en l\u00ednea alemana registrada | Env\u00edo internacional r\u00e1pido | Compras en l\u00ednea convenientes y seguras | Umckaloabo l\u00edquido 100 ml","robots":{"index":"noindex","follow":"follow","max-snippet":"max-snippet:-1","max-image-preview":"max-image-preview:large","max-video-preview":"max-video-preview:-1"},"og_locale":"es_ES","og_type":"article","og_title":"Umckaloabo l\u00edquido 100 ml &#187; Lion Pharmacy","og_description":"Farmacia Leones | Farmacia en l\u00ednea alemana registrada | Env\u00edo internacional r\u00e1pido | Compras en l\u00ednea convenientes y seguras | Umckaloabo l\u00edquido 100 ml","og_url":"https:\/\/loewentestneu.metafex.io\/es\/producto\/umckaloabo-liquid-100-ml-00930673","og_site_name":"Lion Pharmacy","article_modified_time":"2025-01-24T17:03:50+00:00","og_image":[{"width":600,"height":600,"url":"https:\/\/loewentestneu.metafex.io\/wp-content\/uploads\/2024\/09\/umckaloabo.webp","type":"image\/webp"}],"twitter_card":"summary_large_image","twitter_misc":{"Tiempo de lectura":"2 minutos"},"schema":{"@context":"https:\/\/schema.org","@graph":[{"@type":"WebPage","@id":"https:\/\/loewentestneu.metafex.io\/es\/producto\/umckaloabo-liquid-100-ml-00930673","url":"https:\/\/loewentestneu.metafex.io\/es\/producto\/umckaloabo-liquid-100-ml-00930673","name":"Umckaloabo l\u00edquido 100 ml &#187; Lion Pharmacy","isPartOf":{"@id":"https:\/\/loewentestneu.metafex.io\/es#website"},"primaryImageOfPage":{"@id":"https:\/\/loewentestneu.metafex.io\/es\/producto\/umckaloabo-liquid-100-ml-00930673#primaryimage"},"image":{"@id":"https:\/\/loewentestneu.metafex.io\/es\/producto\/umckaloabo-liquid-100-ml-00930673#primaryimage"},"thumbnailUrl":"https:\/\/loewentestneu.metafex.io\/wp-content\/uploads\/2024\/09\/umckaloabo.webp","datePublished":"2024-09-07T08:26:18+00:00","dateModified":"2025-01-24T17:03:50+00:00","description":"Farmacia Leones | Farmacia en l\u00ednea alemana registrada | Env\u00edo internacional r\u00e1pido | Compras en l\u00ednea convenientes y seguras | Umckaloabo l\u00edquido 100 ml","breadcrumb":{"@id":"https:\/\/loewentestneu.metafex.io\/es\/producto\/umckaloabo-liquid-100-ml-00930673#breadcrumb"},"inLanguage":"es","potentialAction":[{"@type":"ReadAction","target":["https:\/\/loewentestneu.metafex.io\/es\/producto\/umckaloabo-liquid-100-ml-00930673"]}]},{"@type":"ImageObject","inLanguage":"es","@id":"https:\/\/loewentestneu.metafex.io\/es\/producto\/umckaloabo-liquid-100-ml-00930673#primaryimage","url":"https:\/\/loewentestneu.metafex.io\/wp-content\/uploads\/2024\/09\/umckaloabo.webp","contentUrl":"https:\/\/loewentestneu.metafex.io\/wp-content\/uploads\/2024\/09\/umckaloabo.webp","width":600,"height":600,"caption":"umckaloabo l\u00edquido 100ml, PZN 00930673, Dr. Schwabe, Farmacia de los Leones"},{"@type":"BreadcrumbList","@id":"https:\/\/loewentestneu.metafex.io\/es\/producto\/umckaloabo-liquid-100-ml-00930673#breadcrumb","itemListElement":[{"@type":"ListItem","position":1,"name":"Home","item":"https:\/\/loewentestneu.metafex.io\/es\/homepage-lion-pharmacy"},{"@type":"ListItem","position":2,"name":"Shop","item":"https:\/\/loewentestneu.metafex.io\/es\/tienda"},{"@type":"ListItem","position":3,"name":"Umckaloabo l\u00edquido 100 ml"}]},{"@type":"WebSite","@id":"https:\/\/loewentestneu.metafex.io\/es#website","url":"https:\/\/loewentestneu.metafex.io\/es","name":"Lions Pharmacy","description":"Farmacia especializada en naturopat\u00eda de Baden-Baden, Alemania","publisher":{"@id":"https:\/\/loewentestneu.metafex.io\/es#organization"},"alternateName":"Lion Pharmacy","potentialAction":[{"@type":"SearchAction","target":{"@type":"EntryPoint","urlTemplate":"https:\/\/loewentestneu.metafex.io\/es?s={search_term_string}"},"query-input":{"@type":"PropertyValueSpecification","valueRequired":true,"valueName":"search_term_string"}}],"inLanguage":"es"},{"@type":"Organization","@id":"https:\/\/loewentestneu.metafex.io\/es#organization","name":"Lions Pharmacy","alternateName":"Lions Pharmacy24","url":"https:\/\/loewentestneu.metafex.io\/es","logo":{"@type":"ImageObject","inLanguage":"es","@id":"https:\/\/loewentestneu.metafex.io\/es#\/schema\/logo\/image\/","url":"https:\/\/loewentestneu.metafex.io\/wp-content\/uploads\/2022\/12\/Logo-Lion-Pharmacy-c-o-Loewen-Apotheke-smal.jpg","contentUrl":"https:\/\/loewentestneu.metafex.io\/wp-content\/uploads\/2022\/12\/Logo-Lion-Pharmacy-c-o-Loewen-Apotheke-smal.jpg","width":298,"height":99,"caption":"Lions Pharmacy"},"image":{"@id":"https:\/\/loewentestneu.metafex.io\/es#\/schema\/logo\/image\/"}}]}},"_links":{"self":[{"href":"https:\/\/loewentestneu.metafex.io\/es\/wp-json\/wp\/v2\/product\/4390","targetHints":{"allow":["GET"]}}],"collection":[{"href":"https:\/\/loewentestneu.metafex.io\/es\/wp-json\/wp\/v2\/product"}],"about":[{"href":"https:\/\/loewentestneu.metafex.io\/es\/wp-json\/wp\/v2\/types\/product"}],"replies":[{"embeddable":true,"href":"https:\/\/loewentestneu.metafex.io\/es\/wp-json\/wp\/v2\/comments?post=4390"}],"wp:featuredmedia":[{"embeddable":true,"href":"https:\/\/loewentestneu.metafex.io\/es\/wp-json\/wp\/v2\/media\/4320"}],"wp:attachment":[{"href":"https:\/\/loewentestneu.metafex.io\/es\/wp-json\/wp\/v2\/media?parent=4390"}],"wp:term":[{"taxonomy":"product_brand","embeddable":true,"href":"https:\/\/loewentestneu.metafex.io\/es\/wp-json\/wp\/v2\/product_brand?post=4390"},{"taxonomy":"product_cat","embeddable":true,"href":"https:\/\/loewentestneu.metafex.io\/es\/wp-json\/wp\/v2\/product_cat?post=4390"},{"taxonomy":"product_tag","embeddable":true,"href":"https:\/\/loewentestneu.metafex.io\/es\/wp-json\/wp\/v2\/product_tag?post=4390"}],"curies":[{"name":"wp","href":"https:\/\/api.w.org\/{rel}","templated":true}]}}