{"id":4394,"date":"2024-09-06T06:11:07","date_gmt":"2024-09-06T05:11:07","guid":{"rendered":"https:\/\/lions-pharmacy.com\/?post_type=product&#038;p=4394"},"modified":"2025-01-24T17:55:11","modified_gmt":"2025-01-24T16:55:11","slug":"crataegutt-450-mg-cardiovascular-tablets-14064541","status":"publish","type":"product","link":"https:\/\/loewentestneu.metafex.io\/es\/producto\/crataegutt-450-mg-cardiovascular-tablets-14064541","title":{"rendered":"Crataegutt 450 mg comprimidos 200 uds."},"content":{"rendered":"<h2 style=\"text-align: left;\">Crataegutt 450 mg Comprimidos Cardiovasculares<\/h2>\n<p>Crataegutt 450 mg Comprimidos Cardiovasculares son medicamentos a base de plantas bien tolerados para apoyar la funci\u00f3n cardiovascular. Contienen el extracto especial de espino WS\u00ae 1442 de hojas y flores de espino. Esto ayuda a tu sistema cardiovascular reforzando la potencia de bombeo del coraz\u00f3n y manteniendo el\u00e1sticos los vasos sangu\u00edneos. Esto permite que la sangre fluya m\u00e1s f\u00e1cilmente por el cuerpo y suministre ox\u00edgeno al organismo.<\/p>\n<p>El extracto de espino blanco que contiene tambi\u00e9n puede utilizarse como antienvejecimiento, protege las c\u00e9lulas nerviosas y tambi\u00e9n mejora los trastornos cognitivos y el Alzheimer.<br \/>\nEl Crataegutt tiene un efecto positivo en la cicatrizaci\u00f3n de heridas y tambi\u00e9n puede ser un compa\u00f1ero para la depresi\u00f3n y la ansiedad.<\/p>\n<p>Dr. Willmar Schwabe GmbH &amp; Co. KG es la empresa matriz del Grupo Schwabe y tambi\u00e9n se le conoce como Grupo de Empresas Schwabe o Grupo Schwabe. La compa\u00f1\u00eda farmac\u00e9utica fue fundada en Leipzig en 1865. La sede se traslad\u00f3 a Karlsruhe en 1946. El Grupo se centra en la industria sanitaria y farmac\u00e9utica, especializ\u00e1ndose en medicinas herbales y homeop\u00e1ticas, fitof\u00e1rmacos y homeop\u00e1ticos, suplementos nutricionales de origen de plantas medicinales y servicios adicionales para la atenci\u00f3n sanitaria hol\u00edstica y la autoayuda, como programas de formaci\u00f3n para la aptitud mental y f\u00edsica. Entre ellas se encuentran las marcas Tebonin, Umckaloabo.<\/p>\n<p>Otros productos de <a href=\"\/de?product_cat=schwabe\">Dr. Schwabe en nuestro surtido<\/a><br \/>\nPuedes encontrar m\u00e1s informaci\u00f3n sobre Crataegutt 450 mg en la p\u00e1gina web del fabricante: <a href=\"https:\/\/www.crataegutt.de\/produkte\/crataegutt-tabletten\" target=\"_blank\" rel=\"noopener\">Informaci\u00f3n sobre el producto y el fabricante Dr. Schwabe<\/a><br \/>\nOtros clientes tambi\u00e9n se interesaron por productos del tema <a href=\"\/de?product_tag=vital\">Vitalidad, p\u00e9rdida de rendimiento y olvido<\/a> | Cardiovascular<\/p>\n<p>La informaci\u00f3n contenida en este sitio web se facilita \u00fanicamente con fines informativos. En ning\u00fan caso sustituyen al examen y tratamiento por un m\u00e9dico. Tenga en cuenta que esto significa que no se pueden hacer diagn\u00f3sticos ni iniciar terapias.<\/p>\n<p>Para conocer los riesgos y efectos secundarios, lea el prospecto y consulte a su m\u00e9dico o farmac\u00e9utico.<\/p>\n","protected":false},"excerpt":{"rendered":"<h2 style=\"text-align: left;\">crataegutt 450 mg Comprimidos Cardiovasculares<\/h2>\n<p>crataegutt 450 mg comprimidos cardiovasculares &#8211; medicamentos a base de plantas para apoyar la funci\u00f3n cardiovascular.<\/p>\n<p>&nbsp;<\/p>\n<p><strong>PZN<\/strong>: 14064541 (N\u00famero Central de Farmacia)<\/p>\n<p><strong>Forma farmac\u00e9utica<\/strong>: comprimidos recubiertos con pel\u00edcula &#8211; 200 uds.<\/p>\n<p><strong>Tipo de receta<\/strong>: sin receta<\/p>\n<p><strong>Marca<\/strong>: Crataegutt<\/p>\n<p><strong>Fabricante<\/strong>: Dr.Willmar Schwabe GmbH &amp; Co.KG<\/p>\n","protected":false},"featured_media":5909,"comment_status":"closed","ping_status":"closed","template":"","meta":[],"product_brand":[],"product_cat":[463,125,116],"product_tag":[489,490,507,488],"class_list":{"0":"post-4394","1":"product","2":"type-product","3":"status-publish","4":"has-post-thumbnail","6":"product_cat-dr-schwabe-es","7":"product_cat-sale-es","8":"product_cat-sin-categorizar","9":"product_tag-dr-schwabe-es","10":"product_tag-ingrediente-activo-a-base-de-hierbas","11":"product_tag-mareos","12":"product_tag-remedios-naturales","13":"ts_product_brand-all-es","14":"ts_product_brand-dr-schwabe-es","16":"first","17":"instock","18":"sale","19":"taxable","20":"shipping-taxable","21":"purchasable","22":"product-type-simple"},"yoast_head":"<!-- This site is optimized with the Yoast SEO plugin v26.5 - https:\/\/yoast.com\/wordpress\/plugins\/seo\/ -->\n<title>Crataegutt 450 mg comprimidos 200 uds. &#187; Lion Pharmacy<\/title>\n<meta name=\"description\" content=\"Lions Pharmacy | Farmacia en l\u00ednea alemana registrada. Ofrecemos: env\u00edo internacional r\u00e1pido y compras convenientes. Crataegutt 450 mg comprimidos 200 uds.\" \/>\n<meta name=\"robots\" content=\"noindex, follow, max-snippet:-1, max-image-preview:large, max-video-preview:-1\" \/>\n<meta property=\"og:locale\" content=\"es_ES\" \/>\n<meta property=\"og:type\" content=\"article\" \/>\n<meta property=\"og:title\" content=\"Crataegutt 450 mg comprimidos 200 uds. &#187; Lion Pharmacy\" \/>\n<meta property=\"og:description\" content=\"Lions Pharmacy | Farmacia en l\u00ednea alemana registrada. Ofrecemos: env\u00edo internacional r\u00e1pido y compras convenientes. Crataegutt 450 mg comprimidos 200 uds.\" \/>\n<meta property=\"og:url\" content=\"https:\/\/loewentestneu.metafex.io\/es\/producto\/crataegutt-450-mg-cardiovascular-tablets-14064541\" \/>\n<meta property=\"og:site_name\" content=\"Lion Pharmacy\" \/>\n<meta property=\"article:modified_time\" content=\"2025-01-24T16:55:11+00:00\" \/>\n<meta property=\"og:image\" content=\"https:\/\/loewentestneu.metafex.io\/wp-content\/uploads\/2024\/09\/crata-1-1.webp\" \/>\n\t<meta property=\"og:image:width\" content=\"600\" \/>\n\t<meta property=\"og:image:height\" content=\"600\" \/>\n\t<meta property=\"og:image:type\" content=\"image\/webp\" \/>\n<meta name=\"twitter:card\" content=\"summary_large_image\" \/>\n<meta name=\"twitter:label1\" content=\"Tiempo de lectura\" \/>\n\t<meta name=\"twitter:data1\" content=\"2 minutos\" \/>\n<script type=\"application\/ld+json\" class=\"yoast-schema-graph\">{\"@context\":\"https:\/\/schema.org\",\"@graph\":[{\"@type\":\"WebPage\",\"@id\":\"https:\/\/loewentestneu.metafex.io\/es\/producto\/crataegutt-450-mg-cardiovascular-tablets-14064541\",\"url\":\"https:\/\/loewentestneu.metafex.io\/es\/producto\/crataegutt-450-mg-cardiovascular-tablets-14064541\",\"name\":\"Crataegutt 450 mg comprimidos 200 uds. &#187; Lion Pharmacy\",\"isPartOf\":{\"@id\":\"https:\/\/loewentestneu.metafex.io\/es#website\"},\"primaryImageOfPage\":{\"@id\":\"https:\/\/loewentestneu.metafex.io\/es\/producto\/crataegutt-450-mg-cardiovascular-tablets-14064541#primaryimage\"},\"image\":{\"@id\":\"https:\/\/loewentestneu.metafex.io\/es\/producto\/crataegutt-450-mg-cardiovascular-tablets-14064541#primaryimage\"},\"thumbnailUrl\":\"https:\/\/loewentestneu.metafex.io\/wp-content\/uploads\/2024\/09\/crata-1-1.webp\",\"datePublished\":\"2024-09-06T05:11:07+00:00\",\"dateModified\":\"2025-01-24T16:55:11+00:00\",\"description\":\"Lions Pharmacy | Farmacia en l\u00ednea alemana registrada. Ofrecemos: env\u00edo internacional r\u00e1pido y compras convenientes. Crataegutt 450 mg comprimidos 200 uds.\",\"breadcrumb\":{\"@id\":\"https:\/\/loewentestneu.metafex.io\/es\/producto\/crataegutt-450-mg-cardiovascular-tablets-14064541#breadcrumb\"},\"inLanguage\":\"es\",\"potentialAction\":[{\"@type\":\"ReadAction\",\"target\":[\"https:\/\/loewentestneu.metafex.io\/es\/producto\/crataegutt-450-mg-cardiovascular-tablets-14064541\"]}]},{\"@type\":\"ImageObject\",\"inLanguage\":\"es\",\"@id\":\"https:\/\/loewentestneu.metafex.io\/es\/producto\/crataegutt-450-mg-cardiovascular-tablets-14064541#primaryimage\",\"url\":\"https:\/\/loewentestneu.metafex.io\/wp-content\/uploads\/2024\/09\/crata-1-1.webp\",\"contentUrl\":\"https:\/\/loewentestneu.metafex.io\/wp-content\/uploads\/2024\/09\/crata-1-1.webp\",\"width\":600,\"height\":600,\"caption\":\"Crataegutt 200 piezas Lions Pharmacy 14064541\"},{\"@type\":\"BreadcrumbList\",\"@id\":\"https:\/\/loewentestneu.metafex.io\/es\/producto\/crataegutt-450-mg-cardiovascular-tablets-14064541#breadcrumb\",\"itemListElement\":[{\"@type\":\"ListItem\",\"position\":1,\"name\":\"Home\",\"item\":\"https:\/\/loewentestneu.metafex.io\/es\/homepage-lion-pharmacy\"},{\"@type\":\"ListItem\",\"position\":2,\"name\":\"Shop\",\"item\":\"https:\/\/loewentestneu.metafex.io\/es\/tienda\"},{\"@type\":\"ListItem\",\"position\":3,\"name\":\"Crataegutt 450 mg comprimidos 200 uds.\"}]},{\"@type\":\"WebSite\",\"@id\":\"https:\/\/loewentestneu.metafex.io\/es#website\",\"url\":\"https:\/\/loewentestneu.metafex.io\/es\",\"name\":\"Lions Pharmacy\",\"description\":\"Farmacia especializada en naturopat\u00eda de Baden-Baden, Alemania\",\"publisher\":{\"@id\":\"https:\/\/loewentestneu.metafex.io\/es#organization\"},\"alternateName\":\"Lion Pharmacy\",\"potentialAction\":[{\"@type\":\"SearchAction\",\"target\":{\"@type\":\"EntryPoint\",\"urlTemplate\":\"https:\/\/loewentestneu.metafex.io\/es?s={search_term_string}\"},\"query-input\":{\"@type\":\"PropertyValueSpecification\",\"valueRequired\":true,\"valueName\":\"search_term_string\"}}],\"inLanguage\":\"es\"},{\"@type\":\"Organization\",\"@id\":\"https:\/\/loewentestneu.metafex.io\/es#organization\",\"name\":\"Lions Pharmacy\",\"alternateName\":\"Lions Pharmacy24\",\"url\":\"https:\/\/loewentestneu.metafex.io\/es\",\"logo\":{\"@type\":\"ImageObject\",\"inLanguage\":\"es\",\"@id\":\"https:\/\/loewentestneu.metafex.io\/es#\/schema\/logo\/image\/\",\"url\":\"https:\/\/loewentestneu.metafex.io\/wp-content\/uploads\/2022\/12\/Logo-Lion-Pharmacy-c-o-Loewen-Apotheke-smal.jpg\",\"contentUrl\":\"https:\/\/loewentestneu.metafex.io\/wp-content\/uploads\/2022\/12\/Logo-Lion-Pharmacy-c-o-Loewen-Apotheke-smal.jpg\",\"width\":298,\"height\":99,\"caption\":\"Lions Pharmacy\"},\"image\":{\"@id\":\"https:\/\/loewentestneu.metafex.io\/es#\/schema\/logo\/image\/\"}}]}<\/script>\n<!-- \/ Yoast SEO plugin. -->","yoast_head_json":{"title":"Crataegutt 450 mg comprimidos 200 uds. &#187; Lion Pharmacy","description":"Lions Pharmacy | Farmacia en l\u00ednea alemana registrada. Ofrecemos: env\u00edo internacional r\u00e1pido y compras convenientes. Crataegutt 450 mg comprimidos 200 uds.","robots":{"index":"noindex","follow":"follow","max-snippet":"max-snippet:-1","max-image-preview":"max-image-preview:large","max-video-preview":"max-video-preview:-1"},"og_locale":"es_ES","og_type":"article","og_title":"Crataegutt 450 mg comprimidos 200 uds. &#187; Lion Pharmacy","og_description":"Lions Pharmacy | Farmacia en l\u00ednea alemana registrada. Ofrecemos: env\u00edo internacional r\u00e1pido y compras convenientes. Crataegutt 450 mg comprimidos 200 uds.","og_url":"https:\/\/loewentestneu.metafex.io\/es\/producto\/crataegutt-450-mg-cardiovascular-tablets-14064541","og_site_name":"Lion Pharmacy","article_modified_time":"2025-01-24T16:55:11+00:00","og_image":[{"width":600,"height":600,"url":"https:\/\/loewentestneu.metafex.io\/wp-content\/uploads\/2024\/09\/crata-1-1.webp","type":"image\/webp"}],"twitter_card":"summary_large_image","twitter_misc":{"Tiempo de lectura":"2 minutos"},"schema":{"@context":"https:\/\/schema.org","@graph":[{"@type":"WebPage","@id":"https:\/\/loewentestneu.metafex.io\/es\/producto\/crataegutt-450-mg-cardiovascular-tablets-14064541","url":"https:\/\/loewentestneu.metafex.io\/es\/producto\/crataegutt-450-mg-cardiovascular-tablets-14064541","name":"Crataegutt 450 mg comprimidos 200 uds. &#187; Lion Pharmacy","isPartOf":{"@id":"https:\/\/loewentestneu.metafex.io\/es#website"},"primaryImageOfPage":{"@id":"https:\/\/loewentestneu.metafex.io\/es\/producto\/crataegutt-450-mg-cardiovascular-tablets-14064541#primaryimage"},"image":{"@id":"https:\/\/loewentestneu.metafex.io\/es\/producto\/crataegutt-450-mg-cardiovascular-tablets-14064541#primaryimage"},"thumbnailUrl":"https:\/\/loewentestneu.metafex.io\/wp-content\/uploads\/2024\/09\/crata-1-1.webp","datePublished":"2024-09-06T05:11:07+00:00","dateModified":"2025-01-24T16:55:11+00:00","description":"Lions Pharmacy | Farmacia en l\u00ednea alemana registrada. Ofrecemos: env\u00edo internacional r\u00e1pido y compras convenientes. Crataegutt 450 mg comprimidos 200 uds.","breadcrumb":{"@id":"https:\/\/loewentestneu.metafex.io\/es\/producto\/crataegutt-450-mg-cardiovascular-tablets-14064541#breadcrumb"},"inLanguage":"es","potentialAction":[{"@type":"ReadAction","target":["https:\/\/loewentestneu.metafex.io\/es\/producto\/crataegutt-450-mg-cardiovascular-tablets-14064541"]}]},{"@type":"ImageObject","inLanguage":"es","@id":"https:\/\/loewentestneu.metafex.io\/es\/producto\/crataegutt-450-mg-cardiovascular-tablets-14064541#primaryimage","url":"https:\/\/loewentestneu.metafex.io\/wp-content\/uploads\/2024\/09\/crata-1-1.webp","contentUrl":"https:\/\/loewentestneu.metafex.io\/wp-content\/uploads\/2024\/09\/crata-1-1.webp","width":600,"height":600,"caption":"Crataegutt 200 piezas Lions Pharmacy 14064541"},{"@type":"BreadcrumbList","@id":"https:\/\/loewentestneu.metafex.io\/es\/producto\/crataegutt-450-mg-cardiovascular-tablets-14064541#breadcrumb","itemListElement":[{"@type":"ListItem","position":1,"name":"Home","item":"https:\/\/loewentestneu.metafex.io\/es\/homepage-lion-pharmacy"},{"@type":"ListItem","position":2,"name":"Shop","item":"https:\/\/loewentestneu.metafex.io\/es\/tienda"},{"@type":"ListItem","position":3,"name":"Crataegutt 450 mg comprimidos 200 uds."}]},{"@type":"WebSite","@id":"https:\/\/loewentestneu.metafex.io\/es#website","url":"https:\/\/loewentestneu.metafex.io\/es","name":"Lions Pharmacy","description":"Farmacia especializada en naturopat\u00eda de Baden-Baden, Alemania","publisher":{"@id":"https:\/\/loewentestneu.metafex.io\/es#organization"},"alternateName":"Lion Pharmacy","potentialAction":[{"@type":"SearchAction","target":{"@type":"EntryPoint","urlTemplate":"https:\/\/loewentestneu.metafex.io\/es?s={search_term_string}"},"query-input":{"@type":"PropertyValueSpecification","valueRequired":true,"valueName":"search_term_string"}}],"inLanguage":"es"},{"@type":"Organization","@id":"https:\/\/loewentestneu.metafex.io\/es#organization","name":"Lions Pharmacy","alternateName":"Lions Pharmacy24","url":"https:\/\/loewentestneu.metafex.io\/es","logo":{"@type":"ImageObject","inLanguage":"es","@id":"https:\/\/loewentestneu.metafex.io\/es#\/schema\/logo\/image\/","url":"https:\/\/loewentestneu.metafex.io\/wp-content\/uploads\/2022\/12\/Logo-Lion-Pharmacy-c-o-Loewen-Apotheke-smal.jpg","contentUrl":"https:\/\/loewentestneu.metafex.io\/wp-content\/uploads\/2022\/12\/Logo-Lion-Pharmacy-c-o-Loewen-Apotheke-smal.jpg","width":298,"height":99,"caption":"Lions Pharmacy"},"image":{"@id":"https:\/\/loewentestneu.metafex.io\/es#\/schema\/logo\/image\/"}}]}},"_links":{"self":[{"href":"https:\/\/loewentestneu.metafex.io\/es\/wp-json\/wp\/v2\/product\/4394","targetHints":{"allow":["GET"]}}],"collection":[{"href":"https:\/\/loewentestneu.metafex.io\/es\/wp-json\/wp\/v2\/product"}],"about":[{"href":"https:\/\/loewentestneu.metafex.io\/es\/wp-json\/wp\/v2\/types\/product"}],"replies":[{"embeddable":true,"href":"https:\/\/loewentestneu.metafex.io\/es\/wp-json\/wp\/v2\/comments?post=4394"}],"wp:featuredmedia":[{"embeddable":true,"href":"https:\/\/loewentestneu.metafex.io\/es\/wp-json\/wp\/v2\/media\/5909"}],"wp:attachment":[{"href":"https:\/\/loewentestneu.metafex.io\/es\/wp-json\/wp\/v2\/media?parent=4394"}],"wp:term":[{"taxonomy":"product_brand","embeddable":true,"href":"https:\/\/loewentestneu.metafex.io\/es\/wp-json\/wp\/v2\/product_brand?post=4394"},{"taxonomy":"product_cat","embeddable":true,"href":"https:\/\/loewentestneu.metafex.io\/es\/wp-json\/wp\/v2\/product_cat?post=4394"},{"taxonomy":"product_tag","embeddable":true,"href":"https:\/\/loewentestneu.metafex.io\/es\/wp-json\/wp\/v2\/product_tag?post=4394"}],"curies":[{"name":"wp","href":"https:\/\/api.w.org\/{rel}","templated":true}]}}