{"id":4458,"date":"2024-09-07T19:39:29","date_gmt":"2024-09-07T18:39:29","guid":{"rendered":"https:\/\/lions-pharmacy.com\/?post_type=product&#038;p=4458"},"modified":"2025-01-24T17:45:51","modified_gmt":"2025-01-24T16:45:51","slug":"tebonin-intens-120-mg-200-03379106","status":"publish","type":"product","link":"https:\/\/loewentestneu.metafex.io\/es\/producto\/tebonin-intens-120-mg-200-03379106","title":{"rendered":"Tebonin intens 120 mg comprimidos recubiertos con pel\u00edcula 200 uds."},"content":{"rendered":"<h2 style=\"text-align: left;\">Tebonin intens 120 mg comprimidos recubiertos con pel\u00edcula<\/h2>\n<p>Tebonin intens 120 mg es una medicina herbal de alta calidad que se utiliza para el tratamiento del olvido y la falta de concentraci\u00f3n en la vejez, ciertas formas de mareos, as\u00ed como zumbidos en los o\u00eddos y tinnitus.<\/p>\n<p>El Tebonin intens original con una dosis de 120 mg de extracto de gingko contribuye a una mejor circulaci\u00f3n sangu\u00ednea y se puede utilizar para ruidos agudos o cr\u00f3nicos en el o\u00eddo como el tinnitus, zumbidos o silbidos como el tinnitus. Tebonin intens tambi\u00e9n es adecuado para la enfermedad de Alzheimer y puede ayudar a mejorar los s\u00edntomas asociados con la demencia.<br \/>\nEl cerebro se abastece mejor de sangre con Tebonin intens y su actividad cerebral se fortalece.<br \/>\nEl efecto promotor de la circulaci\u00f3n sangu\u00ednea tambi\u00e9n es adecuado para los mareos y la sensaci\u00f3n de fr\u00edo en las manos y los pies<\/p>\n<p>Dr. Willmar Schwabe GmbH &amp; Co. KG es la empresa matriz del Grupo Schwabe y tambi\u00e9n se le conoce como Grupo de Empresas Schwabe o Grupo Schwabe. La compa\u00f1\u00eda farmac\u00e9utica fue fundada en Leipzig en 1865. La sede se traslad\u00f3 a Karlsruhe en 1946. El Grupo se centra en la industria sanitaria y farmac\u00e9utica, especializ\u00e1ndose en medicinas herbales y homeop\u00e1ticas, fitof\u00e1rmacos y homeop\u00e1ticos, suplementos nutricionales de origen de plantas medicinales y servicios adicionales para la atenci\u00f3n sanitaria hol\u00edstica y la autoayuda, como programas de formaci\u00f3n para la aptitud mental y f\u00edsica. Entre ellas se encuentran las marcas Tebonin, Umckaloabo.<\/p>\n<p>Otros productos de <a href=\"https:\/\/loewentestneu.metafex.io\/product-category\/schwabe\">Dr. Schwabe en nuestro surtido<\/a><\/p>\n<p>Puede encontrar m\u00e1s detalles del producto en el fabricante: <a href=\"https:\/\/www.tebonin.de\/\" target=\"_blank\" rel=\"noopener\">Informaci\u00f3n sobre el producto y el fabricante Dr. Schwabe<\/a><\/p>\n<p>Otros clientes tambi\u00e9n se interesaron por productos relacionados con: Dememz | <a href=\"https:\/\/loewentestneu.metafex.io\/de?product_tag=vital\">Vitalidad, p\u00e9rdida de rendimiento y olvido<\/a> | Falta de concentraci\u00f3n<\/p>\n<p>Para conocer los riesgos y efectos secundarios, lea el prospecto y consulte a su m\u00e9dico o farmac\u00e9utico.<\/p>\n","protected":false},"excerpt":{"rendered":"<h2 style=\"text-align: left;\">Tebonin intens 120 mg<\/h2>\n<p>Para mareos de origen circulatorio o relacionados con la edad.<\/p>\n<p>&nbsp;<\/p>\n<p><strong>PZN: 03379106<\/strong> (N\u00famero Farmac\u00e9utico Central)<\/p>\n<p><strong>Forma farmac\u00e9utica<\/strong>: comprimidos recubiertos con pel\u00edcula &#8211; 200 uds.<\/p>\n<p><strong>Tipo de receta<\/strong>: sin receta<\/p>\n<p><strong>Marca<\/strong>: Tebonin<\/p>\n<p><strong>Fabricante<\/strong>: Dr.Willmar Schwabe GmbH &amp; Co.KG<\/p>\n","protected":false},"featured_media":4339,"comment_status":"closed","ping_status":"closed","template":"","meta":[],"product_brand":[],"product_cat":[463,125,116],"product_tag":[489,490,507,488,541,320],"class_list":{"0":"post-4458","1":"product","2":"type-product","3":"status-publish","4":"has-post-thumbnail","6":"product_cat-dr-schwabe-es","7":"product_cat-sale-es","8":"product_cat-sin-categorizar","9":"product_tag-dr-schwabe-es","10":"product_tag-ingrediente-activo-a-base-de-hierbas","11":"product_tag-mareos","12":"product_tag-remedios-naturales","13":"product_tag-tebonin-es","14":"product_tag-tinnitus-es","15":"ts_product_brand-all-es","16":"ts_product_brand-dr-schwabe-es","18":"first","19":"instock","20":"sale","21":"taxable","22":"shipping-taxable","23":"purchasable","24":"product-type-simple"},"yoast_head":"<!-- This site is optimized with the Yoast SEO plugin v26.5 - https:\/\/yoast.com\/wordpress\/plugins\/seo\/ -->\n<title>Tebonin intens 120 mg comprimidos recubiertos con pel\u00edcula 200 uds. &#187; Lion Pharmacy<\/title>\n<meta name=\"description\" content=\"Farmacia de los Leones | Farmacia alemana registrada. Ofrecemos: env\u00edo internacional r\u00e1pido. Dr. W. Schwabe | Tebonin intens 120 mg comprimidos recubiertos con pel\u00edcula 200 uds.\" \/>\n<meta name=\"robots\" content=\"noindex, follow, max-snippet:-1, max-image-preview:large, max-video-preview:-1\" \/>\n<meta property=\"og:locale\" content=\"es_ES\" \/>\n<meta property=\"og:type\" content=\"article\" \/>\n<meta property=\"og:title\" content=\"Tebonin intens 120 mg comprimidos recubiertos con pel\u00edcula 200 uds. &#187; Lion Pharmacy\" \/>\n<meta property=\"og:description\" content=\"Farmacia de los Leones | Farmacia alemana registrada. Ofrecemos: env\u00edo internacional r\u00e1pido. Dr. W. Schwabe | Tebonin intens 120 mg comprimidos recubiertos con pel\u00edcula 200 uds.\" \/>\n<meta property=\"og:url\" content=\"https:\/\/loewentestneu.metafex.io\/es\/producto\/tebonin-intens-120-mg-200-03379106\" \/>\n<meta property=\"og:site_name\" content=\"Lion Pharmacy\" \/>\n<meta property=\"article:modified_time\" content=\"2025-01-24T16:45:51+00:00\" \/>\n<meta property=\"og:image\" content=\"https:\/\/loewentestneu.metafex.io\/wp-content\/uploads\/2024\/09\/tebonin-intens-60-pcs.webp\" \/>\n\t<meta property=\"og:image:width\" content=\"600\" \/>\n\t<meta property=\"og:image:height\" content=\"600\" \/>\n\t<meta property=\"og:image:type\" content=\"image\/webp\" \/>\n<meta name=\"twitter:card\" content=\"summary_large_image\" \/>\n<meta name=\"twitter:label1\" content=\"Tiempo de lectura\" \/>\n\t<meta name=\"twitter:data1\" content=\"2 minutos\" \/>\n<script type=\"application\/ld+json\" class=\"yoast-schema-graph\">{\"@context\":\"https:\/\/schema.org\",\"@graph\":[{\"@type\":\"WebPage\",\"@id\":\"https:\/\/loewentestneu.metafex.io\/es\/producto\/tebonin-intens-120-mg-200-03379106\",\"url\":\"https:\/\/loewentestneu.metafex.io\/es\/producto\/tebonin-intens-120-mg-200-03379106\",\"name\":\"Tebonin intens 120 mg comprimidos recubiertos con pel\u00edcula 200 uds. &#187; Lion Pharmacy\",\"isPartOf\":{\"@id\":\"https:\/\/loewentestneu.metafex.io\/es#website\"},\"primaryImageOfPage\":{\"@id\":\"https:\/\/loewentestneu.metafex.io\/es\/producto\/tebonin-intens-120-mg-200-03379106#primaryimage\"},\"image\":{\"@id\":\"https:\/\/loewentestneu.metafex.io\/es\/producto\/tebonin-intens-120-mg-200-03379106#primaryimage\"},\"thumbnailUrl\":\"https:\/\/loewentestneu.metafex.io\/wp-content\/uploads\/2024\/09\/tebonin-intens-60-pcs.webp\",\"datePublished\":\"2024-09-07T18:39:29+00:00\",\"dateModified\":\"2025-01-24T16:45:51+00:00\",\"description\":\"Farmacia de los Leones | Farmacia alemana registrada. Ofrecemos: env\u00edo internacional r\u00e1pido. Dr. W. Schwabe | Tebonin intens 120 mg comprimidos recubiertos con pel\u00edcula 200 uds.\",\"breadcrumb\":{\"@id\":\"https:\/\/loewentestneu.metafex.io\/es\/producto\/tebonin-intens-120-mg-200-03379106#breadcrumb\"},\"inLanguage\":\"es\",\"potentialAction\":[{\"@type\":\"ReadAction\",\"target\":[\"https:\/\/loewentestneu.metafex.io\/es\/producto\/tebonin-intens-120-mg-200-03379106\"]}]},{\"@type\":\"ImageObject\",\"inLanguage\":\"es\",\"@id\":\"https:\/\/loewentestneu.metafex.io\/es\/producto\/tebonin-intens-120-mg-200-03379106#primaryimage\",\"url\":\"https:\/\/loewentestneu.metafex.io\/wp-content\/uploads\/2024\/09\/tebonin-intens-60-pcs.webp\",\"contentUrl\":\"https:\/\/loewentestneu.metafex.io\/wp-content\/uploads\/2024\/09\/tebonin-intens-60-pcs.webp\",\"width\":600,\"height\":600,\"caption\":\"tebonin intens 120mg capsoules, Dr. W. Schwabe, Farmacia de Leones, PZN 03379106\"},{\"@type\":\"BreadcrumbList\",\"@id\":\"https:\/\/loewentestneu.metafex.io\/es\/producto\/tebonin-intens-120-mg-200-03379106#breadcrumb\",\"itemListElement\":[{\"@type\":\"ListItem\",\"position\":1,\"name\":\"Home\",\"item\":\"https:\/\/loewentestneu.metafex.io\/es\/homepage-lion-pharmacy\"},{\"@type\":\"ListItem\",\"position\":2,\"name\":\"Shop\",\"item\":\"https:\/\/loewentestneu.metafex.io\/es\/tienda\"},{\"@type\":\"ListItem\",\"position\":3,\"name\":\"Tebonin intens 120 mg comprimidos recubiertos con pel\u00edcula 200 uds.\"}]},{\"@type\":\"WebSite\",\"@id\":\"https:\/\/loewentestneu.metafex.io\/es#website\",\"url\":\"https:\/\/loewentestneu.metafex.io\/es\",\"name\":\"Lions Pharmacy\",\"description\":\"Farmacia especializada en naturopat\u00eda de Baden-Baden, Alemania\",\"publisher\":{\"@id\":\"https:\/\/loewentestneu.metafex.io\/es#organization\"},\"alternateName\":\"Lion Pharmacy\",\"potentialAction\":[{\"@type\":\"SearchAction\",\"target\":{\"@type\":\"EntryPoint\",\"urlTemplate\":\"https:\/\/loewentestneu.metafex.io\/es?s={search_term_string}\"},\"query-input\":{\"@type\":\"PropertyValueSpecification\",\"valueRequired\":true,\"valueName\":\"search_term_string\"}}],\"inLanguage\":\"es\"},{\"@type\":\"Organization\",\"@id\":\"https:\/\/loewentestneu.metafex.io\/es#organization\",\"name\":\"Lions Pharmacy\",\"alternateName\":\"Lions Pharmacy24\",\"url\":\"https:\/\/loewentestneu.metafex.io\/es\",\"logo\":{\"@type\":\"ImageObject\",\"inLanguage\":\"es\",\"@id\":\"https:\/\/loewentestneu.metafex.io\/es#\/schema\/logo\/image\/\",\"url\":\"https:\/\/loewentestneu.metafex.io\/wp-content\/uploads\/2022\/12\/Logo-Lion-Pharmacy-c-o-Loewen-Apotheke-smal.jpg\",\"contentUrl\":\"https:\/\/loewentestneu.metafex.io\/wp-content\/uploads\/2022\/12\/Logo-Lion-Pharmacy-c-o-Loewen-Apotheke-smal.jpg\",\"width\":298,\"height\":99,\"caption\":\"Lions Pharmacy\"},\"image\":{\"@id\":\"https:\/\/loewentestneu.metafex.io\/es#\/schema\/logo\/image\/\"}}]}<\/script>\n<!-- \/ Yoast SEO plugin. -->","yoast_head_json":{"title":"Tebonin intens 120 mg comprimidos recubiertos con pel\u00edcula 200 uds. &#187; Lion Pharmacy","description":"Farmacia de los Leones | Farmacia alemana registrada. Ofrecemos: env\u00edo internacional r\u00e1pido. Dr. W. Schwabe | Tebonin intens 120 mg comprimidos recubiertos con pel\u00edcula 200 uds.","robots":{"index":"noindex","follow":"follow","max-snippet":"max-snippet:-1","max-image-preview":"max-image-preview:large","max-video-preview":"max-video-preview:-1"},"og_locale":"es_ES","og_type":"article","og_title":"Tebonin intens 120 mg comprimidos recubiertos con pel\u00edcula 200 uds. &#187; Lion Pharmacy","og_description":"Farmacia de los Leones | Farmacia alemana registrada. Ofrecemos: env\u00edo internacional r\u00e1pido. Dr. W. Schwabe | Tebonin intens 120 mg comprimidos recubiertos con pel\u00edcula 200 uds.","og_url":"https:\/\/loewentestneu.metafex.io\/es\/producto\/tebonin-intens-120-mg-200-03379106","og_site_name":"Lion Pharmacy","article_modified_time":"2025-01-24T16:45:51+00:00","og_image":[{"width":600,"height":600,"url":"https:\/\/loewentestneu.metafex.io\/wp-content\/uploads\/2024\/09\/tebonin-intens-60-pcs.webp","type":"image\/webp"}],"twitter_card":"summary_large_image","twitter_misc":{"Tiempo de lectura":"2 minutos"},"schema":{"@context":"https:\/\/schema.org","@graph":[{"@type":"WebPage","@id":"https:\/\/loewentestneu.metafex.io\/es\/producto\/tebonin-intens-120-mg-200-03379106","url":"https:\/\/loewentestneu.metafex.io\/es\/producto\/tebonin-intens-120-mg-200-03379106","name":"Tebonin intens 120 mg comprimidos recubiertos con pel\u00edcula 200 uds. &#187; Lion Pharmacy","isPartOf":{"@id":"https:\/\/loewentestneu.metafex.io\/es#website"},"primaryImageOfPage":{"@id":"https:\/\/loewentestneu.metafex.io\/es\/producto\/tebonin-intens-120-mg-200-03379106#primaryimage"},"image":{"@id":"https:\/\/loewentestneu.metafex.io\/es\/producto\/tebonin-intens-120-mg-200-03379106#primaryimage"},"thumbnailUrl":"https:\/\/loewentestneu.metafex.io\/wp-content\/uploads\/2024\/09\/tebonin-intens-60-pcs.webp","datePublished":"2024-09-07T18:39:29+00:00","dateModified":"2025-01-24T16:45:51+00:00","description":"Farmacia de los Leones | Farmacia alemana registrada. Ofrecemos: env\u00edo internacional r\u00e1pido. Dr. W. Schwabe | Tebonin intens 120 mg comprimidos recubiertos con pel\u00edcula 200 uds.","breadcrumb":{"@id":"https:\/\/loewentestneu.metafex.io\/es\/producto\/tebonin-intens-120-mg-200-03379106#breadcrumb"},"inLanguage":"es","potentialAction":[{"@type":"ReadAction","target":["https:\/\/loewentestneu.metafex.io\/es\/producto\/tebonin-intens-120-mg-200-03379106"]}]},{"@type":"ImageObject","inLanguage":"es","@id":"https:\/\/loewentestneu.metafex.io\/es\/producto\/tebonin-intens-120-mg-200-03379106#primaryimage","url":"https:\/\/loewentestneu.metafex.io\/wp-content\/uploads\/2024\/09\/tebonin-intens-60-pcs.webp","contentUrl":"https:\/\/loewentestneu.metafex.io\/wp-content\/uploads\/2024\/09\/tebonin-intens-60-pcs.webp","width":600,"height":600,"caption":"tebonin intens 120mg capsoules, Dr. W. Schwabe, Farmacia de Leones, PZN 03379106"},{"@type":"BreadcrumbList","@id":"https:\/\/loewentestneu.metafex.io\/es\/producto\/tebonin-intens-120-mg-200-03379106#breadcrumb","itemListElement":[{"@type":"ListItem","position":1,"name":"Home","item":"https:\/\/loewentestneu.metafex.io\/es\/homepage-lion-pharmacy"},{"@type":"ListItem","position":2,"name":"Shop","item":"https:\/\/loewentestneu.metafex.io\/es\/tienda"},{"@type":"ListItem","position":3,"name":"Tebonin intens 120 mg comprimidos recubiertos con pel\u00edcula 200 uds."}]},{"@type":"WebSite","@id":"https:\/\/loewentestneu.metafex.io\/es#website","url":"https:\/\/loewentestneu.metafex.io\/es","name":"Lions Pharmacy","description":"Farmacia especializada en naturopat\u00eda de Baden-Baden, Alemania","publisher":{"@id":"https:\/\/loewentestneu.metafex.io\/es#organization"},"alternateName":"Lion Pharmacy","potentialAction":[{"@type":"SearchAction","target":{"@type":"EntryPoint","urlTemplate":"https:\/\/loewentestneu.metafex.io\/es?s={search_term_string}"},"query-input":{"@type":"PropertyValueSpecification","valueRequired":true,"valueName":"search_term_string"}}],"inLanguage":"es"},{"@type":"Organization","@id":"https:\/\/loewentestneu.metafex.io\/es#organization","name":"Lions Pharmacy","alternateName":"Lions Pharmacy24","url":"https:\/\/loewentestneu.metafex.io\/es","logo":{"@type":"ImageObject","inLanguage":"es","@id":"https:\/\/loewentestneu.metafex.io\/es#\/schema\/logo\/image\/","url":"https:\/\/loewentestneu.metafex.io\/wp-content\/uploads\/2022\/12\/Logo-Lion-Pharmacy-c-o-Loewen-Apotheke-smal.jpg","contentUrl":"https:\/\/loewentestneu.metafex.io\/wp-content\/uploads\/2022\/12\/Logo-Lion-Pharmacy-c-o-Loewen-Apotheke-smal.jpg","width":298,"height":99,"caption":"Lions Pharmacy"},"image":{"@id":"https:\/\/loewentestneu.metafex.io\/es#\/schema\/logo\/image\/"}}]}},"_links":{"self":[{"href":"https:\/\/loewentestneu.metafex.io\/es\/wp-json\/wp\/v2\/product\/4458","targetHints":{"allow":["GET"]}}],"collection":[{"href":"https:\/\/loewentestneu.metafex.io\/es\/wp-json\/wp\/v2\/product"}],"about":[{"href":"https:\/\/loewentestneu.metafex.io\/es\/wp-json\/wp\/v2\/types\/product"}],"replies":[{"embeddable":true,"href":"https:\/\/loewentestneu.metafex.io\/es\/wp-json\/wp\/v2\/comments?post=4458"}],"wp:featuredmedia":[{"embeddable":true,"href":"https:\/\/loewentestneu.metafex.io\/es\/wp-json\/wp\/v2\/media\/4339"}],"wp:attachment":[{"href":"https:\/\/loewentestneu.metafex.io\/es\/wp-json\/wp\/v2\/media?parent=4458"}],"wp:term":[{"taxonomy":"product_brand","embeddable":true,"href":"https:\/\/loewentestneu.metafex.io\/es\/wp-json\/wp\/v2\/product_brand?post=4458"},{"taxonomy":"product_cat","embeddable":true,"href":"https:\/\/loewentestneu.metafex.io\/es\/wp-json\/wp\/v2\/product_cat?post=4458"},{"taxonomy":"product_tag","embeddable":true,"href":"https:\/\/loewentestneu.metafex.io\/es\/wp-json\/wp\/v2\/product_tag?post=4458"}],"curies":[{"name":"wp","href":"https:\/\/api.w.org\/{rel}","templated":true}]}}