{"id":4497,"date":"2024-09-07T08:01:50","date_gmt":"2024-09-07T07:01:50","guid":{"rendered":"https:\/\/lions-pharmacy.com\/?post_type=product&#038;p=4497"},"modified":"2025-01-26T15:06:48","modified_gmt":"2025-01-26T14:06:48","slug":"neydil-no-7-d7-ampoules-5x2ml-06486469","status":"publish","type":"product","link":"https:\/\/loewentestneu.metafex.io\/es\/producto\/neydil-no-7-d7-ampoules-5x2ml-06486469","title":{"rendered":"Neydil No.7 D7 ampollas 5x2ml"},"content":{"rendered":"<h2>Neydil No.7 Ampollas D7<\/h2>\n<p>Neydil No.7 D7 Ampollas 5x2ml &#8211; &#8220;Ren fet.&#8221;<\/p>\n<p>Los preparados homeop\u00e1ticos para \u00f3rganos que ofrece vitOrgan para la terapia biomolecular utilizan sustancias org\u00e1nicas naturales con efecto regulador y metab\u00f3lico para normalizar fisiol\u00f3gicamente los procesos que se han desequilibrado. La vitOrganoterapia biomolecular es una terapia de gran \u00e9xito desde hace 60 a\u00f1os. Constituye un puente entre los llamados campos de la medicina ortodoxa y la naturopat\u00eda. Hace uso de sustancias naturales, reguladoras y metab\u00f3licamente funcionales, que est\u00e1n disponibles tanto en humanos como en animales, para normalizar enfermedades cambiando los procesos fisiol\u00f3gicos que ya no est\u00e1n en equilibrio y, con ello, tratar al paciente no solo de manera sintom\u00e1tica, sino tambi\u00e9n causal. De acuerdo con el principio &#8220;el coraz\u00f3n cura el coraz\u00f3n, el ri\u00f1\u00f3n cura el ri\u00f1\u00f3n, el \u00f3rgano cura el \u00f3rgano&#8221;, es importante despertar el poder de las c\u00e9lulas debilitadas a trav\u00e9s de una regulaci\u00f3n espec\u00edfica.<\/p>\n<p>La vitoterapia biomolecular de \u00f3rganos es una terapia exitosa. Cierra la brecha entre la llamada medicina convencional y los m\u00e9todos de curaci\u00f3n naturales. Al hacerlo, utiliza las sustancias reguladoras y metab\u00f3licas naturales que est\u00e1n presentes tanto en humanos como en animales para normalizar fisiol\u00f3gicamente los procesos que se han desequilibrado en caso de una enfermedad y, por lo tanto, no solo tratar al paciente de manera sintom\u00e1tica, sino tambi\u00e9n causal.<br \/>\nNo bloquees, regula. Este es el principio central de la terapia vitOrgan, que trata a las personas en su totalidad a trav\u00e9s de su forma de pensar en red y hol\u00edstica.<\/p>\n<p>M\u00e1s informaci\u00f3n sobre manufactorer &#8211; enlace al sitio web: <a href=\"https:\/\/vitorgan.de\/en\/products\/\" target=\"_blank\" rel=\"noopener noreferrer\">vitOrgan.de<\/a><br \/>\nOtros productos vitOrgan se pueden encontrar aqu\u00ed: <a href=\"\/de?product_cat=vitorgan\">vitOrgan<\/a><\/p>\n<p>Para conocer los riesgos y efectos secundarios, lea el prospecto y consulte a su m\u00e9dico o farmac\u00e9utico.<\/p>\n","protected":false},"excerpt":{"rendered":"<h2>Neydil No.7 Ampollas D7<\/h2>\n<p>&#8220;Ren fet&#8221;.<\/p>\n<p>&nbsp;<\/p>\n<p><strong>PZN<\/strong>: 06486469 (N\u00famero Central de Farmacia)<\/p>\n<p><strong>Forma de dosificaci\u00f3n<\/strong>: ampollas<\/p>\n<p><strong>Tipo de receta<\/strong>: sin receta<\/p>\n<p><strong>Tama\u00f1o del paquete<\/strong>: 5 unidades<\/p>\n<p><strong>Marca<\/strong>: <a href=\"https:\/\/www.loewen-apotheke24.com\/de\/product_tag\/vitorgan\/\">vitorgan<\/a><\/p>\n<p><strong>Fabricante<\/strong>: vitOrgan GmbH &amp; Co.KG<\/p>\n","protected":false},"featured_media":4171,"comment_status":"closed","ping_status":"closed","template":"","meta":[],"product_brand":[],"product_cat":[125,116,131],"product_tag":[308,232],"class_list":{"0":"post-4497","1":"product","2":"type-product","3":"status-publish","4":"has-post-thumbnail","6":"product_cat-sale-es","7":"product_cat-sin-categorizar","8":"product_cat-vitorgan-es","9":"product_tag-homeopatia","10":"product_tag-neydil-es","11":"ts_product_brand-all-es","12":"ts_product_brand-vitorgan-es","14":"first","15":"instock","16":"sale","17":"taxable","18":"shipping-taxable","19":"purchasable","20":"product-type-simple"},"yoast_head":"<!-- This site is optimized with the Yoast SEO plugin v26.5 - https:\/\/yoast.com\/wordpress\/plugins\/seo\/ -->\n<title>Neydil No.7 D7 ampollas 5x2ml &#187; Lion Pharmacy<\/title>\n<meta name=\"description\" content=\"Farmacia Leones | Farmacia en l\u00ednea alemana registrada. vitOrgan | Neydil No.7 D7 ampollas 5x2ml\" \/>\n<meta name=\"robots\" content=\"noindex, follow, max-snippet:-1, max-image-preview:large, max-video-preview:-1\" \/>\n<meta property=\"og:locale\" content=\"es_ES\" \/>\n<meta property=\"og:type\" content=\"article\" \/>\n<meta property=\"og:title\" content=\"Neydil No.7 D7 ampollas 5x2ml &#187; Lion Pharmacy\" \/>\n<meta property=\"og:description\" content=\"Farmacia Leones | Farmacia en l\u00ednea alemana registrada. vitOrgan | Neydil No.7 D7 ampollas 5x2ml\" \/>\n<meta property=\"og:url\" content=\"https:\/\/loewentestneu.metafex.io\/es\/producto\/neydil-no-7-d7-ampoules-5x2ml-06486469\" \/>\n<meta property=\"og:site_name\" content=\"Lion Pharmacy\" \/>\n<meta property=\"article:modified_time\" content=\"2025-01-26T14:06:48+00:00\" \/>\n<meta property=\"og:image\" content=\"https:\/\/loewentestneu.metafex.io\/wp-content\/uploads\/2024\/08\/6486469-Neydil-Nr.-7-D7.webp\" \/>\n\t<meta property=\"og:image:width\" content=\"600\" \/>\n\t<meta property=\"og:image:height\" content=\"600\" \/>\n\t<meta property=\"og:image:type\" content=\"image\/webp\" \/>\n<meta name=\"twitter:card\" content=\"summary_large_image\" \/>\n<meta name=\"twitter:label1\" content=\"Tiempo de lectura\" \/>\n\t<meta name=\"twitter:data1\" content=\"2 minutos\" \/>\n<script type=\"application\/ld+json\" class=\"yoast-schema-graph\">{\"@context\":\"https:\/\/schema.org\",\"@graph\":[{\"@type\":\"WebPage\",\"@id\":\"https:\/\/loewentestneu.metafex.io\/es\/producto\/neydil-no-7-d7-ampoules-5x2ml-06486469\",\"url\":\"https:\/\/loewentestneu.metafex.io\/es\/producto\/neydil-no-7-d7-ampoules-5x2ml-06486469\",\"name\":\"Neydil No.7 D7 ampollas 5x2ml &#187; Lion Pharmacy\",\"isPartOf\":{\"@id\":\"https:\/\/loewentestneu.metafex.io\/es#website\"},\"primaryImageOfPage\":{\"@id\":\"https:\/\/loewentestneu.metafex.io\/es\/producto\/neydil-no-7-d7-ampoules-5x2ml-06486469#primaryimage\"},\"image\":{\"@id\":\"https:\/\/loewentestneu.metafex.io\/es\/producto\/neydil-no-7-d7-ampoules-5x2ml-06486469#primaryimage\"},\"thumbnailUrl\":\"https:\/\/loewentestneu.metafex.io\/wp-content\/uploads\/2024\/08\/6486469-Neydil-Nr.-7-D7.webp\",\"datePublished\":\"2024-09-07T07:01:50+00:00\",\"dateModified\":\"2025-01-26T14:06:48+00:00\",\"description\":\"Farmacia Leones | Farmacia en l\u00ednea alemana registrada. vitOrgan | Neydil No.7 D7 ampollas 5x2ml\",\"breadcrumb\":{\"@id\":\"https:\/\/loewentestneu.metafex.io\/es\/producto\/neydil-no-7-d7-ampoules-5x2ml-06486469#breadcrumb\"},\"inLanguage\":\"es\",\"potentialAction\":[{\"@type\":\"ReadAction\",\"target\":[\"https:\/\/loewentestneu.metafex.io\/es\/producto\/neydil-no-7-d7-ampoules-5x2ml-06486469\"]}]},{\"@type\":\"ImageObject\",\"inLanguage\":\"es\",\"@id\":\"https:\/\/loewentestneu.metafex.io\/es\/producto\/neydil-no-7-d7-ampoules-5x2ml-06486469#primaryimage\",\"url\":\"https:\/\/loewentestneu.metafex.io\/wp-content\/uploads\/2024\/08\/6486469-Neydil-Nr.-7-D7.webp\",\"contentUrl\":\"https:\/\/loewentestneu.metafex.io\/wp-content\/uploads\/2024\/08\/6486469-Neydil-Nr.-7-D7.webp\",\"width\":600,\"height\":600,\"caption\":\"Neydil No.7 Ampollas D7 5x2ml, PZN 06486469, vitOrgan, Lions Pharmacy\"},{\"@type\":\"BreadcrumbList\",\"@id\":\"https:\/\/loewentestneu.metafex.io\/es\/producto\/neydil-no-7-d7-ampoules-5x2ml-06486469#breadcrumb\",\"itemListElement\":[{\"@type\":\"ListItem\",\"position\":1,\"name\":\"Home\",\"item\":\"https:\/\/loewentestneu.metafex.io\/es\/homepage-lion-pharmacy\"},{\"@type\":\"ListItem\",\"position\":2,\"name\":\"Shop\",\"item\":\"https:\/\/loewentestneu.metafex.io\/es\/tienda\"},{\"@type\":\"ListItem\",\"position\":3,\"name\":\"Neydil No.7 D7 ampollas 5x2ml\"}]},{\"@type\":\"WebSite\",\"@id\":\"https:\/\/loewentestneu.metafex.io\/es#website\",\"url\":\"https:\/\/loewentestneu.metafex.io\/es\",\"name\":\"Lions Pharmacy\",\"description\":\"Farmacia especializada en naturopat\u00eda de Baden-Baden, Alemania\",\"publisher\":{\"@id\":\"https:\/\/loewentestneu.metafex.io\/es#organization\"},\"alternateName\":\"Lion Pharmacy\",\"potentialAction\":[{\"@type\":\"SearchAction\",\"target\":{\"@type\":\"EntryPoint\",\"urlTemplate\":\"https:\/\/loewentestneu.metafex.io\/es?s={search_term_string}\"},\"query-input\":{\"@type\":\"PropertyValueSpecification\",\"valueRequired\":true,\"valueName\":\"search_term_string\"}}],\"inLanguage\":\"es\"},{\"@type\":\"Organization\",\"@id\":\"https:\/\/loewentestneu.metafex.io\/es#organization\",\"name\":\"Lions Pharmacy\",\"alternateName\":\"Lions Pharmacy24\",\"url\":\"https:\/\/loewentestneu.metafex.io\/es\",\"logo\":{\"@type\":\"ImageObject\",\"inLanguage\":\"es\",\"@id\":\"https:\/\/loewentestneu.metafex.io\/es#\/schema\/logo\/image\/\",\"url\":\"https:\/\/loewentestneu.metafex.io\/wp-content\/uploads\/2022\/12\/Logo-Lion-Pharmacy-c-o-Loewen-Apotheke-smal.jpg\",\"contentUrl\":\"https:\/\/loewentestneu.metafex.io\/wp-content\/uploads\/2022\/12\/Logo-Lion-Pharmacy-c-o-Loewen-Apotheke-smal.jpg\",\"width\":298,\"height\":99,\"caption\":\"Lions Pharmacy\"},\"image\":{\"@id\":\"https:\/\/loewentestneu.metafex.io\/es#\/schema\/logo\/image\/\"}}]}<\/script>\n<!-- \/ Yoast SEO plugin. -->","yoast_head_json":{"title":"Neydil No.7 D7 ampollas 5x2ml &#187; Lion Pharmacy","description":"Farmacia Leones | Farmacia en l\u00ednea alemana registrada. vitOrgan | Neydil No.7 D7 ampollas 5x2ml","robots":{"index":"noindex","follow":"follow","max-snippet":"max-snippet:-1","max-image-preview":"max-image-preview:large","max-video-preview":"max-video-preview:-1"},"og_locale":"es_ES","og_type":"article","og_title":"Neydil No.7 D7 ampollas 5x2ml &#187; Lion Pharmacy","og_description":"Farmacia Leones | Farmacia en l\u00ednea alemana registrada. vitOrgan | Neydil No.7 D7 ampollas 5x2ml","og_url":"https:\/\/loewentestneu.metafex.io\/es\/producto\/neydil-no-7-d7-ampoules-5x2ml-06486469","og_site_name":"Lion Pharmacy","article_modified_time":"2025-01-26T14:06:48+00:00","og_image":[{"width":600,"height":600,"url":"https:\/\/loewentestneu.metafex.io\/wp-content\/uploads\/2024\/08\/6486469-Neydil-Nr.-7-D7.webp","type":"image\/webp"}],"twitter_card":"summary_large_image","twitter_misc":{"Tiempo de lectura":"2 minutos"},"schema":{"@context":"https:\/\/schema.org","@graph":[{"@type":"WebPage","@id":"https:\/\/loewentestneu.metafex.io\/es\/producto\/neydil-no-7-d7-ampoules-5x2ml-06486469","url":"https:\/\/loewentestneu.metafex.io\/es\/producto\/neydil-no-7-d7-ampoules-5x2ml-06486469","name":"Neydil No.7 D7 ampollas 5x2ml &#187; Lion Pharmacy","isPartOf":{"@id":"https:\/\/loewentestneu.metafex.io\/es#website"},"primaryImageOfPage":{"@id":"https:\/\/loewentestneu.metafex.io\/es\/producto\/neydil-no-7-d7-ampoules-5x2ml-06486469#primaryimage"},"image":{"@id":"https:\/\/loewentestneu.metafex.io\/es\/producto\/neydil-no-7-d7-ampoules-5x2ml-06486469#primaryimage"},"thumbnailUrl":"https:\/\/loewentestneu.metafex.io\/wp-content\/uploads\/2024\/08\/6486469-Neydil-Nr.-7-D7.webp","datePublished":"2024-09-07T07:01:50+00:00","dateModified":"2025-01-26T14:06:48+00:00","description":"Farmacia Leones | Farmacia en l\u00ednea alemana registrada. vitOrgan | Neydil No.7 D7 ampollas 5x2ml","breadcrumb":{"@id":"https:\/\/loewentestneu.metafex.io\/es\/producto\/neydil-no-7-d7-ampoules-5x2ml-06486469#breadcrumb"},"inLanguage":"es","potentialAction":[{"@type":"ReadAction","target":["https:\/\/loewentestneu.metafex.io\/es\/producto\/neydil-no-7-d7-ampoules-5x2ml-06486469"]}]},{"@type":"ImageObject","inLanguage":"es","@id":"https:\/\/loewentestneu.metafex.io\/es\/producto\/neydil-no-7-d7-ampoules-5x2ml-06486469#primaryimage","url":"https:\/\/loewentestneu.metafex.io\/wp-content\/uploads\/2024\/08\/6486469-Neydil-Nr.-7-D7.webp","contentUrl":"https:\/\/loewentestneu.metafex.io\/wp-content\/uploads\/2024\/08\/6486469-Neydil-Nr.-7-D7.webp","width":600,"height":600,"caption":"Neydil No.7 Ampollas D7 5x2ml, PZN 06486469, vitOrgan, Lions Pharmacy"},{"@type":"BreadcrumbList","@id":"https:\/\/loewentestneu.metafex.io\/es\/producto\/neydil-no-7-d7-ampoules-5x2ml-06486469#breadcrumb","itemListElement":[{"@type":"ListItem","position":1,"name":"Home","item":"https:\/\/loewentestneu.metafex.io\/es\/homepage-lion-pharmacy"},{"@type":"ListItem","position":2,"name":"Shop","item":"https:\/\/loewentestneu.metafex.io\/es\/tienda"},{"@type":"ListItem","position":3,"name":"Neydil No.7 D7 ampollas 5x2ml"}]},{"@type":"WebSite","@id":"https:\/\/loewentestneu.metafex.io\/es#website","url":"https:\/\/loewentestneu.metafex.io\/es","name":"Lions Pharmacy","description":"Farmacia especializada en naturopat\u00eda de Baden-Baden, Alemania","publisher":{"@id":"https:\/\/loewentestneu.metafex.io\/es#organization"},"alternateName":"Lion Pharmacy","potentialAction":[{"@type":"SearchAction","target":{"@type":"EntryPoint","urlTemplate":"https:\/\/loewentestneu.metafex.io\/es?s={search_term_string}"},"query-input":{"@type":"PropertyValueSpecification","valueRequired":true,"valueName":"search_term_string"}}],"inLanguage":"es"},{"@type":"Organization","@id":"https:\/\/loewentestneu.metafex.io\/es#organization","name":"Lions Pharmacy","alternateName":"Lions Pharmacy24","url":"https:\/\/loewentestneu.metafex.io\/es","logo":{"@type":"ImageObject","inLanguage":"es","@id":"https:\/\/loewentestneu.metafex.io\/es#\/schema\/logo\/image\/","url":"https:\/\/loewentestneu.metafex.io\/wp-content\/uploads\/2022\/12\/Logo-Lion-Pharmacy-c-o-Loewen-Apotheke-smal.jpg","contentUrl":"https:\/\/loewentestneu.metafex.io\/wp-content\/uploads\/2022\/12\/Logo-Lion-Pharmacy-c-o-Loewen-Apotheke-smal.jpg","width":298,"height":99,"caption":"Lions Pharmacy"},"image":{"@id":"https:\/\/loewentestneu.metafex.io\/es#\/schema\/logo\/image\/"}}]}},"_links":{"self":[{"href":"https:\/\/loewentestneu.metafex.io\/es\/wp-json\/wp\/v2\/product\/4497","targetHints":{"allow":["GET"]}}],"collection":[{"href":"https:\/\/loewentestneu.metafex.io\/es\/wp-json\/wp\/v2\/product"}],"about":[{"href":"https:\/\/loewentestneu.metafex.io\/es\/wp-json\/wp\/v2\/types\/product"}],"replies":[{"embeddable":true,"href":"https:\/\/loewentestneu.metafex.io\/es\/wp-json\/wp\/v2\/comments?post=4497"}],"wp:featuredmedia":[{"embeddable":true,"href":"https:\/\/loewentestneu.metafex.io\/es\/wp-json\/wp\/v2\/media\/4171"}],"wp:attachment":[{"href":"https:\/\/loewentestneu.metafex.io\/es\/wp-json\/wp\/v2\/media?parent=4497"}],"wp:term":[{"taxonomy":"product_brand","embeddable":true,"href":"https:\/\/loewentestneu.metafex.io\/es\/wp-json\/wp\/v2\/product_brand?post=4497"},{"taxonomy":"product_cat","embeddable":true,"href":"https:\/\/loewentestneu.metafex.io\/es\/wp-json\/wp\/v2\/product_cat?post=4497"},{"taxonomy":"product_tag","embeddable":true,"href":"https:\/\/loewentestneu.metafex.io\/es\/wp-json\/wp\/v2\/product_tag?post=4497"}],"curies":[{"name":"wp","href":"https:\/\/api.w.org\/{rel}","templated":true}]}}