{"id":4914,"date":"2024-10-04T13:34:54","date_gmt":"2024-10-04T12:34:54","guid":{"rendered":"https:\/\/lions-pharmacy.com\/?post_type=product&#038;p=4914"},"modified":"2024-10-11T07:22:38","modified_gmt":"2024-10-11T06:22:38","slug":"ratiopharm-spray-nasal-adultos-15-ml-copy-copy-copy","status":"publish","type":"product","link":"https:\/\/loewentestneu.metafex.io\/es\/producto\/ratiopharm-spray-nasal-adultos-15-ml-copy-copy-copy","title":{"rendered":"Iberogast Classic L\u00edquido 20ml"},"content":{"rendered":"<h2>Iberogast L\u00edquido Cl\u00e1sico<\/h2>\n<h3>Iberogast para las molestias estomacales e intestinales agudas<\/h3>\n<p>es un remedio sencillo y r\u00e1pido para molestias como flatulencias, presi\u00f3n estomacal, sensaci\u00f3n de saciedad, n\u00e1useas, molestias estomacales y estomacales y tambi\u00e9n puede proporcionar un alivio agradable para la acidez estomacal.<br \/>\nIberogast contiene 9 plantas medicinales con una alta proporci\u00f3n de ingredientes reguladores de la motilidad. Esto significa que el est\u00f3mago y el sistema intestinal comienzan a moverse nuevamente y se regulan.<br \/>\nIberogast Classic contiene ingredientes \u00fatiles:<\/p>\n<ul>\n<li>Iberis amara<\/li>\n<li>Ra\u00edz de regaliz<\/li>\n<li>Frutas de alcaravea<\/li>\n<li>Hojas de menta<\/li>\n<li>Melisa<\/li>\n<li>Manzanilla<br \/>\nA diferencia de otro producto de Bayer, Iberogast advance, este tambi\u00e9n contiene: ra\u00edz de ang\u00e9lica, celidonia y cardo mariano.<br \/>\nCuando se viaja y se comen alimentos pesados, el l\u00edquido cl\u00e1sico de Iberogast puede ser un ayudante r\u00e1pido y sin complicaciones.<\/li>\n<\/ul>\n<p>Si sufres de dolor de est\u00f3mago despu\u00e9s de comer o ocasionalmente sufres de acidez estomacal y sensaci\u00f3n de saciedad, es posible que est\u00e9s sufriendo un trastorno de la motilidad. Si los problemas digestivos ocurren ocasionalmente, por ejemplo, despu\u00e9s de una comida abundante, viajes, infecciones gastrointestinales, fluctuaciones hormonales o estr\u00e9s agudo, la causa suele ser una interrupci\u00f3n de los procesos de movimiento en el est\u00f3mago y los intestinos.<\/p>\n<p>Iberogast\u00ae Classic alivia estos problemas funcionales y relacionados con la motilidad al tener<\/p>\n<p>regulador de la motilidad, analg\u00e9sico, antiespasm\u00f3dico, inhibidor de \u00e1cidos y carminativo<br \/>\nEfectos.<\/p>\n<p>Esto alivia eficazmente los problemas gastrointestinales y la digesti\u00f3n puede volver a funcionar sin problemas. Pruebe Iberogast\u00ae Classic, \u00a1el n\u00famero 1 para problemas gastrointestinales funcionales en Alemania!*<\/p>\n<p>La informaci\u00f3n contenida en este sitio web se facilita \u00fanicamente con fines informativos. En ning\u00fan caso sustituyen al examen y tratamiento por un m\u00e9dico. Tenga en cuenta que esto significa que no se pueden hacer diagn\u00f3sticos ni iniciar terapias.<\/p>\n<p>Para conocer los riesgos y efectos secundarios, lea el prospecto y consulte a su m\u00e9dico o farmac\u00e9utico.<\/p>\n<h3 style=\"text-align: left;\">Prescripci\u00f3n | \u00bfReceta electr\u00f3nica disponible?<\/h3>\n<p>Env\u00ede su receta electr\u00f3nica ahora. Utilice nuestra aplicaci\u00f3n <a href=\"https:\/\/e-rezept-app.de\/shop-rezept\" target=\"_blank\" rel=\"noopener\">de recetas electr\u00f3nicas<\/a> . \u00a1Y te damos los gastos de env\u00edo gratis en Alemania!<\/p>\n","protected":false},"excerpt":{"rendered":"<h2>Iberogast Classic L\u00edquido 20ml<\/h2>\n<div class=\"rating__wrap\">\n<p><strong>PZN: 16507534 <\/strong>(n\u00famero central de la industria farmac\u00e9utica)<\/p>\n<p><strong>Forma farmac\u00e9utica<\/strong>: L\u00edquido 20ml<\/p>\n<p><strong>Tipo de regulaci\u00f3n:<\/strong> Sin receta<\/p>\n<p><strong>Marca<\/strong>: Iberogast<\/p>\n<p><strong>Fabricante<\/strong>: Bayer AG, Alemania GmbH<\/p>\n<\/div>\n","protected":false},"featured_media":4919,"comment_status":"closed","ping_status":"closed","template":"","meta":[],"product_brand":[],"product_cat":[125,116],"product_tag":[274,273,275,272],"class_list":{"0":"post-4914","1":"product","2":"type-product","3":"status-publish","4":"has-post-thumbnail","6":"product_cat-sale-es","7":"product_cat-sin-categorizar","8":"product_tag-bienestar","9":"product_tag-control-de-peso","10":"product_tag-peso-y-forma-fisica","11":"product_tag-vitaminas-y-suplementos","12":"ts_product_brand-all-es","14":"first","15":"instock","16":"taxable","17":"shipping-taxable","18":"purchasable","19":"product-type-simple"},"yoast_head":"<!-- This site is optimized with the Yoast SEO plugin v26.5 - https:\/\/yoast.com\/wordpress\/plugins\/seo\/ -->\n<title>Iberogast Classic L\u00edquido 20ml &#187; En stock. Haz tu pedido aqu\u00ed.<\/title>\n<meta name=\"description\" content=\"Iberogast Classic L\u00edquido 20ml para la diarrea. Fabricante: Bayer Vital. Entregado desde su farmacia en l\u00ednea alemana. Env\u00edo r\u00e1pido. Servicio de primera.\" \/>\n<meta name=\"robots\" content=\"noindex, follow, max-snippet:-1, max-image-preview:large, max-video-preview:-1\" \/>\n<meta property=\"og:locale\" content=\"es_ES\" \/>\n<meta property=\"og:type\" content=\"article\" \/>\n<meta property=\"og:title\" content=\"Iberogast Classic L\u00edquido 20ml &#187; En stock. Haz tu pedido aqu\u00ed.\" \/>\n<meta property=\"og:description\" content=\"Iberogast Classic L\u00edquido 20ml para la diarrea. Fabricante: Bayer Vital. Entregado desde su farmacia en l\u00ednea alemana. Env\u00edo r\u00e1pido. Servicio de primera.\" \/>\n<meta property=\"og:url\" content=\"https:\/\/loewentestneu.metafex.io\/es\/producto\/ratiopharm-spray-nasal-adultos-15-ml-copy-copy-copy\" \/>\n<meta property=\"og:site_name\" content=\"Lion Pharmacy\" \/>\n<meta property=\"article:modified_time\" content=\"2024-10-11T06:22:38+00:00\" \/>\n<meta property=\"og:image\" content=\"https:\/\/loewentestneu.metafex.io\/wp-content\/uploads\/2024\/10\/IBEROGAST-Classic-Liquid-Bayer-Vital-GmbH-20-ml-PZN-16507534-Lions-Pharmacy.webp\" \/>\n\t<meta property=\"og:image:width\" content=\"512\" \/>\n\t<meta property=\"og:image:height\" content=\"512\" \/>\n\t<meta property=\"og:image:type\" content=\"image\/webp\" \/>\n<meta name=\"twitter:card\" content=\"summary_large_image\" \/>\n<meta name=\"twitter:label1\" content=\"Tiempo de lectura\" \/>\n\t<meta name=\"twitter:data1\" content=\"2 minutos\" \/>\n<script type=\"application\/ld+json\" class=\"yoast-schema-graph\">{\"@context\":\"https:\/\/schema.org\",\"@graph\":[{\"@type\":\"WebPage\",\"@id\":\"https:\/\/loewentestneu.metafex.io\/es\/producto\/ratiopharm-spray-nasal-adultos-15-ml-copy-copy-copy\",\"url\":\"https:\/\/loewentestneu.metafex.io\/es\/producto\/ratiopharm-spray-nasal-adultos-15-ml-copy-copy-copy\",\"name\":\"Iberogast Classic L\u00edquido 20ml &#187; En stock. Haz tu pedido aqu\u00ed.\",\"isPartOf\":{\"@id\":\"https:\/\/loewentestneu.metafex.io\/es#website\"},\"primaryImageOfPage\":{\"@id\":\"https:\/\/loewentestneu.metafex.io\/es\/producto\/ratiopharm-spray-nasal-adultos-15-ml-copy-copy-copy#primaryimage\"},\"image\":{\"@id\":\"https:\/\/loewentestneu.metafex.io\/es\/producto\/ratiopharm-spray-nasal-adultos-15-ml-copy-copy-copy#primaryimage\"},\"thumbnailUrl\":\"https:\/\/loewentestneu.metafex.io\/wp-content\/uploads\/2024\/10\/IBEROGAST-Classic-Liquid-Bayer-Vital-GmbH-20-ml-PZN-16507534-Lions-Pharmacy.webp\",\"datePublished\":\"2024-10-04T12:34:54+00:00\",\"dateModified\":\"2024-10-11T06:22:38+00:00\",\"description\":\"Iberogast Classic L\u00edquido 20ml para la diarrea. Fabricante: Bayer Vital. Entregado desde su farmacia en l\u00ednea alemana. Env\u00edo r\u00e1pido. Servicio de primera.\",\"breadcrumb\":{\"@id\":\"https:\/\/loewentestneu.metafex.io\/es\/producto\/ratiopharm-spray-nasal-adultos-15-ml-copy-copy-copy#breadcrumb\"},\"inLanguage\":\"es\",\"potentialAction\":[{\"@type\":\"ReadAction\",\"target\":[\"https:\/\/loewentestneu.metafex.io\/es\/producto\/ratiopharm-spray-nasal-adultos-15-ml-copy-copy-copy\"]}]},{\"@type\":\"ImageObject\",\"inLanguage\":\"es\",\"@id\":\"https:\/\/loewentestneu.metafex.io\/es\/producto\/ratiopharm-spray-nasal-adultos-15-ml-copy-copy-copy#primaryimage\",\"url\":\"https:\/\/loewentestneu.metafex.io\/wp-content\/uploads\/2024\/10\/IBEROGAST-Classic-Liquid-Bayer-Vital-GmbH-20-ml-PZN-16507534-Lions-Pharmacy.webp\",\"contentUrl\":\"https:\/\/loewentestneu.metafex.io\/wp-content\/uploads\/2024\/10\/IBEROGAST-Classic-Liquid-Bayer-Vital-GmbH-20-ml-PZN-16507534-Lions-Pharmacy.webp\",\"width\":512,\"height\":512,\"caption\":\"IBEROGAST Classic Liquid, Bayer Vital GmbH, 20 ml PZN 16507534 Lions-Pharmacy\"},{\"@type\":\"BreadcrumbList\",\"@id\":\"https:\/\/loewentestneu.metafex.io\/es\/producto\/ratiopharm-spray-nasal-adultos-15-ml-copy-copy-copy#breadcrumb\",\"itemListElement\":[{\"@type\":\"ListItem\",\"position\":1,\"name\":\"Home\",\"item\":\"https:\/\/loewentestneu.metafex.io\/es\/homepage-lion-pharmacy\"},{\"@type\":\"ListItem\",\"position\":2,\"name\":\"Shop\",\"item\":\"https:\/\/loewentestneu.metafex.io\/es\/tienda\"},{\"@type\":\"ListItem\",\"position\":3,\"name\":\"Iberogast Classic L\u00edquido 20ml\"}]},{\"@type\":\"WebSite\",\"@id\":\"https:\/\/loewentestneu.metafex.io\/es#website\",\"url\":\"https:\/\/loewentestneu.metafex.io\/es\",\"name\":\"Lions Pharmacy\",\"description\":\"Farmacia especializada en naturopat\u00eda de Baden-Baden, Alemania\",\"publisher\":{\"@id\":\"https:\/\/loewentestneu.metafex.io\/es#organization\"},\"alternateName\":\"Lion Pharmacy\",\"potentialAction\":[{\"@type\":\"SearchAction\",\"target\":{\"@type\":\"EntryPoint\",\"urlTemplate\":\"https:\/\/loewentestneu.metafex.io\/es?s={search_term_string}\"},\"query-input\":{\"@type\":\"PropertyValueSpecification\",\"valueRequired\":true,\"valueName\":\"search_term_string\"}}],\"inLanguage\":\"es\"},{\"@type\":\"Organization\",\"@id\":\"https:\/\/loewentestneu.metafex.io\/es#organization\",\"name\":\"Lions Pharmacy\",\"alternateName\":\"Lions Pharmacy24\",\"url\":\"https:\/\/loewentestneu.metafex.io\/es\",\"logo\":{\"@type\":\"ImageObject\",\"inLanguage\":\"es\",\"@id\":\"https:\/\/loewentestneu.metafex.io\/es#\/schema\/logo\/image\/\",\"url\":\"https:\/\/loewentestneu.metafex.io\/wp-content\/uploads\/2022\/12\/Logo-Lion-Pharmacy-c-o-Loewen-Apotheke-smal.jpg\",\"contentUrl\":\"https:\/\/loewentestneu.metafex.io\/wp-content\/uploads\/2022\/12\/Logo-Lion-Pharmacy-c-o-Loewen-Apotheke-smal.jpg\",\"width\":298,\"height\":99,\"caption\":\"Lions Pharmacy\"},\"image\":{\"@id\":\"https:\/\/loewentestneu.metafex.io\/es#\/schema\/logo\/image\/\"}}]}<\/script>\n<!-- \/ Yoast SEO plugin. -->","yoast_head_json":{"title":"Iberogast Classic L\u00edquido 20ml &#187; En stock. Haz tu pedido aqu\u00ed.","description":"Iberogast Classic L\u00edquido 20ml para la diarrea. Fabricante: Bayer Vital. Entregado desde su farmacia en l\u00ednea alemana. Env\u00edo r\u00e1pido. Servicio de primera.","robots":{"index":"noindex","follow":"follow","max-snippet":"max-snippet:-1","max-image-preview":"max-image-preview:large","max-video-preview":"max-video-preview:-1"},"og_locale":"es_ES","og_type":"article","og_title":"Iberogast Classic L\u00edquido 20ml &#187; En stock. Haz tu pedido aqu\u00ed.","og_description":"Iberogast Classic L\u00edquido 20ml para la diarrea. Fabricante: Bayer Vital. Entregado desde su farmacia en l\u00ednea alemana. Env\u00edo r\u00e1pido. Servicio de primera.","og_url":"https:\/\/loewentestneu.metafex.io\/es\/producto\/ratiopharm-spray-nasal-adultos-15-ml-copy-copy-copy","og_site_name":"Lion Pharmacy","article_modified_time":"2024-10-11T06:22:38+00:00","og_image":[{"width":512,"height":512,"url":"https:\/\/loewentestneu.metafex.io\/wp-content\/uploads\/2024\/10\/IBEROGAST-Classic-Liquid-Bayer-Vital-GmbH-20-ml-PZN-16507534-Lions-Pharmacy.webp","type":"image\/webp"}],"twitter_card":"summary_large_image","twitter_misc":{"Tiempo de lectura":"2 minutos"},"schema":{"@context":"https:\/\/schema.org","@graph":[{"@type":"WebPage","@id":"https:\/\/loewentestneu.metafex.io\/es\/producto\/ratiopharm-spray-nasal-adultos-15-ml-copy-copy-copy","url":"https:\/\/loewentestneu.metafex.io\/es\/producto\/ratiopharm-spray-nasal-adultos-15-ml-copy-copy-copy","name":"Iberogast Classic L\u00edquido 20ml &#187; En stock. Haz tu pedido aqu\u00ed.","isPartOf":{"@id":"https:\/\/loewentestneu.metafex.io\/es#website"},"primaryImageOfPage":{"@id":"https:\/\/loewentestneu.metafex.io\/es\/producto\/ratiopharm-spray-nasal-adultos-15-ml-copy-copy-copy#primaryimage"},"image":{"@id":"https:\/\/loewentestneu.metafex.io\/es\/producto\/ratiopharm-spray-nasal-adultos-15-ml-copy-copy-copy#primaryimage"},"thumbnailUrl":"https:\/\/loewentestneu.metafex.io\/wp-content\/uploads\/2024\/10\/IBEROGAST-Classic-Liquid-Bayer-Vital-GmbH-20-ml-PZN-16507534-Lions-Pharmacy.webp","datePublished":"2024-10-04T12:34:54+00:00","dateModified":"2024-10-11T06:22:38+00:00","description":"Iberogast Classic L\u00edquido 20ml para la diarrea. Fabricante: Bayer Vital. Entregado desde su farmacia en l\u00ednea alemana. Env\u00edo r\u00e1pido. Servicio de primera.","breadcrumb":{"@id":"https:\/\/loewentestneu.metafex.io\/es\/producto\/ratiopharm-spray-nasal-adultos-15-ml-copy-copy-copy#breadcrumb"},"inLanguage":"es","potentialAction":[{"@type":"ReadAction","target":["https:\/\/loewentestneu.metafex.io\/es\/producto\/ratiopharm-spray-nasal-adultos-15-ml-copy-copy-copy"]}]},{"@type":"ImageObject","inLanguage":"es","@id":"https:\/\/loewentestneu.metafex.io\/es\/producto\/ratiopharm-spray-nasal-adultos-15-ml-copy-copy-copy#primaryimage","url":"https:\/\/loewentestneu.metafex.io\/wp-content\/uploads\/2024\/10\/IBEROGAST-Classic-Liquid-Bayer-Vital-GmbH-20-ml-PZN-16507534-Lions-Pharmacy.webp","contentUrl":"https:\/\/loewentestneu.metafex.io\/wp-content\/uploads\/2024\/10\/IBEROGAST-Classic-Liquid-Bayer-Vital-GmbH-20-ml-PZN-16507534-Lions-Pharmacy.webp","width":512,"height":512,"caption":"IBEROGAST Classic Liquid, Bayer Vital GmbH, 20 ml PZN 16507534 Lions-Pharmacy"},{"@type":"BreadcrumbList","@id":"https:\/\/loewentestneu.metafex.io\/es\/producto\/ratiopharm-spray-nasal-adultos-15-ml-copy-copy-copy#breadcrumb","itemListElement":[{"@type":"ListItem","position":1,"name":"Home","item":"https:\/\/loewentestneu.metafex.io\/es\/homepage-lion-pharmacy"},{"@type":"ListItem","position":2,"name":"Shop","item":"https:\/\/loewentestneu.metafex.io\/es\/tienda"},{"@type":"ListItem","position":3,"name":"Iberogast Classic L\u00edquido 20ml"}]},{"@type":"WebSite","@id":"https:\/\/loewentestneu.metafex.io\/es#website","url":"https:\/\/loewentestneu.metafex.io\/es","name":"Lions Pharmacy","description":"Farmacia especializada en naturopat\u00eda de Baden-Baden, Alemania","publisher":{"@id":"https:\/\/loewentestneu.metafex.io\/es#organization"},"alternateName":"Lion Pharmacy","potentialAction":[{"@type":"SearchAction","target":{"@type":"EntryPoint","urlTemplate":"https:\/\/loewentestneu.metafex.io\/es?s={search_term_string}"},"query-input":{"@type":"PropertyValueSpecification","valueRequired":true,"valueName":"search_term_string"}}],"inLanguage":"es"},{"@type":"Organization","@id":"https:\/\/loewentestneu.metafex.io\/es#organization","name":"Lions Pharmacy","alternateName":"Lions Pharmacy24","url":"https:\/\/loewentestneu.metafex.io\/es","logo":{"@type":"ImageObject","inLanguage":"es","@id":"https:\/\/loewentestneu.metafex.io\/es#\/schema\/logo\/image\/","url":"https:\/\/loewentestneu.metafex.io\/wp-content\/uploads\/2022\/12\/Logo-Lion-Pharmacy-c-o-Loewen-Apotheke-smal.jpg","contentUrl":"https:\/\/loewentestneu.metafex.io\/wp-content\/uploads\/2022\/12\/Logo-Lion-Pharmacy-c-o-Loewen-Apotheke-smal.jpg","width":298,"height":99,"caption":"Lions Pharmacy"},"image":{"@id":"https:\/\/loewentestneu.metafex.io\/es#\/schema\/logo\/image\/"}}]}},"_links":{"self":[{"href":"https:\/\/loewentestneu.metafex.io\/es\/wp-json\/wp\/v2\/product\/4914","targetHints":{"allow":["GET"]}}],"collection":[{"href":"https:\/\/loewentestneu.metafex.io\/es\/wp-json\/wp\/v2\/product"}],"about":[{"href":"https:\/\/loewentestneu.metafex.io\/es\/wp-json\/wp\/v2\/types\/product"}],"replies":[{"embeddable":true,"href":"https:\/\/loewentestneu.metafex.io\/es\/wp-json\/wp\/v2\/comments?post=4914"}],"wp:featuredmedia":[{"embeddable":true,"href":"https:\/\/loewentestneu.metafex.io\/es\/wp-json\/wp\/v2\/media\/4919"}],"wp:attachment":[{"href":"https:\/\/loewentestneu.metafex.io\/es\/wp-json\/wp\/v2\/media?parent=4914"}],"wp:term":[{"taxonomy":"product_brand","embeddable":true,"href":"https:\/\/loewentestneu.metafex.io\/es\/wp-json\/wp\/v2\/product_brand?post=4914"},{"taxonomy":"product_cat","embeddable":true,"href":"https:\/\/loewentestneu.metafex.io\/es\/wp-json\/wp\/v2\/product_cat?post=4914"},{"taxonomy":"product_tag","embeddable":true,"href":"https:\/\/loewentestneu.metafex.io\/es\/wp-json\/wp\/v2\/product_tag?post=4914"}],"curies":[{"name":"wp","href":"https:\/\/api.w.org\/{rel}","templated":true}]}}