{"id":4952,"date":"2024-10-08T14:40:32","date_gmt":"2024-10-08T13:40:32","guid":{"rendered":"https:\/\/lions-pharmacy.com\/?post_type=product&#038;p=4952"},"modified":"2024-10-11T15:07:07","modified_gmt":"2024-10-11T14:07:07","slug":"bepanthen-pomada-para-ojos-y-nariz-10-g-copy","status":"publish","type":"product","link":"https:\/\/loewentestneu.metafex.io\/es\/producto\/bepanthen-pomada-para-ojos-y-nariz-10-g-copy","title":{"rendered":"ACC akut 600 comprimidos efervescentes"},"content":{"rendered":"<h2>ACC akut 600 mg comprimidos efervescentes<\/h2>\n<p>ACC akut 600 comprimidos efervescentes se puede utilizar para tratar la tos con flema y la mucosidad atascada en los bronquios.<\/p>\n<p>Ingrediente activo: Acetilciste\u00edna 600 mg<\/p>\n<p>\u00bfSufres de mucosidad espesa y persistente y tienes problemas para toserla? Luego, el expectorante para la tos ACC akut 600 mg lo ayudar\u00e1 a disolver la mucosidad atascada de manera segura y r\u00e1pida.<br \/>\nEspecialmente en invierno, la mayor\u00eda de las personas sufren de resfriados y tos. Los bronquios inflamados forman una mucosidad espesa, que es licuada por la acetilciste\u00edna presente en el expectorante antitosiano ACC y, por lo tanto, puede eliminarse m\u00e1s f\u00e1cilmente. Los bronquios y las v\u00edas respiratorias vuelven a estar limpios y la inflamaci\u00f3n puede regenerarse.<\/p>\n<section class=\"text-dark-primary-max\">Otros productos para la aplicaci\u00f3n: <a href=\"https:\/\/loewentestneu.metafex.io\/produkt-schlagwort\/cold-flu\">Resfriado y gripe<\/a>.<\/section>\n<section><\/section>\n<section class=\"text-dark-primary-max\">La informaci\u00f3n contenida en este sitio web se facilita \u00fanicamente con fines informativos. En ning\u00fan caso sustituyen al examen y tratamiento por un m\u00e9dico. Tenga en cuenta que esto significa que no se pueden hacer diagn\u00f3sticos ni iniciar terapias.  <\/section>\n<p>Para conocer los riesgos y efectos secundarios, lea el prospecto y consulte a su m\u00e9dico o farmac\u00e9utico.<\/p>\n<h3 style=\"text-align: left;\">Prescripci\u00f3n | \u00bfReceta electr\u00f3nica disponible?<\/h3>\n<p>Env\u00ede su receta electr\u00f3nica ahora. Utilice nuestra aplicaci\u00f3n <a href=\"https:\/\/e-rezept-app.de\/shop-rezept\" target=\"_blank\" rel=\"noopener\">de recetas electr\u00f3nicas<\/a> . \u00a1Y te damos los gastos de env\u00edo gratis en Alemania!<\/p>\n","protected":false},"excerpt":{"rendered":"<h2>ACC akut 600 mg comprimidos efervescentes<\/h2>\n<p>ACC akut comprimidos expectorante<span style=\"font-size: 16px;\"> para la tos para adultos y adolescentes a partir de 14 a\u00f1os.<\/span><\/p>\n<p>&nbsp;<\/p>\n<div class=\"rating__wrap\">\n<p><strong>PZN: 00520917<\/strong> (n\u00famero central de la industria farmac\u00e9utica)<\/p>\n<p><strong>Forma farmac\u00e9utica<\/strong>: comprimidos efervescentes 40 uds.<\/p>\n<p><strong>Tipo de regulaci\u00f3n:<\/strong> Sin receta<\/p>\n<p><strong>Marca<\/strong>: ACC\u00ae<\/p>\n<p><strong>Fabricante<\/strong>: Hexal AG<\/p>\n<\/div>\n","protected":false},"featured_media":4957,"comment_status":"closed","ping_status":"closed","template":"","meta":[],"product_brand":[],"product_cat":[125,116],"product_tag":[492,237,296],"class_list":{"0":"post-4952","1":"product","2":"type-product","3":"status-publish","4":"has-post-thumbnail","6":"product_cat-sale-es","7":"product_cat-sin-categorizar","8":"product_tag-gripe-y-resfriado","9":"product_tag-infeccion-virica","10":"product_tag-resfriado","11":"ts_product_brand-all-es","13":"first","14":"instock","15":"sale","16":"taxable","17":"shipping-taxable","18":"purchasable","19":"product-type-simple"},"yoast_head":"<!-- This site is optimized with the Yoast SEO plugin v26.5 - https:\/\/yoast.com\/wordpress\/plugins\/seo\/ -->\n<title>ACC akut 600 comprimidos efervescentes &#187; Ordene aqu\u00ed<\/title>\n<meta name=\"description\" content=\"ACC akut 600 comprimidos efervescentes para tratar la tos con flema - bronquios. Entregado desde su farmacia en l\u00ednea alemana. Env\u00edo r\u00e1pido. Servicio de primera.\" \/>\n<meta name=\"robots\" content=\"noindex, follow, max-snippet:-1, max-image-preview:large, max-video-preview:-1\" \/>\n<meta property=\"og:locale\" content=\"es_ES\" \/>\n<meta property=\"og:type\" content=\"article\" \/>\n<meta property=\"og:title\" content=\"ACC akut 600 comprimidos efervescentes &#187; Ordene aqu\u00ed\" \/>\n<meta property=\"og:description\" content=\"ACC akut 600 comprimidos efervescentes para tratar la tos con flema - bronquios. Entregado desde su farmacia en l\u00ednea alemana. Env\u00edo r\u00e1pido. Servicio de primera.\" \/>\n<meta property=\"og:url\" content=\"https:\/\/loewentestneu.metafex.io\/es\/producto\/bepanthen-pomada-para-ojos-y-nariz-10-g-copy\" \/>\n<meta property=\"og:site_name\" content=\"Lion Pharmacy\" \/>\n<meta property=\"article:modified_time\" content=\"2024-10-11T14:07:07+00:00\" \/>\n<meta property=\"og:image\" content=\"https:\/\/loewentestneu.metafex.io\/wp-content\/uploads\/2024\/10\/ACC-Akut-Hexal.webp\" \/>\n\t<meta property=\"og:image:width\" content=\"600\" \/>\n\t<meta property=\"og:image:height\" content=\"600\" \/>\n\t<meta property=\"og:image:type\" content=\"image\/webp\" \/>\n<meta name=\"twitter:card\" content=\"summary_large_image\" \/>\n<meta name=\"twitter:label1\" content=\"Tiempo de lectura\" \/>\n\t<meta name=\"twitter:data1\" content=\"1 minuto\" \/>\n<script type=\"application\/ld+json\" class=\"yoast-schema-graph\">{\"@context\":\"https:\/\/schema.org\",\"@graph\":[{\"@type\":\"WebPage\",\"@id\":\"https:\/\/loewentestneu.metafex.io\/es\/producto\/bepanthen-pomada-para-ojos-y-nariz-10-g-copy\",\"url\":\"https:\/\/loewentestneu.metafex.io\/es\/producto\/bepanthen-pomada-para-ojos-y-nariz-10-g-copy\",\"name\":\"ACC akut 600 comprimidos efervescentes &#187; Ordene aqu\u00ed\",\"isPartOf\":{\"@id\":\"https:\/\/loewentestneu.metafex.io\/es#website\"},\"primaryImageOfPage\":{\"@id\":\"https:\/\/loewentestneu.metafex.io\/es\/producto\/bepanthen-pomada-para-ojos-y-nariz-10-g-copy#primaryimage\"},\"image\":{\"@id\":\"https:\/\/loewentestneu.metafex.io\/es\/producto\/bepanthen-pomada-para-ojos-y-nariz-10-g-copy#primaryimage\"},\"thumbnailUrl\":\"https:\/\/loewentestneu.metafex.io\/wp-content\/uploads\/2024\/10\/ACC-Akut-Hexal.webp\",\"datePublished\":\"2024-10-08T13:40:32+00:00\",\"dateModified\":\"2024-10-11T14:07:07+00:00\",\"description\":\"ACC akut 600 comprimidos efervescentes para tratar la tos con flema - bronquios. Entregado desde su farmacia en l\u00ednea alemana. Env\u00edo r\u00e1pido. Servicio de primera.\",\"breadcrumb\":{\"@id\":\"https:\/\/loewentestneu.metafex.io\/es\/producto\/bepanthen-pomada-para-ojos-y-nariz-10-g-copy#breadcrumb\"},\"inLanguage\":\"es\",\"potentialAction\":[{\"@type\":\"ReadAction\",\"target\":[\"https:\/\/loewentestneu.metafex.io\/es\/producto\/bepanthen-pomada-para-ojos-y-nariz-10-g-copy\"]}]},{\"@type\":\"ImageObject\",\"inLanguage\":\"es\",\"@id\":\"https:\/\/loewentestneu.metafex.io\/es\/producto\/bepanthen-pomada-para-ojos-y-nariz-10-g-copy#primaryimage\",\"url\":\"https:\/\/loewentestneu.metafex.io\/wp-content\/uploads\/2024\/10\/ACC-Akut-Hexal.webp\",\"contentUrl\":\"https:\/\/loewentestneu.metafex.io\/wp-content\/uploads\/2024\/10\/ACC-Akut-Hexal.webp\",\"width\":600,\"height\":600,\"caption\":\"ACC Akut comprimidos efervescentes 600 mg Lions Pharmacy PZN 00520917\"},{\"@type\":\"BreadcrumbList\",\"@id\":\"https:\/\/loewentestneu.metafex.io\/es\/producto\/bepanthen-pomada-para-ojos-y-nariz-10-g-copy#breadcrumb\",\"itemListElement\":[{\"@type\":\"ListItem\",\"position\":1,\"name\":\"Home\",\"item\":\"https:\/\/loewentestneu.metafex.io\/es\/homepage-lion-pharmacy\"},{\"@type\":\"ListItem\",\"position\":2,\"name\":\"Shop\",\"item\":\"https:\/\/loewentestneu.metafex.io\/es\/tienda\"},{\"@type\":\"ListItem\",\"position\":3,\"name\":\"ACC akut 600 comprimidos efervescentes\"}]},{\"@type\":\"WebSite\",\"@id\":\"https:\/\/loewentestneu.metafex.io\/es#website\",\"url\":\"https:\/\/loewentestneu.metafex.io\/es\",\"name\":\"Lions Pharmacy\",\"description\":\"Farmacia especializada en naturopat\u00eda de Baden-Baden, Alemania\",\"publisher\":{\"@id\":\"https:\/\/loewentestneu.metafex.io\/es#organization\"},\"alternateName\":\"Lion Pharmacy\",\"potentialAction\":[{\"@type\":\"SearchAction\",\"target\":{\"@type\":\"EntryPoint\",\"urlTemplate\":\"https:\/\/loewentestneu.metafex.io\/es?s={search_term_string}\"},\"query-input\":{\"@type\":\"PropertyValueSpecification\",\"valueRequired\":true,\"valueName\":\"search_term_string\"}}],\"inLanguage\":\"es\"},{\"@type\":\"Organization\",\"@id\":\"https:\/\/loewentestneu.metafex.io\/es#organization\",\"name\":\"Lions Pharmacy\",\"alternateName\":\"Lions Pharmacy24\",\"url\":\"https:\/\/loewentestneu.metafex.io\/es\",\"logo\":{\"@type\":\"ImageObject\",\"inLanguage\":\"es\",\"@id\":\"https:\/\/loewentestneu.metafex.io\/es#\/schema\/logo\/image\/\",\"url\":\"https:\/\/loewentestneu.metafex.io\/wp-content\/uploads\/2022\/12\/Logo-Lion-Pharmacy-c-o-Loewen-Apotheke-smal.jpg\",\"contentUrl\":\"https:\/\/loewentestneu.metafex.io\/wp-content\/uploads\/2022\/12\/Logo-Lion-Pharmacy-c-o-Loewen-Apotheke-smal.jpg\",\"width\":298,\"height\":99,\"caption\":\"Lions Pharmacy\"},\"image\":{\"@id\":\"https:\/\/loewentestneu.metafex.io\/es#\/schema\/logo\/image\/\"}}]}<\/script>\n<!-- \/ Yoast SEO plugin. -->","yoast_head_json":{"title":"ACC akut 600 comprimidos efervescentes &#187; Ordene aqu\u00ed","description":"ACC akut 600 comprimidos efervescentes para tratar la tos con flema - bronquios. Entregado desde su farmacia en l\u00ednea alemana. Env\u00edo r\u00e1pido. Servicio de primera.","robots":{"index":"noindex","follow":"follow","max-snippet":"max-snippet:-1","max-image-preview":"max-image-preview:large","max-video-preview":"max-video-preview:-1"},"og_locale":"es_ES","og_type":"article","og_title":"ACC akut 600 comprimidos efervescentes &#187; Ordene aqu\u00ed","og_description":"ACC akut 600 comprimidos efervescentes para tratar la tos con flema - bronquios. Entregado desde su farmacia en l\u00ednea alemana. Env\u00edo r\u00e1pido. Servicio de primera.","og_url":"https:\/\/loewentestneu.metafex.io\/es\/producto\/bepanthen-pomada-para-ojos-y-nariz-10-g-copy","og_site_name":"Lion Pharmacy","article_modified_time":"2024-10-11T14:07:07+00:00","og_image":[{"width":600,"height":600,"url":"https:\/\/loewentestneu.metafex.io\/wp-content\/uploads\/2024\/10\/ACC-Akut-Hexal.webp","type":"image\/webp"}],"twitter_card":"summary_large_image","twitter_misc":{"Tiempo de lectura":"1 minuto"},"schema":{"@context":"https:\/\/schema.org","@graph":[{"@type":"WebPage","@id":"https:\/\/loewentestneu.metafex.io\/es\/producto\/bepanthen-pomada-para-ojos-y-nariz-10-g-copy","url":"https:\/\/loewentestneu.metafex.io\/es\/producto\/bepanthen-pomada-para-ojos-y-nariz-10-g-copy","name":"ACC akut 600 comprimidos efervescentes &#187; Ordene aqu\u00ed","isPartOf":{"@id":"https:\/\/loewentestneu.metafex.io\/es#website"},"primaryImageOfPage":{"@id":"https:\/\/loewentestneu.metafex.io\/es\/producto\/bepanthen-pomada-para-ojos-y-nariz-10-g-copy#primaryimage"},"image":{"@id":"https:\/\/loewentestneu.metafex.io\/es\/producto\/bepanthen-pomada-para-ojos-y-nariz-10-g-copy#primaryimage"},"thumbnailUrl":"https:\/\/loewentestneu.metafex.io\/wp-content\/uploads\/2024\/10\/ACC-Akut-Hexal.webp","datePublished":"2024-10-08T13:40:32+00:00","dateModified":"2024-10-11T14:07:07+00:00","description":"ACC akut 600 comprimidos efervescentes para tratar la tos con flema - bronquios. Entregado desde su farmacia en l\u00ednea alemana. Env\u00edo r\u00e1pido. Servicio de primera.","breadcrumb":{"@id":"https:\/\/loewentestneu.metafex.io\/es\/producto\/bepanthen-pomada-para-ojos-y-nariz-10-g-copy#breadcrumb"},"inLanguage":"es","potentialAction":[{"@type":"ReadAction","target":["https:\/\/loewentestneu.metafex.io\/es\/producto\/bepanthen-pomada-para-ojos-y-nariz-10-g-copy"]}]},{"@type":"ImageObject","inLanguage":"es","@id":"https:\/\/loewentestneu.metafex.io\/es\/producto\/bepanthen-pomada-para-ojos-y-nariz-10-g-copy#primaryimage","url":"https:\/\/loewentestneu.metafex.io\/wp-content\/uploads\/2024\/10\/ACC-Akut-Hexal.webp","contentUrl":"https:\/\/loewentestneu.metafex.io\/wp-content\/uploads\/2024\/10\/ACC-Akut-Hexal.webp","width":600,"height":600,"caption":"ACC Akut comprimidos efervescentes 600 mg Lions Pharmacy PZN 00520917"},{"@type":"BreadcrumbList","@id":"https:\/\/loewentestneu.metafex.io\/es\/producto\/bepanthen-pomada-para-ojos-y-nariz-10-g-copy#breadcrumb","itemListElement":[{"@type":"ListItem","position":1,"name":"Home","item":"https:\/\/loewentestneu.metafex.io\/es\/homepage-lion-pharmacy"},{"@type":"ListItem","position":2,"name":"Shop","item":"https:\/\/loewentestneu.metafex.io\/es\/tienda"},{"@type":"ListItem","position":3,"name":"ACC akut 600 comprimidos efervescentes"}]},{"@type":"WebSite","@id":"https:\/\/loewentestneu.metafex.io\/es#website","url":"https:\/\/loewentestneu.metafex.io\/es","name":"Lions Pharmacy","description":"Farmacia especializada en naturopat\u00eda de Baden-Baden, Alemania","publisher":{"@id":"https:\/\/loewentestneu.metafex.io\/es#organization"},"alternateName":"Lion Pharmacy","potentialAction":[{"@type":"SearchAction","target":{"@type":"EntryPoint","urlTemplate":"https:\/\/loewentestneu.metafex.io\/es?s={search_term_string}"},"query-input":{"@type":"PropertyValueSpecification","valueRequired":true,"valueName":"search_term_string"}}],"inLanguage":"es"},{"@type":"Organization","@id":"https:\/\/loewentestneu.metafex.io\/es#organization","name":"Lions Pharmacy","alternateName":"Lions Pharmacy24","url":"https:\/\/loewentestneu.metafex.io\/es","logo":{"@type":"ImageObject","inLanguage":"es","@id":"https:\/\/loewentestneu.metafex.io\/es#\/schema\/logo\/image\/","url":"https:\/\/loewentestneu.metafex.io\/wp-content\/uploads\/2022\/12\/Logo-Lion-Pharmacy-c-o-Loewen-Apotheke-smal.jpg","contentUrl":"https:\/\/loewentestneu.metafex.io\/wp-content\/uploads\/2022\/12\/Logo-Lion-Pharmacy-c-o-Loewen-Apotheke-smal.jpg","width":298,"height":99,"caption":"Lions Pharmacy"},"image":{"@id":"https:\/\/loewentestneu.metafex.io\/es#\/schema\/logo\/image\/"}}]}},"_links":{"self":[{"href":"https:\/\/loewentestneu.metafex.io\/es\/wp-json\/wp\/v2\/product\/4952","targetHints":{"allow":["GET"]}}],"collection":[{"href":"https:\/\/loewentestneu.metafex.io\/es\/wp-json\/wp\/v2\/product"}],"about":[{"href":"https:\/\/loewentestneu.metafex.io\/es\/wp-json\/wp\/v2\/types\/product"}],"replies":[{"embeddable":true,"href":"https:\/\/loewentestneu.metafex.io\/es\/wp-json\/wp\/v2\/comments?post=4952"}],"wp:featuredmedia":[{"embeddable":true,"href":"https:\/\/loewentestneu.metafex.io\/es\/wp-json\/wp\/v2\/media\/4957"}],"wp:attachment":[{"href":"https:\/\/loewentestneu.metafex.io\/es\/wp-json\/wp\/v2\/media?parent=4952"}],"wp:term":[{"taxonomy":"product_brand","embeddable":true,"href":"https:\/\/loewentestneu.metafex.io\/es\/wp-json\/wp\/v2\/product_brand?post=4952"},{"taxonomy":"product_cat","embeddable":true,"href":"https:\/\/loewentestneu.metafex.io\/es\/wp-json\/wp\/v2\/product_cat?post=4952"},{"taxonomy":"product_tag","embeddable":true,"href":"https:\/\/loewentestneu.metafex.io\/es\/wp-json\/wp\/v2\/product_tag?post=4952"}],"curies":[{"name":"wp","href":"https:\/\/api.w.org\/{rel}","templated":true}]}}