{"id":5205,"date":"2024-10-16T09:35:04","date_gmt":"2024-10-16T08:35:04","guid":{"rendered":"https:\/\/lions-pharmacy.com\/?post_type=product&#038;p=5205"},"modified":"2024-10-21T11:18:03","modified_gmt":"2024-10-21T10:18:03","slug":"acc-akut-600-comprimidos-efervescentes-copy-copy-copy","status":"publish","type":"product","link":"https:\/\/loewentestneu.metafex.io\/es\/producto\/acc-akut-600-comprimidos-efervescentes-copy-copy-copy","title":{"rendered":"Grippostad C para resfriados e infecciones gripales 24 uds."},"content":{"rendered":"<h3>Grippostad C para resfriados e infecciones gripales<\/h3>\n<p>Grippostad C ayuda a aliviar los s\u00edntomas del resfriado.<\/p>\n<p>Gracias a su especial combinaci\u00f3n de principios activos, ayuda con la fiebre, la tos seca, la secreci\u00f3n nasal y el dolor por resfriado. La vitamina C tambi\u00e9n apoya el sistema inmunol\u00f3gico.<\/p>\n<p>Los resfriados suelen ser causados por virus, que luego se propagan por el cuerpo a trav\u00e9s de las v\u00edas respiratorias y causan una sensaci\u00f3n general de letargo y cansancio. Tambi\u00e9n se produce dolor en las extremidades y, lamentablemente, se sufre de secreci\u00f3n nasal, tos y fiebre.<\/p>\n<p>Con Grippostad C puede tratar todos los s\u00edntomas a la vez. El paracetamol que contiene ayuda contra el dolor y est\u00e1 respaldado por el ingrediente activo cafe\u00edna, que tiene un efecto intensificador sobre el paracetamol. Esto significa que solo necesita una peque\u00f1a cantidad para controlar el dolor. La clorfenamina previene el aumento de la formaci\u00f3n de moco en los bronquios y la nariz y, por lo tanto, alivia los s\u00edntomas de la tos seca y la nariz tapada. Los ni\u00f1os mayores de 12 a\u00f1os y los adultos pueden tomar dos c\u00e1psulas duras con l\u00edquido hasta 3 veces al d\u00eda. Un vaso de agua es lo mejor aqu\u00ed. Si tienes un resfriado, debes asegurarte de beber muchos l\u00edquidos y tomar mucho aire fresco.<\/p>\n<section class=\"text-dark-primary-max\">Otros productos para la aplicaci\u00f3n: <a href=\"https:\/\/loewentestneu.metafex.io\/product-tag\/cold-flu\">Resfriado y gripe<\/a><\/section>\n<section><\/section>\n<section><\/section>\n<section><\/section>\n<section class=\"text-dark-primary-max\">La informaci\u00f3n contenida en este sitio web se facilita \u00fanicamente con fines informativos. En ning\u00fan caso sustituyen al examen y tratamiento por un m\u00e9dico. Tenga en cuenta que esto significa que no se pueden hacer diagn\u00f3sticos ni iniciar terapias.<\/p>\n<\/section>\n<p>Para conocer los riesgos y efectos secundarios, lea el prospecto y consulte a su m\u00e9dico o farmac\u00e9utico.<\/p>\n<p>&nbsp;<\/p>\n<h3 style=\"text-align: left;\">Prescripci\u00f3n | \u00bfReceta electr\u00f3nica disponible?<\/h3>\n<p>Env\u00ede su receta electr\u00f3nica ahora. Utilice nuestra aplicaci\u00f3n <a href=\"https:\/\/e-rezept-app.de\/shop-rezept\" target=\"_blank\" rel=\"noopener\">de recetas electr\u00f3nicas<\/a> . \u00a1Y te damos los gastos de env\u00edo gratis en Alemania!<\/p>\n","protected":false},"excerpt":{"rendered":"<h2>Grippostad C para resfriados e infecciones gripales<\/h2>\n<p>Grippostad C ayuda a aliviar los s\u00edntomas del resfriado.<\/p>\n<p>&nbsp;<\/p>\n<div class=\"rating__wrap\">\n<p><strong>PZN: 00571748<\/strong> (n\u00famero central de la industria farmac\u00e9utica)<\/p>\n<p><strong>Forma de dosificaci\u00f3n<\/strong>: c\u00e1psulas &#8211; 24 uds.<\/p>\n<p><strong>Tipo de regulaci\u00f3n:<\/strong> Sin receta<\/p>\n<p><strong>Marca<\/strong>: Grippostad<\/p>\n<p><strong>Fabricante: <\/strong>STADA Consumer Health Deutschland GmbH<\/p>\n<\/div>\n","protected":false},"featured_media":5889,"comment_status":"closed","ping_status":"closed","template":"","meta":[],"product_brand":[],"product_cat":[125,116],"product_tag":[492,237,296],"class_list":{"0":"post-5205","1":"product","2":"type-product","3":"status-publish","4":"has-post-thumbnail","6":"product_cat-sale-es","7":"product_cat-sin-categorizar","8":"product_tag-gripe-y-resfriado","9":"product_tag-infeccion-virica","10":"product_tag-resfriado","11":"ts_product_brand-all-es","13":"first","14":"instock","15":"taxable","16":"shipping-taxable","17":"purchasable","18":"product-type-simple"},"yoast_head":"<!-- This site is optimized with the Yoast SEO plugin v26.5 - https:\/\/yoast.com\/wordpress\/plugins\/seo\/ -->\n<title>Grippostad C para resfriados e infecciones gripales 24 uds. &#187; Ordene aqu\u00ed<\/title>\n<meta name=\"description\" content=\"Grippostad C para resfriados e infecciones gripales 24 uds. para aliviar los s\u00edntomas del resfriado. Entregado desde su farmacia en l\u00ednea alemana. Env\u00edo r\u00e1pido. Servicio de primera.\" \/>\n<meta name=\"robots\" content=\"noindex, follow, max-snippet:-1, max-image-preview:large, max-video-preview:-1\" \/>\n<meta property=\"og:locale\" content=\"es_ES\" \/>\n<meta property=\"og:type\" content=\"article\" \/>\n<meta property=\"og:title\" content=\"Grippostad C para resfriados e infecciones gripales 24 uds. &#187; Ordene aqu\u00ed\" \/>\n<meta property=\"og:description\" content=\"Grippostad C para resfriados e infecciones gripales 24 uds. para aliviar los s\u00edntomas del resfriado. Entregado desde su farmacia en l\u00ednea alemana. Env\u00edo r\u00e1pido. Servicio de primera.\" \/>\n<meta property=\"og:url\" content=\"https:\/\/loewentestneu.metafex.io\/es\/producto\/acc-akut-600-comprimidos-efervescentes-copy-copy-copy\" \/>\n<meta property=\"og:site_name\" content=\"Lion Pharmacy\" \/>\n<meta property=\"article:modified_time\" content=\"2024-10-21T10:18:03+00:00\" \/>\n<meta property=\"og:image\" content=\"https:\/\/loewentestneu.metafex.io\/wp-content\/uploads\/2024\/10\/Grippostad.webp\" \/>\n\t<meta property=\"og:image:width\" content=\"600\" \/>\n\t<meta property=\"og:image:height\" content=\"600\" \/>\n\t<meta property=\"og:image:type\" content=\"image\/webp\" \/>\n<meta name=\"twitter:card\" content=\"summary_large_image\" \/>\n<meta name=\"twitter:label1\" content=\"Tiempo de lectura\" \/>\n\t<meta name=\"twitter:data1\" content=\"2 minutos\" \/>\n<script type=\"application\/ld+json\" class=\"yoast-schema-graph\">{\"@context\":\"https:\/\/schema.org\",\"@graph\":[{\"@type\":\"WebPage\",\"@id\":\"https:\/\/loewentestneu.metafex.io\/es\/producto\/acc-akut-600-comprimidos-efervescentes-copy-copy-copy\",\"url\":\"https:\/\/loewentestneu.metafex.io\/es\/producto\/acc-akut-600-comprimidos-efervescentes-copy-copy-copy\",\"name\":\"Grippostad C para resfriados e infecciones gripales 24 uds. &#187; Ordene aqu\u00ed\",\"isPartOf\":{\"@id\":\"https:\/\/loewentestneu.metafex.io\/es#website\"},\"primaryImageOfPage\":{\"@id\":\"https:\/\/loewentestneu.metafex.io\/es\/producto\/acc-akut-600-comprimidos-efervescentes-copy-copy-copy#primaryimage\"},\"image\":{\"@id\":\"https:\/\/loewentestneu.metafex.io\/es\/producto\/acc-akut-600-comprimidos-efervescentes-copy-copy-copy#primaryimage\"},\"thumbnailUrl\":\"https:\/\/loewentestneu.metafex.io\/wp-content\/uploads\/2024\/10\/grippo.webp\",\"datePublished\":\"2024-10-16T08:35:04+00:00\",\"dateModified\":\"2024-10-21T10:18:03+00:00\",\"description\":\"Grippostad C para resfriados e infecciones gripales 24 uds. para aliviar los s\u00edntomas del resfriado. Entregado desde su farmacia en l\u00ednea alemana. Env\u00edo r\u00e1pido. Servicio de primera.\",\"breadcrumb\":{\"@id\":\"https:\/\/loewentestneu.metafex.io\/es\/producto\/acc-akut-600-comprimidos-efervescentes-copy-copy-copy#breadcrumb\"},\"inLanguage\":\"es\",\"potentialAction\":[{\"@type\":\"ReadAction\",\"target\":[\"https:\/\/loewentestneu.metafex.io\/es\/producto\/acc-akut-600-comprimidos-efervescentes-copy-copy-copy\"]}]},{\"@type\":\"ImageObject\",\"inLanguage\":\"es\",\"@id\":\"https:\/\/loewentestneu.metafex.io\/es\/producto\/acc-akut-600-comprimidos-efervescentes-copy-copy-copy#primaryimage\",\"url\":\"https:\/\/loewentestneu.metafex.io\/wp-content\/uploads\/2024\/10\/grippo.webp\",\"contentUrl\":\"https:\/\/loewentestneu.metafex.io\/wp-content\/uploads\/2024\/10\/grippo.webp\",\"width\":600,\"height\":600,\"caption\":\"Grippostad C for colds and flu infections PZN 00571748 Lions Pharmacy\"},{\"@type\":\"BreadcrumbList\",\"@id\":\"https:\/\/loewentestneu.metafex.io\/es\/producto\/acc-akut-600-comprimidos-efervescentes-copy-copy-copy#breadcrumb\",\"itemListElement\":[{\"@type\":\"ListItem\",\"position\":1,\"name\":\"Home\",\"item\":\"https:\/\/loewentestneu.metafex.io\/es\/homepage-lion-pharmacy\"},{\"@type\":\"ListItem\",\"position\":2,\"name\":\"Shop\",\"item\":\"https:\/\/loewentestneu.metafex.io\/es\/tienda\"},{\"@type\":\"ListItem\",\"position\":3,\"name\":\"Grippostad C para resfriados e infecciones gripales 24 uds.\"}]},{\"@type\":\"WebSite\",\"@id\":\"https:\/\/loewentestneu.metafex.io\/es#website\",\"url\":\"https:\/\/loewentestneu.metafex.io\/es\",\"name\":\"Lions Pharmacy\",\"description\":\"Farmacia especializada en naturopat\u00eda de Baden-Baden, Alemania\",\"publisher\":{\"@id\":\"https:\/\/loewentestneu.metafex.io\/es#organization\"},\"alternateName\":\"Lion Pharmacy\",\"potentialAction\":[{\"@type\":\"SearchAction\",\"target\":{\"@type\":\"EntryPoint\",\"urlTemplate\":\"https:\/\/loewentestneu.metafex.io\/es?s={search_term_string}\"},\"query-input\":{\"@type\":\"PropertyValueSpecification\",\"valueRequired\":true,\"valueName\":\"search_term_string\"}}],\"inLanguage\":\"es\"},{\"@type\":\"Organization\",\"@id\":\"https:\/\/loewentestneu.metafex.io\/es#organization\",\"name\":\"Lions Pharmacy\",\"alternateName\":\"Lions Pharmacy24\",\"url\":\"https:\/\/loewentestneu.metafex.io\/es\",\"logo\":{\"@type\":\"ImageObject\",\"inLanguage\":\"es\",\"@id\":\"https:\/\/loewentestneu.metafex.io\/es#\/schema\/logo\/image\/\",\"url\":\"https:\/\/loewentestneu.metafex.io\/wp-content\/uploads\/2022\/12\/Logo-Lion-Pharmacy-c-o-Loewen-Apotheke-smal.jpg\",\"contentUrl\":\"https:\/\/loewentestneu.metafex.io\/wp-content\/uploads\/2022\/12\/Logo-Lion-Pharmacy-c-o-Loewen-Apotheke-smal.jpg\",\"width\":298,\"height\":99,\"caption\":\"Lions Pharmacy\"},\"image\":{\"@id\":\"https:\/\/loewentestneu.metafex.io\/es#\/schema\/logo\/image\/\"}}]}<\/script>\n<!-- \/ Yoast SEO plugin. -->","yoast_head_json":{"title":"Grippostad C para resfriados e infecciones gripales 24 uds. &#187; Ordene aqu\u00ed","description":"Grippostad C para resfriados e infecciones gripales 24 uds. para aliviar los s\u00edntomas del resfriado. Entregado desde su farmacia en l\u00ednea alemana. Env\u00edo r\u00e1pido. Servicio de primera.","robots":{"index":"noindex","follow":"follow","max-snippet":"max-snippet:-1","max-image-preview":"max-image-preview:large","max-video-preview":"max-video-preview:-1"},"og_locale":"es_ES","og_type":"article","og_title":"Grippostad C para resfriados e infecciones gripales 24 uds. &#187; Ordene aqu\u00ed","og_description":"Grippostad C para resfriados e infecciones gripales 24 uds. para aliviar los s\u00edntomas del resfriado. Entregado desde su farmacia en l\u00ednea alemana. Env\u00edo r\u00e1pido. Servicio de primera.","og_url":"https:\/\/loewentestneu.metafex.io\/es\/producto\/acc-akut-600-comprimidos-efervescentes-copy-copy-copy","og_site_name":"Lion Pharmacy","article_modified_time":"2024-10-21T10:18:03+00:00","og_image":[{"width":600,"height":600,"url":"https:\/\/loewentestneu.metafex.io\/wp-content\/uploads\/2024\/10\/Grippostad.webp","type":"image\/webp"}],"twitter_card":"summary_large_image","twitter_misc":{"Tiempo de lectura":"2 minutos"},"schema":{"@context":"https:\/\/schema.org","@graph":[{"@type":"WebPage","@id":"https:\/\/loewentestneu.metafex.io\/es\/producto\/acc-akut-600-comprimidos-efervescentes-copy-copy-copy","url":"https:\/\/loewentestneu.metafex.io\/es\/producto\/acc-akut-600-comprimidos-efervescentes-copy-copy-copy","name":"Grippostad C para resfriados e infecciones gripales 24 uds. &#187; Ordene aqu\u00ed","isPartOf":{"@id":"https:\/\/loewentestneu.metafex.io\/es#website"},"primaryImageOfPage":{"@id":"https:\/\/loewentestneu.metafex.io\/es\/producto\/acc-akut-600-comprimidos-efervescentes-copy-copy-copy#primaryimage"},"image":{"@id":"https:\/\/loewentestneu.metafex.io\/es\/producto\/acc-akut-600-comprimidos-efervescentes-copy-copy-copy#primaryimage"},"thumbnailUrl":"https:\/\/loewentestneu.metafex.io\/wp-content\/uploads\/2024\/10\/grippo.webp","datePublished":"2024-10-16T08:35:04+00:00","dateModified":"2024-10-21T10:18:03+00:00","description":"Grippostad C para resfriados e infecciones gripales 24 uds. para aliviar los s\u00edntomas del resfriado. Entregado desde su farmacia en l\u00ednea alemana. Env\u00edo r\u00e1pido. Servicio de primera.","breadcrumb":{"@id":"https:\/\/loewentestneu.metafex.io\/es\/producto\/acc-akut-600-comprimidos-efervescentes-copy-copy-copy#breadcrumb"},"inLanguage":"es","potentialAction":[{"@type":"ReadAction","target":["https:\/\/loewentestneu.metafex.io\/es\/producto\/acc-akut-600-comprimidos-efervescentes-copy-copy-copy"]}]},{"@type":"ImageObject","inLanguage":"es","@id":"https:\/\/loewentestneu.metafex.io\/es\/producto\/acc-akut-600-comprimidos-efervescentes-copy-copy-copy#primaryimage","url":"https:\/\/loewentestneu.metafex.io\/wp-content\/uploads\/2024\/10\/grippo.webp","contentUrl":"https:\/\/loewentestneu.metafex.io\/wp-content\/uploads\/2024\/10\/grippo.webp","width":600,"height":600,"caption":"Grippostad C for colds and flu infections PZN 00571748 Lions Pharmacy"},{"@type":"BreadcrumbList","@id":"https:\/\/loewentestneu.metafex.io\/es\/producto\/acc-akut-600-comprimidos-efervescentes-copy-copy-copy#breadcrumb","itemListElement":[{"@type":"ListItem","position":1,"name":"Home","item":"https:\/\/loewentestneu.metafex.io\/es\/homepage-lion-pharmacy"},{"@type":"ListItem","position":2,"name":"Shop","item":"https:\/\/loewentestneu.metafex.io\/es\/tienda"},{"@type":"ListItem","position":3,"name":"Grippostad C para resfriados e infecciones gripales 24 uds."}]},{"@type":"WebSite","@id":"https:\/\/loewentestneu.metafex.io\/es#website","url":"https:\/\/loewentestneu.metafex.io\/es","name":"Lions Pharmacy","description":"Farmacia especializada en naturopat\u00eda de Baden-Baden, Alemania","publisher":{"@id":"https:\/\/loewentestneu.metafex.io\/es#organization"},"alternateName":"Lion Pharmacy","potentialAction":[{"@type":"SearchAction","target":{"@type":"EntryPoint","urlTemplate":"https:\/\/loewentestneu.metafex.io\/es?s={search_term_string}"},"query-input":{"@type":"PropertyValueSpecification","valueRequired":true,"valueName":"search_term_string"}}],"inLanguage":"es"},{"@type":"Organization","@id":"https:\/\/loewentestneu.metafex.io\/es#organization","name":"Lions Pharmacy","alternateName":"Lions Pharmacy24","url":"https:\/\/loewentestneu.metafex.io\/es","logo":{"@type":"ImageObject","inLanguage":"es","@id":"https:\/\/loewentestneu.metafex.io\/es#\/schema\/logo\/image\/","url":"https:\/\/loewentestneu.metafex.io\/wp-content\/uploads\/2022\/12\/Logo-Lion-Pharmacy-c-o-Loewen-Apotheke-smal.jpg","contentUrl":"https:\/\/loewentestneu.metafex.io\/wp-content\/uploads\/2022\/12\/Logo-Lion-Pharmacy-c-o-Loewen-Apotheke-smal.jpg","width":298,"height":99,"caption":"Lions Pharmacy"},"image":{"@id":"https:\/\/loewentestneu.metafex.io\/es#\/schema\/logo\/image\/"}}]}},"_links":{"self":[{"href":"https:\/\/loewentestneu.metafex.io\/es\/wp-json\/wp\/v2\/product\/5205","targetHints":{"allow":["GET"]}}],"collection":[{"href":"https:\/\/loewentestneu.metafex.io\/es\/wp-json\/wp\/v2\/product"}],"about":[{"href":"https:\/\/loewentestneu.metafex.io\/es\/wp-json\/wp\/v2\/types\/product"}],"replies":[{"embeddable":true,"href":"https:\/\/loewentestneu.metafex.io\/es\/wp-json\/wp\/v2\/comments?post=5205"}],"wp:featuredmedia":[{"embeddable":true,"href":"https:\/\/loewentestneu.metafex.io\/es\/wp-json\/wp\/v2\/media\/5889"}],"wp:attachment":[{"href":"https:\/\/loewentestneu.metafex.io\/es\/wp-json\/wp\/v2\/media?parent=5205"}],"wp:term":[{"taxonomy":"product_brand","embeddable":true,"href":"https:\/\/loewentestneu.metafex.io\/es\/wp-json\/wp\/v2\/product_brand?post=5205"},{"taxonomy":"product_cat","embeddable":true,"href":"https:\/\/loewentestneu.metafex.io\/es\/wp-json\/wp\/v2\/product_cat?post=5205"},{"taxonomy":"product_tag","embeddable":true,"href":"https:\/\/loewentestneu.metafex.io\/es\/wp-json\/wp\/v2\/product_tag?post=5205"}],"curies":[{"name":"wp","href":"https:\/\/api.w.org\/{rel}","templated":true}]}}