{"id":6503,"date":"2024-11-22T07:08:50","date_gmt":"2024-11-22T06:08:50","guid":{"rendered":"https:\/\/lions-pharmacy.com\/?post_type=product&#038;p=6503"},"modified":"2025-01-25T10:58:36","modified_gmt":"2025-01-25T09:58:36","slug":"omni-biotic-sr-9-kids-28x-12g-19421649","status":"publish","type":"product","link":"https:\/\/loewentestneu.metafex.io\/es\/producto\/omni-biotic-sr-9-kids-28x-12g-19421649","title":{"rendered":"OMNi-BiOTiC SR-9 Ni\u00f1os (28x 1,2g)"},"content":{"rendered":"<h3>OMNi-BiOTiC SR-9 Ni\u00f1os (28x 1,2g)<\/h3>\n<p>Una aplicaci\u00f3n de OMNi-BiOTiC SR-9 Kids puede mejorar la defensa del cuerpo contra el estr\u00e9s y puede apoyar las deficiencias de vitaminas y nutrientes. Complemento alimenticio con simbiontes intestinales altamente activos y vitamina B2, Innovador stick directo con sabor a melocot\u00f3n.<\/p>\n<p>OMNi-BiOTiC SR-9 Kids contiene las mismas cepas bacterianas cient\u00edficamente probadas que el probado OMNi-BiOTiC STRESS Repair\/SR-9 y se ha desarrollado espec\u00edficamente para ni\u00f1os. SR-9 Kids contiene 3.75 mil millones de bacterias intestinales por barra directa de 9 cepas diferentes que se producen naturalmente en el intestino humano y han sido probadas en numerosos estudios sobre el eje intestino-cerebro.<\/p>\n<p>Prospecto\/instrucciones de uso\/ficha t\u00e9cnica del art\u00edculo: &#8211; (lector de PDF)<\/p>\n<p>Otros productos para la aplicaci\u00f3n: Sistema inmunol\u00f3gico | Homeopat\u00eda | <a href=\"https:\/\/loewentestneu.metafex.io\/product-tag\/vitamins-supplements\">Vitaminas y suplementos Productos<\/a><\/p>\n<p>M\u00e1s informaci\u00f3n sobre el fabricante y el producto: <a href=\"https:\/\/www.allergosan.com\/de\/unsere-produkte\/omni-biotic\/\" target=\"_blank\" rel=\"noopener\">Omni-Biotic<\/a> (enlace a la p\u00e1gina web externa)<\/p>\n<p>La informaci\u00f3n contenida en este sitio web se facilita \u00fanicamente con fines informativos. En ning\u00fan caso sustituyen al examen y tratamiento por un m\u00e9dico. Tenga en cuenta que esto significa que no se pueden hacer diagn\u00f3sticos ni iniciar terapias. Los suplementos diet\u00e9ticos no son un sustituto de una dieta equilibrada y variada y un estilo de vida saludable. No se debe exceder la cantidad de consumo diario recomendada indicada. Guarde el producto fuera del alcance de los ni\u00f1os peque\u00f1os.<\/p>\n<p>Para conocer los riesgos y efectos secundarios, lea el prospecto y consulte a su m\u00e9dico o farmac\u00e9utico.<\/p>\n","protected":false},"excerpt":{"rendered":"<h2>OMNi-BiOTiC SR-9 Ni\u00f1os (28x 1,2g)<\/h2>\n<p>Complemento alimenticio con simbiontes intestinales altamente activos y vitamina B2, Innovador stick directo con sabor a melocot\u00f3n.<\/p>\n<p>&nbsp;<\/p>\n<p><strong>PZN<\/strong>: 19421649 (N\u00famero central de la farmacia)<\/p>\n<p><strong>Forma de dosificaci\u00f3n<\/strong>: polvo<\/p>\n<p><strong>Tipo de receta<\/strong>: sin receta<\/p>\n<p><strong>Marca<\/strong>: OMNI BiOTiC<\/p>\n<p><strong>Fabricante<\/strong>: INSTITUT ALLERGOSAN Deutschland GmbH<\/p>\n<p><strong>Tama\u00f1o del envase<\/strong>: 28 sobres de 1,2 g cada uno<\/p>\n","protected":false},"featured_media":6537,"comment_status":"closed","ping_status":"closed","template":"","meta":[],"product_brand":[],"product_cat":[614,125,116],"product_tag":[299,273,308,275,311,272],"class_list":{"0":"post-6503","1":"product","2":"type-product","3":"status-publish","4":"has-post-thumbnail","6":"product_cat-omni-biotico-es","7":"product_cat-sale-es","8":"product_cat-sin-categorizar","9":"product_tag-concentracion-y-estres","10":"product_tag-control-de-peso","11":"product_tag-homeopatia","12":"product_tag-peso-y-forma-fisica","13":"product_tag-venta-mensual","14":"product_tag-vitaminas-y-suplementos","15":"ts_product_brand-all-es","16":"ts_product_brand-allergosan-es","18":"first","19":"instock","20":"sale","21":"featured","22":"taxable","23":"shipping-taxable","24":"purchasable","25":"product-type-simple"},"yoast_head":"<!-- This site is optimized with the Yoast SEO plugin v26.5 - https:\/\/yoast.com\/wordpress\/plugins\/seo\/ -->\n<title>OMNi-BiOTiC SR-9 Ni\u00f1os (28x 1,2g) &#187; Orden en Lion Pharmacy<\/title>\n<meta name=\"description\" content=\"Una farmacia en l\u00ednea registrada. Ofrecemos: Env\u00edo internacional r\u00e1pido con DHL. Para el apoyo del sistema inmunol\u00f3gico &gt; OMNi-BiOTiC SR-9 Ni\u00f1os (28x 1,2g)\" \/>\n<meta name=\"robots\" content=\"noindex, follow, max-snippet:-1, max-image-preview:large, max-video-preview:-1\" \/>\n<meta property=\"og:locale\" content=\"es_ES\" \/>\n<meta property=\"og:type\" content=\"article\" \/>\n<meta property=\"og:title\" content=\"OMNi-BiOTiC SR-9 Ni\u00f1os (28x 1,2g) &#187; Orden en Lion Pharmacy\" \/>\n<meta property=\"og:description\" content=\"Una farmacia en l\u00ednea registrada. Ofrecemos: Env\u00edo internacional r\u00e1pido con DHL. Para el apoyo del sistema inmunol\u00f3gico &gt; OMNi-BiOTiC SR-9 Ni\u00f1os (28x 1,2g)\" \/>\n<meta property=\"og:url\" content=\"https:\/\/loewentestneu.metafex.io\/es\/producto\/omni-biotic-sr-9-kids-28x-12g-19421649\" \/>\n<meta property=\"og:site_name\" content=\"Lion Pharmacy\" \/>\n<meta property=\"article:modified_time\" content=\"2025-01-25T09:58:36+00:00\" \/>\n<meta property=\"og:image\" content=\"https:\/\/loewentestneu.metafex.io\/wp-content\/uploads\/2024\/11\/omni-biotic-sr-9-kids-beutel-28x.-pzn-19421649.-ean-9120117915170.-lions-pharmacy.webp\" \/>\n\t<meta property=\"og:image:width\" content=\"600\" \/>\n\t<meta property=\"og:image:height\" content=\"600\" \/>\n\t<meta property=\"og:image:type\" content=\"image\/webp\" \/>\n<meta name=\"twitter:card\" content=\"summary_large_image\" \/>\n<meta name=\"twitter:label1\" content=\"Tiempo de lectura\" \/>\n\t<meta name=\"twitter:data1\" content=\"1 minuto\" \/>\n<script type=\"application\/ld+json\" class=\"yoast-schema-graph\">{\"@context\":\"https:\/\/schema.org\",\"@graph\":[{\"@type\":\"WebPage\",\"@id\":\"https:\/\/loewentestneu.metafex.io\/es\/producto\/omni-biotic-sr-9-kids-28x-12g-19421649\",\"url\":\"https:\/\/loewentestneu.metafex.io\/es\/producto\/omni-biotic-sr-9-kids-28x-12g-19421649\",\"name\":\"OMNi-BiOTiC SR-9 Ni\u00f1os (28x 1,2g) &#187; Orden en Lion Pharmacy\",\"isPartOf\":{\"@id\":\"https:\/\/loewentestneu.metafex.io\/es#website\"},\"primaryImageOfPage\":{\"@id\":\"https:\/\/loewentestneu.metafex.io\/es\/producto\/omni-biotic-sr-9-kids-28x-12g-19421649#primaryimage\"},\"image\":{\"@id\":\"https:\/\/loewentestneu.metafex.io\/es\/producto\/omni-biotic-sr-9-kids-28x-12g-19421649#primaryimage\"},\"thumbnailUrl\":\"https:\/\/loewentestneu.metafex.io\/wp-content\/uploads\/2024\/11\/omni-biotic-sr-9-kids-beutel-28x.-pzn-19421649.-ean-9120117915170.-lions-pharmacy.webp\",\"datePublished\":\"2024-11-22T06:08:50+00:00\",\"dateModified\":\"2025-01-25T09:58:36+00:00\",\"description\":\"Una farmacia en l\u00ednea registrada. Ofrecemos: Env\u00edo internacional r\u00e1pido con DHL. Para el apoyo del sistema inmunol\u00f3gico > OMNi-BiOTiC SR-9 Ni\u00f1os (28x 1,2g)\",\"breadcrumb\":{\"@id\":\"https:\/\/loewentestneu.metafex.io\/es\/producto\/omni-biotic-sr-9-kids-28x-12g-19421649#breadcrumb\"},\"inLanguage\":\"es\",\"potentialAction\":[{\"@type\":\"ReadAction\",\"target\":[\"https:\/\/loewentestneu.metafex.io\/es\/producto\/omni-biotic-sr-9-kids-28x-12g-19421649\"]}]},{\"@type\":\"ImageObject\",\"inLanguage\":\"es\",\"@id\":\"https:\/\/loewentestneu.metafex.io\/es\/producto\/omni-biotic-sr-9-kids-28x-12g-19421649#primaryimage\",\"url\":\"https:\/\/loewentestneu.metafex.io\/wp-content\/uploads\/2024\/11\/omni-biotic-sr-9-kids-beutel-28x.-pzn-19421649.-ean-9120117915170.-lions-pharmacy.webp\",\"contentUrl\":\"https:\/\/loewentestneu.metafex.io\/wp-content\/uploads\/2024\/11\/omni-biotic-sr-9-kids-beutel-28x.-pzn-19421649.-ean-9120117915170.-lions-pharmacy.webp\",\"width\":600,\"height\":600,\"caption\":\"Omnibi\u00f3tico SR-9 Ni\u00f1os BEUTEL-28X.-PZN-19421649. EAN 9120117915170. Farmacia de los Leones\"},{\"@type\":\"BreadcrumbList\",\"@id\":\"https:\/\/loewentestneu.metafex.io\/es\/producto\/omni-biotic-sr-9-kids-28x-12g-19421649#breadcrumb\",\"itemListElement\":[{\"@type\":\"ListItem\",\"position\":1,\"name\":\"Home\",\"item\":\"https:\/\/loewentestneu.metafex.io\/es\/homepage-lion-pharmacy\"},{\"@type\":\"ListItem\",\"position\":2,\"name\":\"Shop\",\"item\":\"https:\/\/loewentestneu.metafex.io\/es\/tienda\"},{\"@type\":\"ListItem\",\"position\":3,\"name\":\"OMNi-BiOTiC SR-9 Ni\u00f1os (28x 1,2g)\"}]},{\"@type\":\"WebSite\",\"@id\":\"https:\/\/loewentestneu.metafex.io\/es#website\",\"url\":\"https:\/\/loewentestneu.metafex.io\/es\",\"name\":\"Lions Pharmacy\",\"description\":\"Farmacia especializada en naturopat\u00eda de Baden-Baden, Alemania\",\"publisher\":{\"@id\":\"https:\/\/loewentestneu.metafex.io\/es#organization\"},\"alternateName\":\"Lion Pharmacy\",\"potentialAction\":[{\"@type\":\"SearchAction\",\"target\":{\"@type\":\"EntryPoint\",\"urlTemplate\":\"https:\/\/loewentestneu.metafex.io\/es?s={search_term_string}\"},\"query-input\":{\"@type\":\"PropertyValueSpecification\",\"valueRequired\":true,\"valueName\":\"search_term_string\"}}],\"inLanguage\":\"es\"},{\"@type\":\"Organization\",\"@id\":\"https:\/\/loewentestneu.metafex.io\/es#organization\",\"name\":\"Lions Pharmacy\",\"alternateName\":\"Lions Pharmacy24\",\"url\":\"https:\/\/loewentestneu.metafex.io\/es\",\"logo\":{\"@type\":\"ImageObject\",\"inLanguage\":\"es\",\"@id\":\"https:\/\/loewentestneu.metafex.io\/es#\/schema\/logo\/image\/\",\"url\":\"https:\/\/loewentestneu.metafex.io\/wp-content\/uploads\/2022\/12\/Logo-Lion-Pharmacy-c-o-Loewen-Apotheke-smal.jpg\",\"contentUrl\":\"https:\/\/loewentestneu.metafex.io\/wp-content\/uploads\/2022\/12\/Logo-Lion-Pharmacy-c-o-Loewen-Apotheke-smal.jpg\",\"width\":298,\"height\":99,\"caption\":\"Lions Pharmacy\"},\"image\":{\"@id\":\"https:\/\/loewentestneu.metafex.io\/es#\/schema\/logo\/image\/\"}}]}<\/script>\n<!-- \/ Yoast SEO plugin. -->","yoast_head_json":{"title":"OMNi-BiOTiC SR-9 Ni\u00f1os (28x 1,2g) &#187; Orden en Lion Pharmacy","description":"Una farmacia en l\u00ednea registrada. Ofrecemos: Env\u00edo internacional r\u00e1pido con DHL. Para el apoyo del sistema inmunol\u00f3gico > OMNi-BiOTiC SR-9 Ni\u00f1os (28x 1,2g)","robots":{"index":"noindex","follow":"follow","max-snippet":"max-snippet:-1","max-image-preview":"max-image-preview:large","max-video-preview":"max-video-preview:-1"},"og_locale":"es_ES","og_type":"article","og_title":"OMNi-BiOTiC SR-9 Ni\u00f1os (28x 1,2g) &#187; Orden en Lion Pharmacy","og_description":"Una farmacia en l\u00ednea registrada. Ofrecemos: Env\u00edo internacional r\u00e1pido con DHL. Para el apoyo del sistema inmunol\u00f3gico > OMNi-BiOTiC SR-9 Ni\u00f1os (28x 1,2g)","og_url":"https:\/\/loewentestneu.metafex.io\/es\/producto\/omni-biotic-sr-9-kids-28x-12g-19421649","og_site_name":"Lion Pharmacy","article_modified_time":"2025-01-25T09:58:36+00:00","og_image":[{"width":600,"height":600,"url":"https:\/\/loewentestneu.metafex.io\/wp-content\/uploads\/2024\/11\/omni-biotic-sr-9-kids-beutel-28x.-pzn-19421649.-ean-9120117915170.-lions-pharmacy.webp","type":"image\/webp"}],"twitter_card":"summary_large_image","twitter_misc":{"Tiempo de lectura":"1 minuto"},"schema":{"@context":"https:\/\/schema.org","@graph":[{"@type":"WebPage","@id":"https:\/\/loewentestneu.metafex.io\/es\/producto\/omni-biotic-sr-9-kids-28x-12g-19421649","url":"https:\/\/loewentestneu.metafex.io\/es\/producto\/omni-biotic-sr-9-kids-28x-12g-19421649","name":"OMNi-BiOTiC SR-9 Ni\u00f1os (28x 1,2g) &#187; Orden en Lion Pharmacy","isPartOf":{"@id":"https:\/\/loewentestneu.metafex.io\/es#website"},"primaryImageOfPage":{"@id":"https:\/\/loewentestneu.metafex.io\/es\/producto\/omni-biotic-sr-9-kids-28x-12g-19421649#primaryimage"},"image":{"@id":"https:\/\/loewentestneu.metafex.io\/es\/producto\/omni-biotic-sr-9-kids-28x-12g-19421649#primaryimage"},"thumbnailUrl":"https:\/\/loewentestneu.metafex.io\/wp-content\/uploads\/2024\/11\/omni-biotic-sr-9-kids-beutel-28x.-pzn-19421649.-ean-9120117915170.-lions-pharmacy.webp","datePublished":"2024-11-22T06:08:50+00:00","dateModified":"2025-01-25T09:58:36+00:00","description":"Una farmacia en l\u00ednea registrada. Ofrecemos: Env\u00edo internacional r\u00e1pido con DHL. Para el apoyo del sistema inmunol\u00f3gico > OMNi-BiOTiC SR-9 Ni\u00f1os (28x 1,2g)","breadcrumb":{"@id":"https:\/\/loewentestneu.metafex.io\/es\/producto\/omni-biotic-sr-9-kids-28x-12g-19421649#breadcrumb"},"inLanguage":"es","potentialAction":[{"@type":"ReadAction","target":["https:\/\/loewentestneu.metafex.io\/es\/producto\/omni-biotic-sr-9-kids-28x-12g-19421649"]}]},{"@type":"ImageObject","inLanguage":"es","@id":"https:\/\/loewentestneu.metafex.io\/es\/producto\/omni-biotic-sr-9-kids-28x-12g-19421649#primaryimage","url":"https:\/\/loewentestneu.metafex.io\/wp-content\/uploads\/2024\/11\/omni-biotic-sr-9-kids-beutel-28x.-pzn-19421649.-ean-9120117915170.-lions-pharmacy.webp","contentUrl":"https:\/\/loewentestneu.metafex.io\/wp-content\/uploads\/2024\/11\/omni-biotic-sr-9-kids-beutel-28x.-pzn-19421649.-ean-9120117915170.-lions-pharmacy.webp","width":600,"height":600,"caption":"Omnibi\u00f3tico SR-9 Ni\u00f1os BEUTEL-28X.-PZN-19421649. EAN 9120117915170. Farmacia de los Leones"},{"@type":"BreadcrumbList","@id":"https:\/\/loewentestneu.metafex.io\/es\/producto\/omni-biotic-sr-9-kids-28x-12g-19421649#breadcrumb","itemListElement":[{"@type":"ListItem","position":1,"name":"Home","item":"https:\/\/loewentestneu.metafex.io\/es\/homepage-lion-pharmacy"},{"@type":"ListItem","position":2,"name":"Shop","item":"https:\/\/loewentestneu.metafex.io\/es\/tienda"},{"@type":"ListItem","position":3,"name":"OMNi-BiOTiC SR-9 Ni\u00f1os (28x 1,2g)"}]},{"@type":"WebSite","@id":"https:\/\/loewentestneu.metafex.io\/es#website","url":"https:\/\/loewentestneu.metafex.io\/es","name":"Lions Pharmacy","description":"Farmacia especializada en naturopat\u00eda de Baden-Baden, Alemania","publisher":{"@id":"https:\/\/loewentestneu.metafex.io\/es#organization"},"alternateName":"Lion Pharmacy","potentialAction":[{"@type":"SearchAction","target":{"@type":"EntryPoint","urlTemplate":"https:\/\/loewentestneu.metafex.io\/es?s={search_term_string}"},"query-input":{"@type":"PropertyValueSpecification","valueRequired":true,"valueName":"search_term_string"}}],"inLanguage":"es"},{"@type":"Organization","@id":"https:\/\/loewentestneu.metafex.io\/es#organization","name":"Lions Pharmacy","alternateName":"Lions Pharmacy24","url":"https:\/\/loewentestneu.metafex.io\/es","logo":{"@type":"ImageObject","inLanguage":"es","@id":"https:\/\/loewentestneu.metafex.io\/es#\/schema\/logo\/image\/","url":"https:\/\/loewentestneu.metafex.io\/wp-content\/uploads\/2022\/12\/Logo-Lion-Pharmacy-c-o-Loewen-Apotheke-smal.jpg","contentUrl":"https:\/\/loewentestneu.metafex.io\/wp-content\/uploads\/2022\/12\/Logo-Lion-Pharmacy-c-o-Loewen-Apotheke-smal.jpg","width":298,"height":99,"caption":"Lions Pharmacy"},"image":{"@id":"https:\/\/loewentestneu.metafex.io\/es#\/schema\/logo\/image\/"}}]}},"_links":{"self":[{"href":"https:\/\/loewentestneu.metafex.io\/es\/wp-json\/wp\/v2\/product\/6503","targetHints":{"allow":["GET"]}}],"collection":[{"href":"https:\/\/loewentestneu.metafex.io\/es\/wp-json\/wp\/v2\/product"}],"about":[{"href":"https:\/\/loewentestneu.metafex.io\/es\/wp-json\/wp\/v2\/types\/product"}],"replies":[{"embeddable":true,"href":"https:\/\/loewentestneu.metafex.io\/es\/wp-json\/wp\/v2\/comments?post=6503"}],"wp:featuredmedia":[{"embeddable":true,"href":"https:\/\/loewentestneu.metafex.io\/es\/wp-json\/wp\/v2\/media\/6537"}],"wp:attachment":[{"href":"https:\/\/loewentestneu.metafex.io\/es\/wp-json\/wp\/v2\/media?parent=6503"}],"wp:term":[{"taxonomy":"product_brand","embeddable":true,"href":"https:\/\/loewentestneu.metafex.io\/es\/wp-json\/wp\/v2\/product_brand?post=6503"},{"taxonomy":"product_cat","embeddable":true,"href":"https:\/\/loewentestneu.metafex.io\/es\/wp-json\/wp\/v2\/product_cat?post=6503"},{"taxonomy":"product_tag","embeddable":true,"href":"https:\/\/loewentestneu.metafex.io\/es\/wp-json\/wp\/v2\/product_tag?post=6503"}],"curies":[{"name":"wp","href":"https:\/\/api.w.org\/{rel}","templated":true}]}}