{"id":6687,"date":"2024-11-27T11:42:09","date_gmt":"2024-11-27T10:42:09","guid":{"rendered":"https:\/\/lions-pharmacy.com\/?post_type=product&#038;p=6687"},"modified":"2025-01-25T10:54:26","modified_gmt":"2025-01-25T09:54:26","slug":"omni-biotic-10-30x-5g-13947528","status":"publish","type":"product","link":"https:\/\/loewentestneu.metafex.io\/es\/producto\/omni-biotic-10-30x-5g-13947528","title":{"rendered":"OMNi-BiOTiC 10 (30x 5g)"},"content":{"rendered":"<h3>OMNi-BiOTiC 10<\/h3>\n<p>El uso de OMNi-BiOTiC 10 puede mejorar las defensas del organismo y est\u00e1 especialmente recomendado durante o despu\u00e9s de la toma de antibi\u00f3ticos.<\/p>\n<p>Nuestro sistema inmunol\u00f3gico y el intestino, como su centro, se enfrentan a desaf\u00edos diarios de g\u00e9rmenes pat\u00f3genos como virus y otros pat\u00f3genos, una nutrici\u00f3n deficiente y las deficiencias de vitaminas y nutrientes resultantes. Esto puede tener un efecto negativo tanto en la colonizaci\u00f3n bacteriana en el intestino como en nuestro sistema inmunol\u00f3gico. Ofrece un apoyo especial despu\u00e9s de tomar antibi\u00f3ticos para regular el intestino nuevamente y acumular cepas bacterianas.<\/p>\n<p>Folleto\/instrucciones de uso\/ficha t\u00e9cnica del art\u00edculo: OMNi-BiOTiC 10 (lector de PDF)<\/p>\n<p>Otros productos para la aplicaci\u00f3n: Sistema inmunol\u00f3gico | <a href=\"https:\/\/loewentestneu.metafex.io\/product-tag\/homeopathy\">Homeopat\u00eda<\/a> | <a href=\"https:\/\/loewentestneu.metafex.io\/product-tag\/vitamins-supplements\">Vitaminas y suplementos Productos<\/a><\/p>\n<p>M\u00e1s informaci\u00f3n sobre el fabricante y el producto: <a href=\"https:\/\/www.allergosan.com\/de\/unsere-produkte\/omni-biotic\/\" target=\"_blank\" rel=\"noopener\">Omni-Biotic<\/a> (enlace a la p\u00e1gina web externa)<\/p>\n<p>La informaci\u00f3n contenida en este sitio web se facilita \u00fanicamente con fines informativos. En ning\u00fan caso sustituyen al examen y tratamiento por un m\u00e9dico. Tenga en cuenta que esto significa que no se pueden hacer diagn\u00f3sticos ni iniciar terapias. Los suplementos diet\u00e9ticos no son un sustituto de una dieta equilibrada y variada y un estilo de vida saludable. No se debe exceder la cantidad de consumo diario recomendada indicada. Guarde el producto fuera del alcance de los ni\u00f1os peque\u00f1os.<\/p>\n<p>Para conocer los riesgos y efectos secundarios, lea el prospecto y consulte a su m\u00e9dico o farmac\u00e9utico.<\/p>\n","protected":false},"excerpt":{"rendered":"<h2>OMNi-BiOTiC 10 (30x 5g)<\/h2>\n<p>Complemento alimenticio con simbiontes intestinales altamente activos (10 cepas bacterianas) en 30 sobres.<\/p>\n<p>&nbsp;<\/p>\n<p><strong>PZN<\/strong>: 13947528 (N\u00famero central de la farmacia)<\/p>\n<p><strong>Forma de dosificaci\u00f3n<\/strong>: polvo<\/p>\n<p><strong>Tipo de receta<\/strong>: sin receta<\/p>\n<p><strong>Marca<\/strong>: OMNI BiOTiC<\/p>\n<p><strong>Fabricante<\/strong>: INSTITUT ALLERGOSAN Deutschland GmbH<\/p>\n<p><strong>Tama\u00f1o del envase<\/strong>: 30 sobres de 5 g cada uno<\/p>\n","protected":false},"featured_media":6694,"comment_status":"closed","ping_status":"closed","template":"","meta":[],"product_brand":[],"product_cat":[614,125,116],"product_tag":[299,273,308,275,311,272],"class_list":{"0":"post-6687","1":"product","2":"type-product","3":"status-publish","4":"has-post-thumbnail","6":"product_cat-omni-biotico-es","7":"product_cat-sale-es","8":"product_cat-sin-categorizar","9":"product_tag-concentracion-y-estres","10":"product_tag-control-de-peso","11":"product_tag-homeopatia","12":"product_tag-peso-y-forma-fisica","13":"product_tag-venta-mensual","14":"product_tag-vitaminas-y-suplementos","15":"ts_product_brand-all-es","16":"ts_product_brand-allergosan-es","18":"first","19":"instock","20":"sale","21":"taxable","22":"shipping-taxable","23":"purchasable","24":"product-type-simple"},"yoast_head":"<!-- This site is optimized with the Yoast SEO plugin v26.5 - https:\/\/yoast.com\/wordpress\/plugins\/seo\/ -->\n<title>OMNi-BiOTiC 10 (30x 5g) &#187; Orden en Lion Pharmacy<\/title>\n<meta name=\"description\" content=\"Una farmacia en l\u00ednea registrada. Ofrecemos: Env\u00edo internacional r\u00e1pido con DHL. Para el apoyo del sistema inmunol\u00f3gico &gt; OMNi-BiOTiC 10 (30x 5g)\" \/>\n<meta name=\"robots\" content=\"noindex, follow, max-snippet:-1, max-image-preview:large, max-video-preview:-1\" \/>\n<meta property=\"og:locale\" content=\"es_ES\" \/>\n<meta property=\"og:type\" content=\"article\" \/>\n<meta property=\"og:title\" content=\"OMNi-BiOTiC 10 (30x 5g) &#187; Orden en Lion Pharmacy\" \/>\n<meta property=\"og:description\" content=\"Una farmacia en l\u00ednea registrada. Ofrecemos: Env\u00edo internacional r\u00e1pido con DHL. Para el apoyo del sistema inmunol\u00f3gico &gt; OMNi-BiOTiC 10 (30x 5g)\" \/>\n<meta property=\"og:url\" content=\"https:\/\/loewentestneu.metafex.io\/es\/producto\/omni-biotic-10-30x-5g-13947528\" \/>\n<meta property=\"og:site_name\" content=\"Lion Pharmacy\" \/>\n<meta property=\"article:modified_time\" content=\"2025-01-25T09:54:26+00:00\" \/>\n<meta property=\"og:image\" content=\"https:\/\/loewentestneu.metafex.io\/wp-content\/uploads\/2024\/11\/omnibiotic10-30x5-Allergosan-Lions-Pharmacy-PZN-13947528.webp\" \/>\n\t<meta property=\"og:image:width\" content=\"600\" \/>\n\t<meta property=\"og:image:height\" content=\"600\" \/>\n\t<meta property=\"og:image:type\" content=\"image\/webp\" \/>\n<meta name=\"twitter:card\" content=\"summary_large_image\" \/>\n<meta name=\"twitter:label1\" content=\"Tiempo de lectura\" \/>\n\t<meta name=\"twitter:data1\" content=\"1 minuto\" \/>\n<script type=\"application\/ld+json\" class=\"yoast-schema-graph\">{\"@context\":\"https:\/\/schema.org\",\"@graph\":[{\"@type\":\"WebPage\",\"@id\":\"https:\/\/loewentestneu.metafex.io\/es\/producto\/omni-biotic-10-30x-5g-13947528\",\"url\":\"https:\/\/loewentestneu.metafex.io\/es\/producto\/omni-biotic-10-30x-5g-13947528\",\"name\":\"OMNi-BiOTiC 10 (30x 5g) &#187; Orden en Lion Pharmacy\",\"isPartOf\":{\"@id\":\"https:\/\/loewentestneu.metafex.io\/es#website\"},\"primaryImageOfPage\":{\"@id\":\"https:\/\/loewentestneu.metafex.io\/es\/producto\/omni-biotic-10-30x-5g-13947528#primaryimage\"},\"image\":{\"@id\":\"https:\/\/loewentestneu.metafex.io\/es\/producto\/omni-biotic-10-30x-5g-13947528#primaryimage\"},\"thumbnailUrl\":\"https:\/\/loewentestneu.metafex.io\/wp-content\/uploads\/2024\/11\/omnibiotic10-30x5-Allergosan-Lions-Pharmacy-PZN-13947528.webp\",\"datePublished\":\"2024-11-27T10:42:09+00:00\",\"dateModified\":\"2025-01-25T09:54:26+00:00\",\"description\":\"Una farmacia en l\u00ednea registrada. Ofrecemos: Env\u00edo internacional r\u00e1pido con DHL. Para el apoyo del sistema inmunol\u00f3gico > OMNi-BiOTiC 10 (30x 5g)\",\"breadcrumb\":{\"@id\":\"https:\/\/loewentestneu.metafex.io\/es\/producto\/omni-biotic-10-30x-5g-13947528#breadcrumb\"},\"inLanguage\":\"es\",\"potentialAction\":[{\"@type\":\"ReadAction\",\"target\":[\"https:\/\/loewentestneu.metafex.io\/es\/producto\/omni-biotic-10-30x-5g-13947528\"]}]},{\"@type\":\"ImageObject\",\"inLanguage\":\"es\",\"@id\":\"https:\/\/loewentestneu.metafex.io\/es\/producto\/omni-biotic-10-30x-5g-13947528#primaryimage\",\"url\":\"https:\/\/loewentestneu.metafex.io\/wp-content\/uploads\/2024\/11\/omnibiotic10-30x5-Allergosan-Lions-Pharmacy-PZN-13947528.webp\",\"contentUrl\":\"https:\/\/loewentestneu.metafex.io\/wp-content\/uploads\/2024\/11\/omnibiotic10-30x5-Allergosan-Lions-Pharmacy-PZN-13947528.webp\",\"width\":600,\"height\":600,\"caption\":\"omni-bi\u00f3tic 10-30x5-Allergosan-Lions Pharmacy-PZN 13947528\"},{\"@type\":\"BreadcrumbList\",\"@id\":\"https:\/\/loewentestneu.metafex.io\/es\/producto\/omni-biotic-10-30x-5g-13947528#breadcrumb\",\"itemListElement\":[{\"@type\":\"ListItem\",\"position\":1,\"name\":\"Home\",\"item\":\"https:\/\/loewentestneu.metafex.io\/es\/homepage-lion-pharmacy\"},{\"@type\":\"ListItem\",\"position\":2,\"name\":\"Shop\",\"item\":\"https:\/\/loewentestneu.metafex.io\/es\/tienda\"},{\"@type\":\"ListItem\",\"position\":3,\"name\":\"OMNi-BiOTiC 10 (30x 5g)\"}]},{\"@type\":\"WebSite\",\"@id\":\"https:\/\/loewentestneu.metafex.io\/es#website\",\"url\":\"https:\/\/loewentestneu.metafex.io\/es\",\"name\":\"Lions Pharmacy\",\"description\":\"Farmacia especializada en naturopat\u00eda de Baden-Baden, Alemania\",\"publisher\":{\"@id\":\"https:\/\/loewentestneu.metafex.io\/es#organization\"},\"alternateName\":\"Lion Pharmacy\",\"potentialAction\":[{\"@type\":\"SearchAction\",\"target\":{\"@type\":\"EntryPoint\",\"urlTemplate\":\"https:\/\/loewentestneu.metafex.io\/es?s={search_term_string}\"},\"query-input\":{\"@type\":\"PropertyValueSpecification\",\"valueRequired\":true,\"valueName\":\"search_term_string\"}}],\"inLanguage\":\"es\"},{\"@type\":\"Organization\",\"@id\":\"https:\/\/loewentestneu.metafex.io\/es#organization\",\"name\":\"Lions Pharmacy\",\"alternateName\":\"Lions Pharmacy24\",\"url\":\"https:\/\/loewentestneu.metafex.io\/es\",\"logo\":{\"@type\":\"ImageObject\",\"inLanguage\":\"es\",\"@id\":\"https:\/\/loewentestneu.metafex.io\/es#\/schema\/logo\/image\/\",\"url\":\"https:\/\/loewentestneu.metafex.io\/wp-content\/uploads\/2022\/12\/Logo-Lion-Pharmacy-c-o-Loewen-Apotheke-smal.jpg\",\"contentUrl\":\"https:\/\/loewentestneu.metafex.io\/wp-content\/uploads\/2022\/12\/Logo-Lion-Pharmacy-c-o-Loewen-Apotheke-smal.jpg\",\"width\":298,\"height\":99,\"caption\":\"Lions Pharmacy\"},\"image\":{\"@id\":\"https:\/\/loewentestneu.metafex.io\/es#\/schema\/logo\/image\/\"}}]}<\/script>\n<!-- \/ Yoast SEO plugin. -->","yoast_head_json":{"title":"OMNi-BiOTiC 10 (30x 5g) &#187; Orden en Lion Pharmacy","description":"Una farmacia en l\u00ednea registrada. Ofrecemos: Env\u00edo internacional r\u00e1pido con DHL. Para el apoyo del sistema inmunol\u00f3gico > OMNi-BiOTiC 10 (30x 5g)","robots":{"index":"noindex","follow":"follow","max-snippet":"max-snippet:-1","max-image-preview":"max-image-preview:large","max-video-preview":"max-video-preview:-1"},"og_locale":"es_ES","og_type":"article","og_title":"OMNi-BiOTiC 10 (30x 5g) &#187; Orden en Lion Pharmacy","og_description":"Una farmacia en l\u00ednea registrada. Ofrecemos: Env\u00edo internacional r\u00e1pido con DHL. Para el apoyo del sistema inmunol\u00f3gico > OMNi-BiOTiC 10 (30x 5g)","og_url":"https:\/\/loewentestneu.metafex.io\/es\/producto\/omni-biotic-10-30x-5g-13947528","og_site_name":"Lion Pharmacy","article_modified_time":"2025-01-25T09:54:26+00:00","og_image":[{"width":600,"height":600,"url":"https:\/\/loewentestneu.metafex.io\/wp-content\/uploads\/2024\/11\/omnibiotic10-30x5-Allergosan-Lions-Pharmacy-PZN-13947528.webp","type":"image\/webp"}],"twitter_card":"summary_large_image","twitter_misc":{"Tiempo de lectura":"1 minuto"},"schema":{"@context":"https:\/\/schema.org","@graph":[{"@type":"WebPage","@id":"https:\/\/loewentestneu.metafex.io\/es\/producto\/omni-biotic-10-30x-5g-13947528","url":"https:\/\/loewentestneu.metafex.io\/es\/producto\/omni-biotic-10-30x-5g-13947528","name":"OMNi-BiOTiC 10 (30x 5g) &#187; Orden en Lion Pharmacy","isPartOf":{"@id":"https:\/\/loewentestneu.metafex.io\/es#website"},"primaryImageOfPage":{"@id":"https:\/\/loewentestneu.metafex.io\/es\/producto\/omni-biotic-10-30x-5g-13947528#primaryimage"},"image":{"@id":"https:\/\/loewentestneu.metafex.io\/es\/producto\/omni-biotic-10-30x-5g-13947528#primaryimage"},"thumbnailUrl":"https:\/\/loewentestneu.metafex.io\/wp-content\/uploads\/2024\/11\/omnibiotic10-30x5-Allergosan-Lions-Pharmacy-PZN-13947528.webp","datePublished":"2024-11-27T10:42:09+00:00","dateModified":"2025-01-25T09:54:26+00:00","description":"Una farmacia en l\u00ednea registrada. Ofrecemos: Env\u00edo internacional r\u00e1pido con DHL. Para el apoyo del sistema inmunol\u00f3gico > OMNi-BiOTiC 10 (30x 5g)","breadcrumb":{"@id":"https:\/\/loewentestneu.metafex.io\/es\/producto\/omni-biotic-10-30x-5g-13947528#breadcrumb"},"inLanguage":"es","potentialAction":[{"@type":"ReadAction","target":["https:\/\/loewentestneu.metafex.io\/es\/producto\/omni-biotic-10-30x-5g-13947528"]}]},{"@type":"ImageObject","inLanguage":"es","@id":"https:\/\/loewentestneu.metafex.io\/es\/producto\/omni-biotic-10-30x-5g-13947528#primaryimage","url":"https:\/\/loewentestneu.metafex.io\/wp-content\/uploads\/2024\/11\/omnibiotic10-30x5-Allergosan-Lions-Pharmacy-PZN-13947528.webp","contentUrl":"https:\/\/loewentestneu.metafex.io\/wp-content\/uploads\/2024\/11\/omnibiotic10-30x5-Allergosan-Lions-Pharmacy-PZN-13947528.webp","width":600,"height":600,"caption":"omni-bi\u00f3tic 10-30x5-Allergosan-Lions Pharmacy-PZN 13947528"},{"@type":"BreadcrumbList","@id":"https:\/\/loewentestneu.metafex.io\/es\/producto\/omni-biotic-10-30x-5g-13947528#breadcrumb","itemListElement":[{"@type":"ListItem","position":1,"name":"Home","item":"https:\/\/loewentestneu.metafex.io\/es\/homepage-lion-pharmacy"},{"@type":"ListItem","position":2,"name":"Shop","item":"https:\/\/loewentestneu.metafex.io\/es\/tienda"},{"@type":"ListItem","position":3,"name":"OMNi-BiOTiC 10 (30x 5g)"}]},{"@type":"WebSite","@id":"https:\/\/loewentestneu.metafex.io\/es#website","url":"https:\/\/loewentestneu.metafex.io\/es","name":"Lions Pharmacy","description":"Farmacia especializada en naturopat\u00eda de Baden-Baden, Alemania","publisher":{"@id":"https:\/\/loewentestneu.metafex.io\/es#organization"},"alternateName":"Lion Pharmacy","potentialAction":[{"@type":"SearchAction","target":{"@type":"EntryPoint","urlTemplate":"https:\/\/loewentestneu.metafex.io\/es?s={search_term_string}"},"query-input":{"@type":"PropertyValueSpecification","valueRequired":true,"valueName":"search_term_string"}}],"inLanguage":"es"},{"@type":"Organization","@id":"https:\/\/loewentestneu.metafex.io\/es#organization","name":"Lions Pharmacy","alternateName":"Lions Pharmacy24","url":"https:\/\/loewentestneu.metafex.io\/es","logo":{"@type":"ImageObject","inLanguage":"es","@id":"https:\/\/loewentestneu.metafex.io\/es#\/schema\/logo\/image\/","url":"https:\/\/loewentestneu.metafex.io\/wp-content\/uploads\/2022\/12\/Logo-Lion-Pharmacy-c-o-Loewen-Apotheke-smal.jpg","contentUrl":"https:\/\/loewentestneu.metafex.io\/wp-content\/uploads\/2022\/12\/Logo-Lion-Pharmacy-c-o-Loewen-Apotheke-smal.jpg","width":298,"height":99,"caption":"Lions Pharmacy"},"image":{"@id":"https:\/\/loewentestneu.metafex.io\/es#\/schema\/logo\/image\/"}}]}},"_links":{"self":[{"href":"https:\/\/loewentestneu.metafex.io\/es\/wp-json\/wp\/v2\/product\/6687","targetHints":{"allow":["GET"]}}],"collection":[{"href":"https:\/\/loewentestneu.metafex.io\/es\/wp-json\/wp\/v2\/product"}],"about":[{"href":"https:\/\/loewentestneu.metafex.io\/es\/wp-json\/wp\/v2\/types\/product"}],"replies":[{"embeddable":true,"href":"https:\/\/loewentestneu.metafex.io\/es\/wp-json\/wp\/v2\/comments?post=6687"}],"wp:featuredmedia":[{"embeddable":true,"href":"https:\/\/loewentestneu.metafex.io\/es\/wp-json\/wp\/v2\/media\/6694"}],"wp:attachment":[{"href":"https:\/\/loewentestneu.metafex.io\/es\/wp-json\/wp\/v2\/media?parent=6687"}],"wp:term":[{"taxonomy":"product_brand","embeddable":true,"href":"https:\/\/loewentestneu.metafex.io\/es\/wp-json\/wp\/v2\/product_brand?post=6687"},{"taxonomy":"product_cat","embeddable":true,"href":"https:\/\/loewentestneu.metafex.io\/es\/wp-json\/wp\/v2\/product_cat?post=6687"},{"taxonomy":"product_tag","embeddable":true,"href":"https:\/\/loewentestneu.metafex.io\/es\/wp-json\/wp\/v2\/product_tag?post=6687"}],"curies":[{"name":"wp","href":"https:\/\/api.w.org\/{rel}","templated":true}]}}