{"id":6881,"date":"2024-11-28T10:51:44","date_gmt":"2024-11-28T09:51:44","guid":{"rendered":"https:\/\/lions-pharmacy.com\/?post_type=product&#038;p=6881"},"modified":"2025-01-25T20:17:25","modified_gmt":"2025-01-25T19:17:25","slug":"neyparadent-liposome-mouth-drops-15ml-4150014204317","status":"publish","type":"product","link":"https:\/\/loewentestneu.metafex.io\/es\/producto\/neyparadent-liposome-mouth-drops-15ml-4150014204317","title":{"rendered":"NeyParadent Gotas Bucales Liposomas 15ml"},"content":{"rendered":"<h2>NeyParadent Gotas Bucales Liposomas<\/h2>\n<p>Con NeyParadent Gotas bucales para liposomas tienes a mano un remedio que fortalece la mucosa oral de forma natural.<\/p>\n<p>Los liposomas (gotas de grasa m\u00e1s finas) transportan los ingredientes activos de NeyParadent\u00ae exactamente donde se supone que deben funcionar. Este proceso, conocido como &#8220;organtropismo&#8221;, aumenta notablemente el efecto terap\u00e9utico. La composici\u00f3n cuidadosa del liposoma Neyparadent con una f\u00f3rmula antibacteriana contiene los ingredientes activos seleccionados de manzanilla, \u00e1rnica y mirra, que son conocidos por su efecto antiirritante.<\/p>\n<p>Las gotas bucales Neyparadent Liposome se aplican sin diluir en las \u00e1reas afectadas con un hisopo de algod\u00f3n, se usan diluidas como enjuague bucal o se roc\u00edan directamente en la cavidad bucal con nuestro accesorio de rociado. Tambi\u00e9n se pueden a\u00f1adir al irrigador bucal.<\/p>\n<p>Otros productos para la aplicaci\u00f3n: <a href=\"https:\/\/loewentestneu.metafex.io\/produkt-kategorie\/vitorgan\">vitOrgan<\/a> | <a href=\"https:\/\/loewentestneu.metafex.io\/product-tag\/vitamins-supplements\">Vitaminas<\/a><br \/>\nM\u00e1s informaci\u00f3n sobre el manufactorer y el liposoma Neyparadent\u00a9: <a href=\"https:\/\/vitorgan.de\/en\/products\/\" target=\"_blank\" rel=\"noopener\">vitOrgan<\/a> (enlace a un sitio web externo). Nombre alternativo del producto: Gotas bucales liposomadas Ney-Paradent.<\/p>\n<p>La informaci\u00f3n contenida en este sitio web se facilita \u00fanicamente con fines informativos. En ning\u00fan caso sustituyen al examen y tratamiento por un m\u00e9dico. Tenga en cuenta que esto significa que no se pueden hacer diagn\u00f3sticos ni iniciar terapias.<\/p>\n<p>Para conocer los riesgos y efectos secundarios, lea el prospecto y consulte a su m\u00e9dico o farmac\u00e9utico.<\/p>\n<p>&nbsp;<\/p>\n","protected":false},"excerpt":{"rendered":"<h2>NeyParadent Gotas Bucales Liposomas 15ml<\/h2>\n<p>con las gotas bucales Liposomas NeyParadent tienes a mano un remedio que fortalece la mucosa bucal de forma natural.<\/p>\n<p>&nbsp;<\/p>\n<p>PZN: 01420431<\/p>\n<p>Forma de la dosis: gotas<\/p>\n<p>Tipo de prescripci\u00f3n: sin receta<\/p>\n<p>Marca: vitOrgan<\/p>\n<p>Fabricante: vitOrgan GmbH &amp; Co.KG, Ostfildern, Alemania<\/p>\n<p>Tama\u00f1o del embalaje: 15 ml<\/p>\n","protected":false},"featured_media":6887,"comment_status":"closed","ping_status":"closed","template":"","meta":[],"product_brand":[],"product_cat":[125,116,131],"product_tag":[308,232],"class_list":{"0":"post-6881","1":"product","2":"type-product","3":"status-publish","4":"has-post-thumbnail","6":"product_cat-sale-es","7":"product_cat-sin-categorizar","8":"product_cat-vitorgan-es","9":"product_tag-homeopatia","10":"product_tag-neydil-es","11":"ts_product_brand-all-es","12":"ts_product_brand-vitorgan-es","14":"first","15":"instock","16":"sale","17":"taxable","18":"shipping-taxable","19":"purchasable","20":"product-type-simple"},"yoast_head":"<!-- This site is optimized with the Yoast SEO plugin v26.5 - https:\/\/yoast.com\/wordpress\/plugins\/seo\/ -->\n<title>NeyParadent Gotas Bucales Liposomas 15ml &#187; Farmacia - ordene aqu\u00ed<\/title>\n<meta name=\"description\" content=\"Farmacia en l\u00ednea alemana registrada. Ofrecemos: Env\u00edo internacional r\u00e1pido. Hecho por vitOrgan: NeyParadent Gotas Bucales Liposomas 15ml\" \/>\n<meta name=\"robots\" content=\"noindex, follow, max-snippet:-1, max-image-preview:large, max-video-preview:-1\" \/>\n<meta property=\"og:locale\" content=\"es_ES\" \/>\n<meta property=\"og:type\" content=\"article\" \/>\n<meta property=\"og:title\" content=\"NeyParadent Gotas Bucales Liposomas 15ml &#187; Farmacia - ordene aqu\u00ed\" \/>\n<meta property=\"og:description\" content=\"Farmacia en l\u00ednea alemana registrada. Ofrecemos: Env\u00edo internacional r\u00e1pido. Hecho por vitOrgan: NeyParadent Gotas Bucales Liposomas 15ml\" \/>\n<meta property=\"og:url\" content=\"https:\/\/loewentestneu.metafex.io\/es\/producto\/neyparadent-liposome-mouth-drops-15ml-4150014204317\" \/>\n<meta property=\"og:site_name\" content=\"Lion Pharmacy\" \/>\n<meta property=\"article:modified_time\" content=\"2025-01-25T19:17:25+00:00\" \/>\n<meta property=\"og:image\" content=\"https:\/\/loewentestneu.metafex.io\/wp-content\/uploads\/2024\/11\/Ney-paradent-15ml-vitorgan-PZN-1420431-Lowenapotheke24.webp\" \/>\n\t<meta property=\"og:image:width\" content=\"600\" \/>\n\t<meta property=\"og:image:height\" content=\"600\" \/>\n\t<meta property=\"og:image:type\" content=\"image\/webp\" \/>\n<meta name=\"twitter:card\" content=\"summary_large_image\" \/>\n<meta name=\"twitter:label1\" content=\"Tiempo de lectura\" \/>\n\t<meta name=\"twitter:data1\" content=\"1 minuto\" \/>\n<script type=\"application\/ld+json\" class=\"yoast-schema-graph\">{\"@context\":\"https:\/\/schema.org\",\"@graph\":[{\"@type\":\"WebPage\",\"@id\":\"https:\/\/loewentestneu.metafex.io\/es\/producto\/neyparadent-liposome-mouth-drops-15ml-4150014204317\",\"url\":\"https:\/\/loewentestneu.metafex.io\/es\/producto\/neyparadent-liposome-mouth-drops-15ml-4150014204317\",\"name\":\"NeyParadent Gotas Bucales Liposomas 15ml &#187; Farmacia - ordene aqu\u00ed\",\"isPartOf\":{\"@id\":\"https:\/\/loewentestneu.metafex.io\/es#website\"},\"primaryImageOfPage\":{\"@id\":\"https:\/\/loewentestneu.metafex.io\/es\/producto\/neyparadent-liposome-mouth-drops-15ml-4150014204317#primaryimage\"},\"image\":{\"@id\":\"https:\/\/loewentestneu.metafex.io\/es\/producto\/neyparadent-liposome-mouth-drops-15ml-4150014204317#primaryimage\"},\"thumbnailUrl\":\"https:\/\/loewentestneu.metafex.io\/wp-content\/uploads\/2024\/11\/Ney-paradent-15ml-vitorgan-PZN-1420431-Lowenapotheke24.webp\",\"datePublished\":\"2024-11-28T09:51:44+00:00\",\"dateModified\":\"2025-01-25T19:17:25+00:00\",\"description\":\"Farmacia en l\u00ednea alemana registrada. Ofrecemos: Env\u00edo internacional r\u00e1pido. Hecho por vitOrgan: NeyParadent Gotas Bucales Liposomas 15ml\",\"breadcrumb\":{\"@id\":\"https:\/\/loewentestneu.metafex.io\/es\/producto\/neyparadent-liposome-mouth-drops-15ml-4150014204317#breadcrumb\"},\"inLanguage\":\"es\",\"potentialAction\":[{\"@type\":\"ReadAction\",\"target\":[\"https:\/\/loewentestneu.metafex.io\/es\/producto\/neyparadent-liposome-mouth-drops-15ml-4150014204317\"]}]},{\"@type\":\"ImageObject\",\"inLanguage\":\"es\",\"@id\":\"https:\/\/loewentestneu.metafex.io\/es\/producto\/neyparadent-liposome-mouth-drops-15ml-4150014204317#primaryimage\",\"url\":\"https:\/\/loewentestneu.metafex.io\/wp-content\/uploads\/2024\/11\/Ney-paradent-15ml-vitorgan-PZN-1420431-Lowenapotheke24.webp\",\"contentUrl\":\"https:\/\/loewentestneu.metafex.io\/wp-content\/uploads\/2024\/11\/Ney-paradent-15ml-vitorgan-PZN-1420431-Lowenapotheke24.webp\",\"width\":600,\"height\":600,\"caption\":\"La imagen muestra Neyparadent 15ml vitorgan. PZN 1420431-Farmacia Leones\"},{\"@type\":\"BreadcrumbList\",\"@id\":\"https:\/\/loewentestneu.metafex.io\/es\/producto\/neyparadent-liposome-mouth-drops-15ml-4150014204317#breadcrumb\",\"itemListElement\":[{\"@type\":\"ListItem\",\"position\":1,\"name\":\"Home\",\"item\":\"https:\/\/loewentestneu.metafex.io\/es\/homepage-lion-pharmacy\"},{\"@type\":\"ListItem\",\"position\":2,\"name\":\"Shop\",\"item\":\"https:\/\/loewentestneu.metafex.io\/es\/tienda\"},{\"@type\":\"ListItem\",\"position\":3,\"name\":\"NeyParadent Gotas Bucales Liposomas 15ml\"}]},{\"@type\":\"WebSite\",\"@id\":\"https:\/\/loewentestneu.metafex.io\/es#website\",\"url\":\"https:\/\/loewentestneu.metafex.io\/es\",\"name\":\"Lions Pharmacy\",\"description\":\"Farmacia especializada en naturopat\u00eda de Baden-Baden, Alemania\",\"publisher\":{\"@id\":\"https:\/\/loewentestneu.metafex.io\/es#organization\"},\"alternateName\":\"Lion Pharmacy\",\"potentialAction\":[{\"@type\":\"SearchAction\",\"target\":{\"@type\":\"EntryPoint\",\"urlTemplate\":\"https:\/\/loewentestneu.metafex.io\/es?s={search_term_string}\"},\"query-input\":{\"@type\":\"PropertyValueSpecification\",\"valueRequired\":true,\"valueName\":\"search_term_string\"}}],\"inLanguage\":\"es\"},{\"@type\":\"Organization\",\"@id\":\"https:\/\/loewentestneu.metafex.io\/es#organization\",\"name\":\"Lions Pharmacy\",\"alternateName\":\"Lions Pharmacy24\",\"url\":\"https:\/\/loewentestneu.metafex.io\/es\",\"logo\":{\"@type\":\"ImageObject\",\"inLanguage\":\"es\",\"@id\":\"https:\/\/loewentestneu.metafex.io\/es#\/schema\/logo\/image\/\",\"url\":\"https:\/\/loewentestneu.metafex.io\/wp-content\/uploads\/2022\/12\/Logo-Lion-Pharmacy-c-o-Loewen-Apotheke-smal.jpg\",\"contentUrl\":\"https:\/\/loewentestneu.metafex.io\/wp-content\/uploads\/2022\/12\/Logo-Lion-Pharmacy-c-o-Loewen-Apotheke-smal.jpg\",\"width\":298,\"height\":99,\"caption\":\"Lions Pharmacy\"},\"image\":{\"@id\":\"https:\/\/loewentestneu.metafex.io\/es#\/schema\/logo\/image\/\"}}]}<\/script>\n<!-- \/ Yoast SEO plugin. -->","yoast_head_json":{"title":"NeyParadent Gotas Bucales Liposomas 15ml &#187; Farmacia - ordene aqu\u00ed","description":"Farmacia en l\u00ednea alemana registrada. Ofrecemos: Env\u00edo internacional r\u00e1pido. Hecho por vitOrgan: NeyParadent Gotas Bucales Liposomas 15ml","robots":{"index":"noindex","follow":"follow","max-snippet":"max-snippet:-1","max-image-preview":"max-image-preview:large","max-video-preview":"max-video-preview:-1"},"og_locale":"es_ES","og_type":"article","og_title":"NeyParadent Gotas Bucales Liposomas 15ml &#187; Farmacia - ordene aqu\u00ed","og_description":"Farmacia en l\u00ednea alemana registrada. Ofrecemos: Env\u00edo internacional r\u00e1pido. Hecho por vitOrgan: NeyParadent Gotas Bucales Liposomas 15ml","og_url":"https:\/\/loewentestneu.metafex.io\/es\/producto\/neyparadent-liposome-mouth-drops-15ml-4150014204317","og_site_name":"Lion Pharmacy","article_modified_time":"2025-01-25T19:17:25+00:00","og_image":[{"width":600,"height":600,"url":"https:\/\/loewentestneu.metafex.io\/wp-content\/uploads\/2024\/11\/Ney-paradent-15ml-vitorgan-PZN-1420431-Lowenapotheke24.webp","type":"image\/webp"}],"twitter_card":"summary_large_image","twitter_misc":{"Tiempo de lectura":"1 minuto"},"schema":{"@context":"https:\/\/schema.org","@graph":[{"@type":"WebPage","@id":"https:\/\/loewentestneu.metafex.io\/es\/producto\/neyparadent-liposome-mouth-drops-15ml-4150014204317","url":"https:\/\/loewentestneu.metafex.io\/es\/producto\/neyparadent-liposome-mouth-drops-15ml-4150014204317","name":"NeyParadent Gotas Bucales Liposomas 15ml &#187; Farmacia - ordene aqu\u00ed","isPartOf":{"@id":"https:\/\/loewentestneu.metafex.io\/es#website"},"primaryImageOfPage":{"@id":"https:\/\/loewentestneu.metafex.io\/es\/producto\/neyparadent-liposome-mouth-drops-15ml-4150014204317#primaryimage"},"image":{"@id":"https:\/\/loewentestneu.metafex.io\/es\/producto\/neyparadent-liposome-mouth-drops-15ml-4150014204317#primaryimage"},"thumbnailUrl":"https:\/\/loewentestneu.metafex.io\/wp-content\/uploads\/2024\/11\/Ney-paradent-15ml-vitorgan-PZN-1420431-Lowenapotheke24.webp","datePublished":"2024-11-28T09:51:44+00:00","dateModified":"2025-01-25T19:17:25+00:00","description":"Farmacia en l\u00ednea alemana registrada. Ofrecemos: Env\u00edo internacional r\u00e1pido. Hecho por vitOrgan: NeyParadent Gotas Bucales Liposomas 15ml","breadcrumb":{"@id":"https:\/\/loewentestneu.metafex.io\/es\/producto\/neyparadent-liposome-mouth-drops-15ml-4150014204317#breadcrumb"},"inLanguage":"es","potentialAction":[{"@type":"ReadAction","target":["https:\/\/loewentestneu.metafex.io\/es\/producto\/neyparadent-liposome-mouth-drops-15ml-4150014204317"]}]},{"@type":"ImageObject","inLanguage":"es","@id":"https:\/\/loewentestneu.metafex.io\/es\/producto\/neyparadent-liposome-mouth-drops-15ml-4150014204317#primaryimage","url":"https:\/\/loewentestneu.metafex.io\/wp-content\/uploads\/2024\/11\/Ney-paradent-15ml-vitorgan-PZN-1420431-Lowenapotheke24.webp","contentUrl":"https:\/\/loewentestneu.metafex.io\/wp-content\/uploads\/2024\/11\/Ney-paradent-15ml-vitorgan-PZN-1420431-Lowenapotheke24.webp","width":600,"height":600,"caption":"La imagen muestra Neyparadent 15ml vitorgan. PZN 1420431-Farmacia Leones"},{"@type":"BreadcrumbList","@id":"https:\/\/loewentestneu.metafex.io\/es\/producto\/neyparadent-liposome-mouth-drops-15ml-4150014204317#breadcrumb","itemListElement":[{"@type":"ListItem","position":1,"name":"Home","item":"https:\/\/loewentestneu.metafex.io\/es\/homepage-lion-pharmacy"},{"@type":"ListItem","position":2,"name":"Shop","item":"https:\/\/loewentestneu.metafex.io\/es\/tienda"},{"@type":"ListItem","position":3,"name":"NeyParadent Gotas Bucales Liposomas 15ml"}]},{"@type":"WebSite","@id":"https:\/\/loewentestneu.metafex.io\/es#website","url":"https:\/\/loewentestneu.metafex.io\/es","name":"Lions Pharmacy","description":"Farmacia especializada en naturopat\u00eda de Baden-Baden, Alemania","publisher":{"@id":"https:\/\/loewentestneu.metafex.io\/es#organization"},"alternateName":"Lion Pharmacy","potentialAction":[{"@type":"SearchAction","target":{"@type":"EntryPoint","urlTemplate":"https:\/\/loewentestneu.metafex.io\/es?s={search_term_string}"},"query-input":{"@type":"PropertyValueSpecification","valueRequired":true,"valueName":"search_term_string"}}],"inLanguage":"es"},{"@type":"Organization","@id":"https:\/\/loewentestneu.metafex.io\/es#organization","name":"Lions Pharmacy","alternateName":"Lions Pharmacy24","url":"https:\/\/loewentestneu.metafex.io\/es","logo":{"@type":"ImageObject","inLanguage":"es","@id":"https:\/\/loewentestneu.metafex.io\/es#\/schema\/logo\/image\/","url":"https:\/\/loewentestneu.metafex.io\/wp-content\/uploads\/2022\/12\/Logo-Lion-Pharmacy-c-o-Loewen-Apotheke-smal.jpg","contentUrl":"https:\/\/loewentestneu.metafex.io\/wp-content\/uploads\/2022\/12\/Logo-Lion-Pharmacy-c-o-Loewen-Apotheke-smal.jpg","width":298,"height":99,"caption":"Lions Pharmacy"},"image":{"@id":"https:\/\/loewentestneu.metafex.io\/es#\/schema\/logo\/image\/"}}]}},"_links":{"self":[{"href":"https:\/\/loewentestneu.metafex.io\/es\/wp-json\/wp\/v2\/product\/6881","targetHints":{"allow":["GET"]}}],"collection":[{"href":"https:\/\/loewentestneu.metafex.io\/es\/wp-json\/wp\/v2\/product"}],"about":[{"href":"https:\/\/loewentestneu.metafex.io\/es\/wp-json\/wp\/v2\/types\/product"}],"replies":[{"embeddable":true,"href":"https:\/\/loewentestneu.metafex.io\/es\/wp-json\/wp\/v2\/comments?post=6881"}],"wp:featuredmedia":[{"embeddable":true,"href":"https:\/\/loewentestneu.metafex.io\/es\/wp-json\/wp\/v2\/media\/6887"}],"wp:attachment":[{"href":"https:\/\/loewentestneu.metafex.io\/es\/wp-json\/wp\/v2\/media?parent=6881"}],"wp:term":[{"taxonomy":"product_brand","embeddable":true,"href":"https:\/\/loewentestneu.metafex.io\/es\/wp-json\/wp\/v2\/product_brand?post=6881"},{"taxonomy":"product_cat","embeddable":true,"href":"https:\/\/loewentestneu.metafex.io\/es\/wp-json\/wp\/v2\/product_cat?post=6881"},{"taxonomy":"product_tag","embeddable":true,"href":"https:\/\/loewentestneu.metafex.io\/es\/wp-json\/wp\/v2\/product_tag?post=6881"}],"curies":[{"name":"wp","href":"https:\/\/api.w.org\/{rel}","templated":true}]}}