{"id":6959,"date":"2024-11-28T12:09:20","date_gmt":"2024-11-28T11:09:20","guid":{"rendered":"https:\/\/lions-pharmacy.com\/?post_type=product&#038;p=6959"},"modified":"2025-01-25T19:03:42","modified_gmt":"2025-01-25T18:03:42","slug":"climafem-film-coated-tablets-60-pcs-03353070","status":"publish","type":"product","link":"https:\/\/loewentestneu.metafex.io\/es\/producto\/climafem-film-coated-tablets-60-pcs-03353070","title":{"rendered":"Climafem tabletas recubiertas con pel\u00edcula 60 uds."},"content":{"rendered":"<h3>Comprimidos recubiertos con pel\u00edcula Climafem<\/h3>\n<p>Climafem comprimidos recubiertos con pel\u00edcula para mujeres en la menopausia. Complemento alimenticio. Con aceite virgen prensado de las semillas de la planta de perilla, el l\u00edder Omega-3 con un contenido excepcionalmente alto de \u00e1cido alfa-linol\u00e9nico. La adici\u00f3n de polvo de linaza con su alto contenido de lignanos vegetales, un fitoestr\u00f3geno, que puede tener un efecto positivo en la disminuci\u00f3n de los niveles de estr\u00f3geno durante la menopausia.<\/p>\n<p>El extracto de salvia ayuda contra la sudoraci\u00f3n excesiva. Las vitaminas del grupo B tienen un efecto regulador de la actividad hormonal y ayudan a reducir el cansancio y la fatiga. El zinc ayuda a mantener el cabello, la piel, los huesos y las u\u00f1as normales.<\/p>\n<p>La verdadera belleza viene del interior, pero todo el mundo tambi\u00e9n quiere ser claramente visible en el exterior. Esto se logra mejor con factores biomoleculares que sirven para la regeneraci\u00f3n celular. vitOrgan es especialista en investigaci\u00f3n y desarrollo aqu\u00ed, y la &#8220;hermosa hija&#8221; Regena Ney Cosmetic puede recurrir a una gran cantidad de recursos. Sobre todo, se debe preservar la naturalidad y, por lo tanto, se presta especial atenci\u00f3n a los ingredientes seleccionados al desarrollar nuevos productos.<\/p>\n<p>Otros productos para la aplicaci\u00f3n: <a href=\"https:\/\/loewentestneu.metafex.io\/produkt-kategorie\/vitorgan\">vitOrgan<\/a> |<br \/>\nM\u00e1s informaci\u00f3n sobre el fabricante y este producto: <a href=\"https:\/\/vitorgan.de\/en\/products\/\" target=\"_blank\" rel=\"noopener\">vitOrgan<\/a> (enlace externo)<\/p>\n<p>La informaci\u00f3n contenida en este sitio web se facilita \u00fanicamente con fines informativos. En ning\u00fan caso sustituyen al examen y tratamiento por un m\u00e9dico. Tenga en cuenta que esto significa que no se pueden hacer diagn\u00f3sticos ni iniciar terapias.<\/p>\n<p>Para conocer los riesgos y efectos secundarios, lea el prospecto y consulte a su m\u00e9dico o farmac\u00e9utico.<\/p>\n","protected":false},"excerpt":{"rendered":"<h2>Climafem tabletas recubiertas con pel\u00edcula 60 uds.<\/h2>\n<p>para las mujeres en la menopausia.<\/p>\n<p>&nbsp;<\/p>\n<p>PZN: 03353070 (N\u00famero Central de Farmacia)<\/p>\n<p>Forma de dosificaci\u00f3n: comprimidos recubiertos con pel\u00edcula<\/p>\n<p>Tipo de prescripci\u00f3n: sin receta<\/p>\n<p>Marca: vitOrgan<\/p>\n<p>Fabricante: vitOrgan GmbH &amp; Co.KG, Ostfildern, Alemania<\/p>\n<p>Tama\u00f1o del embalaje: 60 piezas.<\/p>\n","protected":false},"featured_media":6965,"comment_status":"closed","ping_status":"closed","template":"","meta":[],"product_brand":[],"product_cat":[116,131],"product_tag":[308,232],"class_list":{"0":"post-6959","1":"product","2":"type-product","3":"status-publish","4":"has-post-thumbnail","6":"product_cat-sin-categorizar","7":"product_cat-vitorgan-es","8":"product_tag-homeopatia","9":"product_tag-neydil-es","10":"ts_product_brand-all-es","11":"ts_product_brand-vitorgan-es","13":"first","14":"instock","15":"sale","16":"taxable","17":"shipping-taxable","18":"purchasable","19":"product-type-simple"},"yoast_head":"<!-- This site is optimized with the Yoast SEO plugin v26.5 - https:\/\/yoast.com\/wordpress\/plugins\/seo\/ -->\n<title>Climafem tabletas recubiertas con pel\u00edcula 60 uds. &#187; Farmacia - ordene aqu\u00ed<\/title>\n<meta name=\"description\" content=\"Farmacia online alemana registrada | Env\u00edo internacional r\u00e1pido | Producto fabricado por vitOrgan: Climafem tabletas recubiertas con pel\u00edcula 60 uds.\" \/>\n<meta name=\"robots\" content=\"noindex, follow, max-snippet:-1, max-image-preview:large, max-video-preview:-1\" \/>\n<meta property=\"og:locale\" content=\"es_ES\" \/>\n<meta property=\"og:type\" content=\"article\" \/>\n<meta property=\"og:title\" content=\"Climafem tabletas recubiertas con pel\u00edcula 60 uds. &#187; Farmacia - ordene aqu\u00ed\" \/>\n<meta property=\"og:description\" content=\"Farmacia online alemana registrada | Env\u00edo internacional r\u00e1pido | Producto fabricado por vitOrgan: Climafem tabletas recubiertas con pel\u00edcula 60 uds.\" \/>\n<meta property=\"og:url\" content=\"https:\/\/loewentestneu.metafex.io\/es\/producto\/climafem-film-coated-tablets-60-pcs-03353070\" \/>\n<meta property=\"og:site_name\" content=\"Lion Pharmacy\" \/>\n<meta property=\"article:modified_time\" content=\"2025-01-25T18:03:42+00:00\" \/>\n<meta property=\"og:image\" content=\"https:\/\/loewentestneu.metafex.io\/wp-content\/uploads\/2024\/11\/climafem-vitorgan-PZN-03353070-Lowenapotheke24.webp\" \/>\n\t<meta property=\"og:image:width\" content=\"600\" \/>\n\t<meta property=\"og:image:height\" content=\"600\" \/>\n\t<meta property=\"og:image:type\" content=\"image\/webp\" \/>\n<meta name=\"twitter:card\" content=\"summary_large_image\" \/>\n<meta name=\"twitter:label1\" content=\"Tiempo de lectura\" \/>\n\t<meta name=\"twitter:data1\" content=\"1 minuto\" \/>\n<script type=\"application\/ld+json\" class=\"yoast-schema-graph\">{\"@context\":\"https:\/\/schema.org\",\"@graph\":[{\"@type\":\"WebPage\",\"@id\":\"https:\/\/loewentestneu.metafex.io\/es\/producto\/climafem-film-coated-tablets-60-pcs-03353070\",\"url\":\"https:\/\/loewentestneu.metafex.io\/es\/producto\/climafem-film-coated-tablets-60-pcs-03353070\",\"name\":\"Climafem tabletas recubiertas con pel\u00edcula 60 uds. &#187; Farmacia - ordene aqu\u00ed\",\"isPartOf\":{\"@id\":\"https:\/\/loewentestneu.metafex.io\/es#website\"},\"primaryImageOfPage\":{\"@id\":\"https:\/\/loewentestneu.metafex.io\/es\/producto\/climafem-film-coated-tablets-60-pcs-03353070#primaryimage\"},\"image\":{\"@id\":\"https:\/\/loewentestneu.metafex.io\/es\/producto\/climafem-film-coated-tablets-60-pcs-03353070#primaryimage\"},\"thumbnailUrl\":\"https:\/\/loewentestneu.metafex.io\/wp-content\/uploads\/2024\/11\/climafem-vitorgan-PZN-03353070-Lowenapotheke24.webp\",\"datePublished\":\"2024-11-28T11:09:20+00:00\",\"dateModified\":\"2025-01-25T18:03:42+00:00\",\"description\":\"Farmacia online alemana registrada | Env\u00edo internacional r\u00e1pido | Producto fabricado por vitOrgan: Climafem tabletas recubiertas con pel\u00edcula 60 uds.\",\"breadcrumb\":{\"@id\":\"https:\/\/loewentestneu.metafex.io\/es\/producto\/climafem-film-coated-tablets-60-pcs-03353070#breadcrumb\"},\"inLanguage\":\"es\",\"potentialAction\":[{\"@type\":\"ReadAction\",\"target\":[\"https:\/\/loewentestneu.metafex.io\/es\/producto\/climafem-film-coated-tablets-60-pcs-03353070\"]}]},{\"@type\":\"ImageObject\",\"inLanguage\":\"es\",\"@id\":\"https:\/\/loewentestneu.metafex.io\/es\/producto\/climafem-film-coated-tablets-60-pcs-03353070#primaryimage\",\"url\":\"https:\/\/loewentestneu.metafex.io\/wp-content\/uploads\/2024\/11\/climafem-vitorgan-PZN-03353070-Lowenapotheke24.webp\",\"contentUrl\":\"https:\/\/loewentestneu.metafex.io\/wp-content\/uploads\/2024\/11\/climafem-vitorgan-PZN-03353070-Lowenapotheke24.webp\",\"width\":600,\"height\":600,\"caption\":\"La imagen muestra Climafem de Vitorgan. PZN 03353070. Farmacia Lion\"},{\"@type\":\"BreadcrumbList\",\"@id\":\"https:\/\/loewentestneu.metafex.io\/es\/producto\/climafem-film-coated-tablets-60-pcs-03353070#breadcrumb\",\"itemListElement\":[{\"@type\":\"ListItem\",\"position\":1,\"name\":\"Home\",\"item\":\"https:\/\/loewentestneu.metafex.io\/es\/homepage-lion-pharmacy\"},{\"@type\":\"ListItem\",\"position\":2,\"name\":\"Shop\",\"item\":\"https:\/\/loewentestneu.metafex.io\/es\/tienda\"},{\"@type\":\"ListItem\",\"position\":3,\"name\":\"Climafem tabletas recubiertas con pel\u00edcula 60 uds.\"}]},{\"@type\":\"WebSite\",\"@id\":\"https:\/\/loewentestneu.metafex.io\/es#website\",\"url\":\"https:\/\/loewentestneu.metafex.io\/es\",\"name\":\"Lions Pharmacy\",\"description\":\"Farmacia especializada en naturopat\u00eda de Baden-Baden, Alemania\",\"publisher\":{\"@id\":\"https:\/\/loewentestneu.metafex.io\/es#organization\"},\"alternateName\":\"Lion Pharmacy\",\"potentialAction\":[{\"@type\":\"SearchAction\",\"target\":{\"@type\":\"EntryPoint\",\"urlTemplate\":\"https:\/\/loewentestneu.metafex.io\/es?s={search_term_string}\"},\"query-input\":{\"@type\":\"PropertyValueSpecification\",\"valueRequired\":true,\"valueName\":\"search_term_string\"}}],\"inLanguage\":\"es\"},{\"@type\":\"Organization\",\"@id\":\"https:\/\/loewentestneu.metafex.io\/es#organization\",\"name\":\"Lions Pharmacy\",\"alternateName\":\"Lions Pharmacy24\",\"url\":\"https:\/\/loewentestneu.metafex.io\/es\",\"logo\":{\"@type\":\"ImageObject\",\"inLanguage\":\"es\",\"@id\":\"https:\/\/loewentestneu.metafex.io\/es#\/schema\/logo\/image\/\",\"url\":\"https:\/\/loewentestneu.metafex.io\/wp-content\/uploads\/2022\/12\/Logo-Lion-Pharmacy-c-o-Loewen-Apotheke-smal.jpg\",\"contentUrl\":\"https:\/\/loewentestneu.metafex.io\/wp-content\/uploads\/2022\/12\/Logo-Lion-Pharmacy-c-o-Loewen-Apotheke-smal.jpg\",\"width\":298,\"height\":99,\"caption\":\"Lions Pharmacy\"},\"image\":{\"@id\":\"https:\/\/loewentestneu.metafex.io\/es#\/schema\/logo\/image\/\"}}]}<\/script>\n<!-- \/ Yoast SEO plugin. -->","yoast_head_json":{"title":"Climafem tabletas recubiertas con pel\u00edcula 60 uds. &#187; Farmacia - ordene aqu\u00ed","description":"Farmacia online alemana registrada | Env\u00edo internacional r\u00e1pido | Producto fabricado por vitOrgan: Climafem tabletas recubiertas con pel\u00edcula 60 uds.","robots":{"index":"noindex","follow":"follow","max-snippet":"max-snippet:-1","max-image-preview":"max-image-preview:large","max-video-preview":"max-video-preview:-1"},"og_locale":"es_ES","og_type":"article","og_title":"Climafem tabletas recubiertas con pel\u00edcula 60 uds. &#187; Farmacia - ordene aqu\u00ed","og_description":"Farmacia online alemana registrada | Env\u00edo internacional r\u00e1pido | Producto fabricado por vitOrgan: Climafem tabletas recubiertas con pel\u00edcula 60 uds.","og_url":"https:\/\/loewentestneu.metafex.io\/es\/producto\/climafem-film-coated-tablets-60-pcs-03353070","og_site_name":"Lion Pharmacy","article_modified_time":"2025-01-25T18:03:42+00:00","og_image":[{"width":600,"height":600,"url":"https:\/\/loewentestneu.metafex.io\/wp-content\/uploads\/2024\/11\/climafem-vitorgan-PZN-03353070-Lowenapotheke24.webp","type":"image\/webp"}],"twitter_card":"summary_large_image","twitter_misc":{"Tiempo de lectura":"1 minuto"},"schema":{"@context":"https:\/\/schema.org","@graph":[{"@type":"WebPage","@id":"https:\/\/loewentestneu.metafex.io\/es\/producto\/climafem-film-coated-tablets-60-pcs-03353070","url":"https:\/\/loewentestneu.metafex.io\/es\/producto\/climafem-film-coated-tablets-60-pcs-03353070","name":"Climafem tabletas recubiertas con pel\u00edcula 60 uds. &#187; Farmacia - ordene aqu\u00ed","isPartOf":{"@id":"https:\/\/loewentestneu.metafex.io\/es#website"},"primaryImageOfPage":{"@id":"https:\/\/loewentestneu.metafex.io\/es\/producto\/climafem-film-coated-tablets-60-pcs-03353070#primaryimage"},"image":{"@id":"https:\/\/loewentestneu.metafex.io\/es\/producto\/climafem-film-coated-tablets-60-pcs-03353070#primaryimage"},"thumbnailUrl":"https:\/\/loewentestneu.metafex.io\/wp-content\/uploads\/2024\/11\/climafem-vitorgan-PZN-03353070-Lowenapotheke24.webp","datePublished":"2024-11-28T11:09:20+00:00","dateModified":"2025-01-25T18:03:42+00:00","description":"Farmacia online alemana registrada | Env\u00edo internacional r\u00e1pido | Producto fabricado por vitOrgan: Climafem tabletas recubiertas con pel\u00edcula 60 uds.","breadcrumb":{"@id":"https:\/\/loewentestneu.metafex.io\/es\/producto\/climafem-film-coated-tablets-60-pcs-03353070#breadcrumb"},"inLanguage":"es","potentialAction":[{"@type":"ReadAction","target":["https:\/\/loewentestneu.metafex.io\/es\/producto\/climafem-film-coated-tablets-60-pcs-03353070"]}]},{"@type":"ImageObject","inLanguage":"es","@id":"https:\/\/loewentestneu.metafex.io\/es\/producto\/climafem-film-coated-tablets-60-pcs-03353070#primaryimage","url":"https:\/\/loewentestneu.metafex.io\/wp-content\/uploads\/2024\/11\/climafem-vitorgan-PZN-03353070-Lowenapotheke24.webp","contentUrl":"https:\/\/loewentestneu.metafex.io\/wp-content\/uploads\/2024\/11\/climafem-vitorgan-PZN-03353070-Lowenapotheke24.webp","width":600,"height":600,"caption":"La imagen muestra Climafem de Vitorgan. PZN 03353070. Farmacia Lion"},{"@type":"BreadcrumbList","@id":"https:\/\/loewentestneu.metafex.io\/es\/producto\/climafem-film-coated-tablets-60-pcs-03353070#breadcrumb","itemListElement":[{"@type":"ListItem","position":1,"name":"Home","item":"https:\/\/loewentestneu.metafex.io\/es\/homepage-lion-pharmacy"},{"@type":"ListItem","position":2,"name":"Shop","item":"https:\/\/loewentestneu.metafex.io\/es\/tienda"},{"@type":"ListItem","position":3,"name":"Climafem tabletas recubiertas con pel\u00edcula 60 uds."}]},{"@type":"WebSite","@id":"https:\/\/loewentestneu.metafex.io\/es#website","url":"https:\/\/loewentestneu.metafex.io\/es","name":"Lions Pharmacy","description":"Farmacia especializada en naturopat\u00eda de Baden-Baden, Alemania","publisher":{"@id":"https:\/\/loewentestneu.metafex.io\/es#organization"},"alternateName":"Lion Pharmacy","potentialAction":[{"@type":"SearchAction","target":{"@type":"EntryPoint","urlTemplate":"https:\/\/loewentestneu.metafex.io\/es?s={search_term_string}"},"query-input":{"@type":"PropertyValueSpecification","valueRequired":true,"valueName":"search_term_string"}}],"inLanguage":"es"},{"@type":"Organization","@id":"https:\/\/loewentestneu.metafex.io\/es#organization","name":"Lions Pharmacy","alternateName":"Lions Pharmacy24","url":"https:\/\/loewentestneu.metafex.io\/es","logo":{"@type":"ImageObject","inLanguage":"es","@id":"https:\/\/loewentestneu.metafex.io\/es#\/schema\/logo\/image\/","url":"https:\/\/loewentestneu.metafex.io\/wp-content\/uploads\/2022\/12\/Logo-Lion-Pharmacy-c-o-Loewen-Apotheke-smal.jpg","contentUrl":"https:\/\/loewentestneu.metafex.io\/wp-content\/uploads\/2022\/12\/Logo-Lion-Pharmacy-c-o-Loewen-Apotheke-smal.jpg","width":298,"height":99,"caption":"Lions Pharmacy"},"image":{"@id":"https:\/\/loewentestneu.metafex.io\/es#\/schema\/logo\/image\/"}}]}},"_links":{"self":[{"href":"https:\/\/loewentestneu.metafex.io\/es\/wp-json\/wp\/v2\/product\/6959","targetHints":{"allow":["GET"]}}],"collection":[{"href":"https:\/\/loewentestneu.metafex.io\/es\/wp-json\/wp\/v2\/product"}],"about":[{"href":"https:\/\/loewentestneu.metafex.io\/es\/wp-json\/wp\/v2\/types\/product"}],"replies":[{"embeddable":true,"href":"https:\/\/loewentestneu.metafex.io\/es\/wp-json\/wp\/v2\/comments?post=6959"}],"wp:featuredmedia":[{"embeddable":true,"href":"https:\/\/loewentestneu.metafex.io\/es\/wp-json\/wp\/v2\/media\/6965"}],"wp:attachment":[{"href":"https:\/\/loewentestneu.metafex.io\/es\/wp-json\/wp\/v2\/media?parent=6959"}],"wp:term":[{"taxonomy":"product_brand","embeddable":true,"href":"https:\/\/loewentestneu.metafex.io\/es\/wp-json\/wp\/v2\/product_brand?post=6959"},{"taxonomy":"product_cat","embeddable":true,"href":"https:\/\/loewentestneu.metafex.io\/es\/wp-json\/wp\/v2\/product_cat?post=6959"},{"taxonomy":"product_tag","embeddable":true,"href":"https:\/\/loewentestneu.metafex.io\/es\/wp-json\/wp\/v2\/product_tag?post=6959"}],"curies":[{"name":"wp","href":"https:\/\/api.w.org\/{rel}","templated":true}]}}