{"id":7427,"date":"2024-12-11T16:41:00","date_gmt":"2024-12-11T15:41:00","guid":{"rendered":"https:\/\/lions-pharmacy.com\/?post_type=product&#038;p=7427"},"modified":"2025-01-24T19:08:33","modified_gmt":"2025-01-24T18:08:33","slug":"vitamin-d3-k2-hevert-plus-1000-iu-60-pcs-16336937","status":"publish","type":"product","link":"https:\/\/loewentestneu.metafex.io\/es\/producto\/vitamin-d3-k2-hevert-plus-1000-iu-60-pcs-16336937","title":{"rendered":"Vitamina D3 K2 Hevert plus 1000 UI (60 uds.)"},"content":{"rendered":"<h3>Vitamina D3 K2 Hevert plus Calcio y Magnesio 1000 UI<\/h3>\n<p>Preparaci\u00f3n de vitamina D3 en combinaci\u00f3n con K2 para una mejor absorci\u00f3n de la vitamina D, enriquecida adicionalmente con calcio y magnesio para remediar los s\u00edntomas de deficiencia.<\/p>\n<p>La salud es el mayor activo del hombre. Por ello, desde hace m\u00e1s de 60 a\u00f1os, Hevert se dedica a la naturopat\u00eda y al desarrollo de medicamentos naturales y es uno de los principales fabricantes alemanes de medicamentos homeop\u00e1ticos y herbarios, as\u00ed como de preparados de micronutrientes.<\/p>\n<p>Tareas de la vitamina D3 en tu organismo:<\/p>\n<ul>\n<li>Construcci\u00f3n de huesos y apoyo a la funci\u00f3n \u00f3sea normal<\/li>\n<li>Regula los procesos en las c\u00e9lulas, act\u00faa como una hormona<\/li>\n<li>Protege las c\u00e9lulas nerviosas y las neuronas<\/li>\n<li>Interviene en la s\u00edntesis de neurotransmisores<\/li>\n<li>Controla varios procesos en el sistema inmunol\u00f3gico<\/li>\n<\/ul>\n<p>Consumo recomendado de Vitamina D3 Hevert<\/p>\n<p>Para prevenir en caso de un riesgo reconocible de deficiencia de vitamina D en personas sanas sin trastornos de la absorci\u00f3n, tome 1\/2 tableta de Vitamin D3 Hevert\u00ae al d\u00eda.<\/p>\n<p>Prospecto\/instrucciones de uso\/ficha t\u00e9cnica del art\u00edculo: &#8211; (lector de PDF)<\/p>\n<p>Otros productos para la aplicaci\u00f3n: <a href=\"https:\/\/loewentestneu.metafex.io\/product-tag\/vitamins-supplements\">Vitaminas y suplementos Productos<\/a><\/p>\n<p>M\u00e1s informaci\u00f3n sobre el fabricante y este producto: <a href=\"https:\/\/hevert.com\/de\/en\" target=\"_blank\" rel=\"noopener\">Hevert<\/a> (enlace a la p\u00e1gina web externa)<\/p>\n<p>La informaci\u00f3n contenida en este sitio web se facilita \u00fanicamente con fines informativos. En ning\u00fan caso sustituyen al examen y tratamiento por un m\u00e9dico. Tenga en cuenta que esto significa que no se pueden hacer diagn\u00f3sticos ni iniciar terapias.<\/p>\n<p>Para conocer los riesgos y efectos secundarios, lea el prospecto y consulte a su m\u00e9dico o farmac\u00e9utico.<\/p>\n","protected":false},"excerpt":{"rendered":"<h2>Vitamina D3 K2 Hevert plus 1000 UI<\/h2>\n<p>Preparaci\u00f3n de vitamina D3 en combinaci\u00f3n con K2 para una mejor absorci\u00f3n de la vitamina D, enriquecida adicionalmente con calcio y magnesio para remediar los s\u00edntomas de deficiencia.<\/p>\n<p>&nbsp;<\/p>\n<p>PZN: 16336937<\/p>\n<p>Forma de la dosis: tabletas<\/p>\n<p>Tipo de prescripci\u00f3n: sin receta<\/p>\n<p>Marca:-<\/p>\n<p>Fabricante: Hevert Arzneimittel GmbH, Alemania<\/p>\n<p>Tama\u00f1o del embalaje: 60 pc.<\/p>\n","protected":false},"featured_media":7433,"comment_status":"closed","ping_status":"closed","template":"","meta":[],"product_brand":[],"product_cat":[580,116],"product_tag":[273,516,275,488,311,272],"class_list":{"0":"post-7427","1":"product","2":"type-product","3":"status-publish","4":"has-post-thumbnail","6":"product_cat-hevert-es","7":"product_cat-sin-categorizar","8":"product_tag-control-de-peso","9":"product_tag-ingrediente-activo-de-origen-vegetal","10":"product_tag-peso-y-forma-fisica","11":"product_tag-remedios-naturales","12":"product_tag-venta-mensual","13":"product_tag-vitaminas-y-suplementos","14":"ts_product_brand-all-es","15":"ts_product_brand-hevert-es","17":"first","18":"outofstock","19":"taxable","20":"shipping-taxable","21":"purchasable","22":"product-type-simple"},"yoast_head":"<!-- This site is optimized with the Yoast SEO plugin v26.5 - https:\/\/yoast.com\/wordpress\/plugins\/seo\/ -->\n<title>Vitamina D3 K2 Hevert plus 1000 UI (60 uds.) &#187; Descubre m\u00e1s en Lion Pharmacy<\/title>\n<meta name=\"description\" content=\"Farmacia en l\u00ednea alemana registrada. Ofrecemos: Env\u00edo internacional r\u00e1pido. Producto fabricado por Hevert: Vitamina D3 K2 Hevert plus 1000 UI (60 uds.)\" \/>\n<meta name=\"robots\" content=\"noindex, follow, max-snippet:-1, max-image-preview:large, max-video-preview:-1\" \/>\n<meta property=\"og:locale\" content=\"es_ES\" \/>\n<meta property=\"og:type\" content=\"article\" \/>\n<meta property=\"og:title\" content=\"Vitamina D3 K2 Hevert plus 1000 UI (60 uds.) &#187; Descubre m\u00e1s en Lion Pharmacy\" \/>\n<meta property=\"og:description\" content=\"Farmacia en l\u00ednea alemana registrada. Ofrecemos: Env\u00edo internacional r\u00e1pido. Producto fabricado por Hevert: Vitamina D3 K2 Hevert plus 1000 UI (60 uds.)\" \/>\n<meta property=\"og:url\" content=\"https:\/\/loewentestneu.metafex.io\/es\/producto\/vitamin-d3-k2-hevert-plus-1000-iu-60-pcs-16336937\" \/>\n<meta property=\"og:site_name\" content=\"Lion Pharmacy\" \/>\n<meta property=\"article:modified_time\" content=\"2025-01-24T18:08:33+00:00\" \/>\n<meta property=\"og:image\" content=\"https:\/\/loewentestneu.metafex.io\/wp-content\/uploads\/2024\/12\/Vitamin-D3-K2-Hevert-PZN-16336937-60-pc-Lions-Pharmacy.webp\" \/>\n\t<meta property=\"og:image:width\" content=\"600\" \/>\n\t<meta property=\"og:image:height\" content=\"600\" \/>\n\t<meta property=\"og:image:type\" content=\"image\/webp\" \/>\n<meta name=\"twitter:card\" content=\"summary_large_image\" \/>\n<meta name=\"twitter:label1\" content=\"Tiempo de lectura\" \/>\n\t<meta name=\"twitter:data1\" content=\"1 minuto\" \/>\n<script type=\"application\/ld+json\" class=\"yoast-schema-graph\">{\"@context\":\"https:\/\/schema.org\",\"@graph\":[{\"@type\":\"WebPage\",\"@id\":\"https:\/\/loewentestneu.metafex.io\/es\/producto\/vitamin-d3-k2-hevert-plus-1000-iu-60-pcs-16336937\",\"url\":\"https:\/\/loewentestneu.metafex.io\/es\/producto\/vitamin-d3-k2-hevert-plus-1000-iu-60-pcs-16336937\",\"name\":\"Vitamina D3 K2 Hevert plus 1000 UI (60 uds.) &#187; Descubre m\u00e1s en Lion Pharmacy\",\"isPartOf\":{\"@id\":\"https:\/\/loewentestneu.metafex.io\/es#website\"},\"primaryImageOfPage\":{\"@id\":\"https:\/\/loewentestneu.metafex.io\/es\/producto\/vitamin-d3-k2-hevert-plus-1000-iu-60-pcs-16336937#primaryimage\"},\"image\":{\"@id\":\"https:\/\/loewentestneu.metafex.io\/es\/producto\/vitamin-d3-k2-hevert-plus-1000-iu-60-pcs-16336937#primaryimage\"},\"thumbnailUrl\":\"https:\/\/loewentestneu.metafex.io\/wp-content\/uploads\/2024\/12\/Vitamin-D3-K2-Hevert-PZN-16336937-60-pc-Lions-Pharmacy.webp\",\"datePublished\":\"2024-12-11T15:41:00+00:00\",\"dateModified\":\"2025-01-24T18:08:33+00:00\",\"description\":\"Farmacia en l\u00ednea alemana registrada. Ofrecemos: Env\u00edo internacional r\u00e1pido. Producto fabricado por Hevert: Vitamina D3 K2 Hevert plus 1000 UI (60 uds.)\",\"breadcrumb\":{\"@id\":\"https:\/\/loewentestneu.metafex.io\/es\/producto\/vitamin-d3-k2-hevert-plus-1000-iu-60-pcs-16336937#breadcrumb\"},\"inLanguage\":\"es\",\"potentialAction\":[{\"@type\":\"ReadAction\",\"target\":[\"https:\/\/loewentestneu.metafex.io\/es\/producto\/vitamin-d3-k2-hevert-plus-1000-iu-60-pcs-16336937\"]}]},{\"@type\":\"ImageObject\",\"inLanguage\":\"es\",\"@id\":\"https:\/\/loewentestneu.metafex.io\/es\/producto\/vitamin-d3-k2-hevert-plus-1000-iu-60-pcs-16336937#primaryimage\",\"url\":\"https:\/\/loewentestneu.metafex.io\/wp-content\/uploads\/2024\/12\/Vitamin-D3-K2-Hevert-PZN-16336937-60-pc-Lions-Pharmacy.webp\",\"contentUrl\":\"https:\/\/loewentestneu.metafex.io\/wp-content\/uploads\/2024\/12\/Vitamin-D3-K2-Hevert-PZN-16336937-60-pc-Lions-Pharmacy.webp\",\"width\":600,\"height\":600,\"caption\":\"La imagen muestra la vitamina D3 K2 Hevert. PZN 16336937. 60 uds. Farmacia Lion\"},{\"@type\":\"BreadcrumbList\",\"@id\":\"https:\/\/loewentestneu.metafex.io\/es\/producto\/vitamin-d3-k2-hevert-plus-1000-iu-60-pcs-16336937#breadcrumb\",\"itemListElement\":[{\"@type\":\"ListItem\",\"position\":1,\"name\":\"Home\",\"item\":\"https:\/\/loewentestneu.metafex.io\/es\/homepage-lion-pharmacy\"},{\"@type\":\"ListItem\",\"position\":2,\"name\":\"Shop\",\"item\":\"https:\/\/loewentestneu.metafex.io\/es\/tienda\"},{\"@type\":\"ListItem\",\"position\":3,\"name\":\"Vitamina D3 K2 Hevert plus 1000 UI (60 uds.)\"}]},{\"@type\":\"WebSite\",\"@id\":\"https:\/\/loewentestneu.metafex.io\/es#website\",\"url\":\"https:\/\/loewentestneu.metafex.io\/es\",\"name\":\"Lions Pharmacy\",\"description\":\"Farmacia especializada en naturopat\u00eda de Baden-Baden, Alemania\",\"publisher\":{\"@id\":\"https:\/\/loewentestneu.metafex.io\/es#organization\"},\"alternateName\":\"Lion Pharmacy\",\"potentialAction\":[{\"@type\":\"SearchAction\",\"target\":{\"@type\":\"EntryPoint\",\"urlTemplate\":\"https:\/\/loewentestneu.metafex.io\/es?s={search_term_string}\"},\"query-input\":{\"@type\":\"PropertyValueSpecification\",\"valueRequired\":true,\"valueName\":\"search_term_string\"}}],\"inLanguage\":\"es\"},{\"@type\":\"Organization\",\"@id\":\"https:\/\/loewentestneu.metafex.io\/es#organization\",\"name\":\"Lions Pharmacy\",\"alternateName\":\"Lions Pharmacy24\",\"url\":\"https:\/\/loewentestneu.metafex.io\/es\",\"logo\":{\"@type\":\"ImageObject\",\"inLanguage\":\"es\",\"@id\":\"https:\/\/loewentestneu.metafex.io\/es#\/schema\/logo\/image\/\",\"url\":\"https:\/\/loewentestneu.metafex.io\/wp-content\/uploads\/2022\/12\/Logo-Lion-Pharmacy-c-o-Loewen-Apotheke-smal.jpg\",\"contentUrl\":\"https:\/\/loewentestneu.metafex.io\/wp-content\/uploads\/2022\/12\/Logo-Lion-Pharmacy-c-o-Loewen-Apotheke-smal.jpg\",\"width\":298,\"height\":99,\"caption\":\"Lions Pharmacy\"},\"image\":{\"@id\":\"https:\/\/loewentestneu.metafex.io\/es#\/schema\/logo\/image\/\"}}]}<\/script>\n<!-- \/ Yoast SEO plugin. -->","yoast_head_json":{"title":"Vitamina D3 K2 Hevert plus 1000 UI (60 uds.) &#187; Descubre m\u00e1s en Lion Pharmacy","description":"Farmacia en l\u00ednea alemana registrada. Ofrecemos: Env\u00edo internacional r\u00e1pido. Producto fabricado por Hevert: Vitamina D3 K2 Hevert plus 1000 UI (60 uds.)","robots":{"index":"noindex","follow":"follow","max-snippet":"max-snippet:-1","max-image-preview":"max-image-preview:large","max-video-preview":"max-video-preview:-1"},"og_locale":"es_ES","og_type":"article","og_title":"Vitamina D3 K2 Hevert plus 1000 UI (60 uds.) &#187; Descubre m\u00e1s en Lion Pharmacy","og_description":"Farmacia en l\u00ednea alemana registrada. Ofrecemos: Env\u00edo internacional r\u00e1pido. Producto fabricado por Hevert: Vitamina D3 K2 Hevert plus 1000 UI (60 uds.)","og_url":"https:\/\/loewentestneu.metafex.io\/es\/producto\/vitamin-d3-k2-hevert-plus-1000-iu-60-pcs-16336937","og_site_name":"Lion Pharmacy","article_modified_time":"2025-01-24T18:08:33+00:00","og_image":[{"width":600,"height":600,"url":"https:\/\/loewentestneu.metafex.io\/wp-content\/uploads\/2024\/12\/Vitamin-D3-K2-Hevert-PZN-16336937-60-pc-Lions-Pharmacy.webp","type":"image\/webp"}],"twitter_card":"summary_large_image","twitter_misc":{"Tiempo de lectura":"1 minuto"},"schema":{"@context":"https:\/\/schema.org","@graph":[{"@type":"WebPage","@id":"https:\/\/loewentestneu.metafex.io\/es\/producto\/vitamin-d3-k2-hevert-plus-1000-iu-60-pcs-16336937","url":"https:\/\/loewentestneu.metafex.io\/es\/producto\/vitamin-d3-k2-hevert-plus-1000-iu-60-pcs-16336937","name":"Vitamina D3 K2 Hevert plus 1000 UI (60 uds.) &#187; Descubre m\u00e1s en Lion Pharmacy","isPartOf":{"@id":"https:\/\/loewentestneu.metafex.io\/es#website"},"primaryImageOfPage":{"@id":"https:\/\/loewentestneu.metafex.io\/es\/producto\/vitamin-d3-k2-hevert-plus-1000-iu-60-pcs-16336937#primaryimage"},"image":{"@id":"https:\/\/loewentestneu.metafex.io\/es\/producto\/vitamin-d3-k2-hevert-plus-1000-iu-60-pcs-16336937#primaryimage"},"thumbnailUrl":"https:\/\/loewentestneu.metafex.io\/wp-content\/uploads\/2024\/12\/Vitamin-D3-K2-Hevert-PZN-16336937-60-pc-Lions-Pharmacy.webp","datePublished":"2024-12-11T15:41:00+00:00","dateModified":"2025-01-24T18:08:33+00:00","description":"Farmacia en l\u00ednea alemana registrada. Ofrecemos: Env\u00edo internacional r\u00e1pido. Producto fabricado por Hevert: Vitamina D3 K2 Hevert plus 1000 UI (60 uds.)","breadcrumb":{"@id":"https:\/\/loewentestneu.metafex.io\/es\/producto\/vitamin-d3-k2-hevert-plus-1000-iu-60-pcs-16336937#breadcrumb"},"inLanguage":"es","potentialAction":[{"@type":"ReadAction","target":["https:\/\/loewentestneu.metafex.io\/es\/producto\/vitamin-d3-k2-hevert-plus-1000-iu-60-pcs-16336937"]}]},{"@type":"ImageObject","inLanguage":"es","@id":"https:\/\/loewentestneu.metafex.io\/es\/producto\/vitamin-d3-k2-hevert-plus-1000-iu-60-pcs-16336937#primaryimage","url":"https:\/\/loewentestneu.metafex.io\/wp-content\/uploads\/2024\/12\/Vitamin-D3-K2-Hevert-PZN-16336937-60-pc-Lions-Pharmacy.webp","contentUrl":"https:\/\/loewentestneu.metafex.io\/wp-content\/uploads\/2024\/12\/Vitamin-D3-K2-Hevert-PZN-16336937-60-pc-Lions-Pharmacy.webp","width":600,"height":600,"caption":"La imagen muestra la vitamina D3 K2 Hevert. PZN 16336937. 60 uds. Farmacia Lion"},{"@type":"BreadcrumbList","@id":"https:\/\/loewentestneu.metafex.io\/es\/producto\/vitamin-d3-k2-hevert-plus-1000-iu-60-pcs-16336937#breadcrumb","itemListElement":[{"@type":"ListItem","position":1,"name":"Home","item":"https:\/\/loewentestneu.metafex.io\/es\/homepage-lion-pharmacy"},{"@type":"ListItem","position":2,"name":"Shop","item":"https:\/\/loewentestneu.metafex.io\/es\/tienda"},{"@type":"ListItem","position":3,"name":"Vitamina D3 K2 Hevert plus 1000 UI (60 uds.)"}]},{"@type":"WebSite","@id":"https:\/\/loewentestneu.metafex.io\/es#website","url":"https:\/\/loewentestneu.metafex.io\/es","name":"Lions Pharmacy","description":"Farmacia especializada en naturopat\u00eda de Baden-Baden, Alemania","publisher":{"@id":"https:\/\/loewentestneu.metafex.io\/es#organization"},"alternateName":"Lion Pharmacy","potentialAction":[{"@type":"SearchAction","target":{"@type":"EntryPoint","urlTemplate":"https:\/\/loewentestneu.metafex.io\/es?s={search_term_string}"},"query-input":{"@type":"PropertyValueSpecification","valueRequired":true,"valueName":"search_term_string"}}],"inLanguage":"es"},{"@type":"Organization","@id":"https:\/\/loewentestneu.metafex.io\/es#organization","name":"Lions Pharmacy","alternateName":"Lions Pharmacy24","url":"https:\/\/loewentestneu.metafex.io\/es","logo":{"@type":"ImageObject","inLanguage":"es","@id":"https:\/\/loewentestneu.metafex.io\/es#\/schema\/logo\/image\/","url":"https:\/\/loewentestneu.metafex.io\/wp-content\/uploads\/2022\/12\/Logo-Lion-Pharmacy-c-o-Loewen-Apotheke-smal.jpg","contentUrl":"https:\/\/loewentestneu.metafex.io\/wp-content\/uploads\/2022\/12\/Logo-Lion-Pharmacy-c-o-Loewen-Apotheke-smal.jpg","width":298,"height":99,"caption":"Lions Pharmacy"},"image":{"@id":"https:\/\/loewentestneu.metafex.io\/es#\/schema\/logo\/image\/"}}]}},"_links":{"self":[{"href":"https:\/\/loewentestneu.metafex.io\/es\/wp-json\/wp\/v2\/product\/7427","targetHints":{"allow":["GET"]}}],"collection":[{"href":"https:\/\/loewentestneu.metafex.io\/es\/wp-json\/wp\/v2\/product"}],"about":[{"href":"https:\/\/loewentestneu.metafex.io\/es\/wp-json\/wp\/v2\/types\/product"}],"replies":[{"embeddable":true,"href":"https:\/\/loewentestneu.metafex.io\/es\/wp-json\/wp\/v2\/comments?post=7427"}],"wp:featuredmedia":[{"embeddable":true,"href":"https:\/\/loewentestneu.metafex.io\/es\/wp-json\/wp\/v2\/media\/7433"}],"wp:attachment":[{"href":"https:\/\/loewentestneu.metafex.io\/es\/wp-json\/wp\/v2\/media?parent=7427"}],"wp:term":[{"taxonomy":"product_brand","embeddable":true,"href":"https:\/\/loewentestneu.metafex.io\/es\/wp-json\/wp\/v2\/product_brand?post=7427"},{"taxonomy":"product_cat","embeddable":true,"href":"https:\/\/loewentestneu.metafex.io\/es\/wp-json\/wp\/v2\/product_cat?post=7427"},{"taxonomy":"product_tag","embeddable":true,"href":"https:\/\/loewentestneu.metafex.io\/es\/wp-json\/wp\/v2\/product_tag?post=7427"}],"curies":[{"name":"wp","href":"https:\/\/api.w.org\/{rel}","templated":true}]}}