{"id":7535,"date":"2024-12-13T08:20:46","date_gmt":"2024-12-13T07:20:46","guid":{"rendered":"https:\/\/lions-pharmacy.com\/?post_type=product&#038;p=7535"},"modified":"2025-01-25T12:42:37","modified_gmt":"2025-01-25T11:42:37","slug":"wala-gentiana-stomach-globuli-velata-20g","status":"publish","type":"product","link":"https:\/\/loewentestneu.metafex.io\/es\/producto\/wala-gentiana-stomach-globuli-velata-20g","title":{"rendered":"WALA Gentiana Est\u00f3mago Globuli velata (20g)"},"content":{"rendered":"<h3>WALA Gentiana Est\u00f3mago Globuli velata<\/h3>\n<p>WALA Gentiana Stomach es un medicamento antropos\u00f3fico para el tracto gastrointestinal, ayuda con la indigesti\u00f3n, las n\u00e1useas, las flatulencias, los v\u00f3mitos muy bien aplicable durante el embarazo y para los ni\u00f1os.<\/p>\n<p>Sustancias activas antropos\u00f3ficas de plantas medicinales, en todas las fases de la vida y para numerosas dolencias.<\/p>\n<p>Medicamentos antropos\u00f3ficos que puede obtener en farmacias sin receta. La selecci\u00f3n de un medicamento debe basarse en un diagn\u00f3stico confirmado m\u00e9dicamente. Consulte a su m\u00e9dico o farmac\u00e9utico. Tambi\u00e9n le recomendamos que no deje de tomar los medicamentos recetados por un m\u00e9dico sin consultar a su m\u00e9dico.<\/p>\n<p>Prospecto\/instrucciones de uso\/ficha t\u00e9cnica del art\u00edculo: \u2013 (Lector de PDF)<\/p>\n<p>Otros productos para la aplicaci\u00f3n: <a href=\"https:\/\/loewentestneu.metafex.io\/product-tag\/homeopathy\" rel=\"tag\">Homeopat\u00eda<\/a> | <a href=\"https:\/\/loewentestneu.metafex.io\/product-tag\/virus-infection\" rel=\"tag\">Infecci\u00f3n por virus<\/a><\/p>\n<p>Obtenga m\u00e1s informaci\u00f3n sobre manufactorer y este producto: <a href=\"https:\/\/www.walaarzneimittel.de\/de\/\" target=\"_blank\" rel=\"noopener\">WALA Arzneimittel <\/a> (enlace al sitio web externo)<\/p>\n<p>La informaci\u00f3n contenida en este sitio web se facilita \u00fanicamente con fines informativos. En ning\u00fan caso sustituyen al examen y tratamiento por un m\u00e9dico. Tenga en cuenta que esto significa que no se pueden hacer diagn\u00f3sticos ni iniciar terapias.<\/p>\n<p>Para conocer los riesgos y efectos secundarios, lea el prospecto y consulte a su m\u00e9dico o farmac\u00e9utico.<\/p>\n<p>&nbsp;<\/p>\n<h3>Prescripci\u00f3n | \u00bfReceta electr\u00f3nica disponible?<\/h3>\n<p>Env\u00ede su receta electr\u00f3nica ahora. Utilice nuestra aplicaci\u00f3n <a href=\"https:\/\/e-rezept-app.de\/shop-rezept\" target=\"_blank\" rel=\"noopener\">de recetas electr\u00f3nicas<\/a> . \u00a1Y te damos los gastos de env\u00edo gratis en Alemania!<\/p>\n","protected":false},"excerpt":{"rendered":"<h2>WALA Gentiana Est\u00f3mago Globuli velata<\/h2>\n<p>Medicina antropos\u00f3fica para el tracto gastrointestinal, ayuda con la indigesti\u00f3n, n\u00e1useas, flatulencias, v\u00f3mitos<\/p>\n<p>&nbsp;<\/p>\n<p><strong>PZN<\/strong>: 00081441<\/p>\n<p><strong>Forma de dosificaci\u00f3n<\/strong>: Globuli<\/p>\n<p><strong>Tama\u00f1o del paquete<\/strong>: 20g<\/p>\n<p><strong>Tipo de receta:<\/strong> sin receta<\/p>\n<p><strong>Marca<\/strong>: &#8211;<\/p>\n<p><strong>Fabricante<\/strong>: WALA Arzneimittel GmbH, Alemania<\/p>\n","protected":false},"featured_media":7479,"comment_status":"closed","ping_status":"closed","template":"","meta":[],"product_brand":[],"product_cat":[116,128],"product_tag":[274,492,308,237,488,272],"class_list":{"0":"post-7535","1":"product","2":"type-product","3":"status-publish","4":"has-post-thumbnail","6":"product_cat-sin-categorizar","7":"product_cat-wala-arzneimittel-es","8":"product_tag-bienestar","9":"product_tag-gripe-y-resfriado","10":"product_tag-homeopatia","11":"product_tag-infeccion-virica","12":"product_tag-remedios-naturales","13":"product_tag-vitaminas-y-suplementos","14":"ts_product_brand-all-es","15":"ts_product_brand-wala-es","17":"first","18":"instock","19":"taxable","20":"shipping-taxable","21":"purchasable","22":"product-type-simple"},"yoast_head":"<!-- This site is optimized with the Yoast SEO plugin v26.5 - https:\/\/yoast.com\/wordpress\/plugins\/seo\/ -->\n<title>WALA Gentiana Est\u00f3mago Globuli velata (20g) &#187; Descubre m\u00e1s en Lion Pharmacy<\/title>\n<meta name=\"description\" content=\"Farmacia en l\u00ednea alemana registrada. Ofrecemos: env\u00edo r\u00e1pido a todo el mundo y servicio de primera. WALA Gentiana Est\u00f3mago Globuli velata (20g)\" \/>\n<meta name=\"robots\" content=\"noindex, follow, max-snippet:-1, max-image-preview:large, max-video-preview:-1\" \/>\n<meta property=\"og:locale\" content=\"es_ES\" \/>\n<meta property=\"og:type\" content=\"article\" \/>\n<meta property=\"og:title\" content=\"WALA Gentiana Est\u00f3mago Globuli velata (20g) &#187; Descubre m\u00e1s en Lion Pharmacy\" \/>\n<meta property=\"og:description\" content=\"Farmacia en l\u00ednea alemana registrada. Ofrecemos: env\u00edo r\u00e1pido a todo el mundo y servicio de primera. WALA Gentiana Est\u00f3mago Globuli velata (20g)\" \/>\n<meta property=\"og:url\" content=\"https:\/\/loewentestneu.metafex.io\/es\/producto\/wala-gentiana-stomach-globuli-velata-20g\" \/>\n<meta property=\"og:site_name\" content=\"Lion Pharmacy\" \/>\n<meta property=\"article:modified_time\" content=\"2025-01-25T11:42:37+00:00\" \/>\n<meta property=\"og:image\" content=\"https:\/\/loewentestneu.metafex.io\/wp-content\/uploads\/2024\/12\/Wala-Gentiana-Stomach-Globuli-Lions-Pharmacy-PZN-00081441.webp\" \/>\n\t<meta property=\"og:image:width\" content=\"600\" \/>\n\t<meta property=\"og:image:height\" content=\"600\" \/>\n\t<meta property=\"og:image:type\" content=\"image\/webp\" \/>\n<meta name=\"twitter:card\" content=\"summary_large_image\" \/>\n<meta name=\"twitter:label1\" content=\"Tiempo de lectura\" \/>\n\t<meta name=\"twitter:data1\" content=\"1 minuto\" \/>\n<script type=\"application\/ld+json\" class=\"yoast-schema-graph\">{\"@context\":\"https:\/\/schema.org\",\"@graph\":[{\"@type\":\"WebPage\",\"@id\":\"https:\/\/loewentestneu.metafex.io\/es\/producto\/wala-gentiana-stomach-globuli-velata-20g\",\"url\":\"https:\/\/loewentestneu.metafex.io\/es\/producto\/wala-gentiana-stomach-globuli-velata-20g\",\"name\":\"WALA Gentiana Est\u00f3mago Globuli velata (20g) &#187; Descubre m\u00e1s en Lion Pharmacy\",\"isPartOf\":{\"@id\":\"https:\/\/loewentestneu.metafex.io\/es#website\"},\"primaryImageOfPage\":{\"@id\":\"https:\/\/loewentestneu.metafex.io\/es\/producto\/wala-gentiana-stomach-globuli-velata-20g#primaryimage\"},\"image\":{\"@id\":\"https:\/\/loewentestneu.metafex.io\/es\/producto\/wala-gentiana-stomach-globuli-velata-20g#primaryimage\"},\"thumbnailUrl\":\"https:\/\/loewentestneu.metafex.io\/wp-content\/uploads\/2024\/12\/Wala-Gentiana-Stomach-Globuli-Lions-Pharmacy-PZN-00081441.webp\",\"datePublished\":\"2024-12-13T07:20:46+00:00\",\"dateModified\":\"2025-01-25T11:42:37+00:00\",\"description\":\"Farmacia en l\u00ednea alemana registrada. Ofrecemos: env\u00edo r\u00e1pido a todo el mundo y servicio de primera. WALA Gentiana Est\u00f3mago Globuli velata (20g)\",\"breadcrumb\":{\"@id\":\"https:\/\/loewentestneu.metafex.io\/es\/producto\/wala-gentiana-stomach-globuli-velata-20g#breadcrumb\"},\"inLanguage\":\"es\",\"potentialAction\":[{\"@type\":\"ReadAction\",\"target\":[\"https:\/\/loewentestneu.metafex.io\/es\/producto\/wala-gentiana-stomach-globuli-velata-20g\"]}]},{\"@type\":\"ImageObject\",\"inLanguage\":\"es\",\"@id\":\"https:\/\/loewentestneu.metafex.io\/es\/producto\/wala-gentiana-stomach-globuli-velata-20g#primaryimage\",\"url\":\"https:\/\/loewentestneu.metafex.io\/wp-content\/uploads\/2024\/12\/Wala-Gentiana-Stomach-Globuli-Lions-Pharmacy-PZN-00081441.webp\",\"contentUrl\":\"https:\/\/loewentestneu.metafex.io\/wp-content\/uploads\/2024\/12\/Wala-Gentiana-Stomach-Globuli-Lions-Pharmacy-PZN-00081441.webp\",\"width\":600,\"height\":600,\"caption\":\"La imagen muestra los gl\u00f3bulos estomacales de Wala Gentiana. Farmacia Leones. PZN 00081441\"},{\"@type\":\"BreadcrumbList\",\"@id\":\"https:\/\/loewentestneu.metafex.io\/es\/producto\/wala-gentiana-stomach-globuli-velata-20g#breadcrumb\",\"itemListElement\":[{\"@type\":\"ListItem\",\"position\":1,\"name\":\"Home\",\"item\":\"https:\/\/loewentestneu.metafex.io\/es\/homepage-lion-pharmacy\"},{\"@type\":\"ListItem\",\"position\":2,\"name\":\"Shop\",\"item\":\"https:\/\/loewentestneu.metafex.io\/es\/tienda\"},{\"@type\":\"ListItem\",\"position\":3,\"name\":\"WALA Gentiana Est\u00f3mago Globuli velata (20g)\"}]},{\"@type\":\"WebSite\",\"@id\":\"https:\/\/loewentestneu.metafex.io\/es#website\",\"url\":\"https:\/\/loewentestneu.metafex.io\/es\",\"name\":\"Lions Pharmacy\",\"description\":\"Farmacia especializada en naturopat\u00eda de Baden-Baden, Alemania\",\"publisher\":{\"@id\":\"https:\/\/loewentestneu.metafex.io\/es#organization\"},\"alternateName\":\"Lion Pharmacy\",\"potentialAction\":[{\"@type\":\"SearchAction\",\"target\":{\"@type\":\"EntryPoint\",\"urlTemplate\":\"https:\/\/loewentestneu.metafex.io\/es?s={search_term_string}\"},\"query-input\":{\"@type\":\"PropertyValueSpecification\",\"valueRequired\":true,\"valueName\":\"search_term_string\"}}],\"inLanguage\":\"es\"},{\"@type\":\"Organization\",\"@id\":\"https:\/\/loewentestneu.metafex.io\/es#organization\",\"name\":\"Lions Pharmacy\",\"alternateName\":\"Lions Pharmacy24\",\"url\":\"https:\/\/loewentestneu.metafex.io\/es\",\"logo\":{\"@type\":\"ImageObject\",\"inLanguage\":\"es\",\"@id\":\"https:\/\/loewentestneu.metafex.io\/es#\/schema\/logo\/image\/\",\"url\":\"https:\/\/loewentestneu.metafex.io\/wp-content\/uploads\/2022\/12\/Logo-Lion-Pharmacy-c-o-Loewen-Apotheke-smal.jpg\",\"contentUrl\":\"https:\/\/loewentestneu.metafex.io\/wp-content\/uploads\/2022\/12\/Logo-Lion-Pharmacy-c-o-Loewen-Apotheke-smal.jpg\",\"width\":298,\"height\":99,\"caption\":\"Lions Pharmacy\"},\"image\":{\"@id\":\"https:\/\/loewentestneu.metafex.io\/es#\/schema\/logo\/image\/\"}}]}<\/script>\n<!-- \/ Yoast SEO plugin. -->","yoast_head_json":{"title":"WALA Gentiana Est\u00f3mago Globuli velata (20g) &#187; Descubre m\u00e1s en Lion Pharmacy","description":"Farmacia en l\u00ednea alemana registrada. Ofrecemos: env\u00edo r\u00e1pido a todo el mundo y servicio de primera. WALA Gentiana Est\u00f3mago Globuli velata (20g)","robots":{"index":"noindex","follow":"follow","max-snippet":"max-snippet:-1","max-image-preview":"max-image-preview:large","max-video-preview":"max-video-preview:-1"},"og_locale":"es_ES","og_type":"article","og_title":"WALA Gentiana Est\u00f3mago Globuli velata (20g) &#187; Descubre m\u00e1s en Lion Pharmacy","og_description":"Farmacia en l\u00ednea alemana registrada. Ofrecemos: env\u00edo r\u00e1pido a todo el mundo y servicio de primera. WALA Gentiana Est\u00f3mago Globuli velata (20g)","og_url":"https:\/\/loewentestneu.metafex.io\/es\/producto\/wala-gentiana-stomach-globuli-velata-20g","og_site_name":"Lion Pharmacy","article_modified_time":"2025-01-25T11:42:37+00:00","og_image":[{"width":600,"height":600,"url":"https:\/\/loewentestneu.metafex.io\/wp-content\/uploads\/2024\/12\/Wala-Gentiana-Stomach-Globuli-Lions-Pharmacy-PZN-00081441.webp","type":"image\/webp"}],"twitter_card":"summary_large_image","twitter_misc":{"Tiempo de lectura":"1 minuto"},"schema":{"@context":"https:\/\/schema.org","@graph":[{"@type":"WebPage","@id":"https:\/\/loewentestneu.metafex.io\/es\/producto\/wala-gentiana-stomach-globuli-velata-20g","url":"https:\/\/loewentestneu.metafex.io\/es\/producto\/wala-gentiana-stomach-globuli-velata-20g","name":"WALA Gentiana Est\u00f3mago Globuli velata (20g) &#187; Descubre m\u00e1s en Lion Pharmacy","isPartOf":{"@id":"https:\/\/loewentestneu.metafex.io\/es#website"},"primaryImageOfPage":{"@id":"https:\/\/loewentestneu.metafex.io\/es\/producto\/wala-gentiana-stomach-globuli-velata-20g#primaryimage"},"image":{"@id":"https:\/\/loewentestneu.metafex.io\/es\/producto\/wala-gentiana-stomach-globuli-velata-20g#primaryimage"},"thumbnailUrl":"https:\/\/loewentestneu.metafex.io\/wp-content\/uploads\/2024\/12\/Wala-Gentiana-Stomach-Globuli-Lions-Pharmacy-PZN-00081441.webp","datePublished":"2024-12-13T07:20:46+00:00","dateModified":"2025-01-25T11:42:37+00:00","description":"Farmacia en l\u00ednea alemana registrada. Ofrecemos: env\u00edo r\u00e1pido a todo el mundo y servicio de primera. WALA Gentiana Est\u00f3mago Globuli velata (20g)","breadcrumb":{"@id":"https:\/\/loewentestneu.metafex.io\/es\/producto\/wala-gentiana-stomach-globuli-velata-20g#breadcrumb"},"inLanguage":"es","potentialAction":[{"@type":"ReadAction","target":["https:\/\/loewentestneu.metafex.io\/es\/producto\/wala-gentiana-stomach-globuli-velata-20g"]}]},{"@type":"ImageObject","inLanguage":"es","@id":"https:\/\/loewentestneu.metafex.io\/es\/producto\/wala-gentiana-stomach-globuli-velata-20g#primaryimage","url":"https:\/\/loewentestneu.metafex.io\/wp-content\/uploads\/2024\/12\/Wala-Gentiana-Stomach-Globuli-Lions-Pharmacy-PZN-00081441.webp","contentUrl":"https:\/\/loewentestneu.metafex.io\/wp-content\/uploads\/2024\/12\/Wala-Gentiana-Stomach-Globuli-Lions-Pharmacy-PZN-00081441.webp","width":600,"height":600,"caption":"La imagen muestra los gl\u00f3bulos estomacales de Wala Gentiana. Farmacia Leones. PZN 00081441"},{"@type":"BreadcrumbList","@id":"https:\/\/loewentestneu.metafex.io\/es\/producto\/wala-gentiana-stomach-globuli-velata-20g#breadcrumb","itemListElement":[{"@type":"ListItem","position":1,"name":"Home","item":"https:\/\/loewentestneu.metafex.io\/es\/homepage-lion-pharmacy"},{"@type":"ListItem","position":2,"name":"Shop","item":"https:\/\/loewentestneu.metafex.io\/es\/tienda"},{"@type":"ListItem","position":3,"name":"WALA Gentiana Est\u00f3mago Globuli velata (20g)"}]},{"@type":"WebSite","@id":"https:\/\/loewentestneu.metafex.io\/es#website","url":"https:\/\/loewentestneu.metafex.io\/es","name":"Lions Pharmacy","description":"Farmacia especializada en naturopat\u00eda de Baden-Baden, Alemania","publisher":{"@id":"https:\/\/loewentestneu.metafex.io\/es#organization"},"alternateName":"Lion Pharmacy","potentialAction":[{"@type":"SearchAction","target":{"@type":"EntryPoint","urlTemplate":"https:\/\/loewentestneu.metafex.io\/es?s={search_term_string}"},"query-input":{"@type":"PropertyValueSpecification","valueRequired":true,"valueName":"search_term_string"}}],"inLanguage":"es"},{"@type":"Organization","@id":"https:\/\/loewentestneu.metafex.io\/es#organization","name":"Lions Pharmacy","alternateName":"Lions Pharmacy24","url":"https:\/\/loewentestneu.metafex.io\/es","logo":{"@type":"ImageObject","inLanguage":"es","@id":"https:\/\/loewentestneu.metafex.io\/es#\/schema\/logo\/image\/","url":"https:\/\/loewentestneu.metafex.io\/wp-content\/uploads\/2022\/12\/Logo-Lion-Pharmacy-c-o-Loewen-Apotheke-smal.jpg","contentUrl":"https:\/\/loewentestneu.metafex.io\/wp-content\/uploads\/2022\/12\/Logo-Lion-Pharmacy-c-o-Loewen-Apotheke-smal.jpg","width":298,"height":99,"caption":"Lions Pharmacy"},"image":{"@id":"https:\/\/loewentestneu.metafex.io\/es#\/schema\/logo\/image\/"}}]}},"_links":{"self":[{"href":"https:\/\/loewentestneu.metafex.io\/es\/wp-json\/wp\/v2\/product\/7535","targetHints":{"allow":["GET"]}}],"collection":[{"href":"https:\/\/loewentestneu.metafex.io\/es\/wp-json\/wp\/v2\/product"}],"about":[{"href":"https:\/\/loewentestneu.metafex.io\/es\/wp-json\/wp\/v2\/types\/product"}],"replies":[{"embeddable":true,"href":"https:\/\/loewentestneu.metafex.io\/es\/wp-json\/wp\/v2\/comments?post=7535"}],"wp:featuredmedia":[{"embeddable":true,"href":"https:\/\/loewentestneu.metafex.io\/es\/wp-json\/wp\/v2\/media\/7479"}],"wp:attachment":[{"href":"https:\/\/loewentestneu.metafex.io\/es\/wp-json\/wp\/v2\/media?parent=7535"}],"wp:term":[{"taxonomy":"product_brand","embeddable":true,"href":"https:\/\/loewentestneu.metafex.io\/es\/wp-json\/wp\/v2\/product_brand?post=7535"},{"taxonomy":"product_cat","embeddable":true,"href":"https:\/\/loewentestneu.metafex.io\/es\/wp-json\/wp\/v2\/product_cat?post=7535"},{"taxonomy":"product_tag","embeddable":true,"href":"https:\/\/loewentestneu.metafex.io\/es\/wp-json\/wp\/v2\/product_tag?post=7535"}],"curies":[{"name":"wp","href":"https:\/\/api.w.org\/{rel}","templated":true}]}}