{"id":7547,"date":"2024-12-13T12:11:18","date_gmt":"2024-12-13T11:11:18","guid":{"rendered":"https:\/\/lions-pharmacy.com\/?post_type=product&#038;p=7547"},"modified":"2025-01-25T09:32:33","modified_gmt":"2025-01-25T08:32:33","slug":"pure-encapsulations-l-tyrosin-capsoules-90-pcs-02823912","status":"publish","type":"product","link":"https:\/\/loewentestneu.metafex.io\/es\/producto\/pure-encapsulations-l-tyrosin-capsoules-90-pcs-02823912","title":{"rendered":"Pure Encapsulations L-tirosina Capsoules (90 uds.)"},"content":{"rendered":"<h3>Pure Encapsulations L-tirosina Capsoules<\/h3>\n<p>Pure Encapsulations La L-tirosina contiene 500 mg de L-tirosina, que es un amino\u00e1cido semiesencial que el cuerpo necesita para diversos procesos. Los amino\u00e1cidos sirven como bloques de construcci\u00f3n para las sustancias propias del cuerpo, por ejemplo, las prote\u00ednas B. Adem\u00e1s, est\u00e1n involucrados en una variedad de otros procesos en nuestro organismo. Las c\u00e1psulas de L-tirosina de Pure Encapsulations\u00ae le proporcionan 500 mg de L-tirosina por dosis diaria.<\/p>\n<p>Efecto: La L-tirosina es un amino\u00e1cido llamado semiesencial. Esto significa que su cuerpo generalmente puede producirlos \u00e9l mismo a partir de otros amino\u00e1cidos esenciales. Sin embargo, tienes que cubrir tu necesidad de amino\u00e1cidos esenciales a trav\u00e9s de tu dieta. Por lo tanto, si consume suficiente fenilalanina en su dieta, su cuerpo puede usarla para producir el amino\u00e1cido L-tirosina.<\/p>\n<p>Prospecto\/instrucciones de uso\/ficha t\u00e9cnica del art\u00edculo: \u2013 (Lector de PDF)<\/p>\n<p>Otros productos para la aplicaci\u00f3n: <a href=\"https:\/\/loewentestneu.metafex.io\/product-tag\/homeopathy\" rel=\"tag\">Homeopat\u00eda<\/a> | <a href=\"https:\/\/loewentestneu.metafex.io\/product-tag\/virus-infection\" rel=\"tag\">Infecci\u00f3n por virus<\/a> | <a href=\"https:\/\/loewentestneu.metafex.io\/product-tag\/vitamins-supplements\">Vitaminas y suplementos Productos<\/a><\/p>\n<p>M\u00e1s informaci\u00f3n sobre el fabricante y este producto: <a href=\"https:\/\/www.purecaps.net\/\" target=\"_blank\" rel=\"noopener\">Pure Encapsulations Pro Medico GmbH<\/a> (enlace a la p\u00e1gina web externa)<\/p>\n<p>La informaci\u00f3n contenida en este sitio web se facilita \u00fanicamente con fines informativos. En ning\u00fan caso sustituyen al examen y tratamiento por un m\u00e9dico. Tenga en cuenta que esto significa que no se pueden hacer diagn\u00f3sticos ni iniciar terapias.<\/p>\n<p>Para conocer los riesgos y efectos secundarios, lea el prospecto y consulte a su m\u00e9dico o farmac\u00e9utico.<\/p>\n<p>&nbsp;<\/p>\n<h3>Prescripci\u00f3n | \u00bfReceta electr\u00f3nica disponible?<\/h3>\n<p>Env\u00ede su receta electr\u00f3nica ahora. Utilice nuestra aplicaci\u00f3n <a href=\"https:\/\/e-rezept-app.de\/shop-rezept\" target=\"_blank\" rel=\"noopener\">de recetas electr\u00f3nicas<\/a> . \u00a1Y te damos los gastos de env\u00edo gratis en Alemania!<\/p>\n","protected":false},"excerpt":{"rendered":"<h2>Pure Encapsulations L-tirosina Capsoules<\/h2>\n<p>La L-tirosina es un amino\u00e1cido semiesencial que el cuerpo necesita para diversos procesos.<\/p>\n<p>&nbsp;<\/p>\n<p><strong>PZN<\/strong>: 02823912<\/p>\n<p><strong>Forma farmac\u00e9utica<\/strong>: Capsoules<\/p>\n<p><strong>Tama\u00f1o del paquete<\/strong>: 90 piezas.<\/p>\n<p><strong>Tipo de receta:<\/strong> sin receta<\/p>\n<p><strong>Marca<\/strong>: Pure Encapsulations<\/p>\n<p><strong>Fabricante<\/strong>: Pro Medico GmbH, Alemania<\/p>\n","protected":false},"featured_media":7553,"comment_status":"closed","ping_status":"closed","template":"","meta":[],"product_brand":[],"product_cat":[116],"product_tag":[274,273,492,308,237,490,275,488,272],"class_list":{"0":"post-7547","1":"product","2":"type-product","3":"status-publish","4":"has-post-thumbnail","6":"product_cat-sin-categorizar","7":"product_tag-bienestar","8":"product_tag-control-de-peso","9":"product_tag-gripe-y-resfriado","10":"product_tag-homeopatia","11":"product_tag-infeccion-virica","12":"product_tag-ingrediente-activo-a-base-de-hierbas","13":"product_tag-peso-y-forma-fisica","14":"product_tag-remedios-naturales","15":"product_tag-vitaminas-y-suplementos","16":"ts_product_brand-all-es","17":"ts_product_brand-pure-encapsulations-es","19":"first","20":"outofstock","21":"sale","22":"taxable","23":"shipping-taxable","24":"purchasable","25":"product-type-simple"},"yoast_head":"<!-- This site is optimized with the Yoast SEO plugin v26.5 - https:\/\/yoast.com\/wordpress\/plugins\/seo\/ -->\n<title>Pure Encapsulations L-tirosina Capsoules (90 uds.) &#187; Descubre m\u00e1s<\/title>\n<meta name=\"description\" content=\"Farmacia en l\u00ednea alemana registrada. Ofrecemos: env\u00edo r\u00e1pido a todo el mundo y servicio de primera. Pure Encapsulations L-tirosina Capsoules (90 uds.)\" \/>\n<meta name=\"robots\" content=\"noindex, follow, max-snippet:-1, max-image-preview:large, max-video-preview:-1\" \/>\n<meta property=\"og:locale\" content=\"es_ES\" \/>\n<meta property=\"og:type\" content=\"article\" \/>\n<meta property=\"og:title\" content=\"Pure Encapsulations L-tirosina Capsoules (90 uds.) &#187; Descubre m\u00e1s\" \/>\n<meta property=\"og:description\" content=\"Farmacia en l\u00ednea alemana registrada. Ofrecemos: env\u00edo r\u00e1pido a todo el mundo y servicio de primera. Pure Encapsulations L-tirosina Capsoules (90 uds.)\" \/>\n<meta property=\"og:url\" content=\"https:\/\/loewentestneu.metafex.io\/es\/producto\/pure-encapsulations-l-tyrosin-capsoules-90-pcs-02823912\" \/>\n<meta property=\"og:site_name\" content=\"Lion Pharmacy\" \/>\n<meta property=\"article:modified_time\" content=\"2025-01-25T08:32:33+00:00\" \/>\n<meta property=\"og:image\" content=\"https:\/\/loewentestneu.metafex.io\/wp-content\/uploads\/2024\/12\/Pure-Encapsulations-L-Tyrosin-Capsoules.-PZN-02823912.-Lions-Pharmacy.webp\" \/>\n\t<meta property=\"og:image:width\" content=\"600\" \/>\n\t<meta property=\"og:image:height\" content=\"600\" \/>\n\t<meta property=\"og:image:type\" content=\"image\/webp\" \/>\n<meta name=\"twitter:card\" content=\"summary_large_image\" \/>\n<meta name=\"twitter:label1\" content=\"Tiempo de lectura\" \/>\n\t<meta name=\"twitter:data1\" content=\"1 minuto\" \/>\n<script type=\"application\/ld+json\" class=\"yoast-schema-graph\">{\"@context\":\"https:\/\/schema.org\",\"@graph\":[{\"@type\":\"WebPage\",\"@id\":\"https:\/\/loewentestneu.metafex.io\/es\/producto\/pure-encapsulations-l-tyrosin-capsoules-90-pcs-02823912\",\"url\":\"https:\/\/loewentestneu.metafex.io\/es\/producto\/pure-encapsulations-l-tyrosin-capsoules-90-pcs-02823912\",\"name\":\"Pure Encapsulations L-tirosina Capsoules (90 uds.) &#187; Descubre m\u00e1s\",\"isPartOf\":{\"@id\":\"https:\/\/loewentestneu.metafex.io\/es#website\"},\"primaryImageOfPage\":{\"@id\":\"https:\/\/loewentestneu.metafex.io\/es\/producto\/pure-encapsulations-l-tyrosin-capsoules-90-pcs-02823912#primaryimage\"},\"image\":{\"@id\":\"https:\/\/loewentestneu.metafex.io\/es\/producto\/pure-encapsulations-l-tyrosin-capsoules-90-pcs-02823912#primaryimage\"},\"thumbnailUrl\":\"https:\/\/loewentestneu.metafex.io\/wp-content\/uploads\/2024\/12\/Pure-Encapsulations-L-Tyrosin-Capsoules.-PZN-02823912.-Lions-Pharmacy.webp\",\"datePublished\":\"2024-12-13T11:11:18+00:00\",\"dateModified\":\"2025-01-25T08:32:33+00:00\",\"description\":\"Farmacia en l\u00ednea alemana registrada. Ofrecemos: env\u00edo r\u00e1pido a todo el mundo y servicio de primera. Pure Encapsulations L-tirosina Capsoules (90 uds.)\",\"breadcrumb\":{\"@id\":\"https:\/\/loewentestneu.metafex.io\/es\/producto\/pure-encapsulations-l-tyrosin-capsoules-90-pcs-02823912#breadcrumb\"},\"inLanguage\":\"es\",\"potentialAction\":[{\"@type\":\"ReadAction\",\"target\":[\"https:\/\/loewentestneu.metafex.io\/es\/producto\/pure-encapsulations-l-tyrosin-capsoules-90-pcs-02823912\"]}]},{\"@type\":\"ImageObject\",\"inLanguage\":\"es\",\"@id\":\"https:\/\/loewentestneu.metafex.io\/es\/producto\/pure-encapsulations-l-tyrosin-capsoules-90-pcs-02823912#primaryimage\",\"url\":\"https:\/\/loewentestneu.metafex.io\/wp-content\/uploads\/2024\/12\/Pure-Encapsulations-L-Tyrosin-Capsoules.-PZN-02823912.-Lions-Pharmacy.webp\",\"contentUrl\":\"https:\/\/loewentestneu.metafex.io\/wp-content\/uploads\/2024\/12\/Pure-Encapsulations-L-Tyrosin-Capsoules.-PZN-02823912.-Lions-Pharmacy.webp\",\"width\":600,\"height\":600,\"caption\":\"La imagen muestra encapsulaciones puras de L-tirosina Capsoules. PZN 02823912. Leones-Farmacia\"},{\"@type\":\"BreadcrumbList\",\"@id\":\"https:\/\/loewentestneu.metafex.io\/es\/producto\/pure-encapsulations-l-tyrosin-capsoules-90-pcs-02823912#breadcrumb\",\"itemListElement\":[{\"@type\":\"ListItem\",\"position\":1,\"name\":\"Home\",\"item\":\"https:\/\/loewentestneu.metafex.io\/es\/homepage-lion-pharmacy\"},{\"@type\":\"ListItem\",\"position\":2,\"name\":\"Shop\",\"item\":\"https:\/\/loewentestneu.metafex.io\/es\/tienda\"},{\"@type\":\"ListItem\",\"position\":3,\"name\":\"Pure Encapsulations L-tirosina Capsoules (90 uds.)\"}]},{\"@type\":\"WebSite\",\"@id\":\"https:\/\/loewentestneu.metafex.io\/es#website\",\"url\":\"https:\/\/loewentestneu.metafex.io\/es\",\"name\":\"Lions Pharmacy\",\"description\":\"Farmacia especializada en naturopat\u00eda de Baden-Baden, Alemania\",\"publisher\":{\"@id\":\"https:\/\/loewentestneu.metafex.io\/es#organization\"},\"alternateName\":\"Lion Pharmacy\",\"potentialAction\":[{\"@type\":\"SearchAction\",\"target\":{\"@type\":\"EntryPoint\",\"urlTemplate\":\"https:\/\/loewentestneu.metafex.io\/es?s={search_term_string}\"},\"query-input\":{\"@type\":\"PropertyValueSpecification\",\"valueRequired\":true,\"valueName\":\"search_term_string\"}}],\"inLanguage\":\"es\"},{\"@type\":\"Organization\",\"@id\":\"https:\/\/loewentestneu.metafex.io\/es#organization\",\"name\":\"Lions Pharmacy\",\"alternateName\":\"Lions Pharmacy24\",\"url\":\"https:\/\/loewentestneu.metafex.io\/es\",\"logo\":{\"@type\":\"ImageObject\",\"inLanguage\":\"es\",\"@id\":\"https:\/\/loewentestneu.metafex.io\/es#\/schema\/logo\/image\/\",\"url\":\"https:\/\/loewentestneu.metafex.io\/wp-content\/uploads\/2022\/12\/Logo-Lion-Pharmacy-c-o-Loewen-Apotheke-smal.jpg\",\"contentUrl\":\"https:\/\/loewentestneu.metafex.io\/wp-content\/uploads\/2022\/12\/Logo-Lion-Pharmacy-c-o-Loewen-Apotheke-smal.jpg\",\"width\":298,\"height\":99,\"caption\":\"Lions Pharmacy\"},\"image\":{\"@id\":\"https:\/\/loewentestneu.metafex.io\/es#\/schema\/logo\/image\/\"}}]}<\/script>\n<!-- \/ Yoast SEO plugin. -->","yoast_head_json":{"title":"Pure Encapsulations L-tirosina Capsoules (90 uds.) &#187; Descubre m\u00e1s","description":"Farmacia en l\u00ednea alemana registrada. Ofrecemos: env\u00edo r\u00e1pido a todo el mundo y servicio de primera. Pure Encapsulations L-tirosina Capsoules (90 uds.)","robots":{"index":"noindex","follow":"follow","max-snippet":"max-snippet:-1","max-image-preview":"max-image-preview:large","max-video-preview":"max-video-preview:-1"},"og_locale":"es_ES","og_type":"article","og_title":"Pure Encapsulations L-tirosina Capsoules (90 uds.) &#187; Descubre m\u00e1s","og_description":"Farmacia en l\u00ednea alemana registrada. Ofrecemos: env\u00edo r\u00e1pido a todo el mundo y servicio de primera. Pure Encapsulations L-tirosina Capsoules (90 uds.)","og_url":"https:\/\/loewentestneu.metafex.io\/es\/producto\/pure-encapsulations-l-tyrosin-capsoules-90-pcs-02823912","og_site_name":"Lion Pharmacy","article_modified_time":"2025-01-25T08:32:33+00:00","og_image":[{"width":600,"height":600,"url":"https:\/\/loewentestneu.metafex.io\/wp-content\/uploads\/2024\/12\/Pure-Encapsulations-L-Tyrosin-Capsoules.-PZN-02823912.-Lions-Pharmacy.webp","type":"image\/webp"}],"twitter_card":"summary_large_image","twitter_misc":{"Tiempo de lectura":"1 minuto"},"schema":{"@context":"https:\/\/schema.org","@graph":[{"@type":"WebPage","@id":"https:\/\/loewentestneu.metafex.io\/es\/producto\/pure-encapsulations-l-tyrosin-capsoules-90-pcs-02823912","url":"https:\/\/loewentestneu.metafex.io\/es\/producto\/pure-encapsulations-l-tyrosin-capsoules-90-pcs-02823912","name":"Pure Encapsulations L-tirosina Capsoules (90 uds.) &#187; Descubre m\u00e1s","isPartOf":{"@id":"https:\/\/loewentestneu.metafex.io\/es#website"},"primaryImageOfPage":{"@id":"https:\/\/loewentestneu.metafex.io\/es\/producto\/pure-encapsulations-l-tyrosin-capsoules-90-pcs-02823912#primaryimage"},"image":{"@id":"https:\/\/loewentestneu.metafex.io\/es\/producto\/pure-encapsulations-l-tyrosin-capsoules-90-pcs-02823912#primaryimage"},"thumbnailUrl":"https:\/\/loewentestneu.metafex.io\/wp-content\/uploads\/2024\/12\/Pure-Encapsulations-L-Tyrosin-Capsoules.-PZN-02823912.-Lions-Pharmacy.webp","datePublished":"2024-12-13T11:11:18+00:00","dateModified":"2025-01-25T08:32:33+00:00","description":"Farmacia en l\u00ednea alemana registrada. Ofrecemos: env\u00edo r\u00e1pido a todo el mundo y servicio de primera. Pure Encapsulations L-tirosina Capsoules (90 uds.)","breadcrumb":{"@id":"https:\/\/loewentestneu.metafex.io\/es\/producto\/pure-encapsulations-l-tyrosin-capsoules-90-pcs-02823912#breadcrumb"},"inLanguage":"es","potentialAction":[{"@type":"ReadAction","target":["https:\/\/loewentestneu.metafex.io\/es\/producto\/pure-encapsulations-l-tyrosin-capsoules-90-pcs-02823912"]}]},{"@type":"ImageObject","inLanguage":"es","@id":"https:\/\/loewentestneu.metafex.io\/es\/producto\/pure-encapsulations-l-tyrosin-capsoules-90-pcs-02823912#primaryimage","url":"https:\/\/loewentestneu.metafex.io\/wp-content\/uploads\/2024\/12\/Pure-Encapsulations-L-Tyrosin-Capsoules.-PZN-02823912.-Lions-Pharmacy.webp","contentUrl":"https:\/\/loewentestneu.metafex.io\/wp-content\/uploads\/2024\/12\/Pure-Encapsulations-L-Tyrosin-Capsoules.-PZN-02823912.-Lions-Pharmacy.webp","width":600,"height":600,"caption":"La imagen muestra encapsulaciones puras de L-tirosina Capsoules. PZN 02823912. Leones-Farmacia"},{"@type":"BreadcrumbList","@id":"https:\/\/loewentestneu.metafex.io\/es\/producto\/pure-encapsulations-l-tyrosin-capsoules-90-pcs-02823912#breadcrumb","itemListElement":[{"@type":"ListItem","position":1,"name":"Home","item":"https:\/\/loewentestneu.metafex.io\/es\/homepage-lion-pharmacy"},{"@type":"ListItem","position":2,"name":"Shop","item":"https:\/\/loewentestneu.metafex.io\/es\/tienda"},{"@type":"ListItem","position":3,"name":"Pure Encapsulations L-tirosina Capsoules (90 uds.)"}]},{"@type":"WebSite","@id":"https:\/\/loewentestneu.metafex.io\/es#website","url":"https:\/\/loewentestneu.metafex.io\/es","name":"Lions Pharmacy","description":"Farmacia especializada en naturopat\u00eda de Baden-Baden, Alemania","publisher":{"@id":"https:\/\/loewentestneu.metafex.io\/es#organization"},"alternateName":"Lion Pharmacy","potentialAction":[{"@type":"SearchAction","target":{"@type":"EntryPoint","urlTemplate":"https:\/\/loewentestneu.metafex.io\/es?s={search_term_string}"},"query-input":{"@type":"PropertyValueSpecification","valueRequired":true,"valueName":"search_term_string"}}],"inLanguage":"es"},{"@type":"Organization","@id":"https:\/\/loewentestneu.metafex.io\/es#organization","name":"Lions Pharmacy","alternateName":"Lions Pharmacy24","url":"https:\/\/loewentestneu.metafex.io\/es","logo":{"@type":"ImageObject","inLanguage":"es","@id":"https:\/\/loewentestneu.metafex.io\/es#\/schema\/logo\/image\/","url":"https:\/\/loewentestneu.metafex.io\/wp-content\/uploads\/2022\/12\/Logo-Lion-Pharmacy-c-o-Loewen-Apotheke-smal.jpg","contentUrl":"https:\/\/loewentestneu.metafex.io\/wp-content\/uploads\/2022\/12\/Logo-Lion-Pharmacy-c-o-Loewen-Apotheke-smal.jpg","width":298,"height":99,"caption":"Lions Pharmacy"},"image":{"@id":"https:\/\/loewentestneu.metafex.io\/es#\/schema\/logo\/image\/"}}]}},"_links":{"self":[{"href":"https:\/\/loewentestneu.metafex.io\/es\/wp-json\/wp\/v2\/product\/7547","targetHints":{"allow":["GET"]}}],"collection":[{"href":"https:\/\/loewentestneu.metafex.io\/es\/wp-json\/wp\/v2\/product"}],"about":[{"href":"https:\/\/loewentestneu.metafex.io\/es\/wp-json\/wp\/v2\/types\/product"}],"replies":[{"embeddable":true,"href":"https:\/\/loewentestneu.metafex.io\/es\/wp-json\/wp\/v2\/comments?post=7547"}],"wp:featuredmedia":[{"embeddable":true,"href":"https:\/\/loewentestneu.metafex.io\/es\/wp-json\/wp\/v2\/media\/7553"}],"wp:attachment":[{"href":"https:\/\/loewentestneu.metafex.io\/es\/wp-json\/wp\/v2\/media?parent=7547"}],"wp:term":[{"taxonomy":"product_brand","embeddable":true,"href":"https:\/\/loewentestneu.metafex.io\/es\/wp-json\/wp\/v2\/product_brand?post=7547"},{"taxonomy":"product_cat","embeddable":true,"href":"https:\/\/loewentestneu.metafex.io\/es\/wp-json\/wp\/v2\/product_cat?post=7547"},{"taxonomy":"product_tag","embeddable":true,"href":"https:\/\/loewentestneu.metafex.io\/es\/wp-json\/wp\/v2\/product_tag?post=7547"}],"curies":[{"name":"wp","href":"https:\/\/api.w.org\/{rel}","templated":true}]}}