{"id":8027,"date":"2025-01-15T11:27:28","date_gmt":"2025-01-15T10:27:28","guid":{"rendered":"https:\/\/lions-pharmacy.com\/?post_type=product&#038;p=8027"},"modified":"2025-01-25T15:39:52","modified_gmt":"2025-01-25T14:39:52","slug":"allergostop-kit","status":"publish","type":"product","link":"https:\/\/loewentestneu.metafex.io\/es\/producto\/allergostop-kit","title":{"rendered":"Kit Allergostop"},"content":{"rendered":"<h2>Kit Allergostop<\/h2>\n<p>Los anticuerpos pat\u00f3genos de la sangre se alteran mediante la adici\u00f3n de un activador s\u00e9rico especial. De este modo, los anticuerpos, ahora enmascarados, se convierten en ant\u00edgeno y, tras la reinyecci\u00f3n, desencadenan una respuesta inmunitaria. Los anticuerpos se forman contra los anticuerpos existentes y reducen la formaci\u00f3n de anticuerpos espec\u00edficos de la enfermedad, a menudo de forma permanente. La muestra de sangre, la serie de diluci\u00f3n lista para usar y la reinyecci\u00f3n son realizadas por su terapeuta durante y durante la etapa aguda de una enfermedad.<\/p>\n<p>Kit Allergostop compuesto por:<\/p>\n<ul>\n<li>1 x Activador de Suero Vital<\/li>\n<li>8 x Vial NaCl 0.9%<\/li>\n<li>1 x S-Monovettes, neutro, 9,0 ml<\/li>\n<li>1 x C\u00e1nulas Monovette<\/li>\n<li>1 x Jeringa 3ml (Omnifix)<\/li>\n<li>1 x Jeringa 1ml (Omnifix)<\/li>\n<li>9 x c\u00e1nulas, 0,80 x 40 mm (Sterican)<\/li>\n<li>1 x Desinfecci\u00f3n por pulverizaci\u00f3n<\/li>\n<li>9 x hisopos est\u00e9riles<\/li>\n<li>1 x Hoja de etiquetas<\/li>\n<li>1 x Instrucciones<\/li>\n<\/ul>\n<p>Prospecto\/instrucciones de uso\/ficha t\u00e9cnica del art\u00edculo: &#8211;<\/p>\n<p>Nombre del producto alternativo: Allergostop set<br \/>\nOtros productos para la aplicaci\u00f3n: <a href=\"https:\/\/loewentestneu.metafex.io\/produkt-kategorie\/vitorgan\">vitOrgan<\/a><br \/>\nM\u00e1s informaci\u00f3n sobre el fabricante y este producto: <a href=\"https:\/\/vitorgan.de\/en\/products\/\" target=\"_blank\" rel=\"noopener\">vitOrgan<\/a> (enlace externo)<\/p>\n<p>La informaci\u00f3n contenida en este sitio web se facilita \u00fanicamente con fines informativos. En ning\u00fan caso sustituyen al examen y tratamiento por un m\u00e9dico. Tenga en cuenta que esto significa que no se pueden hacer diagn\u00f3sticos ni iniciar terapias.<\/p>\n<p>Para conocer los riesgos y efectos secundarios, lea el prospecto y consulte a su m\u00e9dico o farmac\u00e9utico.<\/p>\n","protected":false},"excerpt":{"rendered":"<h2>Kit Allergostop<\/h2>\n<p>Allergostop-Kit: un producto sangu\u00edneo aut\u00f3logo homeop\u00e1tico para el tratamiento de alergias de tipo inmediato y enfermedades autoinmunes.<\/p>\n<p>&nbsp;<\/p>\n<p>PZN: 11485182<\/p>\n<p>Forma de dosificaci\u00f3n: Set<\/p>\n<p>Tipo de prescripci\u00f3n: sin receta<\/p>\n<p>Marca: vitOrgan<\/p>\n<p>Fabricante: vitOrgan GmbH &amp; Co.KG, Ostfildern, Alemania<\/p>\n<p>Tama\u00f1o del embalaje: 1<\/p>\n","protected":false},"featured_media":8033,"comment_status":"closed","ping_status":"closed","template":"","meta":[],"product_brand":[],"product_cat":[125,116,131],"product_tag":[262,308,311],"class_list":{"0":"post-8027","1":"product","2":"type-product","3":"status-publish","4":"has-post-thumbnail","6":"product_cat-sale-es","7":"product_cat-sin-categorizar","8":"product_cat-vitorgan-es","9":"product_tag-asma-y-alergias","10":"product_tag-homeopatia","11":"product_tag-venta-mensual","12":"ts_product_brand-all-es","13":"ts_product_brand-vitorgan-es","15":"first","16":"instock","17":"taxable","18":"shipping-taxable","19":"purchasable","20":"product-type-simple"},"yoast_head":"<!-- This site is optimized with the Yoast SEO plugin v26.5 - https:\/\/yoast.com\/wordpress\/plugins\/seo\/ -->\n<title>Kit Allergostop &#187; Ordene aqu\u00ed<\/title>\n<meta name=\"description\" content=\"Una farmacia en l\u00ednea alemana registrada. Ofrecemos: Env\u00edo internacional r\u00e1pido con DHL. Producto fabricado por vitOrgan | Kit Allergostop\" \/>\n<meta name=\"robots\" content=\"noindex, follow, max-snippet:-1, max-image-preview:large, max-video-preview:-1\" \/>\n<meta property=\"og:locale\" content=\"es_ES\" \/>\n<meta property=\"og:type\" content=\"article\" \/>\n<meta property=\"og:title\" content=\"Kit Allergostop &#187; Ordene aqu\u00ed\" \/>\n<meta property=\"og:description\" content=\"Una farmacia en l\u00ednea alemana registrada. Ofrecemos: Env\u00edo internacional r\u00e1pido con DHL. Producto fabricado por vitOrgan | Kit Allergostop\" \/>\n<meta property=\"og:url\" content=\"https:\/\/loewentestneu.metafex.io\/es\/producto\/allergostop-kit\" \/>\n<meta property=\"og:site_name\" content=\"Lion Pharmacy\" \/>\n<meta property=\"article:modified_time\" content=\"2025-01-25T14:39:52+00:00\" \/>\n<meta property=\"og:image\" content=\"https:\/\/loewentestneu.metafex.io\/wp-content\/uploads\/2025\/01\/Allergostop-Kit-von-vitOrgan-Arzneimittel.-PZN-11485182.-Lowen-Apotheke-Lions-Pharmacy.webp\" \/>\n\t<meta property=\"og:image:width\" content=\"600\" \/>\n\t<meta property=\"og:image:height\" content=\"600\" \/>\n\t<meta property=\"og:image:type\" content=\"image\/webp\" \/>\n<meta name=\"twitter:card\" content=\"summary_large_image\" \/>\n<meta name=\"twitter:label1\" content=\"Tiempo de lectura\" \/>\n\t<meta name=\"twitter:data1\" content=\"1 minuto\" \/>\n<script type=\"application\/ld+json\" class=\"yoast-schema-graph\">{\"@context\":\"https:\/\/schema.org\",\"@graph\":[{\"@type\":\"WebPage\",\"@id\":\"https:\/\/loewentestneu.metafex.io\/es\/producto\/allergostop-kit\",\"url\":\"https:\/\/loewentestneu.metafex.io\/es\/producto\/allergostop-kit\",\"name\":\"Kit Allergostop &#187; Ordene aqu\u00ed\",\"isPartOf\":{\"@id\":\"https:\/\/loewentestneu.metafex.io\/es#website\"},\"primaryImageOfPage\":{\"@id\":\"https:\/\/loewentestneu.metafex.io\/es\/producto\/allergostop-kit#primaryimage\"},\"image\":{\"@id\":\"https:\/\/loewentestneu.metafex.io\/es\/producto\/allergostop-kit#primaryimage\"},\"thumbnailUrl\":\"https:\/\/loewentestneu.metafex.io\/wp-content\/uploads\/2025\/01\/Allergostop-Kit-von-vitOrgan-Arzneimittel.-PZN-11485182.-Lowen-Apotheke-Lions-Pharmacy.webp\",\"datePublished\":\"2025-01-15T10:27:28+00:00\",\"dateModified\":\"2025-01-25T14:39:52+00:00\",\"description\":\"Una farmacia en l\u00ednea alemana registrada. Ofrecemos: Env\u00edo internacional r\u00e1pido con DHL. Producto fabricado por vitOrgan | Kit Allergostop\",\"breadcrumb\":{\"@id\":\"https:\/\/loewentestneu.metafex.io\/es\/producto\/allergostop-kit#breadcrumb\"},\"inLanguage\":\"es\",\"potentialAction\":[{\"@type\":\"ReadAction\",\"target\":[\"https:\/\/loewentestneu.metafex.io\/es\/producto\/allergostop-kit\"]}]},{\"@type\":\"ImageObject\",\"inLanguage\":\"es\",\"@id\":\"https:\/\/loewentestneu.metafex.io\/es\/producto\/allergostop-kit#primaryimage\",\"url\":\"https:\/\/loewentestneu.metafex.io\/wp-content\/uploads\/2025\/01\/Allergostop-Kit-von-vitOrgan-Arzneimittel.-PZN-11485182.-Lowen-Apotheke-Lions-Pharmacy.webp\",\"contentUrl\":\"https:\/\/loewentestneu.metafex.io\/wp-content\/uploads\/2025\/01\/Allergostop-Kit-von-vitOrgan-Arzneimittel.-PZN-11485182.-Lowen-Apotheke-Lions-Pharmacy.webp\",\"width\":600,\"height\":600,\"caption\":\"Allergostop-Kit von vitOrgan Arzneimittel. PZN 11485182. L\u00f6wen Apotheke - Farmacia de los Leones\"},{\"@type\":\"BreadcrumbList\",\"@id\":\"https:\/\/loewentestneu.metafex.io\/es\/producto\/allergostop-kit#breadcrumb\",\"itemListElement\":[{\"@type\":\"ListItem\",\"position\":1,\"name\":\"Home\",\"item\":\"https:\/\/loewentestneu.metafex.io\/es\/homepage-lion-pharmacy\"},{\"@type\":\"ListItem\",\"position\":2,\"name\":\"Shop\",\"item\":\"https:\/\/loewentestneu.metafex.io\/es\/tienda\"},{\"@type\":\"ListItem\",\"position\":3,\"name\":\"Kit Allergostop\"}]},{\"@type\":\"WebSite\",\"@id\":\"https:\/\/loewentestneu.metafex.io\/es#website\",\"url\":\"https:\/\/loewentestneu.metafex.io\/es\",\"name\":\"Lions Pharmacy\",\"description\":\"Farmacia especializada en naturopat\u00eda de Baden-Baden, Alemania\",\"publisher\":{\"@id\":\"https:\/\/loewentestneu.metafex.io\/es#organization\"},\"alternateName\":\"Lion Pharmacy\",\"potentialAction\":[{\"@type\":\"SearchAction\",\"target\":{\"@type\":\"EntryPoint\",\"urlTemplate\":\"https:\/\/loewentestneu.metafex.io\/es?s={search_term_string}\"},\"query-input\":{\"@type\":\"PropertyValueSpecification\",\"valueRequired\":true,\"valueName\":\"search_term_string\"}}],\"inLanguage\":\"es\"},{\"@type\":\"Organization\",\"@id\":\"https:\/\/loewentestneu.metafex.io\/es#organization\",\"name\":\"Lions Pharmacy\",\"alternateName\":\"Lions Pharmacy24\",\"url\":\"https:\/\/loewentestneu.metafex.io\/es\",\"logo\":{\"@type\":\"ImageObject\",\"inLanguage\":\"es\",\"@id\":\"https:\/\/loewentestneu.metafex.io\/es#\/schema\/logo\/image\/\",\"url\":\"https:\/\/loewentestneu.metafex.io\/wp-content\/uploads\/2022\/12\/Logo-Lion-Pharmacy-c-o-Loewen-Apotheke-smal.jpg\",\"contentUrl\":\"https:\/\/loewentestneu.metafex.io\/wp-content\/uploads\/2022\/12\/Logo-Lion-Pharmacy-c-o-Loewen-Apotheke-smal.jpg\",\"width\":298,\"height\":99,\"caption\":\"Lions Pharmacy\"},\"image\":{\"@id\":\"https:\/\/loewentestneu.metafex.io\/es#\/schema\/logo\/image\/\"}}]}<\/script>\n<!-- \/ Yoast SEO plugin. -->","yoast_head_json":{"title":"Kit Allergostop &#187; Ordene aqu\u00ed","description":"Una farmacia en l\u00ednea alemana registrada. Ofrecemos: Env\u00edo internacional r\u00e1pido con DHL. Producto fabricado por vitOrgan | Kit Allergostop","robots":{"index":"noindex","follow":"follow","max-snippet":"max-snippet:-1","max-image-preview":"max-image-preview:large","max-video-preview":"max-video-preview:-1"},"og_locale":"es_ES","og_type":"article","og_title":"Kit Allergostop &#187; Ordene aqu\u00ed","og_description":"Una farmacia en l\u00ednea alemana registrada. Ofrecemos: Env\u00edo internacional r\u00e1pido con DHL. Producto fabricado por vitOrgan | Kit Allergostop","og_url":"https:\/\/loewentestneu.metafex.io\/es\/producto\/allergostop-kit","og_site_name":"Lion Pharmacy","article_modified_time":"2025-01-25T14:39:52+00:00","og_image":[{"width":600,"height":600,"url":"https:\/\/loewentestneu.metafex.io\/wp-content\/uploads\/2025\/01\/Allergostop-Kit-von-vitOrgan-Arzneimittel.-PZN-11485182.-Lowen-Apotheke-Lions-Pharmacy.webp","type":"image\/webp"}],"twitter_card":"summary_large_image","twitter_misc":{"Tiempo de lectura":"1 minuto"},"schema":{"@context":"https:\/\/schema.org","@graph":[{"@type":"WebPage","@id":"https:\/\/loewentestneu.metafex.io\/es\/producto\/allergostop-kit","url":"https:\/\/loewentestneu.metafex.io\/es\/producto\/allergostop-kit","name":"Kit Allergostop &#187; Ordene aqu\u00ed","isPartOf":{"@id":"https:\/\/loewentestneu.metafex.io\/es#website"},"primaryImageOfPage":{"@id":"https:\/\/loewentestneu.metafex.io\/es\/producto\/allergostop-kit#primaryimage"},"image":{"@id":"https:\/\/loewentestneu.metafex.io\/es\/producto\/allergostop-kit#primaryimage"},"thumbnailUrl":"https:\/\/loewentestneu.metafex.io\/wp-content\/uploads\/2025\/01\/Allergostop-Kit-von-vitOrgan-Arzneimittel.-PZN-11485182.-Lowen-Apotheke-Lions-Pharmacy.webp","datePublished":"2025-01-15T10:27:28+00:00","dateModified":"2025-01-25T14:39:52+00:00","description":"Una farmacia en l\u00ednea alemana registrada. Ofrecemos: Env\u00edo internacional r\u00e1pido con DHL. Producto fabricado por vitOrgan | Kit Allergostop","breadcrumb":{"@id":"https:\/\/loewentestneu.metafex.io\/es\/producto\/allergostop-kit#breadcrumb"},"inLanguage":"es","potentialAction":[{"@type":"ReadAction","target":["https:\/\/loewentestneu.metafex.io\/es\/producto\/allergostop-kit"]}]},{"@type":"ImageObject","inLanguage":"es","@id":"https:\/\/loewentestneu.metafex.io\/es\/producto\/allergostop-kit#primaryimage","url":"https:\/\/loewentestneu.metafex.io\/wp-content\/uploads\/2025\/01\/Allergostop-Kit-von-vitOrgan-Arzneimittel.-PZN-11485182.-Lowen-Apotheke-Lions-Pharmacy.webp","contentUrl":"https:\/\/loewentestneu.metafex.io\/wp-content\/uploads\/2025\/01\/Allergostop-Kit-von-vitOrgan-Arzneimittel.-PZN-11485182.-Lowen-Apotheke-Lions-Pharmacy.webp","width":600,"height":600,"caption":"Allergostop-Kit von vitOrgan Arzneimittel. PZN 11485182. L\u00f6wen Apotheke - Farmacia de los Leones"},{"@type":"BreadcrumbList","@id":"https:\/\/loewentestneu.metafex.io\/es\/producto\/allergostop-kit#breadcrumb","itemListElement":[{"@type":"ListItem","position":1,"name":"Home","item":"https:\/\/loewentestneu.metafex.io\/es\/homepage-lion-pharmacy"},{"@type":"ListItem","position":2,"name":"Shop","item":"https:\/\/loewentestneu.metafex.io\/es\/tienda"},{"@type":"ListItem","position":3,"name":"Kit Allergostop"}]},{"@type":"WebSite","@id":"https:\/\/loewentestneu.metafex.io\/es#website","url":"https:\/\/loewentestneu.metafex.io\/es","name":"Lions Pharmacy","description":"Farmacia especializada en naturopat\u00eda de Baden-Baden, Alemania","publisher":{"@id":"https:\/\/loewentestneu.metafex.io\/es#organization"},"alternateName":"Lion Pharmacy","potentialAction":[{"@type":"SearchAction","target":{"@type":"EntryPoint","urlTemplate":"https:\/\/loewentestneu.metafex.io\/es?s={search_term_string}"},"query-input":{"@type":"PropertyValueSpecification","valueRequired":true,"valueName":"search_term_string"}}],"inLanguage":"es"},{"@type":"Organization","@id":"https:\/\/loewentestneu.metafex.io\/es#organization","name":"Lions Pharmacy","alternateName":"Lions Pharmacy24","url":"https:\/\/loewentestneu.metafex.io\/es","logo":{"@type":"ImageObject","inLanguage":"es","@id":"https:\/\/loewentestneu.metafex.io\/es#\/schema\/logo\/image\/","url":"https:\/\/loewentestneu.metafex.io\/wp-content\/uploads\/2022\/12\/Logo-Lion-Pharmacy-c-o-Loewen-Apotheke-smal.jpg","contentUrl":"https:\/\/loewentestneu.metafex.io\/wp-content\/uploads\/2022\/12\/Logo-Lion-Pharmacy-c-o-Loewen-Apotheke-smal.jpg","width":298,"height":99,"caption":"Lions Pharmacy"},"image":{"@id":"https:\/\/loewentestneu.metafex.io\/es#\/schema\/logo\/image\/"}}]}},"_links":{"self":[{"href":"https:\/\/loewentestneu.metafex.io\/es\/wp-json\/wp\/v2\/product\/8027","targetHints":{"allow":["GET"]}}],"collection":[{"href":"https:\/\/loewentestneu.metafex.io\/es\/wp-json\/wp\/v2\/product"}],"about":[{"href":"https:\/\/loewentestneu.metafex.io\/es\/wp-json\/wp\/v2\/types\/product"}],"replies":[{"embeddable":true,"href":"https:\/\/loewentestneu.metafex.io\/es\/wp-json\/wp\/v2\/comments?post=8027"}],"wp:featuredmedia":[{"embeddable":true,"href":"https:\/\/loewentestneu.metafex.io\/es\/wp-json\/wp\/v2\/media\/8033"}],"wp:attachment":[{"href":"https:\/\/loewentestneu.metafex.io\/es\/wp-json\/wp\/v2\/media?parent=8027"}],"wp:term":[{"taxonomy":"product_brand","embeddable":true,"href":"https:\/\/loewentestneu.metafex.io\/es\/wp-json\/wp\/v2\/product_brand?post=8027"},{"taxonomy":"product_cat","embeddable":true,"href":"https:\/\/loewentestneu.metafex.io\/es\/wp-json\/wp\/v2\/product_cat?post=8027"},{"taxonomy":"product_tag","embeddable":true,"href":"https:\/\/loewentestneu.metafex.io\/es\/wp-json\/wp\/v2\/product_tag?post=8027"}],"curies":[{"name":"wp","href":"https:\/\/api.w.org\/{rel}","templated":true}]}}