{"id":9054,"date":"2025-02-13T15:34:05","date_gmt":"2025-02-13T14:34:05","guid":{"rendered":"https:\/\/lions-pharmacy.com\/?post_type=product&#038;p=9054"},"modified":"2025-02-17T16:11:20","modified_gmt":"2025-02-17T15:11:20","slug":"orthomol-beauty-drink-ampouls-30-pc-14384895","status":"publish","type":"product","link":"https:\/\/loewentestneu.metafex.io\/es\/producto\/orthomol-beauty-drink-ampouls-30-pc-14384895","title":{"rendered":"Ampollas de bebida Orthomol Beauty (30 uds.)"},"content":{"rendered":"<h3>Orthomol Ampollas de bebida de belleza 30 uds.<\/h3>\n<p>Orthomol Beauty es la bebida de belleza que utiliza ingredientes seleccionados para potenciar la belleza de la piel desde el interior, de modo que pueda irradiar hacia el exterior. S\u00f3lo Orthomol Beauty combina col\u00e1geno y \u00e1cido hialur\u00f3nico con el complejo fitamina Q10, que combina valiosas vitaminas con la coenzima Q10 y el fitoextracto del fruto del olivo. Tambi\u00e9n contiene zinc, biotina y selenio para una piel bonita. Integra esta inyecci\u00f3n de belleza en tu ritual de belleza habitual y redefine tu belleza cada d\u00eda.<\/p>\n<p>Productos de Orthomol: Pioneros de la medicina nutricional ortomolecular en Alemania. La compa\u00f1\u00eda ha estado desarrollando y vendiendo dosis bien equilibradas de combinaciones de micronutrientes para diversas \u00e1reas de aplicaci\u00f3n durante m\u00e1s de 30 a\u00f1os. Estas son combinaciones de micronutrientes basadas en la medicina ortomolecular.<\/p>\n<p>Prospecto\/instrucciones de uso\/ficha t\u00e9cnica del art\u00edculo: &#8211; (lector de PDF)<\/p>\n<p>Otros productos para la aplicaci\u00f3n: <a href=\"https:\/\/loewentestneu.metafex.io\/product-tag\/vitamins-supplements\">Vitaminas y suplementos Productos<\/a><\/p>\n<p>Obtenga m\u00e1s informaci\u00f3n sobre manufactorer y este producto: <a href=\"https:\/\/www.orthomol.com\/de-de\/produkte\/schoenheit\/orthomol-hair-intense\" target=\"_blank\" rel=\"noopener\">orthomol<\/a> (enlace a sitio web externo)<\/p>\n<p>La informaci\u00f3n contenida en este sitio web se facilita \u00fanicamente con fines informativos. En ning\u00fan caso sustituyen al examen y tratamiento por un m\u00e9dico. Tenga en cuenta que esto significa que no se pueden hacer diagn\u00f3sticos ni iniciar terapias.<\/p>\n<p>Para conocer los riesgos y efectos secundarios, lea el prospecto y consulte a su m\u00e9dico o farmac\u00e9utico.<\/p>\n","protected":false},"excerpt":{"rendered":"<h3>Orthomol Ampollas de bebida de belleza 30 uds.<\/h3>\n<p>Orthomol Beauty es la bebida de belleza que utiliza ingredientes seleccionados para potenciar la belleza de la piel desde el interior, de modo que pueda irradiar hacia el exterior.<\/p>\n<p>&nbsp;<\/p>\n<p><strong>PZN<\/strong>: 14384895<\/p>\n<p><strong>Forma farmac\u00e9utica<\/strong>: ampollas<\/p>\n<p><strong>Tipo de receta<\/strong>: sin receta<\/p>\n<p><strong>Marca<\/strong>: orthomol<\/p>\n<p><strong>Fabricante<\/strong>: orthomol Arzneimittel GmbH, Alemania<\/p>\n","protected":false},"featured_media":9060,"comment_status":"closed","ping_status":"closed","template":"","meta":[],"product_brand":[],"product_cat":[759,125,116],"product_tag":[274,273,275,488,311,272],"class_list":{"0":"post-9054","1":"product","2":"type-product","3":"status-publish","4":"has-post-thumbnail","6":"product_cat-orthomol-es","7":"product_cat-sale-es","8":"product_cat-sin-categorizar","9":"product_tag-bienestar","10":"product_tag-control-de-peso","11":"product_tag-peso-y-forma-fisica","12":"product_tag-remedios-naturales","13":"product_tag-venta-mensual","14":"product_tag-vitaminas-y-suplementos","15":"ts_product_brand-all-es","16":"ts_product_brand-orthomol-es","18":"first","19":"instock","20":"sale","21":"featured","22":"taxable","23":"shipping-taxable","24":"purchasable","25":"product-type-simple"},"yoast_head":"<!-- This site is optimized with the Yoast SEO plugin v26.5 - https:\/\/yoast.com\/wordpress\/plugins\/seo\/ -->\n<title>Ampollas de bebida Orthomol Beauty (30 uds.) &#187; Lion Pharmacy &#187; Descubrir m\u00e1s<\/title>\n<meta name=\"description\" content=\"Farmacia en l\u00ednea alemana registrada. Ofrecemos cosm\u00e9ticos y remedios naturales. Descubre m\u00e1s &gt;Ampollas de bebida Orthomol Beauty (30 uds.)\" \/>\n<meta name=\"robots\" content=\"noindex, follow, max-snippet:-1, max-image-preview:large, max-video-preview:-1\" \/>\n<meta property=\"og:locale\" content=\"es_ES\" \/>\n<meta property=\"og:type\" content=\"article\" \/>\n<meta property=\"og:title\" content=\"Ampollas de bebida Orthomol Beauty (30 uds.) &#187; Lion Pharmacy &#187; Descubrir m\u00e1s\" \/>\n<meta property=\"og:description\" content=\"Farmacia en l\u00ednea alemana registrada. Ofrecemos cosm\u00e9ticos y remedios naturales. Descubre m\u00e1s &gt;Ampollas de bebida Orthomol Beauty (30 uds.)\" \/>\n<meta property=\"og:url\" content=\"https:\/\/loewentestneu.metafex.io\/es\/producto\/orthomol-beauty-drink-ampouls-30-pc-14384895\" \/>\n<meta property=\"og:site_name\" content=\"Lion Pharmacy\" \/>\n<meta property=\"article:modified_time\" content=\"2025-02-17T15:11:20+00:00\" \/>\n<meta property=\"og:image\" content=\"https:\/\/loewentestneu.metafex.io\/wp-content\/uploads\/2025\/02\/Orthomol-beauty-30-capsules-Orthomol-Lionspharmacy.webp\" \/>\n\t<meta property=\"og:image:width\" content=\"600\" \/>\n\t<meta property=\"og:image:height\" content=\"600\" \/>\n\t<meta property=\"og:image:type\" content=\"image\/webp\" \/>\n<meta name=\"twitter:card\" content=\"summary_large_image\" \/>\n<meta name=\"twitter:label1\" content=\"Tiempo de lectura\" \/>\n\t<meta name=\"twitter:data1\" content=\"1 minuto\" \/>\n<script type=\"application\/ld+json\" class=\"yoast-schema-graph\">{\"@context\":\"https:\/\/schema.org\",\"@graph\":[{\"@type\":\"WebPage\",\"@id\":\"https:\/\/loewentestneu.metafex.io\/es\/producto\/orthomol-beauty-drink-ampouls-30-pc-14384895\",\"url\":\"https:\/\/loewentestneu.metafex.io\/es\/producto\/orthomol-beauty-drink-ampouls-30-pc-14384895\",\"name\":\"Ampollas de bebida Orthomol Beauty (30 uds.) &#187; Lion Pharmacy &#187; Descubrir m\u00e1s\",\"isPartOf\":{\"@id\":\"https:\/\/loewentestneu.metafex.io\/es#website\"},\"primaryImageOfPage\":{\"@id\":\"https:\/\/loewentestneu.metafex.io\/es\/producto\/orthomol-beauty-drink-ampouls-30-pc-14384895#primaryimage\"},\"image\":{\"@id\":\"https:\/\/loewentestneu.metafex.io\/es\/producto\/orthomol-beauty-drink-ampouls-30-pc-14384895#primaryimage\"},\"thumbnailUrl\":\"https:\/\/loewentestneu.metafex.io\/wp-content\/uploads\/2025\/02\/Orthomol-beauty-30-capsules-Orthomol-Lionspharmacy.webp\",\"datePublished\":\"2025-02-13T14:34:05+00:00\",\"dateModified\":\"2025-02-17T15:11:20+00:00\",\"description\":\"Farmacia en l\u00ednea alemana registrada. Ofrecemos cosm\u00e9ticos y remedios naturales. Descubre m\u00e1s >Ampollas de bebida Orthomol Beauty (30 uds.)\",\"breadcrumb\":{\"@id\":\"https:\/\/loewentestneu.metafex.io\/es\/producto\/orthomol-beauty-drink-ampouls-30-pc-14384895#breadcrumb\"},\"inLanguage\":\"es\",\"potentialAction\":[{\"@type\":\"ReadAction\",\"target\":[\"https:\/\/loewentestneu.metafex.io\/es\/producto\/orthomol-beauty-drink-ampouls-30-pc-14384895\"]}]},{\"@type\":\"ImageObject\",\"inLanguage\":\"es\",\"@id\":\"https:\/\/loewentestneu.metafex.io\/es\/producto\/orthomol-beauty-drink-ampouls-30-pc-14384895#primaryimage\",\"url\":\"https:\/\/loewentestneu.metafex.io\/wp-content\/uploads\/2025\/02\/Orthomol-beauty-30-capsules-Orthomol-Lionspharmacy.webp\",\"contentUrl\":\"https:\/\/loewentestneu.metafex.io\/wp-content\/uploads\/2025\/02\/Orthomol-beauty-30-capsules-Orthomol-Lionspharmacy.webp\",\"width\":600,\"height\":600,\"caption\":\"Ortomol belleza-30 c\u00e1psulas-Ortomol-Lionspharmacy\"},{\"@type\":\"BreadcrumbList\",\"@id\":\"https:\/\/loewentestneu.metafex.io\/es\/producto\/orthomol-beauty-drink-ampouls-30-pc-14384895#breadcrumb\",\"itemListElement\":[{\"@type\":\"ListItem\",\"position\":1,\"name\":\"Home\",\"item\":\"https:\/\/loewentestneu.metafex.io\/es\/homepage-lion-pharmacy\"},{\"@type\":\"ListItem\",\"position\":2,\"name\":\"Shop\",\"item\":\"https:\/\/loewentestneu.metafex.io\/es\/tienda\"},{\"@type\":\"ListItem\",\"position\":3,\"name\":\"Ampollas de bebida Orthomol Beauty (30 uds.)\"}]},{\"@type\":\"WebSite\",\"@id\":\"https:\/\/loewentestneu.metafex.io\/es#website\",\"url\":\"https:\/\/loewentestneu.metafex.io\/es\",\"name\":\"Lions Pharmacy\",\"description\":\"Farmacia especializada en naturopat\u00eda de Baden-Baden, Alemania\",\"publisher\":{\"@id\":\"https:\/\/loewentestneu.metafex.io\/es#organization\"},\"alternateName\":\"Lion Pharmacy\",\"potentialAction\":[{\"@type\":\"SearchAction\",\"target\":{\"@type\":\"EntryPoint\",\"urlTemplate\":\"https:\/\/loewentestneu.metafex.io\/es?s={search_term_string}\"},\"query-input\":{\"@type\":\"PropertyValueSpecification\",\"valueRequired\":true,\"valueName\":\"search_term_string\"}}],\"inLanguage\":\"es\"},{\"@type\":\"Organization\",\"@id\":\"https:\/\/loewentestneu.metafex.io\/es#organization\",\"name\":\"Lions Pharmacy\",\"alternateName\":\"Lions Pharmacy24\",\"url\":\"https:\/\/loewentestneu.metafex.io\/es\",\"logo\":{\"@type\":\"ImageObject\",\"inLanguage\":\"es\",\"@id\":\"https:\/\/loewentestneu.metafex.io\/es#\/schema\/logo\/image\/\",\"url\":\"https:\/\/loewentestneu.metafex.io\/wp-content\/uploads\/2022\/12\/Logo-Lion-Pharmacy-c-o-Loewen-Apotheke-smal.jpg\",\"contentUrl\":\"https:\/\/loewentestneu.metafex.io\/wp-content\/uploads\/2022\/12\/Logo-Lion-Pharmacy-c-o-Loewen-Apotheke-smal.jpg\",\"width\":298,\"height\":99,\"caption\":\"Lions Pharmacy\"},\"image\":{\"@id\":\"https:\/\/loewentestneu.metafex.io\/es#\/schema\/logo\/image\/\"}}]}<\/script>\n<!-- \/ Yoast SEO plugin. -->","yoast_head_json":{"title":"Ampollas de bebida Orthomol Beauty (30 uds.) &#187; Lion Pharmacy &#187; Descubrir m\u00e1s","description":"Farmacia en l\u00ednea alemana registrada. Ofrecemos cosm\u00e9ticos y remedios naturales. Descubre m\u00e1s >Ampollas de bebida Orthomol Beauty (30 uds.)","robots":{"index":"noindex","follow":"follow","max-snippet":"max-snippet:-1","max-image-preview":"max-image-preview:large","max-video-preview":"max-video-preview:-1"},"og_locale":"es_ES","og_type":"article","og_title":"Ampollas de bebida Orthomol Beauty (30 uds.) &#187; Lion Pharmacy &#187; Descubrir m\u00e1s","og_description":"Farmacia en l\u00ednea alemana registrada. Ofrecemos cosm\u00e9ticos y remedios naturales. Descubre m\u00e1s >Ampollas de bebida Orthomol Beauty (30 uds.)","og_url":"https:\/\/loewentestneu.metafex.io\/es\/producto\/orthomol-beauty-drink-ampouls-30-pc-14384895","og_site_name":"Lion Pharmacy","article_modified_time":"2025-02-17T15:11:20+00:00","og_image":[{"width":600,"height":600,"url":"https:\/\/loewentestneu.metafex.io\/wp-content\/uploads\/2025\/02\/Orthomol-beauty-30-capsules-Orthomol-Lionspharmacy.webp","type":"image\/webp"}],"twitter_card":"summary_large_image","twitter_misc":{"Tiempo de lectura":"1 minuto"},"schema":{"@context":"https:\/\/schema.org","@graph":[{"@type":"WebPage","@id":"https:\/\/loewentestneu.metafex.io\/es\/producto\/orthomol-beauty-drink-ampouls-30-pc-14384895","url":"https:\/\/loewentestneu.metafex.io\/es\/producto\/orthomol-beauty-drink-ampouls-30-pc-14384895","name":"Ampollas de bebida Orthomol Beauty (30 uds.) &#187; Lion Pharmacy &#187; Descubrir m\u00e1s","isPartOf":{"@id":"https:\/\/loewentestneu.metafex.io\/es#website"},"primaryImageOfPage":{"@id":"https:\/\/loewentestneu.metafex.io\/es\/producto\/orthomol-beauty-drink-ampouls-30-pc-14384895#primaryimage"},"image":{"@id":"https:\/\/loewentestneu.metafex.io\/es\/producto\/orthomol-beauty-drink-ampouls-30-pc-14384895#primaryimage"},"thumbnailUrl":"https:\/\/loewentestneu.metafex.io\/wp-content\/uploads\/2025\/02\/Orthomol-beauty-30-capsules-Orthomol-Lionspharmacy.webp","datePublished":"2025-02-13T14:34:05+00:00","dateModified":"2025-02-17T15:11:20+00:00","description":"Farmacia en l\u00ednea alemana registrada. Ofrecemos cosm\u00e9ticos y remedios naturales. Descubre m\u00e1s >Ampollas de bebida Orthomol Beauty (30 uds.)","breadcrumb":{"@id":"https:\/\/loewentestneu.metafex.io\/es\/producto\/orthomol-beauty-drink-ampouls-30-pc-14384895#breadcrumb"},"inLanguage":"es","potentialAction":[{"@type":"ReadAction","target":["https:\/\/loewentestneu.metafex.io\/es\/producto\/orthomol-beauty-drink-ampouls-30-pc-14384895"]}]},{"@type":"ImageObject","inLanguage":"es","@id":"https:\/\/loewentestneu.metafex.io\/es\/producto\/orthomol-beauty-drink-ampouls-30-pc-14384895#primaryimage","url":"https:\/\/loewentestneu.metafex.io\/wp-content\/uploads\/2025\/02\/Orthomol-beauty-30-capsules-Orthomol-Lionspharmacy.webp","contentUrl":"https:\/\/loewentestneu.metafex.io\/wp-content\/uploads\/2025\/02\/Orthomol-beauty-30-capsules-Orthomol-Lionspharmacy.webp","width":600,"height":600,"caption":"Ortomol belleza-30 c\u00e1psulas-Ortomol-Lionspharmacy"},{"@type":"BreadcrumbList","@id":"https:\/\/loewentestneu.metafex.io\/es\/producto\/orthomol-beauty-drink-ampouls-30-pc-14384895#breadcrumb","itemListElement":[{"@type":"ListItem","position":1,"name":"Home","item":"https:\/\/loewentestneu.metafex.io\/es\/homepage-lion-pharmacy"},{"@type":"ListItem","position":2,"name":"Shop","item":"https:\/\/loewentestneu.metafex.io\/es\/tienda"},{"@type":"ListItem","position":3,"name":"Ampollas de bebida Orthomol Beauty (30 uds.)"}]},{"@type":"WebSite","@id":"https:\/\/loewentestneu.metafex.io\/es#website","url":"https:\/\/loewentestneu.metafex.io\/es","name":"Lions Pharmacy","description":"Farmacia especializada en naturopat\u00eda de Baden-Baden, Alemania","publisher":{"@id":"https:\/\/loewentestneu.metafex.io\/es#organization"},"alternateName":"Lion Pharmacy","potentialAction":[{"@type":"SearchAction","target":{"@type":"EntryPoint","urlTemplate":"https:\/\/loewentestneu.metafex.io\/es?s={search_term_string}"},"query-input":{"@type":"PropertyValueSpecification","valueRequired":true,"valueName":"search_term_string"}}],"inLanguage":"es"},{"@type":"Organization","@id":"https:\/\/loewentestneu.metafex.io\/es#organization","name":"Lions Pharmacy","alternateName":"Lions Pharmacy24","url":"https:\/\/loewentestneu.metafex.io\/es","logo":{"@type":"ImageObject","inLanguage":"es","@id":"https:\/\/loewentestneu.metafex.io\/es#\/schema\/logo\/image\/","url":"https:\/\/loewentestneu.metafex.io\/wp-content\/uploads\/2022\/12\/Logo-Lion-Pharmacy-c-o-Loewen-Apotheke-smal.jpg","contentUrl":"https:\/\/loewentestneu.metafex.io\/wp-content\/uploads\/2022\/12\/Logo-Lion-Pharmacy-c-o-Loewen-Apotheke-smal.jpg","width":298,"height":99,"caption":"Lions Pharmacy"},"image":{"@id":"https:\/\/loewentestneu.metafex.io\/es#\/schema\/logo\/image\/"}}]}},"_links":{"self":[{"href":"https:\/\/loewentestneu.metafex.io\/es\/wp-json\/wp\/v2\/product\/9054","targetHints":{"allow":["GET"]}}],"collection":[{"href":"https:\/\/loewentestneu.metafex.io\/es\/wp-json\/wp\/v2\/product"}],"about":[{"href":"https:\/\/loewentestneu.metafex.io\/es\/wp-json\/wp\/v2\/types\/product"}],"replies":[{"embeddable":true,"href":"https:\/\/loewentestneu.metafex.io\/es\/wp-json\/wp\/v2\/comments?post=9054"}],"wp:featuredmedia":[{"embeddable":true,"href":"https:\/\/loewentestneu.metafex.io\/es\/wp-json\/wp\/v2\/media\/9060"}],"wp:attachment":[{"href":"https:\/\/loewentestneu.metafex.io\/es\/wp-json\/wp\/v2\/media?parent=9054"}],"wp:term":[{"taxonomy":"product_brand","embeddable":true,"href":"https:\/\/loewentestneu.metafex.io\/es\/wp-json\/wp\/v2\/product_brand?post=9054"},{"taxonomy":"product_cat","embeddable":true,"href":"https:\/\/loewentestneu.metafex.io\/es\/wp-json\/wp\/v2\/product_cat?post=9054"},{"taxonomy":"product_tag","embeddable":true,"href":"https:\/\/loewentestneu.metafex.io\/es\/wp-json\/wp\/v2\/product_tag?post=9054"}],"curies":[{"name":"wp","href":"https:\/\/api.w.org\/{rel}","templated":true}]}}