{"id":9064,"date":"2025-02-13T16:04:53","date_gmt":"2025-02-13T15:04:53","guid":{"rendered":"https:\/\/lions-pharmacy.com\/?post_type=product&#038;p=9064"},"modified":"2025-02-17T14:29:47","modified_gmt":"2025-02-17T13:29:47","slug":"orthomol-chondroplus-granules-capsules-30-pc-18052351","status":"publish","type":"product","link":"https:\/\/loewentestneu.metafex.io\/es\/producto\/orthomol-chondroplus-granules-capsules-30-pc-18052351","title":{"rendered":"Orthomol condroplus gr\u00e1nulos\/c\u00e1psulas (30 uds.)"},"content":{"rendered":"<h3>Orthomol condroplus gr\u00e1nulos \/ c\u00e1psulas<\/h3>\n<p>Orthomol condroplus soporte para cart\u00edlagos y huesos. La vitamina C contribuye a la formaci\u00f3n normal de col\u00e1geno y al funcionamiento normal de cart\u00edlagos y huesos.<\/p>\n<ul>\n<li>Nutrientes para cart\u00edlagos y huesos<\/li>\n<li>Con sulfato de glucosamina, sulfato de condroitina, \u00e1cido hialur\u00f3nico e hidrolizado de col\u00e1geno<\/li>\n<li>Con sabor a naranja fresca<\/li>\n<\/ul>\n<p>Orthomol condroplus gr\u00e1nulos\/c\u00e1psulas. Remueve el contenido de un sobre en 150 &#8211; 200 ml de agua sin gas al d\u00eda y t\u00f3malo con las c\u00e1psulas durante o despu\u00e9s de la comida.<\/p>\n<p>Productos de Orthomol: Pioneros de la medicina nutricional ortomolecular en Alemania. La compa\u00f1\u00eda ha estado desarrollando y vendiendo dosis bien equilibradas de combinaciones de micronutrientes para diversas \u00e1reas de aplicaci\u00f3n durante m\u00e1s de 30 a\u00f1os. Estas son combinaciones de micronutrientes basadas en la medicina ortomolecular.<\/p>\n<p>Prospecto\/instrucciones de uso\/ficha t\u00e9cnica del envase: &#8211; (lector de PDF) e informaci\u00f3n alimentaria: &#8211; (lector de PDF).<\/p>\n<p>Otros productos para la aplicaci\u00f3n: <a href=\"https:\/\/loewentestneu.metafex.io\/product-tag\/vitamins-supplements\">Vitaminas y complementos<\/a> | <a href=\"https:\/\/loewentestneu.metafex.io\/product-tag\/natural-remedies\" rel=\"tag\">Remedios naturales<\/a> | <a href=\"https:\/\/loewentestneu.metafex.io\/product-tag\/wellness\" rel=\"tag\">Bienestar<\/a><\/p>\n<p>Obtenga m\u00e1s informaci\u00f3n sobre manufactorer y este producto: <a href=\"https:\/\/www.orthomol.com\/de-de\/produkte\/\" target=\"_blank\" rel=\"noopener\">orthomol<\/a> (enlace a sitio web externo)<\/p>\n<p>La informaci\u00f3n contenida en este sitio web se facilita \u00fanicamente con fines informativos. En ning\u00fan caso sustituyen al examen y tratamiento por un m\u00e9dico. Tenga en cuenta que esto significa que no se pueden hacer diagn\u00f3sticos ni iniciar terapias.<\/p>\n<p>Para conocer los riesgos y efectos secundarios, lea el prospecto y consulte a su m\u00e9dico o farmac\u00e9utico.<\/p>\n","protected":false},"excerpt":{"rendered":"<h3>Condroplus Orthomol<\/h3>\n<p>Apoyo a cart\u00edlagos y huesos, la vitamina C contribuye a la formaci\u00f3n normal de col\u00e1geno y al funcionamiento normal de cart\u00edlagos y huesos.<\/p>\n<p>&nbsp;<\/p>\n<p><strong>PZN<\/strong>: 18052351<\/p>\n<p><strong>Forma farmac\u00e9utica<\/strong>: gr\u00e1nulos\/c\u00e1psulas<\/p>\n<p><strong>Tipo de receta<\/strong>: sin receta<\/p>\n<p><strong>Marca<\/strong>: orthomol<\/p>\n<p><strong>Fabricante<\/strong>: orthomol Arzneimittel GmbH, Alemania<\/p>\n","protected":false},"featured_media":9070,"comment_status":"closed","ping_status":"closed","template":"","meta":[],"product_brand":[],"product_cat":[116],"product_tag":[274,490,275,272],"class_list":{"0":"post-9064","1":"product","2":"type-product","3":"status-publish","4":"has-post-thumbnail","6":"product_cat-sin-categorizar","7":"product_tag-bienestar","8":"product_tag-ingrediente-activo-a-base-de-hierbas","9":"product_tag-peso-y-forma-fisica","10":"product_tag-vitaminas-y-suplementos","11":"ts_product_brand-all-es","12":"ts_product_brand-orthomol-es","14":"first","15":"instock","16":"sale","17":"taxable","18":"shipping-taxable","19":"purchasable","20":"product-type-simple"},"yoast_head":"<!-- This site is optimized with the Yoast SEO plugin v26.5 - https:\/\/yoast.com\/wordpress\/plugins\/seo\/ -->\n<title>Orthomol condroplus gr\u00e1nulos\/c\u00e1psulas (30 uds.) &#187; Descubre m\u00e1s<\/title>\n<meta name=\"description\" content=\"Fabricante: Orthomol. M\u00e1s informaci\u00f3n sobre Orthomol condroplus gr\u00e1nulos\/c\u00e1psulas (30 uds.). Te ofrecemos: Env\u00edo r\u00e1pido y compra segura en l\u00ednea.\" \/>\n<meta name=\"robots\" content=\"noindex, follow, max-snippet:-1, max-image-preview:large, max-video-preview:-1\" \/>\n<meta property=\"og:locale\" content=\"es_ES\" \/>\n<meta property=\"og:type\" content=\"article\" \/>\n<meta property=\"og:title\" content=\"Orthomol condroplus gr\u00e1nulos\/c\u00e1psulas (30 uds.) &#187; Descubre m\u00e1s\" \/>\n<meta property=\"og:description\" content=\"Fabricante: Orthomol. M\u00e1s informaci\u00f3n sobre Orthomol condroplus gr\u00e1nulos\/c\u00e1psulas (30 uds.). Te ofrecemos: Env\u00edo r\u00e1pido y compra segura en l\u00ednea.\" \/>\n<meta property=\"og:url\" content=\"https:\/\/loewentestneu.metafex.io\/es\/producto\/orthomol-chondroplus-granules-capsules-30-pc-18052351\" \/>\n<meta property=\"og:site_name\" content=\"Lion Pharmacy\" \/>\n<meta property=\"article:modified_time\" content=\"2025-02-17T13:29:47+00:00\" \/>\n<meta property=\"og:image\" content=\"https:\/\/loewentestneu.metafex.io\/wp-content\/uploads\/2025\/02\/Orthomol-Chondroplus-Granulat-Kapseln-30-St.webp\" \/>\n\t<meta property=\"og:image:width\" content=\"500\" \/>\n\t<meta property=\"og:image:height\" content=\"500\" \/>\n\t<meta property=\"og:image:type\" content=\"image\/webp\" \/>\n<meta name=\"twitter:card\" content=\"summary_large_image\" \/>\n<meta name=\"twitter:label1\" content=\"Tiempo de lectura\" \/>\n\t<meta name=\"twitter:data1\" content=\"1 minuto\" \/>\n<script type=\"application\/ld+json\" class=\"yoast-schema-graph\">{\"@context\":\"https:\/\/schema.org\",\"@graph\":[{\"@type\":\"WebPage\",\"@id\":\"https:\/\/loewentestneu.metafex.io\/es\/producto\/orthomol-chondroplus-granules-capsules-30-pc-18052351\",\"url\":\"https:\/\/loewentestneu.metafex.io\/es\/producto\/orthomol-chondroplus-granules-capsules-30-pc-18052351\",\"name\":\"Orthomol condroplus gr\u00e1nulos\/c\u00e1psulas (30 uds.) &#187; Descubre m\u00e1s\",\"isPartOf\":{\"@id\":\"https:\/\/loewentestneu.metafex.io\/es#website\"},\"primaryImageOfPage\":{\"@id\":\"https:\/\/loewentestneu.metafex.io\/es\/producto\/orthomol-chondroplus-granules-capsules-30-pc-18052351#primaryimage\"},\"image\":{\"@id\":\"https:\/\/loewentestneu.metafex.io\/es\/producto\/orthomol-chondroplus-granules-capsules-30-pc-18052351#primaryimage\"},\"thumbnailUrl\":\"https:\/\/loewentestneu.metafex.io\/wp-content\/uploads\/2025\/02\/Orthomol-Chondroplus-Granulat-Kapseln-30-St.webp\",\"datePublished\":\"2025-02-13T15:04:53+00:00\",\"dateModified\":\"2025-02-17T13:29:47+00:00\",\"description\":\"Fabricante: Orthomol. M\u00e1s informaci\u00f3n sobre Orthomol condroplus gr\u00e1nulos\/c\u00e1psulas (30 uds.). Te ofrecemos: Env\u00edo r\u00e1pido y compra segura en l\u00ednea.\",\"breadcrumb\":{\"@id\":\"https:\/\/loewentestneu.metafex.io\/es\/producto\/orthomol-chondroplus-granules-capsules-30-pc-18052351#breadcrumb\"},\"inLanguage\":\"es\",\"potentialAction\":[{\"@type\":\"ReadAction\",\"target\":[\"https:\/\/loewentestneu.metafex.io\/es\/producto\/orthomol-chondroplus-granules-capsules-30-pc-18052351\"]}]},{\"@type\":\"ImageObject\",\"inLanguage\":\"es\",\"@id\":\"https:\/\/loewentestneu.metafex.io\/es\/producto\/orthomol-chondroplus-granules-capsules-30-pc-18052351#primaryimage\",\"url\":\"https:\/\/loewentestneu.metafex.io\/wp-content\/uploads\/2025\/02\/Orthomol-Chondroplus-Granulat-Kapseln-30-St.webp\",\"contentUrl\":\"https:\/\/loewentestneu.metafex.io\/wp-content\/uploads\/2025\/02\/Orthomol-Chondroplus-Granulat-Kapseln-30-St.webp\",\"width\":500,\"height\":500,\"caption\":\"Orthomol-Condroplus-Granulat-Kapseln-30-St\"},{\"@type\":\"BreadcrumbList\",\"@id\":\"https:\/\/loewentestneu.metafex.io\/es\/producto\/orthomol-chondroplus-granules-capsules-30-pc-18052351#breadcrumb\",\"itemListElement\":[{\"@type\":\"ListItem\",\"position\":1,\"name\":\"Home\",\"item\":\"https:\/\/loewentestneu.metafex.io\/es\/homepage-lion-pharmacy\"},{\"@type\":\"ListItem\",\"position\":2,\"name\":\"Shop\",\"item\":\"https:\/\/loewentestneu.metafex.io\/es\/tienda\"},{\"@type\":\"ListItem\",\"position\":3,\"name\":\"Orthomol condroplus gr\u00e1nulos\/c\u00e1psulas (30 uds.)\"}]},{\"@type\":\"WebSite\",\"@id\":\"https:\/\/loewentestneu.metafex.io\/es#website\",\"url\":\"https:\/\/loewentestneu.metafex.io\/es\",\"name\":\"Lions Pharmacy\",\"description\":\"Farmacia especializada en naturopat\u00eda de Baden-Baden, Alemania\",\"publisher\":{\"@id\":\"https:\/\/loewentestneu.metafex.io\/es#organization\"},\"alternateName\":\"Lion Pharmacy\",\"potentialAction\":[{\"@type\":\"SearchAction\",\"target\":{\"@type\":\"EntryPoint\",\"urlTemplate\":\"https:\/\/loewentestneu.metafex.io\/es?s={search_term_string}\"},\"query-input\":{\"@type\":\"PropertyValueSpecification\",\"valueRequired\":true,\"valueName\":\"search_term_string\"}}],\"inLanguage\":\"es\"},{\"@type\":\"Organization\",\"@id\":\"https:\/\/loewentestneu.metafex.io\/es#organization\",\"name\":\"Lions Pharmacy\",\"alternateName\":\"Lions Pharmacy24\",\"url\":\"https:\/\/loewentestneu.metafex.io\/es\",\"logo\":{\"@type\":\"ImageObject\",\"inLanguage\":\"es\",\"@id\":\"https:\/\/loewentestneu.metafex.io\/es#\/schema\/logo\/image\/\",\"url\":\"https:\/\/loewentestneu.metafex.io\/wp-content\/uploads\/2022\/12\/Logo-Lion-Pharmacy-c-o-Loewen-Apotheke-smal.jpg\",\"contentUrl\":\"https:\/\/loewentestneu.metafex.io\/wp-content\/uploads\/2022\/12\/Logo-Lion-Pharmacy-c-o-Loewen-Apotheke-smal.jpg\",\"width\":298,\"height\":99,\"caption\":\"Lions Pharmacy\"},\"image\":{\"@id\":\"https:\/\/loewentestneu.metafex.io\/es#\/schema\/logo\/image\/\"}}]}<\/script>\n<!-- \/ Yoast SEO plugin. -->","yoast_head_json":{"title":"Orthomol condroplus gr\u00e1nulos\/c\u00e1psulas (30 uds.) &#187; Descubre m\u00e1s","description":"Fabricante: Orthomol. M\u00e1s informaci\u00f3n sobre Orthomol condroplus gr\u00e1nulos\/c\u00e1psulas (30 uds.). Te ofrecemos: Env\u00edo r\u00e1pido y compra segura en l\u00ednea.","robots":{"index":"noindex","follow":"follow","max-snippet":"max-snippet:-1","max-image-preview":"max-image-preview:large","max-video-preview":"max-video-preview:-1"},"og_locale":"es_ES","og_type":"article","og_title":"Orthomol condroplus gr\u00e1nulos\/c\u00e1psulas (30 uds.) &#187; Descubre m\u00e1s","og_description":"Fabricante: Orthomol. M\u00e1s informaci\u00f3n sobre Orthomol condroplus gr\u00e1nulos\/c\u00e1psulas (30 uds.). Te ofrecemos: Env\u00edo r\u00e1pido y compra segura en l\u00ednea.","og_url":"https:\/\/loewentestneu.metafex.io\/es\/producto\/orthomol-chondroplus-granules-capsules-30-pc-18052351","og_site_name":"Lion Pharmacy","article_modified_time":"2025-02-17T13:29:47+00:00","og_image":[{"width":500,"height":500,"url":"https:\/\/loewentestneu.metafex.io\/wp-content\/uploads\/2025\/02\/Orthomol-Chondroplus-Granulat-Kapseln-30-St.webp","type":"image\/webp"}],"twitter_card":"summary_large_image","twitter_misc":{"Tiempo de lectura":"1 minuto"},"schema":{"@context":"https:\/\/schema.org","@graph":[{"@type":"WebPage","@id":"https:\/\/loewentestneu.metafex.io\/es\/producto\/orthomol-chondroplus-granules-capsules-30-pc-18052351","url":"https:\/\/loewentestneu.metafex.io\/es\/producto\/orthomol-chondroplus-granules-capsules-30-pc-18052351","name":"Orthomol condroplus gr\u00e1nulos\/c\u00e1psulas (30 uds.) &#187; Descubre m\u00e1s","isPartOf":{"@id":"https:\/\/loewentestneu.metafex.io\/es#website"},"primaryImageOfPage":{"@id":"https:\/\/loewentestneu.metafex.io\/es\/producto\/orthomol-chondroplus-granules-capsules-30-pc-18052351#primaryimage"},"image":{"@id":"https:\/\/loewentestneu.metafex.io\/es\/producto\/orthomol-chondroplus-granules-capsules-30-pc-18052351#primaryimage"},"thumbnailUrl":"https:\/\/loewentestneu.metafex.io\/wp-content\/uploads\/2025\/02\/Orthomol-Chondroplus-Granulat-Kapseln-30-St.webp","datePublished":"2025-02-13T15:04:53+00:00","dateModified":"2025-02-17T13:29:47+00:00","description":"Fabricante: Orthomol. M\u00e1s informaci\u00f3n sobre Orthomol condroplus gr\u00e1nulos\/c\u00e1psulas (30 uds.). Te ofrecemos: Env\u00edo r\u00e1pido y compra segura en l\u00ednea.","breadcrumb":{"@id":"https:\/\/loewentestneu.metafex.io\/es\/producto\/orthomol-chondroplus-granules-capsules-30-pc-18052351#breadcrumb"},"inLanguage":"es","potentialAction":[{"@type":"ReadAction","target":["https:\/\/loewentestneu.metafex.io\/es\/producto\/orthomol-chondroplus-granules-capsules-30-pc-18052351"]}]},{"@type":"ImageObject","inLanguage":"es","@id":"https:\/\/loewentestneu.metafex.io\/es\/producto\/orthomol-chondroplus-granules-capsules-30-pc-18052351#primaryimage","url":"https:\/\/loewentestneu.metafex.io\/wp-content\/uploads\/2025\/02\/Orthomol-Chondroplus-Granulat-Kapseln-30-St.webp","contentUrl":"https:\/\/loewentestneu.metafex.io\/wp-content\/uploads\/2025\/02\/Orthomol-Chondroplus-Granulat-Kapseln-30-St.webp","width":500,"height":500,"caption":"Orthomol-Condroplus-Granulat-Kapseln-30-St"},{"@type":"BreadcrumbList","@id":"https:\/\/loewentestneu.metafex.io\/es\/producto\/orthomol-chondroplus-granules-capsules-30-pc-18052351#breadcrumb","itemListElement":[{"@type":"ListItem","position":1,"name":"Home","item":"https:\/\/loewentestneu.metafex.io\/es\/homepage-lion-pharmacy"},{"@type":"ListItem","position":2,"name":"Shop","item":"https:\/\/loewentestneu.metafex.io\/es\/tienda"},{"@type":"ListItem","position":3,"name":"Orthomol condroplus gr\u00e1nulos\/c\u00e1psulas (30 uds.)"}]},{"@type":"WebSite","@id":"https:\/\/loewentestneu.metafex.io\/es#website","url":"https:\/\/loewentestneu.metafex.io\/es","name":"Lions Pharmacy","description":"Farmacia especializada en naturopat\u00eda de Baden-Baden, Alemania","publisher":{"@id":"https:\/\/loewentestneu.metafex.io\/es#organization"},"alternateName":"Lion Pharmacy","potentialAction":[{"@type":"SearchAction","target":{"@type":"EntryPoint","urlTemplate":"https:\/\/loewentestneu.metafex.io\/es?s={search_term_string}"},"query-input":{"@type":"PropertyValueSpecification","valueRequired":true,"valueName":"search_term_string"}}],"inLanguage":"es"},{"@type":"Organization","@id":"https:\/\/loewentestneu.metafex.io\/es#organization","name":"Lions Pharmacy","alternateName":"Lions Pharmacy24","url":"https:\/\/loewentestneu.metafex.io\/es","logo":{"@type":"ImageObject","inLanguage":"es","@id":"https:\/\/loewentestneu.metafex.io\/es#\/schema\/logo\/image\/","url":"https:\/\/loewentestneu.metafex.io\/wp-content\/uploads\/2022\/12\/Logo-Lion-Pharmacy-c-o-Loewen-Apotheke-smal.jpg","contentUrl":"https:\/\/loewentestneu.metafex.io\/wp-content\/uploads\/2022\/12\/Logo-Lion-Pharmacy-c-o-Loewen-Apotheke-smal.jpg","width":298,"height":99,"caption":"Lions Pharmacy"},"image":{"@id":"https:\/\/loewentestneu.metafex.io\/es#\/schema\/logo\/image\/"}}]}},"_links":{"self":[{"href":"https:\/\/loewentestneu.metafex.io\/es\/wp-json\/wp\/v2\/product\/9064","targetHints":{"allow":["GET"]}}],"collection":[{"href":"https:\/\/loewentestneu.metafex.io\/es\/wp-json\/wp\/v2\/product"}],"about":[{"href":"https:\/\/loewentestneu.metafex.io\/es\/wp-json\/wp\/v2\/types\/product"}],"replies":[{"embeddable":true,"href":"https:\/\/loewentestneu.metafex.io\/es\/wp-json\/wp\/v2\/comments?post=9064"}],"wp:featuredmedia":[{"embeddable":true,"href":"https:\/\/loewentestneu.metafex.io\/es\/wp-json\/wp\/v2\/media\/9070"}],"wp:attachment":[{"href":"https:\/\/loewentestneu.metafex.io\/es\/wp-json\/wp\/v2\/media?parent=9064"}],"wp:term":[{"taxonomy":"product_brand","embeddable":true,"href":"https:\/\/loewentestneu.metafex.io\/es\/wp-json\/wp\/v2\/product_brand?post=9064"},{"taxonomy":"product_cat","embeddable":true,"href":"https:\/\/loewentestneu.metafex.io\/es\/wp-json\/wp\/v2\/product_cat?post=9064"},{"taxonomy":"product_tag","embeddable":true,"href":"https:\/\/loewentestneu.metafex.io\/es\/wp-json\/wp\/v2\/product_tag?post=9064"}],"curies":[{"name":"wp","href":"https:\/\/api.w.org\/{rel}","templated":true}]}}