{"id":9172,"date":"2025-02-15T07:27:44","date_gmt":"2025-02-15T06:27:44","guid":{"rendered":"https:\/\/lions-pharmacy.com\/?post_type=product&#038;p=9172"},"modified":"2025-04-01T19:35:16","modified_gmt":"2025-04-01T18:35:16","slug":"pascorbin-infusion-set-solution-for-injection-saline-accessories-10-units","status":"publish","type":"product","link":"https:\/\/loewentestneu.metafex.io\/es\/producto\/pascorbin-infusion-set-solution-for-injection-saline-accessories-10-units","title":{"rendered":"Equipo de Infusi\u00f3n PASCORBIN: Soluci\u00f3n inyectable salina, Accesorios (10 unidades)"},"content":{"rendered":"<h2>Set de Infusi\u00f3n PASCORBIN &#8211; Infusi\u00f3n de Vitamina C. (Vitamina C Injectopas)<\/h2>\n<p>La Infusi\u00f3n Pascorbin, infusi\u00f3n de Vitimane C, es un conjunto completo formado por unidades individuales a juego del fabricante Pascoe y B.Braun. En un conjunto pr\u00e1ctico para realizar el tratamiento directamente.<\/p>\n<p>10x Pascorbin 7,5g 50ml &#8211; PZN 581310<br \/>\n10x soluci\u00f3n salina 0,9% 500ml &#8211; de PZN 08609255<br \/>\n10x Conjunto de transferencia Transofix &#8211; PZN 03033218<br \/>\n10x Equipo de infusi\u00f3n Intrafix Air P &#8211; PZN 07666297<br \/>\n10x Venofix Safety G21 Verde &#8211; 17935338<\/p>\n<p>Nuestro Equipo completo de infusi\u00f3n Pascorbin incluye los accesorios adecuados para 10 infusiones \/ unidades Pascorbin. Ahorra hasta un 30% en comparaci\u00f3n con los precios individuales.<\/p>\n<p>Contiene, entre otras cosas PASCORBIN\u00ae soluci\u00f3n inyectable &#8211; \u00c1cido asc\u00f3rbico soluci\u00f3n inyectable &#8211; Para uso en adultos y ni\u00f1os.<\/p>\n<p>\u00c9sta es la \u00fanica infusi\u00f3n de altas dosis de vitamina C aprobada en Alemania y otros pa\u00edses europeos. Pascorbin\u00ae entra directamente en el torrente sangu\u00edneo y proporciona vitamina C inmediatamente. Para el tratamiento de las carencias cl\u00ednicas de vitamina C que no pueden remediarse mediante la nutrici\u00f3n ni sustituirse por v\u00eda oral.<\/p>\n<p>Pascorbin &#8211; Ingrediente activo: \u00c1cido asc\u00f3rbico<\/p>\n<p>Puede haber una carencia grave de vitamina C en\/despu\u00e9s de:<\/p>\n<p>infecciones agudas y cr\u00f3nicas<br \/>\ndieta desequilibrada<br \/>\nenfermedades inflamatorias cr\u00f3nicas, como la artritis<br \/>\nfatiga cr\u00f3nica<br \/>\nTrastornos de absorci\u00f3n en el intestino<br \/>\nOperaciones<br \/>\nFumadores<br \/>\nReducci\u00f3n del rendimiento f\u00edsico<br \/>\nmayor agotamiento e irritabilidad<br \/>\nReducci\u00f3n de la resistencia a las infecciones<\/p>\n<p>No se autotrate con inyecciones.<br \/>\nLa terapia de inyecci\u00f3n debe ser administrada por un profesional en una pr\u00e1ctica.<\/p>\n<p>La cartera de Pascoe incluye alrededor de 200 productos. Estos incluyen hierbas medicinales, preparaciones vitam\u00ednicas en dosis altas, remedios complejos homeop\u00e1ticos y suplementos diet\u00e9ticos. La variedad de medicamentos tiene en cuenta los complejos requisitos de los productos sanitarios. Nuestro \u00e9xito tambi\u00e9n nos da la raz\u00f3n a nivel internacional: nuestros productos se exportan a m\u00e1s de 30 pa\u00edses de todo el mundo, y la tendencia va en aumento.<\/p>\n<p>Otros productos para la aplicaci\u00f3n: <a href=\"https:\/\/loewentestneu.metafex.io\/product-tag\/homeopathy\">Homeopat\u00eda<\/a> | <a href=\"https:\/\/loewentestneu.metafex.io\/product-tag\/vitamins-supplements\">Vitaminas<\/a> | <a href=\"https:\/\/loewentestneu.metafex.io\/product-tag\/virus-infection\">Infecciones <\/a> <\/p>\n<p>Obtenga m\u00e1s informaci\u00f3n sobre manufactorer y este producto: <a href=\"https:\/\/www.pascoe.de\/\" target=\"_blank\" rel=\"noopener\">Pascoe pharmazeutische Pr\u00e4parate GmbH<\/a> (enlace al sitio web externo)<\/p>\n<p>La informaci\u00f3n contenida en este sitio web se facilita \u00fanicamente con fines informativos. En ning\u00fan caso sustituyen al examen y tratamiento por un m\u00e9dico. Tenga en cuenta que esto significa que no se pueden hacer diagn\u00f3sticos ni iniciar terapias.<\/p>\n<p>Para conocer los riesgos y efectos secundarios, lea el prospecto y consulte a su m\u00e9dico o farmac\u00e9utico.<\/p>\n","protected":false},"excerpt":{"rendered":"<h2>Set de infusi\u00f3n PASCORBIN (Vitamina C Injectopas)<\/h2>\n<p>Infusi\u00f3n de vitamina C. Soluci\u00f3n inyectable salina, accesorios.<\/p>\n<p>10x Pascorbin 7,5g 50ml &#8211; PZN 581310 &#8211; Vitamina C Injectopas 7,5 g<br \/>\n10x soluci\u00f3n salina 0,9% 500ml &#8211; de PZN 08609255<br \/>\n10x Conjunto de transferencia Transofix &#8211; PZN 03033218<br \/>\n10x Equipo de infusi\u00f3n Intrafix Air P &#8211; PZN 07666297<br \/>\n10x Venofix Safety G21 Verde &#8211; 17935338<\/p>\n<p><strong>Tipo de receta<\/strong>: sin receta<\/p>\n<p><strong>Fabricante<\/strong>: Pascoe pharmazeutische Pr\u00e4parate GmbH<\/p>\n","protected":false},"featured_media":9178,"comment_status":"closed","ping_status":"closed","template":"","meta":[],"product_brand":[],"product_cat":[564,601,116],"product_tag":[274,299,517,308,272],"class_list":{"0":"post-9172","1":"product","2":"type-product","3":"status-publish","4":"has-post-thumbnail","6":"product_cat-ofertas-exclusivas","7":"product_cat-pascoe-es","8":"product_cat-sin-categorizar","9":"product_tag-bienestar","10":"product_tag-concentracion-y-estres","11":"product_tag-corona-y-defensa-inmune","12":"product_tag-homeopatia","13":"product_tag-vitaminas-y-suplementos","14":"ts_product_brand-all-es","15":"ts_product_brand-pascoe-es","17":"first","18":"instock","19":"sale","20":"taxable","21":"shipping-taxable","22":"purchasable","23":"product-type-simple"},"yoast_head":"<!-- This site is optimized with the Yoast SEO plugin v26.5 - https:\/\/yoast.com\/wordpress\/plugins\/seo\/ -->\n<title>Equipo de Infusi\u00f3n PASCORBIN: Soluci\u00f3n inyectable (10 unidades)<\/title>\n<meta name=\"description\" content=\"Farmacia alemana registrada. Env\u00edo internacional r\u00e1pido. M\u00e1s informaci\u00f3n sobre Pascoe. Infusi\u00f3n de Vitamina C, Equipo de Infusi\u00f3n PASCORBIN: Soluci\u00f3n inyectable\" \/>\n<meta name=\"robots\" content=\"noindex, follow, max-snippet:-1, max-image-preview:large, max-video-preview:-1\" \/>\n<meta property=\"og:locale\" content=\"es_ES\" \/>\n<meta property=\"og:type\" content=\"article\" \/>\n<meta property=\"og:title\" content=\"Equipo de Infusi\u00f3n PASCORBIN: Soluci\u00f3n inyectable (10 unidades)\" \/>\n<meta property=\"og:description\" content=\"Farmacia alemana registrada. Env\u00edo internacional r\u00e1pido. M\u00e1s informaci\u00f3n sobre Pascoe. Infusi\u00f3n de Vitamina C, Equipo de Infusi\u00f3n PASCORBIN: Soluci\u00f3n inyectable\" \/>\n<meta property=\"og:url\" content=\"https:\/\/loewentestneu.metafex.io\/es\/producto\/pascorbin-infusion-set-solution-for-injection-saline-accessories-10-units\" \/>\n<meta property=\"og:site_name\" content=\"Lion Pharmacy\" \/>\n<meta property=\"article:modified_time\" content=\"2025-04-01T18:35:16+00:00\" \/>\n<meta property=\"og:image\" content=\"https:\/\/loewentestneu.metafex.io\/wp-content\/uploads\/2025\/02\/Pascorbin-Infusion-Set-Vitamine-C-infusion-Pasoe.webp\" \/>\n\t<meta property=\"og:image:width\" content=\"600\" \/>\n\t<meta property=\"og:image:height\" content=\"600\" \/>\n\t<meta property=\"og:image:type\" content=\"image\/webp\" \/>\n<meta name=\"twitter:card\" content=\"summary_large_image\" \/>\n<meta name=\"twitter:label1\" content=\"Tiempo de lectura\" \/>\n\t<meta name=\"twitter:data1\" content=\"2 minutos\" \/>\n<script type=\"application\/ld+json\" class=\"yoast-schema-graph\">{\"@context\":\"https:\/\/schema.org\",\"@graph\":[{\"@type\":\"WebPage\",\"@id\":\"https:\/\/loewentestneu.metafex.io\/es\/producto\/pascorbin-infusion-set-solution-for-injection-saline-accessories-10-units\",\"url\":\"https:\/\/loewentestneu.metafex.io\/es\/producto\/pascorbin-infusion-set-solution-for-injection-saline-accessories-10-units\",\"name\":\"Equipo de Infusi\u00f3n PASCORBIN: Soluci\u00f3n inyectable (10 unidades)\",\"isPartOf\":{\"@id\":\"https:\/\/loewentestneu.metafex.io\/es#website\"},\"primaryImageOfPage\":{\"@id\":\"https:\/\/loewentestneu.metafex.io\/es\/producto\/pascorbin-infusion-set-solution-for-injection-saline-accessories-10-units#primaryimage\"},\"image\":{\"@id\":\"https:\/\/loewentestneu.metafex.io\/es\/producto\/pascorbin-infusion-set-solution-for-injection-saline-accessories-10-units#primaryimage\"},\"thumbnailUrl\":\"https:\/\/loewentestneu.metafex.io\/wp-content\/uploads\/2025\/02\/Pascorbin-Infusion-Set-Vitamine-C-infusion-Pasoe.webp\",\"datePublished\":\"2025-02-15T06:27:44+00:00\",\"dateModified\":\"2025-04-01T18:35:16+00:00\",\"description\":\"Farmacia alemana registrada. Env\u00edo internacional r\u00e1pido. M\u00e1s informaci\u00f3n sobre Pascoe. Infusi\u00f3n de Vitamina C, Equipo de Infusi\u00f3n PASCORBIN: Soluci\u00f3n inyectable\",\"breadcrumb\":{\"@id\":\"https:\/\/loewentestneu.metafex.io\/es\/producto\/pascorbin-infusion-set-solution-for-injection-saline-accessories-10-units#breadcrumb\"},\"inLanguage\":\"es\",\"potentialAction\":[{\"@type\":\"ReadAction\",\"target\":[\"https:\/\/loewentestneu.metafex.io\/es\/producto\/pascorbin-infusion-set-solution-for-injection-saline-accessories-10-units\"]}]},{\"@type\":\"ImageObject\",\"inLanguage\":\"es\",\"@id\":\"https:\/\/loewentestneu.metafex.io\/es\/producto\/pascorbin-infusion-set-solution-for-injection-saline-accessories-10-units#primaryimage\",\"url\":\"https:\/\/loewentestneu.metafex.io\/wp-content\/uploads\/2025\/02\/Pascorbin-Infusion-Set-Vitamine-C-infusion-Pasoe.webp\",\"contentUrl\":\"https:\/\/loewentestneu.metafex.io\/wp-content\/uploads\/2025\/02\/Pascorbin-Infusion-Set-Vitamine-C-infusion-Pasoe.webp\",\"width\":600,\"height\":600,\"caption\":\"Un Set para Infusi\u00f3n Pascorbin, infusi\u00f3n de Vitamina C de Pascoe y B.Braun\"},{\"@type\":\"BreadcrumbList\",\"@id\":\"https:\/\/loewentestneu.metafex.io\/es\/producto\/pascorbin-infusion-set-solution-for-injection-saline-accessories-10-units#breadcrumb\",\"itemListElement\":[{\"@type\":\"ListItem\",\"position\":1,\"name\":\"Home\",\"item\":\"https:\/\/loewentestneu.metafex.io\/es\/homepage-lion-pharmacy\"},{\"@type\":\"ListItem\",\"position\":2,\"name\":\"Shop\",\"item\":\"https:\/\/loewentestneu.metafex.io\/es\/tienda\"},{\"@type\":\"ListItem\",\"position\":3,\"name\":\"Equipo de Infusi\u00f3n PASCORBIN: Soluci\u00f3n inyectable salina, Accesorios (10 unidades)\"}]},{\"@type\":\"WebSite\",\"@id\":\"https:\/\/loewentestneu.metafex.io\/es#website\",\"url\":\"https:\/\/loewentestneu.metafex.io\/es\",\"name\":\"Lions Pharmacy\",\"description\":\"Farmacia especializada en naturopat\u00eda de Baden-Baden, Alemania\",\"publisher\":{\"@id\":\"https:\/\/loewentestneu.metafex.io\/es#organization\"},\"alternateName\":\"Lion Pharmacy\",\"potentialAction\":[{\"@type\":\"SearchAction\",\"target\":{\"@type\":\"EntryPoint\",\"urlTemplate\":\"https:\/\/loewentestneu.metafex.io\/es?s={search_term_string}\"},\"query-input\":{\"@type\":\"PropertyValueSpecification\",\"valueRequired\":true,\"valueName\":\"search_term_string\"}}],\"inLanguage\":\"es\"},{\"@type\":\"Organization\",\"@id\":\"https:\/\/loewentestneu.metafex.io\/es#organization\",\"name\":\"Lions Pharmacy\",\"alternateName\":\"Lions Pharmacy24\",\"url\":\"https:\/\/loewentestneu.metafex.io\/es\",\"logo\":{\"@type\":\"ImageObject\",\"inLanguage\":\"es\",\"@id\":\"https:\/\/loewentestneu.metafex.io\/es#\/schema\/logo\/image\/\",\"url\":\"https:\/\/loewentestneu.metafex.io\/wp-content\/uploads\/2022\/12\/Logo-Lion-Pharmacy-c-o-Loewen-Apotheke-smal.jpg\",\"contentUrl\":\"https:\/\/loewentestneu.metafex.io\/wp-content\/uploads\/2022\/12\/Logo-Lion-Pharmacy-c-o-Loewen-Apotheke-smal.jpg\",\"width\":298,\"height\":99,\"caption\":\"Lions Pharmacy\"},\"image\":{\"@id\":\"https:\/\/loewentestneu.metafex.io\/es#\/schema\/logo\/image\/\"}}]}<\/script>\n<!-- \/ Yoast SEO plugin. -->","yoast_head_json":{"title":"Equipo de Infusi\u00f3n PASCORBIN: Soluci\u00f3n inyectable (10 unidades)","description":"Farmacia alemana registrada. Env\u00edo internacional r\u00e1pido. M\u00e1s informaci\u00f3n sobre Pascoe. Infusi\u00f3n de Vitamina C, Equipo de Infusi\u00f3n PASCORBIN: Soluci\u00f3n inyectable","robots":{"index":"noindex","follow":"follow","max-snippet":"max-snippet:-1","max-image-preview":"max-image-preview:large","max-video-preview":"max-video-preview:-1"},"og_locale":"es_ES","og_type":"article","og_title":"Equipo de Infusi\u00f3n PASCORBIN: Soluci\u00f3n inyectable (10 unidades)","og_description":"Farmacia alemana registrada. Env\u00edo internacional r\u00e1pido. M\u00e1s informaci\u00f3n sobre Pascoe. Infusi\u00f3n de Vitamina C, Equipo de Infusi\u00f3n PASCORBIN: Soluci\u00f3n inyectable","og_url":"https:\/\/loewentestneu.metafex.io\/es\/producto\/pascorbin-infusion-set-solution-for-injection-saline-accessories-10-units","og_site_name":"Lion Pharmacy","article_modified_time":"2025-04-01T18:35:16+00:00","og_image":[{"width":600,"height":600,"url":"https:\/\/loewentestneu.metafex.io\/wp-content\/uploads\/2025\/02\/Pascorbin-Infusion-Set-Vitamine-C-infusion-Pasoe.webp","type":"image\/webp"}],"twitter_card":"summary_large_image","twitter_misc":{"Tiempo de lectura":"2 minutos"},"schema":{"@context":"https:\/\/schema.org","@graph":[{"@type":"WebPage","@id":"https:\/\/loewentestneu.metafex.io\/es\/producto\/pascorbin-infusion-set-solution-for-injection-saline-accessories-10-units","url":"https:\/\/loewentestneu.metafex.io\/es\/producto\/pascorbin-infusion-set-solution-for-injection-saline-accessories-10-units","name":"Equipo de Infusi\u00f3n PASCORBIN: Soluci\u00f3n inyectable (10 unidades)","isPartOf":{"@id":"https:\/\/loewentestneu.metafex.io\/es#website"},"primaryImageOfPage":{"@id":"https:\/\/loewentestneu.metafex.io\/es\/producto\/pascorbin-infusion-set-solution-for-injection-saline-accessories-10-units#primaryimage"},"image":{"@id":"https:\/\/loewentestneu.metafex.io\/es\/producto\/pascorbin-infusion-set-solution-for-injection-saline-accessories-10-units#primaryimage"},"thumbnailUrl":"https:\/\/loewentestneu.metafex.io\/wp-content\/uploads\/2025\/02\/Pascorbin-Infusion-Set-Vitamine-C-infusion-Pasoe.webp","datePublished":"2025-02-15T06:27:44+00:00","dateModified":"2025-04-01T18:35:16+00:00","description":"Farmacia alemana registrada. Env\u00edo internacional r\u00e1pido. M\u00e1s informaci\u00f3n sobre Pascoe. Infusi\u00f3n de Vitamina C, Equipo de Infusi\u00f3n PASCORBIN: Soluci\u00f3n inyectable","breadcrumb":{"@id":"https:\/\/loewentestneu.metafex.io\/es\/producto\/pascorbin-infusion-set-solution-for-injection-saline-accessories-10-units#breadcrumb"},"inLanguage":"es","potentialAction":[{"@type":"ReadAction","target":["https:\/\/loewentestneu.metafex.io\/es\/producto\/pascorbin-infusion-set-solution-for-injection-saline-accessories-10-units"]}]},{"@type":"ImageObject","inLanguage":"es","@id":"https:\/\/loewentestneu.metafex.io\/es\/producto\/pascorbin-infusion-set-solution-for-injection-saline-accessories-10-units#primaryimage","url":"https:\/\/loewentestneu.metafex.io\/wp-content\/uploads\/2025\/02\/Pascorbin-Infusion-Set-Vitamine-C-infusion-Pasoe.webp","contentUrl":"https:\/\/loewentestneu.metafex.io\/wp-content\/uploads\/2025\/02\/Pascorbin-Infusion-Set-Vitamine-C-infusion-Pasoe.webp","width":600,"height":600,"caption":"Un Set para Infusi\u00f3n Pascorbin, infusi\u00f3n de Vitamina C de Pascoe y B.Braun"},{"@type":"BreadcrumbList","@id":"https:\/\/loewentestneu.metafex.io\/es\/producto\/pascorbin-infusion-set-solution-for-injection-saline-accessories-10-units#breadcrumb","itemListElement":[{"@type":"ListItem","position":1,"name":"Home","item":"https:\/\/loewentestneu.metafex.io\/es\/homepage-lion-pharmacy"},{"@type":"ListItem","position":2,"name":"Shop","item":"https:\/\/loewentestneu.metafex.io\/es\/tienda"},{"@type":"ListItem","position":3,"name":"Equipo de Infusi\u00f3n PASCORBIN: Soluci\u00f3n inyectable salina, Accesorios (10 unidades)"}]},{"@type":"WebSite","@id":"https:\/\/loewentestneu.metafex.io\/es#website","url":"https:\/\/loewentestneu.metafex.io\/es","name":"Lions Pharmacy","description":"Farmacia especializada en naturopat\u00eda de Baden-Baden, Alemania","publisher":{"@id":"https:\/\/loewentestneu.metafex.io\/es#organization"},"alternateName":"Lion Pharmacy","potentialAction":[{"@type":"SearchAction","target":{"@type":"EntryPoint","urlTemplate":"https:\/\/loewentestneu.metafex.io\/es?s={search_term_string}"},"query-input":{"@type":"PropertyValueSpecification","valueRequired":true,"valueName":"search_term_string"}}],"inLanguage":"es"},{"@type":"Organization","@id":"https:\/\/loewentestneu.metafex.io\/es#organization","name":"Lions Pharmacy","alternateName":"Lions Pharmacy24","url":"https:\/\/loewentestneu.metafex.io\/es","logo":{"@type":"ImageObject","inLanguage":"es","@id":"https:\/\/loewentestneu.metafex.io\/es#\/schema\/logo\/image\/","url":"https:\/\/loewentestneu.metafex.io\/wp-content\/uploads\/2022\/12\/Logo-Lion-Pharmacy-c-o-Loewen-Apotheke-smal.jpg","contentUrl":"https:\/\/loewentestneu.metafex.io\/wp-content\/uploads\/2022\/12\/Logo-Lion-Pharmacy-c-o-Loewen-Apotheke-smal.jpg","width":298,"height":99,"caption":"Lions Pharmacy"},"image":{"@id":"https:\/\/loewentestneu.metafex.io\/es#\/schema\/logo\/image\/"}}]}},"_links":{"self":[{"href":"https:\/\/loewentestneu.metafex.io\/es\/wp-json\/wp\/v2\/product\/9172","targetHints":{"allow":["GET"]}}],"collection":[{"href":"https:\/\/loewentestneu.metafex.io\/es\/wp-json\/wp\/v2\/product"}],"about":[{"href":"https:\/\/loewentestneu.metafex.io\/es\/wp-json\/wp\/v2\/types\/product"}],"replies":[{"embeddable":true,"href":"https:\/\/loewentestneu.metafex.io\/es\/wp-json\/wp\/v2\/comments?post=9172"}],"wp:featuredmedia":[{"embeddable":true,"href":"https:\/\/loewentestneu.metafex.io\/es\/wp-json\/wp\/v2\/media\/9178"}],"wp:attachment":[{"href":"https:\/\/loewentestneu.metafex.io\/es\/wp-json\/wp\/v2\/media?parent=9172"}],"wp:term":[{"taxonomy":"product_brand","embeddable":true,"href":"https:\/\/loewentestneu.metafex.io\/es\/wp-json\/wp\/v2\/product_brand?post=9172"},{"taxonomy":"product_cat","embeddable":true,"href":"https:\/\/loewentestneu.metafex.io\/es\/wp-json\/wp\/v2\/product_cat?post=9172"},{"taxonomy":"product_tag","embeddable":true,"href":"https:\/\/loewentestneu.metafex.io\/es\/wp-json\/wp\/v2\/product_tag?post=9172"}],"curies":[{"name":"wp","href":"https:\/\/api.w.org\/{rel}","templated":true}]}}